{"id":59942,"date":"2025-10-20T16:24:29","date_gmt":"2025-10-20T13:24:29","guid":{"rendered":"https:\/\/malinashop.lt\/?post_type=product&#038;p=59942"},"modified":"2026-02-12T12:37:16","modified_gmt":"2026-02-12T09:37:16","slug":"linea-home-lemon-grass-namu-kvapu-difuzorius-250ml","status":"publish","type":"product","link":"https:\/\/www.malinashop.lt\/lt_lt\/shop\/linea-home-lemon-grass-namu-kvapu-difuzorius-250ml\/","title":{"rendered":"LINEA HOME LEMON GRASS nam\u0173 kvap\u0173 difuzorius, 250ml"},"content":{"rendered":"<p data-start=\"339\" data-end=\"651\"><strong data-start=\"339\" data-end=\"365\">LINEA HOME Lemon Grass<\/strong> nam\u0173 kvap\u0173 difuzorius \u2013 tai <strong data-start=\"394\" data-end=\"430\">gaivumo ir gyvybingumo pli\u016bpsnis<\/strong>, kuris pripildo namus \u0161viesos, \u0161varos ir nat\u016bralaus energijos poj\u016b\u010dio.<br data-start=\"501\" data-end=\"504\" \/>\u0160is aromatas tarsi <strong data-start=\"523\" data-end=\"548\">\u0161velnus vasaros v\u0117jas<\/strong> \u2013 suteikia lengvumo, skaidrumo ir ramyb\u0117s poj\u016bt\u012f, tod\u0117l puikiai tinka tiek poilsiui, tiek kasdienai.<\/p>\n<p data-start=\"653\" data-end=\"942\">Kvapo prad\u017eioje juntamos <strong data-start=\"678\" data-end=\"695\">citrus\u0173 natos<\/strong>, kurios \u012fne\u0161a gaivos ir \u0161varos poj\u016bt\u012f.<br data-start=\"734\" data-end=\"737\" \/>Vidurin\u0117je dalyje skleid\u017eiasi <strong data-start=\"767\" data-end=\"779\">jazminas<\/strong>, suteikiantis kvapui subtilios elegancijos ir \u0161ilumos.<br data-start=\"834\" data-end=\"837\" \/>Kompozicij\u0105 u\u017ebaigia <strong data-start=\"858\" data-end=\"869\">verbena<\/strong>, suteikianti \u0161veln\u0173, \u017eolynin\u012f akcent\u0105 ir u\u017etikrinanti aromato balans\u0105.<\/p>\n<p data-start=\"944\" data-end=\"1052\">Tai <strong data-start=\"948\" data-end=\"1052\">puikus pasirinkimas tiems, kurie vertina nat\u016bral\u0173 \u0161varos jausm\u0105 ir gaivi\u0105, pozityvi\u0105 nam\u0173 atmosfer\u0105.<\/strong><\/p>\n<hr data-start=\"1054\" data-end=\"1057\" \/>\n<h3 data-start=\"1059\" data-end=\"1083\"><strong data-start=\"1063\" data-end=\"1081\">Kvap\u0173 sud\u0117tis:<\/strong><\/h3>\n<ul data-start=\"1084\" data-end=\"1183\">\n<li data-start=\"1084\" data-end=\"1118\">\n<p data-start=\"1086\" data-end=\"1118\"><strong data-start=\"1086\" data-end=\"1107\">Vir\u0161utin\u0117s natos:<\/strong> citrusai<\/p>\n<\/li>\n<li data-start=\"1119\" data-end=\"1152\">\n<p data-start=\"1121\" data-end=\"1152\"><strong data-start=\"1121\" data-end=\"1141\">Vidurin\u0117s natos:<\/strong> jazminas<\/p>\n<\/li>\n<li data-start=\"1153\" data-end=\"1183\">\n<p data-start=\"1155\" data-end=\"1183\"><strong data-start=\"1155\" data-end=\"1173\">Bazin\u0117s natos:<\/strong> verbena<\/p>\n<\/li>\n<\/ul>\n<hr data-start=\"1185\" data-end=\"1188\" \/>\n<h3 data-start=\"1190\" data-end=\"1211\"><strong data-start=\"1194\" data-end=\"1209\">Naudojimas:<\/strong><\/h3>\n<p data-start=\"1212\" data-end=\"1463\">Nuimkite buteliuko dangtel\u012f ir \u012fmerkite kvap\u0173 lazdeles \u012f buteliuk\u0105. Norint i\u0161laikyti aromato intensyvum\u0105, <strong data-start=\"1318\" data-end=\"1353\">periodi\u0161kai apverskite lazdeles<\/strong>. Produkt\u0105 statykite ant stabilaus pavir\u0161iaus, atokiau nuo tiesiogini\u0173 saul\u0117s spinduli\u0173 ar \u0161ilumos \u0161altini\u0173.<\/p>\n<hr data-start=\"1465\" data-end=\"1468\" \/>\n<h3 data-start=\"1470\" data-end=\"1499\"><strong data-start=\"1474\" data-end=\"1497\">Pagaminta Italijoje<\/strong><\/h3>\n<p data-start=\"1500\" data-end=\"1632\">Visi <strong data-start=\"1505\" data-end=\"1519\">LINEA HOME<\/strong> nam\u0173 kvapai \u2013 difuzoriai <strong data-start=\"1545\" data-end=\"1568\">pagaminti Italijoje<\/strong>, u\u017etikrinant <strong data-start=\"1582\" data-end=\"1632\">auk\u0161t\u0105 kokyb\u0119, \u0161var\u0173 aromat\u0105 ir ilgaam\u017ei\u0161kum\u0105.<\/strong><\/p>\n","protected":false},"excerpt":{"rendered":"<p><strong data-start=\"114\" data-end=\"140\">LINEA HOME Lemon Grass<\/strong> \u2013 gaivus, energizuojantis ir \u0161varos kupinas aromatas su <strong data-start=\"197\" data-end=\"229\">citrus\u0173, jazmino ir verbenos<\/strong> natomis. Sukuria lengvumo ir pozityvios energijos atmosfer\u0105 j\u016bs\u0173 namuose.<\/p>\n","protected":false},"featured_media":59943,"template":"","meta":[],"product_brand":[1362],"product_cat":[1140,573],"product_tag":[1608],"class_list":{"0":"post-59942","1":"product","2":"type-product","3":"status-publish","4":"has-post-thumbnail","6":"product_brand-linea-35","7":"product_cat-namu-kvapai","8":"product_cat-namu-kvapai-2","9":"product_tag-linea35","11":"first","12":"instock","13":"sale","14":"taxable","15":"shipping-taxable","16":"purchasable","17":"product-type-simple"},"yoast_head":"<!-- This site is optimized with the Yoast SEO plugin v27.4 - https:\/\/yoast.com\/product\/yoast-seo-wordpress\/ -->\n<title>LINEA HOME LEMON GRASS nam\u0173 kvap\u0173 difuzorius, 250ml - MalinaShop.lt J\u016bs\u0173 sveikatai ir gro\u017eiui.<\/title>\n<meta name=\"description\" content=\"LINEA HOME Lemon Grass \u2013 itali\u0161kas nam\u0173 kvapas su citrus\u0173, jazmino ir verbenos natomis. Gaivus, energizuojantis aromatas \u0161varos ir lengvumo jausmui.\" \/>\n<meta name=\"robots\" content=\"index, follow, max-snippet:-1, max-image-preview:large, max-video-preview:-1\" \/>\n<link rel=\"canonical\" href=\"https:\/\/www.malinashop.lt\/lt_lt\/shop\/linea-home-lemon-grass-namu-kvapu-difuzorius-250ml\/\" \/>\n<meta property=\"og:locale\" content=\"lt_LT\" \/>\n<meta property=\"og:type\" content=\"article\" \/>\n<meta property=\"og:title\" content=\"LINEA HOME LEMON GRASS nam\u0173 kvap\u0173 difuzorius, 250ml - MalinaShop.lt J\u016bs\u0173 sveikatai ir gro\u017eiui.\" \/>\n<meta property=\"og:description\" content=\"LINEA HOME Lemon Grass \u2013 itali\u0161kas nam\u0173 kvapas su citrus\u0173, jazmino ir verbenos natomis. Gaivus, energizuojantis aromatas \u0161varos ir lengvumo jausmui.\" \/>\n<meta property=\"og:url\" content=\"https:\/\/www.malinashop.lt\/lt_lt\/shop\/linea-home-lemon-grass-namu-kvapu-difuzorius-250ml\/\" \/>\n<meta property=\"og:site_name\" content=\"MalinaShop.lt J\u016bs\u0173 sveikatai ir gro\u017eiui.\" \/>\n<meta property=\"article:modified_time\" content=\"2026-02-12T09:37:16+00:00\" \/>\n<meta property=\"og:image\" content=\"https:\/\/www.malinashop.lt\/wp-content\/uploads\/2025\/10\/LINEA-HOME-LEMON-GRASS-namu-kvapu-difuzorius-250ml.webp\" \/>\n\t<meta property=\"og:image:width\" content=\"990\" \/>\n\t<meta property=\"og:image:height\" content=\"990\" \/>\n\t<meta property=\"og:image:type\" content=\"image\/webp\" \/>\n<meta name=\"twitter:card\" content=\"summary_large_image\" \/>\n<script type=\"application\/ld+json\" class=\"yoast-schema-graph\">{\"@context\":\"https:\\\/\\\/schema.org\",\"@graph\":[{\"@type\":\"WebPage\",\"@id\":\"https:\\\/\\\/www.malinashop.lt\\\/shop\\\/linea-home-lemon-grass-namu-kvapu-difuzorius-250ml\\\/\",\"url\":\"https:\\\/\\\/www.malinashop.lt\\\/shop\\\/linea-home-lemon-grass-namu-kvapu-difuzorius-250ml\\\/\",\"name\":\"LINEA HOME LEMON GRASS nam\u0173 kvap\u0173 difuzorius, 250ml - MalinaShop.lt J\u016bs\u0173 sveikatai ir gro\u017eiui.\",\"isPartOf\":{\"@id\":\"https:\\\/\\\/www.malinashop.lt\\\/#website\"},\"primaryImageOfPage\":{\"@id\":\"https:\\\/\\\/www.malinashop.lt\\\/shop\\\/linea-home-lemon-grass-namu-kvapu-difuzorius-250ml\\\/#primaryimage\"},\"image\":{\"@id\":\"https:\\\/\\\/www.malinashop.lt\\\/shop\\\/linea-home-lemon-grass-namu-kvapu-difuzorius-250ml\\\/#primaryimage\"},\"thumbnailUrl\":\"https:\\\/\\\/www.malinashop.lt\\\/wp-content\\\/uploads\\\/2025\\\/10\\\/LINEA-HOME-LEMON-GRASS-namu-kvapu-difuzorius-250ml.webp\",\"datePublished\":\"2025-10-20T13:24:29+00:00\",\"dateModified\":\"2026-02-12T09:37:16+00:00\",\"description\":\"LINEA HOME Lemon Grass \u2013 itali\u0161kas nam\u0173 kvapas su citrus\u0173, jazmino ir verbenos natomis. Gaivus, energizuojantis aromatas \u0161varos ir lengvumo jausmui.\",\"breadcrumb\":{\"@id\":\"https:\\\/\\\/www.malinashop.lt\\\/shop\\\/linea-home-lemon-grass-namu-kvapu-difuzorius-250ml\\\/#breadcrumb\"},\"inLanguage\":\"lt-LT\",\"potentialAction\":[{\"@type\":\"ReadAction\",\"target\":[\"https:\\\/\\\/www.malinashop.lt\\\/shop\\\/linea-home-lemon-grass-namu-kvapu-difuzorius-250ml\\\/\"]}]},{\"@type\":\"ImageObject\",\"inLanguage\":\"lt-LT\",\"@id\":\"https:\\\/\\\/www.malinashop.lt\\\/shop\\\/linea-home-lemon-grass-namu-kvapu-difuzorius-250ml\\\/#primaryimage\",\"url\":\"https:\\\/\\\/www.malinashop.lt\\\/wp-content\\\/uploads\\\/2025\\\/10\\\/LINEA-HOME-LEMON-GRASS-namu-kvapu-difuzorius-250ml.webp\",\"contentUrl\":\"https:\\\/\\\/www.malinashop.lt\\\/wp-content\\\/uploads\\\/2025\\\/10\\\/LINEA-HOME-LEMON-GRASS-namu-kvapu-difuzorius-250ml.webp\",\"width\":990,\"height\":990},{\"@type\":\"BreadcrumbList\",\"@id\":\"https:\\\/\\\/www.malinashop.lt\\\/shop\\\/linea-home-lemon-grass-namu-kvapu-difuzorius-250ml\\\/#breadcrumb\",\"itemListElement\":[{\"@type\":\"ListItem\",\"position\":1,\"name\":\"Pagrindinis\",\"item\":\"https:\\\/\\\/www.malinashop.lt\\\/\"},{\"@type\":\"ListItem\",\"position\":2,\"name\":\"Parduotuv\u0117\",\"item\":\"https:\\\/\\\/www.malinashop.lt\\\/en\\\/parduotuve\\\/\"},{\"@type\":\"ListItem\",\"position\":3,\"name\":\"LINEA HOME LEMON GRASS nam\u0173 kvap\u0173 difuzorius, 250ml\"}]},{\"@type\":\"WebSite\",\"@id\":\"https:\\\/\\\/www.malinashop.lt\\\/#website\",\"url\":\"https:\\\/\\\/www.malinashop.lt\\\/\",\"name\":\"COM Group Ecommerce\",\"description\":\"MalinaShop.lt - Gro\u017eio ir sveikatos produktai i\u0161 patikim\u0173 preki\u0173 \u017eenkl\u0173. Atraskite auk\u0161tos kokyb\u0117s kosmetik\u0105 u\u017e puiki\u0105 kain\u0105.\",\"publisher\":{\"@id\":\"https:\\\/\\\/www.malinashop.lt\\\/#organization\"},\"potentialAction\":[{\"@type\":\"SearchAction\",\"target\":{\"@type\":\"EntryPoint\",\"urlTemplate\":\"https:\\\/\\\/www.malinashop.lt\\\/?s={search_term_string}\"},\"query-input\":{\"@type\":\"PropertyValueSpecification\",\"valueRequired\":true,\"valueName\":\"search_term_string\"}}],\"inLanguage\":\"lt-LT\"},{\"@type\":\"Organization\",\"@id\":\"https:\\\/\\\/www.malinashop.lt\\\/#organization\",\"name\":\"COM Group Ecommerce\",\"url\":\"https:\\\/\\\/www.malinashop.lt\\\/\",\"logo\":{\"@type\":\"ImageObject\",\"inLanguage\":\"lt-LT\",\"@id\":\"https:\\\/\\\/www.malinashop.lt\\\/#\\\/schema\\\/logo\\\/image\\\/\",\"url\":\"https:\\\/\\\/www.malinashop.lt\\\/wp-content\\\/uploads\\\/2024\\\/08\\\/462559670_3787732518133670_9795632669273463_n-e1731525914575.png\",\"contentUrl\":\"https:\\\/\\\/www.malinashop.lt\\\/wp-content\\\/uploads\\\/2024\\\/08\\\/462559670_3787732518133670_9795632669273463_n-e1731525914575.png\",\"width\":180,\"height\":60,\"caption\":\"COM Group Ecommerce\"},\"image\":{\"@id\":\"https:\\\/\\\/www.malinashop.lt\\\/#\\\/schema\\\/logo\\\/image\\\/\"}}]}<\/script>\n<!-- \/ Yoast SEO plugin. -->","yoast_head_json":{"title":"LINEA HOME LEMON GRASS nam\u0173 kvap\u0173 difuzorius, 250ml - MalinaShop.lt J\u016bs\u0173 sveikatai ir gro\u017eiui.","description":"LINEA HOME Lemon Grass \u2013 itali\u0161kas nam\u0173 kvapas su citrus\u0173, jazmino ir verbenos natomis. Gaivus, energizuojantis aromatas \u0161varos ir lengvumo jausmui.","robots":{"index":"index","follow":"follow","max-snippet":"max-snippet:-1","max-image-preview":"max-image-preview:large","max-video-preview":"max-video-preview:-1"},"canonical":"https:\/\/www.malinashop.lt\/lt_lt\/shop\/linea-home-lemon-grass-namu-kvapu-difuzorius-250ml\/","og_locale":"lt_LT","og_type":"article","og_title":"LINEA HOME LEMON GRASS nam\u0173 kvap\u0173 difuzorius, 250ml - MalinaShop.lt J\u016bs\u0173 sveikatai ir gro\u017eiui.","og_description":"LINEA HOME Lemon Grass \u2013 itali\u0161kas nam\u0173 kvapas su citrus\u0173, jazmino ir verbenos natomis. Gaivus, energizuojantis aromatas \u0161varos ir lengvumo jausmui.","og_url":"https:\/\/www.malinashop.lt\/lt_lt\/shop\/linea-home-lemon-grass-namu-kvapu-difuzorius-250ml\/","og_site_name":"MalinaShop.lt J\u016bs\u0173 sveikatai ir gro\u017eiui.","article_modified_time":"2026-02-12T09:37:16+00:00","og_image":[{"width":990,"height":990,"url":"https:\/\/www.malinashop.lt\/wp-content\/uploads\/2025\/10\/LINEA-HOME-LEMON-GRASS-namu-kvapu-difuzorius-250ml.webp","type":"image\/webp"}],"twitter_card":"summary_large_image","schema":{"@context":"https:\/\/schema.org","@graph":[{"@type":"WebPage","@id":"https:\/\/www.malinashop.lt\/shop\/linea-home-lemon-grass-namu-kvapu-difuzorius-250ml\/","url":"https:\/\/www.malinashop.lt\/shop\/linea-home-lemon-grass-namu-kvapu-difuzorius-250ml\/","name":"LINEA HOME LEMON GRASS nam\u0173 kvap\u0173 difuzorius, 250ml - MalinaShop.lt J\u016bs\u0173 sveikatai ir gro\u017eiui.","isPartOf":{"@id":"https:\/\/www.malinashop.lt\/#website"},"primaryImageOfPage":{"@id":"https:\/\/www.malinashop.lt\/shop\/linea-home-lemon-grass-namu-kvapu-difuzorius-250ml\/#primaryimage"},"image":{"@id":"https:\/\/www.malinashop.lt\/shop\/linea-home-lemon-grass-namu-kvapu-difuzorius-250ml\/#primaryimage"},"thumbnailUrl":"https:\/\/www.malinashop.lt\/wp-content\/uploads\/2025\/10\/LINEA-HOME-LEMON-GRASS-namu-kvapu-difuzorius-250ml.webp","datePublished":"2025-10-20T13:24:29+00:00","dateModified":"2026-02-12T09:37:16+00:00","description":"LINEA HOME Lemon Grass \u2013 itali\u0161kas nam\u0173 kvapas su citrus\u0173, jazmino ir verbenos natomis. Gaivus, energizuojantis aromatas \u0161varos ir lengvumo jausmui.","breadcrumb":{"@id":"https:\/\/www.malinashop.lt\/shop\/linea-home-lemon-grass-namu-kvapu-difuzorius-250ml\/#breadcrumb"},"inLanguage":"lt-LT","potentialAction":[{"@type":"ReadAction","target":["https:\/\/www.malinashop.lt\/shop\/linea-home-lemon-grass-namu-kvapu-difuzorius-250ml\/"]}]},{"@type":"ImageObject","inLanguage":"lt-LT","@id":"https:\/\/www.malinashop.lt\/shop\/linea-home-lemon-grass-namu-kvapu-difuzorius-250ml\/#primaryimage","url":"https:\/\/www.malinashop.lt\/wp-content\/uploads\/2025\/10\/LINEA-HOME-LEMON-GRASS-namu-kvapu-difuzorius-250ml.webp","contentUrl":"https:\/\/www.malinashop.lt\/wp-content\/uploads\/2025\/10\/LINEA-HOME-LEMON-GRASS-namu-kvapu-difuzorius-250ml.webp","width":990,"height":990},{"@type":"BreadcrumbList","@id":"https:\/\/www.malinashop.lt\/shop\/linea-home-lemon-grass-namu-kvapu-difuzorius-250ml\/#breadcrumb","itemListElement":[{"@type":"ListItem","position":1,"name":"Pagrindinis","item":"https:\/\/www.malinashop.lt\/"},{"@type":"ListItem","position":2,"name":"Parduotuv\u0117","item":"https:\/\/www.malinashop.lt\/en\/parduotuve\/"},{"@type":"ListItem","position":3,"name":"LINEA HOME LEMON GRASS nam\u0173 kvap\u0173 difuzorius, 250ml"}]},{"@type":"WebSite","@id":"https:\/\/www.malinashop.lt\/#website","url":"https:\/\/www.malinashop.lt\/","name":"COM Group Ecommerce","description":"MalinaShop.lt - Gro\u017eio ir sveikatos produktai i\u0161 patikim\u0173 preki\u0173 \u017eenkl\u0173. Atraskite auk\u0161tos kokyb\u0117s kosmetik\u0105 u\u017e puiki\u0105 kain\u0105.","publisher":{"@id":"https:\/\/www.malinashop.lt\/#organization"},"potentialAction":[{"@type":"SearchAction","target":{"@type":"EntryPoint","urlTemplate":"https:\/\/www.malinashop.lt\/?s={search_term_string}"},"query-input":{"@type":"PropertyValueSpecification","valueRequired":true,"valueName":"search_term_string"}}],"inLanguage":"lt-LT"},{"@type":"Organization","@id":"https:\/\/www.malinashop.lt\/#organization","name":"COM Group Ecommerce","url":"https:\/\/www.malinashop.lt\/","logo":{"@type":"ImageObject","inLanguage":"lt-LT","@id":"https:\/\/www.malinashop.lt\/#\/schema\/logo\/image\/","url":"https:\/\/www.malinashop.lt\/wp-content\/uploads\/2024\/08\/462559670_3787732518133670_9795632669273463_n-e1731525914575.png","contentUrl":"https:\/\/www.malinashop.lt\/wp-content\/uploads\/2024\/08\/462559670_3787732518133670_9795632669273463_n-e1731525914575.png","width":180,"height":60,"caption":"COM Group Ecommerce"},"image":{"@id":"https:\/\/www.malinashop.lt\/#\/schema\/logo\/image\/"}}]}},"jetpack_sharing_enabled":true,"_links":{"self":[{"href":"https:\/\/www.malinashop.lt\/lt_lt\/wp-json\/wp\/v2\/product\/59942","targetHints":{"allow":["GET"]}}],"collection":[{"href":"https:\/\/www.malinashop.lt\/lt_lt\/wp-json\/wp\/v2\/product"}],"about":[{"href":"https:\/\/www.malinashop.lt\/lt_lt\/wp-json\/wp\/v2\/types\/product"}],"version-history":[{"count":1,"href":"https:\/\/www.malinashop.lt\/lt_lt\/wp-json\/wp\/v2\/product\/59942\/revisions"}],"predecessor-version":[{"id":59944,"href":"https:\/\/www.malinashop.lt\/lt_lt\/wp-json\/wp\/v2\/product\/59942\/revisions\/59944"}],"wp:featuredmedia":[{"embeddable":true,"href":"https:\/\/www.malinashop.lt\/lt_lt\/wp-json\/wp\/v2\/media\/59943"}],"wp:attachment":[{"href":"https:\/\/www.malinashop.lt\/lt_lt\/wp-json\/wp\/v2\/media?parent=59942"}],"wp:term":[{"taxonomy":"product_brand","embeddable":true,"href":"https:\/\/www.malinashop.lt\/lt_lt\/wp-json\/wp\/v2\/product_brand?post=59942"},{"taxonomy":"product_cat","embeddable":true,"href":"https:\/\/www.malinashop.lt\/lt_lt\/wp-json\/wp\/v2\/product_cat?post=59942"},{"taxonomy":"product_tag","embeddable":true,"href":"https:\/\/www.malinashop.lt\/lt_lt\/wp-json\/wp\/v2\/product_tag?post=59942"}],"curies":[{"name":"wp","href":"https:\/\/api.w.org\/{rel}","templated":true}]}}