{"id":59938,"date":"2025-10-20T16:14:35","date_gmt":"2025-10-20T13:14:35","guid":{"rendered":"https:\/\/malinashop.lt\/?post_type=product&#038;p=59938"},"modified":"2026-02-12T12:37:16","modified_gmt":"2026-02-12T09:37:16","slug":"linea-home-white-musk-namu-kvapu-difuzorius-250ml","status":"publish","type":"product","link":"https:\/\/www.malinashop.lt\/lt_lt\/shop\/linea-home-white-musk-namu-kvapu-difuzorius-250ml\/","title":{"rendered":"LINEA HOME White Musk nam\u0173 kvap\u0173 difuzorius, 250ml"},"content":{"rendered":"<p data-start=\"372\" data-end=\"581\"><strong data-start=\"372\" data-end=\"397\">LINEA HOME White Musk<\/strong> nam\u0173 kvap\u0173 difuzorius \u2013 tai <strong data-start=\"426\" data-end=\"479\">\u0161varos, ramyb\u0117s ir subtilios elegancijos simbolis<\/strong>. \u0160is aromatas sukuria \u0161veln\u0173, jauk\u0173 fon\u0105, kuris suteikia j\u016bs\u0173 namams lengvumo ir harmonijos poj\u016bt\u012f.<\/p>\n<p data-start=\"583\" data-end=\"938\">Vir\u0161utin\u0117je kompozicijos dalyje dominuoja <strong data-start=\"625\" data-end=\"646\">sultingos aviet\u0117s<\/strong> natos, suteikian\u010dios kvapui \u0161velnaus vaisi\u0161kumo.<br data-start=\"695\" data-end=\"698\" \/>Vidurin\u0117je \u2013 <strong data-start=\"711\" data-end=\"745\">kvapioji kananga (ylang-ylang)<\/strong> \u012fne\u0161a rafinuoto g\u0117li\u0161ko \u0161iltumo ir subtilaus saldumo.<br data-start=\"799\" data-end=\"802\" \/>Bazin\u0117je \u2013 <strong data-start=\"813\" data-end=\"834\">baltasis muskusas<\/strong>, kuris suteikia kvapui \u0161varos, mink\u0161tumo ir i\u0161liekamumo poj\u016bt\u012f, apgaubdamas erdv\u0119 raminan\u010diu aromatu.<\/p>\n<p data-start=\"940\" data-end=\"1135\"><strong data-start=\"940\" data-end=\"954\">White Musk<\/strong> \u2013 tai kvapas, kuris tarsi <strong data-start=\"981\" data-end=\"1060\">mink\u0161tas audinys apkabina namus \u0161velniu, ramiu ir prabangiai \u0161variu aromatu<\/strong>. Puikiai tinka tiek kasdieniam naudojimui, tiek poilsiui ar meditacijai.<\/p>\n<hr data-start=\"1137\" data-end=\"1140\" \/>\n<h3 data-start=\"1142\" data-end=\"1166\"><strong data-start=\"1146\" data-end=\"1164\">Kvap\u0173 sud\u0117tis:<\/strong><\/h3>\n<ul data-start=\"1167\" data-end=\"1296\">\n<li data-start=\"1167\" data-end=\"1199\">\n<p data-start=\"1169\" data-end=\"1199\"><strong data-start=\"1169\" data-end=\"1190\">Vir\u0161utin\u0117s natos:<\/strong> aviet\u0117<\/p>\n<\/li>\n<li data-start=\"1200\" data-end=\"1255\">\n<p data-start=\"1202\" data-end=\"1255\"><strong data-start=\"1202\" data-end=\"1222\">Vidurin\u0117s natos:<\/strong> kvapioji kananga (ylang-ylang)<\/p>\n<\/li>\n<li data-start=\"1256\" data-end=\"1296\">\n<p data-start=\"1258\" data-end=\"1296\"><strong data-start=\"1258\" data-end=\"1276\">Bazin\u0117s natos:<\/strong> baltasis muskusas<\/p>\n<\/li>\n<\/ul>\n<hr data-start=\"1298\" data-end=\"1301\" \/>\n<h3 data-start=\"1303\" data-end=\"1324\"><strong data-start=\"1307\" data-end=\"1322\">Naudojimas:<\/strong><\/h3>\n<p data-start=\"1325\" data-end=\"1568\">Nuimkite buteliuko dangtel\u012f ir \u012fmerkite kvap\u0173 lazdeles \u012f buteliuk\u0105. Norint sustiprinti aromat\u0105, <strong data-start=\"1421\" data-end=\"1456\">periodi\u0161kai apverskite lazdeles<\/strong>. Produkt\u0105 laikykite <strong data-start=\"1477\" data-end=\"1505\">ant stabilaus pavir\u0161iaus<\/strong>, atokiau nuo tiesiogin\u0117s saul\u0117s \u0161viesos ar \u0161ilumos \u0161altini\u0173.<\/p>\n<hr data-start=\"1570\" data-end=\"1573\" \/>\n<h3 data-start=\"1575\" data-end=\"1604\"><strong data-start=\"1579\" data-end=\"1602\">Pagaminta Italijoje<\/strong><\/h3>\n<p data-start=\"1605\" data-end=\"1754\">Visi <strong data-start=\"1610\" data-end=\"1624\">LINEA HOME<\/strong> nam\u0173 kvapai \u2013 difuzoriai <strong data-start=\"1650\" data-end=\"1673\">pagaminti Italijoje<\/strong>, u\u017etikrinant <strong data-start=\"1687\" data-end=\"1751\">auk\u0161\u010diausi\u0105 kokyb\u0119, rafinuot\u0105 kvap\u0173 balans\u0105 ir ilgaam\u017ei\u0161kum\u0105<\/strong>.<\/p>\n","protected":false},"excerpt":{"rendered":"<p><strong data-start=\"153\" data-end=\"178\">LINEA HOME White Musk<\/strong> \u2013 eleganti\u0161kas, \u0161varus ir \u0161velnus kvapas su <strong data-start=\"223\" data-end=\"266\">aviet\u0117s, ylang-ylang ir baltojo muskuso<\/strong> natomis. Sukuria raminan\u010di\u0105, gaivi\u0105 ir jauki\u0105 atmosfer\u0105 j\u016bs\u0173 namuose.<\/p>\n","protected":false},"featured_media":59939,"template":"","meta":[],"product_brand":[1362],"product_cat":[1140,573],"product_tag":[1608],"class_list":{"0":"post-59938","1":"product","2":"type-product","3":"status-publish","4":"has-post-thumbnail","6":"product_brand-linea-35","7":"product_cat-namu-kvapai","8":"product_cat-namu-kvapai-2","9":"product_tag-linea35","11":"first","12":"instock","13":"sale","14":"taxable","15":"shipping-taxable","16":"purchasable","17":"product-type-simple"},"yoast_head":"<!-- This site is optimized with the Yoast SEO plugin v27.4 - https:\/\/yoast.com\/product\/yoast-seo-wordpress\/ -->\n<title>LINEA HOME White Musk nam\u0173 kvap\u0173 difuzorius, 250ml - MalinaShop.lt J\u016bs\u0173 sveikatai ir gro\u017eiui.<\/title>\n<meta name=\"description\" content=\"LINEA HOME White Musk \u2013 itali\u0161kas nam\u0173 kvapas su aviet\u0117s, ylang-ylang ir baltojo muskuso natomis. \u0160varus, \u0161velnus ir raminantis aromatas j\u016bs\u0173 namams.\" \/>\n<meta name=\"robots\" content=\"index, follow, max-snippet:-1, max-image-preview:large, max-video-preview:-1\" \/>\n<link rel=\"canonical\" href=\"https:\/\/www.malinashop.lt\/lt_lt\/shop\/linea-home-white-musk-namu-kvapu-difuzorius-250ml\/\" \/>\n<meta property=\"og:locale\" content=\"lt_LT\" \/>\n<meta property=\"og:type\" content=\"article\" \/>\n<meta property=\"og:title\" content=\"LINEA HOME White Musk nam\u0173 kvap\u0173 difuzorius, 250ml - MalinaShop.lt J\u016bs\u0173 sveikatai ir gro\u017eiui.\" \/>\n<meta property=\"og:description\" content=\"LINEA HOME White Musk \u2013 itali\u0161kas nam\u0173 kvapas su aviet\u0117s, ylang-ylang ir baltojo muskuso natomis. \u0160varus, \u0161velnus ir raminantis aromatas j\u016bs\u0173 namams.\" \/>\n<meta property=\"og:url\" content=\"https:\/\/www.malinashop.lt\/lt_lt\/shop\/linea-home-white-musk-namu-kvapu-difuzorius-250ml\/\" \/>\n<meta property=\"og:site_name\" content=\"MalinaShop.lt J\u016bs\u0173 sveikatai ir gro\u017eiui.\" \/>\n<meta property=\"article:modified_time\" content=\"2026-02-12T09:37:16+00:00\" \/>\n<meta property=\"og:image\" content=\"https:\/\/www.malinashop.lt\/wp-content\/uploads\/2025\/10\/LINEA-HOME-White-Musk-namu-kvapu-difuzorius-250ml.webp\" \/>\n\t<meta property=\"og:image:width\" content=\"990\" \/>\n\t<meta property=\"og:image:height\" content=\"990\" \/>\n\t<meta property=\"og:image:type\" content=\"image\/webp\" \/>\n<meta name=\"twitter:card\" content=\"summary_large_image\" \/>\n<script type=\"application\/ld+json\" class=\"yoast-schema-graph\">{\"@context\":\"https:\\\/\\\/schema.org\",\"@graph\":[{\"@type\":\"WebPage\",\"@id\":\"https:\\\/\\\/www.malinashop.lt\\\/lt_lt\\\/shop\\\/linea-home-white-musk-namu-kvapu-difuzorius-250ml\\\/\",\"url\":\"https:\\\/\\\/www.malinashop.lt\\\/lt_lt\\\/shop\\\/linea-home-white-musk-namu-kvapu-difuzorius-250ml\\\/\",\"name\":\"LINEA HOME White Musk nam\u0173 kvap\u0173 difuzorius, 250ml - MalinaShop.lt J\u016bs\u0173 sveikatai ir gro\u017eiui.\",\"isPartOf\":{\"@id\":\"https:\\\/\\\/www.malinashop.lt\\\/#website\"},\"primaryImageOfPage\":{\"@id\":\"https:\\\/\\\/www.malinashop.lt\\\/lt_lt\\\/shop\\\/linea-home-white-musk-namu-kvapu-difuzorius-250ml\\\/#primaryimage\"},\"image\":{\"@id\":\"https:\\\/\\\/www.malinashop.lt\\\/lt_lt\\\/shop\\\/linea-home-white-musk-namu-kvapu-difuzorius-250ml\\\/#primaryimage\"},\"thumbnailUrl\":\"https:\\\/\\\/www.malinashop.lt\\\/wp-content\\\/uploads\\\/2025\\\/10\\\/LINEA-HOME-White-Musk-namu-kvapu-difuzorius-250ml.webp\",\"datePublished\":\"2025-10-20T13:14:35+00:00\",\"dateModified\":\"2026-02-12T09:37:16+00:00\",\"description\":\"LINEA HOME White Musk \u2013 itali\u0161kas nam\u0173 kvapas su aviet\u0117s, ylang-ylang ir baltojo muskuso natomis. \u0160varus, \u0161velnus ir raminantis aromatas j\u016bs\u0173 namams.\",\"breadcrumb\":{\"@id\":\"https:\\\/\\\/www.malinashop.lt\\\/lt_lt\\\/shop\\\/linea-home-white-musk-namu-kvapu-difuzorius-250ml\\\/#breadcrumb\"},\"inLanguage\":\"lt-LT\",\"potentialAction\":[{\"@type\":\"ReadAction\",\"target\":[\"https:\\\/\\\/www.malinashop.lt\\\/lt_lt\\\/shop\\\/linea-home-white-musk-namu-kvapu-difuzorius-250ml\\\/\"]}]},{\"@type\":\"ImageObject\",\"inLanguage\":\"lt-LT\",\"@id\":\"https:\\\/\\\/www.malinashop.lt\\\/lt_lt\\\/shop\\\/linea-home-white-musk-namu-kvapu-difuzorius-250ml\\\/#primaryimage\",\"url\":\"https:\\\/\\\/www.malinashop.lt\\\/wp-content\\\/uploads\\\/2025\\\/10\\\/LINEA-HOME-White-Musk-namu-kvapu-difuzorius-250ml.webp\",\"contentUrl\":\"https:\\\/\\\/www.malinashop.lt\\\/wp-content\\\/uploads\\\/2025\\\/10\\\/LINEA-HOME-White-Musk-namu-kvapu-difuzorius-250ml.webp\",\"width\":990,\"height\":990},{\"@type\":\"BreadcrumbList\",\"@id\":\"https:\\\/\\\/www.malinashop.lt\\\/lt_lt\\\/shop\\\/linea-home-white-musk-namu-kvapu-difuzorius-250ml\\\/#breadcrumb\",\"itemListElement\":[{\"@type\":\"ListItem\",\"position\":1,\"name\":\"Pagrindinis\",\"item\":\"https:\\\/\\\/www.malinashop.lt\\\/\"},{\"@type\":\"ListItem\",\"position\":2,\"name\":\"Parduotuv\u0117\",\"item\":\"https:\\\/\\\/www.malinashop.lt\\\/en\\\/parduotuve\\\/\"},{\"@type\":\"ListItem\",\"position\":3,\"name\":\"LINEA HOME White Musk nam\u0173 kvap\u0173 difuzorius, 250ml\"}]},{\"@type\":\"WebSite\",\"@id\":\"https:\\\/\\\/www.malinashop.lt\\\/#website\",\"url\":\"https:\\\/\\\/www.malinashop.lt\\\/\",\"name\":\"COM Group Ecommerce\",\"description\":\"MalinaShop.lt - Gro\u017eio ir sveikatos produktai i\u0161 patikim\u0173 preki\u0173 \u017eenkl\u0173. Atraskite auk\u0161tos kokyb\u0117s kosmetik\u0105 u\u017e puiki\u0105 kain\u0105.\",\"publisher\":{\"@id\":\"https:\\\/\\\/www.malinashop.lt\\\/#organization\"},\"potentialAction\":[{\"@type\":\"SearchAction\",\"target\":{\"@type\":\"EntryPoint\",\"urlTemplate\":\"https:\\\/\\\/www.malinashop.lt\\\/?s={search_term_string}\"},\"query-input\":{\"@type\":\"PropertyValueSpecification\",\"valueRequired\":true,\"valueName\":\"search_term_string\"}}],\"inLanguage\":\"lt-LT\"},{\"@type\":\"Organization\",\"@id\":\"https:\\\/\\\/www.malinashop.lt\\\/#organization\",\"name\":\"COM Group Ecommerce\",\"url\":\"https:\\\/\\\/www.malinashop.lt\\\/\",\"logo\":{\"@type\":\"ImageObject\",\"inLanguage\":\"lt-LT\",\"@id\":\"https:\\\/\\\/www.malinashop.lt\\\/#\\\/schema\\\/logo\\\/image\\\/\",\"url\":\"https:\\\/\\\/www.malinashop.lt\\\/wp-content\\\/uploads\\\/2024\\\/08\\\/462559670_3787732518133670_9795632669273463_n-e1731525914575.png\",\"contentUrl\":\"https:\\\/\\\/www.malinashop.lt\\\/wp-content\\\/uploads\\\/2024\\\/08\\\/462559670_3787732518133670_9795632669273463_n-e1731525914575.png\",\"width\":180,\"height\":60,\"caption\":\"COM Group Ecommerce\"},\"image\":{\"@id\":\"https:\\\/\\\/www.malinashop.lt\\\/#\\\/schema\\\/logo\\\/image\\\/\"}}]}<\/script>\n<!-- \/ Yoast SEO plugin. -->","yoast_head_json":{"title":"LINEA HOME White Musk nam\u0173 kvap\u0173 difuzorius, 250ml - MalinaShop.lt J\u016bs\u0173 sveikatai ir gro\u017eiui.","description":"LINEA HOME White Musk \u2013 itali\u0161kas nam\u0173 kvapas su aviet\u0117s, ylang-ylang ir baltojo muskuso natomis. \u0160varus, \u0161velnus ir raminantis aromatas j\u016bs\u0173 namams.","robots":{"index":"index","follow":"follow","max-snippet":"max-snippet:-1","max-image-preview":"max-image-preview:large","max-video-preview":"max-video-preview:-1"},"canonical":"https:\/\/www.malinashop.lt\/lt_lt\/shop\/linea-home-white-musk-namu-kvapu-difuzorius-250ml\/","og_locale":"lt_LT","og_type":"article","og_title":"LINEA HOME White Musk nam\u0173 kvap\u0173 difuzorius, 250ml - MalinaShop.lt J\u016bs\u0173 sveikatai ir gro\u017eiui.","og_description":"LINEA HOME White Musk \u2013 itali\u0161kas nam\u0173 kvapas su aviet\u0117s, ylang-ylang ir baltojo muskuso natomis. \u0160varus, \u0161velnus ir raminantis aromatas j\u016bs\u0173 namams.","og_url":"https:\/\/www.malinashop.lt\/lt_lt\/shop\/linea-home-white-musk-namu-kvapu-difuzorius-250ml\/","og_site_name":"MalinaShop.lt J\u016bs\u0173 sveikatai ir gro\u017eiui.","article_modified_time":"2026-02-12T09:37:16+00:00","og_image":[{"width":990,"height":990,"url":"https:\/\/www.malinashop.lt\/wp-content\/uploads\/2025\/10\/LINEA-HOME-White-Musk-namu-kvapu-difuzorius-250ml.webp","type":"image\/webp"}],"twitter_card":"summary_large_image","schema":{"@context":"https:\/\/schema.org","@graph":[{"@type":"WebPage","@id":"https:\/\/www.malinashop.lt\/lt_lt\/shop\/linea-home-white-musk-namu-kvapu-difuzorius-250ml\/","url":"https:\/\/www.malinashop.lt\/lt_lt\/shop\/linea-home-white-musk-namu-kvapu-difuzorius-250ml\/","name":"LINEA HOME White Musk nam\u0173 kvap\u0173 difuzorius, 250ml - MalinaShop.lt J\u016bs\u0173 sveikatai ir gro\u017eiui.","isPartOf":{"@id":"https:\/\/www.malinashop.lt\/#website"},"primaryImageOfPage":{"@id":"https:\/\/www.malinashop.lt\/lt_lt\/shop\/linea-home-white-musk-namu-kvapu-difuzorius-250ml\/#primaryimage"},"image":{"@id":"https:\/\/www.malinashop.lt\/lt_lt\/shop\/linea-home-white-musk-namu-kvapu-difuzorius-250ml\/#primaryimage"},"thumbnailUrl":"https:\/\/www.malinashop.lt\/wp-content\/uploads\/2025\/10\/LINEA-HOME-White-Musk-namu-kvapu-difuzorius-250ml.webp","datePublished":"2025-10-20T13:14:35+00:00","dateModified":"2026-02-12T09:37:16+00:00","description":"LINEA HOME White Musk \u2013 itali\u0161kas nam\u0173 kvapas su aviet\u0117s, ylang-ylang ir baltojo muskuso natomis. \u0160varus, \u0161velnus ir raminantis aromatas j\u016bs\u0173 namams.","breadcrumb":{"@id":"https:\/\/www.malinashop.lt\/lt_lt\/shop\/linea-home-white-musk-namu-kvapu-difuzorius-250ml\/#breadcrumb"},"inLanguage":"lt-LT","potentialAction":[{"@type":"ReadAction","target":["https:\/\/www.malinashop.lt\/lt_lt\/shop\/linea-home-white-musk-namu-kvapu-difuzorius-250ml\/"]}]},{"@type":"ImageObject","inLanguage":"lt-LT","@id":"https:\/\/www.malinashop.lt\/lt_lt\/shop\/linea-home-white-musk-namu-kvapu-difuzorius-250ml\/#primaryimage","url":"https:\/\/www.malinashop.lt\/wp-content\/uploads\/2025\/10\/LINEA-HOME-White-Musk-namu-kvapu-difuzorius-250ml.webp","contentUrl":"https:\/\/www.malinashop.lt\/wp-content\/uploads\/2025\/10\/LINEA-HOME-White-Musk-namu-kvapu-difuzorius-250ml.webp","width":990,"height":990},{"@type":"BreadcrumbList","@id":"https:\/\/www.malinashop.lt\/lt_lt\/shop\/linea-home-white-musk-namu-kvapu-difuzorius-250ml\/#breadcrumb","itemListElement":[{"@type":"ListItem","position":1,"name":"Pagrindinis","item":"https:\/\/www.malinashop.lt\/"},{"@type":"ListItem","position":2,"name":"Parduotuv\u0117","item":"https:\/\/www.malinashop.lt\/en\/parduotuve\/"},{"@type":"ListItem","position":3,"name":"LINEA HOME White Musk nam\u0173 kvap\u0173 difuzorius, 250ml"}]},{"@type":"WebSite","@id":"https:\/\/www.malinashop.lt\/#website","url":"https:\/\/www.malinashop.lt\/","name":"COM Group Ecommerce","description":"MalinaShop.lt - Gro\u017eio ir sveikatos produktai i\u0161 patikim\u0173 preki\u0173 \u017eenkl\u0173. Atraskite auk\u0161tos kokyb\u0117s kosmetik\u0105 u\u017e puiki\u0105 kain\u0105.","publisher":{"@id":"https:\/\/www.malinashop.lt\/#organization"},"potentialAction":[{"@type":"SearchAction","target":{"@type":"EntryPoint","urlTemplate":"https:\/\/www.malinashop.lt\/?s={search_term_string}"},"query-input":{"@type":"PropertyValueSpecification","valueRequired":true,"valueName":"search_term_string"}}],"inLanguage":"lt-LT"},{"@type":"Organization","@id":"https:\/\/www.malinashop.lt\/#organization","name":"COM Group Ecommerce","url":"https:\/\/www.malinashop.lt\/","logo":{"@type":"ImageObject","inLanguage":"lt-LT","@id":"https:\/\/www.malinashop.lt\/#\/schema\/logo\/image\/","url":"https:\/\/www.malinashop.lt\/wp-content\/uploads\/2024\/08\/462559670_3787732518133670_9795632669273463_n-e1731525914575.png","contentUrl":"https:\/\/www.malinashop.lt\/wp-content\/uploads\/2024\/08\/462559670_3787732518133670_9795632669273463_n-e1731525914575.png","width":180,"height":60,"caption":"COM Group Ecommerce"},"image":{"@id":"https:\/\/www.malinashop.lt\/#\/schema\/logo\/image\/"}}]}},"jetpack_sharing_enabled":true,"_links":{"self":[{"href":"https:\/\/www.malinashop.lt\/lt_lt\/wp-json\/wp\/v2\/product\/59938","targetHints":{"allow":["GET"]}}],"collection":[{"href":"https:\/\/www.malinashop.lt\/lt_lt\/wp-json\/wp\/v2\/product"}],"about":[{"href":"https:\/\/www.malinashop.lt\/lt_lt\/wp-json\/wp\/v2\/types\/product"}],"version-history":[{"count":1,"href":"https:\/\/www.malinashop.lt\/lt_lt\/wp-json\/wp\/v2\/product\/59938\/revisions"}],"predecessor-version":[{"id":59940,"href":"https:\/\/www.malinashop.lt\/lt_lt\/wp-json\/wp\/v2\/product\/59938\/revisions\/59940"}],"wp:featuredmedia":[{"embeddable":true,"href":"https:\/\/www.malinashop.lt\/lt_lt\/wp-json\/wp\/v2\/media\/59939"}],"wp:attachment":[{"href":"https:\/\/www.malinashop.lt\/lt_lt\/wp-json\/wp\/v2\/media?parent=59938"}],"wp:term":[{"taxonomy":"product_brand","embeddable":true,"href":"https:\/\/www.malinashop.lt\/lt_lt\/wp-json\/wp\/v2\/product_brand?post=59938"},{"taxonomy":"product_cat","embeddable":true,"href":"https:\/\/www.malinashop.lt\/lt_lt\/wp-json\/wp\/v2\/product_cat?post=59938"},{"taxonomy":"product_tag","embeddable":true,"href":"https:\/\/www.malinashop.lt\/lt_lt\/wp-json\/wp\/v2\/product_tag?post=59938"}],"curies":[{"name":"wp","href":"https:\/\/api.w.org\/{rel}","templated":true}]}}