{"id":59935,"date":"2025-10-20T16:13:15","date_gmt":"2025-10-20T13:13:15","guid":{"rendered":"https:\/\/malinashop.lt\/?post_type=product&#038;p=59935"},"modified":"2026-02-12T12:37:16","modified_gmt":"2026-02-12T09:37:16","slug":"linea-home-namu-kvapu-difuzorius-sweet-vanilla-250ml","status":"publish","type":"product","link":"https:\/\/www.malinashop.lt\/lt_lt\/shop\/linea-home-namu-kvapu-difuzorius-sweet-vanilla-250ml\/","title":{"rendered":"LINEA HOME nam\u0173 kvap\u0173 difuzorius Sweet Vanilla, 250ml"},"content":{"rendered":"<p data-start=\"389\" data-end=\"650\"><strong data-start=\"389\" data-end=\"417\">LINEA HOME Sweet Vanilla<\/strong> nam\u0173 kvap\u0173 difuzorius \u2013 tai <strong data-start=\"446\" data-end=\"490\">saldaus jaukumo ir subtilios elegancijos<\/strong> derinys, skirtas sukurti \u0161ilt\u0105 ir kvapni\u0105 aplink\u0105 j\u016bs\u0173 namuose. \u0160is aromatas apgaubia \u0161velniu saldumu, suteikia ramyb\u0117s ir kuria maloni\u0105 emocin\u0119 pusiausvyr\u0105.<\/p>\n<p data-start=\"652\" data-end=\"995\">Kvapo kompozicij\u0105 pradeda <strong data-start=\"678\" data-end=\"703\">ananaso ir bergamot\u0117s<\/strong> gaiva, suteikianti lengvumo ir \u0161viesos.<br data-start=\"743\" data-end=\"746\" \/>Vidurin\u0117je kvapo \u0161irdyje atsiskleid\u017eia <strong data-start=\"785\" data-end=\"809\">hiacinto ir apelsino<\/strong> natos \u2013 jos praturtina aromat\u0105 g\u0117li\u0173 ir vaisi\u0173 \u0161velnumu.<br data-start=\"866\" data-end=\"869\" \/>Bazin\u0117je dalyje dominuoja <strong data-start=\"895\" data-end=\"919\">vanil\u0117 ir saldymedis<\/strong>, kurie suteikia kvapui sodrumo, \u0161ilumos ir ilgai i\u0161liekant\u012f sald\u0173 poj\u016bt\u012f.<\/p>\n<p data-start=\"997\" data-end=\"1127\">Tai <strong data-start=\"1001\" data-end=\"1082\">puikus pasirinkimas tiems, kurie vertina ram\u0173, jauk\u0173 ir subtiliai sald\u0173 kvap\u0105<\/strong>, suteikiant\u012f namams harmonijos ir \u0161viesos.<\/p>\n<hr data-start=\"1129\" data-end=\"1132\" \/>\n<h3 data-start=\"1134\" data-end=\"1158\"><strong data-start=\"1138\" data-end=\"1156\">Kvap\u0173 sud\u0117tis:<\/strong><\/h3>\n<ul data-start=\"1159\" data-end=\"1292\">\n<li data-start=\"1159\" data-end=\"1204\">\n<p data-start=\"1161\" data-end=\"1204\"><strong data-start=\"1161\" data-end=\"1182\">Vir\u0161utin\u0117s natos:<\/strong> ananasas, bergamot\u0117<\/p>\n<\/li>\n<li data-start=\"1205\" data-end=\"1250\">\n<p data-start=\"1207\" data-end=\"1250\"><strong data-start=\"1207\" data-end=\"1227\">Vidurin\u0117s natos:<\/strong> hiacintas, apelsinas<\/p>\n<\/li>\n<li data-start=\"1251\" data-end=\"1292\">\n<p data-start=\"1253\" data-end=\"1292\"><strong data-start=\"1253\" data-end=\"1271\">Bazin\u0117s natos:<\/strong> vanil\u0117, saldymedis<\/p>\n<\/li>\n<\/ul>\n<hr data-start=\"1294\" data-end=\"1297\" \/>\n<h3 data-start=\"1299\" data-end=\"1320\"><strong data-start=\"1303\" data-end=\"1318\">Naudojimas:<\/strong><\/h3>\n<p data-start=\"1321\" data-end=\"1576\">Nuimkite buteliuko dangtel\u012f ir \u012fmerkite kvap\u0173 lazdeles \u012f buteliuk\u0105. Nor\u0117dami palaikyti intensyv\u0173 aromat\u0105, <strong data-start=\"1427\" data-end=\"1462\">periodi\u0161kai apverskite lazdeles<\/strong>. Produkt\u0105 laikykite <strong data-start=\"1483\" data-end=\"1511\">ant stabilaus pavir\u0161iaus<\/strong>, atokiau nuo tiesiogini\u0173 saul\u0117s spinduli\u0173 ar \u0161ilumos \u0161altini\u0173.<\/p>\n<hr data-start=\"1578\" data-end=\"1581\" \/>\n<h3 data-start=\"1583\" data-end=\"1612\"><strong data-start=\"1587\" data-end=\"1610\">Pagaminta Italijoje<\/strong><\/h3>\n<p data-start=\"1613\" data-end=\"1758\">Visi <strong data-start=\"1618\" data-end=\"1632\">LINEA HOME<\/strong> nam\u0173 kvapai \u2013 difuzoriai <strong data-start=\"1658\" data-end=\"1681\">pagaminti Italijoje<\/strong>, u\u017etikrinant <strong data-start=\"1695\" data-end=\"1755\">auk\u0161t\u0105 kokyb\u0119, i\u0161liekant\u012f aromat\u0105 ir eleganti\u0161k\u0105 dizain\u0105<\/strong>.<\/p>\n","protected":false},"excerpt":{"rendered":"<p><strong data-start=\"147\" data-end=\"175\">LINEA HOME Sweet Vanilla<\/strong> \u2013 \u0161velnus, \u0161iltas ir saldus aromatas su <strong data-start=\"216\" data-end=\"283\">ananaso, bergamot\u0117s, apelsino, hiacinto, vanil\u0117s ir saldymed\u017eio<\/strong> natomis. Sukurkite jauki\u0105 ir kvapni\u0105 atmosfer\u0105 savo namuose.<\/p>\n","protected":false},"featured_media":59936,"template":"","meta":[],"product_brand":[1362],"product_cat":[1140,573],"product_tag":[1608],"class_list":{"0":"post-59935","1":"product","2":"type-product","3":"status-publish","4":"has-post-thumbnail","6":"product_brand-linea-35","7":"product_cat-namu-kvapai","8":"product_cat-namu-kvapai-2","9":"product_tag-linea35","11":"first","12":"instock","13":"sale","14":"taxable","15":"shipping-taxable","16":"purchasable","17":"product-type-simple"},"yoast_head":"<!-- This site is optimized with the Yoast SEO plugin v27.4 - https:\/\/yoast.com\/product\/yoast-seo-wordpress\/ -->\n<title>LINEA HOME nam\u0173 kvap\u0173 difuzorius Sweet Vanilla, 250ml - MalinaShop.lt J\u016bs\u0173 sveikatai ir gro\u017eiui.<\/title>\n<meta name=\"description\" content=\"LINEA HOME Sweet Vanilla \u2013 itali\u0161kas nam\u0173 kvapas su vanile, apelsinu ir bergamote. Jaukus, \u0161iltas ir saldus aromatas, kuriantis harmonij\u0105 namuose.\" \/>\n<meta name=\"robots\" content=\"index, follow, max-snippet:-1, max-image-preview:large, max-video-preview:-1\" \/>\n<link rel=\"canonical\" href=\"https:\/\/www.malinashop.lt\/lt_lt\/shop\/linea-home-namu-kvapu-difuzorius-sweet-vanilla-250ml\/\" \/>\n<meta property=\"og:locale\" content=\"lt_LT\" \/>\n<meta property=\"og:type\" content=\"article\" \/>\n<meta property=\"og:title\" content=\"LINEA HOME nam\u0173 kvap\u0173 difuzorius Sweet Vanilla, 250ml - MalinaShop.lt J\u016bs\u0173 sveikatai ir gro\u017eiui.\" \/>\n<meta property=\"og:description\" content=\"LINEA HOME Sweet Vanilla \u2013 itali\u0161kas nam\u0173 kvapas su vanile, apelsinu ir bergamote. Jaukus, \u0161iltas ir saldus aromatas, kuriantis harmonij\u0105 namuose.\" \/>\n<meta property=\"og:url\" content=\"https:\/\/www.malinashop.lt\/lt_lt\/shop\/linea-home-namu-kvapu-difuzorius-sweet-vanilla-250ml\/\" \/>\n<meta property=\"og:site_name\" content=\"MalinaShop.lt J\u016bs\u0173 sveikatai ir gro\u017eiui.\" \/>\n<meta property=\"article:modified_time\" content=\"2026-02-12T09:37:16+00:00\" \/>\n<meta property=\"og:image\" content=\"https:\/\/www.malinashop.lt\/wp-content\/uploads\/2025\/10\/LINEA-HOME-Namu-Kvapu-Difuzorius-Sweet-Vanilla-250ml.webp\" \/>\n\t<meta property=\"og:image:width\" content=\"990\" \/>\n\t<meta property=\"og:image:height\" content=\"990\" \/>\n\t<meta property=\"og:image:type\" content=\"image\/webp\" \/>\n<meta name=\"twitter:card\" content=\"summary_large_image\" \/>\n<script type=\"application\/ld+json\" class=\"yoast-schema-graph\">{\"@context\":\"https:\\\/\\\/schema.org\",\"@graph\":[{\"@type\":\"WebPage\",\"@id\":\"https:\\\/\\\/www.malinashop.lt\\\/lt_lt\\\/shop\\\/linea-home-namu-kvapu-difuzorius-sweet-vanilla-250ml\\\/\",\"url\":\"https:\\\/\\\/www.malinashop.lt\\\/lt_lt\\\/shop\\\/linea-home-namu-kvapu-difuzorius-sweet-vanilla-250ml\\\/\",\"name\":\"LINEA HOME nam\u0173 kvap\u0173 difuzorius Sweet Vanilla, 250ml - MalinaShop.lt J\u016bs\u0173 sveikatai ir gro\u017eiui.\",\"isPartOf\":{\"@id\":\"https:\\\/\\\/www.malinashop.lt\\\/#website\"},\"primaryImageOfPage\":{\"@id\":\"https:\\\/\\\/www.malinashop.lt\\\/lt_lt\\\/shop\\\/linea-home-namu-kvapu-difuzorius-sweet-vanilla-250ml\\\/#primaryimage\"},\"image\":{\"@id\":\"https:\\\/\\\/www.malinashop.lt\\\/lt_lt\\\/shop\\\/linea-home-namu-kvapu-difuzorius-sweet-vanilla-250ml\\\/#primaryimage\"},\"thumbnailUrl\":\"https:\\\/\\\/www.malinashop.lt\\\/wp-content\\\/uploads\\\/2025\\\/10\\\/LINEA-HOME-Namu-Kvapu-Difuzorius-Sweet-Vanilla-250ml.webp\",\"datePublished\":\"2025-10-20T13:13:15+00:00\",\"dateModified\":\"2026-02-12T09:37:16+00:00\",\"description\":\"LINEA HOME Sweet Vanilla \u2013 itali\u0161kas nam\u0173 kvapas su vanile, apelsinu ir bergamote. Jaukus, \u0161iltas ir saldus aromatas, kuriantis harmonij\u0105 namuose.\",\"breadcrumb\":{\"@id\":\"https:\\\/\\\/www.malinashop.lt\\\/lt_lt\\\/shop\\\/linea-home-namu-kvapu-difuzorius-sweet-vanilla-250ml\\\/#breadcrumb\"},\"inLanguage\":\"lt-LT\",\"potentialAction\":[{\"@type\":\"ReadAction\",\"target\":[\"https:\\\/\\\/www.malinashop.lt\\\/lt_lt\\\/shop\\\/linea-home-namu-kvapu-difuzorius-sweet-vanilla-250ml\\\/\"]}]},{\"@type\":\"ImageObject\",\"inLanguage\":\"lt-LT\",\"@id\":\"https:\\\/\\\/www.malinashop.lt\\\/lt_lt\\\/shop\\\/linea-home-namu-kvapu-difuzorius-sweet-vanilla-250ml\\\/#primaryimage\",\"url\":\"https:\\\/\\\/www.malinashop.lt\\\/wp-content\\\/uploads\\\/2025\\\/10\\\/LINEA-HOME-Namu-Kvapu-Difuzorius-Sweet-Vanilla-250ml.webp\",\"contentUrl\":\"https:\\\/\\\/www.malinashop.lt\\\/wp-content\\\/uploads\\\/2025\\\/10\\\/LINEA-HOME-Namu-Kvapu-Difuzorius-Sweet-Vanilla-250ml.webp\",\"width\":990,\"height\":990},{\"@type\":\"BreadcrumbList\",\"@id\":\"https:\\\/\\\/www.malinashop.lt\\\/lt_lt\\\/shop\\\/linea-home-namu-kvapu-difuzorius-sweet-vanilla-250ml\\\/#breadcrumb\",\"itemListElement\":[{\"@type\":\"ListItem\",\"position\":1,\"name\":\"Pagrindinis\",\"item\":\"https:\\\/\\\/www.malinashop.lt\\\/\"},{\"@type\":\"ListItem\",\"position\":2,\"name\":\"Parduotuv\u0117\",\"item\":\"https:\\\/\\\/www.malinashop.lt\\\/en\\\/parduotuve\\\/\"},{\"@type\":\"ListItem\",\"position\":3,\"name\":\"LINEA HOME nam\u0173 kvap\u0173 difuzorius Sweet Vanilla, 250ml\"}]},{\"@type\":\"WebSite\",\"@id\":\"https:\\\/\\\/www.malinashop.lt\\\/#website\",\"url\":\"https:\\\/\\\/www.malinashop.lt\\\/\",\"name\":\"COM Group Ecommerce\",\"description\":\"MalinaShop.lt - Gro\u017eio ir sveikatos produktai i\u0161 patikim\u0173 preki\u0173 \u017eenkl\u0173. Atraskite auk\u0161tos kokyb\u0117s kosmetik\u0105 u\u017e puiki\u0105 kain\u0105.\",\"publisher\":{\"@id\":\"https:\\\/\\\/www.malinashop.lt\\\/#organization\"},\"potentialAction\":[{\"@type\":\"SearchAction\",\"target\":{\"@type\":\"EntryPoint\",\"urlTemplate\":\"https:\\\/\\\/www.malinashop.lt\\\/?s={search_term_string}\"},\"query-input\":{\"@type\":\"PropertyValueSpecification\",\"valueRequired\":true,\"valueName\":\"search_term_string\"}}],\"inLanguage\":\"lt-LT\"},{\"@type\":\"Organization\",\"@id\":\"https:\\\/\\\/www.malinashop.lt\\\/#organization\",\"name\":\"COM Group Ecommerce\",\"url\":\"https:\\\/\\\/www.malinashop.lt\\\/\",\"logo\":{\"@type\":\"ImageObject\",\"inLanguage\":\"lt-LT\",\"@id\":\"https:\\\/\\\/www.malinashop.lt\\\/#\\\/schema\\\/logo\\\/image\\\/\",\"url\":\"https:\\\/\\\/www.malinashop.lt\\\/wp-content\\\/uploads\\\/2024\\\/08\\\/462559670_3787732518133670_9795632669273463_n-e1731525914575.png\",\"contentUrl\":\"https:\\\/\\\/www.malinashop.lt\\\/wp-content\\\/uploads\\\/2024\\\/08\\\/462559670_3787732518133670_9795632669273463_n-e1731525914575.png\",\"width\":180,\"height\":60,\"caption\":\"COM Group Ecommerce\"},\"image\":{\"@id\":\"https:\\\/\\\/www.malinashop.lt\\\/#\\\/schema\\\/logo\\\/image\\\/\"}}]}<\/script>\n<!-- \/ Yoast SEO plugin. -->","yoast_head_json":{"title":"LINEA HOME nam\u0173 kvap\u0173 difuzorius Sweet Vanilla, 250ml - MalinaShop.lt J\u016bs\u0173 sveikatai ir gro\u017eiui.","description":"LINEA HOME Sweet Vanilla \u2013 itali\u0161kas nam\u0173 kvapas su vanile, apelsinu ir bergamote. Jaukus, \u0161iltas ir saldus aromatas, kuriantis harmonij\u0105 namuose.","robots":{"index":"index","follow":"follow","max-snippet":"max-snippet:-1","max-image-preview":"max-image-preview:large","max-video-preview":"max-video-preview:-1"},"canonical":"https:\/\/www.malinashop.lt\/lt_lt\/shop\/linea-home-namu-kvapu-difuzorius-sweet-vanilla-250ml\/","og_locale":"lt_LT","og_type":"article","og_title":"LINEA HOME nam\u0173 kvap\u0173 difuzorius Sweet Vanilla, 250ml - MalinaShop.lt J\u016bs\u0173 sveikatai ir gro\u017eiui.","og_description":"LINEA HOME Sweet Vanilla \u2013 itali\u0161kas nam\u0173 kvapas su vanile, apelsinu ir bergamote. Jaukus, \u0161iltas ir saldus aromatas, kuriantis harmonij\u0105 namuose.","og_url":"https:\/\/www.malinashop.lt\/lt_lt\/shop\/linea-home-namu-kvapu-difuzorius-sweet-vanilla-250ml\/","og_site_name":"MalinaShop.lt J\u016bs\u0173 sveikatai ir gro\u017eiui.","article_modified_time":"2026-02-12T09:37:16+00:00","og_image":[{"width":990,"height":990,"url":"https:\/\/www.malinashop.lt\/wp-content\/uploads\/2025\/10\/LINEA-HOME-Namu-Kvapu-Difuzorius-Sweet-Vanilla-250ml.webp","type":"image\/webp"}],"twitter_card":"summary_large_image","schema":{"@context":"https:\/\/schema.org","@graph":[{"@type":"WebPage","@id":"https:\/\/www.malinashop.lt\/lt_lt\/shop\/linea-home-namu-kvapu-difuzorius-sweet-vanilla-250ml\/","url":"https:\/\/www.malinashop.lt\/lt_lt\/shop\/linea-home-namu-kvapu-difuzorius-sweet-vanilla-250ml\/","name":"LINEA HOME nam\u0173 kvap\u0173 difuzorius Sweet Vanilla, 250ml - MalinaShop.lt J\u016bs\u0173 sveikatai ir gro\u017eiui.","isPartOf":{"@id":"https:\/\/www.malinashop.lt\/#website"},"primaryImageOfPage":{"@id":"https:\/\/www.malinashop.lt\/lt_lt\/shop\/linea-home-namu-kvapu-difuzorius-sweet-vanilla-250ml\/#primaryimage"},"image":{"@id":"https:\/\/www.malinashop.lt\/lt_lt\/shop\/linea-home-namu-kvapu-difuzorius-sweet-vanilla-250ml\/#primaryimage"},"thumbnailUrl":"https:\/\/www.malinashop.lt\/wp-content\/uploads\/2025\/10\/LINEA-HOME-Namu-Kvapu-Difuzorius-Sweet-Vanilla-250ml.webp","datePublished":"2025-10-20T13:13:15+00:00","dateModified":"2026-02-12T09:37:16+00:00","description":"LINEA HOME Sweet Vanilla \u2013 itali\u0161kas nam\u0173 kvapas su vanile, apelsinu ir bergamote. Jaukus, \u0161iltas ir saldus aromatas, kuriantis harmonij\u0105 namuose.","breadcrumb":{"@id":"https:\/\/www.malinashop.lt\/lt_lt\/shop\/linea-home-namu-kvapu-difuzorius-sweet-vanilla-250ml\/#breadcrumb"},"inLanguage":"lt-LT","potentialAction":[{"@type":"ReadAction","target":["https:\/\/www.malinashop.lt\/lt_lt\/shop\/linea-home-namu-kvapu-difuzorius-sweet-vanilla-250ml\/"]}]},{"@type":"ImageObject","inLanguage":"lt-LT","@id":"https:\/\/www.malinashop.lt\/lt_lt\/shop\/linea-home-namu-kvapu-difuzorius-sweet-vanilla-250ml\/#primaryimage","url":"https:\/\/www.malinashop.lt\/wp-content\/uploads\/2025\/10\/LINEA-HOME-Namu-Kvapu-Difuzorius-Sweet-Vanilla-250ml.webp","contentUrl":"https:\/\/www.malinashop.lt\/wp-content\/uploads\/2025\/10\/LINEA-HOME-Namu-Kvapu-Difuzorius-Sweet-Vanilla-250ml.webp","width":990,"height":990},{"@type":"BreadcrumbList","@id":"https:\/\/www.malinashop.lt\/lt_lt\/shop\/linea-home-namu-kvapu-difuzorius-sweet-vanilla-250ml\/#breadcrumb","itemListElement":[{"@type":"ListItem","position":1,"name":"Pagrindinis","item":"https:\/\/www.malinashop.lt\/"},{"@type":"ListItem","position":2,"name":"Parduotuv\u0117","item":"https:\/\/www.malinashop.lt\/en\/parduotuve\/"},{"@type":"ListItem","position":3,"name":"LINEA HOME nam\u0173 kvap\u0173 difuzorius Sweet Vanilla, 250ml"}]},{"@type":"WebSite","@id":"https:\/\/www.malinashop.lt\/#website","url":"https:\/\/www.malinashop.lt\/","name":"COM Group Ecommerce","description":"MalinaShop.lt - Gro\u017eio ir sveikatos produktai i\u0161 patikim\u0173 preki\u0173 \u017eenkl\u0173. Atraskite auk\u0161tos kokyb\u0117s kosmetik\u0105 u\u017e puiki\u0105 kain\u0105.","publisher":{"@id":"https:\/\/www.malinashop.lt\/#organization"},"potentialAction":[{"@type":"SearchAction","target":{"@type":"EntryPoint","urlTemplate":"https:\/\/www.malinashop.lt\/?s={search_term_string}"},"query-input":{"@type":"PropertyValueSpecification","valueRequired":true,"valueName":"search_term_string"}}],"inLanguage":"lt-LT"},{"@type":"Organization","@id":"https:\/\/www.malinashop.lt\/#organization","name":"COM Group Ecommerce","url":"https:\/\/www.malinashop.lt\/","logo":{"@type":"ImageObject","inLanguage":"lt-LT","@id":"https:\/\/www.malinashop.lt\/#\/schema\/logo\/image\/","url":"https:\/\/www.malinashop.lt\/wp-content\/uploads\/2024\/08\/462559670_3787732518133670_9795632669273463_n-e1731525914575.png","contentUrl":"https:\/\/www.malinashop.lt\/wp-content\/uploads\/2024\/08\/462559670_3787732518133670_9795632669273463_n-e1731525914575.png","width":180,"height":60,"caption":"COM Group Ecommerce"},"image":{"@id":"https:\/\/www.malinashop.lt\/#\/schema\/logo\/image\/"}}]}},"jetpack_sharing_enabled":true,"_links":{"self":[{"href":"https:\/\/www.malinashop.lt\/lt_lt\/wp-json\/wp\/v2\/product\/59935","targetHints":{"allow":["GET"]}}],"collection":[{"href":"https:\/\/www.malinashop.lt\/lt_lt\/wp-json\/wp\/v2\/product"}],"about":[{"href":"https:\/\/www.malinashop.lt\/lt_lt\/wp-json\/wp\/v2\/types\/product"}],"version-history":[{"count":2,"href":"https:\/\/www.malinashop.lt\/lt_lt\/wp-json\/wp\/v2\/product\/59935\/revisions"}],"predecessor-version":[{"id":59941,"href":"https:\/\/www.malinashop.lt\/lt_lt\/wp-json\/wp\/v2\/product\/59935\/revisions\/59941"}],"wp:featuredmedia":[{"embeddable":true,"href":"https:\/\/www.malinashop.lt\/lt_lt\/wp-json\/wp\/v2\/media\/59936"}],"wp:attachment":[{"href":"https:\/\/www.malinashop.lt\/lt_lt\/wp-json\/wp\/v2\/media?parent=59935"}],"wp:term":[{"taxonomy":"product_brand","embeddable":true,"href":"https:\/\/www.malinashop.lt\/lt_lt\/wp-json\/wp\/v2\/product_brand?post=59935"},{"taxonomy":"product_cat","embeddable":true,"href":"https:\/\/www.malinashop.lt\/lt_lt\/wp-json\/wp\/v2\/product_cat?post=59935"},{"taxonomy":"product_tag","embeddable":true,"href":"https:\/\/www.malinashop.lt\/lt_lt\/wp-json\/wp\/v2\/product_tag?post=59935"}],"curies":[{"name":"wp","href":"https:\/\/api.w.org\/{rel}","templated":true}]}}