{"id":59822,"date":"2025-10-28T22:44:18","date_gmt":"2025-10-28T19:44:18","guid":{"rendered":"https:\/\/malinashop.lt\/?post_type=product&#038;p=59822"},"modified":"2026-04-15T15:02:11","modified_gmt":"2026-04-15T12:02:11","slug":"once-moteru-kvepalu-rinkinys-etheria-edp-100ml-10ml-kosmetine","status":"publish","type":"product","link":"https:\/\/www.malinashop.lt\/lt_lt\/shop\/once-moteru-kvepalu-rinkinys-etheria-edp-100ml-10ml-kosmetine\/","title":{"rendered":"ONCE moter\u0173 kvepal\u0173 rinkinys ETHERIA EDP (100ml + 10ml) + kosmetin\u0117"},"content":{"rendered":"<p data-start=\"362\" data-end=\"517\"><strong data-start=\"362\" data-end=\"424\">ONCE ETHERIA kvepal\u0173 moterims rinkinys<\/strong> \u2013 tai <strong data-start=\"431\" data-end=\"496\">i\u0161skirtinis elegancijos, \u0161viesos ir moteri\u0161kos galios derinys<\/strong>. Rinkinyje rasite:<\/p>\n<ul data-start=\"518\" data-end=\"739\">\n<li data-start=\"518\" data-end=\"602\">\n<p data-start=\"520\" data-end=\"602\"><strong data-start=\"520\" data-end=\"547\">ONCE ETHERIA EDP 100 ml<\/strong> \u2013 klasikin\u012f aromat\u0105 kasdienai ar ypatingoms progoms;<\/p>\n<\/li>\n<li data-start=\"603\" data-end=\"682\">\n<p data-start=\"605\" data-end=\"682\"><strong data-start=\"605\" data-end=\"631\">ONCE ETHERIA EDP 10 ml<\/strong> \u2013 kelionin\u0119 versij\u0105, patogi\u0105 pasiimti su savimi;<\/p>\n<\/li>\n<li data-start=\"683\" data-end=\"739\">\n<p data-start=\"685\" data-end=\"739\"><strong data-start=\"685\" data-end=\"703\">ONCE kosmetin\u0119<\/strong> \u2013 prabang\u0173 ir stiling\u0105 aksesuar\u0105.<\/p>\n<\/li>\n<\/ul>\n<p data-start=\"741\" data-end=\"878\">Visa tai supakuota \u012f <strong data-start=\"762\" data-end=\"791\">eleganti\u0161k\u0105 dovan\u0173 d\u0117\u017eut\u0119<\/strong>, tod\u0117l \u0161is rinkinys taps <strong data-start=\"817\" data-end=\"875\">puikia dovana moteriai, vertinan\u010diai prabang\u0105 ir gro\u017e\u012f<\/strong>.<\/p>\n<p data-start=\"880\" data-end=\"1101\"><strong data-start=\"880\" data-end=\"916\">ONCE ETHERIA by Viktorija Siegel<\/strong> \u2013 tai <strong data-start=\"923\" data-end=\"958\">tyrumo, paslapties ir stipryb\u0117s<\/strong> kvapas. G\u0117li\u0173 ir rytieti\u0161k\u0173 nat\u0173 derinys sukuria turting\u0105, daugiasluoksn\u012f aromat\u0105, kuris \u017eadina poj\u016b\u010dius ir pabr\u0117\u017eia moteri\u0161k\u0105 pasitik\u0117jim\u0105.<\/p>\n<p data-start=\"1103\" data-end=\"1325\">\u0160is kvapas atspindi <strong data-start=\"1123\" data-end=\"1146\">Ethereal + Victoria<\/strong> reik\u0161m\u0119 \u2013 dvasin\u012f tobulum\u0105, skaidrum\u0105 ir pergal\u0119 prie\u0161 blog\u012f. <strong data-start=\"1209\" data-end=\"1220\">ETHERIA<\/strong> \u2013 tai <strong data-start=\"1227\" data-end=\"1267\">gyvybingas, paslaptingas ir \u017eavingas<\/strong> aromatas, kuris \u012fk\u016bnija moteri\u0161k\u0105 elegancij\u0105 bei ry\u017et\u0105.<\/p>\n<hr data-start=\"1327\" data-end=\"1330\" \/>\n<h3 data-start=\"1332\" data-end=\"1354\"><strong data-start=\"1336\" data-end=\"1352\">Kvap\u0173 natos:<\/strong><\/h3>\n<ul data-start=\"1355\" data-end=\"1550\">\n<li data-start=\"1355\" data-end=\"1432\">\n<p data-start=\"1357\" data-end=\"1432\"><strong data-start=\"1357\" data-end=\"1372\">Vir\u0161utin\u0117s:<\/strong> mandarinai, bergamot\u0117, juodieji serbentai, Nashi kriau\u0161\u0117.<\/p>\n<\/li>\n<li data-start=\"1433\" data-end=\"1493\">\n<p data-start=\"1435\" data-end=\"1493\"><strong data-start=\"1435\" data-end=\"1449\">Vidurin\u0117s:<\/strong> turki\u0161ka ro\u017e\u0117, gardenija, smilkalai, oud.<\/p>\n<\/li>\n<li data-start=\"1494\" data-end=\"1550\">\n<p data-start=\"1496\" data-end=\"1550\"><strong data-start=\"1496\" data-end=\"1508\">Bazin\u0117s:<\/strong> vanil\u0117, tonka pupel\u0117s, ambra, muskusas.<\/p>\n<\/li>\n<\/ul>\n<hr data-start=\"1552\" data-end=\"1555\" \/>\n<h3 data-start=\"1557\" data-end=\"1591\"><strong data-start=\"1561\" data-end=\"1589\">Aromato charakteristika:<\/strong><\/h3>\n<p data-start=\"1592\" data-end=\"1735\">\u2728 G\u0117li\u0173 ir rytieti\u0161kas kvapas<br data-start=\"1621\" data-end=\"1624\" \/>\u2728 Sald\u017eiai \u0161iltas, bet i\u0161skirtinai eleganti\u0161kas<br data-start=\"1671\" data-end=\"1674\" \/>\u2728 Sukurtas spinduliuoti pasitik\u0117jim\u0105 ir subtil\u0173 moteri\u0161kum\u0105<\/p>\n<hr data-start=\"1737\" data-end=\"1740\" \/>\n<h3 data-start=\"1742\" data-end=\"1775\"><strong data-start=\"1746\" data-end=\"1773\">ONCE perfume filosofija<\/strong><\/h3>\n<p data-start=\"1776\" data-end=\"1967\">ONCE kvepalai \u2013 tai <strong data-start=\"1796\" data-end=\"1848\">istorijos apie jausmus, emocijas ir prisiminimus<\/strong>. Kiekvienas aromatas i\u0161rei\u0161kia unikal\u0173 charakter\u012f ir emocij\u0105 \u2013 <strong data-start=\"1912\" data-end=\"1964\">meil\u0119, d\u017eiaugsm\u0105, jausmingum\u0105, dr\u0105s\u0105 ar tro\u0161kim\u0105<\/strong>.<\/p>\n<p data-start=\"1969\" data-end=\"2225\">Visi ONCE kvapai \u2013 <strong data-start=\"1988\" data-end=\"2042\">ilgai i\u0161liekantys, unikal\u016bs ir pagaminti Italijoje<\/strong>. Kolekcijoje: <em data-start=\"2057\" data-end=\"2163\">Etheria, Explosea, Pherody, Lipsens, Hotis, Handfidance, Lorev, Desight, Josy, Exiro, Courield, Braries.<\/em><br data-start=\"2163\" data-end=\"2166\" \/>Kiekvienas i\u0161 j\u0173 \u2013 <strong data-start=\"2185\" data-end=\"2225\">prabangos ir individualumo i\u0161rai\u0161ka.<\/strong><\/p>\n","protected":false},"excerpt":{"rendered":"<p data-start=\"142\" data-end=\"332\">ONCE ETHERIA \u2013 prabangus moter\u0173 kvepal\u0173 rinkinys su 100 ml ir 10 ml aromatu bei kosmetine. G\u0117li\u0173 ir rytieti\u0161kas kvapas, spinduliuojantis tyrum\u0105, elegancij\u0105 ir paslapt\u012f.<\/p>\n","protected":false},"featured_media":59823,"template":"","meta":[],"product_brand":[558],"product_cat":[1137,707,545,978],"product_tag":[1636],"class_list":{"0":"post-59822","1":"product","2":"type-product","3":"status-publish","4":"has-post-thumbnail","6":"product_brand-once-perfume","7":"product_cat-dovanos","8":"product_cat-kvepalai","9":"product_cat-kvepalai-moterims","10":"product_cat-kvepalu-rinkiniai","11":"product_tag-once-perfume","13":"first","14":"outofstock","15":"sale","16":"taxable","17":"shipping-taxable","18":"purchasable","19":"product-type-simple"},"yoast_head":"<!-- This site is optimized with the Yoast SEO plugin v27.4 - https:\/\/yoast.com\/product\/yoast-seo-wordpress\/ -->\n<title>ONCE moter\u0173 kvepal\u0173 rinkinys ETHERIA EDP (100ml + 10ml) + kosmetin\u0117 - MalinaShop.lt J\u016bs\u0173 sveikatai ir gro\u017eiui.<\/title>\n<meta name=\"description\" content=\"ONCE ETHERIA \u2013 g\u0117li\u0173 ir rytieti\u0161kas aromatas su bergamot\u0117s, ro\u017e\u0117s ir ambros natomis. Tyrumo ir elegancijos kvapas moteriai.\" \/>\n<meta name=\"robots\" content=\"index, follow, max-snippet:-1, max-image-preview:large, max-video-preview:-1\" \/>\n<link rel=\"canonical\" href=\"https:\/\/www.malinashop.lt\/lt_lt\/shop\/once-moteru-kvepalu-rinkinys-etheria-edp-100ml-10ml-kosmetine\/\" \/>\n<meta property=\"og:locale\" content=\"lt_LT\" \/>\n<meta property=\"og:type\" content=\"article\" \/>\n<meta property=\"og:title\" content=\"ONCE moter\u0173 kvepal\u0173 rinkinys ETHERIA EDP (100ml + 10ml) + kosmetin\u0117 - MalinaShop.lt J\u016bs\u0173 sveikatai ir gro\u017eiui.\" \/>\n<meta property=\"og:description\" content=\"ONCE ETHERIA \u2013 g\u0117li\u0173 ir rytieti\u0161kas aromatas su bergamot\u0117s, ro\u017e\u0117s ir ambros natomis. Tyrumo ir elegancijos kvapas moteriai.\" \/>\n<meta property=\"og:url\" content=\"https:\/\/www.malinashop.lt\/lt_lt\/shop\/once-moteru-kvepalu-rinkinys-etheria-edp-100ml-10ml-kosmetine\/\" \/>\n<meta property=\"og:site_name\" content=\"MalinaShop.lt J\u016bs\u0173 sveikatai ir gro\u017eiui.\" \/>\n<meta property=\"article:modified_time\" content=\"2026-04-15T12:02:11+00:00\" \/>\n<meta property=\"og:image\" content=\"https:\/\/www.malinashop.lt\/wp-content\/uploads\/2025\/10\/ONCE-moteru-kvepalu-rinkinys-ETHERIA-EDP-100ml-10ml-kosmetine.webp\" \/>\n\t<meta property=\"og:image:width\" content=\"990\" \/>\n\t<meta property=\"og:image:height\" content=\"990\" \/>\n\t<meta property=\"og:image:type\" content=\"image\/webp\" \/>\n<meta name=\"twitter:card\" content=\"summary_large_image\" \/>\n<script type=\"application\/ld+json\" class=\"yoast-schema-graph\">{\"@context\":\"https:\\\/\\\/schema.org\",\"@graph\":[{\"@type\":\"WebPage\",\"@id\":\"https:\\\/\\\/www.malinashop.lt\\\/shop\\\/once-moteru-kvepalu-rinkinys-etheria-edp-100ml-10ml-kosmetine\\\/\",\"url\":\"https:\\\/\\\/www.malinashop.lt\\\/shop\\\/once-moteru-kvepalu-rinkinys-etheria-edp-100ml-10ml-kosmetine\\\/\",\"name\":\"ONCE moter\u0173 kvepal\u0173 rinkinys ETHERIA EDP (100ml + 10ml) + kosmetin\u0117 - MalinaShop.lt J\u016bs\u0173 sveikatai ir gro\u017eiui.\",\"isPartOf\":{\"@id\":\"https:\\\/\\\/www.malinashop.lt\\\/#website\"},\"primaryImageOfPage\":{\"@id\":\"https:\\\/\\\/www.malinashop.lt\\\/shop\\\/once-moteru-kvepalu-rinkinys-etheria-edp-100ml-10ml-kosmetine\\\/#primaryimage\"},\"image\":{\"@id\":\"https:\\\/\\\/www.malinashop.lt\\\/shop\\\/once-moteru-kvepalu-rinkinys-etheria-edp-100ml-10ml-kosmetine\\\/#primaryimage\"},\"thumbnailUrl\":\"https:\\\/\\\/www.malinashop.lt\\\/wp-content\\\/uploads\\\/2025\\\/10\\\/ONCE-moteru-kvepalu-rinkinys-ETHERIA-EDP-100ml-10ml-kosmetine.webp\",\"datePublished\":\"2025-10-28T19:44:18+00:00\",\"dateModified\":\"2026-04-15T12:02:11+00:00\",\"description\":\"ONCE ETHERIA \u2013 g\u0117li\u0173 ir rytieti\u0161kas aromatas su bergamot\u0117s, ro\u017e\u0117s ir ambros natomis. Tyrumo ir elegancijos kvapas moteriai.\",\"breadcrumb\":{\"@id\":\"https:\\\/\\\/www.malinashop.lt\\\/shop\\\/once-moteru-kvepalu-rinkinys-etheria-edp-100ml-10ml-kosmetine\\\/#breadcrumb\"},\"inLanguage\":\"lt-LT\",\"potentialAction\":[{\"@type\":\"ReadAction\",\"target\":[\"https:\\\/\\\/www.malinashop.lt\\\/shop\\\/once-moteru-kvepalu-rinkinys-etheria-edp-100ml-10ml-kosmetine\\\/\"]}]},{\"@type\":\"ImageObject\",\"inLanguage\":\"lt-LT\",\"@id\":\"https:\\\/\\\/www.malinashop.lt\\\/shop\\\/once-moteru-kvepalu-rinkinys-etheria-edp-100ml-10ml-kosmetine\\\/#primaryimage\",\"url\":\"https:\\\/\\\/www.malinashop.lt\\\/wp-content\\\/uploads\\\/2025\\\/10\\\/ONCE-moteru-kvepalu-rinkinys-ETHERIA-EDP-100ml-10ml-kosmetine.webp\",\"contentUrl\":\"https:\\\/\\\/www.malinashop.lt\\\/wp-content\\\/uploads\\\/2025\\\/10\\\/ONCE-moteru-kvepalu-rinkinys-ETHERIA-EDP-100ml-10ml-kosmetine.webp\",\"width\":990,\"height\":990},{\"@type\":\"BreadcrumbList\",\"@id\":\"https:\\\/\\\/www.malinashop.lt\\\/shop\\\/once-moteru-kvepalu-rinkinys-etheria-edp-100ml-10ml-kosmetine\\\/#breadcrumb\",\"itemListElement\":[{\"@type\":\"ListItem\",\"position\":1,\"name\":\"Pagrindinis\",\"item\":\"https:\\\/\\\/www.malinashop.lt\\\/\"},{\"@type\":\"ListItem\",\"position\":2,\"name\":\"Parduotuv\u0117\",\"item\":\"https:\\\/\\\/www.malinashop.lt\\\/en\\\/parduotuve\\\/\"},{\"@type\":\"ListItem\",\"position\":3,\"name\":\"ONCE moter\u0173 kvepal\u0173 rinkinys ETHERIA EDP (100ml + 10ml) + kosmetin\u0117\"}]},{\"@type\":\"WebSite\",\"@id\":\"https:\\\/\\\/www.malinashop.lt\\\/#website\",\"url\":\"https:\\\/\\\/www.malinashop.lt\\\/\",\"name\":\"COM Group Ecommerce\",\"description\":\"MalinaShop.lt - Gro\u017eio ir sveikatos produktai i\u0161 patikim\u0173 preki\u0173 \u017eenkl\u0173. Atraskite auk\u0161tos kokyb\u0117s kosmetik\u0105 u\u017e puiki\u0105 kain\u0105.\",\"publisher\":{\"@id\":\"https:\\\/\\\/www.malinashop.lt\\\/#organization\"},\"potentialAction\":[{\"@type\":\"SearchAction\",\"target\":{\"@type\":\"EntryPoint\",\"urlTemplate\":\"https:\\\/\\\/www.malinashop.lt\\\/?s={search_term_string}\"},\"query-input\":{\"@type\":\"PropertyValueSpecification\",\"valueRequired\":true,\"valueName\":\"search_term_string\"}}],\"inLanguage\":\"lt-LT\"},{\"@type\":\"Organization\",\"@id\":\"https:\\\/\\\/www.malinashop.lt\\\/#organization\",\"name\":\"COM Group Ecommerce\",\"url\":\"https:\\\/\\\/www.malinashop.lt\\\/\",\"logo\":{\"@type\":\"ImageObject\",\"inLanguage\":\"lt-LT\",\"@id\":\"https:\\\/\\\/www.malinashop.lt\\\/#\\\/schema\\\/logo\\\/image\\\/\",\"url\":\"https:\\\/\\\/www.malinashop.lt\\\/wp-content\\\/uploads\\\/2024\\\/08\\\/462559670_3787732518133670_9795632669273463_n-e1731525914575.png\",\"contentUrl\":\"https:\\\/\\\/www.malinashop.lt\\\/wp-content\\\/uploads\\\/2024\\\/08\\\/462559670_3787732518133670_9795632669273463_n-e1731525914575.png\",\"width\":180,\"height\":60,\"caption\":\"COM Group Ecommerce\"},\"image\":{\"@id\":\"https:\\\/\\\/www.malinashop.lt\\\/#\\\/schema\\\/logo\\\/image\\\/\"}}]}<\/script>\n<!-- \/ Yoast SEO plugin. -->","yoast_head_json":{"title":"ONCE moter\u0173 kvepal\u0173 rinkinys ETHERIA EDP (100ml + 10ml) + kosmetin\u0117 - MalinaShop.lt J\u016bs\u0173 sveikatai ir gro\u017eiui.","description":"ONCE ETHERIA \u2013 g\u0117li\u0173 ir rytieti\u0161kas aromatas su bergamot\u0117s, ro\u017e\u0117s ir ambros natomis. Tyrumo ir elegancijos kvapas moteriai.","robots":{"index":"index","follow":"follow","max-snippet":"max-snippet:-1","max-image-preview":"max-image-preview:large","max-video-preview":"max-video-preview:-1"},"canonical":"https:\/\/www.malinashop.lt\/lt_lt\/shop\/once-moteru-kvepalu-rinkinys-etheria-edp-100ml-10ml-kosmetine\/","og_locale":"lt_LT","og_type":"article","og_title":"ONCE moter\u0173 kvepal\u0173 rinkinys ETHERIA EDP (100ml + 10ml) + kosmetin\u0117 - MalinaShop.lt J\u016bs\u0173 sveikatai ir gro\u017eiui.","og_description":"ONCE ETHERIA \u2013 g\u0117li\u0173 ir rytieti\u0161kas aromatas su bergamot\u0117s, ro\u017e\u0117s ir ambros natomis. Tyrumo ir elegancijos kvapas moteriai.","og_url":"https:\/\/www.malinashop.lt\/lt_lt\/shop\/once-moteru-kvepalu-rinkinys-etheria-edp-100ml-10ml-kosmetine\/","og_site_name":"MalinaShop.lt J\u016bs\u0173 sveikatai ir gro\u017eiui.","article_modified_time":"2026-04-15T12:02:11+00:00","og_image":[{"width":990,"height":990,"url":"https:\/\/www.malinashop.lt\/wp-content\/uploads\/2025\/10\/ONCE-moteru-kvepalu-rinkinys-ETHERIA-EDP-100ml-10ml-kosmetine.webp","type":"image\/webp"}],"twitter_card":"summary_large_image","schema":{"@context":"https:\/\/schema.org","@graph":[{"@type":"WebPage","@id":"https:\/\/www.malinashop.lt\/shop\/once-moteru-kvepalu-rinkinys-etheria-edp-100ml-10ml-kosmetine\/","url":"https:\/\/www.malinashop.lt\/shop\/once-moteru-kvepalu-rinkinys-etheria-edp-100ml-10ml-kosmetine\/","name":"ONCE moter\u0173 kvepal\u0173 rinkinys ETHERIA EDP (100ml + 10ml) + kosmetin\u0117 - MalinaShop.lt J\u016bs\u0173 sveikatai ir gro\u017eiui.","isPartOf":{"@id":"https:\/\/www.malinashop.lt\/#website"},"primaryImageOfPage":{"@id":"https:\/\/www.malinashop.lt\/shop\/once-moteru-kvepalu-rinkinys-etheria-edp-100ml-10ml-kosmetine\/#primaryimage"},"image":{"@id":"https:\/\/www.malinashop.lt\/shop\/once-moteru-kvepalu-rinkinys-etheria-edp-100ml-10ml-kosmetine\/#primaryimage"},"thumbnailUrl":"https:\/\/www.malinashop.lt\/wp-content\/uploads\/2025\/10\/ONCE-moteru-kvepalu-rinkinys-ETHERIA-EDP-100ml-10ml-kosmetine.webp","datePublished":"2025-10-28T19:44:18+00:00","dateModified":"2026-04-15T12:02:11+00:00","description":"ONCE ETHERIA \u2013 g\u0117li\u0173 ir rytieti\u0161kas aromatas su bergamot\u0117s, ro\u017e\u0117s ir ambros natomis. Tyrumo ir elegancijos kvapas moteriai.","breadcrumb":{"@id":"https:\/\/www.malinashop.lt\/shop\/once-moteru-kvepalu-rinkinys-etheria-edp-100ml-10ml-kosmetine\/#breadcrumb"},"inLanguage":"lt-LT","potentialAction":[{"@type":"ReadAction","target":["https:\/\/www.malinashop.lt\/shop\/once-moteru-kvepalu-rinkinys-etheria-edp-100ml-10ml-kosmetine\/"]}]},{"@type":"ImageObject","inLanguage":"lt-LT","@id":"https:\/\/www.malinashop.lt\/shop\/once-moteru-kvepalu-rinkinys-etheria-edp-100ml-10ml-kosmetine\/#primaryimage","url":"https:\/\/www.malinashop.lt\/wp-content\/uploads\/2025\/10\/ONCE-moteru-kvepalu-rinkinys-ETHERIA-EDP-100ml-10ml-kosmetine.webp","contentUrl":"https:\/\/www.malinashop.lt\/wp-content\/uploads\/2025\/10\/ONCE-moteru-kvepalu-rinkinys-ETHERIA-EDP-100ml-10ml-kosmetine.webp","width":990,"height":990},{"@type":"BreadcrumbList","@id":"https:\/\/www.malinashop.lt\/shop\/once-moteru-kvepalu-rinkinys-etheria-edp-100ml-10ml-kosmetine\/#breadcrumb","itemListElement":[{"@type":"ListItem","position":1,"name":"Pagrindinis","item":"https:\/\/www.malinashop.lt\/"},{"@type":"ListItem","position":2,"name":"Parduotuv\u0117","item":"https:\/\/www.malinashop.lt\/en\/parduotuve\/"},{"@type":"ListItem","position":3,"name":"ONCE moter\u0173 kvepal\u0173 rinkinys ETHERIA EDP (100ml + 10ml) + kosmetin\u0117"}]},{"@type":"WebSite","@id":"https:\/\/www.malinashop.lt\/#website","url":"https:\/\/www.malinashop.lt\/","name":"COM Group Ecommerce","description":"MalinaShop.lt - Gro\u017eio ir sveikatos produktai i\u0161 patikim\u0173 preki\u0173 \u017eenkl\u0173. Atraskite auk\u0161tos kokyb\u0117s kosmetik\u0105 u\u017e puiki\u0105 kain\u0105.","publisher":{"@id":"https:\/\/www.malinashop.lt\/#organization"},"potentialAction":[{"@type":"SearchAction","target":{"@type":"EntryPoint","urlTemplate":"https:\/\/www.malinashop.lt\/?s={search_term_string}"},"query-input":{"@type":"PropertyValueSpecification","valueRequired":true,"valueName":"search_term_string"}}],"inLanguage":"lt-LT"},{"@type":"Organization","@id":"https:\/\/www.malinashop.lt\/#organization","name":"COM Group Ecommerce","url":"https:\/\/www.malinashop.lt\/","logo":{"@type":"ImageObject","inLanguage":"lt-LT","@id":"https:\/\/www.malinashop.lt\/#\/schema\/logo\/image\/","url":"https:\/\/www.malinashop.lt\/wp-content\/uploads\/2024\/08\/462559670_3787732518133670_9795632669273463_n-e1731525914575.png","contentUrl":"https:\/\/www.malinashop.lt\/wp-content\/uploads\/2024\/08\/462559670_3787732518133670_9795632669273463_n-e1731525914575.png","width":180,"height":60,"caption":"COM Group Ecommerce"},"image":{"@id":"https:\/\/www.malinashop.lt\/#\/schema\/logo\/image\/"}}]}},"jetpack_sharing_enabled":true,"_links":{"self":[{"href":"https:\/\/www.malinashop.lt\/lt_lt\/wp-json\/wp\/v2\/product\/59822","targetHints":{"allow":["GET"]}}],"collection":[{"href":"https:\/\/www.malinashop.lt\/lt_lt\/wp-json\/wp\/v2\/product"}],"about":[{"href":"https:\/\/www.malinashop.lt\/lt_lt\/wp-json\/wp\/v2\/types\/product"}],"version-history":[{"count":1,"href":"https:\/\/www.malinashop.lt\/lt_lt\/wp-json\/wp\/v2\/product\/59822\/revisions"}],"predecessor-version":[{"id":59824,"href":"https:\/\/www.malinashop.lt\/lt_lt\/wp-json\/wp\/v2\/product\/59822\/revisions\/59824"}],"wp:featuredmedia":[{"embeddable":true,"href":"https:\/\/www.malinashop.lt\/lt_lt\/wp-json\/wp\/v2\/media\/59823"}],"wp:attachment":[{"href":"https:\/\/www.malinashop.lt\/lt_lt\/wp-json\/wp\/v2\/media?parent=59822"}],"wp:term":[{"taxonomy":"product_brand","embeddable":true,"href":"https:\/\/www.malinashop.lt\/lt_lt\/wp-json\/wp\/v2\/product_brand?post=59822"},{"taxonomy":"product_cat","embeddable":true,"href":"https:\/\/www.malinashop.lt\/lt_lt\/wp-json\/wp\/v2\/product_cat?post=59822"},{"taxonomy":"product_tag","embeddable":true,"href":"https:\/\/www.malinashop.lt\/lt_lt\/wp-json\/wp\/v2\/product_tag?post=59822"}],"curies":[{"name":"wp","href":"https:\/\/api.w.org\/{rel}","templated":true}]}}