{"id":59819,"date":"2025-10-28T22:40:20","date_gmt":"2025-10-28T19:40:20","guid":{"rendered":"https:\/\/malinashop.lt\/?post_type=product&#038;p=59819"},"modified":"2026-03-18T12:32:56","modified_gmt":"2026-03-18T09:32:56","slug":"once-vyru-kvepalu-rinkinys-courield-edp-100ml-10ml-kosmetine","status":"publish","type":"product","link":"https:\/\/www.malinashop.lt\/lt_lt\/shop\/once-vyru-kvepalu-rinkinys-courield-edp-100ml-10ml-kosmetine\/","title":{"rendered":"ONCE vyr\u0173 kvepal\u0173 rinkinys COURIELD EDP (100ml + 10ml) + kosmetin\u0117"},"content":{"rendered":"<p data-start=\"327\" data-end=\"437\"><strong data-start=\"327\" data-end=\"366\">ONCE COURIELD vyr\u0173 kvepal\u0173 rinkinys<\/strong> \u2013 tai <strong data-start=\"373\" data-end=\"416\">modernumo, vyri\u0161kumo ir dr\u0105sos simbolis<\/strong>. Rinkinyje rasite:<\/p>\n<ul data-start=\"438\" data-end=\"615\">\n<li data-start=\"438\" data-end=\"493\">\n<p data-start=\"440\" data-end=\"493\"><strong data-start=\"440\" data-end=\"468\">ONCE COURIELD EDP 100 ml<\/strong> \u2013 klasikin\u012f buteliuk\u0105;<\/p>\n<\/li>\n<li data-start=\"494\" data-end=\"554\">\n<p data-start=\"496\" data-end=\"554\"><strong data-start=\"496\" data-end=\"523\">ONCE COURIELD EDP 10 ml<\/strong> \u2013 patogi\u0105 kelionin\u0119 versij\u0105;<\/p>\n<\/li>\n<li data-start=\"555\" data-end=\"615\">\n<p data-start=\"557\" data-end=\"615\"><strong data-start=\"557\" data-end=\"575\">ONCE kosmetin\u0119<\/strong> \u2013 eleganti\u0161k\u0105 ir prakti\u0161k\u0105 aksesuar\u0105.<\/p>\n<\/li>\n<\/ul>\n<p data-start=\"617\" data-end=\"738\">Visa tai supakuota \u012f <strong data-start=\"638\" data-end=\"665\">prabangi\u0105 dovan\u0173 d\u0117\u017eut\u0119<\/strong>, tod\u0117l \u0161is rinkinys puikiai tiks <strong data-start=\"699\" data-end=\"735\">dovanai ar kasdieniam naudojimui<\/strong>.<\/p>\n<p data-start=\"740\" data-end=\"1044\"><strong data-start=\"740\" data-end=\"771\">ONCE COURIELD Eau de Parfum<\/strong> \u2013 tai <strong data-start=\"778\" data-end=\"825\">modernus, dinami\u0161kas ir i\u0161rai\u0161kingas kvapas<\/strong>, perteikiantis <strong data-start=\"841\" data-end=\"883\">nuotyki\u0173 dvasi\u0105 ir pasitik\u0117jim\u0105 savimi<\/strong>.<br data-start=\"884\" data-end=\"887\" \/>Kvapo \u0161irdyje \u2013 <strong data-start=\"903\" data-end=\"945\">juodojo kedro ir \u017ealiosios vetiverijos<\/strong> derinys, suteikiantis tvirtumo, o <strong data-start=\"980\" data-end=\"1011\">citrusiniai ir \u017eali akordai<\/strong> prideda gaivumo bei energijos.<\/p>\n<hr data-start=\"1046\" data-end=\"1049\" \/>\n<h3 data-start=\"1051\" data-end=\"1073\"><strong data-start=\"1055\" data-end=\"1071\">Kvap\u0173 natos:<\/strong><\/h3>\n<ul data-start=\"1074\" data-end=\"1286\">\n<li data-start=\"1074\" data-end=\"1153\">\n<p data-start=\"1076\" data-end=\"1153\"><strong data-start=\"1076\" data-end=\"1091\">Vir\u0161utin\u0117s:<\/strong> citrusiniai vaisiai, kalendros lapai, \u0161vie\u017e\u016bs \u017eali akordai.<\/p>\n<\/li>\n<li data-start=\"1154\" data-end=\"1216\">\n<p data-start=\"1156\" data-end=\"1216\"><strong data-start=\"1156\" data-end=\"1170\">Vidurin\u0117s:<\/strong> mediena, sakai, a\u0161trus prieskoni\u0173 aromatas.<\/p>\n<\/li>\n<li data-start=\"1217\" data-end=\"1286\">\n<p data-start=\"1219\" data-end=\"1286\"><strong data-start=\"1219\" data-end=\"1231\">Bazin\u0117s:<\/strong> kiparisas, kvapusis auksabarzdis, benzoinas, kedras.<\/p>\n<\/li>\n<\/ul>\n<hr data-start=\"1288\" data-end=\"1291\" \/>\n<h3 data-start=\"1293\" data-end=\"1328\"><strong data-start=\"1297\" data-end=\"1326\">K\u016br\u0117ja \u2013 Soizic Beaucourt<\/strong><\/h3>\n<p data-start=\"1329\" data-end=\"1578\">\u0160io aromato autor\u0117 \u2013 <strong data-start=\"1350\" data-end=\"1389\">pranc\u016bz\u0173 parfumer\u0117 Soizic Beaucourt<\/strong>, kurios k\u016bryboje susipina menas, estetika ir emocijos. Ji tiki, kad <strong data-start=\"1458\" data-end=\"1487\">ribos \u012fkvepia k\u016brybi\u0161kum\u0105<\/strong>, o kvepalai \u2013 tai <strong data-start=\"1506\" data-end=\"1526\">\u201eskystas gro\u017eis\u201c<\/strong>, atskleid\u017eiantis kiekvieno \u017emogaus individualum\u0105.<\/p>\n<blockquote data-start=\"1580\" data-end=\"1662\">\n<p data-start=\"1582\" data-end=\"1662\">\u201eMane labiausiai domina procesas, kai \u012fkv\u0117pimas tampa realybe,\u201c \u2013 sako Soizic.<\/p>\n<\/blockquote>\n<hr data-start=\"1664\" data-end=\"1667\" \/>\n<h3 data-start=\"1669\" data-end=\"1702\"><strong data-start=\"1673\" data-end=\"1700\">ONCE perfume filosofija<\/strong><\/h3>\n<p data-start=\"1703\" data-end=\"1943\">ONCE kvepalai \u2013 tai <strong data-start=\"1723\" data-end=\"1754\">unikalios emocij\u0173 istorijos<\/strong>, sukurtos tam, kad perteikt\u0173 <strong data-start=\"1784\" data-end=\"1842\">dr\u0105s\u0105, energij\u0105, pasitik\u0117jim\u0105, jausmingum\u0105 ir tro\u0161kim\u0105<\/strong>.<br data-start=\"1843\" data-end=\"1846\" \/>Kiekvienas aromatas \u2013 <strong data-start=\"1868\" data-end=\"1903\">originalus ir ilgai i\u0161liekantis<\/strong>, sukurtas tiek vyrams, tiek moterims.<\/p>\n<p data-start=\"1945\" data-end=\"2139\">Kolekcijoje: <em data-start=\"1958\" data-end=\"2036\">Lipsens, Hotis, Handfidance, Lorev, Desight, Josy, Exiro, Courield, Braries.<\/em><br data-start=\"2036\" data-end=\"2039\" \/>Visi ONCE aromatai <strong data-start=\"2058\" data-end=\"2081\">pagaminti Italijoje<\/strong> ir pasi\u017eymi <strong data-start=\"2094\" data-end=\"2139\">auk\u0161\u010diausia kokybe bei prabangiu dizainu.<\/strong><\/p>\n","protected":false},"excerpt":{"rendered":"<p data-start=\"120\" data-end=\"278\">ONCE COURIELD \u2013 prabangus vyr\u0173 kvepal\u0173 rinkinys su 100 ml ir 10 ml aromatu bei kosmetine. Intensyvus ir modernus aromatas, kuriame dera kedras, vetiverija ir kalendros lapai.<\/p>\n","protected":false},"featured_media":59820,"template":"","meta":[],"product_brand":[558],"product_cat":[1137,707,547,978],"product_tag":[1636],"class_list":{"0":"post-59819","1":"product","2":"type-product","3":"status-publish","4":"has-post-thumbnail","6":"product_brand-once-perfume","7":"product_cat-dovanos","8":"product_cat-kvepalai","9":"product_cat-kvepalai-vyrams","10":"product_cat-kvepalu-rinkiniai","11":"product_tag-once-perfume","13":"first","14":"instock","15":"sale","16":"taxable","17":"shipping-taxable","18":"purchasable","19":"product-type-simple"},"yoast_head":"<!-- This site is optimized with the Yoast SEO plugin v27.4 - https:\/\/yoast.com\/product\/yoast-seo-wordpress\/ -->\n<title>ONCE vyr\u0173 kvepal\u0173 rinkinys COURIELD EDP (100ml + 10ml) + kosmetin\u0117 - MalinaShop.lt J\u016bs\u0173 sveikatai ir gro\u017eiui.<\/title>\n<meta name=\"description\" content=\"ONCE COURIELD \u2013 prabangus vyr\u0173 kvepal\u0173 rinkinys su 100 ml ir 10 ml aromatu bei kosmetine. Kedro, vetiverijos ir kalendros lap\u0173 aromatas \u2013 moderniam vyrui.\" \/>\n<meta name=\"robots\" content=\"index, follow, max-snippet:-1, max-image-preview:large, max-video-preview:-1\" \/>\n<link rel=\"canonical\" href=\"https:\/\/www.malinashop.lt\/lt_lt\/shop\/once-vyru-kvepalu-rinkinys-courield-edp-100ml-10ml-kosmetine\/\" \/>\n<meta property=\"og:locale\" content=\"lt_LT\" \/>\n<meta property=\"og:type\" content=\"article\" \/>\n<meta property=\"og:title\" content=\"ONCE vyr\u0173 kvepal\u0173 rinkinys COURIELD EDP (100ml + 10ml) + kosmetin\u0117 - MalinaShop.lt J\u016bs\u0173 sveikatai ir gro\u017eiui.\" \/>\n<meta property=\"og:description\" content=\"ONCE COURIELD \u2013 prabangus vyr\u0173 kvepal\u0173 rinkinys su 100 ml ir 10 ml aromatu bei kosmetine. Kedro, vetiverijos ir kalendros lap\u0173 aromatas \u2013 moderniam vyrui.\" \/>\n<meta property=\"og:url\" content=\"https:\/\/www.malinashop.lt\/lt_lt\/shop\/once-vyru-kvepalu-rinkinys-courield-edp-100ml-10ml-kosmetine\/\" \/>\n<meta property=\"og:site_name\" content=\"MalinaShop.lt J\u016bs\u0173 sveikatai ir gro\u017eiui.\" \/>\n<meta property=\"article:modified_time\" content=\"2026-03-18T09:32:56+00:00\" \/>\n<meta property=\"og:image\" content=\"https:\/\/www.malinashop.lt\/wp-content\/uploads\/2025\/10\/ONCE-vyru-kvepalu-rinkinys-COURIELD-EDP-100ml-10ml-kosmetine.webp\" \/>\n\t<meta property=\"og:image:width\" content=\"990\" \/>\n\t<meta property=\"og:image:height\" content=\"990\" \/>\n\t<meta property=\"og:image:type\" content=\"image\/webp\" \/>\n<meta name=\"twitter:card\" content=\"summary_large_image\" \/>\n<script type=\"application\/ld+json\" class=\"yoast-schema-graph\">{\"@context\":\"https:\\\/\\\/schema.org\",\"@graph\":[{\"@type\":\"WebPage\",\"@id\":\"https:\\\/\\\/www.malinashop.lt\\\/shop\\\/once-vyru-kvepalu-rinkinys-courield-edp-100ml-10ml-kosmetine\\\/\",\"url\":\"https:\\\/\\\/www.malinashop.lt\\\/shop\\\/once-vyru-kvepalu-rinkinys-courield-edp-100ml-10ml-kosmetine\\\/\",\"name\":\"ONCE vyr\u0173 kvepal\u0173 rinkinys COURIELD EDP (100ml + 10ml) + kosmetin\u0117 - MalinaShop.lt J\u016bs\u0173 sveikatai ir gro\u017eiui.\",\"isPartOf\":{\"@id\":\"https:\\\/\\\/www.malinashop.lt\\\/#website\"},\"primaryImageOfPage\":{\"@id\":\"https:\\\/\\\/www.malinashop.lt\\\/shop\\\/once-vyru-kvepalu-rinkinys-courield-edp-100ml-10ml-kosmetine\\\/#primaryimage\"},\"image\":{\"@id\":\"https:\\\/\\\/www.malinashop.lt\\\/shop\\\/once-vyru-kvepalu-rinkinys-courield-edp-100ml-10ml-kosmetine\\\/#primaryimage\"},\"thumbnailUrl\":\"https:\\\/\\\/www.malinashop.lt\\\/wp-content\\\/uploads\\\/2025\\\/10\\\/ONCE-vyru-kvepalu-rinkinys-COURIELD-EDP-100ml-10ml-kosmetine.webp\",\"datePublished\":\"2025-10-28T19:40:20+00:00\",\"dateModified\":\"2026-03-18T09:32:56+00:00\",\"description\":\"ONCE COURIELD \u2013 prabangus vyr\u0173 kvepal\u0173 rinkinys su 100 ml ir 10 ml aromatu bei kosmetine. Kedro, vetiverijos ir kalendros lap\u0173 aromatas \u2013 moderniam vyrui.\",\"breadcrumb\":{\"@id\":\"https:\\\/\\\/www.malinashop.lt\\\/shop\\\/once-vyru-kvepalu-rinkinys-courield-edp-100ml-10ml-kosmetine\\\/#breadcrumb\"},\"inLanguage\":\"lt-LT\",\"potentialAction\":[{\"@type\":\"ReadAction\",\"target\":[\"https:\\\/\\\/www.malinashop.lt\\\/shop\\\/once-vyru-kvepalu-rinkinys-courield-edp-100ml-10ml-kosmetine\\\/\"]}]},{\"@type\":\"ImageObject\",\"inLanguage\":\"lt-LT\",\"@id\":\"https:\\\/\\\/www.malinashop.lt\\\/shop\\\/once-vyru-kvepalu-rinkinys-courield-edp-100ml-10ml-kosmetine\\\/#primaryimage\",\"url\":\"https:\\\/\\\/www.malinashop.lt\\\/wp-content\\\/uploads\\\/2025\\\/10\\\/ONCE-vyru-kvepalu-rinkinys-COURIELD-EDP-100ml-10ml-kosmetine.webp\",\"contentUrl\":\"https:\\\/\\\/www.malinashop.lt\\\/wp-content\\\/uploads\\\/2025\\\/10\\\/ONCE-vyru-kvepalu-rinkinys-COURIELD-EDP-100ml-10ml-kosmetine.webp\",\"width\":990,\"height\":990},{\"@type\":\"BreadcrumbList\",\"@id\":\"https:\\\/\\\/www.malinashop.lt\\\/shop\\\/once-vyru-kvepalu-rinkinys-courield-edp-100ml-10ml-kosmetine\\\/#breadcrumb\",\"itemListElement\":[{\"@type\":\"ListItem\",\"position\":1,\"name\":\"Pagrindinis\",\"item\":\"https:\\\/\\\/www.malinashop.lt\\\/\"},{\"@type\":\"ListItem\",\"position\":2,\"name\":\"Parduotuv\u0117\",\"item\":\"https:\\\/\\\/www.malinashop.lt\\\/en\\\/parduotuve\\\/\"},{\"@type\":\"ListItem\",\"position\":3,\"name\":\"ONCE vyr\u0173 kvepal\u0173 rinkinys COURIELD EDP (100ml + 10ml) + kosmetin\u0117\"}]},{\"@type\":\"WebSite\",\"@id\":\"https:\\\/\\\/www.malinashop.lt\\\/#website\",\"url\":\"https:\\\/\\\/www.malinashop.lt\\\/\",\"name\":\"COM Group Ecommerce\",\"description\":\"MalinaShop.lt - Gro\u017eio ir sveikatos produktai i\u0161 patikim\u0173 preki\u0173 \u017eenkl\u0173. Atraskite auk\u0161tos kokyb\u0117s kosmetik\u0105 u\u017e puiki\u0105 kain\u0105.\",\"publisher\":{\"@id\":\"https:\\\/\\\/www.malinashop.lt\\\/#organization\"},\"potentialAction\":[{\"@type\":\"SearchAction\",\"target\":{\"@type\":\"EntryPoint\",\"urlTemplate\":\"https:\\\/\\\/www.malinashop.lt\\\/?s={search_term_string}\"},\"query-input\":{\"@type\":\"PropertyValueSpecification\",\"valueRequired\":true,\"valueName\":\"search_term_string\"}}],\"inLanguage\":\"lt-LT\"},{\"@type\":\"Organization\",\"@id\":\"https:\\\/\\\/www.malinashop.lt\\\/#organization\",\"name\":\"COM Group Ecommerce\",\"url\":\"https:\\\/\\\/www.malinashop.lt\\\/\",\"logo\":{\"@type\":\"ImageObject\",\"inLanguage\":\"lt-LT\",\"@id\":\"https:\\\/\\\/www.malinashop.lt\\\/#\\\/schema\\\/logo\\\/image\\\/\",\"url\":\"https:\\\/\\\/www.malinashop.lt\\\/wp-content\\\/uploads\\\/2024\\\/08\\\/462559670_3787732518133670_9795632669273463_n-e1731525914575.png\",\"contentUrl\":\"https:\\\/\\\/www.malinashop.lt\\\/wp-content\\\/uploads\\\/2024\\\/08\\\/462559670_3787732518133670_9795632669273463_n-e1731525914575.png\",\"width\":180,\"height\":60,\"caption\":\"COM Group Ecommerce\"},\"image\":{\"@id\":\"https:\\\/\\\/www.malinashop.lt\\\/#\\\/schema\\\/logo\\\/image\\\/\"}}]}<\/script>\n<!-- \/ Yoast SEO plugin. -->","yoast_head_json":{"title":"ONCE vyr\u0173 kvepal\u0173 rinkinys COURIELD EDP (100ml + 10ml) + kosmetin\u0117 - MalinaShop.lt J\u016bs\u0173 sveikatai ir gro\u017eiui.","description":"ONCE COURIELD \u2013 prabangus vyr\u0173 kvepal\u0173 rinkinys su 100 ml ir 10 ml aromatu bei kosmetine. Kedro, vetiverijos ir kalendros lap\u0173 aromatas \u2013 moderniam vyrui.","robots":{"index":"index","follow":"follow","max-snippet":"max-snippet:-1","max-image-preview":"max-image-preview:large","max-video-preview":"max-video-preview:-1"},"canonical":"https:\/\/www.malinashop.lt\/lt_lt\/shop\/once-vyru-kvepalu-rinkinys-courield-edp-100ml-10ml-kosmetine\/","og_locale":"lt_LT","og_type":"article","og_title":"ONCE vyr\u0173 kvepal\u0173 rinkinys COURIELD EDP (100ml + 10ml) + kosmetin\u0117 - MalinaShop.lt J\u016bs\u0173 sveikatai ir gro\u017eiui.","og_description":"ONCE COURIELD \u2013 prabangus vyr\u0173 kvepal\u0173 rinkinys su 100 ml ir 10 ml aromatu bei kosmetine. Kedro, vetiverijos ir kalendros lap\u0173 aromatas \u2013 moderniam vyrui.","og_url":"https:\/\/www.malinashop.lt\/lt_lt\/shop\/once-vyru-kvepalu-rinkinys-courield-edp-100ml-10ml-kosmetine\/","og_site_name":"MalinaShop.lt J\u016bs\u0173 sveikatai ir gro\u017eiui.","article_modified_time":"2026-03-18T09:32:56+00:00","og_image":[{"width":990,"height":990,"url":"https:\/\/www.malinashop.lt\/wp-content\/uploads\/2025\/10\/ONCE-vyru-kvepalu-rinkinys-COURIELD-EDP-100ml-10ml-kosmetine.webp","type":"image\/webp"}],"twitter_card":"summary_large_image","schema":{"@context":"https:\/\/schema.org","@graph":[{"@type":"WebPage","@id":"https:\/\/www.malinashop.lt\/shop\/once-vyru-kvepalu-rinkinys-courield-edp-100ml-10ml-kosmetine\/","url":"https:\/\/www.malinashop.lt\/shop\/once-vyru-kvepalu-rinkinys-courield-edp-100ml-10ml-kosmetine\/","name":"ONCE vyr\u0173 kvepal\u0173 rinkinys COURIELD EDP (100ml + 10ml) + kosmetin\u0117 - MalinaShop.lt J\u016bs\u0173 sveikatai ir gro\u017eiui.","isPartOf":{"@id":"https:\/\/www.malinashop.lt\/#website"},"primaryImageOfPage":{"@id":"https:\/\/www.malinashop.lt\/shop\/once-vyru-kvepalu-rinkinys-courield-edp-100ml-10ml-kosmetine\/#primaryimage"},"image":{"@id":"https:\/\/www.malinashop.lt\/shop\/once-vyru-kvepalu-rinkinys-courield-edp-100ml-10ml-kosmetine\/#primaryimage"},"thumbnailUrl":"https:\/\/www.malinashop.lt\/wp-content\/uploads\/2025\/10\/ONCE-vyru-kvepalu-rinkinys-COURIELD-EDP-100ml-10ml-kosmetine.webp","datePublished":"2025-10-28T19:40:20+00:00","dateModified":"2026-03-18T09:32:56+00:00","description":"ONCE COURIELD \u2013 prabangus vyr\u0173 kvepal\u0173 rinkinys su 100 ml ir 10 ml aromatu bei kosmetine. Kedro, vetiverijos ir kalendros lap\u0173 aromatas \u2013 moderniam vyrui.","breadcrumb":{"@id":"https:\/\/www.malinashop.lt\/shop\/once-vyru-kvepalu-rinkinys-courield-edp-100ml-10ml-kosmetine\/#breadcrumb"},"inLanguage":"lt-LT","potentialAction":[{"@type":"ReadAction","target":["https:\/\/www.malinashop.lt\/shop\/once-vyru-kvepalu-rinkinys-courield-edp-100ml-10ml-kosmetine\/"]}]},{"@type":"ImageObject","inLanguage":"lt-LT","@id":"https:\/\/www.malinashop.lt\/shop\/once-vyru-kvepalu-rinkinys-courield-edp-100ml-10ml-kosmetine\/#primaryimage","url":"https:\/\/www.malinashop.lt\/wp-content\/uploads\/2025\/10\/ONCE-vyru-kvepalu-rinkinys-COURIELD-EDP-100ml-10ml-kosmetine.webp","contentUrl":"https:\/\/www.malinashop.lt\/wp-content\/uploads\/2025\/10\/ONCE-vyru-kvepalu-rinkinys-COURIELD-EDP-100ml-10ml-kosmetine.webp","width":990,"height":990},{"@type":"BreadcrumbList","@id":"https:\/\/www.malinashop.lt\/shop\/once-vyru-kvepalu-rinkinys-courield-edp-100ml-10ml-kosmetine\/#breadcrumb","itemListElement":[{"@type":"ListItem","position":1,"name":"Pagrindinis","item":"https:\/\/www.malinashop.lt\/"},{"@type":"ListItem","position":2,"name":"Parduotuv\u0117","item":"https:\/\/www.malinashop.lt\/en\/parduotuve\/"},{"@type":"ListItem","position":3,"name":"ONCE vyr\u0173 kvepal\u0173 rinkinys COURIELD EDP (100ml + 10ml) + kosmetin\u0117"}]},{"@type":"WebSite","@id":"https:\/\/www.malinashop.lt\/#website","url":"https:\/\/www.malinashop.lt\/","name":"COM Group Ecommerce","description":"MalinaShop.lt - Gro\u017eio ir sveikatos produktai i\u0161 patikim\u0173 preki\u0173 \u017eenkl\u0173. Atraskite auk\u0161tos kokyb\u0117s kosmetik\u0105 u\u017e puiki\u0105 kain\u0105.","publisher":{"@id":"https:\/\/www.malinashop.lt\/#organization"},"potentialAction":[{"@type":"SearchAction","target":{"@type":"EntryPoint","urlTemplate":"https:\/\/www.malinashop.lt\/?s={search_term_string}"},"query-input":{"@type":"PropertyValueSpecification","valueRequired":true,"valueName":"search_term_string"}}],"inLanguage":"lt-LT"},{"@type":"Organization","@id":"https:\/\/www.malinashop.lt\/#organization","name":"COM Group Ecommerce","url":"https:\/\/www.malinashop.lt\/","logo":{"@type":"ImageObject","inLanguage":"lt-LT","@id":"https:\/\/www.malinashop.lt\/#\/schema\/logo\/image\/","url":"https:\/\/www.malinashop.lt\/wp-content\/uploads\/2024\/08\/462559670_3787732518133670_9795632669273463_n-e1731525914575.png","contentUrl":"https:\/\/www.malinashop.lt\/wp-content\/uploads\/2024\/08\/462559670_3787732518133670_9795632669273463_n-e1731525914575.png","width":180,"height":60,"caption":"COM Group Ecommerce"},"image":{"@id":"https:\/\/www.malinashop.lt\/#\/schema\/logo\/image\/"}}]}},"jetpack_sharing_enabled":true,"_links":{"self":[{"href":"https:\/\/www.malinashop.lt\/lt_lt\/wp-json\/wp\/v2\/product\/59819","targetHints":{"allow":["GET"]}}],"collection":[{"href":"https:\/\/www.malinashop.lt\/lt_lt\/wp-json\/wp\/v2\/product"}],"about":[{"href":"https:\/\/www.malinashop.lt\/lt_lt\/wp-json\/wp\/v2\/types\/product"}],"version-history":[{"count":1,"href":"https:\/\/www.malinashop.lt\/lt_lt\/wp-json\/wp\/v2\/product\/59819\/revisions"}],"predecessor-version":[{"id":59821,"href":"https:\/\/www.malinashop.lt\/lt_lt\/wp-json\/wp\/v2\/product\/59819\/revisions\/59821"}],"wp:featuredmedia":[{"embeddable":true,"href":"https:\/\/www.malinashop.lt\/lt_lt\/wp-json\/wp\/v2\/media\/59820"}],"wp:attachment":[{"href":"https:\/\/www.malinashop.lt\/lt_lt\/wp-json\/wp\/v2\/media?parent=59819"}],"wp:term":[{"taxonomy":"product_brand","embeddable":true,"href":"https:\/\/www.malinashop.lt\/lt_lt\/wp-json\/wp\/v2\/product_brand?post=59819"},{"taxonomy":"product_cat","embeddable":true,"href":"https:\/\/www.malinashop.lt\/lt_lt\/wp-json\/wp\/v2\/product_cat?post=59819"},{"taxonomy":"product_tag","embeddable":true,"href":"https:\/\/www.malinashop.lt\/lt_lt\/wp-json\/wp\/v2\/product_tag?post=59819"}],"curies":[{"name":"wp","href":"https:\/\/api.w.org\/{rel}","templated":true}]}}