{"id":59815,"date":"2025-10-28T17:35:20","date_gmt":"2025-10-28T14:35:20","guid":{"rendered":"https:\/\/malinashop.lt\/?post_type=product&#038;p=59815"},"modified":"2026-03-18T12:32:57","modified_gmt":"2026-03-18T09:32:57","slug":"once-moteru-kvepalu-rinkinys-lipsens-edp-100ml-10ml-kosmetine","status":"publish","type":"product","link":"https:\/\/www.malinashop.lt\/lt_lt\/shop\/once-moteru-kvepalu-rinkinys-lipsens-edp-100ml-10ml-kosmetine\/","title":{"rendered":"ONCE moter\u0173 kvepal\u0173 rinkinys LIPSENS EDP\u2026"},"content":{"rendered":"<p data-start=\"337\" data-end=\"477\"><strong data-start=\"337\" data-end=\"379\">ONCE LIPSENS kvepal\u0173 moterims rinkinys<\/strong> \u2013 tai <strong data-start=\"386\" data-end=\"448\">i\u0161skirtin\u0117 elegancijos, jausmingumo ir pasitik\u0117jimo savimi<\/strong> sintez\u0117. Rinkinyje rasite:<\/p>\n<ul data-start=\"478\" data-end=\"672\">\n<li data-start=\"478\" data-end=\"554\">\n<p data-start=\"480\" data-end=\"554\"><strong data-start=\"480\" data-end=\"507\">ONCE LIPSENS EDP 100 ml<\/strong> \u2013 klasikin\u012f buteliuk\u0105 kasdieniam naudojimui;<\/p>\n<\/li>\n<li data-start=\"555\" data-end=\"614\">\n<p data-start=\"557\" data-end=\"614\"><strong data-start=\"557\" data-end=\"583\">ONCE LIPSENS EDP 10 ml<\/strong> \u2013 patogi\u0105 kelionin\u0119 versij\u0105;<\/p>\n<\/li>\n<li data-start=\"615\" data-end=\"672\">\n<p data-start=\"617\" data-end=\"672\"><strong data-start=\"617\" data-end=\"635\">ONCE kosmetin\u0119<\/strong> \u2013 stiling\u0105 ir prakti\u0161k\u0105 aksesuar\u0105.<\/p>\n<\/li>\n<\/ul>\n<p data-start=\"674\" data-end=\"801\">Visa tai supakuota \u012f <strong data-start=\"695\" data-end=\"722\">prabangi\u0105 dovan\u0173 d\u0117\u017eut\u0119<\/strong>, tod\u0117l rinkinys taps puikiu pasirinkimu <strong data-start=\"763\" data-end=\"798\">dovanai ar asmeniniam malonumui<\/strong>.<\/p>\n<p data-start=\"803\" data-end=\"997\"><strong data-start=\"803\" data-end=\"833\">ONCE LIPSENS Eau de Parfum<\/strong> \u2013 tai <strong data-start=\"840\" data-end=\"878\">\u0161iltas, saldus ir prabangus kvapas<\/strong>, kuriame <strong data-start=\"888\" data-end=\"927\">susipina ambros, vanil\u0117s ir muskuso<\/strong> natos, primenan\u010dios <strong data-start=\"948\" data-end=\"994\">senovini\u0173 balzam\u0173 dvelksm\u0105 po dykum\u0173 brize<\/strong>.<\/p>\n<hr data-start=\"999\" data-end=\"1002\" \/>\n<h3 data-start=\"1004\" data-end=\"1026\"><strong data-start=\"1008\" data-end=\"1024\">Kvap\u0173 natos:<\/strong><\/h3>\n<ul data-start=\"1027\" data-end=\"1168\">\n<li data-start=\"1027\" data-end=\"1071\">\n<p data-start=\"1029\" data-end=\"1071\"><strong data-start=\"1029\" data-end=\"1044\">Vir\u0161utin\u0117s:<\/strong> ro\u017einis pipiras, vanil\u0117.<\/p>\n<\/li>\n<li data-start=\"1072\" data-end=\"1116\">\n<p data-start=\"1074\" data-end=\"1116\"><strong data-start=\"1074\" data-end=\"1088\">Vidurin\u0117s:<\/strong> vanil\u0117, cukraus aromatas.<\/p>\n<\/li>\n<li data-start=\"1117\" data-end=\"1168\">\n<p data-start=\"1119\" data-end=\"1168\"><strong data-start=\"1119\" data-end=\"1131\">Bazin\u0117s:<\/strong> muskusas, \u201epudros akordas\u201c, ambra.<\/p>\n<\/li>\n<\/ul>\n<hr data-start=\"1170\" data-end=\"1173\" \/>\n<h3 data-start=\"1175\" data-end=\"1210\"><strong data-start=\"1179\" data-end=\"1208\">K\u016br\u0117ja \u2013 Soizic Beaucourt<\/strong><\/h3>\n<p data-start=\"1211\" data-end=\"1281\">K\u016brybi\u0161ka ir vizuali <strong data-start=\"1232\" data-end=\"1271\">pranc\u016bz\u0173 parfumer\u0117 Soizic Beaucourt<\/strong> teigia:<\/p>\n<blockquote data-start=\"1282\" data-end=\"1330\">\n<p data-start=\"1284\" data-end=\"1330\">\u201eVisi suvar\u017eymai yra galimyb\u0117 kurti naujai.\u201c<\/p>\n<\/blockquote>\n<p data-start=\"1332\" data-end=\"1541\">Jos k\u016bryboje susilieja <strong data-start=\"1355\" data-end=\"1404\">meniniai eksperimentai ir aromatin\u0117 precizika<\/strong>. \u012ekv\u0117pta \u012fvairi\u0173 meno sri\u010di\u0173, ji kuria tai, k\u0105 vadina <strong data-start=\"1459\" data-end=\"1478\">\u201eskystu gro\u017eiu\u201c<\/strong> \u2013 kvapais, kurie atskleid\u017eia emocijas ir pasakoja istorijas.<\/p>\n<hr data-start=\"1543\" data-end=\"1546\" \/>\n<h3 data-start=\"1548\" data-end=\"1581\"><strong data-start=\"1552\" data-end=\"1579\">ONCE perfume filosofija<\/strong><\/h3>\n<p data-start=\"1582\" data-end=\"1873\">ONCE kvepalai sukurti tam, kad <strong data-start=\"1613\" data-end=\"1641\">papasakot\u0173 j\u016bs\u0173 istorij\u0105<\/strong>. Kiekvienas kvapas i\u0161rei\u0161kia skirting\u0105 emocij\u0105 \u2013 <strong data-start=\"1691\" data-end=\"1745\">meil\u0119, dr\u0105s\u0105, tro\u0161kim\u0105, jausmingum\u0105 ar prisiminim\u0105<\/strong>.<br data-start=\"1746\" data-end=\"1749\" \/>Tai <strong data-start=\"1753\" data-end=\"1800\">unikal\u016bs, ilgai i\u0161liekantys unisex aromatai<\/strong>, gaminami Italijoje ir i\u0161siskiriantys <strong data-start=\"1839\" data-end=\"1870\">moderniu, prabangiu dizainu<\/strong>.<\/p>\n<p data-start=\"1875\" data-end=\"2019\">Kolekcijoje: <em data-start=\"1888\" data-end=\"1966\">Lipsens, Hotis, Handfidance, Lorev, Desight, Josy, Exiro, Courield, Braries.<\/em><br data-start=\"1966\" data-end=\"1969\" \/>Kiekvienas j\u0173 \u2013 <strong data-start=\"1985\" data-end=\"2019\">emocija, u\u017erakinta kvepaluose.<\/strong><\/p>\n","protected":false},"excerpt":{"rendered":"<p data-start=\"120\" data-end=\"278\">ONCE LIPSENS \u2013 prabangus moter\u0173 kvepal\u0173 rinkinys su 100 ml ir 10 ml aromatu bei kosmetine. \u0160iltas ir jausmingas kvapas su ambros, vanil\u0117s ir muskuso nata \u2013 tikra elegancijos i\u0161rai\u0161ka.<\/p>\n","protected":false},"featured_media":59817,"template":"","meta":[],"product_brand":[558],"product_cat":[1137,707,545,978],"product_tag":[1636],"class_list":{"0":"post-59815","1":"product","2":"type-product","3":"status-publish","4":"has-post-thumbnail","6":"product_brand-once-perfume","7":"product_cat-dovanos","8":"product_cat-kvepalai","9":"product_cat-kvepalai-moterims","10":"product_cat-kvepalu-rinkiniai","11":"product_tag-once-perfume","13":"first","14":"outofstock","15":"sale","16":"taxable","17":"shipping-taxable","18":"purchasable","19":"product-type-simple"},"yoast_head":"<!-- This site is optimized with the Yoast SEO plugin v27.4 - https:\/\/yoast.com\/product\/yoast-seo-wordpress\/ -->\n<title>ONCE moter\u0173 kvepal\u0173 rinkinys LIPSENS EDP\u2026 - MalinaShop.lt J\u016bs\u0173 sveikatai ir gro\u017eiui.<\/title>\n<meta name=\"description\" content=\"ONCE LIPSENS \u2013 prabangus kvepal\u0173 rinkinys su 100 ml ir 10 ml aromatu bei kosmetine. Vanil\u0117s, ambros ir muskuso derinys \u2013 \u0161iluma ir jausmingumas viename.\" \/>\n<meta name=\"robots\" content=\"index, follow, max-snippet:-1, max-image-preview:large, max-video-preview:-1\" \/>\n<link rel=\"canonical\" href=\"https:\/\/www.malinashop.lt\/lt_lt\/shop\/once-moteru-kvepalu-rinkinys-lipsens-edp-100ml-10ml-kosmetine\/\" \/>\n<meta property=\"og:locale\" content=\"lt_LT\" \/>\n<meta property=\"og:type\" content=\"article\" \/>\n<meta property=\"og:title\" content=\"ONCE moter\u0173 kvepal\u0173 rinkinys LIPSENS EDP\u2026 - MalinaShop.lt J\u016bs\u0173 sveikatai ir gro\u017eiui.\" \/>\n<meta property=\"og:description\" content=\"ONCE LIPSENS \u2013 prabangus kvepal\u0173 rinkinys su 100 ml ir 10 ml aromatu bei kosmetine. Vanil\u0117s, ambros ir muskuso derinys \u2013 \u0161iluma ir jausmingumas viename.\" \/>\n<meta property=\"og:url\" content=\"https:\/\/www.malinashop.lt\/lt_lt\/shop\/once-moteru-kvepalu-rinkinys-lipsens-edp-100ml-10ml-kosmetine\/\" \/>\n<meta property=\"og:site_name\" content=\"MalinaShop.lt J\u016bs\u0173 sveikatai ir gro\u017eiui.\" \/>\n<meta property=\"article:modified_time\" content=\"2026-03-18T09:32:57+00:00\" \/>\n<meta property=\"og:image\" content=\"https:\/\/www.malinashop.lt\/wp-content\/uploads\/2025\/10\/ONCE-moteru-kvepalu-rinkinys-LIPSENS-EDP-100ml-10ml-kosmetine.webp\" \/>\n\t<meta property=\"og:image:width\" content=\"990\" \/>\n\t<meta property=\"og:image:height\" content=\"990\" \/>\n\t<meta property=\"og:image:type\" content=\"image\/webp\" \/>\n<meta name=\"twitter:card\" content=\"summary_large_image\" \/>\n<script type=\"application\/ld+json\" class=\"yoast-schema-graph\">{\"@context\":\"https:\\\/\\\/schema.org\",\"@graph\":[{\"@type\":\"WebPage\",\"@id\":\"https:\\\/\\\/www.malinashop.lt\\\/lt_lt\\\/shop\\\/once-moteru-kvepalu-rinkinys-lipsens-edp-100ml-10ml-kosmetine\\\/\",\"url\":\"https:\\\/\\\/www.malinashop.lt\\\/lt_lt\\\/shop\\\/once-moteru-kvepalu-rinkinys-lipsens-edp-100ml-10ml-kosmetine\\\/\",\"name\":\"ONCE moter\u0173 kvepal\u0173 rinkinys LIPSENS EDP\u2026 - MalinaShop.lt J\u016bs\u0173 sveikatai ir gro\u017eiui.\",\"isPartOf\":{\"@id\":\"https:\\\/\\\/www.malinashop.lt\\\/#website\"},\"primaryImageOfPage\":{\"@id\":\"https:\\\/\\\/www.malinashop.lt\\\/lt_lt\\\/shop\\\/once-moteru-kvepalu-rinkinys-lipsens-edp-100ml-10ml-kosmetine\\\/#primaryimage\"},\"image\":{\"@id\":\"https:\\\/\\\/www.malinashop.lt\\\/lt_lt\\\/shop\\\/once-moteru-kvepalu-rinkinys-lipsens-edp-100ml-10ml-kosmetine\\\/#primaryimage\"},\"thumbnailUrl\":\"https:\\\/\\\/www.malinashop.lt\\\/wp-content\\\/uploads\\\/2025\\\/10\\\/ONCE-moteru-kvepalu-rinkinys-LIPSENS-EDP-100ml-10ml-kosmetine.webp\",\"datePublished\":\"2025-10-28T14:35:20+00:00\",\"dateModified\":\"2026-03-18T09:32:57+00:00\",\"description\":\"ONCE LIPSENS \u2013 prabangus kvepal\u0173 rinkinys su 100 ml ir 10 ml aromatu bei kosmetine. Vanil\u0117s, ambros ir muskuso derinys \u2013 \u0161iluma ir jausmingumas viename.\",\"breadcrumb\":{\"@id\":\"https:\\\/\\\/www.malinashop.lt\\\/lt_lt\\\/shop\\\/once-moteru-kvepalu-rinkinys-lipsens-edp-100ml-10ml-kosmetine\\\/#breadcrumb\"},\"inLanguage\":\"lt-LT\",\"potentialAction\":[{\"@type\":\"ReadAction\",\"target\":[\"https:\\\/\\\/www.malinashop.lt\\\/lt_lt\\\/shop\\\/once-moteru-kvepalu-rinkinys-lipsens-edp-100ml-10ml-kosmetine\\\/\"]}]},{\"@type\":\"ImageObject\",\"inLanguage\":\"lt-LT\",\"@id\":\"https:\\\/\\\/www.malinashop.lt\\\/lt_lt\\\/shop\\\/once-moteru-kvepalu-rinkinys-lipsens-edp-100ml-10ml-kosmetine\\\/#primaryimage\",\"url\":\"https:\\\/\\\/www.malinashop.lt\\\/wp-content\\\/uploads\\\/2025\\\/10\\\/ONCE-moteru-kvepalu-rinkinys-LIPSENS-EDP-100ml-10ml-kosmetine.webp\",\"contentUrl\":\"https:\\\/\\\/www.malinashop.lt\\\/wp-content\\\/uploads\\\/2025\\\/10\\\/ONCE-moteru-kvepalu-rinkinys-LIPSENS-EDP-100ml-10ml-kosmetine.webp\",\"width\":990,\"height\":990},{\"@type\":\"BreadcrumbList\",\"@id\":\"https:\\\/\\\/www.malinashop.lt\\\/lt_lt\\\/shop\\\/once-moteru-kvepalu-rinkinys-lipsens-edp-100ml-10ml-kosmetine\\\/#breadcrumb\",\"itemListElement\":[{\"@type\":\"ListItem\",\"position\":1,\"name\":\"Pagrindinis\",\"item\":\"https:\\\/\\\/www.malinashop.lt\\\/\"},{\"@type\":\"ListItem\",\"position\":2,\"name\":\"Parduotuv\u0117\",\"item\":\"https:\\\/\\\/www.malinashop.lt\\\/en\\\/parduotuve\\\/\"},{\"@type\":\"ListItem\",\"position\":3,\"name\":\"ONCE moter\u0173 kvepal\u0173 rinkinys LIPSENS EDP\u2026\"}]},{\"@type\":\"WebSite\",\"@id\":\"https:\\\/\\\/www.malinashop.lt\\\/#website\",\"url\":\"https:\\\/\\\/www.malinashop.lt\\\/\",\"name\":\"COM Group Ecommerce\",\"description\":\"MalinaShop.lt - Gro\u017eio ir sveikatos produktai i\u0161 patikim\u0173 preki\u0173 \u017eenkl\u0173. Atraskite auk\u0161tos kokyb\u0117s kosmetik\u0105 u\u017e puiki\u0105 kain\u0105.\",\"publisher\":{\"@id\":\"https:\\\/\\\/www.malinashop.lt\\\/#organization\"},\"potentialAction\":[{\"@type\":\"SearchAction\",\"target\":{\"@type\":\"EntryPoint\",\"urlTemplate\":\"https:\\\/\\\/www.malinashop.lt\\\/?s={search_term_string}\"},\"query-input\":{\"@type\":\"PropertyValueSpecification\",\"valueRequired\":true,\"valueName\":\"search_term_string\"}}],\"inLanguage\":\"lt-LT\"},{\"@type\":\"Organization\",\"@id\":\"https:\\\/\\\/www.malinashop.lt\\\/#organization\",\"name\":\"COM Group Ecommerce\",\"url\":\"https:\\\/\\\/www.malinashop.lt\\\/\",\"logo\":{\"@type\":\"ImageObject\",\"inLanguage\":\"lt-LT\",\"@id\":\"https:\\\/\\\/www.malinashop.lt\\\/#\\\/schema\\\/logo\\\/image\\\/\",\"url\":\"https:\\\/\\\/www.malinashop.lt\\\/wp-content\\\/uploads\\\/2024\\\/08\\\/462559670_3787732518133670_9795632669273463_n-e1731525914575.png\",\"contentUrl\":\"https:\\\/\\\/www.malinashop.lt\\\/wp-content\\\/uploads\\\/2024\\\/08\\\/462559670_3787732518133670_9795632669273463_n-e1731525914575.png\",\"width\":180,\"height\":60,\"caption\":\"COM Group Ecommerce\"},\"image\":{\"@id\":\"https:\\\/\\\/www.malinashop.lt\\\/#\\\/schema\\\/logo\\\/image\\\/\"}}]}<\/script>\n<!-- \/ Yoast SEO plugin. -->","yoast_head_json":{"title":"ONCE moter\u0173 kvepal\u0173 rinkinys LIPSENS EDP\u2026 - MalinaShop.lt J\u016bs\u0173 sveikatai ir gro\u017eiui.","description":"ONCE LIPSENS \u2013 prabangus kvepal\u0173 rinkinys su 100 ml ir 10 ml aromatu bei kosmetine. Vanil\u0117s, ambros ir muskuso derinys \u2013 \u0161iluma ir jausmingumas viename.","robots":{"index":"index","follow":"follow","max-snippet":"max-snippet:-1","max-image-preview":"max-image-preview:large","max-video-preview":"max-video-preview:-1"},"canonical":"https:\/\/www.malinashop.lt\/lt_lt\/shop\/once-moteru-kvepalu-rinkinys-lipsens-edp-100ml-10ml-kosmetine\/","og_locale":"lt_LT","og_type":"article","og_title":"ONCE moter\u0173 kvepal\u0173 rinkinys LIPSENS EDP\u2026 - MalinaShop.lt J\u016bs\u0173 sveikatai ir gro\u017eiui.","og_description":"ONCE LIPSENS \u2013 prabangus kvepal\u0173 rinkinys su 100 ml ir 10 ml aromatu bei kosmetine. Vanil\u0117s, ambros ir muskuso derinys \u2013 \u0161iluma ir jausmingumas viename.","og_url":"https:\/\/www.malinashop.lt\/lt_lt\/shop\/once-moteru-kvepalu-rinkinys-lipsens-edp-100ml-10ml-kosmetine\/","og_site_name":"MalinaShop.lt J\u016bs\u0173 sveikatai ir gro\u017eiui.","article_modified_time":"2026-03-18T09:32:57+00:00","og_image":[{"width":990,"height":990,"url":"https:\/\/www.malinashop.lt\/wp-content\/uploads\/2025\/10\/ONCE-moteru-kvepalu-rinkinys-LIPSENS-EDP-100ml-10ml-kosmetine.webp","type":"image\/webp"}],"twitter_card":"summary_large_image","schema":{"@context":"https:\/\/schema.org","@graph":[{"@type":"WebPage","@id":"https:\/\/www.malinashop.lt\/lt_lt\/shop\/once-moteru-kvepalu-rinkinys-lipsens-edp-100ml-10ml-kosmetine\/","url":"https:\/\/www.malinashop.lt\/lt_lt\/shop\/once-moteru-kvepalu-rinkinys-lipsens-edp-100ml-10ml-kosmetine\/","name":"ONCE moter\u0173 kvepal\u0173 rinkinys LIPSENS EDP\u2026 - MalinaShop.lt J\u016bs\u0173 sveikatai ir gro\u017eiui.","isPartOf":{"@id":"https:\/\/www.malinashop.lt\/#website"},"primaryImageOfPage":{"@id":"https:\/\/www.malinashop.lt\/lt_lt\/shop\/once-moteru-kvepalu-rinkinys-lipsens-edp-100ml-10ml-kosmetine\/#primaryimage"},"image":{"@id":"https:\/\/www.malinashop.lt\/lt_lt\/shop\/once-moteru-kvepalu-rinkinys-lipsens-edp-100ml-10ml-kosmetine\/#primaryimage"},"thumbnailUrl":"https:\/\/www.malinashop.lt\/wp-content\/uploads\/2025\/10\/ONCE-moteru-kvepalu-rinkinys-LIPSENS-EDP-100ml-10ml-kosmetine.webp","datePublished":"2025-10-28T14:35:20+00:00","dateModified":"2026-03-18T09:32:57+00:00","description":"ONCE LIPSENS \u2013 prabangus kvepal\u0173 rinkinys su 100 ml ir 10 ml aromatu bei kosmetine. Vanil\u0117s, ambros ir muskuso derinys \u2013 \u0161iluma ir jausmingumas viename.","breadcrumb":{"@id":"https:\/\/www.malinashop.lt\/lt_lt\/shop\/once-moteru-kvepalu-rinkinys-lipsens-edp-100ml-10ml-kosmetine\/#breadcrumb"},"inLanguage":"lt-LT","potentialAction":[{"@type":"ReadAction","target":["https:\/\/www.malinashop.lt\/lt_lt\/shop\/once-moteru-kvepalu-rinkinys-lipsens-edp-100ml-10ml-kosmetine\/"]}]},{"@type":"ImageObject","inLanguage":"lt-LT","@id":"https:\/\/www.malinashop.lt\/lt_lt\/shop\/once-moteru-kvepalu-rinkinys-lipsens-edp-100ml-10ml-kosmetine\/#primaryimage","url":"https:\/\/www.malinashop.lt\/wp-content\/uploads\/2025\/10\/ONCE-moteru-kvepalu-rinkinys-LIPSENS-EDP-100ml-10ml-kosmetine.webp","contentUrl":"https:\/\/www.malinashop.lt\/wp-content\/uploads\/2025\/10\/ONCE-moteru-kvepalu-rinkinys-LIPSENS-EDP-100ml-10ml-kosmetine.webp","width":990,"height":990},{"@type":"BreadcrumbList","@id":"https:\/\/www.malinashop.lt\/lt_lt\/shop\/once-moteru-kvepalu-rinkinys-lipsens-edp-100ml-10ml-kosmetine\/#breadcrumb","itemListElement":[{"@type":"ListItem","position":1,"name":"Pagrindinis","item":"https:\/\/www.malinashop.lt\/"},{"@type":"ListItem","position":2,"name":"Parduotuv\u0117","item":"https:\/\/www.malinashop.lt\/en\/parduotuve\/"},{"@type":"ListItem","position":3,"name":"ONCE moter\u0173 kvepal\u0173 rinkinys LIPSENS EDP\u2026"}]},{"@type":"WebSite","@id":"https:\/\/www.malinashop.lt\/#website","url":"https:\/\/www.malinashop.lt\/","name":"COM Group Ecommerce","description":"MalinaShop.lt - Gro\u017eio ir sveikatos produktai i\u0161 patikim\u0173 preki\u0173 \u017eenkl\u0173. Atraskite auk\u0161tos kokyb\u0117s kosmetik\u0105 u\u017e puiki\u0105 kain\u0105.","publisher":{"@id":"https:\/\/www.malinashop.lt\/#organization"},"potentialAction":[{"@type":"SearchAction","target":{"@type":"EntryPoint","urlTemplate":"https:\/\/www.malinashop.lt\/?s={search_term_string}"},"query-input":{"@type":"PropertyValueSpecification","valueRequired":true,"valueName":"search_term_string"}}],"inLanguage":"lt-LT"},{"@type":"Organization","@id":"https:\/\/www.malinashop.lt\/#organization","name":"COM Group Ecommerce","url":"https:\/\/www.malinashop.lt\/","logo":{"@type":"ImageObject","inLanguage":"lt-LT","@id":"https:\/\/www.malinashop.lt\/#\/schema\/logo\/image\/","url":"https:\/\/www.malinashop.lt\/wp-content\/uploads\/2024\/08\/462559670_3787732518133670_9795632669273463_n-e1731525914575.png","contentUrl":"https:\/\/www.malinashop.lt\/wp-content\/uploads\/2024\/08\/462559670_3787732518133670_9795632669273463_n-e1731525914575.png","width":180,"height":60,"caption":"COM Group Ecommerce"},"image":{"@id":"https:\/\/www.malinashop.lt\/#\/schema\/logo\/image\/"}}]}},"jetpack_sharing_enabled":true,"_links":{"self":[{"href":"https:\/\/www.malinashop.lt\/lt_lt\/wp-json\/wp\/v2\/product\/59815","targetHints":{"allow":["GET"]}}],"collection":[{"href":"https:\/\/www.malinashop.lt\/lt_lt\/wp-json\/wp\/v2\/product"}],"about":[{"href":"https:\/\/www.malinashop.lt\/lt_lt\/wp-json\/wp\/v2\/types\/product"}],"version-history":[{"count":2,"href":"https:\/\/www.malinashop.lt\/lt_lt\/wp-json\/wp\/v2\/product\/59815\/revisions"}],"predecessor-version":[{"id":65765,"href":"https:\/\/www.malinashop.lt\/lt_lt\/wp-json\/wp\/v2\/product\/59815\/revisions\/65765"}],"wp:featuredmedia":[{"embeddable":true,"href":"https:\/\/www.malinashop.lt\/lt_lt\/wp-json\/wp\/v2\/media\/59817"}],"wp:attachment":[{"href":"https:\/\/www.malinashop.lt\/lt_lt\/wp-json\/wp\/v2\/media?parent=59815"}],"wp:term":[{"taxonomy":"product_brand","embeddable":true,"href":"https:\/\/www.malinashop.lt\/lt_lt\/wp-json\/wp\/v2\/product_brand?post=59815"},{"taxonomy":"product_cat","embeddable":true,"href":"https:\/\/www.malinashop.lt\/lt_lt\/wp-json\/wp\/v2\/product_cat?post=59815"},{"taxonomy":"product_tag","embeddable":true,"href":"https:\/\/www.malinashop.lt\/lt_lt\/wp-json\/wp\/v2\/product_tag?post=59815"}],"curies":[{"name":"wp","href":"https:\/\/api.w.org\/{rel}","templated":true}]}}