{"id":59730,"date":"2026-01-31T11:51:41","date_gmt":"2026-01-31T08:51:41","guid":{"rendered":"https:\/\/malinashop.lt\/?post_type=product&#038;p=59730"},"modified":"2026-04-08T00:22:02","modified_gmt":"2026-04-07T21:22:02","slug":"biodance-hydro-cera-nol-real-deep-veido-kauke-34-g","status":"publish","type":"product","link":"https:\/\/www.malinashop.lt\/lt_lt\/shop\/biodance-hydro-cera-nol-real-deep-veido-kauke-34-g\/","title":{"rendered":"BIODANCE HYDRO CERA-NOL REAL DEEP veido kauk\u0117, 34 g"},"content":{"rendered":"<p data-start=\"288\" data-end=\"589\"><strong data-start=\"288\" data-end=\"337\">BIODANCE HYDRO CERA-NOL REAL DEEP veido kauk\u0117<\/strong> \u2013 tai inovatyvi <strong data-start=\"354\" data-end=\"374\">hidrogelio kauk\u0117<\/strong>, skirta <strong data-start=\"383\" data-end=\"428\">problemin\u0117s, jautrios ar raustan\u010dios odos<\/strong> prie\u017ei\u016brai. Ji sukurta i\u0161 <strong data-start=\"455\" data-end=\"493\">1,19 uncijos koncentruotos ampul\u0117s<\/strong>, kuri sukietinta \u012f hidrogelio form\u0105, kad veikliosios med\u017eiagos b\u016bt\u0173 maksimaliai \u012fsisavinamos.<\/p>\n<p data-start=\"591\" data-end=\"912\">Sud\u0117tyje esantis <strong data-start=\"608\" data-end=\"634\">ceranolis (50 000 ppm)<\/strong> stiprina odos apsaugin\u012f barjer\u0105, <strong data-start=\"668\" data-end=\"699\">\u0160veicarijos \u0161altinio vanduo<\/strong> ramina ir atgaivina, o <strong data-start=\"723\" data-end=\"758\">hialurono r\u016bg\u0161tis ir pantenolis<\/strong> intensyviai dr\u0117kina bei suteikia odai \u0161velnumo ir elastingumo. Kauk\u0117 padeda <strong data-start=\"835\" data-end=\"878\">ma\u017einti paraudim\u0105, nuraminti sudirgimus<\/strong> ir pagerinti bendr\u0105 odos b\u016bkl\u0119.<\/p>\n<p data-start=\"914\" data-end=\"1071\">Siekiant geriausio rezultato, rekomenduojama naudoti <strong data-start=\"967\" data-end=\"986\">bent 3 valandas<\/strong>, kol kauk\u0117 taps skaidri \u2013 tai \u017eenklas, kad oda pasisavino vis\u0105 dr\u0117kinam\u0105j\u0105 ampul\u0119.<\/p>\n<p data-start=\"1073\" data-end=\"1090\"><strong data-start=\"1073\" data-end=\"1088\">Naudojimas:<\/strong><\/p>\n<ol data-start=\"1091\" data-end=\"1491\">\n<li data-start=\"1091\" data-end=\"1143\">\n<p data-start=\"1094\" data-end=\"1143\">Nuvalykite veid\u0105 ir naudokite tonik\u0105 ar serum\u0105.<\/p>\n<\/li>\n<li data-start=\"1144\" data-end=\"1244\">\n<p data-start=\"1147\" data-end=\"1244\">Atidarykite pakuot\u0119, nuimkite apatin\u0117s dalies pl\u0117vel\u0119 ir u\u017ed\u0117kite kauk\u0119, sulygiuodami su burna.<\/p>\n<\/li>\n<li data-start=\"1245\" data-end=\"1303\">\n<p data-start=\"1248\" data-end=\"1303\">Tada u\u017ed\u0117kite vir\u0161utin\u0119 dal\u012f, sulygiuodami su akimis.<\/p>\n<\/li>\n<li data-start=\"1304\" data-end=\"1365\">\n<p data-start=\"1307\" data-end=\"1365\">Palikite <strong data-start=\"1316\" data-end=\"1332\">3\u20134 valandas<\/strong> arba kol kauk\u0117 taps permatoma.<\/p>\n<\/li>\n<li data-start=\"1366\" data-end=\"1491\">\n<p data-start=\"1369\" data-end=\"1491\">Nuimkite ir \u0161velniai \u012fmasa\u017euokite likus\u012f serum\u0105.<br data-start=\"1417\" data-end=\"1420\" \/>Galima naudoti kasdien, ta\u010diau rekomenduojama bent kart\u0105 per savait\u0119.<\/p>\n<\/li>\n<\/ol>\n","protected":false},"excerpt":{"rendered":"<p>BIODANCE HYDRO CERA-NOL REAL DEEP \u2013 intensyviai dr\u0117kinanti ir odos barjer\u0105 atkurianti hidrogelio kauk\u0117 su ceranoliu, hialurono r\u016bg\u0161timi ir pantenoliu.<\/p>\n","protected":false},"featured_media":59733,"template":"","meta":[],"product_brand":[1359],"product_cat":[1136,562,728],"product_tag":[1593],"class_list":{"0":"post-59730","1":"product","2":"type-product","3":"status-publish","4":"has-post-thumbnail","6":"product_brand-biodance","7":"product_cat-lakstines-veido-kaukes","8":"product_cat-sandelio-valymas","9":"product_cat-veidui","10":"product_tag-biodance","12":"first","13":"instock","14":"sale","15":"taxable","16":"shipping-taxable","17":"purchasable","18":"product-type-simple"},"yoast_head":"<!-- This site is optimized with the Yoast SEO plugin v27.4 - https:\/\/yoast.com\/product\/yoast-seo-wordpress\/ -->\n<title>BIODANCE HYDRO CERA-NOL REAL DEEP veido kauk\u0117, 34 g - MalinaShop.lt J\u016bs\u0173 sveikatai ir gro\u017eiui.<\/title>\n<meta name=\"description\" content=\"BIODANCE HYDRO CERA-NOL REAL DEEP \u2013 raminanti kauk\u0117 su ceranoliu, hialuronu ir pantenoliu, stiprina odos barjer\u0105 ir ma\u017eina raudon\u012f.\" \/>\n<meta name=\"robots\" content=\"index, follow, max-snippet:-1, max-image-preview:large, max-video-preview:-1\" \/>\n<link rel=\"canonical\" href=\"https:\/\/www.malinashop.lt\/lt_lt\/shop\/biodance-hydro-cera-nol-real-deep-veido-kauke-34-g\/\" \/>\n<meta property=\"og:locale\" content=\"lt_LT\" \/>\n<meta property=\"og:type\" content=\"article\" \/>\n<meta property=\"og:title\" content=\"BIODANCE HYDRO CERA-NOL REAL DEEP veido kauk\u0117, 34 g - MalinaShop.lt J\u016bs\u0173 sveikatai ir gro\u017eiui.\" \/>\n<meta property=\"og:description\" content=\"BIODANCE HYDRO CERA-NOL REAL DEEP \u2013 raminanti kauk\u0117 su ceranoliu, hialuronu ir pantenoliu, stiprina odos barjer\u0105 ir ma\u017eina raudon\u012f.\" \/>\n<meta property=\"og:url\" content=\"https:\/\/www.malinashop.lt\/lt_lt\/shop\/biodance-hydro-cera-nol-real-deep-veido-kauke-34-g\/\" \/>\n<meta property=\"og:site_name\" content=\"MalinaShop.lt J\u016bs\u0173 sveikatai ir gro\u017eiui.\" \/>\n<meta property=\"article:modified_time\" content=\"2026-04-07T21:22:02+00:00\" \/>\n<meta property=\"og:image\" content=\"https:\/\/www.malinashop.lt\/wp-content\/uploads\/2025\/10\/BIODANCE-HYDRO-CERA-NOL-REAL-DEEP-veido-kauke-34-g.jpg\" \/>\n\t<meta property=\"og:image:width\" content=\"650\" \/>\n\t<meta property=\"og:image:height\" content=\"650\" \/>\n\t<meta property=\"og:image:type\" content=\"image\/jpeg\" \/>\n<meta name=\"twitter:card\" content=\"summary_large_image\" \/>\n<script type=\"application\/ld+json\" class=\"yoast-schema-graph\">{\"@context\":\"https:\\\/\\\/schema.org\",\"@graph\":[{\"@type\":\"WebPage\",\"@id\":\"https:\\\/\\\/www.malinashop.lt\\\/lt_lt\\\/shop\\\/biodance-hydro-cera-nol-real-deep-veido-kauke-34-g\\\/\",\"url\":\"https:\\\/\\\/www.malinashop.lt\\\/lt_lt\\\/shop\\\/biodance-hydro-cera-nol-real-deep-veido-kauke-34-g\\\/\",\"name\":\"BIODANCE HYDRO CERA-NOL REAL DEEP veido kauk\u0117, 34 g - MalinaShop.lt J\u016bs\u0173 sveikatai ir gro\u017eiui.\",\"isPartOf\":{\"@id\":\"https:\\\/\\\/www.malinashop.lt\\\/en\\\/#website\"},\"primaryImageOfPage\":{\"@id\":\"https:\\\/\\\/www.malinashop.lt\\\/lt_lt\\\/shop\\\/biodance-hydro-cera-nol-real-deep-veido-kauke-34-g\\\/#primaryimage\"},\"image\":{\"@id\":\"https:\\\/\\\/www.malinashop.lt\\\/lt_lt\\\/shop\\\/biodance-hydro-cera-nol-real-deep-veido-kauke-34-g\\\/#primaryimage\"},\"thumbnailUrl\":\"https:\\\/\\\/www.malinashop.lt\\\/wp-content\\\/uploads\\\/2025\\\/10\\\/BIODANCE-HYDRO-CERA-NOL-REAL-DEEP-veido-kauke-34-g.jpg\",\"datePublished\":\"2026-01-31T08:51:41+00:00\",\"dateModified\":\"2026-04-07T21:22:02+00:00\",\"description\":\"BIODANCE HYDRO CERA-NOL REAL DEEP \u2013 raminanti kauk\u0117 su ceranoliu, hialuronu ir pantenoliu, stiprina odos barjer\u0105 ir ma\u017eina raudon\u012f.\",\"breadcrumb\":{\"@id\":\"https:\\\/\\\/www.malinashop.lt\\\/lt_lt\\\/shop\\\/biodance-hydro-cera-nol-real-deep-veido-kauke-34-g\\\/#breadcrumb\"},\"inLanguage\":\"lt-LT\",\"potentialAction\":[{\"@type\":\"ReadAction\",\"target\":[\"https:\\\/\\\/www.malinashop.lt\\\/lt_lt\\\/shop\\\/biodance-hydro-cera-nol-real-deep-veido-kauke-34-g\\\/\"]}]},{\"@type\":\"ImageObject\",\"inLanguage\":\"lt-LT\",\"@id\":\"https:\\\/\\\/www.malinashop.lt\\\/lt_lt\\\/shop\\\/biodance-hydro-cera-nol-real-deep-veido-kauke-34-g\\\/#primaryimage\",\"url\":\"https:\\\/\\\/www.malinashop.lt\\\/wp-content\\\/uploads\\\/2025\\\/10\\\/BIODANCE-HYDRO-CERA-NOL-REAL-DEEP-veido-kauke-34-g.jpg\",\"contentUrl\":\"https:\\\/\\\/www.malinashop.lt\\\/wp-content\\\/uploads\\\/2025\\\/10\\\/BIODANCE-HYDRO-CERA-NOL-REAL-DEEP-veido-kauke-34-g.jpg\",\"width\":650,\"height\":650},{\"@type\":\"BreadcrumbList\",\"@id\":\"https:\\\/\\\/www.malinashop.lt\\\/lt_lt\\\/shop\\\/biodance-hydro-cera-nol-real-deep-veido-kauke-34-g\\\/#breadcrumb\",\"itemListElement\":[{\"@type\":\"ListItem\",\"position\":1,\"name\":\"Home\",\"item\":\"https:\\\/\\\/www.malinashop.lt\\\/en\\\/\"},{\"@type\":\"ListItem\",\"position\":2,\"name\":\"Parduotuv\u0117\",\"item\":\"https:\\\/\\\/www.malinashop.lt\\\/en\\\/parduotuve\\\/\"},{\"@type\":\"ListItem\",\"position\":3,\"name\":\"BIODANCE HYDRO CERA-NOL REAL DEEP veido kauk\u0117, 34 g\"}]},{\"@type\":\"WebSite\",\"@id\":\"https:\\\/\\\/www.malinashop.lt\\\/en\\\/#website\",\"url\":\"https:\\\/\\\/www.malinashop.lt\\\/en\\\/\",\"name\":\"COM Group Ecommerce\",\"description\":\"MalinaShop.lt - Gro\u017eio ir sveikatos produktai i\u0161 patikim\u0173 preki\u0173 \u017eenkl\u0173. Atraskite auk\u0161tos kokyb\u0117s kosmetik\u0105 u\u017e puiki\u0105 kain\u0105.\",\"publisher\":{\"@id\":\"https:\\\/\\\/www.malinashop.lt\\\/en\\\/#organization\"},\"potentialAction\":[{\"@type\":\"SearchAction\",\"target\":{\"@type\":\"EntryPoint\",\"urlTemplate\":\"https:\\\/\\\/www.malinashop.lt\\\/en\\\/?s={search_term_string}\"},\"query-input\":{\"@type\":\"PropertyValueSpecification\",\"valueRequired\":true,\"valueName\":\"search_term_string\"}}],\"inLanguage\":\"lt-LT\"},{\"@type\":\"Organization\",\"@id\":\"https:\\\/\\\/www.malinashop.lt\\\/en\\\/#organization\",\"name\":\"COM Group Ecommerce\",\"url\":\"https:\\\/\\\/www.malinashop.lt\\\/en\\\/\",\"logo\":{\"@type\":\"ImageObject\",\"inLanguage\":\"lt-LT\",\"@id\":\"https:\\\/\\\/www.malinashop.lt\\\/en\\\/#\\\/schema\\\/logo\\\/image\\\/\",\"url\":\"https:\\\/\\\/www.malinashop.lt\\\/wp-content\\\/uploads\\\/2024\\\/08\\\/462559670_3787732518133670_9795632669273463_n-e1731525914575.png\",\"contentUrl\":\"https:\\\/\\\/www.malinashop.lt\\\/wp-content\\\/uploads\\\/2024\\\/08\\\/462559670_3787732518133670_9795632669273463_n-e1731525914575.png\",\"width\":180,\"height\":60,\"caption\":\"COM Group Ecommerce\"},\"image\":{\"@id\":\"https:\\\/\\\/www.malinashop.lt\\\/en\\\/#\\\/schema\\\/logo\\\/image\\\/\"}}]}<\/script>\n<!-- \/ Yoast SEO plugin. -->","yoast_head_json":{"title":"BIODANCE HYDRO CERA-NOL REAL DEEP veido kauk\u0117, 34 g - MalinaShop.lt J\u016bs\u0173 sveikatai ir gro\u017eiui.","description":"BIODANCE HYDRO CERA-NOL REAL DEEP \u2013 raminanti kauk\u0117 su ceranoliu, hialuronu ir pantenoliu, stiprina odos barjer\u0105 ir ma\u017eina raudon\u012f.","robots":{"index":"index","follow":"follow","max-snippet":"max-snippet:-1","max-image-preview":"max-image-preview:large","max-video-preview":"max-video-preview:-1"},"canonical":"https:\/\/www.malinashop.lt\/lt_lt\/shop\/biodance-hydro-cera-nol-real-deep-veido-kauke-34-g\/","og_locale":"lt_LT","og_type":"article","og_title":"BIODANCE HYDRO CERA-NOL REAL DEEP veido kauk\u0117, 34 g - MalinaShop.lt J\u016bs\u0173 sveikatai ir gro\u017eiui.","og_description":"BIODANCE HYDRO CERA-NOL REAL DEEP \u2013 raminanti kauk\u0117 su ceranoliu, hialuronu ir pantenoliu, stiprina odos barjer\u0105 ir ma\u017eina raudon\u012f.","og_url":"https:\/\/www.malinashop.lt\/lt_lt\/shop\/biodance-hydro-cera-nol-real-deep-veido-kauke-34-g\/","og_site_name":"MalinaShop.lt J\u016bs\u0173 sveikatai ir gro\u017eiui.","article_modified_time":"2026-04-07T21:22:02+00:00","og_image":[{"width":650,"height":650,"url":"https:\/\/www.malinashop.lt\/wp-content\/uploads\/2025\/10\/BIODANCE-HYDRO-CERA-NOL-REAL-DEEP-veido-kauke-34-g.jpg","type":"image\/jpeg"}],"twitter_card":"summary_large_image","schema":{"@context":"https:\/\/schema.org","@graph":[{"@type":"WebPage","@id":"https:\/\/www.malinashop.lt\/lt_lt\/shop\/biodance-hydro-cera-nol-real-deep-veido-kauke-34-g\/","url":"https:\/\/www.malinashop.lt\/lt_lt\/shop\/biodance-hydro-cera-nol-real-deep-veido-kauke-34-g\/","name":"BIODANCE HYDRO CERA-NOL REAL DEEP veido kauk\u0117, 34 g - MalinaShop.lt J\u016bs\u0173 sveikatai ir gro\u017eiui.","isPartOf":{"@id":"https:\/\/www.malinashop.lt\/en\/#website"},"primaryImageOfPage":{"@id":"https:\/\/www.malinashop.lt\/lt_lt\/shop\/biodance-hydro-cera-nol-real-deep-veido-kauke-34-g\/#primaryimage"},"image":{"@id":"https:\/\/www.malinashop.lt\/lt_lt\/shop\/biodance-hydro-cera-nol-real-deep-veido-kauke-34-g\/#primaryimage"},"thumbnailUrl":"https:\/\/www.malinashop.lt\/wp-content\/uploads\/2025\/10\/BIODANCE-HYDRO-CERA-NOL-REAL-DEEP-veido-kauke-34-g.jpg","datePublished":"2026-01-31T08:51:41+00:00","dateModified":"2026-04-07T21:22:02+00:00","description":"BIODANCE HYDRO CERA-NOL REAL DEEP \u2013 raminanti kauk\u0117 su ceranoliu, hialuronu ir pantenoliu, stiprina odos barjer\u0105 ir ma\u017eina raudon\u012f.","breadcrumb":{"@id":"https:\/\/www.malinashop.lt\/lt_lt\/shop\/biodance-hydro-cera-nol-real-deep-veido-kauke-34-g\/#breadcrumb"},"inLanguage":"lt-LT","potentialAction":[{"@type":"ReadAction","target":["https:\/\/www.malinashop.lt\/lt_lt\/shop\/biodance-hydro-cera-nol-real-deep-veido-kauke-34-g\/"]}]},{"@type":"ImageObject","inLanguage":"lt-LT","@id":"https:\/\/www.malinashop.lt\/lt_lt\/shop\/biodance-hydro-cera-nol-real-deep-veido-kauke-34-g\/#primaryimage","url":"https:\/\/www.malinashop.lt\/wp-content\/uploads\/2025\/10\/BIODANCE-HYDRO-CERA-NOL-REAL-DEEP-veido-kauke-34-g.jpg","contentUrl":"https:\/\/www.malinashop.lt\/wp-content\/uploads\/2025\/10\/BIODANCE-HYDRO-CERA-NOL-REAL-DEEP-veido-kauke-34-g.jpg","width":650,"height":650},{"@type":"BreadcrumbList","@id":"https:\/\/www.malinashop.lt\/lt_lt\/shop\/biodance-hydro-cera-nol-real-deep-veido-kauke-34-g\/#breadcrumb","itemListElement":[{"@type":"ListItem","position":1,"name":"Home","item":"https:\/\/www.malinashop.lt\/en\/"},{"@type":"ListItem","position":2,"name":"Parduotuv\u0117","item":"https:\/\/www.malinashop.lt\/en\/parduotuve\/"},{"@type":"ListItem","position":3,"name":"BIODANCE HYDRO CERA-NOL REAL DEEP veido kauk\u0117, 34 g"}]},{"@type":"WebSite","@id":"https:\/\/www.malinashop.lt\/en\/#website","url":"https:\/\/www.malinashop.lt\/en\/","name":"COM Group Ecommerce","description":"MalinaShop.lt - Gro\u017eio ir sveikatos produktai i\u0161 patikim\u0173 preki\u0173 \u017eenkl\u0173. Atraskite auk\u0161tos kokyb\u0117s kosmetik\u0105 u\u017e puiki\u0105 kain\u0105.","publisher":{"@id":"https:\/\/www.malinashop.lt\/en\/#organization"},"potentialAction":[{"@type":"SearchAction","target":{"@type":"EntryPoint","urlTemplate":"https:\/\/www.malinashop.lt\/en\/?s={search_term_string}"},"query-input":{"@type":"PropertyValueSpecification","valueRequired":true,"valueName":"search_term_string"}}],"inLanguage":"lt-LT"},{"@type":"Organization","@id":"https:\/\/www.malinashop.lt\/en\/#organization","name":"COM Group Ecommerce","url":"https:\/\/www.malinashop.lt\/en\/","logo":{"@type":"ImageObject","inLanguage":"lt-LT","@id":"https:\/\/www.malinashop.lt\/en\/#\/schema\/logo\/image\/","url":"https:\/\/www.malinashop.lt\/wp-content\/uploads\/2024\/08\/462559670_3787732518133670_9795632669273463_n-e1731525914575.png","contentUrl":"https:\/\/www.malinashop.lt\/wp-content\/uploads\/2024\/08\/462559670_3787732518133670_9795632669273463_n-e1731525914575.png","width":180,"height":60,"caption":"COM Group Ecommerce"},"image":{"@id":"https:\/\/www.malinashop.lt\/en\/#\/schema\/logo\/image\/"}}]}},"jetpack_sharing_enabled":true,"_links":{"self":[{"href":"https:\/\/www.malinashop.lt\/lt_lt\/wp-json\/wp\/v2\/product\/59730","targetHints":{"allow":["GET"]}}],"collection":[{"href":"https:\/\/www.malinashop.lt\/lt_lt\/wp-json\/wp\/v2\/product"}],"about":[{"href":"https:\/\/www.malinashop.lt\/lt_lt\/wp-json\/wp\/v2\/types\/product"}],"version-history":[{"count":1,"href":"https:\/\/www.malinashop.lt\/lt_lt\/wp-json\/wp\/v2\/product\/59730\/revisions"}],"predecessor-version":[{"id":59734,"href":"https:\/\/www.malinashop.lt\/lt_lt\/wp-json\/wp\/v2\/product\/59730\/revisions\/59734"}],"wp:featuredmedia":[{"embeddable":true,"href":"https:\/\/www.malinashop.lt\/lt_lt\/wp-json\/wp\/v2\/media\/59733"}],"wp:attachment":[{"href":"https:\/\/www.malinashop.lt\/lt_lt\/wp-json\/wp\/v2\/media?parent=59730"}],"wp:term":[{"taxonomy":"product_brand","embeddable":true,"href":"https:\/\/www.malinashop.lt\/lt_lt\/wp-json\/wp\/v2\/product_brand?post=59730"},{"taxonomy":"product_cat","embeddable":true,"href":"https:\/\/www.malinashop.lt\/lt_lt\/wp-json\/wp\/v2\/product_cat?post=59730"},{"taxonomy":"product_tag","embeddable":true,"href":"https:\/\/www.malinashop.lt\/lt_lt\/wp-json\/wp\/v2\/product_tag?post=59730"}],"curies":[{"name":"wp","href":"https:\/\/api.w.org\/{rel}","templated":true}]}}