{"id":59710,"date":"2025-10-27T13:41:53","date_gmt":"2025-10-27T10:41:53","guid":{"rendered":"https:\/\/malinashop.lt\/?post_type=product&#038;p=59710"},"modified":"2026-03-18T12:41:18","modified_gmt":"2026-03-18T09:41:18","slug":"nejha-bb-kremas-su-atspalviu-feel-the-light-spf30-03-toffee-30-ml","status":"publish","type":"product","link":"https:\/\/www.malinashop.lt\/lt_lt\/shop\/nejha-bb-kremas-su-atspalviu-feel-the-light-spf30-03-toffee-30-ml\/","title":{"rendered":"NEJHA BB kremas su atspalviu FEEL THE LIGHT SPF30 (03 Toffee), 30 ml"},"content":{"rendered":"<p data-start=\"350\" data-end=\"527\"><strong data-start=\"350\" data-end=\"396\">NEJHA FEEL THE LIGHT BB kremas (03 Toffee)<\/strong> \u2013 daugiafunkcinis <strong data-start=\"415\" data-end=\"450\">BB kremas su atspalviu ir SPF30<\/strong>, suteikiantis odai nat\u016bral\u0173, tolyg\u0173 ton\u0105 bei apsaug\u0105 nuo saul\u0117s spinduli\u0173.<\/p>\n<p data-start=\"529\" data-end=\"741\">Lengva, \u0161ilkin\u0117 tekst\u016bra <strong data-start=\"554\" data-end=\"600\">dr\u0117kina, maitina ir sulygina odos atspalv\u012f<\/strong>, kartu leisdama jai kv\u0117puoti. D\u0117l <strong data-start=\"635\" data-end=\"665\">sald\u017ei\u0173j\u0173 migdol\u0173 aliejaus<\/strong> kremas ramina ir mink\u0161tina od\u0105, tod\u0117l puikiai tinka net ir jautriai odai.<\/p>\n<p data-start=\"743\" data-end=\"826\">Rezultatas \u2013 <strong data-start=\"756\" data-end=\"803\">lygus, skaistus ir sveikai \u0161vytintis veidas<\/strong>, be sunkumo poj\u016b\u010dio.<\/p>\n<p data-start=\"828\" data-end=\"979\"><strong data-start=\"828\" data-end=\"843\">Naudojimas:<\/strong> tolygiai paskirstykite krem\u0105 ant veido pir\u0161t\u0173 galiukais, makia\u017eo kempin\u0117le arba \u0161epet\u0117liu. Visam veidui u\u017etenka vos keli\u0173 paspaudim\u0173.<\/p>\n","protected":false},"excerpt":{"rendered":"<p data-start=\"125\" data-end=\"307\">NEJHA FEEL THE LIGHT BB kremas (03 Toffee) \u2013 dr\u0117kinantis, \u0161velnus ir nat\u016bral\u0173 atspalv\u012f suteikiantis kremas su SPF30, praturtintas sald\u017ei\u0173j\u0173 migdol\u0173 aliejumi, idealiai tinka kasdieniam naudojimui.<\/p>\n","protected":false},"featured_media":59711,"template":"","meta":[],"product_brand":[1358],"product_cat":[186,102],"product_tag":[1573],"class_list":{"0":"post-59710","1":"product","2":"type-product","3":"status-publish","4":"has-post-thumbnail","6":"product_brand-nejha","7":"product_cat-bb-ir-cc-kremai","8":"product_cat-dekoratyvine-kosmetika","9":"product_tag-nejha","11":"first","12":"instock","13":"sale","14":"taxable","15":"shipping-taxable","16":"purchasable","17":"product-type-simple"},"yoast_head":"<!-- This site is optimized with the Yoast SEO plugin v27.4 - https:\/\/yoast.com\/product\/yoast-seo-wordpress\/ -->\n<title>NEJHA BB kremas su atspalviu FEEL THE LIGHT SPF30 (03 Toffee), 30 ml - MalinaShop.lt J\u016bs\u0173 sveikatai ir gro\u017eiui.<\/title>\n<meta name=\"description\" content=\"NEJHA BB kremas (03 Toffee) \u2013 dr\u0117kinantis ir apsaugantis SPF30 BB kremas su migdol\u0173 aliejumi, suteikiantis odai nat\u016bral\u0173 spindes\u012f ir tolyg\u0173 ton\u0105.\" \/>\n<meta name=\"robots\" content=\"index, follow, max-snippet:-1, max-image-preview:large, max-video-preview:-1\" \/>\n<link rel=\"canonical\" href=\"https:\/\/www.malinashop.lt\/lt_lt\/shop\/nejha-bb-kremas-su-atspalviu-feel-the-light-spf30-03-toffee-30-ml\/\" \/>\n<meta property=\"og:locale\" content=\"lt_LT\" \/>\n<meta property=\"og:type\" content=\"article\" \/>\n<meta property=\"og:title\" content=\"NEJHA BB kremas su atspalviu FEEL THE LIGHT SPF30 (03 Toffee), 30 ml - MalinaShop.lt J\u016bs\u0173 sveikatai ir gro\u017eiui.\" \/>\n<meta property=\"og:description\" content=\"NEJHA BB kremas (03 Toffee) \u2013 dr\u0117kinantis ir apsaugantis SPF30 BB kremas su migdol\u0173 aliejumi, suteikiantis odai nat\u016bral\u0173 spindes\u012f ir tolyg\u0173 ton\u0105.\" \/>\n<meta property=\"og:url\" content=\"https:\/\/www.malinashop.lt\/lt_lt\/shop\/nejha-bb-kremas-su-atspalviu-feel-the-light-spf30-03-toffee-30-ml\/\" \/>\n<meta property=\"og:site_name\" content=\"MalinaShop.lt J\u016bs\u0173 sveikatai ir gro\u017eiui.\" \/>\n<meta property=\"article:modified_time\" content=\"2026-03-18T09:41:18+00:00\" \/>\n<meta property=\"og:image\" content=\"https:\/\/www.malinashop.lt\/wp-content\/uploads\/2025\/10\/NEJHA-BB-kremas-su-atspalviu-FEEL-THE-LIGHT-SPF30-03-Toffee-30-ml.webp\" \/>\n\t<meta property=\"og:image:width\" content=\"768\" \/>\n\t<meta property=\"og:image:height\" content=\"768\" \/>\n\t<meta property=\"og:image:type\" content=\"image\/webp\" \/>\n<meta name=\"twitter:card\" content=\"summary_large_image\" \/>\n<script type=\"application\/ld+json\" class=\"yoast-schema-graph\">{\"@context\":\"https:\\\/\\\/schema.org\",\"@graph\":[{\"@type\":\"WebPage\",\"@id\":\"https:\\\/\\\/www.malinashop.lt\\\/lt_lt\\\/shop\\\/nejha-bb-kremas-su-atspalviu-feel-the-light-spf30-03-toffee-30-ml\\\/\",\"url\":\"https:\\\/\\\/www.malinashop.lt\\\/lt_lt\\\/shop\\\/nejha-bb-kremas-su-atspalviu-feel-the-light-spf30-03-toffee-30-ml\\\/\",\"name\":\"NEJHA BB kremas su atspalviu FEEL THE LIGHT SPF30 (03 Toffee), 30 ml - MalinaShop.lt J\u016bs\u0173 sveikatai ir gro\u017eiui.\",\"isPartOf\":{\"@id\":\"https:\\\/\\\/www.malinashop.lt\\\/#website\"},\"primaryImageOfPage\":{\"@id\":\"https:\\\/\\\/www.malinashop.lt\\\/lt_lt\\\/shop\\\/nejha-bb-kremas-su-atspalviu-feel-the-light-spf30-03-toffee-30-ml\\\/#primaryimage\"},\"image\":{\"@id\":\"https:\\\/\\\/www.malinashop.lt\\\/lt_lt\\\/shop\\\/nejha-bb-kremas-su-atspalviu-feel-the-light-spf30-03-toffee-30-ml\\\/#primaryimage\"},\"thumbnailUrl\":\"https:\\\/\\\/www.malinashop.lt\\\/wp-content\\\/uploads\\\/2025\\\/10\\\/NEJHA-BB-kremas-su-atspalviu-FEEL-THE-LIGHT-SPF30-03-Toffee-30-ml.webp\",\"datePublished\":\"2025-10-27T10:41:53+00:00\",\"dateModified\":\"2026-03-18T09:41:18+00:00\",\"description\":\"NEJHA BB kremas (03 Toffee) \u2013 dr\u0117kinantis ir apsaugantis SPF30 BB kremas su migdol\u0173 aliejumi, suteikiantis odai nat\u016bral\u0173 spindes\u012f ir tolyg\u0173 ton\u0105.\",\"breadcrumb\":{\"@id\":\"https:\\\/\\\/www.malinashop.lt\\\/lt_lt\\\/shop\\\/nejha-bb-kremas-su-atspalviu-feel-the-light-spf30-03-toffee-30-ml\\\/#breadcrumb\"},\"inLanguage\":\"lt-LT\",\"potentialAction\":[{\"@type\":\"ReadAction\",\"target\":[\"https:\\\/\\\/www.malinashop.lt\\\/lt_lt\\\/shop\\\/nejha-bb-kremas-su-atspalviu-feel-the-light-spf30-03-toffee-30-ml\\\/\"]}]},{\"@type\":\"ImageObject\",\"inLanguage\":\"lt-LT\",\"@id\":\"https:\\\/\\\/www.malinashop.lt\\\/lt_lt\\\/shop\\\/nejha-bb-kremas-su-atspalviu-feel-the-light-spf30-03-toffee-30-ml\\\/#primaryimage\",\"url\":\"https:\\\/\\\/www.malinashop.lt\\\/wp-content\\\/uploads\\\/2025\\\/10\\\/NEJHA-BB-kremas-su-atspalviu-FEEL-THE-LIGHT-SPF30-03-Toffee-30-ml.webp\",\"contentUrl\":\"https:\\\/\\\/www.malinashop.lt\\\/wp-content\\\/uploads\\\/2025\\\/10\\\/NEJHA-BB-kremas-su-atspalviu-FEEL-THE-LIGHT-SPF30-03-Toffee-30-ml.webp\",\"width\":768,\"height\":768},{\"@type\":\"BreadcrumbList\",\"@id\":\"https:\\\/\\\/www.malinashop.lt\\\/lt_lt\\\/shop\\\/nejha-bb-kremas-su-atspalviu-feel-the-light-spf30-03-toffee-30-ml\\\/#breadcrumb\",\"itemListElement\":[{\"@type\":\"ListItem\",\"position\":1,\"name\":\"Pagrindinis\",\"item\":\"https:\\\/\\\/www.malinashop.lt\\\/\"},{\"@type\":\"ListItem\",\"position\":2,\"name\":\"Parduotuv\u0117\",\"item\":\"https:\\\/\\\/www.malinashop.lt\\\/en\\\/parduotuve\\\/\"},{\"@type\":\"ListItem\",\"position\":3,\"name\":\"NEJHA BB kremas su atspalviu FEEL THE LIGHT SPF30 (03 Toffee), 30 ml\"}]},{\"@type\":\"WebSite\",\"@id\":\"https:\\\/\\\/www.malinashop.lt\\\/#website\",\"url\":\"https:\\\/\\\/www.malinashop.lt\\\/\",\"name\":\"COM Group Ecommerce\",\"description\":\"MalinaShop.lt - Gro\u017eio ir sveikatos produktai i\u0161 patikim\u0173 preki\u0173 \u017eenkl\u0173. Atraskite auk\u0161tos kokyb\u0117s kosmetik\u0105 u\u017e puiki\u0105 kain\u0105.\",\"publisher\":{\"@id\":\"https:\\\/\\\/www.malinashop.lt\\\/#organization\"},\"potentialAction\":[{\"@type\":\"SearchAction\",\"target\":{\"@type\":\"EntryPoint\",\"urlTemplate\":\"https:\\\/\\\/www.malinashop.lt\\\/?s={search_term_string}\"},\"query-input\":{\"@type\":\"PropertyValueSpecification\",\"valueRequired\":true,\"valueName\":\"search_term_string\"}}],\"inLanguage\":\"lt-LT\"},{\"@type\":\"Organization\",\"@id\":\"https:\\\/\\\/www.malinashop.lt\\\/#organization\",\"name\":\"COM Group Ecommerce\",\"url\":\"https:\\\/\\\/www.malinashop.lt\\\/\",\"logo\":{\"@type\":\"ImageObject\",\"inLanguage\":\"lt-LT\",\"@id\":\"https:\\\/\\\/www.malinashop.lt\\\/#\\\/schema\\\/logo\\\/image\\\/\",\"url\":\"https:\\\/\\\/www.malinashop.lt\\\/wp-content\\\/uploads\\\/2024\\\/08\\\/462559670_3787732518133670_9795632669273463_n-e1731525914575.png\",\"contentUrl\":\"https:\\\/\\\/www.malinashop.lt\\\/wp-content\\\/uploads\\\/2024\\\/08\\\/462559670_3787732518133670_9795632669273463_n-e1731525914575.png\",\"width\":180,\"height\":60,\"caption\":\"COM Group Ecommerce\"},\"image\":{\"@id\":\"https:\\\/\\\/www.malinashop.lt\\\/#\\\/schema\\\/logo\\\/image\\\/\"}}]}<\/script>\n<!-- \/ Yoast SEO plugin. -->","yoast_head_json":{"title":"NEJHA BB kremas su atspalviu FEEL THE LIGHT SPF30 (03 Toffee), 30 ml - MalinaShop.lt J\u016bs\u0173 sveikatai ir gro\u017eiui.","description":"NEJHA BB kremas (03 Toffee) \u2013 dr\u0117kinantis ir apsaugantis SPF30 BB kremas su migdol\u0173 aliejumi, suteikiantis odai nat\u016bral\u0173 spindes\u012f ir tolyg\u0173 ton\u0105.","robots":{"index":"index","follow":"follow","max-snippet":"max-snippet:-1","max-image-preview":"max-image-preview:large","max-video-preview":"max-video-preview:-1"},"canonical":"https:\/\/www.malinashop.lt\/lt_lt\/shop\/nejha-bb-kremas-su-atspalviu-feel-the-light-spf30-03-toffee-30-ml\/","og_locale":"lt_LT","og_type":"article","og_title":"NEJHA BB kremas su atspalviu FEEL THE LIGHT SPF30 (03 Toffee), 30 ml - MalinaShop.lt J\u016bs\u0173 sveikatai ir gro\u017eiui.","og_description":"NEJHA BB kremas (03 Toffee) \u2013 dr\u0117kinantis ir apsaugantis SPF30 BB kremas su migdol\u0173 aliejumi, suteikiantis odai nat\u016bral\u0173 spindes\u012f ir tolyg\u0173 ton\u0105.","og_url":"https:\/\/www.malinashop.lt\/lt_lt\/shop\/nejha-bb-kremas-su-atspalviu-feel-the-light-spf30-03-toffee-30-ml\/","og_site_name":"MalinaShop.lt J\u016bs\u0173 sveikatai ir gro\u017eiui.","article_modified_time":"2026-03-18T09:41:18+00:00","og_image":[{"width":768,"height":768,"url":"https:\/\/www.malinashop.lt\/wp-content\/uploads\/2025\/10\/NEJHA-BB-kremas-su-atspalviu-FEEL-THE-LIGHT-SPF30-03-Toffee-30-ml.webp","type":"image\/webp"}],"twitter_card":"summary_large_image","schema":{"@context":"https:\/\/schema.org","@graph":[{"@type":"WebPage","@id":"https:\/\/www.malinashop.lt\/lt_lt\/shop\/nejha-bb-kremas-su-atspalviu-feel-the-light-spf30-03-toffee-30-ml\/","url":"https:\/\/www.malinashop.lt\/lt_lt\/shop\/nejha-bb-kremas-su-atspalviu-feel-the-light-spf30-03-toffee-30-ml\/","name":"NEJHA BB kremas su atspalviu FEEL THE LIGHT SPF30 (03 Toffee), 30 ml - MalinaShop.lt J\u016bs\u0173 sveikatai ir gro\u017eiui.","isPartOf":{"@id":"https:\/\/www.malinashop.lt\/#website"},"primaryImageOfPage":{"@id":"https:\/\/www.malinashop.lt\/lt_lt\/shop\/nejha-bb-kremas-su-atspalviu-feel-the-light-spf30-03-toffee-30-ml\/#primaryimage"},"image":{"@id":"https:\/\/www.malinashop.lt\/lt_lt\/shop\/nejha-bb-kremas-su-atspalviu-feel-the-light-spf30-03-toffee-30-ml\/#primaryimage"},"thumbnailUrl":"https:\/\/www.malinashop.lt\/wp-content\/uploads\/2025\/10\/NEJHA-BB-kremas-su-atspalviu-FEEL-THE-LIGHT-SPF30-03-Toffee-30-ml.webp","datePublished":"2025-10-27T10:41:53+00:00","dateModified":"2026-03-18T09:41:18+00:00","description":"NEJHA BB kremas (03 Toffee) \u2013 dr\u0117kinantis ir apsaugantis SPF30 BB kremas su migdol\u0173 aliejumi, suteikiantis odai nat\u016bral\u0173 spindes\u012f ir tolyg\u0173 ton\u0105.","breadcrumb":{"@id":"https:\/\/www.malinashop.lt\/lt_lt\/shop\/nejha-bb-kremas-su-atspalviu-feel-the-light-spf30-03-toffee-30-ml\/#breadcrumb"},"inLanguage":"lt-LT","potentialAction":[{"@type":"ReadAction","target":["https:\/\/www.malinashop.lt\/lt_lt\/shop\/nejha-bb-kremas-su-atspalviu-feel-the-light-spf30-03-toffee-30-ml\/"]}]},{"@type":"ImageObject","inLanguage":"lt-LT","@id":"https:\/\/www.malinashop.lt\/lt_lt\/shop\/nejha-bb-kremas-su-atspalviu-feel-the-light-spf30-03-toffee-30-ml\/#primaryimage","url":"https:\/\/www.malinashop.lt\/wp-content\/uploads\/2025\/10\/NEJHA-BB-kremas-su-atspalviu-FEEL-THE-LIGHT-SPF30-03-Toffee-30-ml.webp","contentUrl":"https:\/\/www.malinashop.lt\/wp-content\/uploads\/2025\/10\/NEJHA-BB-kremas-su-atspalviu-FEEL-THE-LIGHT-SPF30-03-Toffee-30-ml.webp","width":768,"height":768},{"@type":"BreadcrumbList","@id":"https:\/\/www.malinashop.lt\/lt_lt\/shop\/nejha-bb-kremas-su-atspalviu-feel-the-light-spf30-03-toffee-30-ml\/#breadcrumb","itemListElement":[{"@type":"ListItem","position":1,"name":"Pagrindinis","item":"https:\/\/www.malinashop.lt\/"},{"@type":"ListItem","position":2,"name":"Parduotuv\u0117","item":"https:\/\/www.malinashop.lt\/en\/parduotuve\/"},{"@type":"ListItem","position":3,"name":"NEJHA BB kremas su atspalviu FEEL THE LIGHT SPF30 (03 Toffee), 30 ml"}]},{"@type":"WebSite","@id":"https:\/\/www.malinashop.lt\/#website","url":"https:\/\/www.malinashop.lt\/","name":"COM Group Ecommerce","description":"MalinaShop.lt - Gro\u017eio ir sveikatos produktai i\u0161 patikim\u0173 preki\u0173 \u017eenkl\u0173. Atraskite auk\u0161tos kokyb\u0117s kosmetik\u0105 u\u017e puiki\u0105 kain\u0105.","publisher":{"@id":"https:\/\/www.malinashop.lt\/#organization"},"potentialAction":[{"@type":"SearchAction","target":{"@type":"EntryPoint","urlTemplate":"https:\/\/www.malinashop.lt\/?s={search_term_string}"},"query-input":{"@type":"PropertyValueSpecification","valueRequired":true,"valueName":"search_term_string"}}],"inLanguage":"lt-LT"},{"@type":"Organization","@id":"https:\/\/www.malinashop.lt\/#organization","name":"COM Group Ecommerce","url":"https:\/\/www.malinashop.lt\/","logo":{"@type":"ImageObject","inLanguage":"lt-LT","@id":"https:\/\/www.malinashop.lt\/#\/schema\/logo\/image\/","url":"https:\/\/www.malinashop.lt\/wp-content\/uploads\/2024\/08\/462559670_3787732518133670_9795632669273463_n-e1731525914575.png","contentUrl":"https:\/\/www.malinashop.lt\/wp-content\/uploads\/2024\/08\/462559670_3787732518133670_9795632669273463_n-e1731525914575.png","width":180,"height":60,"caption":"COM Group Ecommerce"},"image":{"@id":"https:\/\/www.malinashop.lt\/#\/schema\/logo\/image\/"}}]}},"jetpack_sharing_enabled":true,"_links":{"self":[{"href":"https:\/\/www.malinashop.lt\/lt_lt\/wp-json\/wp\/v2\/product\/59710","targetHints":{"allow":["GET"]}}],"collection":[{"href":"https:\/\/www.malinashop.lt\/lt_lt\/wp-json\/wp\/v2\/product"}],"about":[{"href":"https:\/\/www.malinashop.lt\/lt_lt\/wp-json\/wp\/v2\/types\/product"}],"version-history":[{"count":1,"href":"https:\/\/www.malinashop.lt\/lt_lt\/wp-json\/wp\/v2\/product\/59710\/revisions"}],"predecessor-version":[{"id":59713,"href":"https:\/\/www.malinashop.lt\/lt_lt\/wp-json\/wp\/v2\/product\/59710\/revisions\/59713"}],"wp:featuredmedia":[{"embeddable":true,"href":"https:\/\/www.malinashop.lt\/lt_lt\/wp-json\/wp\/v2\/media\/59711"}],"wp:attachment":[{"href":"https:\/\/www.malinashop.lt\/lt_lt\/wp-json\/wp\/v2\/media?parent=59710"}],"wp:term":[{"taxonomy":"product_brand","embeddable":true,"href":"https:\/\/www.malinashop.lt\/lt_lt\/wp-json\/wp\/v2\/product_brand?post=59710"},{"taxonomy":"product_cat","embeddable":true,"href":"https:\/\/www.malinashop.lt\/lt_lt\/wp-json\/wp\/v2\/product_cat?post=59710"},{"taxonomy":"product_tag","embeddable":true,"href":"https:\/\/www.malinashop.lt\/lt_lt\/wp-json\/wp\/v2\/product_tag?post=59710"}],"curies":[{"name":"wp","href":"https:\/\/api.w.org\/{rel}","templated":true}]}}