{"id":59693,"date":"2025-10-27T13:29:26","date_gmt":"2025-10-27T10:29:26","guid":{"rendered":"https:\/\/malinashop.lt\/?post_type=product&#038;p=59693"},"modified":"2026-03-18T12:41:19","modified_gmt":"2026-03-18T09:41:19","slug":"nejha-svytejimo-suteikianti-drekinamoji-ir-stipriai-maskuojanti-kremine-pudra-supernova-n03-honey-27ml","status":"publish","type":"product","link":"https:\/\/www.malinashop.lt\/lt_lt\/shop\/nejha-svytejimo-suteikianti-drekinamoji-ir-stipriai-maskuojanti-kremine-pudra-supernova-n03-honey-27ml\/","title":{"rendered":"NEJHA \u0161vyt\u0117jimo suteikianti dr\u0117kinamoji ir stipriai maskuojanti kremin\u0117 pudra SUPERNOVA (N03 Honey), 27ml"},"content":{"rendered":"<p data-start=\"337\" data-end=\"509\"><strong data-start=\"337\" data-end=\"368\">NEJHA SUPERNOVA (N03 Honey)<\/strong> \u2013 tai <strong data-start=\"375\" data-end=\"419\">dr\u0117kinamoji, \u0161vyt\u0117jimo suteikianti pudra<\/strong>, kuri u\u017etikrina nepriekai\u0161ting\u0105 padengim\u0105, glotni\u0105 odos tekst\u016br\u0105 ir ilgalaik\u012f spindes\u012f.<\/p>\n<p data-start=\"511\" data-end=\"780\">Jos <strong data-start=\"515\" data-end=\"559\">lengva, bet stipriai maskuojanti formul\u0117<\/strong> nat\u016braliai sulygina odos atspalv\u012f, paslepia netobulumus ir suteikia odai elastingumo. <strong data-start=\"646\" data-end=\"665\">Migdol\u0173 aliejus<\/strong> bei <strong data-start=\"670\" data-end=\"707\">maitinantys nat\u016bral\u016bs komponentai<\/strong> u\u017etikrina gili\u0105 odos hidratacij\u0105 ir padeda i\u0161laikyti sveik\u0105 \u0161vyt\u0117jim\u0105.<\/p>\n<p data-start=\"782\" data-end=\"878\">Rezultatas \u2013 <strong data-start=\"795\" data-end=\"831\">lygi, \u0161vytinti ir sudr\u0117kinta oda<\/strong>, atrodanti nat\u016braliai ir gaiviai vis\u0105 dien\u0105.<\/p>\n<p data-start=\"880\" data-end=\"1020\"><strong data-start=\"880\" data-end=\"895\">Naudojimas:<\/strong> tolygiai paskirstykite pudr\u0105 ant veido pir\u0161t\u0173 galiukais, \u0161epet\u0117liu ar kempin\u0117le. Padengimui u\u017etenka vos dviej\u0173 paspaudim\u0173.<\/p>\n","protected":false},"excerpt":{"rendered":"<p data-start=\"125\" data-end=\"307\">NEJHA SUPERNOVA (N03 Honey) \u2013 dr\u0117kinanti, \u0161vyt\u0117jimo suteikianti ir stipriai maskuojanti kremin\u0117 pudra su migdol\u0173 aliejumi, kuri suvienodina odos ton\u0105 ir suteikia nat\u016bral\u0173 spindes\u012f.<\/p>\n","protected":false},"featured_media":59695,"template":"","meta":[],"product_brand":[1358],"product_cat":[102,792],"product_tag":[1573],"class_list":{"0":"post-59693","1":"product","2":"type-product","3":"status-publish","4":"has-post-thumbnail","6":"product_brand-nejha","7":"product_cat-dekoratyvine-kosmetika","8":"product_cat-veido-pudros","9":"product_tag-nejha","11":"first","12":"instock","13":"sale","14":"taxable","15":"shipping-taxable","16":"purchasable","17":"product-type-simple"},"yoast_head":"<!-- This site is optimized with the Yoast SEO plugin v27.4 - https:\/\/yoast.com\/product\/yoast-seo-wordpress\/ -->\n<title>NEJHA \u0161vyt\u0117jimo suteikianti dr\u0117kinamoji ir stipriai maskuojanti kremin\u0117 pudra SUPERNOVA (N03 Honey), 27ml - MalinaShop.lt J\u016bs\u0173 sveikatai ir gro\u017eiui.<\/title>\n<meta name=\"description\" content=\"NEJHA SUPERNOVA (N03 Honey) \u2013 \u0161vyt\u0117jimo suteikianti, dr\u0117kinanti ir maskuojanti pudra su migdol\u0173 aliejumi, suteikianti odai nat\u016bral\u0173, gaiv\u0173 spindes\u012f.\" \/>\n<meta name=\"robots\" content=\"index, follow, max-snippet:-1, max-image-preview:large, max-video-preview:-1\" \/>\n<link rel=\"canonical\" href=\"https:\/\/www.malinashop.lt\/lt_lt\/shop\/nejha-svytejimo-suteikianti-drekinamoji-ir-stipriai-maskuojanti-kremine-pudra-supernova-n03-honey-27ml\/\" \/>\n<meta property=\"og:locale\" content=\"lt_LT\" \/>\n<meta property=\"og:type\" content=\"article\" \/>\n<meta property=\"og:title\" content=\"NEJHA \u0161vyt\u0117jimo suteikianti dr\u0117kinamoji ir stipriai maskuojanti kremin\u0117 pudra SUPERNOVA (N03 Honey), 27ml - MalinaShop.lt J\u016bs\u0173 sveikatai ir gro\u017eiui.\" \/>\n<meta property=\"og:description\" content=\"NEJHA SUPERNOVA (N03 Honey) \u2013 \u0161vyt\u0117jimo suteikianti, dr\u0117kinanti ir maskuojanti pudra su migdol\u0173 aliejumi, suteikianti odai nat\u016bral\u0173, gaiv\u0173 spindes\u012f.\" \/>\n<meta property=\"og:url\" content=\"https:\/\/www.malinashop.lt\/lt_lt\/shop\/nejha-svytejimo-suteikianti-drekinamoji-ir-stipriai-maskuojanti-kremine-pudra-supernova-n03-honey-27ml\/\" \/>\n<meta property=\"og:site_name\" content=\"MalinaShop.lt J\u016bs\u0173 sveikatai ir gro\u017eiui.\" \/>\n<meta property=\"article:modified_time\" content=\"2026-03-18T09:41:19+00:00\" \/>\n<meta property=\"og:image\" content=\"https:\/\/www.malinashop.lt\/wp-content\/uploads\/2025\/10\/NEJHA-svytejimo-suteikianti-drekinamoji-ir-stipriai-maskuojanti-kremine-pudra-SUPERNOVA-N03-Honey-27ml.webp\" \/>\n\t<meta property=\"og:image:width\" content=\"768\" \/>\n\t<meta property=\"og:image:height\" content=\"768\" \/>\n\t<meta property=\"og:image:type\" content=\"image\/webp\" \/>\n<meta name=\"twitter:card\" content=\"summary_large_image\" \/>\n<script type=\"application\/ld+json\" class=\"yoast-schema-graph\">{\"@context\":\"https:\\\/\\\/schema.org\",\"@graph\":[{\"@type\":\"WebPage\",\"@id\":\"https:\\\/\\\/www.malinashop.lt\\\/lt_lt\\\/shop\\\/nejha-svytejimo-suteikianti-drekinamoji-ir-stipriai-maskuojanti-kremine-pudra-supernova-n03-honey-27ml\\\/\",\"url\":\"https:\\\/\\\/www.malinashop.lt\\\/lt_lt\\\/shop\\\/nejha-svytejimo-suteikianti-drekinamoji-ir-stipriai-maskuojanti-kremine-pudra-supernova-n03-honey-27ml\\\/\",\"name\":\"NEJHA \u0161vyt\u0117jimo suteikianti dr\u0117kinamoji ir stipriai maskuojanti kremin\u0117 pudra SUPERNOVA (N03 Honey), 27ml - MalinaShop.lt J\u016bs\u0173 sveikatai ir gro\u017eiui.\",\"isPartOf\":{\"@id\":\"https:\\\/\\\/www.malinashop.lt\\\/#website\"},\"primaryImageOfPage\":{\"@id\":\"https:\\\/\\\/www.malinashop.lt\\\/lt_lt\\\/shop\\\/nejha-svytejimo-suteikianti-drekinamoji-ir-stipriai-maskuojanti-kremine-pudra-supernova-n03-honey-27ml\\\/#primaryimage\"},\"image\":{\"@id\":\"https:\\\/\\\/www.malinashop.lt\\\/lt_lt\\\/shop\\\/nejha-svytejimo-suteikianti-drekinamoji-ir-stipriai-maskuojanti-kremine-pudra-supernova-n03-honey-27ml\\\/#primaryimage\"},\"thumbnailUrl\":\"https:\\\/\\\/www.malinashop.lt\\\/wp-content\\\/uploads\\\/2025\\\/10\\\/NEJHA-svytejimo-suteikianti-drekinamoji-ir-stipriai-maskuojanti-kremine-pudra-SUPERNOVA-N03-Honey-27ml.webp\",\"datePublished\":\"2025-10-27T10:29:26+00:00\",\"dateModified\":\"2026-03-18T09:41:19+00:00\",\"description\":\"NEJHA SUPERNOVA (N03 Honey) \u2013 \u0161vyt\u0117jimo suteikianti, dr\u0117kinanti ir maskuojanti pudra su migdol\u0173 aliejumi, suteikianti odai nat\u016bral\u0173, gaiv\u0173 spindes\u012f.\",\"breadcrumb\":{\"@id\":\"https:\\\/\\\/www.malinashop.lt\\\/lt_lt\\\/shop\\\/nejha-svytejimo-suteikianti-drekinamoji-ir-stipriai-maskuojanti-kremine-pudra-supernova-n03-honey-27ml\\\/#breadcrumb\"},\"inLanguage\":\"lt-LT\",\"potentialAction\":[{\"@type\":\"ReadAction\",\"target\":[\"https:\\\/\\\/www.malinashop.lt\\\/lt_lt\\\/shop\\\/nejha-svytejimo-suteikianti-drekinamoji-ir-stipriai-maskuojanti-kremine-pudra-supernova-n03-honey-27ml\\\/\"]}]},{\"@type\":\"ImageObject\",\"inLanguage\":\"lt-LT\",\"@id\":\"https:\\\/\\\/www.malinashop.lt\\\/lt_lt\\\/shop\\\/nejha-svytejimo-suteikianti-drekinamoji-ir-stipriai-maskuojanti-kremine-pudra-supernova-n03-honey-27ml\\\/#primaryimage\",\"url\":\"https:\\\/\\\/www.malinashop.lt\\\/wp-content\\\/uploads\\\/2025\\\/10\\\/NEJHA-svytejimo-suteikianti-drekinamoji-ir-stipriai-maskuojanti-kremine-pudra-SUPERNOVA-N03-Honey-27ml.webp\",\"contentUrl\":\"https:\\\/\\\/www.malinashop.lt\\\/wp-content\\\/uploads\\\/2025\\\/10\\\/NEJHA-svytejimo-suteikianti-drekinamoji-ir-stipriai-maskuojanti-kremine-pudra-SUPERNOVA-N03-Honey-27ml.webp\",\"width\":768,\"height\":768},{\"@type\":\"BreadcrumbList\",\"@id\":\"https:\\\/\\\/www.malinashop.lt\\\/lt_lt\\\/shop\\\/nejha-svytejimo-suteikianti-drekinamoji-ir-stipriai-maskuojanti-kremine-pudra-supernova-n03-honey-27ml\\\/#breadcrumb\",\"itemListElement\":[{\"@type\":\"ListItem\",\"position\":1,\"name\":\"Pagrindinis\",\"item\":\"https:\\\/\\\/www.malinashop.lt\\\/\"},{\"@type\":\"ListItem\",\"position\":2,\"name\":\"Parduotuv\u0117\",\"item\":\"https:\\\/\\\/www.malinashop.lt\\\/en\\\/parduotuve\\\/\"},{\"@type\":\"ListItem\",\"position\":3,\"name\":\"NEJHA \u0161vyt\u0117jimo suteikianti dr\u0117kinamoji ir stipriai maskuojanti kremin\u0117 pudra SUPERNOVA (N03 Honey), 27ml\"}]},{\"@type\":\"WebSite\",\"@id\":\"https:\\\/\\\/www.malinashop.lt\\\/#website\",\"url\":\"https:\\\/\\\/www.malinashop.lt\\\/\",\"name\":\"COM Group Ecommerce\",\"description\":\"MalinaShop.lt - Gro\u017eio ir sveikatos produktai i\u0161 patikim\u0173 preki\u0173 \u017eenkl\u0173. Atraskite auk\u0161tos kokyb\u0117s kosmetik\u0105 u\u017e puiki\u0105 kain\u0105.\",\"publisher\":{\"@id\":\"https:\\\/\\\/www.malinashop.lt\\\/#organization\"},\"potentialAction\":[{\"@type\":\"SearchAction\",\"target\":{\"@type\":\"EntryPoint\",\"urlTemplate\":\"https:\\\/\\\/www.malinashop.lt\\\/?s={search_term_string}\"},\"query-input\":{\"@type\":\"PropertyValueSpecification\",\"valueRequired\":true,\"valueName\":\"search_term_string\"}}],\"inLanguage\":\"lt-LT\"},{\"@type\":\"Organization\",\"@id\":\"https:\\\/\\\/www.malinashop.lt\\\/#organization\",\"name\":\"COM Group Ecommerce\",\"url\":\"https:\\\/\\\/www.malinashop.lt\\\/\",\"logo\":{\"@type\":\"ImageObject\",\"inLanguage\":\"lt-LT\",\"@id\":\"https:\\\/\\\/www.malinashop.lt\\\/#\\\/schema\\\/logo\\\/image\\\/\",\"url\":\"https:\\\/\\\/www.malinashop.lt\\\/wp-content\\\/uploads\\\/2024\\\/08\\\/462559670_3787732518133670_9795632669273463_n-e1731525914575.png\",\"contentUrl\":\"https:\\\/\\\/www.malinashop.lt\\\/wp-content\\\/uploads\\\/2024\\\/08\\\/462559670_3787732518133670_9795632669273463_n-e1731525914575.png\",\"width\":180,\"height\":60,\"caption\":\"COM Group Ecommerce\"},\"image\":{\"@id\":\"https:\\\/\\\/www.malinashop.lt\\\/#\\\/schema\\\/logo\\\/image\\\/\"}}]}<\/script>\n<!-- \/ Yoast SEO plugin. -->","yoast_head_json":{"title":"NEJHA \u0161vyt\u0117jimo suteikianti dr\u0117kinamoji ir stipriai maskuojanti kremin\u0117 pudra SUPERNOVA (N03 Honey), 27ml - MalinaShop.lt J\u016bs\u0173 sveikatai ir gro\u017eiui.","description":"NEJHA SUPERNOVA (N03 Honey) \u2013 \u0161vyt\u0117jimo suteikianti, dr\u0117kinanti ir maskuojanti pudra su migdol\u0173 aliejumi, suteikianti odai nat\u016bral\u0173, gaiv\u0173 spindes\u012f.","robots":{"index":"index","follow":"follow","max-snippet":"max-snippet:-1","max-image-preview":"max-image-preview:large","max-video-preview":"max-video-preview:-1"},"canonical":"https:\/\/www.malinashop.lt\/lt_lt\/shop\/nejha-svytejimo-suteikianti-drekinamoji-ir-stipriai-maskuojanti-kremine-pudra-supernova-n03-honey-27ml\/","og_locale":"lt_LT","og_type":"article","og_title":"NEJHA \u0161vyt\u0117jimo suteikianti dr\u0117kinamoji ir stipriai maskuojanti kremin\u0117 pudra SUPERNOVA (N03 Honey), 27ml - MalinaShop.lt J\u016bs\u0173 sveikatai ir gro\u017eiui.","og_description":"NEJHA SUPERNOVA (N03 Honey) \u2013 \u0161vyt\u0117jimo suteikianti, dr\u0117kinanti ir maskuojanti pudra su migdol\u0173 aliejumi, suteikianti odai nat\u016bral\u0173, gaiv\u0173 spindes\u012f.","og_url":"https:\/\/www.malinashop.lt\/lt_lt\/shop\/nejha-svytejimo-suteikianti-drekinamoji-ir-stipriai-maskuojanti-kremine-pudra-supernova-n03-honey-27ml\/","og_site_name":"MalinaShop.lt J\u016bs\u0173 sveikatai ir gro\u017eiui.","article_modified_time":"2026-03-18T09:41:19+00:00","og_image":[{"width":768,"height":768,"url":"https:\/\/www.malinashop.lt\/wp-content\/uploads\/2025\/10\/NEJHA-svytejimo-suteikianti-drekinamoji-ir-stipriai-maskuojanti-kremine-pudra-SUPERNOVA-N03-Honey-27ml.webp","type":"image\/webp"}],"twitter_card":"summary_large_image","schema":{"@context":"https:\/\/schema.org","@graph":[{"@type":"WebPage","@id":"https:\/\/www.malinashop.lt\/lt_lt\/shop\/nejha-svytejimo-suteikianti-drekinamoji-ir-stipriai-maskuojanti-kremine-pudra-supernova-n03-honey-27ml\/","url":"https:\/\/www.malinashop.lt\/lt_lt\/shop\/nejha-svytejimo-suteikianti-drekinamoji-ir-stipriai-maskuojanti-kremine-pudra-supernova-n03-honey-27ml\/","name":"NEJHA \u0161vyt\u0117jimo suteikianti dr\u0117kinamoji ir stipriai maskuojanti kremin\u0117 pudra SUPERNOVA (N03 Honey), 27ml - MalinaShop.lt J\u016bs\u0173 sveikatai ir gro\u017eiui.","isPartOf":{"@id":"https:\/\/www.malinashop.lt\/#website"},"primaryImageOfPage":{"@id":"https:\/\/www.malinashop.lt\/lt_lt\/shop\/nejha-svytejimo-suteikianti-drekinamoji-ir-stipriai-maskuojanti-kremine-pudra-supernova-n03-honey-27ml\/#primaryimage"},"image":{"@id":"https:\/\/www.malinashop.lt\/lt_lt\/shop\/nejha-svytejimo-suteikianti-drekinamoji-ir-stipriai-maskuojanti-kremine-pudra-supernova-n03-honey-27ml\/#primaryimage"},"thumbnailUrl":"https:\/\/www.malinashop.lt\/wp-content\/uploads\/2025\/10\/NEJHA-svytejimo-suteikianti-drekinamoji-ir-stipriai-maskuojanti-kremine-pudra-SUPERNOVA-N03-Honey-27ml.webp","datePublished":"2025-10-27T10:29:26+00:00","dateModified":"2026-03-18T09:41:19+00:00","description":"NEJHA SUPERNOVA (N03 Honey) \u2013 \u0161vyt\u0117jimo suteikianti, dr\u0117kinanti ir maskuojanti pudra su migdol\u0173 aliejumi, suteikianti odai nat\u016bral\u0173, gaiv\u0173 spindes\u012f.","breadcrumb":{"@id":"https:\/\/www.malinashop.lt\/lt_lt\/shop\/nejha-svytejimo-suteikianti-drekinamoji-ir-stipriai-maskuojanti-kremine-pudra-supernova-n03-honey-27ml\/#breadcrumb"},"inLanguage":"lt-LT","potentialAction":[{"@type":"ReadAction","target":["https:\/\/www.malinashop.lt\/lt_lt\/shop\/nejha-svytejimo-suteikianti-drekinamoji-ir-stipriai-maskuojanti-kremine-pudra-supernova-n03-honey-27ml\/"]}]},{"@type":"ImageObject","inLanguage":"lt-LT","@id":"https:\/\/www.malinashop.lt\/lt_lt\/shop\/nejha-svytejimo-suteikianti-drekinamoji-ir-stipriai-maskuojanti-kremine-pudra-supernova-n03-honey-27ml\/#primaryimage","url":"https:\/\/www.malinashop.lt\/wp-content\/uploads\/2025\/10\/NEJHA-svytejimo-suteikianti-drekinamoji-ir-stipriai-maskuojanti-kremine-pudra-SUPERNOVA-N03-Honey-27ml.webp","contentUrl":"https:\/\/www.malinashop.lt\/wp-content\/uploads\/2025\/10\/NEJHA-svytejimo-suteikianti-drekinamoji-ir-stipriai-maskuojanti-kremine-pudra-SUPERNOVA-N03-Honey-27ml.webp","width":768,"height":768},{"@type":"BreadcrumbList","@id":"https:\/\/www.malinashop.lt\/lt_lt\/shop\/nejha-svytejimo-suteikianti-drekinamoji-ir-stipriai-maskuojanti-kremine-pudra-supernova-n03-honey-27ml\/#breadcrumb","itemListElement":[{"@type":"ListItem","position":1,"name":"Pagrindinis","item":"https:\/\/www.malinashop.lt\/"},{"@type":"ListItem","position":2,"name":"Parduotuv\u0117","item":"https:\/\/www.malinashop.lt\/en\/parduotuve\/"},{"@type":"ListItem","position":3,"name":"NEJHA \u0161vyt\u0117jimo suteikianti dr\u0117kinamoji ir stipriai maskuojanti kremin\u0117 pudra SUPERNOVA (N03 Honey), 27ml"}]},{"@type":"WebSite","@id":"https:\/\/www.malinashop.lt\/#website","url":"https:\/\/www.malinashop.lt\/","name":"COM Group Ecommerce","description":"MalinaShop.lt - Gro\u017eio ir sveikatos produktai i\u0161 patikim\u0173 preki\u0173 \u017eenkl\u0173. Atraskite auk\u0161tos kokyb\u0117s kosmetik\u0105 u\u017e puiki\u0105 kain\u0105.","publisher":{"@id":"https:\/\/www.malinashop.lt\/#organization"},"potentialAction":[{"@type":"SearchAction","target":{"@type":"EntryPoint","urlTemplate":"https:\/\/www.malinashop.lt\/?s={search_term_string}"},"query-input":{"@type":"PropertyValueSpecification","valueRequired":true,"valueName":"search_term_string"}}],"inLanguage":"lt-LT"},{"@type":"Organization","@id":"https:\/\/www.malinashop.lt\/#organization","name":"COM Group Ecommerce","url":"https:\/\/www.malinashop.lt\/","logo":{"@type":"ImageObject","inLanguage":"lt-LT","@id":"https:\/\/www.malinashop.lt\/#\/schema\/logo\/image\/","url":"https:\/\/www.malinashop.lt\/wp-content\/uploads\/2024\/08\/462559670_3787732518133670_9795632669273463_n-e1731525914575.png","contentUrl":"https:\/\/www.malinashop.lt\/wp-content\/uploads\/2024\/08\/462559670_3787732518133670_9795632669273463_n-e1731525914575.png","width":180,"height":60,"caption":"COM Group Ecommerce"},"image":{"@id":"https:\/\/www.malinashop.lt\/#\/schema\/logo\/image\/"}}]}},"jetpack_sharing_enabled":true,"_links":{"self":[{"href":"https:\/\/www.malinashop.lt\/lt_lt\/wp-json\/wp\/v2\/product\/59693","targetHints":{"allow":["GET"]}}],"collection":[{"href":"https:\/\/www.malinashop.lt\/lt_lt\/wp-json\/wp\/v2\/product"}],"about":[{"href":"https:\/\/www.malinashop.lt\/lt_lt\/wp-json\/wp\/v2\/types\/product"}],"version-history":[{"count":1,"href":"https:\/\/www.malinashop.lt\/lt_lt\/wp-json\/wp\/v2\/product\/59693\/revisions"}],"predecessor-version":[{"id":59696,"href":"https:\/\/www.malinashop.lt\/lt_lt\/wp-json\/wp\/v2\/product\/59693\/revisions\/59696"}],"wp:featuredmedia":[{"embeddable":true,"href":"https:\/\/www.malinashop.lt\/lt_lt\/wp-json\/wp\/v2\/media\/59695"}],"wp:attachment":[{"href":"https:\/\/www.malinashop.lt\/lt_lt\/wp-json\/wp\/v2\/media?parent=59693"}],"wp:term":[{"taxonomy":"product_brand","embeddable":true,"href":"https:\/\/www.malinashop.lt\/lt_lt\/wp-json\/wp\/v2\/product_brand?post=59693"},{"taxonomy":"product_cat","embeddable":true,"href":"https:\/\/www.malinashop.lt\/lt_lt\/wp-json\/wp\/v2\/product_cat?post=59693"},{"taxonomy":"product_tag","embeddable":true,"href":"https:\/\/www.malinashop.lt\/lt_lt\/wp-json\/wp\/v2\/product_tag?post=59693"}],"curies":[{"name":"wp","href":"https:\/\/api.w.org\/{rel}","templated":true}]}}