{"id":59645,"date":"2025-10-27T12:41:38","date_gmt":"2025-10-27T09:41:38","guid":{"rendered":"https:\/\/malinashop.lt\/?post_type=product&#038;p=59645"},"modified":"2026-03-18T12:41:23","modified_gmt":"2026-03-18T09:41:23","slug":"nejha-kremine-pudra-matt-of-course-p07-hazelnut-18-ml","status":"publish","type":"product","link":"https:\/\/www.malinashop.lt\/lt_lt\/shop\/nejha-kremine-pudra-matt-of-course-p07-hazelnut-18-ml\/","title":{"rendered":"NEJHA kremin\u0117 pudra MATT OF COURSE (P07 Hazelnut), 18 ml"},"content":{"rendered":"<p data-start=\"296\" data-end=\"600\"><strong data-start=\"296\" data-end=\"335\">NEJHA MATT OF COURSE (P07 Hazelnut)<\/strong> \u2013 tai <strong data-start=\"342\" data-end=\"389\">matin\u0117 kremin\u0117 pudra su dr\u0117kinan\u010dia formule<\/strong>, suteikianti <strong data-start=\"403\" data-end=\"453\">nat\u016braliai lygi\u0105 ir subalansuot\u0105 odos i\u0161vaizd\u0105<\/strong>. Lengva tekst\u016bra u\u017etikrina <strong data-start=\"481\" data-end=\"511\">komfort\u0105 visos dienos metu<\/strong>, o vidutinio maskavimo efektas leid\u017eia <strong data-start=\"551\" data-end=\"597\">suvienodinti veido ton\u0105 ir suma\u017einti poras<\/strong>.<\/p>\n<p data-start=\"602\" data-end=\"836\">Formul\u0117 praturtinta <strong data-start=\"622\" data-end=\"645\">hialiurono r\u016bg\u0161timi<\/strong>, kuri dr\u0117kina od\u0105, bei <strong data-start=\"669\" data-end=\"713\">antioksidantais ir sebumo reguliatoriais<\/strong>, padedan\u010diais i\u0161laikyti matin\u012f efekt\u0105 be odos sausumo poj\u016b\u010dio. Rezultatas \u2013 <strong data-start=\"790\" data-end=\"833\">\u0161velni, matin\u0117 ir tolygiai \u0161vytinti oda<\/strong>.<\/p>\n<p data-start=\"838\" data-end=\"997\"><strong data-start=\"838\" data-end=\"853\">Naudojimas:<\/strong> paskirstykite pudr\u0105 ant veido pir\u0161t\u0173 galiukais, makia\u017eo \u0161epet\u0117liu ar kempin\u0117le. Visam veidui padengti \u012fprastai pakanka vos dviej\u0173 paspaudim\u0173.<\/p>\n","protected":false},"excerpt":{"rendered":"<p data-start=\"102\" data-end=\"240\">NEJHA MATT OF COURSE (P07 Hazelnut) \u2013 lengva, matin\u0117 kremin\u0117 pudra, kuri i\u0161lygina od\u0105, suma\u017eina poras ir suteikia nat\u016bral\u0173, vis\u0105 dien\u0105 i\u0161liekant\u012f efekt\u0105.<\/p>\n","protected":false},"featured_media":59647,"template":"","meta":[],"product_brand":[1358],"product_cat":[102,792],"product_tag":[1573],"class_list":{"0":"post-59645","1":"product","2":"type-product","3":"status-publish","4":"has-post-thumbnail","6":"product_brand-nejha","7":"product_cat-dekoratyvine-kosmetika","8":"product_cat-veido-pudros","9":"product_tag-nejha","11":"first","12":"instock","13":"sale","14":"taxable","15":"shipping-taxable","16":"purchasable","17":"product-type-simple"},"yoast_head":"<!-- This site is optimized with the Yoast SEO plugin v27.4 - https:\/\/yoast.com\/product\/yoast-seo-wordpress\/ -->\n<title>NEJHA kremin\u0117 pudra MATT OF COURSE (P07 Hazelnut), 18 ml - MalinaShop.lt J\u016bs\u0173 sveikatai ir gro\u017eiui.<\/title>\n<meta name=\"description\" content=\"NEJHA MATT OF COURSE (P07 Hazelnut) \u2013 matin\u0117, dr\u0117kinanti kremin\u0117 pudra, i\u0161lyginanti od\u0105, ma\u017einanti poras ir i\u0161liekanti vis\u0105 dien\u0105.\" \/>\n<meta name=\"robots\" content=\"index, follow, max-snippet:-1, max-image-preview:large, max-video-preview:-1\" \/>\n<link rel=\"canonical\" href=\"https:\/\/www.malinashop.lt\/lt_lt\/shop\/nejha-kremine-pudra-matt-of-course-p07-hazelnut-18-ml\/\" \/>\n<meta property=\"og:locale\" content=\"lt_LT\" \/>\n<meta property=\"og:type\" content=\"article\" \/>\n<meta property=\"og:title\" content=\"NEJHA kremin\u0117 pudra MATT OF COURSE (P07 Hazelnut), 18 ml - MalinaShop.lt J\u016bs\u0173 sveikatai ir gro\u017eiui.\" \/>\n<meta property=\"og:description\" content=\"NEJHA MATT OF COURSE (P07 Hazelnut) \u2013 matin\u0117, dr\u0117kinanti kremin\u0117 pudra, i\u0161lyginanti od\u0105, ma\u017einanti poras ir i\u0161liekanti vis\u0105 dien\u0105.\" \/>\n<meta property=\"og:url\" content=\"https:\/\/www.malinashop.lt\/lt_lt\/shop\/nejha-kremine-pudra-matt-of-course-p07-hazelnut-18-ml\/\" \/>\n<meta property=\"og:site_name\" content=\"MalinaShop.lt J\u016bs\u0173 sveikatai ir gro\u017eiui.\" \/>\n<meta property=\"article:modified_time\" content=\"2026-03-18T09:41:23+00:00\" \/>\n<meta property=\"og:image\" content=\"https:\/\/www.malinashop.lt\/wp-content\/uploads\/2025\/10\/NEJHA-kremine-pudra-MATT-OF-COURSE-P07-Hazelnut-18-ml.webp\" \/>\n\t<meta property=\"og:image:width\" content=\"768\" \/>\n\t<meta property=\"og:image:height\" content=\"768\" \/>\n\t<meta property=\"og:image:type\" content=\"image\/webp\" \/>\n<meta name=\"twitter:card\" content=\"summary_large_image\" \/>\n<script type=\"application\/ld+json\" class=\"yoast-schema-graph\">{\"@context\":\"https:\\\/\\\/schema.org\",\"@graph\":[{\"@type\":\"WebPage\",\"@id\":\"https:\\\/\\\/www.malinashop.lt\\\/shop\\\/nejha-kremine-pudra-matt-of-course-p07-hazelnut-18-ml\\\/\",\"url\":\"https:\\\/\\\/www.malinashop.lt\\\/shop\\\/nejha-kremine-pudra-matt-of-course-p07-hazelnut-18-ml\\\/\",\"name\":\"NEJHA kremin\u0117 pudra MATT OF COURSE (P07 Hazelnut), 18 ml - MalinaShop.lt J\u016bs\u0173 sveikatai ir gro\u017eiui.\",\"isPartOf\":{\"@id\":\"https:\\\/\\\/www.malinashop.lt\\\/#website\"},\"primaryImageOfPage\":{\"@id\":\"https:\\\/\\\/www.malinashop.lt\\\/shop\\\/nejha-kremine-pudra-matt-of-course-p07-hazelnut-18-ml\\\/#primaryimage\"},\"image\":{\"@id\":\"https:\\\/\\\/www.malinashop.lt\\\/shop\\\/nejha-kremine-pudra-matt-of-course-p07-hazelnut-18-ml\\\/#primaryimage\"},\"thumbnailUrl\":\"https:\\\/\\\/www.malinashop.lt\\\/wp-content\\\/uploads\\\/2025\\\/10\\\/NEJHA-kremine-pudra-MATT-OF-COURSE-P07-Hazelnut-18-ml.webp\",\"datePublished\":\"2025-10-27T09:41:38+00:00\",\"dateModified\":\"2026-03-18T09:41:23+00:00\",\"description\":\"NEJHA MATT OF COURSE (P07 Hazelnut) \u2013 matin\u0117, dr\u0117kinanti kremin\u0117 pudra, i\u0161lyginanti od\u0105, ma\u017einanti poras ir i\u0161liekanti vis\u0105 dien\u0105.\",\"breadcrumb\":{\"@id\":\"https:\\\/\\\/www.malinashop.lt\\\/shop\\\/nejha-kremine-pudra-matt-of-course-p07-hazelnut-18-ml\\\/#breadcrumb\"},\"inLanguage\":\"lt-LT\",\"potentialAction\":[{\"@type\":\"ReadAction\",\"target\":[\"https:\\\/\\\/www.malinashop.lt\\\/shop\\\/nejha-kremine-pudra-matt-of-course-p07-hazelnut-18-ml\\\/\"]}]},{\"@type\":\"ImageObject\",\"inLanguage\":\"lt-LT\",\"@id\":\"https:\\\/\\\/www.malinashop.lt\\\/shop\\\/nejha-kremine-pudra-matt-of-course-p07-hazelnut-18-ml\\\/#primaryimage\",\"url\":\"https:\\\/\\\/www.malinashop.lt\\\/wp-content\\\/uploads\\\/2025\\\/10\\\/NEJHA-kremine-pudra-MATT-OF-COURSE-P07-Hazelnut-18-ml.webp\",\"contentUrl\":\"https:\\\/\\\/www.malinashop.lt\\\/wp-content\\\/uploads\\\/2025\\\/10\\\/NEJHA-kremine-pudra-MATT-OF-COURSE-P07-Hazelnut-18-ml.webp\",\"width\":768,\"height\":768},{\"@type\":\"BreadcrumbList\",\"@id\":\"https:\\\/\\\/www.malinashop.lt\\\/shop\\\/nejha-kremine-pudra-matt-of-course-p07-hazelnut-18-ml\\\/#breadcrumb\",\"itemListElement\":[{\"@type\":\"ListItem\",\"position\":1,\"name\":\"Pagrindinis\",\"item\":\"https:\\\/\\\/www.malinashop.lt\\\/\"},{\"@type\":\"ListItem\",\"position\":2,\"name\":\"Parduotuv\u0117\",\"item\":\"https:\\\/\\\/www.malinashop.lt\\\/en\\\/parduotuve\\\/\"},{\"@type\":\"ListItem\",\"position\":3,\"name\":\"NEJHA kremin\u0117 pudra MATT OF COURSE (P07 Hazelnut), 18 ml\"}]},{\"@type\":\"WebSite\",\"@id\":\"https:\\\/\\\/www.malinashop.lt\\\/#website\",\"url\":\"https:\\\/\\\/www.malinashop.lt\\\/\",\"name\":\"COM Group Ecommerce\",\"description\":\"MalinaShop.lt - Gro\u017eio ir sveikatos produktai i\u0161 patikim\u0173 preki\u0173 \u017eenkl\u0173. Atraskite auk\u0161tos kokyb\u0117s kosmetik\u0105 u\u017e puiki\u0105 kain\u0105.\",\"publisher\":{\"@id\":\"https:\\\/\\\/www.malinashop.lt\\\/#organization\"},\"potentialAction\":[{\"@type\":\"SearchAction\",\"target\":{\"@type\":\"EntryPoint\",\"urlTemplate\":\"https:\\\/\\\/www.malinashop.lt\\\/?s={search_term_string}\"},\"query-input\":{\"@type\":\"PropertyValueSpecification\",\"valueRequired\":true,\"valueName\":\"search_term_string\"}}],\"inLanguage\":\"lt-LT\"},{\"@type\":\"Organization\",\"@id\":\"https:\\\/\\\/www.malinashop.lt\\\/#organization\",\"name\":\"COM Group Ecommerce\",\"url\":\"https:\\\/\\\/www.malinashop.lt\\\/\",\"logo\":{\"@type\":\"ImageObject\",\"inLanguage\":\"lt-LT\",\"@id\":\"https:\\\/\\\/www.malinashop.lt\\\/#\\\/schema\\\/logo\\\/image\\\/\",\"url\":\"https:\\\/\\\/www.malinashop.lt\\\/wp-content\\\/uploads\\\/2024\\\/08\\\/462559670_3787732518133670_9795632669273463_n-e1731525914575.png\",\"contentUrl\":\"https:\\\/\\\/www.malinashop.lt\\\/wp-content\\\/uploads\\\/2024\\\/08\\\/462559670_3787732518133670_9795632669273463_n-e1731525914575.png\",\"width\":180,\"height\":60,\"caption\":\"COM Group Ecommerce\"},\"image\":{\"@id\":\"https:\\\/\\\/www.malinashop.lt\\\/#\\\/schema\\\/logo\\\/image\\\/\"}}]}<\/script>\n<!-- \/ Yoast SEO plugin. -->","yoast_head_json":{"title":"NEJHA kremin\u0117 pudra MATT OF COURSE (P07 Hazelnut), 18 ml - MalinaShop.lt J\u016bs\u0173 sveikatai ir gro\u017eiui.","description":"NEJHA MATT OF COURSE (P07 Hazelnut) \u2013 matin\u0117, dr\u0117kinanti kremin\u0117 pudra, i\u0161lyginanti od\u0105, ma\u017einanti poras ir i\u0161liekanti vis\u0105 dien\u0105.","robots":{"index":"index","follow":"follow","max-snippet":"max-snippet:-1","max-image-preview":"max-image-preview:large","max-video-preview":"max-video-preview:-1"},"canonical":"https:\/\/www.malinashop.lt\/lt_lt\/shop\/nejha-kremine-pudra-matt-of-course-p07-hazelnut-18-ml\/","og_locale":"lt_LT","og_type":"article","og_title":"NEJHA kremin\u0117 pudra MATT OF COURSE (P07 Hazelnut), 18 ml - MalinaShop.lt J\u016bs\u0173 sveikatai ir gro\u017eiui.","og_description":"NEJHA MATT OF COURSE (P07 Hazelnut) \u2013 matin\u0117, dr\u0117kinanti kremin\u0117 pudra, i\u0161lyginanti od\u0105, ma\u017einanti poras ir i\u0161liekanti vis\u0105 dien\u0105.","og_url":"https:\/\/www.malinashop.lt\/lt_lt\/shop\/nejha-kremine-pudra-matt-of-course-p07-hazelnut-18-ml\/","og_site_name":"MalinaShop.lt J\u016bs\u0173 sveikatai ir gro\u017eiui.","article_modified_time":"2026-03-18T09:41:23+00:00","og_image":[{"width":768,"height":768,"url":"https:\/\/www.malinashop.lt\/wp-content\/uploads\/2025\/10\/NEJHA-kremine-pudra-MATT-OF-COURSE-P07-Hazelnut-18-ml.webp","type":"image\/webp"}],"twitter_card":"summary_large_image","schema":{"@context":"https:\/\/schema.org","@graph":[{"@type":"WebPage","@id":"https:\/\/www.malinashop.lt\/shop\/nejha-kremine-pudra-matt-of-course-p07-hazelnut-18-ml\/","url":"https:\/\/www.malinashop.lt\/shop\/nejha-kremine-pudra-matt-of-course-p07-hazelnut-18-ml\/","name":"NEJHA kremin\u0117 pudra MATT OF COURSE (P07 Hazelnut), 18 ml - MalinaShop.lt J\u016bs\u0173 sveikatai ir gro\u017eiui.","isPartOf":{"@id":"https:\/\/www.malinashop.lt\/#website"},"primaryImageOfPage":{"@id":"https:\/\/www.malinashop.lt\/shop\/nejha-kremine-pudra-matt-of-course-p07-hazelnut-18-ml\/#primaryimage"},"image":{"@id":"https:\/\/www.malinashop.lt\/shop\/nejha-kremine-pudra-matt-of-course-p07-hazelnut-18-ml\/#primaryimage"},"thumbnailUrl":"https:\/\/www.malinashop.lt\/wp-content\/uploads\/2025\/10\/NEJHA-kremine-pudra-MATT-OF-COURSE-P07-Hazelnut-18-ml.webp","datePublished":"2025-10-27T09:41:38+00:00","dateModified":"2026-03-18T09:41:23+00:00","description":"NEJHA MATT OF COURSE (P07 Hazelnut) \u2013 matin\u0117, dr\u0117kinanti kremin\u0117 pudra, i\u0161lyginanti od\u0105, ma\u017einanti poras ir i\u0161liekanti vis\u0105 dien\u0105.","breadcrumb":{"@id":"https:\/\/www.malinashop.lt\/shop\/nejha-kremine-pudra-matt-of-course-p07-hazelnut-18-ml\/#breadcrumb"},"inLanguage":"lt-LT","potentialAction":[{"@type":"ReadAction","target":["https:\/\/www.malinashop.lt\/shop\/nejha-kremine-pudra-matt-of-course-p07-hazelnut-18-ml\/"]}]},{"@type":"ImageObject","inLanguage":"lt-LT","@id":"https:\/\/www.malinashop.lt\/shop\/nejha-kremine-pudra-matt-of-course-p07-hazelnut-18-ml\/#primaryimage","url":"https:\/\/www.malinashop.lt\/wp-content\/uploads\/2025\/10\/NEJHA-kremine-pudra-MATT-OF-COURSE-P07-Hazelnut-18-ml.webp","contentUrl":"https:\/\/www.malinashop.lt\/wp-content\/uploads\/2025\/10\/NEJHA-kremine-pudra-MATT-OF-COURSE-P07-Hazelnut-18-ml.webp","width":768,"height":768},{"@type":"BreadcrumbList","@id":"https:\/\/www.malinashop.lt\/shop\/nejha-kremine-pudra-matt-of-course-p07-hazelnut-18-ml\/#breadcrumb","itemListElement":[{"@type":"ListItem","position":1,"name":"Pagrindinis","item":"https:\/\/www.malinashop.lt\/"},{"@type":"ListItem","position":2,"name":"Parduotuv\u0117","item":"https:\/\/www.malinashop.lt\/en\/parduotuve\/"},{"@type":"ListItem","position":3,"name":"NEJHA kremin\u0117 pudra MATT OF COURSE (P07 Hazelnut), 18 ml"}]},{"@type":"WebSite","@id":"https:\/\/www.malinashop.lt\/#website","url":"https:\/\/www.malinashop.lt\/","name":"COM Group Ecommerce","description":"MalinaShop.lt - Gro\u017eio ir sveikatos produktai i\u0161 patikim\u0173 preki\u0173 \u017eenkl\u0173. Atraskite auk\u0161tos kokyb\u0117s kosmetik\u0105 u\u017e puiki\u0105 kain\u0105.","publisher":{"@id":"https:\/\/www.malinashop.lt\/#organization"},"potentialAction":[{"@type":"SearchAction","target":{"@type":"EntryPoint","urlTemplate":"https:\/\/www.malinashop.lt\/?s={search_term_string}"},"query-input":{"@type":"PropertyValueSpecification","valueRequired":true,"valueName":"search_term_string"}}],"inLanguage":"lt-LT"},{"@type":"Organization","@id":"https:\/\/www.malinashop.lt\/#organization","name":"COM Group Ecommerce","url":"https:\/\/www.malinashop.lt\/","logo":{"@type":"ImageObject","inLanguage":"lt-LT","@id":"https:\/\/www.malinashop.lt\/#\/schema\/logo\/image\/","url":"https:\/\/www.malinashop.lt\/wp-content\/uploads\/2024\/08\/462559670_3787732518133670_9795632669273463_n-e1731525914575.png","contentUrl":"https:\/\/www.malinashop.lt\/wp-content\/uploads\/2024\/08\/462559670_3787732518133670_9795632669273463_n-e1731525914575.png","width":180,"height":60,"caption":"COM Group Ecommerce"},"image":{"@id":"https:\/\/www.malinashop.lt\/#\/schema\/logo\/image\/"}}]}},"jetpack_sharing_enabled":true,"_links":{"self":[{"href":"https:\/\/www.malinashop.lt\/lt_lt\/wp-json\/wp\/v2\/product\/59645","targetHints":{"allow":["GET"]}}],"collection":[{"href":"https:\/\/www.malinashop.lt\/lt_lt\/wp-json\/wp\/v2\/product"}],"about":[{"href":"https:\/\/www.malinashop.lt\/lt_lt\/wp-json\/wp\/v2\/types\/product"}],"version-history":[{"count":1,"href":"https:\/\/www.malinashop.lt\/lt_lt\/wp-json\/wp\/v2\/product\/59645\/revisions"}],"predecessor-version":[{"id":59648,"href":"https:\/\/www.malinashop.lt\/lt_lt\/wp-json\/wp\/v2\/product\/59645\/revisions\/59648"}],"wp:featuredmedia":[{"embeddable":true,"href":"https:\/\/www.malinashop.lt\/lt_lt\/wp-json\/wp\/v2\/media\/59647"}],"wp:attachment":[{"href":"https:\/\/www.malinashop.lt\/lt_lt\/wp-json\/wp\/v2\/media?parent=59645"}],"wp:term":[{"taxonomy":"product_brand","embeddable":true,"href":"https:\/\/www.malinashop.lt\/lt_lt\/wp-json\/wp\/v2\/product_brand?post=59645"},{"taxonomy":"product_cat","embeddable":true,"href":"https:\/\/www.malinashop.lt\/lt_lt\/wp-json\/wp\/v2\/product_cat?post=59645"},{"taxonomy":"product_tag","embeddable":true,"href":"https:\/\/www.malinashop.lt\/lt_lt\/wp-json\/wp\/v2\/product_tag?post=59645"}],"curies":[{"name":"wp","href":"https:\/\/api.w.org\/{rel}","templated":true}]}}