{"id":59625,"date":"2025-10-27T12:28:51","date_gmt":"2025-10-27T09:28:51","guid":{"rendered":"https:\/\/malinashop.lt\/?post_type=product&#038;p=59625"},"modified":"2026-03-18T12:41:25","modified_gmt":"2026-03-18T09:41:25","slug":"nejha-paakiu-ir-veido-maskuoklis-cover-killer-04-sand-6ml","status":"publish","type":"product","link":"https:\/\/www.malinashop.lt\/lt_lt\/shop\/nejha-paakiu-ir-veido-maskuoklis-cover-killer-04-sand-6ml\/","title":{"rendered":"NEJHA paaki\u0173 ir veido maskuoklis COVER KILLER (04 Sand), 6ml"},"content":{"rendered":"<p data-start=\"280\" data-end=\"609\"><strong data-start=\"280\" data-end=\"323\">NEJHA maskuoklis COVER KILLER (04 Sand)<\/strong> \u2013 daugiafunkcinis <strong data-start=\"342\" data-end=\"380\">skystas paaki\u0173 ir veido maskuoklis<\/strong>, kuris <strong data-start=\"388\" data-end=\"429\">akimirksniu atgaivina ir patempia od\u0105<\/strong>. Jo <strong data-start=\"434\" data-end=\"470\">auk\u0161tos maskavimo galios formul\u0117<\/strong> ir <strong data-start=\"474\" data-end=\"502\">lengva, \u0161ilkin\u0117 tekst\u016bra<\/strong> paslepia tamsius ratilus, paraudimus bei smulkias rauk\u0161leles, suteikdama odai gaiv\u0173, pails\u0117jus\u012f \u012fvaizd\u012f.<\/p>\n<p data-start=\"611\" data-end=\"837\">Produktas <strong data-start=\"621\" data-end=\"650\">suvienodina odos atspalv\u012f<\/strong>, skaistina ir suteikia subtil\u0173 trimat\u012f efekt\u0105. Maskuoklis lengvai pasiskirsto, nesausina odos ir i\u0161lieka vis\u0105 dien\u0105 \u2013 puikus pasirinkimas tiek kasdieniam, tiek profesionaliam makia\u017eui.<\/p>\n<p data-start=\"839\" data-end=\"1020\"><strong data-start=\"839\" data-end=\"854\">Naudojimas:<\/strong> paskirstykite nedidel\u012f kiek\u012f maskuoklio pir\u0161t\u0173 galiukais, \u0161epet\u0117liu arba kempin\u0117le. Keliais perbraukimais pasl\u0117pkite tamsius paakius ar pa\u0161viesinkite veido sritis.<\/p>\n","protected":false},"excerpt":{"rendered":"<p data-start=\"119\" data-end=\"270\">NEJHA COVER KILLER (04 Sand) \u2013 universalus maskuoklis, paslepiantis paaki\u0173 tamsumus ir netobulumus, suteikiantis \u0161vyt\u0117jimo ir tolygi\u0105 odos i\u0161vaizd\u0105.<\/p>\n","protected":false},"featured_media":59627,"template":"","meta":[],"product_brand":[1358],"product_cat":[102,798],"product_tag":[1573],"class_list":{"0":"post-59625","1":"product","2":"type-product","3":"status-publish","4":"has-post-thumbnail","6":"product_brand-nejha","7":"product_cat-dekoratyvine-kosmetika","8":"product_cat-maskavimo-priemones","9":"product_tag-nejha","11":"first","12":"instock","13":"sale","14":"taxable","15":"shipping-taxable","16":"purchasable","17":"product-type-simple"},"yoast_head":"<!-- This site is optimized with the Yoast SEO plugin v27.4 - https:\/\/yoast.com\/product\/yoast-seo-wordpress\/ -->\n<title>NEJHA paaki\u0173 ir veido maskuoklis COVER KILLER (04 Sand), 6ml - MalinaShop.lt J\u016bs\u0173 sveikatai ir gro\u017eiui.<\/title>\n<meta name=\"description\" content=\"NEJHA COVER KILLER (04 Sand) \u2013 skystas maskuoklis, paslepiantis tamsius paakius ir netobulumus, suteikiantis odai \u0161vyt\u0117jimo bei tolyg\u0173 ton\u0105.\" \/>\n<meta name=\"robots\" content=\"index, follow, max-snippet:-1, max-image-preview:large, max-video-preview:-1\" \/>\n<link rel=\"canonical\" href=\"https:\/\/www.malinashop.lt\/lt_lt\/shop\/nejha-paakiu-ir-veido-maskuoklis-cover-killer-04-sand-6ml\/\" \/>\n<meta property=\"og:locale\" content=\"lt_LT\" \/>\n<meta property=\"og:type\" content=\"article\" \/>\n<meta property=\"og:title\" content=\"NEJHA paaki\u0173 ir veido maskuoklis COVER KILLER (04 Sand), 6ml - MalinaShop.lt J\u016bs\u0173 sveikatai ir gro\u017eiui.\" \/>\n<meta property=\"og:description\" content=\"NEJHA COVER KILLER (04 Sand) \u2013 skystas maskuoklis, paslepiantis tamsius paakius ir netobulumus, suteikiantis odai \u0161vyt\u0117jimo bei tolyg\u0173 ton\u0105.\" \/>\n<meta property=\"og:url\" content=\"https:\/\/www.malinashop.lt\/lt_lt\/shop\/nejha-paakiu-ir-veido-maskuoklis-cover-killer-04-sand-6ml\/\" \/>\n<meta property=\"og:site_name\" content=\"MalinaShop.lt J\u016bs\u0173 sveikatai ir gro\u017eiui.\" \/>\n<meta property=\"article:modified_time\" content=\"2026-03-18T09:41:25+00:00\" \/>\n<meta property=\"og:image\" content=\"https:\/\/www.malinashop.lt\/wp-content\/uploads\/2025\/10\/NEJHA-paakiu-ir-veido-maskuoklis-COVER-KILLER-04-Sand-6ml.webp\" \/>\n\t<meta property=\"og:image:width\" content=\"768\" \/>\n\t<meta property=\"og:image:height\" content=\"768\" \/>\n\t<meta property=\"og:image:type\" content=\"image\/webp\" \/>\n<meta name=\"twitter:card\" content=\"summary_large_image\" \/>\n<script type=\"application\/ld+json\" class=\"yoast-schema-graph\">{\"@context\":\"https:\\\/\\\/schema.org\",\"@graph\":[{\"@type\":\"WebPage\",\"@id\":\"https:\\\/\\\/www.malinashop.lt\\\/shop\\\/nejha-paakiu-ir-veido-maskuoklis-cover-killer-04-sand-6ml\\\/\",\"url\":\"https:\\\/\\\/www.malinashop.lt\\\/shop\\\/nejha-paakiu-ir-veido-maskuoklis-cover-killer-04-sand-6ml\\\/\",\"name\":\"NEJHA paaki\u0173 ir veido maskuoklis COVER KILLER (04 Sand), 6ml - MalinaShop.lt J\u016bs\u0173 sveikatai ir gro\u017eiui.\",\"isPartOf\":{\"@id\":\"https:\\\/\\\/www.malinashop.lt\\\/#website\"},\"primaryImageOfPage\":{\"@id\":\"https:\\\/\\\/www.malinashop.lt\\\/shop\\\/nejha-paakiu-ir-veido-maskuoklis-cover-killer-04-sand-6ml\\\/#primaryimage\"},\"image\":{\"@id\":\"https:\\\/\\\/www.malinashop.lt\\\/shop\\\/nejha-paakiu-ir-veido-maskuoklis-cover-killer-04-sand-6ml\\\/#primaryimage\"},\"thumbnailUrl\":\"https:\\\/\\\/www.malinashop.lt\\\/wp-content\\\/uploads\\\/2025\\\/10\\\/NEJHA-paakiu-ir-veido-maskuoklis-COVER-KILLER-04-Sand-6ml.webp\",\"datePublished\":\"2025-10-27T09:28:51+00:00\",\"dateModified\":\"2026-03-18T09:41:25+00:00\",\"description\":\"NEJHA COVER KILLER (04 Sand) \u2013 skystas maskuoklis, paslepiantis tamsius paakius ir netobulumus, suteikiantis odai \u0161vyt\u0117jimo bei tolyg\u0173 ton\u0105.\",\"breadcrumb\":{\"@id\":\"https:\\\/\\\/www.malinashop.lt\\\/shop\\\/nejha-paakiu-ir-veido-maskuoklis-cover-killer-04-sand-6ml\\\/#breadcrumb\"},\"inLanguage\":\"lt-LT\",\"potentialAction\":[{\"@type\":\"ReadAction\",\"target\":[\"https:\\\/\\\/www.malinashop.lt\\\/shop\\\/nejha-paakiu-ir-veido-maskuoklis-cover-killer-04-sand-6ml\\\/\"]}]},{\"@type\":\"ImageObject\",\"inLanguage\":\"lt-LT\",\"@id\":\"https:\\\/\\\/www.malinashop.lt\\\/shop\\\/nejha-paakiu-ir-veido-maskuoklis-cover-killer-04-sand-6ml\\\/#primaryimage\",\"url\":\"https:\\\/\\\/www.malinashop.lt\\\/wp-content\\\/uploads\\\/2025\\\/10\\\/NEJHA-paakiu-ir-veido-maskuoklis-COVER-KILLER-04-Sand-6ml.webp\",\"contentUrl\":\"https:\\\/\\\/www.malinashop.lt\\\/wp-content\\\/uploads\\\/2025\\\/10\\\/NEJHA-paakiu-ir-veido-maskuoklis-COVER-KILLER-04-Sand-6ml.webp\",\"width\":768,\"height\":768},{\"@type\":\"BreadcrumbList\",\"@id\":\"https:\\\/\\\/www.malinashop.lt\\\/shop\\\/nejha-paakiu-ir-veido-maskuoklis-cover-killer-04-sand-6ml\\\/#breadcrumb\",\"itemListElement\":[{\"@type\":\"ListItem\",\"position\":1,\"name\":\"Pagrindinis\",\"item\":\"https:\\\/\\\/www.malinashop.lt\\\/\"},{\"@type\":\"ListItem\",\"position\":2,\"name\":\"Parduotuv\u0117\",\"item\":\"https:\\\/\\\/www.malinashop.lt\\\/en\\\/parduotuve\\\/\"},{\"@type\":\"ListItem\",\"position\":3,\"name\":\"NEJHA paaki\u0173 ir veido maskuoklis COVER KILLER (04 Sand), 6ml\"}]},{\"@type\":\"WebSite\",\"@id\":\"https:\\\/\\\/www.malinashop.lt\\\/#website\",\"url\":\"https:\\\/\\\/www.malinashop.lt\\\/\",\"name\":\"COM Group Ecommerce\",\"description\":\"MalinaShop.lt - Gro\u017eio ir sveikatos produktai i\u0161 patikim\u0173 preki\u0173 \u017eenkl\u0173. Atraskite auk\u0161tos kokyb\u0117s kosmetik\u0105 u\u017e puiki\u0105 kain\u0105.\",\"publisher\":{\"@id\":\"https:\\\/\\\/www.malinashop.lt\\\/#organization\"},\"potentialAction\":[{\"@type\":\"SearchAction\",\"target\":{\"@type\":\"EntryPoint\",\"urlTemplate\":\"https:\\\/\\\/www.malinashop.lt\\\/?s={search_term_string}\"},\"query-input\":{\"@type\":\"PropertyValueSpecification\",\"valueRequired\":true,\"valueName\":\"search_term_string\"}}],\"inLanguage\":\"lt-LT\"},{\"@type\":\"Organization\",\"@id\":\"https:\\\/\\\/www.malinashop.lt\\\/#organization\",\"name\":\"COM Group Ecommerce\",\"url\":\"https:\\\/\\\/www.malinashop.lt\\\/\",\"logo\":{\"@type\":\"ImageObject\",\"inLanguage\":\"lt-LT\",\"@id\":\"https:\\\/\\\/www.malinashop.lt\\\/#\\\/schema\\\/logo\\\/image\\\/\",\"url\":\"https:\\\/\\\/www.malinashop.lt\\\/wp-content\\\/uploads\\\/2024\\\/08\\\/462559670_3787732518133670_9795632669273463_n-e1731525914575.png\",\"contentUrl\":\"https:\\\/\\\/www.malinashop.lt\\\/wp-content\\\/uploads\\\/2024\\\/08\\\/462559670_3787732518133670_9795632669273463_n-e1731525914575.png\",\"width\":180,\"height\":60,\"caption\":\"COM Group Ecommerce\"},\"image\":{\"@id\":\"https:\\\/\\\/www.malinashop.lt\\\/#\\\/schema\\\/logo\\\/image\\\/\"}}]}<\/script>\n<!-- \/ Yoast SEO plugin. -->","yoast_head_json":{"title":"NEJHA paaki\u0173 ir veido maskuoklis COVER KILLER (04 Sand), 6ml - MalinaShop.lt J\u016bs\u0173 sveikatai ir gro\u017eiui.","description":"NEJHA COVER KILLER (04 Sand) \u2013 skystas maskuoklis, paslepiantis tamsius paakius ir netobulumus, suteikiantis odai \u0161vyt\u0117jimo bei tolyg\u0173 ton\u0105.","robots":{"index":"index","follow":"follow","max-snippet":"max-snippet:-1","max-image-preview":"max-image-preview:large","max-video-preview":"max-video-preview:-1"},"canonical":"https:\/\/www.malinashop.lt\/lt_lt\/shop\/nejha-paakiu-ir-veido-maskuoklis-cover-killer-04-sand-6ml\/","og_locale":"lt_LT","og_type":"article","og_title":"NEJHA paaki\u0173 ir veido maskuoklis COVER KILLER (04 Sand), 6ml - MalinaShop.lt J\u016bs\u0173 sveikatai ir gro\u017eiui.","og_description":"NEJHA COVER KILLER (04 Sand) \u2013 skystas maskuoklis, paslepiantis tamsius paakius ir netobulumus, suteikiantis odai \u0161vyt\u0117jimo bei tolyg\u0173 ton\u0105.","og_url":"https:\/\/www.malinashop.lt\/lt_lt\/shop\/nejha-paakiu-ir-veido-maskuoklis-cover-killer-04-sand-6ml\/","og_site_name":"MalinaShop.lt J\u016bs\u0173 sveikatai ir gro\u017eiui.","article_modified_time":"2026-03-18T09:41:25+00:00","og_image":[{"width":768,"height":768,"url":"https:\/\/www.malinashop.lt\/wp-content\/uploads\/2025\/10\/NEJHA-paakiu-ir-veido-maskuoklis-COVER-KILLER-04-Sand-6ml.webp","type":"image\/webp"}],"twitter_card":"summary_large_image","schema":{"@context":"https:\/\/schema.org","@graph":[{"@type":"WebPage","@id":"https:\/\/www.malinashop.lt\/shop\/nejha-paakiu-ir-veido-maskuoklis-cover-killer-04-sand-6ml\/","url":"https:\/\/www.malinashop.lt\/shop\/nejha-paakiu-ir-veido-maskuoklis-cover-killer-04-sand-6ml\/","name":"NEJHA paaki\u0173 ir veido maskuoklis COVER KILLER (04 Sand), 6ml - MalinaShop.lt J\u016bs\u0173 sveikatai ir gro\u017eiui.","isPartOf":{"@id":"https:\/\/www.malinashop.lt\/#website"},"primaryImageOfPage":{"@id":"https:\/\/www.malinashop.lt\/shop\/nejha-paakiu-ir-veido-maskuoklis-cover-killer-04-sand-6ml\/#primaryimage"},"image":{"@id":"https:\/\/www.malinashop.lt\/shop\/nejha-paakiu-ir-veido-maskuoklis-cover-killer-04-sand-6ml\/#primaryimage"},"thumbnailUrl":"https:\/\/www.malinashop.lt\/wp-content\/uploads\/2025\/10\/NEJHA-paakiu-ir-veido-maskuoklis-COVER-KILLER-04-Sand-6ml.webp","datePublished":"2025-10-27T09:28:51+00:00","dateModified":"2026-03-18T09:41:25+00:00","description":"NEJHA COVER KILLER (04 Sand) \u2013 skystas maskuoklis, paslepiantis tamsius paakius ir netobulumus, suteikiantis odai \u0161vyt\u0117jimo bei tolyg\u0173 ton\u0105.","breadcrumb":{"@id":"https:\/\/www.malinashop.lt\/shop\/nejha-paakiu-ir-veido-maskuoklis-cover-killer-04-sand-6ml\/#breadcrumb"},"inLanguage":"lt-LT","potentialAction":[{"@type":"ReadAction","target":["https:\/\/www.malinashop.lt\/shop\/nejha-paakiu-ir-veido-maskuoklis-cover-killer-04-sand-6ml\/"]}]},{"@type":"ImageObject","inLanguage":"lt-LT","@id":"https:\/\/www.malinashop.lt\/shop\/nejha-paakiu-ir-veido-maskuoklis-cover-killer-04-sand-6ml\/#primaryimage","url":"https:\/\/www.malinashop.lt\/wp-content\/uploads\/2025\/10\/NEJHA-paakiu-ir-veido-maskuoklis-COVER-KILLER-04-Sand-6ml.webp","contentUrl":"https:\/\/www.malinashop.lt\/wp-content\/uploads\/2025\/10\/NEJHA-paakiu-ir-veido-maskuoklis-COVER-KILLER-04-Sand-6ml.webp","width":768,"height":768},{"@type":"BreadcrumbList","@id":"https:\/\/www.malinashop.lt\/shop\/nejha-paakiu-ir-veido-maskuoklis-cover-killer-04-sand-6ml\/#breadcrumb","itemListElement":[{"@type":"ListItem","position":1,"name":"Pagrindinis","item":"https:\/\/www.malinashop.lt\/"},{"@type":"ListItem","position":2,"name":"Parduotuv\u0117","item":"https:\/\/www.malinashop.lt\/en\/parduotuve\/"},{"@type":"ListItem","position":3,"name":"NEJHA paaki\u0173 ir veido maskuoklis COVER KILLER (04 Sand), 6ml"}]},{"@type":"WebSite","@id":"https:\/\/www.malinashop.lt\/#website","url":"https:\/\/www.malinashop.lt\/","name":"COM Group Ecommerce","description":"MalinaShop.lt - Gro\u017eio ir sveikatos produktai i\u0161 patikim\u0173 preki\u0173 \u017eenkl\u0173. Atraskite auk\u0161tos kokyb\u0117s kosmetik\u0105 u\u017e puiki\u0105 kain\u0105.","publisher":{"@id":"https:\/\/www.malinashop.lt\/#organization"},"potentialAction":[{"@type":"SearchAction","target":{"@type":"EntryPoint","urlTemplate":"https:\/\/www.malinashop.lt\/?s={search_term_string}"},"query-input":{"@type":"PropertyValueSpecification","valueRequired":true,"valueName":"search_term_string"}}],"inLanguage":"lt-LT"},{"@type":"Organization","@id":"https:\/\/www.malinashop.lt\/#organization","name":"COM Group Ecommerce","url":"https:\/\/www.malinashop.lt\/","logo":{"@type":"ImageObject","inLanguage":"lt-LT","@id":"https:\/\/www.malinashop.lt\/#\/schema\/logo\/image\/","url":"https:\/\/www.malinashop.lt\/wp-content\/uploads\/2024\/08\/462559670_3787732518133670_9795632669273463_n-e1731525914575.png","contentUrl":"https:\/\/www.malinashop.lt\/wp-content\/uploads\/2024\/08\/462559670_3787732518133670_9795632669273463_n-e1731525914575.png","width":180,"height":60,"caption":"COM Group Ecommerce"},"image":{"@id":"https:\/\/www.malinashop.lt\/#\/schema\/logo\/image\/"}}]}},"jetpack_sharing_enabled":true,"_links":{"self":[{"href":"https:\/\/www.malinashop.lt\/lt_lt\/wp-json\/wp\/v2\/product\/59625","targetHints":{"allow":["GET"]}}],"collection":[{"href":"https:\/\/www.malinashop.lt\/lt_lt\/wp-json\/wp\/v2\/product"}],"about":[{"href":"https:\/\/www.malinashop.lt\/lt_lt\/wp-json\/wp\/v2\/types\/product"}],"version-history":[{"count":1,"href":"https:\/\/www.malinashop.lt\/lt_lt\/wp-json\/wp\/v2\/product\/59625\/revisions"}],"predecessor-version":[{"id":59628,"href":"https:\/\/www.malinashop.lt\/lt_lt\/wp-json\/wp\/v2\/product\/59625\/revisions\/59628"}],"wp:featuredmedia":[{"embeddable":true,"href":"https:\/\/www.malinashop.lt\/lt_lt\/wp-json\/wp\/v2\/media\/59627"}],"wp:attachment":[{"href":"https:\/\/www.malinashop.lt\/lt_lt\/wp-json\/wp\/v2\/media?parent=59625"}],"wp:term":[{"taxonomy":"product_brand","embeddable":true,"href":"https:\/\/www.malinashop.lt\/lt_lt\/wp-json\/wp\/v2\/product_brand?post=59625"},{"taxonomy":"product_cat","embeddable":true,"href":"https:\/\/www.malinashop.lt\/lt_lt\/wp-json\/wp\/v2\/product_cat?post=59625"},{"taxonomy":"product_tag","embeddable":true,"href":"https:\/\/www.malinashop.lt\/lt_lt\/wp-json\/wp\/v2\/product_tag?post=59625"}],"curies":[{"name":"wp","href":"https:\/\/api.w.org\/{rel}","templated":true}]}}