{"id":59560,"date":"2025-10-27T00:09:30","date_gmt":"2025-10-26T21:09:30","guid":{"rendered":"https:\/\/malinashop.lt\/?post_type=product&#038;p=59560"},"modified":"2026-03-18T12:41:28","modified_gmt":"2026-03-18T09:41:28","slug":"nejha-skaistalai-dont-be-shy-04-rosewood-49-g","status":"publish","type":"product","link":"https:\/\/www.malinashop.lt\/lt_lt\/shop\/nejha-skaistalai-dont-be-shy-04-rosewood-49-g\/","title":{"rendered":"NEJHA skaistalai DON\u2019T BE SHY (04 Rosewood), 4,9 g"},"content":{"rendered":"<p data-start=\"288\" data-end=\"503\">Suteikite veidui gyvybingumo ir \u0161vyt\u0117jimo su <strong data-start=\"333\" data-end=\"381\">NEJHA skaistalais DON\u2019T BE SHY (04 Rosewood)<\/strong>. \u0160ie <strong data-start=\"387\" data-end=\"451\">itin pigmentuoti, lengvai i\u0161sklaidomi kompakti\u0161ki skaistalai<\/strong> u\u017etikrina tolyg\u0173 padengim\u0105 ir nat\u016bral\u0173 rezultat\u0105.<\/p>\n<p data-start=\"505\" data-end=\"724\">\u0160ilkin\u0117 tekst\u016bra \u0161velniai priglunda prie odos, o <strong data-start=\"554\" data-end=\"581\">dr\u0117kinamosios med\u017eiagos<\/strong> apsaugo nuo i\u0161saus\u0117jimo. Formul\u0117 praturtinta <strong data-start=\"627\" data-end=\"641\">vitaminu E<\/strong>, kuris maitina od\u0105, ir <strong data-start=\"665\" data-end=\"677\">sericitu<\/strong>, suteikian\u010diu spindesio bei glotnumo efekt\u0105.<\/p>\n<p data-start=\"726\" data-end=\"853\"><strong data-start=\"726\" data-end=\"741\">Naudojimas:<\/strong> tepkite skaistalus \u0161velniais sukamaisiais judesiais ant skruostikauli\u0173, lengvai paskirstydami link smilkini\u0173.<\/p>\n","protected":false},"excerpt":{"rendered":"<p data-start=\"125\" data-end=\"252\">NEJHA DON\u2019T BE SHY (04 Rosewood) \u2013 \u0161ilkin\u0117s tekst\u016bros, intensyviai pigmentuoti skaistalai su vitaminu E ir sericitu, suteikiantys nat\u016bralaus spindesio.<\/p>\n","protected":false},"featured_media":59562,"template":"","meta":[],"product_brand":[1358],"product_cat":[102,1299,526],"product_tag":[1573],"class_list":{"0":"post-59560","1":"product","2":"type-product","3":"status-publish","4":"has-post-thumbnail","6":"product_brand-nejha","7":"product_cat-dekoratyvine-kosmetika","8":"product_cat-produktai-su-dovanomis","9":"product_cat-skaistalai","10":"product_tag-nejha","12":"first","13":"instock","14":"sale","15":"taxable","16":"shipping-taxable","17":"purchasable","18":"product-type-simple"},"yoast_head":"<!-- This site is optimized with the Yoast SEO plugin v27.4 - https:\/\/yoast.com\/product\/yoast-seo-wordpress\/ -->\n<title>NEJHA skaistalai DON\u2019T BE SHY (04 Rosewood), 4,9 g - MalinaShop.lt J\u016bs\u0173 sveikatai ir gro\u017eiui.<\/title>\n<meta name=\"description\" content=\"NEJHA DON\u2019T BE SHY (04 Rosewood) \u2013 \u0161ilkin\u0117s tekst\u016bros skaistalai su vitaminu E ir sericitu, suteikiantys odai \u0161vyt\u0117jimo ir gaivos.\" \/>\n<meta name=\"robots\" content=\"index, follow, max-snippet:-1, max-image-preview:large, max-video-preview:-1\" \/>\n<link rel=\"canonical\" href=\"https:\/\/www.malinashop.lt\/lt_lt\/shop\/nejha-skaistalai-dont-be-shy-04-rosewood-49-g\/\" \/>\n<meta property=\"og:locale\" content=\"lt_LT\" \/>\n<meta property=\"og:type\" content=\"article\" \/>\n<meta property=\"og:title\" content=\"NEJHA skaistalai DON\u2019T BE SHY (04 Rosewood), 4,9 g - MalinaShop.lt J\u016bs\u0173 sveikatai ir gro\u017eiui.\" \/>\n<meta property=\"og:description\" content=\"NEJHA DON\u2019T BE SHY (04 Rosewood) \u2013 \u0161ilkin\u0117s tekst\u016bros skaistalai su vitaminu E ir sericitu, suteikiantys odai \u0161vyt\u0117jimo ir gaivos.\" \/>\n<meta property=\"og:url\" content=\"https:\/\/www.malinashop.lt\/lt_lt\/shop\/nejha-skaistalai-dont-be-shy-04-rosewood-49-g\/\" \/>\n<meta property=\"og:site_name\" content=\"MalinaShop.lt J\u016bs\u0173 sveikatai ir gro\u017eiui.\" \/>\n<meta property=\"article:modified_time\" content=\"2026-03-18T09:41:28+00:00\" \/>\n<meta property=\"og:image\" content=\"https:\/\/www.malinashop.lt\/wp-content\/uploads\/2025\/10\/NEJHA-skaistalai-DONT-BE-SHY-04-Rosewood-49-g.webp\" \/>\n\t<meta property=\"og:image:width\" content=\"600\" \/>\n\t<meta property=\"og:image:height\" content=\"600\" \/>\n\t<meta property=\"og:image:type\" content=\"image\/webp\" \/>\n<meta name=\"twitter:card\" content=\"summary_large_image\" \/>\n<script type=\"application\/ld+json\" class=\"yoast-schema-graph\">{\"@context\":\"https:\\\/\\\/schema.org\",\"@graph\":[{\"@type\":\"WebPage\",\"@id\":\"https:\\\/\\\/www.malinashop.lt\\\/shop\\\/nejha-skaistalai-dont-be-shy-04-rosewood-49-g\\\/\",\"url\":\"https:\\\/\\\/www.malinashop.lt\\\/shop\\\/nejha-skaistalai-dont-be-shy-04-rosewood-49-g\\\/\",\"name\":\"NEJHA skaistalai DON\u2019T BE SHY (04 Rosewood), 4,9 g - MalinaShop.lt J\u016bs\u0173 sveikatai ir gro\u017eiui.\",\"isPartOf\":{\"@id\":\"https:\\\/\\\/www.malinashop.lt\\\/#website\"},\"primaryImageOfPage\":{\"@id\":\"https:\\\/\\\/www.malinashop.lt\\\/shop\\\/nejha-skaistalai-dont-be-shy-04-rosewood-49-g\\\/#primaryimage\"},\"image\":{\"@id\":\"https:\\\/\\\/www.malinashop.lt\\\/shop\\\/nejha-skaistalai-dont-be-shy-04-rosewood-49-g\\\/#primaryimage\"},\"thumbnailUrl\":\"https:\\\/\\\/www.malinashop.lt\\\/wp-content\\\/uploads\\\/2025\\\/10\\\/NEJHA-skaistalai-DONT-BE-SHY-04-Rosewood-49-g.webp\",\"datePublished\":\"2025-10-26T21:09:30+00:00\",\"dateModified\":\"2026-03-18T09:41:28+00:00\",\"description\":\"NEJHA DON\u2019T BE SHY (04 Rosewood) \u2013 \u0161ilkin\u0117s tekst\u016bros skaistalai su vitaminu E ir sericitu, suteikiantys odai \u0161vyt\u0117jimo ir gaivos.\",\"breadcrumb\":{\"@id\":\"https:\\\/\\\/www.malinashop.lt\\\/shop\\\/nejha-skaistalai-dont-be-shy-04-rosewood-49-g\\\/#breadcrumb\"},\"inLanguage\":\"lt-LT\",\"potentialAction\":[{\"@type\":\"ReadAction\",\"target\":[\"https:\\\/\\\/www.malinashop.lt\\\/shop\\\/nejha-skaistalai-dont-be-shy-04-rosewood-49-g\\\/\"]}]},{\"@type\":\"ImageObject\",\"inLanguage\":\"lt-LT\",\"@id\":\"https:\\\/\\\/www.malinashop.lt\\\/shop\\\/nejha-skaistalai-dont-be-shy-04-rosewood-49-g\\\/#primaryimage\",\"url\":\"https:\\\/\\\/www.malinashop.lt\\\/wp-content\\\/uploads\\\/2025\\\/10\\\/NEJHA-skaistalai-DONT-BE-SHY-04-Rosewood-49-g.webp\",\"contentUrl\":\"https:\\\/\\\/www.malinashop.lt\\\/wp-content\\\/uploads\\\/2025\\\/10\\\/NEJHA-skaistalai-DONT-BE-SHY-04-Rosewood-49-g.webp\",\"width\":600,\"height\":600},{\"@type\":\"BreadcrumbList\",\"@id\":\"https:\\\/\\\/www.malinashop.lt\\\/shop\\\/nejha-skaistalai-dont-be-shy-04-rosewood-49-g\\\/#breadcrumb\",\"itemListElement\":[{\"@type\":\"ListItem\",\"position\":1,\"name\":\"Pagrindinis\",\"item\":\"https:\\\/\\\/www.malinashop.lt\\\/\"},{\"@type\":\"ListItem\",\"position\":2,\"name\":\"Parduotuv\u0117\",\"item\":\"https:\\\/\\\/www.malinashop.lt\\\/en\\\/parduotuve\\\/\"},{\"@type\":\"ListItem\",\"position\":3,\"name\":\"NEJHA skaistalai DON\u2019T BE SHY (04 Rosewood), 4,9 g\"}]},{\"@type\":\"WebSite\",\"@id\":\"https:\\\/\\\/www.malinashop.lt\\\/#website\",\"url\":\"https:\\\/\\\/www.malinashop.lt\\\/\",\"name\":\"COM Group Ecommerce\",\"description\":\"MalinaShop.lt - Gro\u017eio ir sveikatos produktai i\u0161 patikim\u0173 preki\u0173 \u017eenkl\u0173. Atraskite auk\u0161tos kokyb\u0117s kosmetik\u0105 u\u017e puiki\u0105 kain\u0105.\",\"publisher\":{\"@id\":\"https:\\\/\\\/www.malinashop.lt\\\/#organization\"},\"potentialAction\":[{\"@type\":\"SearchAction\",\"target\":{\"@type\":\"EntryPoint\",\"urlTemplate\":\"https:\\\/\\\/www.malinashop.lt\\\/?s={search_term_string}\"},\"query-input\":{\"@type\":\"PropertyValueSpecification\",\"valueRequired\":true,\"valueName\":\"search_term_string\"}}],\"inLanguage\":\"lt-LT\"},{\"@type\":\"Organization\",\"@id\":\"https:\\\/\\\/www.malinashop.lt\\\/#organization\",\"name\":\"COM Group Ecommerce\",\"url\":\"https:\\\/\\\/www.malinashop.lt\\\/\",\"logo\":{\"@type\":\"ImageObject\",\"inLanguage\":\"lt-LT\",\"@id\":\"https:\\\/\\\/www.malinashop.lt\\\/#\\\/schema\\\/logo\\\/image\\\/\",\"url\":\"https:\\\/\\\/www.malinashop.lt\\\/wp-content\\\/uploads\\\/2024\\\/08\\\/462559670_3787732518133670_9795632669273463_n-e1731525914575.png\",\"contentUrl\":\"https:\\\/\\\/www.malinashop.lt\\\/wp-content\\\/uploads\\\/2024\\\/08\\\/462559670_3787732518133670_9795632669273463_n-e1731525914575.png\",\"width\":180,\"height\":60,\"caption\":\"COM Group Ecommerce\"},\"image\":{\"@id\":\"https:\\\/\\\/www.malinashop.lt\\\/#\\\/schema\\\/logo\\\/image\\\/\"}}]}<\/script>\n<!-- \/ Yoast SEO plugin. -->","yoast_head_json":{"title":"NEJHA skaistalai DON\u2019T BE SHY (04 Rosewood), 4,9 g - MalinaShop.lt J\u016bs\u0173 sveikatai ir gro\u017eiui.","description":"NEJHA DON\u2019T BE SHY (04 Rosewood) \u2013 \u0161ilkin\u0117s tekst\u016bros skaistalai su vitaminu E ir sericitu, suteikiantys odai \u0161vyt\u0117jimo ir gaivos.","robots":{"index":"index","follow":"follow","max-snippet":"max-snippet:-1","max-image-preview":"max-image-preview:large","max-video-preview":"max-video-preview:-1"},"canonical":"https:\/\/www.malinashop.lt\/lt_lt\/shop\/nejha-skaistalai-dont-be-shy-04-rosewood-49-g\/","og_locale":"lt_LT","og_type":"article","og_title":"NEJHA skaistalai DON\u2019T BE SHY (04 Rosewood), 4,9 g - MalinaShop.lt J\u016bs\u0173 sveikatai ir gro\u017eiui.","og_description":"NEJHA DON\u2019T BE SHY (04 Rosewood) \u2013 \u0161ilkin\u0117s tekst\u016bros skaistalai su vitaminu E ir sericitu, suteikiantys odai \u0161vyt\u0117jimo ir gaivos.","og_url":"https:\/\/www.malinashop.lt\/lt_lt\/shop\/nejha-skaistalai-dont-be-shy-04-rosewood-49-g\/","og_site_name":"MalinaShop.lt J\u016bs\u0173 sveikatai ir gro\u017eiui.","article_modified_time":"2026-03-18T09:41:28+00:00","og_image":[{"width":600,"height":600,"url":"https:\/\/www.malinashop.lt\/wp-content\/uploads\/2025\/10\/NEJHA-skaistalai-DONT-BE-SHY-04-Rosewood-49-g.webp","type":"image\/webp"}],"twitter_card":"summary_large_image","schema":{"@context":"https:\/\/schema.org","@graph":[{"@type":"WebPage","@id":"https:\/\/www.malinashop.lt\/shop\/nejha-skaistalai-dont-be-shy-04-rosewood-49-g\/","url":"https:\/\/www.malinashop.lt\/shop\/nejha-skaistalai-dont-be-shy-04-rosewood-49-g\/","name":"NEJHA skaistalai DON\u2019T BE SHY (04 Rosewood), 4,9 g - MalinaShop.lt J\u016bs\u0173 sveikatai ir gro\u017eiui.","isPartOf":{"@id":"https:\/\/www.malinashop.lt\/#website"},"primaryImageOfPage":{"@id":"https:\/\/www.malinashop.lt\/shop\/nejha-skaistalai-dont-be-shy-04-rosewood-49-g\/#primaryimage"},"image":{"@id":"https:\/\/www.malinashop.lt\/shop\/nejha-skaistalai-dont-be-shy-04-rosewood-49-g\/#primaryimage"},"thumbnailUrl":"https:\/\/www.malinashop.lt\/wp-content\/uploads\/2025\/10\/NEJHA-skaistalai-DONT-BE-SHY-04-Rosewood-49-g.webp","datePublished":"2025-10-26T21:09:30+00:00","dateModified":"2026-03-18T09:41:28+00:00","description":"NEJHA DON\u2019T BE SHY (04 Rosewood) \u2013 \u0161ilkin\u0117s tekst\u016bros skaistalai su vitaminu E ir sericitu, suteikiantys odai \u0161vyt\u0117jimo ir gaivos.","breadcrumb":{"@id":"https:\/\/www.malinashop.lt\/shop\/nejha-skaistalai-dont-be-shy-04-rosewood-49-g\/#breadcrumb"},"inLanguage":"lt-LT","potentialAction":[{"@type":"ReadAction","target":["https:\/\/www.malinashop.lt\/shop\/nejha-skaistalai-dont-be-shy-04-rosewood-49-g\/"]}]},{"@type":"ImageObject","inLanguage":"lt-LT","@id":"https:\/\/www.malinashop.lt\/shop\/nejha-skaistalai-dont-be-shy-04-rosewood-49-g\/#primaryimage","url":"https:\/\/www.malinashop.lt\/wp-content\/uploads\/2025\/10\/NEJHA-skaistalai-DONT-BE-SHY-04-Rosewood-49-g.webp","contentUrl":"https:\/\/www.malinashop.lt\/wp-content\/uploads\/2025\/10\/NEJHA-skaistalai-DONT-BE-SHY-04-Rosewood-49-g.webp","width":600,"height":600},{"@type":"BreadcrumbList","@id":"https:\/\/www.malinashop.lt\/shop\/nejha-skaistalai-dont-be-shy-04-rosewood-49-g\/#breadcrumb","itemListElement":[{"@type":"ListItem","position":1,"name":"Pagrindinis","item":"https:\/\/www.malinashop.lt\/"},{"@type":"ListItem","position":2,"name":"Parduotuv\u0117","item":"https:\/\/www.malinashop.lt\/en\/parduotuve\/"},{"@type":"ListItem","position":3,"name":"NEJHA skaistalai DON\u2019T BE SHY (04 Rosewood), 4,9 g"}]},{"@type":"WebSite","@id":"https:\/\/www.malinashop.lt\/#website","url":"https:\/\/www.malinashop.lt\/","name":"COM Group Ecommerce","description":"MalinaShop.lt - Gro\u017eio ir sveikatos produktai i\u0161 patikim\u0173 preki\u0173 \u017eenkl\u0173. Atraskite auk\u0161tos kokyb\u0117s kosmetik\u0105 u\u017e puiki\u0105 kain\u0105.","publisher":{"@id":"https:\/\/www.malinashop.lt\/#organization"},"potentialAction":[{"@type":"SearchAction","target":{"@type":"EntryPoint","urlTemplate":"https:\/\/www.malinashop.lt\/?s={search_term_string}"},"query-input":{"@type":"PropertyValueSpecification","valueRequired":true,"valueName":"search_term_string"}}],"inLanguage":"lt-LT"},{"@type":"Organization","@id":"https:\/\/www.malinashop.lt\/#organization","name":"COM Group Ecommerce","url":"https:\/\/www.malinashop.lt\/","logo":{"@type":"ImageObject","inLanguage":"lt-LT","@id":"https:\/\/www.malinashop.lt\/#\/schema\/logo\/image\/","url":"https:\/\/www.malinashop.lt\/wp-content\/uploads\/2024\/08\/462559670_3787732518133670_9795632669273463_n-e1731525914575.png","contentUrl":"https:\/\/www.malinashop.lt\/wp-content\/uploads\/2024\/08\/462559670_3787732518133670_9795632669273463_n-e1731525914575.png","width":180,"height":60,"caption":"COM Group Ecommerce"},"image":{"@id":"https:\/\/www.malinashop.lt\/#\/schema\/logo\/image\/"}}]}},"jetpack_sharing_enabled":true,"_links":{"self":[{"href":"https:\/\/www.malinashop.lt\/lt_lt\/wp-json\/wp\/v2\/product\/59560","targetHints":{"allow":["GET"]}}],"collection":[{"href":"https:\/\/www.malinashop.lt\/lt_lt\/wp-json\/wp\/v2\/product"}],"about":[{"href":"https:\/\/www.malinashop.lt\/lt_lt\/wp-json\/wp\/v2\/types\/product"}],"version-history":[{"count":1,"href":"https:\/\/www.malinashop.lt\/lt_lt\/wp-json\/wp\/v2\/product\/59560\/revisions"}],"predecessor-version":[{"id":59563,"href":"https:\/\/www.malinashop.lt\/lt_lt\/wp-json\/wp\/v2\/product\/59560\/revisions\/59563"}],"wp:featuredmedia":[{"embeddable":true,"href":"https:\/\/www.malinashop.lt\/lt_lt\/wp-json\/wp\/v2\/media\/59562"}],"wp:attachment":[{"href":"https:\/\/www.malinashop.lt\/lt_lt\/wp-json\/wp\/v2\/media?parent=59560"}],"wp:term":[{"taxonomy":"product_brand","embeddable":true,"href":"https:\/\/www.malinashop.lt\/lt_lt\/wp-json\/wp\/v2\/product_brand?post=59560"},{"taxonomy":"product_cat","embeddable":true,"href":"https:\/\/www.malinashop.lt\/lt_lt\/wp-json\/wp\/v2\/product_cat?post=59560"},{"taxonomy":"product_tag","embeddable":true,"href":"https:\/\/www.malinashop.lt\/lt_lt\/wp-json\/wp\/v2\/product_tag?post=59560"}],"curies":[{"name":"wp","href":"https:\/\/api.w.org\/{rel}","templated":true}]}}