{"id":59548,"date":"2025-10-26T23:59:55","date_gmt":"2025-10-26T20:59:55","guid":{"rendered":"https:\/\/malinashop.lt\/?post_type=product&#038;p=59548"},"modified":"2026-03-18T12:41:29","modified_gmt":"2026-03-18T09:41:29","slug":"nejha-svytejimo-suteikianti-pudra-shine-please-03-gold-glow-3-g","status":"publish","type":"product","link":"https:\/\/www.malinashop.lt\/lt_lt\/shop\/nejha-svytejimo-suteikianti-pudra-shine-please-03-gold-glow-3-g\/","title":{"rendered":"NEJHA \u0161vyt\u0117jimo suteikianti pudra SHINE, PLEASE (03 Gold Glow), 3 g"},"content":{"rendered":"<p data-start=\"311\" data-end=\"602\">Suteikite savo odai prabangaus auksinio spindesio su <strong data-start=\"364\" data-end=\"431\">NEJHA \u0161vyt\u0117jimo suteikian\u010dia pudra SHINE, PLEASE (03 Gold Glow)<\/strong>. \u0160i <strong data-start=\"436\" data-end=\"477\">\u0161ilkin\u0117s tekst\u016bros, itin lengva pudra<\/strong> subtiliai pabr\u0117\u017eia veido ir k\u016bno bruo\u017eus, sukuria nat\u016braliai \u0161vytin\u010dios odos efekt\u0105 bei i\u0161laiko ilgalaik\u012f \u0161veln\u0173 blizges\u012f.<\/p>\n<p data-start=\"604\" data-end=\"811\">D\u0117l <strong data-start=\"608\" data-end=\"653\">\u0161vytin\u010dios, \u0161vies\u0105 atspindin\u010dios formul\u0117s<\/strong> oda atrodo gaivi dien\u0105 ir \u017evilganti vakare.<br data-start=\"697\" data-end=\"700\" \/>Sud\u0117tyje esantis <strong data-start=\"717\" data-end=\"740\">taukmed\u017eio sviestas<\/strong> ir <strong data-start=\"744\" data-end=\"757\">vitaminai<\/strong> maitina, mink\u0161tina bei apsaugo od\u0105 nuo i\u0161saus\u0117jimo.<\/p>\n<p data-start=\"813\" data-end=\"900\"><strong data-start=\"813\" data-end=\"828\">Naudojimas:<\/strong> teptuku lengvai pary\u0161kinkite skruostikaulius, raktikaulius ar pe\u010dius.<\/p>\n","protected":false},"excerpt":{"rendered":"<p data-start=\"111\" data-end=\"273\">NEJHA SHINE, PLEASE (03 Gold Glow) \u2013 \u0161vyt\u0117jimo suteikianti pudra veidui ir k\u016bnui, suteikianti auksin\u012f spindes\u012f. Praturtinta taukmed\u017eio sviestu ir vitaminais.<\/p>\n","protected":false},"featured_media":59550,"template":"","meta":[],"product_brand":[1358],"product_cat":[102,1299,792],"product_tag":[1573],"class_list":{"0":"post-59548","1":"product","2":"type-product","3":"status-publish","4":"has-post-thumbnail","6":"product_brand-nejha","7":"product_cat-dekoratyvine-kosmetika","8":"product_cat-produktai-su-dovanomis","9":"product_cat-veido-pudros","10":"product_tag-nejha","12":"first","13":"instock","14":"sale","15":"taxable","16":"shipping-taxable","17":"purchasable","18":"product-type-simple"},"yoast_head":"<!-- This site is optimized with the Yoast SEO plugin v27.4 - https:\/\/yoast.com\/product\/yoast-seo-wordpress\/ -->\n<title>NEJHA \u0161vyt\u0117jimo suteikianti pudra SHINE, PLEASE (03 Gold Glow), 3 g - MalinaShop.lt J\u016bs\u0173 sveikatai ir gro\u017eiui.<\/title>\n<meta name=\"description\" content=\"NEJHA SHINE, PLEASE (03 Gold Glow) \u2013 auksinio \u0161vyt\u0117jimo suteikianti pudra veidui ir k\u016bnui su taukmed\u017eio sviestu ir vitaminais.\" \/>\n<meta name=\"robots\" content=\"index, follow, max-snippet:-1, max-image-preview:large, max-video-preview:-1\" \/>\n<link rel=\"canonical\" href=\"https:\/\/www.malinashop.lt\/lt_lt\/shop\/nejha-svytejimo-suteikianti-pudra-shine-please-03-gold-glow-3-g\/\" \/>\n<meta property=\"og:locale\" content=\"lt_LT\" \/>\n<meta property=\"og:type\" content=\"article\" \/>\n<meta property=\"og:title\" content=\"NEJHA \u0161vyt\u0117jimo suteikianti pudra SHINE, PLEASE (03 Gold Glow), 3 g - MalinaShop.lt J\u016bs\u0173 sveikatai ir gro\u017eiui.\" \/>\n<meta property=\"og:description\" content=\"NEJHA SHINE, PLEASE (03 Gold Glow) \u2013 auksinio \u0161vyt\u0117jimo suteikianti pudra veidui ir k\u016bnui su taukmed\u017eio sviestu ir vitaminais.\" \/>\n<meta property=\"og:url\" content=\"https:\/\/www.malinashop.lt\/lt_lt\/shop\/nejha-svytejimo-suteikianti-pudra-shine-please-03-gold-glow-3-g\/\" \/>\n<meta property=\"og:site_name\" content=\"MalinaShop.lt J\u016bs\u0173 sveikatai ir gro\u017eiui.\" \/>\n<meta property=\"article:modified_time\" content=\"2026-03-18T09:41:29+00:00\" \/>\n<meta property=\"og:image\" content=\"https:\/\/www.malinashop.lt\/wp-content\/uploads\/2025\/10\/NEJHA-svytejimo-suteikianti-pudra-SHINE-PLEASE-03-Gold-Glow-3-g.webp\" \/>\n\t<meta property=\"og:image:width\" content=\"600\" \/>\n\t<meta property=\"og:image:height\" content=\"600\" \/>\n\t<meta property=\"og:image:type\" content=\"image\/webp\" \/>\n<meta name=\"twitter:card\" content=\"summary_large_image\" \/>\n<script type=\"application\/ld+json\" class=\"yoast-schema-graph\">{\"@context\":\"https:\\\/\\\/schema.org\",\"@graph\":[{\"@type\":\"WebPage\",\"@id\":\"https:\\\/\\\/www.malinashop.lt\\\/shop\\\/nejha-svytejimo-suteikianti-pudra-shine-please-03-gold-glow-3-g\\\/\",\"url\":\"https:\\\/\\\/www.malinashop.lt\\\/shop\\\/nejha-svytejimo-suteikianti-pudra-shine-please-03-gold-glow-3-g\\\/\",\"name\":\"NEJHA \u0161vyt\u0117jimo suteikianti pudra SHINE, PLEASE (03 Gold Glow), 3 g - MalinaShop.lt J\u016bs\u0173 sveikatai ir gro\u017eiui.\",\"isPartOf\":{\"@id\":\"https:\\\/\\\/www.malinashop.lt\\\/#website\"},\"primaryImageOfPage\":{\"@id\":\"https:\\\/\\\/www.malinashop.lt\\\/shop\\\/nejha-svytejimo-suteikianti-pudra-shine-please-03-gold-glow-3-g\\\/#primaryimage\"},\"image\":{\"@id\":\"https:\\\/\\\/www.malinashop.lt\\\/shop\\\/nejha-svytejimo-suteikianti-pudra-shine-please-03-gold-glow-3-g\\\/#primaryimage\"},\"thumbnailUrl\":\"https:\\\/\\\/www.malinashop.lt\\\/wp-content\\\/uploads\\\/2025\\\/10\\\/NEJHA-svytejimo-suteikianti-pudra-SHINE-PLEASE-03-Gold-Glow-3-g.webp\",\"datePublished\":\"2025-10-26T20:59:55+00:00\",\"dateModified\":\"2026-03-18T09:41:29+00:00\",\"description\":\"NEJHA SHINE, PLEASE (03 Gold Glow) \u2013 auksinio \u0161vyt\u0117jimo suteikianti pudra veidui ir k\u016bnui su taukmed\u017eio sviestu ir vitaminais.\",\"breadcrumb\":{\"@id\":\"https:\\\/\\\/www.malinashop.lt\\\/shop\\\/nejha-svytejimo-suteikianti-pudra-shine-please-03-gold-glow-3-g\\\/#breadcrumb\"},\"inLanguage\":\"lt-LT\",\"potentialAction\":[{\"@type\":\"ReadAction\",\"target\":[\"https:\\\/\\\/www.malinashop.lt\\\/shop\\\/nejha-svytejimo-suteikianti-pudra-shine-please-03-gold-glow-3-g\\\/\"]}]},{\"@type\":\"ImageObject\",\"inLanguage\":\"lt-LT\",\"@id\":\"https:\\\/\\\/www.malinashop.lt\\\/shop\\\/nejha-svytejimo-suteikianti-pudra-shine-please-03-gold-glow-3-g\\\/#primaryimage\",\"url\":\"https:\\\/\\\/www.malinashop.lt\\\/wp-content\\\/uploads\\\/2025\\\/10\\\/NEJHA-svytejimo-suteikianti-pudra-SHINE-PLEASE-03-Gold-Glow-3-g.webp\",\"contentUrl\":\"https:\\\/\\\/www.malinashop.lt\\\/wp-content\\\/uploads\\\/2025\\\/10\\\/NEJHA-svytejimo-suteikianti-pudra-SHINE-PLEASE-03-Gold-Glow-3-g.webp\",\"width\":600,\"height\":600},{\"@type\":\"BreadcrumbList\",\"@id\":\"https:\\\/\\\/www.malinashop.lt\\\/shop\\\/nejha-svytejimo-suteikianti-pudra-shine-please-03-gold-glow-3-g\\\/#breadcrumb\",\"itemListElement\":[{\"@type\":\"ListItem\",\"position\":1,\"name\":\"Pagrindinis\",\"item\":\"https:\\\/\\\/www.malinashop.lt\\\/\"},{\"@type\":\"ListItem\",\"position\":2,\"name\":\"Parduotuv\u0117\",\"item\":\"https:\\\/\\\/www.malinashop.lt\\\/en\\\/parduotuve\\\/\"},{\"@type\":\"ListItem\",\"position\":3,\"name\":\"NEJHA \u0161vyt\u0117jimo suteikianti pudra SHINE, PLEASE (03 Gold Glow), 3 g\"}]},{\"@type\":\"WebSite\",\"@id\":\"https:\\\/\\\/www.malinashop.lt\\\/#website\",\"url\":\"https:\\\/\\\/www.malinashop.lt\\\/\",\"name\":\"COM Group Ecommerce\",\"description\":\"MalinaShop.lt - Gro\u017eio ir sveikatos produktai i\u0161 patikim\u0173 preki\u0173 \u017eenkl\u0173. Atraskite auk\u0161tos kokyb\u0117s kosmetik\u0105 u\u017e puiki\u0105 kain\u0105.\",\"publisher\":{\"@id\":\"https:\\\/\\\/www.malinashop.lt\\\/#organization\"},\"potentialAction\":[{\"@type\":\"SearchAction\",\"target\":{\"@type\":\"EntryPoint\",\"urlTemplate\":\"https:\\\/\\\/www.malinashop.lt\\\/?s={search_term_string}\"},\"query-input\":{\"@type\":\"PropertyValueSpecification\",\"valueRequired\":true,\"valueName\":\"search_term_string\"}}],\"inLanguage\":\"lt-LT\"},{\"@type\":\"Organization\",\"@id\":\"https:\\\/\\\/www.malinashop.lt\\\/#organization\",\"name\":\"COM Group Ecommerce\",\"url\":\"https:\\\/\\\/www.malinashop.lt\\\/\",\"logo\":{\"@type\":\"ImageObject\",\"inLanguage\":\"lt-LT\",\"@id\":\"https:\\\/\\\/www.malinashop.lt\\\/#\\\/schema\\\/logo\\\/image\\\/\",\"url\":\"https:\\\/\\\/www.malinashop.lt\\\/wp-content\\\/uploads\\\/2024\\\/08\\\/462559670_3787732518133670_9795632669273463_n-e1731525914575.png\",\"contentUrl\":\"https:\\\/\\\/www.malinashop.lt\\\/wp-content\\\/uploads\\\/2024\\\/08\\\/462559670_3787732518133670_9795632669273463_n-e1731525914575.png\",\"width\":180,\"height\":60,\"caption\":\"COM Group Ecommerce\"},\"image\":{\"@id\":\"https:\\\/\\\/www.malinashop.lt\\\/#\\\/schema\\\/logo\\\/image\\\/\"}}]}<\/script>\n<!-- \/ Yoast SEO plugin. -->","yoast_head_json":{"title":"NEJHA \u0161vyt\u0117jimo suteikianti pudra SHINE, PLEASE (03 Gold Glow), 3 g - MalinaShop.lt J\u016bs\u0173 sveikatai ir gro\u017eiui.","description":"NEJHA SHINE, PLEASE (03 Gold Glow) \u2013 auksinio \u0161vyt\u0117jimo suteikianti pudra veidui ir k\u016bnui su taukmed\u017eio sviestu ir vitaminais.","robots":{"index":"index","follow":"follow","max-snippet":"max-snippet:-1","max-image-preview":"max-image-preview:large","max-video-preview":"max-video-preview:-1"},"canonical":"https:\/\/www.malinashop.lt\/lt_lt\/shop\/nejha-svytejimo-suteikianti-pudra-shine-please-03-gold-glow-3-g\/","og_locale":"lt_LT","og_type":"article","og_title":"NEJHA \u0161vyt\u0117jimo suteikianti pudra SHINE, PLEASE (03 Gold Glow), 3 g - MalinaShop.lt J\u016bs\u0173 sveikatai ir gro\u017eiui.","og_description":"NEJHA SHINE, PLEASE (03 Gold Glow) \u2013 auksinio \u0161vyt\u0117jimo suteikianti pudra veidui ir k\u016bnui su taukmed\u017eio sviestu ir vitaminais.","og_url":"https:\/\/www.malinashop.lt\/lt_lt\/shop\/nejha-svytejimo-suteikianti-pudra-shine-please-03-gold-glow-3-g\/","og_site_name":"MalinaShop.lt J\u016bs\u0173 sveikatai ir gro\u017eiui.","article_modified_time":"2026-03-18T09:41:29+00:00","og_image":[{"width":600,"height":600,"url":"https:\/\/www.malinashop.lt\/wp-content\/uploads\/2025\/10\/NEJHA-svytejimo-suteikianti-pudra-SHINE-PLEASE-03-Gold-Glow-3-g.webp","type":"image\/webp"}],"twitter_card":"summary_large_image","schema":{"@context":"https:\/\/schema.org","@graph":[{"@type":"WebPage","@id":"https:\/\/www.malinashop.lt\/shop\/nejha-svytejimo-suteikianti-pudra-shine-please-03-gold-glow-3-g\/","url":"https:\/\/www.malinashop.lt\/shop\/nejha-svytejimo-suteikianti-pudra-shine-please-03-gold-glow-3-g\/","name":"NEJHA \u0161vyt\u0117jimo suteikianti pudra SHINE, PLEASE (03 Gold Glow), 3 g - MalinaShop.lt J\u016bs\u0173 sveikatai ir gro\u017eiui.","isPartOf":{"@id":"https:\/\/www.malinashop.lt\/#website"},"primaryImageOfPage":{"@id":"https:\/\/www.malinashop.lt\/shop\/nejha-svytejimo-suteikianti-pudra-shine-please-03-gold-glow-3-g\/#primaryimage"},"image":{"@id":"https:\/\/www.malinashop.lt\/shop\/nejha-svytejimo-suteikianti-pudra-shine-please-03-gold-glow-3-g\/#primaryimage"},"thumbnailUrl":"https:\/\/www.malinashop.lt\/wp-content\/uploads\/2025\/10\/NEJHA-svytejimo-suteikianti-pudra-SHINE-PLEASE-03-Gold-Glow-3-g.webp","datePublished":"2025-10-26T20:59:55+00:00","dateModified":"2026-03-18T09:41:29+00:00","description":"NEJHA SHINE, PLEASE (03 Gold Glow) \u2013 auksinio \u0161vyt\u0117jimo suteikianti pudra veidui ir k\u016bnui su taukmed\u017eio sviestu ir vitaminais.","breadcrumb":{"@id":"https:\/\/www.malinashop.lt\/shop\/nejha-svytejimo-suteikianti-pudra-shine-please-03-gold-glow-3-g\/#breadcrumb"},"inLanguage":"lt-LT","potentialAction":[{"@type":"ReadAction","target":["https:\/\/www.malinashop.lt\/shop\/nejha-svytejimo-suteikianti-pudra-shine-please-03-gold-glow-3-g\/"]}]},{"@type":"ImageObject","inLanguage":"lt-LT","@id":"https:\/\/www.malinashop.lt\/shop\/nejha-svytejimo-suteikianti-pudra-shine-please-03-gold-glow-3-g\/#primaryimage","url":"https:\/\/www.malinashop.lt\/wp-content\/uploads\/2025\/10\/NEJHA-svytejimo-suteikianti-pudra-SHINE-PLEASE-03-Gold-Glow-3-g.webp","contentUrl":"https:\/\/www.malinashop.lt\/wp-content\/uploads\/2025\/10\/NEJHA-svytejimo-suteikianti-pudra-SHINE-PLEASE-03-Gold-Glow-3-g.webp","width":600,"height":600},{"@type":"BreadcrumbList","@id":"https:\/\/www.malinashop.lt\/shop\/nejha-svytejimo-suteikianti-pudra-shine-please-03-gold-glow-3-g\/#breadcrumb","itemListElement":[{"@type":"ListItem","position":1,"name":"Pagrindinis","item":"https:\/\/www.malinashop.lt\/"},{"@type":"ListItem","position":2,"name":"Parduotuv\u0117","item":"https:\/\/www.malinashop.lt\/en\/parduotuve\/"},{"@type":"ListItem","position":3,"name":"NEJHA \u0161vyt\u0117jimo suteikianti pudra SHINE, PLEASE (03 Gold Glow), 3 g"}]},{"@type":"WebSite","@id":"https:\/\/www.malinashop.lt\/#website","url":"https:\/\/www.malinashop.lt\/","name":"COM Group Ecommerce","description":"MalinaShop.lt - Gro\u017eio ir sveikatos produktai i\u0161 patikim\u0173 preki\u0173 \u017eenkl\u0173. Atraskite auk\u0161tos kokyb\u0117s kosmetik\u0105 u\u017e puiki\u0105 kain\u0105.","publisher":{"@id":"https:\/\/www.malinashop.lt\/#organization"},"potentialAction":[{"@type":"SearchAction","target":{"@type":"EntryPoint","urlTemplate":"https:\/\/www.malinashop.lt\/?s={search_term_string}"},"query-input":{"@type":"PropertyValueSpecification","valueRequired":true,"valueName":"search_term_string"}}],"inLanguage":"lt-LT"},{"@type":"Organization","@id":"https:\/\/www.malinashop.lt\/#organization","name":"COM Group Ecommerce","url":"https:\/\/www.malinashop.lt\/","logo":{"@type":"ImageObject","inLanguage":"lt-LT","@id":"https:\/\/www.malinashop.lt\/#\/schema\/logo\/image\/","url":"https:\/\/www.malinashop.lt\/wp-content\/uploads\/2024\/08\/462559670_3787732518133670_9795632669273463_n-e1731525914575.png","contentUrl":"https:\/\/www.malinashop.lt\/wp-content\/uploads\/2024\/08\/462559670_3787732518133670_9795632669273463_n-e1731525914575.png","width":180,"height":60,"caption":"COM Group Ecommerce"},"image":{"@id":"https:\/\/www.malinashop.lt\/#\/schema\/logo\/image\/"}}]}},"jetpack_sharing_enabled":true,"_links":{"self":[{"href":"https:\/\/www.malinashop.lt\/lt_lt\/wp-json\/wp\/v2\/product\/59548","targetHints":{"allow":["GET"]}}],"collection":[{"href":"https:\/\/www.malinashop.lt\/lt_lt\/wp-json\/wp\/v2\/product"}],"about":[{"href":"https:\/\/www.malinashop.lt\/lt_lt\/wp-json\/wp\/v2\/types\/product"}],"version-history":[{"count":1,"href":"https:\/\/www.malinashop.lt\/lt_lt\/wp-json\/wp\/v2\/product\/59548\/revisions"}],"predecessor-version":[{"id":59551,"href":"https:\/\/www.malinashop.lt\/lt_lt\/wp-json\/wp\/v2\/product\/59548\/revisions\/59551"}],"wp:featuredmedia":[{"embeddable":true,"href":"https:\/\/www.malinashop.lt\/lt_lt\/wp-json\/wp\/v2\/media\/59550"}],"wp:attachment":[{"href":"https:\/\/www.malinashop.lt\/lt_lt\/wp-json\/wp\/v2\/media?parent=59548"}],"wp:term":[{"taxonomy":"product_brand","embeddable":true,"href":"https:\/\/www.malinashop.lt\/lt_lt\/wp-json\/wp\/v2\/product_brand?post=59548"},{"taxonomy":"product_cat","embeddable":true,"href":"https:\/\/www.malinashop.lt\/lt_lt\/wp-json\/wp\/v2\/product_cat?post=59548"},{"taxonomy":"product_tag","embeddable":true,"href":"https:\/\/www.malinashop.lt\/lt_lt\/wp-json\/wp\/v2\/product_tag?post=59548"}],"curies":[{"name":"wp","href":"https:\/\/api.w.org\/{rel}","templated":true}]}}