{"id":59520,"date":"2025-10-26T23:34:53","date_gmt":"2025-10-26T20:34:53","guid":{"rendered":"https:\/\/malinashop.lt\/?post_type=product&#038;p=59520"},"modified":"2026-03-18T12:41:31","modified_gmt":"2026-03-18T09:41:31","slug":"nejha-akiu-seseliai-partner-in-eye-06-champagne-21-g","status":"publish","type":"product","link":"https:\/\/www.malinashop.lt\/lt_lt\/shop\/nejha-akiu-seseliai-partner-in-eye-06-champagne-21-g\/","title":{"rendered":"NEJHA aki\u0173 \u0161e\u0161\u0117liai PARTNER IN EYE (06 Champagne), 2,1 g"},"content":{"rendered":"<p data-start=\"303\" data-end=\"555\">Atraskite subtil\u0173 spindes\u012f su <strong data-start=\"333\" data-end=\"387\">NEJHA aki\u0173 \u0161e\u0161\u0117liais PARTNER IN EYE (06 Champagne)<\/strong>. \u0160ie <strong data-start=\"393\" data-end=\"433\">pudriniai, itin pigmentuoti \u0161e\u0161\u0117liai<\/strong> pasi\u017eymi <strong data-start=\"443\" data-end=\"484\">\u0161velnia, lengvai paskirstoma tekst\u016bra<\/strong>, leid\u017eian\u010dia pasiekti tolyg\u0173 dengim\u0105 ir nepriekai\u0161ting\u0105 i\u0161liekamum\u0105.<\/p>\n<p data-start=\"557\" data-end=\"786\">Formul\u0117 <strong data-start=\"565\" data-end=\"592\">nebyra ir ilgai i\u0161lieka<\/strong>, suteikdama aki\u0173 makia\u017eui i\u0161skirtinio \u0161vyt\u0117jimo bei rafinuotumo.<br data-start=\"657\" data-end=\"660\" \/>Sud\u0117tyje esantys <strong data-start=\"677\" data-end=\"699\">ramun\u0117li\u0173 sviestas<\/strong>, <strong data-start=\"701\" data-end=\"712\">migdol\u0173<\/strong> ir <strong data-start=\"716\" data-end=\"735\">medetk\u0173 aliejai<\/strong> puosel\u0117ja vok\u0173 od\u0105, j\u0105 <strong data-start=\"759\" data-end=\"783\">mink\u0161tina ir dr\u0117kina<\/strong>.<\/p>\n<p data-start=\"788\" data-end=\"915\"><strong data-start=\"788\" data-end=\"803\">Naudojimas:<\/strong> tepkite \u0161e\u0161\u0117lius pir\u0161tais, teptuku ar poroloniniu aplikatoriumi, kad pasiektum\u0117te norim\u0105 spalvos intensyvum\u0105.<\/p>\n","protected":false},"excerpt":{"rendered":"<p data-start=\"111\" data-end=\"273\">NEJHA PARTNER IN EYE (06 Champagne) \u2013 \u0161velnios tekst\u016bros, ilgai i\u0161liekantys ir itin pigmentuoti aki\u0173 \u0161e\u0161\u0117liai su ramun\u0117li\u0173 sviestu, migdol\u0173 ir medetk\u0173 aliejais.<\/p>\n","protected":false},"featured_media":59522,"template":"","meta":[],"product_brand":[1358],"product_cat":[525,102],"product_tag":[1573],"class_list":{"0":"post-59520","1":"product","2":"type-product","3":"status-publish","4":"has-post-thumbnail","6":"product_brand-nejha","7":"product_cat-akiu-seseliai","8":"product_cat-dekoratyvine-kosmetika","9":"product_tag-nejha","11":"first","12":"instock","13":"sale","14":"taxable","15":"shipping-taxable","16":"purchasable","17":"product-type-simple"},"yoast_head":"<!-- This site is optimized with the Yoast SEO plugin v27.4 - https:\/\/yoast.com\/product\/yoast-seo-wordpress\/ -->\n<title>NEJHA aki\u0173 \u0161e\u0161\u0117liai PARTNER IN EYE (06 Champagne), 2,1 g - MalinaShop.lt J\u016bs\u0173 sveikatai ir gro\u017eiui.<\/title>\n<meta name=\"description\" content=\"NEJHA PARTNER IN EYE (06 Champagne) \u2013 ilgai i\u0161liekantys, \u0161velnios tekst\u016bros aki\u0173 \u0161e\u0161\u0117liai su ramun\u0117li\u0173 sviestu, migdol\u0173 ir medetk\u0173 aliejais.\" \/>\n<meta name=\"robots\" content=\"index, follow, max-snippet:-1, max-image-preview:large, max-video-preview:-1\" \/>\n<link rel=\"canonical\" href=\"https:\/\/www.malinashop.lt\/lt_lt\/shop\/nejha-akiu-seseliai-partner-in-eye-06-champagne-21-g\/\" \/>\n<meta property=\"og:locale\" content=\"lt_LT\" \/>\n<meta property=\"og:type\" content=\"article\" \/>\n<meta property=\"og:title\" content=\"NEJHA aki\u0173 \u0161e\u0161\u0117liai PARTNER IN EYE (06 Champagne), 2,1 g - MalinaShop.lt J\u016bs\u0173 sveikatai ir gro\u017eiui.\" \/>\n<meta property=\"og:description\" content=\"NEJHA PARTNER IN EYE (06 Champagne) \u2013 ilgai i\u0161liekantys, \u0161velnios tekst\u016bros aki\u0173 \u0161e\u0161\u0117liai su ramun\u0117li\u0173 sviestu, migdol\u0173 ir medetk\u0173 aliejais.\" \/>\n<meta property=\"og:url\" content=\"https:\/\/www.malinashop.lt\/lt_lt\/shop\/nejha-akiu-seseliai-partner-in-eye-06-champagne-21-g\/\" \/>\n<meta property=\"og:site_name\" content=\"MalinaShop.lt J\u016bs\u0173 sveikatai ir gro\u017eiui.\" \/>\n<meta property=\"article:modified_time\" content=\"2026-03-18T09:41:31+00:00\" \/>\n<meta property=\"og:image\" content=\"https:\/\/www.malinashop.lt\/wp-content\/uploads\/2025\/10\/NEJHA-akiu-seseliai-PARTNER-IN-EYE-06-Champagne-21-g.webp\" \/>\n\t<meta property=\"og:image:width\" content=\"600\" \/>\n\t<meta property=\"og:image:height\" content=\"600\" \/>\n\t<meta property=\"og:image:type\" content=\"image\/webp\" \/>\n<meta name=\"twitter:card\" content=\"summary_large_image\" \/>\n<script type=\"application\/ld+json\" class=\"yoast-schema-graph\">{\"@context\":\"https:\\\/\\\/schema.org\",\"@graph\":[{\"@type\":\"WebPage\",\"@id\":\"https:\\\/\\\/www.malinashop.lt\\\/lt_lt\\\/shop\\\/nejha-akiu-seseliai-partner-in-eye-06-champagne-21-g\\\/\",\"url\":\"https:\\\/\\\/www.malinashop.lt\\\/lt_lt\\\/shop\\\/nejha-akiu-seseliai-partner-in-eye-06-champagne-21-g\\\/\",\"name\":\"NEJHA aki\u0173 \u0161e\u0161\u0117liai PARTNER IN EYE (06 Champagne), 2,1 g - MalinaShop.lt J\u016bs\u0173 sveikatai ir gro\u017eiui.\",\"isPartOf\":{\"@id\":\"https:\\\/\\\/www.malinashop.lt\\\/#website\"},\"primaryImageOfPage\":{\"@id\":\"https:\\\/\\\/www.malinashop.lt\\\/lt_lt\\\/shop\\\/nejha-akiu-seseliai-partner-in-eye-06-champagne-21-g\\\/#primaryimage\"},\"image\":{\"@id\":\"https:\\\/\\\/www.malinashop.lt\\\/lt_lt\\\/shop\\\/nejha-akiu-seseliai-partner-in-eye-06-champagne-21-g\\\/#primaryimage\"},\"thumbnailUrl\":\"https:\\\/\\\/www.malinashop.lt\\\/wp-content\\\/uploads\\\/2025\\\/10\\\/NEJHA-akiu-seseliai-PARTNER-IN-EYE-06-Champagne-21-g.webp\",\"datePublished\":\"2025-10-26T20:34:53+00:00\",\"dateModified\":\"2026-03-18T09:41:31+00:00\",\"description\":\"NEJHA PARTNER IN EYE (06 Champagne) \u2013 ilgai i\u0161liekantys, \u0161velnios tekst\u016bros aki\u0173 \u0161e\u0161\u0117liai su ramun\u0117li\u0173 sviestu, migdol\u0173 ir medetk\u0173 aliejais.\",\"breadcrumb\":{\"@id\":\"https:\\\/\\\/www.malinashop.lt\\\/lt_lt\\\/shop\\\/nejha-akiu-seseliai-partner-in-eye-06-champagne-21-g\\\/#breadcrumb\"},\"inLanguage\":\"lt-LT\",\"potentialAction\":[{\"@type\":\"ReadAction\",\"target\":[\"https:\\\/\\\/www.malinashop.lt\\\/lt_lt\\\/shop\\\/nejha-akiu-seseliai-partner-in-eye-06-champagne-21-g\\\/\"]}]},{\"@type\":\"ImageObject\",\"inLanguage\":\"lt-LT\",\"@id\":\"https:\\\/\\\/www.malinashop.lt\\\/lt_lt\\\/shop\\\/nejha-akiu-seseliai-partner-in-eye-06-champagne-21-g\\\/#primaryimage\",\"url\":\"https:\\\/\\\/www.malinashop.lt\\\/wp-content\\\/uploads\\\/2025\\\/10\\\/NEJHA-akiu-seseliai-PARTNER-IN-EYE-06-Champagne-21-g.webp\",\"contentUrl\":\"https:\\\/\\\/www.malinashop.lt\\\/wp-content\\\/uploads\\\/2025\\\/10\\\/NEJHA-akiu-seseliai-PARTNER-IN-EYE-06-Champagne-21-g.webp\",\"width\":600,\"height\":600},{\"@type\":\"BreadcrumbList\",\"@id\":\"https:\\\/\\\/www.malinashop.lt\\\/lt_lt\\\/shop\\\/nejha-akiu-seseliai-partner-in-eye-06-champagne-21-g\\\/#breadcrumb\",\"itemListElement\":[{\"@type\":\"ListItem\",\"position\":1,\"name\":\"Pagrindinis\",\"item\":\"https:\\\/\\\/www.malinashop.lt\\\/\"},{\"@type\":\"ListItem\",\"position\":2,\"name\":\"Parduotuv\u0117\",\"item\":\"https:\\\/\\\/www.malinashop.lt\\\/en\\\/parduotuve\\\/\"},{\"@type\":\"ListItem\",\"position\":3,\"name\":\"NEJHA aki\u0173 \u0161e\u0161\u0117liai PARTNER IN EYE (06 Champagne), 2,1 g\"}]},{\"@type\":\"WebSite\",\"@id\":\"https:\\\/\\\/www.malinashop.lt\\\/#website\",\"url\":\"https:\\\/\\\/www.malinashop.lt\\\/\",\"name\":\"COM Group Ecommerce\",\"description\":\"MalinaShop.lt - Gro\u017eio ir sveikatos produktai i\u0161 patikim\u0173 preki\u0173 \u017eenkl\u0173. Atraskite auk\u0161tos kokyb\u0117s kosmetik\u0105 u\u017e puiki\u0105 kain\u0105.\",\"publisher\":{\"@id\":\"https:\\\/\\\/www.malinashop.lt\\\/#organization\"},\"potentialAction\":[{\"@type\":\"SearchAction\",\"target\":{\"@type\":\"EntryPoint\",\"urlTemplate\":\"https:\\\/\\\/www.malinashop.lt\\\/?s={search_term_string}\"},\"query-input\":{\"@type\":\"PropertyValueSpecification\",\"valueRequired\":true,\"valueName\":\"search_term_string\"}}],\"inLanguage\":\"lt-LT\"},{\"@type\":\"Organization\",\"@id\":\"https:\\\/\\\/www.malinashop.lt\\\/#organization\",\"name\":\"COM Group Ecommerce\",\"url\":\"https:\\\/\\\/www.malinashop.lt\\\/\",\"logo\":{\"@type\":\"ImageObject\",\"inLanguage\":\"lt-LT\",\"@id\":\"https:\\\/\\\/www.malinashop.lt\\\/#\\\/schema\\\/logo\\\/image\\\/\",\"url\":\"https:\\\/\\\/www.malinashop.lt\\\/wp-content\\\/uploads\\\/2024\\\/08\\\/462559670_3787732518133670_9795632669273463_n-e1731525914575.png\",\"contentUrl\":\"https:\\\/\\\/www.malinashop.lt\\\/wp-content\\\/uploads\\\/2024\\\/08\\\/462559670_3787732518133670_9795632669273463_n-e1731525914575.png\",\"width\":180,\"height\":60,\"caption\":\"COM Group Ecommerce\"},\"image\":{\"@id\":\"https:\\\/\\\/www.malinashop.lt\\\/#\\\/schema\\\/logo\\\/image\\\/\"}}]}<\/script>\n<!-- \/ Yoast SEO plugin. -->","yoast_head_json":{"title":"NEJHA aki\u0173 \u0161e\u0161\u0117liai PARTNER IN EYE (06 Champagne), 2,1 g - MalinaShop.lt J\u016bs\u0173 sveikatai ir gro\u017eiui.","description":"NEJHA PARTNER IN EYE (06 Champagne) \u2013 ilgai i\u0161liekantys, \u0161velnios tekst\u016bros aki\u0173 \u0161e\u0161\u0117liai su ramun\u0117li\u0173 sviestu, migdol\u0173 ir medetk\u0173 aliejais.","robots":{"index":"index","follow":"follow","max-snippet":"max-snippet:-1","max-image-preview":"max-image-preview:large","max-video-preview":"max-video-preview:-1"},"canonical":"https:\/\/www.malinashop.lt\/lt_lt\/shop\/nejha-akiu-seseliai-partner-in-eye-06-champagne-21-g\/","og_locale":"lt_LT","og_type":"article","og_title":"NEJHA aki\u0173 \u0161e\u0161\u0117liai PARTNER IN EYE (06 Champagne), 2,1 g - MalinaShop.lt J\u016bs\u0173 sveikatai ir gro\u017eiui.","og_description":"NEJHA PARTNER IN EYE (06 Champagne) \u2013 ilgai i\u0161liekantys, \u0161velnios tekst\u016bros aki\u0173 \u0161e\u0161\u0117liai su ramun\u0117li\u0173 sviestu, migdol\u0173 ir medetk\u0173 aliejais.","og_url":"https:\/\/www.malinashop.lt\/lt_lt\/shop\/nejha-akiu-seseliai-partner-in-eye-06-champagne-21-g\/","og_site_name":"MalinaShop.lt J\u016bs\u0173 sveikatai ir gro\u017eiui.","article_modified_time":"2026-03-18T09:41:31+00:00","og_image":[{"width":600,"height":600,"url":"https:\/\/www.malinashop.lt\/wp-content\/uploads\/2025\/10\/NEJHA-akiu-seseliai-PARTNER-IN-EYE-06-Champagne-21-g.webp","type":"image\/webp"}],"twitter_card":"summary_large_image","schema":{"@context":"https:\/\/schema.org","@graph":[{"@type":"WebPage","@id":"https:\/\/www.malinashop.lt\/lt_lt\/shop\/nejha-akiu-seseliai-partner-in-eye-06-champagne-21-g\/","url":"https:\/\/www.malinashop.lt\/lt_lt\/shop\/nejha-akiu-seseliai-partner-in-eye-06-champagne-21-g\/","name":"NEJHA aki\u0173 \u0161e\u0161\u0117liai PARTNER IN EYE (06 Champagne), 2,1 g - MalinaShop.lt J\u016bs\u0173 sveikatai ir gro\u017eiui.","isPartOf":{"@id":"https:\/\/www.malinashop.lt\/#website"},"primaryImageOfPage":{"@id":"https:\/\/www.malinashop.lt\/lt_lt\/shop\/nejha-akiu-seseliai-partner-in-eye-06-champagne-21-g\/#primaryimage"},"image":{"@id":"https:\/\/www.malinashop.lt\/lt_lt\/shop\/nejha-akiu-seseliai-partner-in-eye-06-champagne-21-g\/#primaryimage"},"thumbnailUrl":"https:\/\/www.malinashop.lt\/wp-content\/uploads\/2025\/10\/NEJHA-akiu-seseliai-PARTNER-IN-EYE-06-Champagne-21-g.webp","datePublished":"2025-10-26T20:34:53+00:00","dateModified":"2026-03-18T09:41:31+00:00","description":"NEJHA PARTNER IN EYE (06 Champagne) \u2013 ilgai i\u0161liekantys, \u0161velnios tekst\u016bros aki\u0173 \u0161e\u0161\u0117liai su ramun\u0117li\u0173 sviestu, migdol\u0173 ir medetk\u0173 aliejais.","breadcrumb":{"@id":"https:\/\/www.malinashop.lt\/lt_lt\/shop\/nejha-akiu-seseliai-partner-in-eye-06-champagne-21-g\/#breadcrumb"},"inLanguage":"lt-LT","potentialAction":[{"@type":"ReadAction","target":["https:\/\/www.malinashop.lt\/lt_lt\/shop\/nejha-akiu-seseliai-partner-in-eye-06-champagne-21-g\/"]}]},{"@type":"ImageObject","inLanguage":"lt-LT","@id":"https:\/\/www.malinashop.lt\/lt_lt\/shop\/nejha-akiu-seseliai-partner-in-eye-06-champagne-21-g\/#primaryimage","url":"https:\/\/www.malinashop.lt\/wp-content\/uploads\/2025\/10\/NEJHA-akiu-seseliai-PARTNER-IN-EYE-06-Champagne-21-g.webp","contentUrl":"https:\/\/www.malinashop.lt\/wp-content\/uploads\/2025\/10\/NEJHA-akiu-seseliai-PARTNER-IN-EYE-06-Champagne-21-g.webp","width":600,"height":600},{"@type":"BreadcrumbList","@id":"https:\/\/www.malinashop.lt\/lt_lt\/shop\/nejha-akiu-seseliai-partner-in-eye-06-champagne-21-g\/#breadcrumb","itemListElement":[{"@type":"ListItem","position":1,"name":"Pagrindinis","item":"https:\/\/www.malinashop.lt\/"},{"@type":"ListItem","position":2,"name":"Parduotuv\u0117","item":"https:\/\/www.malinashop.lt\/en\/parduotuve\/"},{"@type":"ListItem","position":3,"name":"NEJHA aki\u0173 \u0161e\u0161\u0117liai PARTNER IN EYE (06 Champagne), 2,1 g"}]},{"@type":"WebSite","@id":"https:\/\/www.malinashop.lt\/#website","url":"https:\/\/www.malinashop.lt\/","name":"COM Group Ecommerce","description":"MalinaShop.lt - Gro\u017eio ir sveikatos produktai i\u0161 patikim\u0173 preki\u0173 \u017eenkl\u0173. Atraskite auk\u0161tos kokyb\u0117s kosmetik\u0105 u\u017e puiki\u0105 kain\u0105.","publisher":{"@id":"https:\/\/www.malinashop.lt\/#organization"},"potentialAction":[{"@type":"SearchAction","target":{"@type":"EntryPoint","urlTemplate":"https:\/\/www.malinashop.lt\/?s={search_term_string}"},"query-input":{"@type":"PropertyValueSpecification","valueRequired":true,"valueName":"search_term_string"}}],"inLanguage":"lt-LT"},{"@type":"Organization","@id":"https:\/\/www.malinashop.lt\/#organization","name":"COM Group Ecommerce","url":"https:\/\/www.malinashop.lt\/","logo":{"@type":"ImageObject","inLanguage":"lt-LT","@id":"https:\/\/www.malinashop.lt\/#\/schema\/logo\/image\/","url":"https:\/\/www.malinashop.lt\/wp-content\/uploads\/2024\/08\/462559670_3787732518133670_9795632669273463_n-e1731525914575.png","contentUrl":"https:\/\/www.malinashop.lt\/wp-content\/uploads\/2024\/08\/462559670_3787732518133670_9795632669273463_n-e1731525914575.png","width":180,"height":60,"caption":"COM Group Ecommerce"},"image":{"@id":"https:\/\/www.malinashop.lt\/#\/schema\/logo\/image\/"}}]}},"jetpack_sharing_enabled":true,"_links":{"self":[{"href":"https:\/\/www.malinashop.lt\/lt_lt\/wp-json\/wp\/v2\/product\/59520","targetHints":{"allow":["GET"]}}],"collection":[{"href":"https:\/\/www.malinashop.lt\/lt_lt\/wp-json\/wp\/v2\/product"}],"about":[{"href":"https:\/\/www.malinashop.lt\/lt_lt\/wp-json\/wp\/v2\/types\/product"}],"version-history":[{"count":1,"href":"https:\/\/www.malinashop.lt\/lt_lt\/wp-json\/wp\/v2\/product\/59520\/revisions"}],"predecessor-version":[{"id":59523,"href":"https:\/\/www.malinashop.lt\/lt_lt\/wp-json\/wp\/v2\/product\/59520\/revisions\/59523"}],"wp:featuredmedia":[{"embeddable":true,"href":"https:\/\/www.malinashop.lt\/lt_lt\/wp-json\/wp\/v2\/media\/59522"}],"wp:attachment":[{"href":"https:\/\/www.malinashop.lt\/lt_lt\/wp-json\/wp\/v2\/media?parent=59520"}],"wp:term":[{"taxonomy":"product_brand","embeddable":true,"href":"https:\/\/www.malinashop.lt\/lt_lt\/wp-json\/wp\/v2\/product_brand?post=59520"},{"taxonomy":"product_cat","embeddable":true,"href":"https:\/\/www.malinashop.lt\/lt_lt\/wp-json\/wp\/v2\/product_cat?post=59520"},{"taxonomy":"product_tag","embeddable":true,"href":"https:\/\/www.malinashop.lt\/lt_lt\/wp-json\/wp\/v2\/product_tag?post=59520"}],"curies":[{"name":"wp","href":"https:\/\/api.w.org\/{rel}","templated":true}]}}