{"id":59464,"date":"2025-10-25T00:57:31","date_gmt":"2025-10-24T21:57:31","guid":{"rendered":"https:\/\/malinashop.lt\/?post_type=product&#038;p=59464"},"modified":"2026-03-18T12:41:34","modified_gmt":"2026-03-18T09:41:34","slug":"nejha-antakiu-piestukas-fatal-02-bronde-009-g","status":"publish","type":"product","link":"https:\/\/www.malinashop.lt\/lt_lt\/shop\/nejha-antakiu-piestukas-fatal-02-bronde-009-g\/","title":{"rendered":"NEJHA antaki\u0173 pie\u0161tukas FATAL (02 Bronde), 0,09 g"},"content":{"rendered":"<p data-start=\"291\" data-end=\"552\">Atraskite tobulai suformuot\u0173 antaki\u0173 paslapt\u012f su <strong data-start=\"340\" data-end=\"384\">NEJHA antaki\u0173 pie\u0161tuku FATAL (02 Bronde)<\/strong>. \u0160is <strong data-start=\"390\" data-end=\"430\">itin plonas ir precizi\u0161kas pie\u0161tukas<\/strong> leid\u017eia <strong data-start=\"439\" data-end=\"459\">u\u017epildyti tarpus<\/strong>, <strong data-start=\"461\" data-end=\"481\">pary\u0161kinti form\u0105<\/strong> bei <strong data-start=\"486\" data-end=\"527\">suteikti antakiams tvarking\u0105 i\u0161vaizd\u0105<\/strong>, i\u0161laikant nat\u016bralum\u0105.<\/p>\n<p data-start=\"554\" data-end=\"817\">Unikali formul\u0117 sukurta i\u0161 <strong data-start=\"581\" data-end=\"611\">91 % nat\u016brali\u0173 ingredient\u0173<\/strong>, praturtinta <strong data-start=\"625\" data-end=\"639\">vitaminu C<\/strong> ir <strong data-start=\"643\" data-end=\"657\">vitaminu E<\/strong>, kurie <strong data-start=\"665\" data-end=\"678\">puosel\u0117ja<\/strong>, <strong data-start=\"680\" data-end=\"692\">stiprina<\/strong> ir <strong data-start=\"696\" data-end=\"707\">apsaugo<\/strong> antaki\u0173 plaukelius. Kremin\u0117 tekst\u016bra lengvai slysta, leid\u017eia i\u0161gauti tiek subtil\u0173, tiek ry\u0161kesn\u012f rezultat\u0105.<\/p>\n<p data-start=\"819\" data-end=\"1014\"><strong data-start=\"819\" data-end=\"834\">Naudojimas:<\/strong> br\u0117\u017ekite trumpais br\u016bk\u0161neliais, formuodami antakius iki norimos formos. Pie\u0161tuko galiuku apibr\u0117\u017ekite kont\u016brus ir u\u017epildykite tarpus, kad antakiai atrodyt\u0173 tankesni ir nat\u016bral\u016bs.<\/p>\n","protected":false},"excerpt":{"rendered":"<article class=\"text-token-text-primary w-full focus:outline-none [--shadow-height:45px] has-data-writing-block:pointer-events-none has-data-writing-block:-mt-(--shadow-height) has-data-writing-block:pt-(--shadow-height) [&amp;:has([data-writing-block])&gt;*]:pointer-events-auto scroll-mt-[calc(var(--header-height)+min(200px,max(70px,20svh)))]\" dir=\"auto\" data-turn-id=\"request-68c31e5c-f8ac-832b-9925-96755f033da8-28\" data-testid=\"conversation-turn-402\" data-scroll-anchor=\"true\" data-turn=\"assistant\">\n<div class=\"text-base my-auto mx-auto pb-10 [--thread-content-margin:--spacing(4)] thread-sm:[--thread-content-margin:--spacing(6)] thread-lg:[--thread-content-margin:--spacing(16)] px-(--thread-content-margin)\">\n<div class=\"[--thread-content-max-width:40rem] thread-lg:[--thread-content-max-width:48rem] mx-auto max-w-(--thread-content-max-width) flex-1 group\/turn-messages focus-visible:outline-hidden relative flex w-full min-w-0 flex-col agent-turn\">\n<div class=\"flex max-w-full flex-col grow\">\n<div class=\"min-h-8 text-message relative flex w-full flex-col items-end gap-2 text-start break-words whitespace-normal [.text-message+&amp;]:mt-1\" dir=\"auto\" data-message-author-role=\"assistant\" data-message-id=\"d2dc36c7-a230-474b-b843-83ca5ed702e7\" data-message-model-slug=\"gpt-5\">\n<div class=\"flex w-full flex-col gap-1 empty:hidden first:pt-[1px]\">\n<div class=\"markdown prose dark:prose-invert w-full break-words light markdown-new-styling\">\n<p data-start=\"104\" data-end=\"261\">NEJHA FATAL (02 Bronde) \u2013 itin plonas antaki\u0173 pie\u0161tukas su vitaminu C, E ir 91 % nat\u016brali\u0173 ingredient\u0173, nat\u016braliai pary\u0161kintiems ir tvarkingiems antakiams.<\/p>\n<\/div>\n<\/div>\n<\/div>\n<\/div>\n<\/div>\n<\/div>\n<\/article>\n","protected":false},"featured_media":59466,"template":"","meta":[],"product_brand":[1358],"product_cat":[1297,102],"product_tag":[1573],"class_list":{"0":"post-59464","1":"product","2":"type-product","3":"status-publish","4":"has-post-thumbnail","6":"product_brand-nejha","7":"product_cat-antakiams","8":"product_cat-dekoratyvine-kosmetika","9":"product_tag-nejha","11":"first","12":"instock","13":"sale","14":"taxable","15":"shipping-taxable","16":"purchasable","17":"product-type-simple"},"yoast_head":"<!-- This site is optimized with the Yoast SEO plugin v27.4 - https:\/\/yoast.com\/product\/yoast-seo-wordpress\/ -->\n<title>NEJHA antaki\u0173 pie\u0161tukas FATAL (02 Bronde), 0,09 g - MalinaShop.lt J\u016bs\u0173 sveikatai ir gro\u017eiui.<\/title>\n<meta name=\"description\" content=\"NEJHA FATAL (02 Bronde) \u2013 plonas antaki\u0173 pie\u0161tukas su vitaminu C, E ir 91 % nat\u016brali\u0173 ingredient\u0173, nat\u016braliems, tvarkingiems antakiams.\" \/>\n<meta name=\"robots\" content=\"index, follow, max-snippet:-1, max-image-preview:large, max-video-preview:-1\" \/>\n<link rel=\"canonical\" href=\"https:\/\/www.malinashop.lt\/lt_lt\/shop\/nejha-antakiu-piestukas-fatal-02-bronde-009-g\/\" \/>\n<meta property=\"og:locale\" content=\"lt_LT\" \/>\n<meta property=\"og:type\" content=\"article\" \/>\n<meta property=\"og:title\" content=\"NEJHA antaki\u0173 pie\u0161tukas FATAL (02 Bronde), 0,09 g - MalinaShop.lt J\u016bs\u0173 sveikatai ir gro\u017eiui.\" \/>\n<meta property=\"og:description\" content=\"NEJHA FATAL (02 Bronde) \u2013 plonas antaki\u0173 pie\u0161tukas su vitaminu C, E ir 91 % nat\u016brali\u0173 ingredient\u0173, nat\u016braliems, tvarkingiems antakiams.\" \/>\n<meta property=\"og:url\" content=\"https:\/\/www.malinashop.lt\/lt_lt\/shop\/nejha-antakiu-piestukas-fatal-02-bronde-009-g\/\" \/>\n<meta property=\"og:site_name\" content=\"MalinaShop.lt J\u016bs\u0173 sveikatai ir gro\u017eiui.\" \/>\n<meta property=\"article:modified_time\" content=\"2026-03-18T09:41:34+00:00\" \/>\n<meta property=\"og:image\" content=\"https:\/\/www.malinashop.lt\/wp-content\/uploads\/2025\/10\/NEJHA-antakiu-piestukas-FATAL-02-Bronde-009-g.webp\" \/>\n\t<meta property=\"og:image:width\" content=\"600\" \/>\n\t<meta property=\"og:image:height\" content=\"600\" \/>\n\t<meta property=\"og:image:type\" content=\"image\/webp\" \/>\n<meta name=\"twitter:card\" content=\"summary_large_image\" \/>\n<script type=\"application\/ld+json\" class=\"yoast-schema-graph\">{\"@context\":\"https:\\\/\\\/schema.org\",\"@graph\":[{\"@type\":\"WebPage\",\"@id\":\"https:\\\/\\\/www.malinashop.lt\\\/en\\\/shop\\\/nejha-antakiu-piestukas-fatal-02-bronde-009-g\\\/\",\"url\":\"https:\\\/\\\/www.malinashop.lt\\\/en\\\/shop\\\/nejha-antakiu-piestukas-fatal-02-bronde-009-g\\\/\",\"name\":\"NEJHA antaki\u0173 pie\u0161tukas FATAL (02 Bronde), 0,09 g - MalinaShop.lt J\u016bs\u0173 sveikatai ir gro\u017eiui.\",\"isPartOf\":{\"@id\":\"https:\\\/\\\/www.malinashop.lt\\\/en\\\/#website\"},\"primaryImageOfPage\":{\"@id\":\"https:\\\/\\\/www.malinashop.lt\\\/en\\\/shop\\\/nejha-antakiu-piestukas-fatal-02-bronde-009-g\\\/#primaryimage\"},\"image\":{\"@id\":\"https:\\\/\\\/www.malinashop.lt\\\/en\\\/shop\\\/nejha-antakiu-piestukas-fatal-02-bronde-009-g\\\/#primaryimage\"},\"thumbnailUrl\":\"https:\\\/\\\/www.malinashop.lt\\\/wp-content\\\/uploads\\\/2025\\\/10\\\/NEJHA-antakiu-piestukas-FATAL-02-Bronde-009-g.webp\",\"datePublished\":\"2025-10-24T21:57:31+00:00\",\"dateModified\":\"2026-03-18T09:41:34+00:00\",\"description\":\"NEJHA FATAL (02 Bronde) \u2013 plonas antaki\u0173 pie\u0161tukas su vitaminu C, E ir 91 % nat\u016brali\u0173 ingredient\u0173, nat\u016braliems, tvarkingiems antakiams.\",\"breadcrumb\":{\"@id\":\"https:\\\/\\\/www.malinashop.lt\\\/en\\\/shop\\\/nejha-antakiu-piestukas-fatal-02-bronde-009-g\\\/#breadcrumb\"},\"inLanguage\":\"lt-LT\",\"potentialAction\":[{\"@type\":\"ReadAction\",\"target\":[\"https:\\\/\\\/www.malinashop.lt\\\/en\\\/shop\\\/nejha-antakiu-piestukas-fatal-02-bronde-009-g\\\/\"]}]},{\"@type\":\"ImageObject\",\"inLanguage\":\"lt-LT\",\"@id\":\"https:\\\/\\\/www.malinashop.lt\\\/en\\\/shop\\\/nejha-antakiu-piestukas-fatal-02-bronde-009-g\\\/#primaryimage\",\"url\":\"https:\\\/\\\/www.malinashop.lt\\\/wp-content\\\/uploads\\\/2025\\\/10\\\/NEJHA-antakiu-piestukas-FATAL-02-Bronde-009-g.webp\",\"contentUrl\":\"https:\\\/\\\/www.malinashop.lt\\\/wp-content\\\/uploads\\\/2025\\\/10\\\/NEJHA-antakiu-piestukas-FATAL-02-Bronde-009-g.webp\",\"width\":600,\"height\":600},{\"@type\":\"BreadcrumbList\",\"@id\":\"https:\\\/\\\/www.malinashop.lt\\\/en\\\/shop\\\/nejha-antakiu-piestukas-fatal-02-bronde-009-g\\\/#breadcrumb\",\"itemListElement\":[{\"@type\":\"ListItem\",\"position\":1,\"name\":\"Home\",\"item\":\"https:\\\/\\\/www.malinashop.lt\\\/en\\\/\"},{\"@type\":\"ListItem\",\"position\":2,\"name\":\"Parduotuv\u0117\",\"item\":\"https:\\\/\\\/www.malinashop.lt\\\/en\\\/parduotuve\\\/\"},{\"@type\":\"ListItem\",\"position\":3,\"name\":\"NEJHA antaki\u0173 pie\u0161tukas FATAL (02 Bronde), 0,09 g\"}]},{\"@type\":\"WebSite\",\"@id\":\"https:\\\/\\\/www.malinashop.lt\\\/en\\\/#website\",\"url\":\"https:\\\/\\\/www.malinashop.lt\\\/en\\\/\",\"name\":\"COM Group Ecommerce\",\"description\":\"MalinaShop.lt - Gro\u017eio ir sveikatos produktai i\u0161 patikim\u0173 preki\u0173 \u017eenkl\u0173. Atraskite auk\u0161tos kokyb\u0117s kosmetik\u0105 u\u017e puiki\u0105 kain\u0105.\",\"publisher\":{\"@id\":\"https:\\\/\\\/www.malinashop.lt\\\/en\\\/#organization\"},\"potentialAction\":[{\"@type\":\"SearchAction\",\"target\":{\"@type\":\"EntryPoint\",\"urlTemplate\":\"https:\\\/\\\/www.malinashop.lt\\\/en\\\/?s={search_term_string}\"},\"query-input\":{\"@type\":\"PropertyValueSpecification\",\"valueRequired\":true,\"valueName\":\"search_term_string\"}}],\"inLanguage\":\"lt-LT\"},{\"@type\":\"Organization\",\"@id\":\"https:\\\/\\\/www.malinashop.lt\\\/en\\\/#organization\",\"name\":\"COM Group Ecommerce\",\"url\":\"https:\\\/\\\/www.malinashop.lt\\\/en\\\/\",\"logo\":{\"@type\":\"ImageObject\",\"inLanguage\":\"lt-LT\",\"@id\":\"https:\\\/\\\/www.malinashop.lt\\\/en\\\/#\\\/schema\\\/logo\\\/image\\\/\",\"url\":\"https:\\\/\\\/www.malinashop.lt\\\/wp-content\\\/uploads\\\/2024\\\/08\\\/462559670_3787732518133670_9795632669273463_n-e1731525914575.png\",\"contentUrl\":\"https:\\\/\\\/www.malinashop.lt\\\/wp-content\\\/uploads\\\/2024\\\/08\\\/462559670_3787732518133670_9795632669273463_n-e1731525914575.png\",\"width\":180,\"height\":60,\"caption\":\"COM Group Ecommerce\"},\"image\":{\"@id\":\"https:\\\/\\\/www.malinashop.lt\\\/en\\\/#\\\/schema\\\/logo\\\/image\\\/\"}}]}<\/script>\n<!-- \/ Yoast SEO plugin. -->","yoast_head_json":{"title":"NEJHA antaki\u0173 pie\u0161tukas FATAL (02 Bronde), 0,09 g - MalinaShop.lt J\u016bs\u0173 sveikatai ir gro\u017eiui.","description":"NEJHA FATAL (02 Bronde) \u2013 plonas antaki\u0173 pie\u0161tukas su vitaminu C, E ir 91 % nat\u016brali\u0173 ingredient\u0173, nat\u016braliems, tvarkingiems antakiams.","robots":{"index":"index","follow":"follow","max-snippet":"max-snippet:-1","max-image-preview":"max-image-preview:large","max-video-preview":"max-video-preview:-1"},"canonical":"https:\/\/www.malinashop.lt\/lt_lt\/shop\/nejha-antakiu-piestukas-fatal-02-bronde-009-g\/","og_locale":"lt_LT","og_type":"article","og_title":"NEJHA antaki\u0173 pie\u0161tukas FATAL (02 Bronde), 0,09 g - MalinaShop.lt J\u016bs\u0173 sveikatai ir gro\u017eiui.","og_description":"NEJHA FATAL (02 Bronde) \u2013 plonas antaki\u0173 pie\u0161tukas su vitaminu C, E ir 91 % nat\u016brali\u0173 ingredient\u0173, nat\u016braliems, tvarkingiems antakiams.","og_url":"https:\/\/www.malinashop.lt\/lt_lt\/shop\/nejha-antakiu-piestukas-fatal-02-bronde-009-g\/","og_site_name":"MalinaShop.lt J\u016bs\u0173 sveikatai ir gro\u017eiui.","article_modified_time":"2026-03-18T09:41:34+00:00","og_image":[{"width":600,"height":600,"url":"https:\/\/www.malinashop.lt\/wp-content\/uploads\/2025\/10\/NEJHA-antakiu-piestukas-FATAL-02-Bronde-009-g.webp","type":"image\/webp"}],"twitter_card":"summary_large_image","schema":{"@context":"https:\/\/schema.org","@graph":[{"@type":"WebPage","@id":"https:\/\/www.malinashop.lt\/en\/shop\/nejha-antakiu-piestukas-fatal-02-bronde-009-g\/","url":"https:\/\/www.malinashop.lt\/en\/shop\/nejha-antakiu-piestukas-fatal-02-bronde-009-g\/","name":"NEJHA antaki\u0173 pie\u0161tukas FATAL (02 Bronde), 0,09 g - MalinaShop.lt J\u016bs\u0173 sveikatai ir gro\u017eiui.","isPartOf":{"@id":"https:\/\/www.malinashop.lt\/en\/#website"},"primaryImageOfPage":{"@id":"https:\/\/www.malinashop.lt\/en\/shop\/nejha-antakiu-piestukas-fatal-02-bronde-009-g\/#primaryimage"},"image":{"@id":"https:\/\/www.malinashop.lt\/en\/shop\/nejha-antakiu-piestukas-fatal-02-bronde-009-g\/#primaryimage"},"thumbnailUrl":"https:\/\/www.malinashop.lt\/wp-content\/uploads\/2025\/10\/NEJHA-antakiu-piestukas-FATAL-02-Bronde-009-g.webp","datePublished":"2025-10-24T21:57:31+00:00","dateModified":"2026-03-18T09:41:34+00:00","description":"NEJHA FATAL (02 Bronde) \u2013 plonas antaki\u0173 pie\u0161tukas su vitaminu C, E ir 91 % nat\u016brali\u0173 ingredient\u0173, nat\u016braliems, tvarkingiems antakiams.","breadcrumb":{"@id":"https:\/\/www.malinashop.lt\/en\/shop\/nejha-antakiu-piestukas-fatal-02-bronde-009-g\/#breadcrumb"},"inLanguage":"lt-LT","potentialAction":[{"@type":"ReadAction","target":["https:\/\/www.malinashop.lt\/en\/shop\/nejha-antakiu-piestukas-fatal-02-bronde-009-g\/"]}]},{"@type":"ImageObject","inLanguage":"lt-LT","@id":"https:\/\/www.malinashop.lt\/en\/shop\/nejha-antakiu-piestukas-fatal-02-bronde-009-g\/#primaryimage","url":"https:\/\/www.malinashop.lt\/wp-content\/uploads\/2025\/10\/NEJHA-antakiu-piestukas-FATAL-02-Bronde-009-g.webp","contentUrl":"https:\/\/www.malinashop.lt\/wp-content\/uploads\/2025\/10\/NEJHA-antakiu-piestukas-FATAL-02-Bronde-009-g.webp","width":600,"height":600},{"@type":"BreadcrumbList","@id":"https:\/\/www.malinashop.lt\/en\/shop\/nejha-antakiu-piestukas-fatal-02-bronde-009-g\/#breadcrumb","itemListElement":[{"@type":"ListItem","position":1,"name":"Home","item":"https:\/\/www.malinashop.lt\/en\/"},{"@type":"ListItem","position":2,"name":"Parduotuv\u0117","item":"https:\/\/www.malinashop.lt\/en\/parduotuve\/"},{"@type":"ListItem","position":3,"name":"NEJHA antaki\u0173 pie\u0161tukas FATAL (02 Bronde), 0,09 g"}]},{"@type":"WebSite","@id":"https:\/\/www.malinashop.lt\/en\/#website","url":"https:\/\/www.malinashop.lt\/en\/","name":"COM Group Ecommerce","description":"MalinaShop.lt - Gro\u017eio ir sveikatos produktai i\u0161 patikim\u0173 preki\u0173 \u017eenkl\u0173. Atraskite auk\u0161tos kokyb\u0117s kosmetik\u0105 u\u017e puiki\u0105 kain\u0105.","publisher":{"@id":"https:\/\/www.malinashop.lt\/en\/#organization"},"potentialAction":[{"@type":"SearchAction","target":{"@type":"EntryPoint","urlTemplate":"https:\/\/www.malinashop.lt\/en\/?s={search_term_string}"},"query-input":{"@type":"PropertyValueSpecification","valueRequired":true,"valueName":"search_term_string"}}],"inLanguage":"lt-LT"},{"@type":"Organization","@id":"https:\/\/www.malinashop.lt\/en\/#organization","name":"COM Group Ecommerce","url":"https:\/\/www.malinashop.lt\/en\/","logo":{"@type":"ImageObject","inLanguage":"lt-LT","@id":"https:\/\/www.malinashop.lt\/en\/#\/schema\/logo\/image\/","url":"https:\/\/www.malinashop.lt\/wp-content\/uploads\/2024\/08\/462559670_3787732518133670_9795632669273463_n-e1731525914575.png","contentUrl":"https:\/\/www.malinashop.lt\/wp-content\/uploads\/2024\/08\/462559670_3787732518133670_9795632669273463_n-e1731525914575.png","width":180,"height":60,"caption":"COM Group Ecommerce"},"image":{"@id":"https:\/\/www.malinashop.lt\/en\/#\/schema\/logo\/image\/"}}]}},"jetpack_sharing_enabled":true,"_links":{"self":[{"href":"https:\/\/www.malinashop.lt\/lt_lt\/wp-json\/wp\/v2\/product\/59464","targetHints":{"allow":["GET"]}}],"collection":[{"href":"https:\/\/www.malinashop.lt\/lt_lt\/wp-json\/wp\/v2\/product"}],"about":[{"href":"https:\/\/www.malinashop.lt\/lt_lt\/wp-json\/wp\/v2\/types\/product"}],"version-history":[{"count":2,"href":"https:\/\/www.malinashop.lt\/lt_lt\/wp-json\/wp\/v2\/product\/59464\/revisions"}],"predecessor-version":[{"id":74383,"href":"https:\/\/www.malinashop.lt\/lt_lt\/wp-json\/wp\/v2\/product\/59464\/revisions\/74383"}],"wp:featuredmedia":[{"embeddable":true,"href":"https:\/\/www.malinashop.lt\/lt_lt\/wp-json\/wp\/v2\/media\/59466"}],"wp:attachment":[{"href":"https:\/\/www.malinashop.lt\/lt_lt\/wp-json\/wp\/v2\/media?parent=59464"}],"wp:term":[{"taxonomy":"product_brand","embeddable":true,"href":"https:\/\/www.malinashop.lt\/lt_lt\/wp-json\/wp\/v2\/product_brand?post=59464"},{"taxonomy":"product_cat","embeddable":true,"href":"https:\/\/www.malinashop.lt\/lt_lt\/wp-json\/wp\/v2\/product_cat?post=59464"},{"taxonomy":"product_tag","embeddable":true,"href":"https:\/\/www.malinashop.lt\/lt_lt\/wp-json\/wp\/v2\/product_tag?post=59464"}],"curies":[{"name":"wp","href":"https:\/\/api.w.org\/{rel}","templated":true}]}}