{"id":59448,"date":"2025-10-25T00:43:57","date_gmt":"2025-10-24T21:43:57","guid":{"rendered":"https:\/\/malinashop.lt\/?post_type=product&#038;p=59448"},"modified":"2026-03-18T12:41:35","modified_gmt":"2026-03-18T09:41:35","slug":"nejha-blakstienu-tusas-volume-docet-01-black-115-ml","status":"publish","type":"product","link":"https:\/\/www.malinashop.lt\/lt_lt\/shop\/nejha-blakstienu-tusas-volume-docet-01-black-115-ml\/","title":{"rendered":"NEJHA blakstien\u0173 tu\u0161as VOLUME DOCET (01 Black), 11,5 ml"},"content":{"rendered":"<p data-start=\"275\" data-end=\"510\">Atraskite intensyv\u0173 \u017evilgsn\u012f su <strong data-start=\"307\" data-end=\"356\">NEJHA blakstien\u0173 tu\u0161u VOLUME DOCET (01 Black)<\/strong>. \u0160is <strong data-start=\"362\" data-end=\"409\">vandeniui atsparus, itin pigmentuotas tu\u0161as<\/strong> suteikia <strong data-start=\"419\" data-end=\"463\">maksimali\u0105 apimt\u012f, ilg\u012f ir i\u0161rai\u0161kingum\u0105<\/strong>, i\u0161laikydamas nat\u016bral\u0173 blakstien\u0173 atskyrim\u0105.<\/p>\n<p data-start=\"512\" data-end=\"729\">D\u0117l <strong data-start=\"516\" data-end=\"537\">kremin\u0117s formul\u0117s<\/strong> ir <strong data-start=\"541\" data-end=\"566\">silikoninio \u0161epet\u0117lio<\/strong>, tu\u0161as tolygiai padengia kiekvien\u0105 blakstien\u0105 nuo \u0161akn\u0173 iki galiuk\u0173, <strong data-start=\"636\" data-end=\"673\">neapsunkindamas ir nesulipindamas<\/strong>. Puikiai tinka tiek kasdieniam, tiek vakaro makia\u017eui.<\/p>\n<p data-start=\"731\" data-end=\"812\">Produktas yra <strong data-start=\"745\" data-end=\"776\">oftalmologi\u0161kai patikrintas<\/strong>, tod\u0117l tinka net jautrioms akims.<\/p>\n<p data-start=\"814\" data-end=\"936\"><strong data-start=\"814\" data-end=\"829\">Naudojimas:<\/strong> tepkite tu\u0161\u0105 nuo blakstien\u0173 \u0161akn\u0173 link galiuk\u0173. Nor\u0117dami intensyvesnio efekto, u\u017etepkite antr\u0105 sluoksn\u012f.<\/p>\n","protected":false},"excerpt":{"rendered":"<article class=\"text-token-text-primary w-full focus:outline-none [--shadow-height:45px] has-data-writing-block:pointer-events-none has-data-writing-block:-mt-(--shadow-height) has-data-writing-block:pt-(--shadow-height) [&amp;:has([data-writing-block])&gt;*]:pointer-events-auto scroll-mt-[calc(var(--header-height)+min(200px,max(70px,20svh)))]\" dir=\"auto\" tabindex=\"-1\" data-turn-id=\"request-68c31e5c-f8ac-832b-9925-96755f033da8-28\" data-testid=\"conversation-turn-402\" data-scroll-anchor=\"true\" data-turn=\"assistant\">\n<div class=\"text-base my-auto mx-auto pb-10 [--thread-content-margin:--spacing(4)] thread-sm:[--thread-content-margin:--spacing(6)] thread-lg:[--thread-content-margin:--spacing(16)] px-(--thread-content-margin)\">\n<div class=\"[--thread-content-max-width:40rem] thread-lg:[--thread-content-max-width:48rem] mx-auto max-w-(--thread-content-max-width) flex-1 group\/turn-messages focus-visible:outline-hidden relative flex w-full min-w-0 flex-col agent-turn\" tabindex=\"-1\">\n<div class=\"flex max-w-full flex-col grow\">\n<div class=\"min-h-8 text-message relative flex w-full flex-col items-end gap-2 text-start break-words whitespace-normal [.text-message+&amp;]:mt-1\" dir=\"auto\" data-message-author-role=\"assistant\" data-message-id=\"d2dc36c7-a230-474b-b843-83ca5ed702e7\" data-message-model-slug=\"gpt-5\">\n<div class=\"flex w-full flex-col gap-1 empty:hidden first:pt-[1px]\">\n<div class=\"markdown prose dark:prose-invert w-full break-words light markdown-new-styling\">\n<p data-start=\"135\" data-end=\"302\">NEJHA VOLUME DOCET (01 Black) \u2013 juodas, vandeniui atsparus blakstien\u0173 tu\u0161as, suteikiantis i\u0161rai\u0161kingos apimties ir ilgio be sulipimo.<\/p>\n<\/div>\n<\/div>\n<\/div>\n<\/div>\n<\/div>\n<\/div>\n<\/article>\n","protected":false},"featured_media":59450,"template":"","meta":[],"product_brand":[1358],"product_cat":[521,102,1299],"product_tag":[1573],"class_list":{"0":"post-59448","1":"product","2":"type-product","3":"status-publish","4":"has-post-thumbnail","6":"product_brand-nejha","7":"product_cat-blakstienu-tusai","8":"product_cat-dekoratyvine-kosmetika","9":"product_cat-produktai-su-dovanomis","10":"product_tag-nejha","12":"first","13":"instock","14":"sale","15":"taxable","16":"shipping-taxable","17":"purchasable","18":"product-type-simple"},"yoast_head":"<!-- This site is optimized with the Yoast SEO plugin v27.4 - https:\/\/yoast.com\/product\/yoast-seo-wordpress\/ -->\n<title>NEJHA blakstien\u0173 tu\u0161as VOLUME DOCET (01 Black), 11,5 ml - MalinaShop.lt J\u016bs\u0173 sveikatai ir gro\u017eiui.<\/title>\n<meta name=\"description\" content=\"NEJHA VOLUME DOCET (01 Black) \u2013 juodas, vandeniui atsparus blakstien\u0173 tu\u0161as, suteikiantis ilg\u012f, apimt\u012f ir i\u0161rai\u0161king\u0105 \u017evilgsn\u012f be sulipimo.\" \/>\n<meta name=\"robots\" content=\"index, follow, max-snippet:-1, max-image-preview:large, max-video-preview:-1\" \/>\n<link rel=\"canonical\" href=\"https:\/\/www.malinashop.lt\/lt_lt\/shop\/nejha-blakstienu-tusas-volume-docet-01-black-115-ml\/\" \/>\n<meta property=\"og:locale\" content=\"lt_LT\" \/>\n<meta property=\"og:type\" content=\"article\" \/>\n<meta property=\"og:title\" content=\"NEJHA blakstien\u0173 tu\u0161as VOLUME DOCET (01 Black), 11,5 ml - MalinaShop.lt J\u016bs\u0173 sveikatai ir gro\u017eiui.\" \/>\n<meta property=\"og:description\" content=\"NEJHA VOLUME DOCET (01 Black) \u2013 juodas, vandeniui atsparus blakstien\u0173 tu\u0161as, suteikiantis ilg\u012f, apimt\u012f ir i\u0161rai\u0161king\u0105 \u017evilgsn\u012f be sulipimo.\" \/>\n<meta property=\"og:url\" content=\"https:\/\/www.malinashop.lt\/lt_lt\/shop\/nejha-blakstienu-tusas-volume-docet-01-black-115-ml\/\" \/>\n<meta property=\"og:site_name\" content=\"MalinaShop.lt J\u016bs\u0173 sveikatai ir gro\u017eiui.\" \/>\n<meta property=\"article:modified_time\" content=\"2026-03-18T09:41:35+00:00\" \/>\n<meta property=\"og:image\" content=\"https:\/\/www.malinashop.lt\/wp-content\/uploads\/2025\/10\/NEJHA-blakstienu-tusas-VOLUME-DOCET-01-Black-115-ml.webp\" \/>\n\t<meta property=\"og:image:width\" content=\"600\" \/>\n\t<meta property=\"og:image:height\" content=\"600\" \/>\n\t<meta property=\"og:image:type\" content=\"image\/webp\" \/>\n<meta name=\"twitter:card\" content=\"summary_large_image\" \/>\n<script type=\"application\/ld+json\" class=\"yoast-schema-graph\">{\"@context\":\"https:\\\/\\\/schema.org\",\"@graph\":[{\"@type\":\"WebPage\",\"@id\":\"https:\\\/\\\/www.malinashop.lt\\\/en\\\/shop\\\/nejha-blakstienu-tusas-volume-docet-01-black-115-ml\\\/\",\"url\":\"https:\\\/\\\/www.malinashop.lt\\\/en\\\/shop\\\/nejha-blakstienu-tusas-volume-docet-01-black-115-ml\\\/\",\"name\":\"NEJHA blakstien\u0173 tu\u0161as VOLUME DOCET (01 Black), 11,5 ml - MalinaShop.lt J\u016bs\u0173 sveikatai ir gro\u017eiui.\",\"isPartOf\":{\"@id\":\"https:\\\/\\\/www.malinashop.lt\\\/en\\\/#website\"},\"primaryImageOfPage\":{\"@id\":\"https:\\\/\\\/www.malinashop.lt\\\/en\\\/shop\\\/nejha-blakstienu-tusas-volume-docet-01-black-115-ml\\\/#primaryimage\"},\"image\":{\"@id\":\"https:\\\/\\\/www.malinashop.lt\\\/en\\\/shop\\\/nejha-blakstienu-tusas-volume-docet-01-black-115-ml\\\/#primaryimage\"},\"thumbnailUrl\":\"https:\\\/\\\/www.malinashop.lt\\\/wp-content\\\/uploads\\\/2025\\\/10\\\/NEJHA-blakstienu-tusas-VOLUME-DOCET-01-Black-115-ml.webp\",\"datePublished\":\"2025-10-24T21:43:57+00:00\",\"dateModified\":\"2026-03-18T09:41:35+00:00\",\"description\":\"NEJHA VOLUME DOCET (01 Black) \u2013 juodas, vandeniui atsparus blakstien\u0173 tu\u0161as, suteikiantis ilg\u012f, apimt\u012f ir i\u0161rai\u0161king\u0105 \u017evilgsn\u012f be sulipimo.\",\"breadcrumb\":{\"@id\":\"https:\\\/\\\/www.malinashop.lt\\\/en\\\/shop\\\/nejha-blakstienu-tusas-volume-docet-01-black-115-ml\\\/#breadcrumb\"},\"inLanguage\":\"lt-LT\",\"potentialAction\":[{\"@type\":\"ReadAction\",\"target\":[\"https:\\\/\\\/www.malinashop.lt\\\/en\\\/shop\\\/nejha-blakstienu-tusas-volume-docet-01-black-115-ml\\\/\"]}]},{\"@type\":\"ImageObject\",\"inLanguage\":\"lt-LT\",\"@id\":\"https:\\\/\\\/www.malinashop.lt\\\/en\\\/shop\\\/nejha-blakstienu-tusas-volume-docet-01-black-115-ml\\\/#primaryimage\",\"url\":\"https:\\\/\\\/www.malinashop.lt\\\/wp-content\\\/uploads\\\/2025\\\/10\\\/NEJHA-blakstienu-tusas-VOLUME-DOCET-01-Black-115-ml.webp\",\"contentUrl\":\"https:\\\/\\\/www.malinashop.lt\\\/wp-content\\\/uploads\\\/2025\\\/10\\\/NEJHA-blakstienu-tusas-VOLUME-DOCET-01-Black-115-ml.webp\",\"width\":600,\"height\":600},{\"@type\":\"BreadcrumbList\",\"@id\":\"https:\\\/\\\/www.malinashop.lt\\\/en\\\/shop\\\/nejha-blakstienu-tusas-volume-docet-01-black-115-ml\\\/#breadcrumb\",\"itemListElement\":[{\"@type\":\"ListItem\",\"position\":1,\"name\":\"Home\",\"item\":\"https:\\\/\\\/www.malinashop.lt\\\/en\\\/\"},{\"@type\":\"ListItem\",\"position\":2,\"name\":\"Parduotuv\u0117\",\"item\":\"https:\\\/\\\/www.malinashop.lt\\\/en\\\/parduotuve\\\/\"},{\"@type\":\"ListItem\",\"position\":3,\"name\":\"NEJHA blakstien\u0173 tu\u0161as VOLUME DOCET (01 Black), 11,5 ml\"}]},{\"@type\":\"WebSite\",\"@id\":\"https:\\\/\\\/www.malinashop.lt\\\/en\\\/#website\",\"url\":\"https:\\\/\\\/www.malinashop.lt\\\/en\\\/\",\"name\":\"COM Group Ecommerce\",\"description\":\"MalinaShop.lt - Gro\u017eio ir sveikatos produktai i\u0161 patikim\u0173 preki\u0173 \u017eenkl\u0173. Atraskite auk\u0161tos kokyb\u0117s kosmetik\u0105 u\u017e puiki\u0105 kain\u0105.\",\"publisher\":{\"@id\":\"https:\\\/\\\/www.malinashop.lt\\\/en\\\/#organization\"},\"potentialAction\":[{\"@type\":\"SearchAction\",\"target\":{\"@type\":\"EntryPoint\",\"urlTemplate\":\"https:\\\/\\\/www.malinashop.lt\\\/en\\\/?s={search_term_string}\"},\"query-input\":{\"@type\":\"PropertyValueSpecification\",\"valueRequired\":true,\"valueName\":\"search_term_string\"}}],\"inLanguage\":\"lt-LT\"},{\"@type\":\"Organization\",\"@id\":\"https:\\\/\\\/www.malinashop.lt\\\/en\\\/#organization\",\"name\":\"COM Group Ecommerce\",\"url\":\"https:\\\/\\\/www.malinashop.lt\\\/en\\\/\",\"logo\":{\"@type\":\"ImageObject\",\"inLanguage\":\"lt-LT\",\"@id\":\"https:\\\/\\\/www.malinashop.lt\\\/en\\\/#\\\/schema\\\/logo\\\/image\\\/\",\"url\":\"https:\\\/\\\/www.malinashop.lt\\\/wp-content\\\/uploads\\\/2024\\\/08\\\/462559670_3787732518133670_9795632669273463_n-e1731525914575.png\",\"contentUrl\":\"https:\\\/\\\/www.malinashop.lt\\\/wp-content\\\/uploads\\\/2024\\\/08\\\/462559670_3787732518133670_9795632669273463_n-e1731525914575.png\",\"width\":180,\"height\":60,\"caption\":\"COM Group Ecommerce\"},\"image\":{\"@id\":\"https:\\\/\\\/www.malinashop.lt\\\/en\\\/#\\\/schema\\\/logo\\\/image\\\/\"}}]}<\/script>\n<!-- \/ Yoast SEO plugin. -->","yoast_head_json":{"title":"NEJHA blakstien\u0173 tu\u0161as VOLUME DOCET (01 Black), 11,5 ml - MalinaShop.lt J\u016bs\u0173 sveikatai ir gro\u017eiui.","description":"NEJHA VOLUME DOCET (01 Black) \u2013 juodas, vandeniui atsparus blakstien\u0173 tu\u0161as, suteikiantis ilg\u012f, apimt\u012f ir i\u0161rai\u0161king\u0105 \u017evilgsn\u012f be sulipimo.","robots":{"index":"index","follow":"follow","max-snippet":"max-snippet:-1","max-image-preview":"max-image-preview:large","max-video-preview":"max-video-preview:-1"},"canonical":"https:\/\/www.malinashop.lt\/lt_lt\/shop\/nejha-blakstienu-tusas-volume-docet-01-black-115-ml\/","og_locale":"lt_LT","og_type":"article","og_title":"NEJHA blakstien\u0173 tu\u0161as VOLUME DOCET (01 Black), 11,5 ml - MalinaShop.lt J\u016bs\u0173 sveikatai ir gro\u017eiui.","og_description":"NEJHA VOLUME DOCET (01 Black) \u2013 juodas, vandeniui atsparus blakstien\u0173 tu\u0161as, suteikiantis ilg\u012f, apimt\u012f ir i\u0161rai\u0161king\u0105 \u017evilgsn\u012f be sulipimo.","og_url":"https:\/\/www.malinashop.lt\/lt_lt\/shop\/nejha-blakstienu-tusas-volume-docet-01-black-115-ml\/","og_site_name":"MalinaShop.lt J\u016bs\u0173 sveikatai ir gro\u017eiui.","article_modified_time":"2026-03-18T09:41:35+00:00","og_image":[{"width":600,"height":600,"url":"https:\/\/www.malinashop.lt\/wp-content\/uploads\/2025\/10\/NEJHA-blakstienu-tusas-VOLUME-DOCET-01-Black-115-ml.webp","type":"image\/webp"}],"twitter_card":"summary_large_image","schema":{"@context":"https:\/\/schema.org","@graph":[{"@type":"WebPage","@id":"https:\/\/www.malinashop.lt\/en\/shop\/nejha-blakstienu-tusas-volume-docet-01-black-115-ml\/","url":"https:\/\/www.malinashop.lt\/en\/shop\/nejha-blakstienu-tusas-volume-docet-01-black-115-ml\/","name":"NEJHA blakstien\u0173 tu\u0161as VOLUME DOCET (01 Black), 11,5 ml - MalinaShop.lt J\u016bs\u0173 sveikatai ir gro\u017eiui.","isPartOf":{"@id":"https:\/\/www.malinashop.lt\/en\/#website"},"primaryImageOfPage":{"@id":"https:\/\/www.malinashop.lt\/en\/shop\/nejha-blakstienu-tusas-volume-docet-01-black-115-ml\/#primaryimage"},"image":{"@id":"https:\/\/www.malinashop.lt\/en\/shop\/nejha-blakstienu-tusas-volume-docet-01-black-115-ml\/#primaryimage"},"thumbnailUrl":"https:\/\/www.malinashop.lt\/wp-content\/uploads\/2025\/10\/NEJHA-blakstienu-tusas-VOLUME-DOCET-01-Black-115-ml.webp","datePublished":"2025-10-24T21:43:57+00:00","dateModified":"2026-03-18T09:41:35+00:00","description":"NEJHA VOLUME DOCET (01 Black) \u2013 juodas, vandeniui atsparus blakstien\u0173 tu\u0161as, suteikiantis ilg\u012f, apimt\u012f ir i\u0161rai\u0161king\u0105 \u017evilgsn\u012f be sulipimo.","breadcrumb":{"@id":"https:\/\/www.malinashop.lt\/en\/shop\/nejha-blakstienu-tusas-volume-docet-01-black-115-ml\/#breadcrumb"},"inLanguage":"lt-LT","potentialAction":[{"@type":"ReadAction","target":["https:\/\/www.malinashop.lt\/en\/shop\/nejha-blakstienu-tusas-volume-docet-01-black-115-ml\/"]}]},{"@type":"ImageObject","inLanguage":"lt-LT","@id":"https:\/\/www.malinashop.lt\/en\/shop\/nejha-blakstienu-tusas-volume-docet-01-black-115-ml\/#primaryimage","url":"https:\/\/www.malinashop.lt\/wp-content\/uploads\/2025\/10\/NEJHA-blakstienu-tusas-VOLUME-DOCET-01-Black-115-ml.webp","contentUrl":"https:\/\/www.malinashop.lt\/wp-content\/uploads\/2025\/10\/NEJHA-blakstienu-tusas-VOLUME-DOCET-01-Black-115-ml.webp","width":600,"height":600},{"@type":"BreadcrumbList","@id":"https:\/\/www.malinashop.lt\/en\/shop\/nejha-blakstienu-tusas-volume-docet-01-black-115-ml\/#breadcrumb","itemListElement":[{"@type":"ListItem","position":1,"name":"Home","item":"https:\/\/www.malinashop.lt\/en\/"},{"@type":"ListItem","position":2,"name":"Parduotuv\u0117","item":"https:\/\/www.malinashop.lt\/en\/parduotuve\/"},{"@type":"ListItem","position":3,"name":"NEJHA blakstien\u0173 tu\u0161as VOLUME DOCET (01 Black), 11,5 ml"}]},{"@type":"WebSite","@id":"https:\/\/www.malinashop.lt\/en\/#website","url":"https:\/\/www.malinashop.lt\/en\/","name":"COM Group Ecommerce","description":"MalinaShop.lt - Gro\u017eio ir sveikatos produktai i\u0161 patikim\u0173 preki\u0173 \u017eenkl\u0173. Atraskite auk\u0161tos kokyb\u0117s kosmetik\u0105 u\u017e puiki\u0105 kain\u0105.","publisher":{"@id":"https:\/\/www.malinashop.lt\/en\/#organization"},"potentialAction":[{"@type":"SearchAction","target":{"@type":"EntryPoint","urlTemplate":"https:\/\/www.malinashop.lt\/en\/?s={search_term_string}"},"query-input":{"@type":"PropertyValueSpecification","valueRequired":true,"valueName":"search_term_string"}}],"inLanguage":"lt-LT"},{"@type":"Organization","@id":"https:\/\/www.malinashop.lt\/en\/#organization","name":"COM Group Ecommerce","url":"https:\/\/www.malinashop.lt\/en\/","logo":{"@type":"ImageObject","inLanguage":"lt-LT","@id":"https:\/\/www.malinashop.lt\/en\/#\/schema\/logo\/image\/","url":"https:\/\/www.malinashop.lt\/wp-content\/uploads\/2024\/08\/462559670_3787732518133670_9795632669273463_n-e1731525914575.png","contentUrl":"https:\/\/www.malinashop.lt\/wp-content\/uploads\/2024\/08\/462559670_3787732518133670_9795632669273463_n-e1731525914575.png","width":180,"height":60,"caption":"COM Group Ecommerce"},"image":{"@id":"https:\/\/www.malinashop.lt\/en\/#\/schema\/logo\/image\/"}}]}},"jetpack_sharing_enabled":true,"_links":{"self":[{"href":"https:\/\/www.malinashop.lt\/lt_lt\/wp-json\/wp\/v2\/product\/59448","targetHints":{"allow":["GET"]}}],"collection":[{"href":"https:\/\/www.malinashop.lt\/lt_lt\/wp-json\/wp\/v2\/product"}],"about":[{"href":"https:\/\/www.malinashop.lt\/lt_lt\/wp-json\/wp\/v2\/types\/product"}],"version-history":[{"count":1,"href":"https:\/\/www.malinashop.lt\/lt_lt\/wp-json\/wp\/v2\/product\/59448\/revisions"}],"predecessor-version":[{"id":59451,"href":"https:\/\/www.malinashop.lt\/lt_lt\/wp-json\/wp\/v2\/product\/59448\/revisions\/59451"}],"wp:featuredmedia":[{"embeddable":true,"href":"https:\/\/www.malinashop.lt\/lt_lt\/wp-json\/wp\/v2\/media\/59450"}],"wp:attachment":[{"href":"https:\/\/www.malinashop.lt\/lt_lt\/wp-json\/wp\/v2\/media?parent=59448"}],"wp:term":[{"taxonomy":"product_brand","embeddable":true,"href":"https:\/\/www.malinashop.lt\/lt_lt\/wp-json\/wp\/v2\/product_brand?post=59448"},{"taxonomy":"product_cat","embeddable":true,"href":"https:\/\/www.malinashop.lt\/lt_lt\/wp-json\/wp\/v2\/product_cat?post=59448"},{"taxonomy":"product_tag","embeddable":true,"href":"https:\/\/www.malinashop.lt\/lt_lt\/wp-json\/wp\/v2\/product_tag?post=59448"}],"curies":[{"name":"wp","href":"https:\/\/api.w.org\/{rel}","templated":true}]}}