{"id":59424,"date":"2025-10-25T00:28:13","date_gmt":"2025-10-24T21:28:13","guid":{"rendered":"https:\/\/malinashop.lt\/?post_type=product&#038;p=59424"},"modified":"2026-03-18T12:41:37","modified_gmt":"2026-03-18T09:41:37","slug":"nejha-akiu-piestukas-partner-in-eye-06-champagne-12-g","status":"publish","type":"product","link":"https:\/\/www.malinashop.lt\/lt_lt\/shop\/nejha-akiu-piestukas-partner-in-eye-06-champagne-12-g\/","title":{"rendered":"NEJHA aki\u0173 pie\u0161tukas PARTNER IN EYE (06 Champagne), 1,2 g"},"content":{"rendered":"<p data-start=\"298\" data-end=\"582\">Sukurkite \u0161vytint\u012f ir rafinuot\u0105 \u017evilgsn\u012f su <strong data-start=\"342\" data-end=\"395\">NEJHA aki\u0173 pie\u0161tuku PARTNER IN EYE (06 Champagne)<\/strong>. \u0160is <strong data-start=\"401\" data-end=\"464\">ilgai i\u0161liekantis, kremin\u0117s tekst\u016bros ir vandeniui atsparus<\/strong> pie\u0161tukas suteikia subtil\u0173 <strong data-start=\"492\" data-end=\"521\">\u0161ampaninio aukso atspalv\u012f<\/strong>, kuris puikiai pabr\u0117\u017eia akis ir suteikia makia\u017eui gaivumo.<\/p>\n<p data-start=\"584\" data-end=\"858\">D\u0117l <strong data-start=\"588\" data-end=\"631\">mink\u0161tos, \u0161velniai slystan\u010dios formul\u0117s<\/strong> pie\u0161tukas lengvai dengiasi ir u\u017etikrina tolyg\u0173, intensyv\u0173 spalvos padengim\u0105. Galite sukurti tiek <strong data-start=\"729\" data-end=\"755\">tiksli\u0105 kont\u016bro linij\u0105<\/strong>, tiek <strong data-start=\"762\" data-end=\"787\">\u0161veln\u0173, d\u016bmin\u012f efekt\u0105<\/strong>.<br data-start=\"788\" data-end=\"791\" \/>Atsparus vandeniui \u2013 makia\u017eas i\u0161liks nepriekai\u0161tingas vis\u0105 dien\u0105.<\/p>\n<p data-start=\"860\" data-end=\"985\"><strong data-start=\"860\" data-end=\"875\">Naudojimas:<\/strong> br\u0117\u017ekite linij\u0105 palei blakstien\u0173 augimo linij\u0105. Nor\u0117dami \u0161velnesnio efekto, \u0161iek tiek pasklaidykite spalv\u0105.<\/p>\n","protected":false},"excerpt":{"rendered":"<article class=\"text-token-text-primary w-full focus:outline-none [--shadow-height:45px] has-data-writing-block:pointer-events-none has-data-writing-block:-mt-(--shadow-height) has-data-writing-block:pt-(--shadow-height) [&amp;:has([data-writing-block])&gt;*]:pointer-events-auto scroll-mt-[calc(var(--header-height)+min(200px,max(70px,20svh)))]\" dir=\"auto\" data-turn-id=\"request-68c31e5c-f8ac-832b-9925-96755f033da8-28\" data-testid=\"conversation-turn-402\" data-scroll-anchor=\"true\" data-turn=\"assistant\">\n<div class=\"text-base my-auto mx-auto pb-10 [--thread-content-margin:--spacing(4)] thread-sm:[--thread-content-margin:--spacing(6)] thread-lg:[--thread-content-margin:--spacing(16)] px-(--thread-content-margin)\">\n<div class=\"[--thread-content-max-width:40rem] thread-lg:[--thread-content-max-width:48rem] mx-auto max-w-(--thread-content-max-width) flex-1 group\/turn-messages focus-visible:outline-hidden relative flex w-full min-w-0 flex-col agent-turn\">\n<div class=\"flex max-w-full flex-col grow\">\n<div class=\"min-h-8 text-message relative flex w-full flex-col items-end gap-2 text-start break-words whitespace-normal [.text-message+&amp;]:mt-1\" dir=\"auto\" data-message-author-role=\"assistant\" data-message-id=\"d2dc36c7-a230-474b-b843-83ca5ed702e7\" data-message-model-slug=\"gpt-5\">\n<div class=\"flex w-full flex-col gap-1 empty:hidden first:pt-[1px]\">\n<div class=\"markdown prose dark:prose-invert w-full break-words light markdown-new-styling\">\n<p data-start=\"135\" data-end=\"302\">NEJHA PARTNER IN EYE (06 Champagne) \u2013 \u0161ampaninio atspalvio, ilgai i\u0161liekantis ir vandeniui atsparus aki\u0173 pie\u0161tukas su \u0161velnia, kremin\u0117s tekst\u016bros formule.<\/p>\n<\/div>\n<\/div>\n<\/div>\n<\/div>\n<\/div>\n<\/div>\n<\/article>\n","protected":false},"featured_media":59426,"template":"","meta":[],"product_brand":[1358],"product_cat":[803,102],"product_tag":[1573],"class_list":{"0":"post-59424","1":"product","2":"type-product","3":"status-publish","4":"has-post-thumbnail","6":"product_brand-nejha","7":"product_cat-akiu-konturo-priemones","8":"product_cat-dekoratyvine-kosmetika","9":"product_tag-nejha","11":"first","12":"instock","13":"sale","14":"taxable","15":"shipping-taxable","16":"purchasable","17":"product-type-simple"},"yoast_head":"<!-- This site is optimized with the Yoast SEO plugin v27.4 - https:\/\/yoast.com\/product\/yoast-seo-wordpress\/ -->\n<title>NEJHA aki\u0173 pie\u0161tukas PARTNER IN EYE (06 Champagne), 1,2 g - MalinaShop.lt J\u016bs\u0173 sveikatai ir gro\u017eiui.<\/title>\n<meta name=\"description\" content=\"NEJHA PARTNER IN EYE (06 Champagne) \u2013 \u0161ampaninio atspalvio, ilgai i\u0161liekantis ir vandeniui atsparus aki\u0173 pie\u0161tukas su kremin\u0117s tekst\u016bros formule.\" \/>\n<meta name=\"robots\" content=\"index, follow, max-snippet:-1, max-image-preview:large, max-video-preview:-1\" \/>\n<link rel=\"canonical\" href=\"https:\/\/www.malinashop.lt\/lt_lt\/shop\/nejha-akiu-piestukas-partner-in-eye-06-champagne-12-g\/\" \/>\n<meta property=\"og:locale\" content=\"lt_LT\" \/>\n<meta property=\"og:type\" content=\"article\" \/>\n<meta property=\"og:title\" content=\"NEJHA aki\u0173 pie\u0161tukas PARTNER IN EYE (06 Champagne), 1,2 g - MalinaShop.lt J\u016bs\u0173 sveikatai ir gro\u017eiui.\" \/>\n<meta property=\"og:description\" content=\"NEJHA PARTNER IN EYE (06 Champagne) \u2013 \u0161ampaninio atspalvio, ilgai i\u0161liekantis ir vandeniui atsparus aki\u0173 pie\u0161tukas su kremin\u0117s tekst\u016bros formule.\" \/>\n<meta property=\"og:url\" content=\"https:\/\/www.malinashop.lt\/lt_lt\/shop\/nejha-akiu-piestukas-partner-in-eye-06-champagne-12-g\/\" \/>\n<meta property=\"og:site_name\" content=\"MalinaShop.lt J\u016bs\u0173 sveikatai ir gro\u017eiui.\" \/>\n<meta property=\"article:modified_time\" content=\"2026-03-18T09:41:37+00:00\" \/>\n<meta property=\"og:image\" content=\"https:\/\/www.malinashop.lt\/wp-content\/uploads\/2025\/10\/NEJHA-akiu-piestukas-PARTNER-IN-EYE-06-Champagne-12-g.webp\" \/>\n\t<meta property=\"og:image:width\" content=\"600\" \/>\n\t<meta property=\"og:image:height\" content=\"600\" \/>\n\t<meta property=\"og:image:type\" content=\"image\/webp\" \/>\n<meta name=\"twitter:card\" content=\"summary_large_image\" \/>\n<script type=\"application\/ld+json\" class=\"yoast-schema-graph\">{\"@context\":\"https:\\\/\\\/schema.org\",\"@graph\":[{\"@type\":\"WebPage\",\"@id\":\"https:\\\/\\\/www.malinashop.lt\\\/lt_lt\\\/shop\\\/nejha-akiu-piestukas-partner-in-eye-06-champagne-12-g\\\/\",\"url\":\"https:\\\/\\\/www.malinashop.lt\\\/lt_lt\\\/shop\\\/nejha-akiu-piestukas-partner-in-eye-06-champagne-12-g\\\/\",\"name\":\"NEJHA aki\u0173 pie\u0161tukas PARTNER IN EYE (06 Champagne), 1,2 g - MalinaShop.lt J\u016bs\u0173 sveikatai ir gro\u017eiui.\",\"isPartOf\":{\"@id\":\"https:\\\/\\\/www.malinashop.lt\\\/#website\"},\"primaryImageOfPage\":{\"@id\":\"https:\\\/\\\/www.malinashop.lt\\\/lt_lt\\\/shop\\\/nejha-akiu-piestukas-partner-in-eye-06-champagne-12-g\\\/#primaryimage\"},\"image\":{\"@id\":\"https:\\\/\\\/www.malinashop.lt\\\/lt_lt\\\/shop\\\/nejha-akiu-piestukas-partner-in-eye-06-champagne-12-g\\\/#primaryimage\"},\"thumbnailUrl\":\"https:\\\/\\\/www.malinashop.lt\\\/wp-content\\\/uploads\\\/2025\\\/10\\\/NEJHA-akiu-piestukas-PARTNER-IN-EYE-06-Champagne-12-g.webp\",\"datePublished\":\"2025-10-24T21:28:13+00:00\",\"dateModified\":\"2026-03-18T09:41:37+00:00\",\"description\":\"NEJHA PARTNER IN EYE (06 Champagne) \u2013 \u0161ampaninio atspalvio, ilgai i\u0161liekantis ir vandeniui atsparus aki\u0173 pie\u0161tukas su kremin\u0117s tekst\u016bros formule.\",\"breadcrumb\":{\"@id\":\"https:\\\/\\\/www.malinashop.lt\\\/lt_lt\\\/shop\\\/nejha-akiu-piestukas-partner-in-eye-06-champagne-12-g\\\/#breadcrumb\"},\"inLanguage\":\"lt-LT\",\"potentialAction\":[{\"@type\":\"ReadAction\",\"target\":[\"https:\\\/\\\/www.malinashop.lt\\\/lt_lt\\\/shop\\\/nejha-akiu-piestukas-partner-in-eye-06-champagne-12-g\\\/\"]}]},{\"@type\":\"ImageObject\",\"inLanguage\":\"lt-LT\",\"@id\":\"https:\\\/\\\/www.malinashop.lt\\\/lt_lt\\\/shop\\\/nejha-akiu-piestukas-partner-in-eye-06-champagne-12-g\\\/#primaryimage\",\"url\":\"https:\\\/\\\/www.malinashop.lt\\\/wp-content\\\/uploads\\\/2025\\\/10\\\/NEJHA-akiu-piestukas-PARTNER-IN-EYE-06-Champagne-12-g.webp\",\"contentUrl\":\"https:\\\/\\\/www.malinashop.lt\\\/wp-content\\\/uploads\\\/2025\\\/10\\\/NEJHA-akiu-piestukas-PARTNER-IN-EYE-06-Champagne-12-g.webp\",\"width\":600,\"height\":600},{\"@type\":\"BreadcrumbList\",\"@id\":\"https:\\\/\\\/www.malinashop.lt\\\/lt_lt\\\/shop\\\/nejha-akiu-piestukas-partner-in-eye-06-champagne-12-g\\\/#breadcrumb\",\"itemListElement\":[{\"@type\":\"ListItem\",\"position\":1,\"name\":\"Pagrindinis\",\"item\":\"https:\\\/\\\/www.malinashop.lt\\\/\"},{\"@type\":\"ListItem\",\"position\":2,\"name\":\"Parduotuv\u0117\",\"item\":\"https:\\\/\\\/www.malinashop.lt\\\/en\\\/parduotuve\\\/\"},{\"@type\":\"ListItem\",\"position\":3,\"name\":\"NEJHA aki\u0173 pie\u0161tukas PARTNER IN EYE (06 Champagne), 1,2 g\"}]},{\"@type\":\"WebSite\",\"@id\":\"https:\\\/\\\/www.malinashop.lt\\\/#website\",\"url\":\"https:\\\/\\\/www.malinashop.lt\\\/\",\"name\":\"COM Group Ecommerce\",\"description\":\"MalinaShop.lt - Gro\u017eio ir sveikatos produktai i\u0161 patikim\u0173 preki\u0173 \u017eenkl\u0173. Atraskite auk\u0161tos kokyb\u0117s kosmetik\u0105 u\u017e puiki\u0105 kain\u0105.\",\"publisher\":{\"@id\":\"https:\\\/\\\/www.malinashop.lt\\\/#organization\"},\"potentialAction\":[{\"@type\":\"SearchAction\",\"target\":{\"@type\":\"EntryPoint\",\"urlTemplate\":\"https:\\\/\\\/www.malinashop.lt\\\/?s={search_term_string}\"},\"query-input\":{\"@type\":\"PropertyValueSpecification\",\"valueRequired\":true,\"valueName\":\"search_term_string\"}}],\"inLanguage\":\"lt-LT\"},{\"@type\":\"Organization\",\"@id\":\"https:\\\/\\\/www.malinashop.lt\\\/#organization\",\"name\":\"COM Group Ecommerce\",\"url\":\"https:\\\/\\\/www.malinashop.lt\\\/\",\"logo\":{\"@type\":\"ImageObject\",\"inLanguage\":\"lt-LT\",\"@id\":\"https:\\\/\\\/www.malinashop.lt\\\/#\\\/schema\\\/logo\\\/image\\\/\",\"url\":\"https:\\\/\\\/www.malinashop.lt\\\/wp-content\\\/uploads\\\/2024\\\/08\\\/462559670_3787732518133670_9795632669273463_n-e1731525914575.png\",\"contentUrl\":\"https:\\\/\\\/www.malinashop.lt\\\/wp-content\\\/uploads\\\/2024\\\/08\\\/462559670_3787732518133670_9795632669273463_n-e1731525914575.png\",\"width\":180,\"height\":60,\"caption\":\"COM Group Ecommerce\"},\"image\":{\"@id\":\"https:\\\/\\\/www.malinashop.lt\\\/#\\\/schema\\\/logo\\\/image\\\/\"}}]}<\/script>\n<!-- \/ Yoast SEO plugin. -->","yoast_head_json":{"title":"NEJHA aki\u0173 pie\u0161tukas PARTNER IN EYE (06 Champagne), 1,2 g - MalinaShop.lt J\u016bs\u0173 sveikatai ir gro\u017eiui.","description":"NEJHA PARTNER IN EYE (06 Champagne) \u2013 \u0161ampaninio atspalvio, ilgai i\u0161liekantis ir vandeniui atsparus aki\u0173 pie\u0161tukas su kremin\u0117s tekst\u016bros formule.","robots":{"index":"index","follow":"follow","max-snippet":"max-snippet:-1","max-image-preview":"max-image-preview:large","max-video-preview":"max-video-preview:-1"},"canonical":"https:\/\/www.malinashop.lt\/lt_lt\/shop\/nejha-akiu-piestukas-partner-in-eye-06-champagne-12-g\/","og_locale":"lt_LT","og_type":"article","og_title":"NEJHA aki\u0173 pie\u0161tukas PARTNER IN EYE (06 Champagne), 1,2 g - MalinaShop.lt J\u016bs\u0173 sveikatai ir gro\u017eiui.","og_description":"NEJHA PARTNER IN EYE (06 Champagne) \u2013 \u0161ampaninio atspalvio, ilgai i\u0161liekantis ir vandeniui atsparus aki\u0173 pie\u0161tukas su kremin\u0117s tekst\u016bros formule.","og_url":"https:\/\/www.malinashop.lt\/lt_lt\/shop\/nejha-akiu-piestukas-partner-in-eye-06-champagne-12-g\/","og_site_name":"MalinaShop.lt J\u016bs\u0173 sveikatai ir gro\u017eiui.","article_modified_time":"2026-03-18T09:41:37+00:00","og_image":[{"width":600,"height":600,"url":"https:\/\/www.malinashop.lt\/wp-content\/uploads\/2025\/10\/NEJHA-akiu-piestukas-PARTNER-IN-EYE-06-Champagne-12-g.webp","type":"image\/webp"}],"twitter_card":"summary_large_image","schema":{"@context":"https:\/\/schema.org","@graph":[{"@type":"WebPage","@id":"https:\/\/www.malinashop.lt\/lt_lt\/shop\/nejha-akiu-piestukas-partner-in-eye-06-champagne-12-g\/","url":"https:\/\/www.malinashop.lt\/lt_lt\/shop\/nejha-akiu-piestukas-partner-in-eye-06-champagne-12-g\/","name":"NEJHA aki\u0173 pie\u0161tukas PARTNER IN EYE (06 Champagne), 1,2 g - MalinaShop.lt J\u016bs\u0173 sveikatai ir gro\u017eiui.","isPartOf":{"@id":"https:\/\/www.malinashop.lt\/#website"},"primaryImageOfPage":{"@id":"https:\/\/www.malinashop.lt\/lt_lt\/shop\/nejha-akiu-piestukas-partner-in-eye-06-champagne-12-g\/#primaryimage"},"image":{"@id":"https:\/\/www.malinashop.lt\/lt_lt\/shop\/nejha-akiu-piestukas-partner-in-eye-06-champagne-12-g\/#primaryimage"},"thumbnailUrl":"https:\/\/www.malinashop.lt\/wp-content\/uploads\/2025\/10\/NEJHA-akiu-piestukas-PARTNER-IN-EYE-06-Champagne-12-g.webp","datePublished":"2025-10-24T21:28:13+00:00","dateModified":"2026-03-18T09:41:37+00:00","description":"NEJHA PARTNER IN EYE (06 Champagne) \u2013 \u0161ampaninio atspalvio, ilgai i\u0161liekantis ir vandeniui atsparus aki\u0173 pie\u0161tukas su kremin\u0117s tekst\u016bros formule.","breadcrumb":{"@id":"https:\/\/www.malinashop.lt\/lt_lt\/shop\/nejha-akiu-piestukas-partner-in-eye-06-champagne-12-g\/#breadcrumb"},"inLanguage":"lt-LT","potentialAction":[{"@type":"ReadAction","target":["https:\/\/www.malinashop.lt\/lt_lt\/shop\/nejha-akiu-piestukas-partner-in-eye-06-champagne-12-g\/"]}]},{"@type":"ImageObject","inLanguage":"lt-LT","@id":"https:\/\/www.malinashop.lt\/lt_lt\/shop\/nejha-akiu-piestukas-partner-in-eye-06-champagne-12-g\/#primaryimage","url":"https:\/\/www.malinashop.lt\/wp-content\/uploads\/2025\/10\/NEJHA-akiu-piestukas-PARTNER-IN-EYE-06-Champagne-12-g.webp","contentUrl":"https:\/\/www.malinashop.lt\/wp-content\/uploads\/2025\/10\/NEJHA-akiu-piestukas-PARTNER-IN-EYE-06-Champagne-12-g.webp","width":600,"height":600},{"@type":"BreadcrumbList","@id":"https:\/\/www.malinashop.lt\/lt_lt\/shop\/nejha-akiu-piestukas-partner-in-eye-06-champagne-12-g\/#breadcrumb","itemListElement":[{"@type":"ListItem","position":1,"name":"Pagrindinis","item":"https:\/\/www.malinashop.lt\/"},{"@type":"ListItem","position":2,"name":"Parduotuv\u0117","item":"https:\/\/www.malinashop.lt\/en\/parduotuve\/"},{"@type":"ListItem","position":3,"name":"NEJHA aki\u0173 pie\u0161tukas PARTNER IN EYE (06 Champagne), 1,2 g"}]},{"@type":"WebSite","@id":"https:\/\/www.malinashop.lt\/#website","url":"https:\/\/www.malinashop.lt\/","name":"COM Group Ecommerce","description":"MalinaShop.lt - Gro\u017eio ir sveikatos produktai i\u0161 patikim\u0173 preki\u0173 \u017eenkl\u0173. Atraskite auk\u0161tos kokyb\u0117s kosmetik\u0105 u\u017e puiki\u0105 kain\u0105.","publisher":{"@id":"https:\/\/www.malinashop.lt\/#organization"},"potentialAction":[{"@type":"SearchAction","target":{"@type":"EntryPoint","urlTemplate":"https:\/\/www.malinashop.lt\/?s={search_term_string}"},"query-input":{"@type":"PropertyValueSpecification","valueRequired":true,"valueName":"search_term_string"}}],"inLanguage":"lt-LT"},{"@type":"Organization","@id":"https:\/\/www.malinashop.lt\/#organization","name":"COM Group Ecommerce","url":"https:\/\/www.malinashop.lt\/","logo":{"@type":"ImageObject","inLanguage":"lt-LT","@id":"https:\/\/www.malinashop.lt\/#\/schema\/logo\/image\/","url":"https:\/\/www.malinashop.lt\/wp-content\/uploads\/2024\/08\/462559670_3787732518133670_9795632669273463_n-e1731525914575.png","contentUrl":"https:\/\/www.malinashop.lt\/wp-content\/uploads\/2024\/08\/462559670_3787732518133670_9795632669273463_n-e1731525914575.png","width":180,"height":60,"caption":"COM Group Ecommerce"},"image":{"@id":"https:\/\/www.malinashop.lt\/#\/schema\/logo\/image\/"}}]}},"jetpack_sharing_enabled":true,"_links":{"self":[{"href":"https:\/\/www.malinashop.lt\/lt_lt\/wp-json\/wp\/v2\/product\/59424","targetHints":{"allow":["GET"]}}],"collection":[{"href":"https:\/\/www.malinashop.lt\/lt_lt\/wp-json\/wp\/v2\/product"}],"about":[{"href":"https:\/\/www.malinashop.lt\/lt_lt\/wp-json\/wp\/v2\/types\/product"}],"version-history":[{"count":2,"href":"https:\/\/www.malinashop.lt\/lt_lt\/wp-json\/wp\/v2\/product\/59424\/revisions"}],"predecessor-version":[{"id":74378,"href":"https:\/\/www.malinashop.lt\/lt_lt\/wp-json\/wp\/v2\/product\/59424\/revisions\/74378"}],"wp:featuredmedia":[{"embeddable":true,"href":"https:\/\/www.malinashop.lt\/lt_lt\/wp-json\/wp\/v2\/media\/59426"}],"wp:attachment":[{"href":"https:\/\/www.malinashop.lt\/lt_lt\/wp-json\/wp\/v2\/media?parent=59424"}],"wp:term":[{"taxonomy":"product_brand","embeddable":true,"href":"https:\/\/www.malinashop.lt\/lt_lt\/wp-json\/wp\/v2\/product_brand?post=59424"},{"taxonomy":"product_cat","embeddable":true,"href":"https:\/\/www.malinashop.lt\/lt_lt\/wp-json\/wp\/v2\/product_cat?post=59424"},{"taxonomy":"product_tag","embeddable":true,"href":"https:\/\/www.malinashop.lt\/lt_lt\/wp-json\/wp\/v2\/product_tag?post=59424"}],"curies":[{"name":"wp","href":"https:\/\/api.w.org\/{rel}","templated":true}]}}