{"id":59391,"date":"2025-10-25T00:06:42","date_gmt":"2025-10-24T21:06:42","guid":{"rendered":"https:\/\/malinashop.lt\/?post_type=product&#038;p=59391"},"modified":"2026-03-18T12:41:39","modified_gmt":"2026-03-18T09:41:39","slug":"nejha-ilgalaikis-ir-vandeniui-atsparus-lupu-piestukas-ossession-04-nude-12-g","status":"publish","type":"product","link":"https:\/\/www.malinashop.lt\/lt_lt\/shop\/nejha-ilgalaikis-ir-vandeniui-atsparus-lupu-piestukas-ossession-04-nude-12-g\/","title":{"rendered":"NEJHA ilgalaikis ir vandeniui atsparus l\u016bp\u0173 pie\u0161tukas OSSESSION (04 Nude), 1,2 g"},"content":{"rendered":"<p data-start=\"332\" data-end=\"588\">Atraskite nepriekai\u0161ting\u0105 l\u016bp\u0173 kont\u016br\u0105 su <strong data-start=\"374\" data-end=\"450\">NEJHA ilgalaikiu ir vandeniui atspariu l\u016bp\u0173 pie\u0161tuku OSSESSION (04 Nude)<\/strong>. \u0160is <strong data-start=\"456\" data-end=\"487\">itin pigmentuotas pie\u0161tukas<\/strong> suteikia nat\u016bral\u0173 nude atspalv\u012f, kuris pabr\u0117\u017eia l\u016bp\u0173 form\u0105 ir i\u0161lieka nepriekai\u0161tingas vis\u0105 dien\u0105.<\/p>\n<p data-start=\"590\" data-end=\"811\">D\u0117l <strong data-start=\"594\" data-end=\"622\">auk\u0161tos kokyb\u0117s formul\u0117s<\/strong> pie\u0161tukas lengvai slysta per l\u016bpas, palikdamas <strong data-start=\"670\" data-end=\"705\">tiksli\u0105, nei\u0161siliejan\u010di\u0105 linij\u0105<\/strong>. Jo <strong data-start=\"710\" data-end=\"740\">vandeniui atspari tekst\u016bra<\/strong> u\u017etikrina ilgalaik\u012f efekt\u0105 ir i\u0161silaiko net intensyvios dienos metu.<\/p>\n<p data-start=\"813\" data-end=\"1051\">Sud\u0117tyje esantis <strong data-start=\"830\" data-end=\"849\">jojobos aliejus<\/strong> maitina, \u0161velnina ir apsaugo l\u016bpas nuo i\u0161saus\u0117jimo, o <strong data-start=\"904\" data-end=\"932\">kremin\u0117, \u0161velni tekst\u016bra<\/strong> leid\u017eia tolygiai padengti l\u016bpas sodria spalva. Puikiai tinka tiek <strong data-start=\"999\" data-end=\"1015\">kont\u016bravimui<\/strong>, tiek <strong data-start=\"1022\" data-end=\"1048\">pilnam l\u016bp\u0173 padengimui<\/strong>.<\/p>\n<p data-start=\"1053\" data-end=\"1189\"><strong data-start=\"1053\" data-end=\"1068\">Naudojimas:<\/strong> naudokite l\u016bp\u0173 kont\u016brui arba u\u017epildykite visas l\u016bpas, kad i\u0161gautum\u0117te ilgai i\u0161liekant\u012f ir nat\u016braliai atrodant\u012f efekt\u0105.<\/p>\n","protected":false},"excerpt":{"rendered":"<article class=\"text-token-text-primary w-full focus:outline-none [--shadow-height:45px] has-data-writing-block:pointer-events-none has-data-writing-block:-mt-(--shadow-height) has-data-writing-block:pt-(--shadow-height) [&amp;:has([data-writing-block])&gt;*]:pointer-events-auto scroll-mt-[calc(var(--header-height)+min(200px,max(70px,20svh)))]\" dir=\"auto\" tabindex=\"-1\" data-turn-id=\"request-68c31e5c-f8ac-832b-9925-96755f033da8-28\" data-testid=\"conversation-turn-402\" data-scroll-anchor=\"true\" data-turn=\"assistant\">\n<div class=\"text-base my-auto mx-auto pb-10 [--thread-content-margin:--spacing(4)] thread-sm:[--thread-content-margin:--spacing(6)] thread-lg:[--thread-content-margin:--spacing(16)] px-(--thread-content-margin)\">\n<div class=\"[--thread-content-max-width:40rem] thread-lg:[--thread-content-max-width:48rem] mx-auto max-w-(--thread-content-max-width) flex-1 group\/turn-messages focus-visible:outline-hidden relative flex w-full min-w-0 flex-col agent-turn\" tabindex=\"-1\">\n<div class=\"flex max-w-full flex-col grow\">\n<div class=\"min-h-8 text-message relative flex w-full flex-col items-end gap-2 text-start break-words whitespace-normal [.text-message+&amp;]:mt-1\" dir=\"auto\" data-message-author-role=\"assistant\" data-message-id=\"d2dc36c7-a230-474b-b843-83ca5ed702e7\" data-message-model-slug=\"gpt-5\">\n<div class=\"flex w-full flex-col gap-1 empty:hidden first:pt-[1px]\">\n<div class=\"markdown prose dark:prose-invert w-full break-words light markdown-new-styling\">\n<p data-start=\"135\" data-end=\"302\">NEJHA OSSESSION (04 Nude) \u2013 ilgalaikis, vandeniui atsparus l\u016bp\u0173 pie\u0161tukas su jojobos aliejumi. Suteikia nat\u016bral\u0173 nude atspalv\u012f, tiksl\u0173 kont\u016br\u0105 ir i\u0161lieka vis\u0105 dien\u0105.<\/p>\n<\/div>\n<\/div>\n<\/div>\n<\/div>\n<\/div>\n<\/div>\n<\/article>\n","protected":false},"featured_media":59393,"template":"","meta":[],"product_brand":[1358],"product_cat":[102,708,529,1299],"product_tag":[1573],"class_list":{"0":"post-59391","1":"product","2":"type-product","3":"status-publish","4":"has-post-thumbnail","6":"product_brand-nejha","7":"product_cat-dekoratyvine-kosmetika","8":"product_cat-lupoms","9":"product_cat-lupu-piestukai","10":"product_cat-produktai-su-dovanomis","11":"product_tag-nejha","13":"first","14":"instock","15":"sale","16":"taxable","17":"shipping-taxable","18":"purchasable","19":"product-type-simple"},"yoast_head":"<!-- This site is optimized with the Yoast SEO plugin v27.4 - https:\/\/yoast.com\/product\/yoast-seo-wordpress\/ -->\n<title>NEJHA ilgalaikis ir vandeniui atsparus l\u016bp\u0173 pie\u0161tukas OSSESSION (04 Nude), 1,2 g - MalinaShop.lt J\u016bs\u0173 sveikatai ir gro\u017eiui.<\/title>\n<meta name=\"description\" content=\"NEJHA OSSESSION (04 Nude) \u2013 vandeniui atsparus l\u016bp\u0173 pie\u0161tukas su jojobos aliejumi. Suteikia tiksl\u0173 kont\u016br\u0105, maitina ir i\u0161lieka vis\u0105 dien\u0105.\" \/>\n<meta name=\"robots\" content=\"index, follow, max-snippet:-1, max-image-preview:large, max-video-preview:-1\" \/>\n<link rel=\"canonical\" href=\"https:\/\/www.malinashop.lt\/lt_lt\/shop\/nejha-ilgalaikis-ir-vandeniui-atsparus-lupu-piestukas-ossession-04-nude-12-g\/\" \/>\n<meta property=\"og:locale\" content=\"lt_LT\" \/>\n<meta property=\"og:type\" content=\"article\" \/>\n<meta property=\"og:title\" content=\"NEJHA ilgalaikis ir vandeniui atsparus l\u016bp\u0173 pie\u0161tukas OSSESSION (04 Nude), 1,2 g - MalinaShop.lt J\u016bs\u0173 sveikatai ir gro\u017eiui.\" \/>\n<meta property=\"og:description\" content=\"NEJHA OSSESSION (04 Nude) \u2013 vandeniui atsparus l\u016bp\u0173 pie\u0161tukas su jojobos aliejumi. Suteikia tiksl\u0173 kont\u016br\u0105, maitina ir i\u0161lieka vis\u0105 dien\u0105.\" \/>\n<meta property=\"og:url\" content=\"https:\/\/www.malinashop.lt\/lt_lt\/shop\/nejha-ilgalaikis-ir-vandeniui-atsparus-lupu-piestukas-ossession-04-nude-12-g\/\" \/>\n<meta property=\"og:site_name\" content=\"MalinaShop.lt J\u016bs\u0173 sveikatai ir gro\u017eiui.\" \/>\n<meta property=\"article:modified_time\" content=\"2026-03-18T09:41:39+00:00\" \/>\n<meta property=\"og:image\" content=\"https:\/\/www.malinashop.lt\/wp-content\/uploads\/2025\/10\/NEJHA-ilgalaikis-ir-vandeniui-atsparus-lupu-piestukas-OSSESSION-04-Nude-12-g.webp\" \/>\n\t<meta property=\"og:image:width\" content=\"600\" \/>\n\t<meta property=\"og:image:height\" content=\"600\" \/>\n\t<meta property=\"og:image:type\" content=\"image\/webp\" \/>\n<meta name=\"twitter:card\" content=\"summary_large_image\" \/>\n<script type=\"application\/ld+json\" class=\"yoast-schema-graph\">{\"@context\":\"https:\\\/\\\/schema.org\",\"@graph\":[{\"@type\":\"WebPage\",\"@id\":\"https:\\\/\\\/www.malinashop.lt\\\/en\\\/shop\\\/nejha-ilgalaikis-ir-vandeniui-atsparus-lupu-piestukas-ossession-04-nude-12-g\\\/\",\"url\":\"https:\\\/\\\/www.malinashop.lt\\\/en\\\/shop\\\/nejha-ilgalaikis-ir-vandeniui-atsparus-lupu-piestukas-ossession-04-nude-12-g\\\/\",\"name\":\"NEJHA ilgalaikis ir vandeniui atsparus l\u016bp\u0173 pie\u0161tukas OSSESSION (04 Nude), 1,2 g - MalinaShop.lt J\u016bs\u0173 sveikatai ir gro\u017eiui.\",\"isPartOf\":{\"@id\":\"https:\\\/\\\/www.malinashop.lt\\\/#website\"},\"primaryImageOfPage\":{\"@id\":\"https:\\\/\\\/www.malinashop.lt\\\/en\\\/shop\\\/nejha-ilgalaikis-ir-vandeniui-atsparus-lupu-piestukas-ossession-04-nude-12-g\\\/#primaryimage\"},\"image\":{\"@id\":\"https:\\\/\\\/www.malinashop.lt\\\/en\\\/shop\\\/nejha-ilgalaikis-ir-vandeniui-atsparus-lupu-piestukas-ossession-04-nude-12-g\\\/#primaryimage\"},\"thumbnailUrl\":\"https:\\\/\\\/www.malinashop.lt\\\/wp-content\\\/uploads\\\/2025\\\/10\\\/NEJHA-ilgalaikis-ir-vandeniui-atsparus-lupu-piestukas-OSSESSION-04-Nude-12-g.webp\",\"datePublished\":\"2025-10-24T21:06:42+00:00\",\"dateModified\":\"2026-03-18T09:41:39+00:00\",\"description\":\"NEJHA OSSESSION (04 Nude) \u2013 vandeniui atsparus l\u016bp\u0173 pie\u0161tukas su jojobos aliejumi. Suteikia tiksl\u0173 kont\u016br\u0105, maitina ir i\u0161lieka vis\u0105 dien\u0105.\",\"breadcrumb\":{\"@id\":\"https:\\\/\\\/www.malinashop.lt\\\/en\\\/shop\\\/nejha-ilgalaikis-ir-vandeniui-atsparus-lupu-piestukas-ossession-04-nude-12-g\\\/#breadcrumb\"},\"inLanguage\":\"lt-LT\",\"potentialAction\":[{\"@type\":\"ReadAction\",\"target\":[\"https:\\\/\\\/www.malinashop.lt\\\/en\\\/shop\\\/nejha-ilgalaikis-ir-vandeniui-atsparus-lupu-piestukas-ossession-04-nude-12-g\\\/\"]}]},{\"@type\":\"ImageObject\",\"inLanguage\":\"lt-LT\",\"@id\":\"https:\\\/\\\/www.malinashop.lt\\\/en\\\/shop\\\/nejha-ilgalaikis-ir-vandeniui-atsparus-lupu-piestukas-ossession-04-nude-12-g\\\/#primaryimage\",\"url\":\"https:\\\/\\\/www.malinashop.lt\\\/wp-content\\\/uploads\\\/2025\\\/10\\\/NEJHA-ilgalaikis-ir-vandeniui-atsparus-lupu-piestukas-OSSESSION-04-Nude-12-g.webp\",\"contentUrl\":\"https:\\\/\\\/www.malinashop.lt\\\/wp-content\\\/uploads\\\/2025\\\/10\\\/NEJHA-ilgalaikis-ir-vandeniui-atsparus-lupu-piestukas-OSSESSION-04-Nude-12-g.webp\",\"width\":600,\"height\":600},{\"@type\":\"BreadcrumbList\",\"@id\":\"https:\\\/\\\/www.malinashop.lt\\\/en\\\/shop\\\/nejha-ilgalaikis-ir-vandeniui-atsparus-lupu-piestukas-ossession-04-nude-12-g\\\/#breadcrumb\",\"itemListElement\":[{\"@type\":\"ListItem\",\"position\":1,\"name\":\"Pagrindinis\",\"item\":\"https:\\\/\\\/www.malinashop.lt\\\/\"},{\"@type\":\"ListItem\",\"position\":2,\"name\":\"Parduotuv\u0117\",\"item\":\"https:\\\/\\\/www.malinashop.lt\\\/en\\\/parduotuve\\\/\"},{\"@type\":\"ListItem\",\"position\":3,\"name\":\"NEJHA ilgalaikis ir vandeniui atsparus l\u016bp\u0173 pie\u0161tukas OSSESSION (04 Nude), 1,2 g\"}]},{\"@type\":\"WebSite\",\"@id\":\"https:\\\/\\\/www.malinashop.lt\\\/#website\",\"url\":\"https:\\\/\\\/www.malinashop.lt\\\/\",\"name\":\"COM Group Ecommerce\",\"description\":\"MalinaShop.lt - Gro\u017eio ir sveikatos produktai i\u0161 patikim\u0173 preki\u0173 \u017eenkl\u0173. Atraskite auk\u0161tos kokyb\u0117s kosmetik\u0105 u\u017e puiki\u0105 kain\u0105.\",\"publisher\":{\"@id\":\"https:\\\/\\\/www.malinashop.lt\\\/#organization\"},\"potentialAction\":[{\"@type\":\"SearchAction\",\"target\":{\"@type\":\"EntryPoint\",\"urlTemplate\":\"https:\\\/\\\/www.malinashop.lt\\\/?s={search_term_string}\"},\"query-input\":{\"@type\":\"PropertyValueSpecification\",\"valueRequired\":true,\"valueName\":\"search_term_string\"}}],\"inLanguage\":\"lt-LT\"},{\"@type\":\"Organization\",\"@id\":\"https:\\\/\\\/www.malinashop.lt\\\/#organization\",\"name\":\"COM Group Ecommerce\",\"url\":\"https:\\\/\\\/www.malinashop.lt\\\/\",\"logo\":{\"@type\":\"ImageObject\",\"inLanguage\":\"lt-LT\",\"@id\":\"https:\\\/\\\/www.malinashop.lt\\\/#\\\/schema\\\/logo\\\/image\\\/\",\"url\":\"https:\\\/\\\/www.malinashop.lt\\\/wp-content\\\/uploads\\\/2024\\\/08\\\/462559670_3787732518133670_9795632669273463_n-e1731525914575.png\",\"contentUrl\":\"https:\\\/\\\/www.malinashop.lt\\\/wp-content\\\/uploads\\\/2024\\\/08\\\/462559670_3787732518133670_9795632669273463_n-e1731525914575.png\",\"width\":180,\"height\":60,\"caption\":\"COM Group Ecommerce\"},\"image\":{\"@id\":\"https:\\\/\\\/www.malinashop.lt\\\/#\\\/schema\\\/logo\\\/image\\\/\"}}]}<\/script>\n<!-- \/ Yoast SEO plugin. -->","yoast_head_json":{"title":"NEJHA ilgalaikis ir vandeniui atsparus l\u016bp\u0173 pie\u0161tukas OSSESSION (04 Nude), 1,2 g - MalinaShop.lt J\u016bs\u0173 sveikatai ir gro\u017eiui.","description":"NEJHA OSSESSION (04 Nude) \u2013 vandeniui atsparus l\u016bp\u0173 pie\u0161tukas su jojobos aliejumi. Suteikia tiksl\u0173 kont\u016br\u0105, maitina ir i\u0161lieka vis\u0105 dien\u0105.","robots":{"index":"index","follow":"follow","max-snippet":"max-snippet:-1","max-image-preview":"max-image-preview:large","max-video-preview":"max-video-preview:-1"},"canonical":"https:\/\/www.malinashop.lt\/lt_lt\/shop\/nejha-ilgalaikis-ir-vandeniui-atsparus-lupu-piestukas-ossession-04-nude-12-g\/","og_locale":"lt_LT","og_type":"article","og_title":"NEJHA ilgalaikis ir vandeniui atsparus l\u016bp\u0173 pie\u0161tukas OSSESSION (04 Nude), 1,2 g - MalinaShop.lt J\u016bs\u0173 sveikatai ir gro\u017eiui.","og_description":"NEJHA OSSESSION (04 Nude) \u2013 vandeniui atsparus l\u016bp\u0173 pie\u0161tukas su jojobos aliejumi. Suteikia tiksl\u0173 kont\u016br\u0105, maitina ir i\u0161lieka vis\u0105 dien\u0105.","og_url":"https:\/\/www.malinashop.lt\/lt_lt\/shop\/nejha-ilgalaikis-ir-vandeniui-atsparus-lupu-piestukas-ossession-04-nude-12-g\/","og_site_name":"MalinaShop.lt J\u016bs\u0173 sveikatai ir gro\u017eiui.","article_modified_time":"2026-03-18T09:41:39+00:00","og_image":[{"width":600,"height":600,"url":"https:\/\/www.malinashop.lt\/wp-content\/uploads\/2025\/10\/NEJHA-ilgalaikis-ir-vandeniui-atsparus-lupu-piestukas-OSSESSION-04-Nude-12-g.webp","type":"image\/webp"}],"twitter_card":"summary_large_image","schema":{"@context":"https:\/\/schema.org","@graph":[{"@type":"WebPage","@id":"https:\/\/www.malinashop.lt\/en\/shop\/nejha-ilgalaikis-ir-vandeniui-atsparus-lupu-piestukas-ossession-04-nude-12-g\/","url":"https:\/\/www.malinashop.lt\/en\/shop\/nejha-ilgalaikis-ir-vandeniui-atsparus-lupu-piestukas-ossession-04-nude-12-g\/","name":"NEJHA ilgalaikis ir vandeniui atsparus l\u016bp\u0173 pie\u0161tukas OSSESSION (04 Nude), 1,2 g - MalinaShop.lt J\u016bs\u0173 sveikatai ir gro\u017eiui.","isPartOf":{"@id":"https:\/\/www.malinashop.lt\/#website"},"primaryImageOfPage":{"@id":"https:\/\/www.malinashop.lt\/en\/shop\/nejha-ilgalaikis-ir-vandeniui-atsparus-lupu-piestukas-ossession-04-nude-12-g\/#primaryimage"},"image":{"@id":"https:\/\/www.malinashop.lt\/en\/shop\/nejha-ilgalaikis-ir-vandeniui-atsparus-lupu-piestukas-ossession-04-nude-12-g\/#primaryimage"},"thumbnailUrl":"https:\/\/www.malinashop.lt\/wp-content\/uploads\/2025\/10\/NEJHA-ilgalaikis-ir-vandeniui-atsparus-lupu-piestukas-OSSESSION-04-Nude-12-g.webp","datePublished":"2025-10-24T21:06:42+00:00","dateModified":"2026-03-18T09:41:39+00:00","description":"NEJHA OSSESSION (04 Nude) \u2013 vandeniui atsparus l\u016bp\u0173 pie\u0161tukas su jojobos aliejumi. Suteikia tiksl\u0173 kont\u016br\u0105, maitina ir i\u0161lieka vis\u0105 dien\u0105.","breadcrumb":{"@id":"https:\/\/www.malinashop.lt\/en\/shop\/nejha-ilgalaikis-ir-vandeniui-atsparus-lupu-piestukas-ossession-04-nude-12-g\/#breadcrumb"},"inLanguage":"lt-LT","potentialAction":[{"@type":"ReadAction","target":["https:\/\/www.malinashop.lt\/en\/shop\/nejha-ilgalaikis-ir-vandeniui-atsparus-lupu-piestukas-ossession-04-nude-12-g\/"]}]},{"@type":"ImageObject","inLanguage":"lt-LT","@id":"https:\/\/www.malinashop.lt\/en\/shop\/nejha-ilgalaikis-ir-vandeniui-atsparus-lupu-piestukas-ossession-04-nude-12-g\/#primaryimage","url":"https:\/\/www.malinashop.lt\/wp-content\/uploads\/2025\/10\/NEJHA-ilgalaikis-ir-vandeniui-atsparus-lupu-piestukas-OSSESSION-04-Nude-12-g.webp","contentUrl":"https:\/\/www.malinashop.lt\/wp-content\/uploads\/2025\/10\/NEJHA-ilgalaikis-ir-vandeniui-atsparus-lupu-piestukas-OSSESSION-04-Nude-12-g.webp","width":600,"height":600},{"@type":"BreadcrumbList","@id":"https:\/\/www.malinashop.lt\/en\/shop\/nejha-ilgalaikis-ir-vandeniui-atsparus-lupu-piestukas-ossession-04-nude-12-g\/#breadcrumb","itemListElement":[{"@type":"ListItem","position":1,"name":"Pagrindinis","item":"https:\/\/www.malinashop.lt\/"},{"@type":"ListItem","position":2,"name":"Parduotuv\u0117","item":"https:\/\/www.malinashop.lt\/en\/parduotuve\/"},{"@type":"ListItem","position":3,"name":"NEJHA ilgalaikis ir vandeniui atsparus l\u016bp\u0173 pie\u0161tukas OSSESSION (04 Nude), 1,2 g"}]},{"@type":"WebSite","@id":"https:\/\/www.malinashop.lt\/#website","url":"https:\/\/www.malinashop.lt\/","name":"COM Group Ecommerce","description":"MalinaShop.lt - Gro\u017eio ir sveikatos produktai i\u0161 patikim\u0173 preki\u0173 \u017eenkl\u0173. Atraskite auk\u0161tos kokyb\u0117s kosmetik\u0105 u\u017e puiki\u0105 kain\u0105.","publisher":{"@id":"https:\/\/www.malinashop.lt\/#organization"},"potentialAction":[{"@type":"SearchAction","target":{"@type":"EntryPoint","urlTemplate":"https:\/\/www.malinashop.lt\/?s={search_term_string}"},"query-input":{"@type":"PropertyValueSpecification","valueRequired":true,"valueName":"search_term_string"}}],"inLanguage":"lt-LT"},{"@type":"Organization","@id":"https:\/\/www.malinashop.lt\/#organization","name":"COM Group Ecommerce","url":"https:\/\/www.malinashop.lt\/","logo":{"@type":"ImageObject","inLanguage":"lt-LT","@id":"https:\/\/www.malinashop.lt\/#\/schema\/logo\/image\/","url":"https:\/\/www.malinashop.lt\/wp-content\/uploads\/2024\/08\/462559670_3787732518133670_9795632669273463_n-e1731525914575.png","contentUrl":"https:\/\/www.malinashop.lt\/wp-content\/uploads\/2024\/08\/462559670_3787732518133670_9795632669273463_n-e1731525914575.png","width":180,"height":60,"caption":"COM Group Ecommerce"},"image":{"@id":"https:\/\/www.malinashop.lt\/#\/schema\/logo\/image\/"}}]}},"jetpack_sharing_enabled":true,"_links":{"self":[{"href":"https:\/\/www.malinashop.lt\/lt_lt\/wp-json\/wp\/v2\/product\/59391","targetHints":{"allow":["GET"]}}],"collection":[{"href":"https:\/\/www.malinashop.lt\/lt_lt\/wp-json\/wp\/v2\/product"}],"about":[{"href":"https:\/\/www.malinashop.lt\/lt_lt\/wp-json\/wp\/v2\/types\/product"}],"version-history":[{"count":1,"href":"https:\/\/www.malinashop.lt\/lt_lt\/wp-json\/wp\/v2\/product\/59391\/revisions"}],"predecessor-version":[{"id":59394,"href":"https:\/\/www.malinashop.lt\/lt_lt\/wp-json\/wp\/v2\/product\/59391\/revisions\/59394"}],"wp:featuredmedia":[{"embeddable":true,"href":"https:\/\/www.malinashop.lt\/lt_lt\/wp-json\/wp\/v2\/media\/59393"}],"wp:attachment":[{"href":"https:\/\/www.malinashop.lt\/lt_lt\/wp-json\/wp\/v2\/media?parent=59391"}],"wp:term":[{"taxonomy":"product_brand","embeddable":true,"href":"https:\/\/www.malinashop.lt\/lt_lt\/wp-json\/wp\/v2\/product_brand?post=59391"},{"taxonomy":"product_cat","embeddable":true,"href":"https:\/\/www.malinashop.lt\/lt_lt\/wp-json\/wp\/v2\/product_cat?post=59391"},{"taxonomy":"product_tag","embeddable":true,"href":"https:\/\/www.malinashop.lt\/lt_lt\/wp-json\/wp\/v2\/product_tag?post=59391"}],"curies":[{"name":"wp","href":"https:\/\/api.w.org\/{rel}","templated":true}]}}