{"id":59358,"date":"2025-10-24T23:38:46","date_gmt":"2025-10-24T20:38:46","guid":{"rendered":"https:\/\/malinashop.lt\/?post_type=product&#038;p=59358"},"modified":"2026-03-18T12:41:41","modified_gmt":"2026-03-18T09:41:41","slug":"nejha-kreminiai-lupu-dazai-ossession-03-praline-35-g","status":"publish","type":"product","link":"https:\/\/www.malinashop.lt\/lt_lt\/shop\/nejha-kreminiai-lupu-dazai-ossession-03-praline-35-g\/","title":{"rendered":"NEJHA kreminiai l\u016bp\u0173 da\u017eai OSSESSION (03 Praline), 3,5 g"},"content":{"rendered":"<p data-start=\"297\" data-end=\"461\"><strong data-start=\"297\" data-end=\"350\">NEJHA kreminiai l\u016bp\u0173 da\u017eai OSSESSION (03 Praline)<\/strong> \u2013 tai <strong data-start=\"357\" data-end=\"388\">\u0161velnaus pralin\u0117s atspalvio<\/strong> l\u016bp\u0173 da\u017eai, sukurti i\u0161ry\u0161kinti nat\u016bral\u0173 gro\u017e\u012f ir suteikti elegancijos.<\/p>\n<p data-start=\"463\" data-end=\"724\">Kremin\u0117, \u0161velni tekst\u016bra glotniai slysta per l\u016bpas, tolygiai paskirstydama spalv\u0105 ir palikdama subtil\u0173 spindes\u012f be lipnumo poj\u016b\u010dio. <strong data-start=\"595\" data-end=\"626\">Emolientini\u0173 aliej\u0173 mi\u0161inys<\/strong> giliai dr\u0117kina, maitina ir saugo l\u016bpas, suteikdamas joms komforto bei elastingumo visai dienai.<\/p>\n<p data-start=\"726\" data-end=\"817\"><strong data-start=\"726\" data-end=\"737\">Praline<\/strong> \u2013 universalus, \u0161iltas atspalvis, puikiai tinkantis tiek dienai, tiek vakarui.<\/p>\n<p data-start=\"819\" data-end=\"849\"><strong data-start=\"819\" data-end=\"847\">Pagrindiniai privalumai:<\/strong><\/p>\n<ul data-start=\"850\" data-end=\"1084\">\n<li data-start=\"850\" data-end=\"904\">\n<p data-start=\"852\" data-end=\"904\">\u0160velnus pralin\u0117s atspalvis su nat\u016braliu spindesiu;<\/p>\n<\/li>\n<li data-start=\"905\" data-end=\"945\">\n<p data-start=\"907\" data-end=\"945\">Kremin\u0117, nelipni ir \u0161velni tekst\u016bra;<\/p>\n<\/li>\n<li data-start=\"946\" data-end=\"996\">\n<p data-start=\"948\" data-end=\"996\">Maitinanti formul\u0117 su emolientiniais aliejais;<\/p>\n<\/li>\n<li data-start=\"997\" data-end=\"1043\">\n<p data-start=\"999\" data-end=\"1043\">Ilgai i\u0161liekantis komfortas ir dr\u0117kinimas;<\/p>\n<\/li>\n<li data-start=\"1044\" data-end=\"1084\">\n<p data-start=\"1046\" data-end=\"1084\">Puikiai tinka kasdieniam naudojimui.<\/p>\n<\/li>\n<\/ul>\n<p data-start=\"1086\" data-end=\"1197\"><strong data-start=\"1086\" data-end=\"1101\">Naudojimas:<\/strong><br data-start=\"1101\" data-end=\"1104\" \/>Tepkite tiesiai ant l\u016bp\u0173. Apatin\u0119 l\u016bp\u0105 tepkite nuo kampo iki kampo, vir\u0161utin\u0119 \u2013 nuo centro.<\/p>\n","protected":false},"excerpt":{"rendered":"<article class=\"text-token-text-primary w-full focus:outline-none [--shadow-height:45px] has-data-writing-block:pointer-events-none has-data-writing-block:-mt-(--shadow-height) has-data-writing-block:pt-(--shadow-height) [&amp;:has([data-writing-block])&gt;*]:pointer-events-auto scroll-mt-[calc(var(--header-height)+min(200px,max(70px,20svh)))]\" dir=\"auto\" tabindex=\"-1\" data-turn-id=\"request-68c31e5c-f8ac-832b-9925-96755f033da8-28\" data-testid=\"conversation-turn-402\" data-scroll-anchor=\"true\" data-turn=\"assistant\">\n<div class=\"text-base my-auto mx-auto pb-10 [--thread-content-margin:--spacing(4)] thread-sm:[--thread-content-margin:--spacing(6)] thread-lg:[--thread-content-margin:--spacing(16)] px-(--thread-content-margin)\">\n<div class=\"[--thread-content-max-width:40rem] thread-lg:[--thread-content-max-width:48rem] mx-auto max-w-(--thread-content-max-width) flex-1 group\/turn-messages focus-visible:outline-hidden relative flex w-full min-w-0 flex-col agent-turn\" tabindex=\"-1\">\n<div class=\"flex max-w-full flex-col grow\">\n<div class=\"min-h-8 text-message relative flex w-full flex-col items-end gap-2 text-start break-words whitespace-normal [.text-message+&amp;]:mt-1\" dir=\"auto\" data-message-author-role=\"assistant\" data-message-id=\"d2dc36c7-a230-474b-b843-83ca5ed702e7\" data-message-model-slug=\"gpt-5\">\n<div class=\"flex w-full flex-col gap-1 empty:hidden first:pt-[1px]\">\n<div class=\"markdown prose dark:prose-invert w-full break-words light markdown-new-styling\">\n<p data-start=\"108\" data-end=\"263\">NEJHA OSSESSION (03 Praline) \u2013 \u0161iltas pralin\u0117s atspalvio l\u016bp\u0173 da\u017eas su kremin\u0117s tekst\u016bros formule, suteikiantis \u0161velnumo, dr\u0117gm\u0117s ir nat\u016bralaus spindesio.<\/p>\n<\/div>\n<\/div>\n<\/div>\n<\/div>\n<\/div>\n<\/div>\n<\/article>\n","protected":false},"featured_media":59359,"template":"","meta":[],"product_brand":[1358],"product_cat":[102,708,533,1299],"product_tag":[1573],"class_list":{"0":"post-59358","1":"product","2":"type-product","3":"status-publish","4":"has-post-thumbnail","6":"product_brand-nejha","7":"product_cat-dekoratyvine-kosmetika","8":"product_cat-lupoms","9":"product_cat-lupu-dazai","10":"product_cat-produktai-su-dovanomis","11":"product_tag-nejha","13":"first","14":"instock","15":"sale","16":"taxable","17":"shipping-taxable","18":"purchasable","19":"product-type-simple"},"yoast_head":"<!-- This site is optimized with the Yoast SEO plugin v27.4 - https:\/\/yoast.com\/product\/yoast-seo-wordpress\/ -->\n<title>NEJHA kreminiai l\u016bp\u0173 da\u017eai OSSESSION (03 Praline), 3,5 g - MalinaShop.lt J\u016bs\u0173 sveikatai ir gro\u017eiui.<\/title>\n<meta name=\"description\" content=\"NEJHA OSSESSION (03 Praline) \u2013 \u0161iltas pralin\u0117s atspalvio kreminis l\u016bp\u0173 da\u017eas su dr\u0117kinan\u010dia formule ir subtiliu spindesiu kasdieniam \u012fvaizd\u017eiui.\" \/>\n<meta name=\"robots\" content=\"index, follow, max-snippet:-1, max-image-preview:large, max-video-preview:-1\" \/>\n<link rel=\"canonical\" href=\"https:\/\/www.malinashop.lt\/lt_lt\/shop\/nejha-kreminiai-lupu-dazai-ossession-03-praline-35-g\/\" \/>\n<meta property=\"og:locale\" content=\"lt_LT\" \/>\n<meta property=\"og:type\" content=\"article\" \/>\n<meta property=\"og:title\" content=\"NEJHA kreminiai l\u016bp\u0173 da\u017eai OSSESSION (03 Praline), 3,5 g - MalinaShop.lt J\u016bs\u0173 sveikatai ir gro\u017eiui.\" \/>\n<meta property=\"og:description\" content=\"NEJHA OSSESSION (03 Praline) \u2013 \u0161iltas pralin\u0117s atspalvio kreminis l\u016bp\u0173 da\u017eas su dr\u0117kinan\u010dia formule ir subtiliu spindesiu kasdieniam \u012fvaizd\u017eiui.\" \/>\n<meta property=\"og:url\" content=\"https:\/\/www.malinashop.lt\/lt_lt\/shop\/nejha-kreminiai-lupu-dazai-ossession-03-praline-35-g\/\" \/>\n<meta property=\"og:site_name\" content=\"MalinaShop.lt J\u016bs\u0173 sveikatai ir gro\u017eiui.\" \/>\n<meta property=\"article:modified_time\" content=\"2026-03-18T09:41:41+00:00\" \/>\n<meta property=\"og:image\" content=\"https:\/\/www.malinashop.lt\/wp-content\/uploads\/2025\/10\/NEJHA-kreminiai-lupu-dazai-OSSESSION-03-Praline-35-g.webp\" \/>\n\t<meta property=\"og:image:width\" content=\"600\" \/>\n\t<meta property=\"og:image:height\" content=\"600\" \/>\n\t<meta property=\"og:image:type\" content=\"image\/webp\" \/>\n<meta name=\"twitter:card\" content=\"summary_large_image\" \/>\n<script type=\"application\/ld+json\" class=\"yoast-schema-graph\">{\"@context\":\"https:\\\/\\\/schema.org\",\"@graph\":[{\"@type\":\"WebPage\",\"@id\":\"https:\\\/\\\/www.malinashop.lt\\\/shop\\\/nejha-kreminiai-lupu-dazai-ossession-03-praline-35-g\\\/\",\"url\":\"https:\\\/\\\/www.malinashop.lt\\\/shop\\\/nejha-kreminiai-lupu-dazai-ossession-03-praline-35-g\\\/\",\"name\":\"NEJHA kreminiai l\u016bp\u0173 da\u017eai OSSESSION (03 Praline), 3,5 g - MalinaShop.lt J\u016bs\u0173 sveikatai ir gro\u017eiui.\",\"isPartOf\":{\"@id\":\"https:\\\/\\\/www.malinashop.lt\\\/#website\"},\"primaryImageOfPage\":{\"@id\":\"https:\\\/\\\/www.malinashop.lt\\\/shop\\\/nejha-kreminiai-lupu-dazai-ossession-03-praline-35-g\\\/#primaryimage\"},\"image\":{\"@id\":\"https:\\\/\\\/www.malinashop.lt\\\/shop\\\/nejha-kreminiai-lupu-dazai-ossession-03-praline-35-g\\\/#primaryimage\"},\"thumbnailUrl\":\"https:\\\/\\\/www.malinashop.lt\\\/wp-content\\\/uploads\\\/2025\\\/10\\\/NEJHA-kreminiai-lupu-dazai-OSSESSION-03-Praline-35-g.webp\",\"datePublished\":\"2025-10-24T20:38:46+00:00\",\"dateModified\":\"2026-03-18T09:41:41+00:00\",\"description\":\"NEJHA OSSESSION (03 Praline) \u2013 \u0161iltas pralin\u0117s atspalvio kreminis l\u016bp\u0173 da\u017eas su dr\u0117kinan\u010dia formule ir subtiliu spindesiu kasdieniam \u012fvaizd\u017eiui.\",\"breadcrumb\":{\"@id\":\"https:\\\/\\\/www.malinashop.lt\\\/shop\\\/nejha-kreminiai-lupu-dazai-ossession-03-praline-35-g\\\/#breadcrumb\"},\"inLanguage\":\"lt-LT\",\"potentialAction\":[{\"@type\":\"ReadAction\",\"target\":[\"https:\\\/\\\/www.malinashop.lt\\\/shop\\\/nejha-kreminiai-lupu-dazai-ossession-03-praline-35-g\\\/\"]}]},{\"@type\":\"ImageObject\",\"inLanguage\":\"lt-LT\",\"@id\":\"https:\\\/\\\/www.malinashop.lt\\\/shop\\\/nejha-kreminiai-lupu-dazai-ossession-03-praline-35-g\\\/#primaryimage\",\"url\":\"https:\\\/\\\/www.malinashop.lt\\\/wp-content\\\/uploads\\\/2025\\\/10\\\/NEJHA-kreminiai-lupu-dazai-OSSESSION-03-Praline-35-g.webp\",\"contentUrl\":\"https:\\\/\\\/www.malinashop.lt\\\/wp-content\\\/uploads\\\/2025\\\/10\\\/NEJHA-kreminiai-lupu-dazai-OSSESSION-03-Praline-35-g.webp\",\"width\":600,\"height\":600},{\"@type\":\"BreadcrumbList\",\"@id\":\"https:\\\/\\\/www.malinashop.lt\\\/shop\\\/nejha-kreminiai-lupu-dazai-ossession-03-praline-35-g\\\/#breadcrumb\",\"itemListElement\":[{\"@type\":\"ListItem\",\"position\":1,\"name\":\"Pagrindinis\",\"item\":\"https:\\\/\\\/www.malinashop.lt\\\/\"},{\"@type\":\"ListItem\",\"position\":2,\"name\":\"Parduotuv\u0117\",\"item\":\"https:\\\/\\\/www.malinashop.lt\\\/en\\\/parduotuve\\\/\"},{\"@type\":\"ListItem\",\"position\":3,\"name\":\"NEJHA kreminiai l\u016bp\u0173 da\u017eai OSSESSION (03 Praline), 3,5 g\"}]},{\"@type\":\"WebSite\",\"@id\":\"https:\\\/\\\/www.malinashop.lt\\\/#website\",\"url\":\"https:\\\/\\\/www.malinashop.lt\\\/\",\"name\":\"COM Group Ecommerce\",\"description\":\"MalinaShop.lt - Gro\u017eio ir sveikatos produktai i\u0161 patikim\u0173 preki\u0173 \u017eenkl\u0173. Atraskite auk\u0161tos kokyb\u0117s kosmetik\u0105 u\u017e puiki\u0105 kain\u0105.\",\"publisher\":{\"@id\":\"https:\\\/\\\/www.malinashop.lt\\\/#organization\"},\"potentialAction\":[{\"@type\":\"SearchAction\",\"target\":{\"@type\":\"EntryPoint\",\"urlTemplate\":\"https:\\\/\\\/www.malinashop.lt\\\/?s={search_term_string}\"},\"query-input\":{\"@type\":\"PropertyValueSpecification\",\"valueRequired\":true,\"valueName\":\"search_term_string\"}}],\"inLanguage\":\"lt-LT\"},{\"@type\":\"Organization\",\"@id\":\"https:\\\/\\\/www.malinashop.lt\\\/#organization\",\"name\":\"COM Group Ecommerce\",\"url\":\"https:\\\/\\\/www.malinashop.lt\\\/\",\"logo\":{\"@type\":\"ImageObject\",\"inLanguage\":\"lt-LT\",\"@id\":\"https:\\\/\\\/www.malinashop.lt\\\/#\\\/schema\\\/logo\\\/image\\\/\",\"url\":\"https:\\\/\\\/www.malinashop.lt\\\/wp-content\\\/uploads\\\/2024\\\/08\\\/462559670_3787732518133670_9795632669273463_n-e1731525914575.png\",\"contentUrl\":\"https:\\\/\\\/www.malinashop.lt\\\/wp-content\\\/uploads\\\/2024\\\/08\\\/462559670_3787732518133670_9795632669273463_n-e1731525914575.png\",\"width\":180,\"height\":60,\"caption\":\"COM Group Ecommerce\"},\"image\":{\"@id\":\"https:\\\/\\\/www.malinashop.lt\\\/#\\\/schema\\\/logo\\\/image\\\/\"}}]}<\/script>\n<!-- \/ Yoast SEO plugin. -->","yoast_head_json":{"title":"NEJHA kreminiai l\u016bp\u0173 da\u017eai OSSESSION (03 Praline), 3,5 g - MalinaShop.lt J\u016bs\u0173 sveikatai ir gro\u017eiui.","description":"NEJHA OSSESSION (03 Praline) \u2013 \u0161iltas pralin\u0117s atspalvio kreminis l\u016bp\u0173 da\u017eas su dr\u0117kinan\u010dia formule ir subtiliu spindesiu kasdieniam \u012fvaizd\u017eiui.","robots":{"index":"index","follow":"follow","max-snippet":"max-snippet:-1","max-image-preview":"max-image-preview:large","max-video-preview":"max-video-preview:-1"},"canonical":"https:\/\/www.malinashop.lt\/lt_lt\/shop\/nejha-kreminiai-lupu-dazai-ossession-03-praline-35-g\/","og_locale":"lt_LT","og_type":"article","og_title":"NEJHA kreminiai l\u016bp\u0173 da\u017eai OSSESSION (03 Praline), 3,5 g - MalinaShop.lt J\u016bs\u0173 sveikatai ir gro\u017eiui.","og_description":"NEJHA OSSESSION (03 Praline) \u2013 \u0161iltas pralin\u0117s atspalvio kreminis l\u016bp\u0173 da\u017eas su dr\u0117kinan\u010dia formule ir subtiliu spindesiu kasdieniam \u012fvaizd\u017eiui.","og_url":"https:\/\/www.malinashop.lt\/lt_lt\/shop\/nejha-kreminiai-lupu-dazai-ossession-03-praline-35-g\/","og_site_name":"MalinaShop.lt J\u016bs\u0173 sveikatai ir gro\u017eiui.","article_modified_time":"2026-03-18T09:41:41+00:00","og_image":[{"width":600,"height":600,"url":"https:\/\/www.malinashop.lt\/wp-content\/uploads\/2025\/10\/NEJHA-kreminiai-lupu-dazai-OSSESSION-03-Praline-35-g.webp","type":"image\/webp"}],"twitter_card":"summary_large_image","schema":{"@context":"https:\/\/schema.org","@graph":[{"@type":"WebPage","@id":"https:\/\/www.malinashop.lt\/shop\/nejha-kreminiai-lupu-dazai-ossession-03-praline-35-g\/","url":"https:\/\/www.malinashop.lt\/shop\/nejha-kreminiai-lupu-dazai-ossession-03-praline-35-g\/","name":"NEJHA kreminiai l\u016bp\u0173 da\u017eai OSSESSION (03 Praline), 3,5 g - MalinaShop.lt J\u016bs\u0173 sveikatai ir gro\u017eiui.","isPartOf":{"@id":"https:\/\/www.malinashop.lt\/#website"},"primaryImageOfPage":{"@id":"https:\/\/www.malinashop.lt\/shop\/nejha-kreminiai-lupu-dazai-ossession-03-praline-35-g\/#primaryimage"},"image":{"@id":"https:\/\/www.malinashop.lt\/shop\/nejha-kreminiai-lupu-dazai-ossession-03-praline-35-g\/#primaryimage"},"thumbnailUrl":"https:\/\/www.malinashop.lt\/wp-content\/uploads\/2025\/10\/NEJHA-kreminiai-lupu-dazai-OSSESSION-03-Praline-35-g.webp","datePublished":"2025-10-24T20:38:46+00:00","dateModified":"2026-03-18T09:41:41+00:00","description":"NEJHA OSSESSION (03 Praline) \u2013 \u0161iltas pralin\u0117s atspalvio kreminis l\u016bp\u0173 da\u017eas su dr\u0117kinan\u010dia formule ir subtiliu spindesiu kasdieniam \u012fvaizd\u017eiui.","breadcrumb":{"@id":"https:\/\/www.malinashop.lt\/shop\/nejha-kreminiai-lupu-dazai-ossession-03-praline-35-g\/#breadcrumb"},"inLanguage":"lt-LT","potentialAction":[{"@type":"ReadAction","target":["https:\/\/www.malinashop.lt\/shop\/nejha-kreminiai-lupu-dazai-ossession-03-praline-35-g\/"]}]},{"@type":"ImageObject","inLanguage":"lt-LT","@id":"https:\/\/www.malinashop.lt\/shop\/nejha-kreminiai-lupu-dazai-ossession-03-praline-35-g\/#primaryimage","url":"https:\/\/www.malinashop.lt\/wp-content\/uploads\/2025\/10\/NEJHA-kreminiai-lupu-dazai-OSSESSION-03-Praline-35-g.webp","contentUrl":"https:\/\/www.malinashop.lt\/wp-content\/uploads\/2025\/10\/NEJHA-kreminiai-lupu-dazai-OSSESSION-03-Praline-35-g.webp","width":600,"height":600},{"@type":"BreadcrumbList","@id":"https:\/\/www.malinashop.lt\/shop\/nejha-kreminiai-lupu-dazai-ossession-03-praline-35-g\/#breadcrumb","itemListElement":[{"@type":"ListItem","position":1,"name":"Pagrindinis","item":"https:\/\/www.malinashop.lt\/"},{"@type":"ListItem","position":2,"name":"Parduotuv\u0117","item":"https:\/\/www.malinashop.lt\/en\/parduotuve\/"},{"@type":"ListItem","position":3,"name":"NEJHA kreminiai l\u016bp\u0173 da\u017eai OSSESSION (03 Praline), 3,5 g"}]},{"@type":"WebSite","@id":"https:\/\/www.malinashop.lt\/#website","url":"https:\/\/www.malinashop.lt\/","name":"COM Group Ecommerce","description":"MalinaShop.lt - Gro\u017eio ir sveikatos produktai i\u0161 patikim\u0173 preki\u0173 \u017eenkl\u0173. Atraskite auk\u0161tos kokyb\u0117s kosmetik\u0105 u\u017e puiki\u0105 kain\u0105.","publisher":{"@id":"https:\/\/www.malinashop.lt\/#organization"},"potentialAction":[{"@type":"SearchAction","target":{"@type":"EntryPoint","urlTemplate":"https:\/\/www.malinashop.lt\/?s={search_term_string}"},"query-input":{"@type":"PropertyValueSpecification","valueRequired":true,"valueName":"search_term_string"}}],"inLanguage":"lt-LT"},{"@type":"Organization","@id":"https:\/\/www.malinashop.lt\/#organization","name":"COM Group Ecommerce","url":"https:\/\/www.malinashop.lt\/","logo":{"@type":"ImageObject","inLanguage":"lt-LT","@id":"https:\/\/www.malinashop.lt\/#\/schema\/logo\/image\/","url":"https:\/\/www.malinashop.lt\/wp-content\/uploads\/2024\/08\/462559670_3787732518133670_9795632669273463_n-e1731525914575.png","contentUrl":"https:\/\/www.malinashop.lt\/wp-content\/uploads\/2024\/08\/462559670_3787732518133670_9795632669273463_n-e1731525914575.png","width":180,"height":60,"caption":"COM Group Ecommerce"},"image":{"@id":"https:\/\/www.malinashop.lt\/#\/schema\/logo\/image\/"}}]}},"jetpack_sharing_enabled":true,"_links":{"self":[{"href":"https:\/\/www.malinashop.lt\/lt_lt\/wp-json\/wp\/v2\/product\/59358","targetHints":{"allow":["GET"]}}],"collection":[{"href":"https:\/\/www.malinashop.lt\/lt_lt\/wp-json\/wp\/v2\/product"}],"about":[{"href":"https:\/\/www.malinashop.lt\/lt_lt\/wp-json\/wp\/v2\/types\/product"}],"version-history":[{"count":1,"href":"https:\/\/www.malinashop.lt\/lt_lt\/wp-json\/wp\/v2\/product\/59358\/revisions"}],"predecessor-version":[{"id":59360,"href":"https:\/\/www.malinashop.lt\/lt_lt\/wp-json\/wp\/v2\/product\/59358\/revisions\/59360"}],"wp:featuredmedia":[{"embeddable":true,"href":"https:\/\/www.malinashop.lt\/lt_lt\/wp-json\/wp\/v2\/media\/59359"}],"wp:attachment":[{"href":"https:\/\/www.malinashop.lt\/lt_lt\/wp-json\/wp\/v2\/media?parent=59358"}],"wp:term":[{"taxonomy":"product_brand","embeddable":true,"href":"https:\/\/www.malinashop.lt\/lt_lt\/wp-json\/wp\/v2\/product_brand?post=59358"},{"taxonomy":"product_cat","embeddable":true,"href":"https:\/\/www.malinashop.lt\/lt_lt\/wp-json\/wp\/v2\/product_cat?post=59358"},{"taxonomy":"product_tag","embeddable":true,"href":"https:\/\/www.malinashop.lt\/lt_lt\/wp-json\/wp\/v2\/product_tag?post=59358"}],"curies":[{"name":"wp","href":"https:\/\/api.w.org\/{rel}","templated":true}]}}