{"id":59343,"date":"2025-10-24T23:24:51","date_gmt":"2025-10-24T20:24:51","guid":{"rendered":"https:\/\/malinashop.lt\/?post_type=product&#038;p=59343"},"modified":"2026-03-18T12:41:43","modified_gmt":"2026-03-18T09:41:43","slug":"nejha-kreminiai-lupu-dazai-ossession-08-cherry-35-g","status":"publish","type":"product","link":"https:\/\/www.malinashop.lt\/lt_lt\/shop\/nejha-kreminiai-lupu-dazai-ossession-08-cherry-35-g\/","title":{"rendered":"NEJHA kreminiai l\u016bp\u0173 da\u017eai OSSESSION (08 Cherry), 3,5 g"},"content":{"rendered":"<p data-start=\"298\" data-end=\"469\"><strong data-start=\"298\" data-end=\"350\">NEJHA kreminiai l\u016bp\u0173 da\u017eai OSSESSION (08 Cherry)<\/strong> \u2013 tai <strong data-start=\"357\" data-end=\"407\">intensyvus vy\u0161nin\u0117s raudonos spalvos atspalvis<\/strong>, sukurtas pabr\u0117\u017eti j\u016bs\u0173 moteri\u0161kum\u0105 ir pasitik\u0117jim\u0105 savimi.<\/p>\n<p data-start=\"471\" data-end=\"721\">Kremin\u0117s tekst\u016bros formul\u0117 lengvai slysta per l\u016bpas, suteikdama tolyg\u0173, sodr\u0173 padengim\u0105 ir spindint\u012f efekt\u0105 be lipnumo poj\u016b\u010dio. <strong data-start=\"599\" data-end=\"630\">Emolientini\u0173 aliej\u0173 mi\u0161inys<\/strong> maitina bei dr\u0117kina l\u016bpas, tod\u0117l jos atrodo \u0161velnios, elastingos ir glotnios vis\u0105 dien\u0105.<\/p>\n<p data-start=\"723\" data-end=\"868\"><strong data-start=\"723\" data-end=\"733\">Cherry<\/strong> \u2013 klasikinis, bet kartu gyvas atspalvis, kuris tinka tiek kasdieniam, tiek vakariniam \u012fvaizd\u017eiui, suteikdamas rafinuoto moteri\u0161kumo.<\/p>\n<p data-start=\"870\" data-end=\"900\"><strong data-start=\"870\" data-end=\"898\">Pagrindiniai privalumai:<\/strong><\/p>\n<ul data-start=\"901\" data-end=\"1108\">\n<li data-start=\"901\" data-end=\"948\">\n<p data-start=\"903\" data-end=\"948\">Sodrus vy\u0161nin\u0117s raudonos spalvos atspalvis;<\/p>\n<\/li>\n<li data-start=\"949\" data-end=\"989\">\n<p data-start=\"951\" data-end=\"989\">\u0160velni, kremin\u0117 tekst\u016bra be lipnumo;<\/p>\n<\/li>\n<li data-start=\"990\" data-end=\"1037\">\n<p data-start=\"992\" data-end=\"1037\">Dr\u0117kinanti, maitinan\u010diai veikianti formul\u0117;<\/p>\n<\/li>\n<li data-start=\"1038\" data-end=\"1070\">\n<p data-start=\"1040\" data-end=\"1070\">Ilgai i\u0161liekantis spindesys;<\/p>\n<\/li>\n<li data-start=\"1071\" data-end=\"1108\">\n<p data-start=\"1073\" data-end=\"1108\">Puikiai slysta ir nesausina l\u016bp\u0173.<\/p>\n<\/li>\n<\/ul>\n<p data-start=\"1110\" data-end=\"1221\"><strong data-start=\"1110\" data-end=\"1125\">Naudojimas:<\/strong><br data-start=\"1125\" data-end=\"1128\" \/>Tepkite tiesiai ant l\u016bp\u0173. Apatin\u0119 l\u016bp\u0105 tepkite nuo kampo iki kampo, vir\u0161utin\u0119 \u2013 nuo centro.<\/p>\n","protected":false},"excerpt":{"rendered":"<article class=\"text-token-text-primary w-full focus:outline-none [--shadow-height:45px] has-data-writing-block:pointer-events-none has-data-writing-block:-mt-(--shadow-height) has-data-writing-block:pt-(--shadow-height) [&amp;:has([data-writing-block])&gt;*]:pointer-events-auto scroll-mt-[calc(var(--header-height)+min(200px,max(70px,20svh)))]\" dir=\"auto\" tabindex=\"-1\" data-turn-id=\"request-68c31e5c-f8ac-832b-9925-96755f033da8-28\" data-testid=\"conversation-turn-402\" data-scroll-anchor=\"true\" data-turn=\"assistant\">\n<div class=\"text-base my-auto mx-auto pb-10 [--thread-content-margin:--spacing(4)] thread-sm:[--thread-content-margin:--spacing(6)] thread-lg:[--thread-content-margin:--spacing(16)] px-(--thread-content-margin)\">\n<div class=\"[--thread-content-max-width:40rem] thread-lg:[--thread-content-max-width:48rem] mx-auto max-w-(--thread-content-max-width) flex-1 group\/turn-messages focus-visible:outline-hidden relative flex w-full min-w-0 flex-col agent-turn\" tabindex=\"-1\">\n<div class=\"flex max-w-full flex-col grow\">\n<div class=\"min-h-8 text-message relative flex w-full flex-col items-end gap-2 text-start break-words whitespace-normal [.text-message+&amp;]:mt-1\" dir=\"auto\" data-message-author-role=\"assistant\" data-message-id=\"d2dc36c7-a230-474b-b843-83ca5ed702e7\" data-message-model-slug=\"gpt-5\">\n<div class=\"flex w-full flex-col gap-1 empty:hidden first:pt-[1px]\">\n<div class=\"markdown prose dark:prose-invert w-full break-words light markdown-new-styling\">\n<p data-start=\"115\" data-end=\"246\">NEJHA OSSESSION (08 Cherry) \u2013 sodriai vy\u0161niniai kreminiai l\u016bp\u0173 da\u017eai su blizgiu u\u017ebaigimu ir dr\u0117kinan\u010dia formule, suteikian\u010dia l\u016bpoms \u0161velnumo ir spindesio.<\/p>\n<\/div>\n<\/div>\n<\/div>\n<\/div>\n<\/div>\n<\/div>\n<\/article>\n","protected":false},"featured_media":59344,"template":"","meta":[],"product_brand":[1358],"product_cat":[102,708,533,1299],"product_tag":[1573],"class_list":{"0":"post-59343","1":"product","2":"type-product","3":"status-publish","4":"has-post-thumbnail","6":"product_brand-nejha","7":"product_cat-dekoratyvine-kosmetika","8":"product_cat-lupoms","9":"product_cat-lupu-dazai","10":"product_cat-produktai-su-dovanomis","11":"product_tag-nejha","13":"first","14":"instock","15":"sale","16":"taxable","17":"shipping-taxable","18":"purchasable","19":"product-type-simple"},"yoast_head":"<!-- This site is optimized with the Yoast SEO plugin v27.4 - https:\/\/yoast.com\/product\/yoast-seo-wordpress\/ -->\n<title>NEJHA kreminiai l\u016bp\u0173 da\u017eai OSSESSION (08 Cherry), 3,5 g - MalinaShop.lt J\u016bs\u0173 sveikatai ir gro\u017eiui.<\/title>\n<meta name=\"description\" content=\"NEJHA OSSESSION (08 Cherry) \u2013 vy\u0161niniai kreminiai l\u016bp\u0173 da\u017eai su blizgiu efektu, dr\u0117kinan\u010dia formule ir \u0161velnia tekst\u016bra ilgalaikiam komfortui.\" \/>\n<meta name=\"robots\" content=\"index, follow, max-snippet:-1, max-image-preview:large, max-video-preview:-1\" \/>\n<link rel=\"canonical\" href=\"https:\/\/www.malinashop.lt\/lt_lt\/shop\/nejha-kreminiai-lupu-dazai-ossession-08-cherry-35-g\/\" \/>\n<meta property=\"og:locale\" content=\"lt_LT\" \/>\n<meta property=\"og:type\" content=\"article\" \/>\n<meta property=\"og:title\" content=\"NEJHA kreminiai l\u016bp\u0173 da\u017eai OSSESSION (08 Cherry), 3,5 g - MalinaShop.lt J\u016bs\u0173 sveikatai ir gro\u017eiui.\" \/>\n<meta property=\"og:description\" content=\"NEJHA OSSESSION (08 Cherry) \u2013 vy\u0161niniai kreminiai l\u016bp\u0173 da\u017eai su blizgiu efektu, dr\u0117kinan\u010dia formule ir \u0161velnia tekst\u016bra ilgalaikiam komfortui.\" \/>\n<meta property=\"og:url\" content=\"https:\/\/www.malinashop.lt\/lt_lt\/shop\/nejha-kreminiai-lupu-dazai-ossession-08-cherry-35-g\/\" \/>\n<meta property=\"og:site_name\" content=\"MalinaShop.lt J\u016bs\u0173 sveikatai ir gro\u017eiui.\" \/>\n<meta property=\"article:modified_time\" content=\"2026-03-18T09:41:43+00:00\" \/>\n<meta property=\"og:image\" content=\"https:\/\/www.malinashop.lt\/wp-content\/uploads\/2025\/10\/NEJHA-kreminiai-lupu-dazai-OSSESSION-08-Cherry-35-g.webp\" \/>\n\t<meta property=\"og:image:width\" content=\"600\" \/>\n\t<meta property=\"og:image:height\" content=\"600\" \/>\n\t<meta property=\"og:image:type\" content=\"image\/webp\" \/>\n<meta name=\"twitter:card\" content=\"summary_large_image\" \/>\n<script type=\"application\/ld+json\" class=\"yoast-schema-graph\">{\"@context\":\"https:\\\/\\\/schema.org\",\"@graph\":[{\"@type\":\"WebPage\",\"@id\":\"https:\\\/\\\/www.malinashop.lt\\\/shop\\\/nejha-kreminiai-lupu-dazai-ossession-08-cherry-35-g\\\/\",\"url\":\"https:\\\/\\\/www.malinashop.lt\\\/shop\\\/nejha-kreminiai-lupu-dazai-ossession-08-cherry-35-g\\\/\",\"name\":\"NEJHA kreminiai l\u016bp\u0173 da\u017eai OSSESSION (08 Cherry), 3,5 g - MalinaShop.lt J\u016bs\u0173 sveikatai ir gro\u017eiui.\",\"isPartOf\":{\"@id\":\"https:\\\/\\\/www.malinashop.lt\\\/#website\"},\"primaryImageOfPage\":{\"@id\":\"https:\\\/\\\/www.malinashop.lt\\\/shop\\\/nejha-kreminiai-lupu-dazai-ossession-08-cherry-35-g\\\/#primaryimage\"},\"image\":{\"@id\":\"https:\\\/\\\/www.malinashop.lt\\\/shop\\\/nejha-kreminiai-lupu-dazai-ossession-08-cherry-35-g\\\/#primaryimage\"},\"thumbnailUrl\":\"https:\\\/\\\/www.malinashop.lt\\\/wp-content\\\/uploads\\\/2025\\\/10\\\/NEJHA-kreminiai-lupu-dazai-OSSESSION-08-Cherry-35-g.webp\",\"datePublished\":\"2025-10-24T20:24:51+00:00\",\"dateModified\":\"2026-03-18T09:41:43+00:00\",\"description\":\"NEJHA OSSESSION (08 Cherry) \u2013 vy\u0161niniai kreminiai l\u016bp\u0173 da\u017eai su blizgiu efektu, dr\u0117kinan\u010dia formule ir \u0161velnia tekst\u016bra ilgalaikiam komfortui.\",\"breadcrumb\":{\"@id\":\"https:\\\/\\\/www.malinashop.lt\\\/shop\\\/nejha-kreminiai-lupu-dazai-ossession-08-cherry-35-g\\\/#breadcrumb\"},\"inLanguage\":\"lt-LT\",\"potentialAction\":[{\"@type\":\"ReadAction\",\"target\":[\"https:\\\/\\\/www.malinashop.lt\\\/shop\\\/nejha-kreminiai-lupu-dazai-ossession-08-cherry-35-g\\\/\"]}]},{\"@type\":\"ImageObject\",\"inLanguage\":\"lt-LT\",\"@id\":\"https:\\\/\\\/www.malinashop.lt\\\/shop\\\/nejha-kreminiai-lupu-dazai-ossession-08-cherry-35-g\\\/#primaryimage\",\"url\":\"https:\\\/\\\/www.malinashop.lt\\\/wp-content\\\/uploads\\\/2025\\\/10\\\/NEJHA-kreminiai-lupu-dazai-OSSESSION-08-Cherry-35-g.webp\",\"contentUrl\":\"https:\\\/\\\/www.malinashop.lt\\\/wp-content\\\/uploads\\\/2025\\\/10\\\/NEJHA-kreminiai-lupu-dazai-OSSESSION-08-Cherry-35-g.webp\",\"width\":600,\"height\":600},{\"@type\":\"BreadcrumbList\",\"@id\":\"https:\\\/\\\/www.malinashop.lt\\\/shop\\\/nejha-kreminiai-lupu-dazai-ossession-08-cherry-35-g\\\/#breadcrumb\",\"itemListElement\":[{\"@type\":\"ListItem\",\"position\":1,\"name\":\"Pagrindinis\",\"item\":\"https:\\\/\\\/www.malinashop.lt\\\/\"},{\"@type\":\"ListItem\",\"position\":2,\"name\":\"Parduotuv\u0117\",\"item\":\"https:\\\/\\\/www.malinashop.lt\\\/en\\\/parduotuve\\\/\"},{\"@type\":\"ListItem\",\"position\":3,\"name\":\"NEJHA kreminiai l\u016bp\u0173 da\u017eai OSSESSION (08 Cherry), 3,5 g\"}]},{\"@type\":\"WebSite\",\"@id\":\"https:\\\/\\\/www.malinashop.lt\\\/#website\",\"url\":\"https:\\\/\\\/www.malinashop.lt\\\/\",\"name\":\"COM Group Ecommerce\",\"description\":\"MalinaShop.lt - Gro\u017eio ir sveikatos produktai i\u0161 patikim\u0173 preki\u0173 \u017eenkl\u0173. Atraskite auk\u0161tos kokyb\u0117s kosmetik\u0105 u\u017e puiki\u0105 kain\u0105.\",\"publisher\":{\"@id\":\"https:\\\/\\\/www.malinashop.lt\\\/#organization\"},\"potentialAction\":[{\"@type\":\"SearchAction\",\"target\":{\"@type\":\"EntryPoint\",\"urlTemplate\":\"https:\\\/\\\/www.malinashop.lt\\\/?s={search_term_string}\"},\"query-input\":{\"@type\":\"PropertyValueSpecification\",\"valueRequired\":true,\"valueName\":\"search_term_string\"}}],\"inLanguage\":\"lt-LT\"},{\"@type\":\"Organization\",\"@id\":\"https:\\\/\\\/www.malinashop.lt\\\/#organization\",\"name\":\"COM Group Ecommerce\",\"url\":\"https:\\\/\\\/www.malinashop.lt\\\/\",\"logo\":{\"@type\":\"ImageObject\",\"inLanguage\":\"lt-LT\",\"@id\":\"https:\\\/\\\/www.malinashop.lt\\\/#\\\/schema\\\/logo\\\/image\\\/\",\"url\":\"https:\\\/\\\/www.malinashop.lt\\\/wp-content\\\/uploads\\\/2024\\\/08\\\/462559670_3787732518133670_9795632669273463_n-e1731525914575.png\",\"contentUrl\":\"https:\\\/\\\/www.malinashop.lt\\\/wp-content\\\/uploads\\\/2024\\\/08\\\/462559670_3787732518133670_9795632669273463_n-e1731525914575.png\",\"width\":180,\"height\":60,\"caption\":\"COM Group Ecommerce\"},\"image\":{\"@id\":\"https:\\\/\\\/www.malinashop.lt\\\/#\\\/schema\\\/logo\\\/image\\\/\"}}]}<\/script>\n<!-- \/ Yoast SEO plugin. -->","yoast_head_json":{"title":"NEJHA kreminiai l\u016bp\u0173 da\u017eai OSSESSION (08 Cherry), 3,5 g - MalinaShop.lt J\u016bs\u0173 sveikatai ir gro\u017eiui.","description":"NEJHA OSSESSION (08 Cherry) \u2013 vy\u0161niniai kreminiai l\u016bp\u0173 da\u017eai su blizgiu efektu, dr\u0117kinan\u010dia formule ir \u0161velnia tekst\u016bra ilgalaikiam komfortui.","robots":{"index":"index","follow":"follow","max-snippet":"max-snippet:-1","max-image-preview":"max-image-preview:large","max-video-preview":"max-video-preview:-1"},"canonical":"https:\/\/www.malinashop.lt\/lt_lt\/shop\/nejha-kreminiai-lupu-dazai-ossession-08-cherry-35-g\/","og_locale":"lt_LT","og_type":"article","og_title":"NEJHA kreminiai l\u016bp\u0173 da\u017eai OSSESSION (08 Cherry), 3,5 g - MalinaShop.lt J\u016bs\u0173 sveikatai ir gro\u017eiui.","og_description":"NEJHA OSSESSION (08 Cherry) \u2013 vy\u0161niniai kreminiai l\u016bp\u0173 da\u017eai su blizgiu efektu, dr\u0117kinan\u010dia formule ir \u0161velnia tekst\u016bra ilgalaikiam komfortui.","og_url":"https:\/\/www.malinashop.lt\/lt_lt\/shop\/nejha-kreminiai-lupu-dazai-ossession-08-cherry-35-g\/","og_site_name":"MalinaShop.lt J\u016bs\u0173 sveikatai ir gro\u017eiui.","article_modified_time":"2026-03-18T09:41:43+00:00","og_image":[{"width":600,"height":600,"url":"https:\/\/www.malinashop.lt\/wp-content\/uploads\/2025\/10\/NEJHA-kreminiai-lupu-dazai-OSSESSION-08-Cherry-35-g.webp","type":"image\/webp"}],"twitter_card":"summary_large_image","schema":{"@context":"https:\/\/schema.org","@graph":[{"@type":"WebPage","@id":"https:\/\/www.malinashop.lt\/shop\/nejha-kreminiai-lupu-dazai-ossession-08-cherry-35-g\/","url":"https:\/\/www.malinashop.lt\/shop\/nejha-kreminiai-lupu-dazai-ossession-08-cherry-35-g\/","name":"NEJHA kreminiai l\u016bp\u0173 da\u017eai OSSESSION (08 Cherry), 3,5 g - MalinaShop.lt J\u016bs\u0173 sveikatai ir gro\u017eiui.","isPartOf":{"@id":"https:\/\/www.malinashop.lt\/#website"},"primaryImageOfPage":{"@id":"https:\/\/www.malinashop.lt\/shop\/nejha-kreminiai-lupu-dazai-ossession-08-cherry-35-g\/#primaryimage"},"image":{"@id":"https:\/\/www.malinashop.lt\/shop\/nejha-kreminiai-lupu-dazai-ossession-08-cherry-35-g\/#primaryimage"},"thumbnailUrl":"https:\/\/www.malinashop.lt\/wp-content\/uploads\/2025\/10\/NEJHA-kreminiai-lupu-dazai-OSSESSION-08-Cherry-35-g.webp","datePublished":"2025-10-24T20:24:51+00:00","dateModified":"2026-03-18T09:41:43+00:00","description":"NEJHA OSSESSION (08 Cherry) \u2013 vy\u0161niniai kreminiai l\u016bp\u0173 da\u017eai su blizgiu efektu, dr\u0117kinan\u010dia formule ir \u0161velnia tekst\u016bra ilgalaikiam komfortui.","breadcrumb":{"@id":"https:\/\/www.malinashop.lt\/shop\/nejha-kreminiai-lupu-dazai-ossession-08-cherry-35-g\/#breadcrumb"},"inLanguage":"lt-LT","potentialAction":[{"@type":"ReadAction","target":["https:\/\/www.malinashop.lt\/shop\/nejha-kreminiai-lupu-dazai-ossession-08-cherry-35-g\/"]}]},{"@type":"ImageObject","inLanguage":"lt-LT","@id":"https:\/\/www.malinashop.lt\/shop\/nejha-kreminiai-lupu-dazai-ossession-08-cherry-35-g\/#primaryimage","url":"https:\/\/www.malinashop.lt\/wp-content\/uploads\/2025\/10\/NEJHA-kreminiai-lupu-dazai-OSSESSION-08-Cherry-35-g.webp","contentUrl":"https:\/\/www.malinashop.lt\/wp-content\/uploads\/2025\/10\/NEJHA-kreminiai-lupu-dazai-OSSESSION-08-Cherry-35-g.webp","width":600,"height":600},{"@type":"BreadcrumbList","@id":"https:\/\/www.malinashop.lt\/shop\/nejha-kreminiai-lupu-dazai-ossession-08-cherry-35-g\/#breadcrumb","itemListElement":[{"@type":"ListItem","position":1,"name":"Pagrindinis","item":"https:\/\/www.malinashop.lt\/"},{"@type":"ListItem","position":2,"name":"Parduotuv\u0117","item":"https:\/\/www.malinashop.lt\/en\/parduotuve\/"},{"@type":"ListItem","position":3,"name":"NEJHA kreminiai l\u016bp\u0173 da\u017eai OSSESSION (08 Cherry), 3,5 g"}]},{"@type":"WebSite","@id":"https:\/\/www.malinashop.lt\/#website","url":"https:\/\/www.malinashop.lt\/","name":"COM Group Ecommerce","description":"MalinaShop.lt - Gro\u017eio ir sveikatos produktai i\u0161 patikim\u0173 preki\u0173 \u017eenkl\u0173. Atraskite auk\u0161tos kokyb\u0117s kosmetik\u0105 u\u017e puiki\u0105 kain\u0105.","publisher":{"@id":"https:\/\/www.malinashop.lt\/#organization"},"potentialAction":[{"@type":"SearchAction","target":{"@type":"EntryPoint","urlTemplate":"https:\/\/www.malinashop.lt\/?s={search_term_string}"},"query-input":{"@type":"PropertyValueSpecification","valueRequired":true,"valueName":"search_term_string"}}],"inLanguage":"lt-LT"},{"@type":"Organization","@id":"https:\/\/www.malinashop.lt\/#organization","name":"COM Group Ecommerce","url":"https:\/\/www.malinashop.lt\/","logo":{"@type":"ImageObject","inLanguage":"lt-LT","@id":"https:\/\/www.malinashop.lt\/#\/schema\/logo\/image\/","url":"https:\/\/www.malinashop.lt\/wp-content\/uploads\/2024\/08\/462559670_3787732518133670_9795632669273463_n-e1731525914575.png","contentUrl":"https:\/\/www.malinashop.lt\/wp-content\/uploads\/2024\/08\/462559670_3787732518133670_9795632669273463_n-e1731525914575.png","width":180,"height":60,"caption":"COM Group Ecommerce"},"image":{"@id":"https:\/\/www.malinashop.lt\/#\/schema\/logo\/image\/"}}]}},"jetpack_sharing_enabled":true,"_links":{"self":[{"href":"https:\/\/www.malinashop.lt\/lt_lt\/wp-json\/wp\/v2\/product\/59343","targetHints":{"allow":["GET"]}}],"collection":[{"href":"https:\/\/www.malinashop.lt\/lt_lt\/wp-json\/wp\/v2\/product"}],"about":[{"href":"https:\/\/www.malinashop.lt\/lt_lt\/wp-json\/wp\/v2\/types\/product"}],"version-history":[{"count":1,"href":"https:\/\/www.malinashop.lt\/lt_lt\/wp-json\/wp\/v2\/product\/59343\/revisions"}],"predecessor-version":[{"id":59345,"href":"https:\/\/www.malinashop.lt\/lt_lt\/wp-json\/wp\/v2\/product\/59343\/revisions\/59345"}],"wp:featuredmedia":[{"embeddable":true,"href":"https:\/\/www.malinashop.lt\/lt_lt\/wp-json\/wp\/v2\/media\/59344"}],"wp:attachment":[{"href":"https:\/\/www.malinashop.lt\/lt_lt\/wp-json\/wp\/v2\/media?parent=59343"}],"wp:term":[{"taxonomy":"product_brand","embeddable":true,"href":"https:\/\/www.malinashop.lt\/lt_lt\/wp-json\/wp\/v2\/product_brand?post=59343"},{"taxonomy":"product_cat","embeddable":true,"href":"https:\/\/www.malinashop.lt\/lt_lt\/wp-json\/wp\/v2\/product_cat?post=59343"},{"taxonomy":"product_tag","embeddable":true,"href":"https:\/\/www.malinashop.lt\/lt_lt\/wp-json\/wp\/v2\/product_tag?post=59343"}],"curies":[{"name":"wp","href":"https:\/\/api.w.org\/{rel}","templated":true}]}}