{"id":59322,"date":"2025-10-24T23:06:50","date_gmt":"2025-10-24T20:06:50","guid":{"rendered":"https:\/\/malinashop.lt\/?post_type=product&#038;p=59322"},"modified":"2026-03-18T12:41:46","modified_gmt":"2026-03-18T09:41:46","slug":"nejha-skysti-matiniai-lupu-dazai-phoria-05-intense-nude-45-ml","status":"publish","type":"product","link":"https:\/\/www.malinashop.lt\/lt_lt\/shop\/nejha-skysti-matiniai-lupu-dazai-phoria-05-intense-nude-45-ml\/","title":{"rendered":"NEJHA skysti matiniai l\u016bp\u0173 da\u017eai NEJHA skysti matiniai l\u016bp\u0173 da\u017eai PHORIA (05 Intense Nude), 4,5 ml(06 Chocolate), 4,5 ml (Kopija)"},"content":{"rendered":"<p data-start=\"287\" data-end=\"469\"><strong data-start=\"287\" data-end=\"362\">NEJHA skysti, ilgalaikiai, matiniai l\u016bp\u0173 da\u017eai PHORIA (05 Intense Nude)<\/strong> \u2013 tai <strong data-start=\"369\" data-end=\"404\">subtilios, eleganti\u0161kos spalvos<\/strong> l\u016bp\u0173 da\u017eai, suteikiantys nat\u016bral\u0173, ta\u010diau i\u0161rai\u0161king\u0105 \u012fvaizd\u012f.<\/p>\n<p data-start=\"471\" data-end=\"655\">Lengva, <strong data-start=\"479\" data-end=\"500\">aksomin\u0117 tekst\u016bra<\/strong> tolygiai dengia l\u016bpas, nesukeldama diskomforto ar sausumo poj\u016b\u010dio. Dr\u0117kinanti formul\u0117 palaiko l\u016bp\u0173 elastingum\u0105, \u0161velnum\u0105 ir suteikia ilgalaik\u012f komfort\u0105.<\/p>\n<p data-start=\"657\" data-end=\"797\">\u0160is <strong data-start=\"661\" data-end=\"691\">universalus nude atspalvis<\/strong> tinka bet kokiai progai \u2013 tiek kasdienai, tiek vakaro \u012fvaizd\u017eiui, subtiliai pabr\u0117\u017edamas nat\u016bral\u0173 gro\u017e\u012f.<\/p>\n<p data-start=\"799\" data-end=\"829\"><strong data-start=\"799\" data-end=\"827\">Pagrindiniai privalumai:<\/strong><\/p>\n<ul data-start=\"830\" data-end=\"1023\">\n<li data-start=\"830\" data-end=\"881\">\n<p data-start=\"832\" data-end=\"881\">Intensyvus nude atspalvis su matiniu u\u017ebaigimu;<\/p>\n<\/li>\n<li data-start=\"882\" data-end=\"924\">\n<p data-start=\"884\" data-end=\"924\">Lengva, \u0161velni ir dr\u0117kinanti tekst\u016bra;<\/p>\n<\/li>\n<li data-start=\"925\" data-end=\"955\">\n<p data-start=\"927\" data-end=\"955\">Ilgai i\u0161liekantis efektas;<\/p>\n<\/li>\n<li data-start=\"956\" data-end=\"989\">\n<p data-start=\"958\" data-end=\"989\">Nesausina ir nepalieka \u017eymi\u0173;<\/p>\n<\/li>\n<li data-start=\"990\" data-end=\"1023\">\n<p data-start=\"992\" data-end=\"1023\">Tinkamas visiems odos tonams.<\/p>\n<\/li>\n<\/ul>\n<p data-start=\"1025\" data-end=\"1150\"><strong data-start=\"1025\" data-end=\"1040\">Naudojimas:<\/strong><br data-start=\"1040\" data-end=\"1043\" \/>Tepkite tiesiai ant l\u016bp\u0173 aplikatoriumi. Apatin\u0119 l\u016bp\u0105 tepkite nuo kampo iki kampo, vir\u0161utin\u0119 \u2013 nuo centro.<\/p>\n","protected":false},"excerpt":{"rendered":"<p data-start=\"117\" data-end=\"251\">NEJHA PHORIA (05 Intense Nude) \u2013 ilgalaikiai matiniai l\u016bp\u0173 da\u017eai su intensyviu nude atspalviu, \u0161velnia tekst\u016bra ir dr\u0117kinan\u010dia formule.<\/p>\n","protected":false},"featured_media":59323,"template":"","meta":[],"product_brand":[1358],"product_cat":[102,708,533,1299],"product_tag":[1573],"class_list":{"0":"post-59322","1":"product","2":"type-product","3":"status-publish","4":"has-post-thumbnail","6":"product_brand-nejha","7":"product_cat-dekoratyvine-kosmetika","8":"product_cat-lupoms","9":"product_cat-lupu-dazai","10":"product_cat-produktai-su-dovanomis","11":"product_tag-nejha","13":"first","14":"instock","15":"sale","16":"taxable","17":"shipping-taxable","18":"purchasable","19":"product-type-simple"},"yoast_head":"<!-- This site is optimized with the Yoast SEO plugin v27.4 - https:\/\/yoast.com\/product\/yoast-seo-wordpress\/ -->\n<title>NEJHA skysti matiniai l\u016bp\u0173 da\u017eai NEJHA skysti matiniai l\u016bp\u0173 da\u017eai PHORIA (05 Intense Nude), 4,5 ml(06 Chocolate), 4,5 ml (Kopija) - MalinaShop.lt J\u016bs\u0173 sveikatai ir gro\u017eiui.<\/title>\n<meta name=\"description\" content=\"NEJHA PHORIA (05 Intense Nude) \u2013 matiniai ilgalaikiai l\u016bp\u0173 da\u017eai su intensyviu nude atspalviu, \u0161velnia tekst\u016bra ir dr\u0117kinan\u010diu poveikiu.\" \/>\n<meta name=\"robots\" content=\"index, follow, max-snippet:-1, max-image-preview:large, max-video-preview:-1\" \/>\n<link rel=\"canonical\" href=\"https:\/\/www.malinashop.lt\/lt_lt\/shop\/nejha-skysti-matiniai-lupu-dazai-phoria-05-intense-nude-45-ml\/\" \/>\n<meta property=\"og:locale\" content=\"lt_LT\" \/>\n<meta property=\"og:type\" content=\"article\" \/>\n<meta property=\"og:title\" content=\"NEJHA skysti matiniai l\u016bp\u0173 da\u017eai NEJHA skysti matiniai l\u016bp\u0173 da\u017eai PHORIA (05 Intense Nude), 4,5 ml(06 Chocolate), 4,5 ml (Kopija) - MalinaShop.lt J\u016bs\u0173 sveikatai ir gro\u017eiui.\" \/>\n<meta property=\"og:description\" content=\"NEJHA PHORIA (05 Intense Nude) \u2013 matiniai ilgalaikiai l\u016bp\u0173 da\u017eai su intensyviu nude atspalviu, \u0161velnia tekst\u016bra ir dr\u0117kinan\u010diu poveikiu.\" \/>\n<meta property=\"og:url\" content=\"https:\/\/www.malinashop.lt\/lt_lt\/shop\/nejha-skysti-matiniai-lupu-dazai-phoria-05-intense-nude-45-ml\/\" \/>\n<meta property=\"og:site_name\" content=\"MalinaShop.lt J\u016bs\u0173 sveikatai ir gro\u017eiui.\" \/>\n<meta property=\"article:modified_time\" content=\"2026-03-18T09:41:46+00:00\" \/>\n<meta property=\"og:image\" content=\"https:\/\/www.malinashop.lt\/wp-content\/uploads\/2025\/10\/NEJHA-skysti-matiniai-lupu-dazai-PHORIA-05-Intense-Nude-45-ml.webp\" \/>\n\t<meta property=\"og:image:width\" content=\"600\" \/>\n\t<meta property=\"og:image:height\" content=\"600\" \/>\n\t<meta property=\"og:image:type\" content=\"image\/webp\" \/>\n<meta name=\"twitter:card\" content=\"summary_large_image\" \/>\n<script type=\"application\/ld+json\" class=\"yoast-schema-graph\">{\"@context\":\"https:\\\/\\\/schema.org\",\"@graph\":[{\"@type\":\"WebPage\",\"@id\":\"https:\\\/\\\/www.malinashop.lt\\\/en\\\/shop\\\/nejha-skysti-matiniai-lupu-dazai-phoria-05-intense-nude-45-ml\\\/\",\"url\":\"https:\\\/\\\/www.malinashop.lt\\\/en\\\/shop\\\/nejha-skysti-matiniai-lupu-dazai-phoria-05-intense-nude-45-ml\\\/\",\"name\":\"NEJHA skysti matiniai l\u016bp\u0173 da\u017eai NEJHA skysti matiniai l\u016bp\u0173 da\u017eai PHORIA (05 Intense Nude), 4,5 ml(06 Chocolate), 4,5 ml (Kopija) - MalinaShop.lt J\u016bs\u0173 sveikatai ir gro\u017eiui.\",\"isPartOf\":{\"@id\":\"https:\\\/\\\/www.malinashop.lt\\\/#website\"},\"primaryImageOfPage\":{\"@id\":\"https:\\\/\\\/www.malinashop.lt\\\/en\\\/shop\\\/nejha-skysti-matiniai-lupu-dazai-phoria-05-intense-nude-45-ml\\\/#primaryimage\"},\"image\":{\"@id\":\"https:\\\/\\\/www.malinashop.lt\\\/en\\\/shop\\\/nejha-skysti-matiniai-lupu-dazai-phoria-05-intense-nude-45-ml\\\/#primaryimage\"},\"thumbnailUrl\":\"https:\\\/\\\/www.malinashop.lt\\\/wp-content\\\/uploads\\\/2025\\\/10\\\/NEJHA-skysti-matiniai-lupu-dazai-PHORIA-05-Intense-Nude-45-ml.webp\",\"datePublished\":\"2025-10-24T20:06:50+00:00\",\"dateModified\":\"2026-03-18T09:41:46+00:00\",\"description\":\"NEJHA PHORIA (05 Intense Nude) \u2013 matiniai ilgalaikiai l\u016bp\u0173 da\u017eai su intensyviu nude atspalviu, \u0161velnia tekst\u016bra ir dr\u0117kinan\u010diu poveikiu.\",\"breadcrumb\":{\"@id\":\"https:\\\/\\\/www.malinashop.lt\\\/en\\\/shop\\\/nejha-skysti-matiniai-lupu-dazai-phoria-05-intense-nude-45-ml\\\/#breadcrumb\"},\"inLanguage\":\"lt-LT\",\"potentialAction\":[{\"@type\":\"ReadAction\",\"target\":[\"https:\\\/\\\/www.malinashop.lt\\\/en\\\/shop\\\/nejha-skysti-matiniai-lupu-dazai-phoria-05-intense-nude-45-ml\\\/\"]}]},{\"@type\":\"ImageObject\",\"inLanguage\":\"lt-LT\",\"@id\":\"https:\\\/\\\/www.malinashop.lt\\\/en\\\/shop\\\/nejha-skysti-matiniai-lupu-dazai-phoria-05-intense-nude-45-ml\\\/#primaryimage\",\"url\":\"https:\\\/\\\/www.malinashop.lt\\\/wp-content\\\/uploads\\\/2025\\\/10\\\/NEJHA-skysti-matiniai-lupu-dazai-PHORIA-05-Intense-Nude-45-ml.webp\",\"contentUrl\":\"https:\\\/\\\/www.malinashop.lt\\\/wp-content\\\/uploads\\\/2025\\\/10\\\/NEJHA-skysti-matiniai-lupu-dazai-PHORIA-05-Intense-Nude-45-ml.webp\",\"width\":600,\"height\":600},{\"@type\":\"BreadcrumbList\",\"@id\":\"https:\\\/\\\/www.malinashop.lt\\\/en\\\/shop\\\/nejha-skysti-matiniai-lupu-dazai-phoria-05-intense-nude-45-ml\\\/#breadcrumb\",\"itemListElement\":[{\"@type\":\"ListItem\",\"position\":1,\"name\":\"Pagrindinis\",\"item\":\"https:\\\/\\\/www.malinashop.lt\\\/\"},{\"@type\":\"ListItem\",\"position\":2,\"name\":\"Parduotuv\u0117\",\"item\":\"https:\\\/\\\/www.malinashop.lt\\\/en\\\/parduotuve\\\/\"},{\"@type\":\"ListItem\",\"position\":3,\"name\":\"NEJHA skysti matiniai l\u016bp\u0173 da\u017eai NEJHA skysti matiniai l\u016bp\u0173 da\u017eai PHORIA (05 Intense Nude), 4,5 ml(06 Chocolate), 4,5 ml (Kopija)\"}]},{\"@type\":\"WebSite\",\"@id\":\"https:\\\/\\\/www.malinashop.lt\\\/#website\",\"url\":\"https:\\\/\\\/www.malinashop.lt\\\/\",\"name\":\"COM Group Ecommerce\",\"description\":\"MalinaShop.lt - Gro\u017eio ir sveikatos produktai i\u0161 patikim\u0173 preki\u0173 \u017eenkl\u0173. Atraskite auk\u0161tos kokyb\u0117s kosmetik\u0105 u\u017e puiki\u0105 kain\u0105.\",\"publisher\":{\"@id\":\"https:\\\/\\\/www.malinashop.lt\\\/#organization\"},\"potentialAction\":[{\"@type\":\"SearchAction\",\"target\":{\"@type\":\"EntryPoint\",\"urlTemplate\":\"https:\\\/\\\/www.malinashop.lt\\\/?s={search_term_string}\"},\"query-input\":{\"@type\":\"PropertyValueSpecification\",\"valueRequired\":true,\"valueName\":\"search_term_string\"}}],\"inLanguage\":\"lt-LT\"},{\"@type\":\"Organization\",\"@id\":\"https:\\\/\\\/www.malinashop.lt\\\/#organization\",\"name\":\"COM Group Ecommerce\",\"url\":\"https:\\\/\\\/www.malinashop.lt\\\/\",\"logo\":{\"@type\":\"ImageObject\",\"inLanguage\":\"lt-LT\",\"@id\":\"https:\\\/\\\/www.malinashop.lt\\\/#\\\/schema\\\/logo\\\/image\\\/\",\"url\":\"https:\\\/\\\/www.malinashop.lt\\\/wp-content\\\/uploads\\\/2024\\\/08\\\/462559670_3787732518133670_9795632669273463_n-e1731525914575.png\",\"contentUrl\":\"https:\\\/\\\/www.malinashop.lt\\\/wp-content\\\/uploads\\\/2024\\\/08\\\/462559670_3787732518133670_9795632669273463_n-e1731525914575.png\",\"width\":180,\"height\":60,\"caption\":\"COM Group Ecommerce\"},\"image\":{\"@id\":\"https:\\\/\\\/www.malinashop.lt\\\/#\\\/schema\\\/logo\\\/image\\\/\"}}]}<\/script>\n<!-- \/ Yoast SEO plugin. -->","yoast_head_json":{"title":"NEJHA skysti matiniai l\u016bp\u0173 da\u017eai NEJHA skysti matiniai l\u016bp\u0173 da\u017eai PHORIA (05 Intense Nude), 4,5 ml(06 Chocolate), 4,5 ml (Kopija) - MalinaShop.lt J\u016bs\u0173 sveikatai ir gro\u017eiui.","description":"NEJHA PHORIA (05 Intense Nude) \u2013 matiniai ilgalaikiai l\u016bp\u0173 da\u017eai su intensyviu nude atspalviu, \u0161velnia tekst\u016bra ir dr\u0117kinan\u010diu poveikiu.","robots":{"index":"index","follow":"follow","max-snippet":"max-snippet:-1","max-image-preview":"max-image-preview:large","max-video-preview":"max-video-preview:-1"},"canonical":"https:\/\/www.malinashop.lt\/lt_lt\/shop\/nejha-skysti-matiniai-lupu-dazai-phoria-05-intense-nude-45-ml\/","og_locale":"lt_LT","og_type":"article","og_title":"NEJHA skysti matiniai l\u016bp\u0173 da\u017eai NEJHA skysti matiniai l\u016bp\u0173 da\u017eai PHORIA (05 Intense Nude), 4,5 ml(06 Chocolate), 4,5 ml (Kopija) - MalinaShop.lt J\u016bs\u0173 sveikatai ir gro\u017eiui.","og_description":"NEJHA PHORIA (05 Intense Nude) \u2013 matiniai ilgalaikiai l\u016bp\u0173 da\u017eai su intensyviu nude atspalviu, \u0161velnia tekst\u016bra ir dr\u0117kinan\u010diu poveikiu.","og_url":"https:\/\/www.malinashop.lt\/lt_lt\/shop\/nejha-skysti-matiniai-lupu-dazai-phoria-05-intense-nude-45-ml\/","og_site_name":"MalinaShop.lt J\u016bs\u0173 sveikatai ir gro\u017eiui.","article_modified_time":"2026-03-18T09:41:46+00:00","og_image":[{"width":600,"height":600,"url":"https:\/\/www.malinashop.lt\/wp-content\/uploads\/2025\/10\/NEJHA-skysti-matiniai-lupu-dazai-PHORIA-05-Intense-Nude-45-ml.webp","type":"image\/webp"}],"twitter_card":"summary_large_image","schema":{"@context":"https:\/\/schema.org","@graph":[{"@type":"WebPage","@id":"https:\/\/www.malinashop.lt\/en\/shop\/nejha-skysti-matiniai-lupu-dazai-phoria-05-intense-nude-45-ml\/","url":"https:\/\/www.malinashop.lt\/en\/shop\/nejha-skysti-matiniai-lupu-dazai-phoria-05-intense-nude-45-ml\/","name":"NEJHA skysti matiniai l\u016bp\u0173 da\u017eai NEJHA skysti matiniai l\u016bp\u0173 da\u017eai PHORIA (05 Intense Nude), 4,5 ml(06 Chocolate), 4,5 ml (Kopija) - MalinaShop.lt J\u016bs\u0173 sveikatai ir gro\u017eiui.","isPartOf":{"@id":"https:\/\/www.malinashop.lt\/#website"},"primaryImageOfPage":{"@id":"https:\/\/www.malinashop.lt\/en\/shop\/nejha-skysti-matiniai-lupu-dazai-phoria-05-intense-nude-45-ml\/#primaryimage"},"image":{"@id":"https:\/\/www.malinashop.lt\/en\/shop\/nejha-skysti-matiniai-lupu-dazai-phoria-05-intense-nude-45-ml\/#primaryimage"},"thumbnailUrl":"https:\/\/www.malinashop.lt\/wp-content\/uploads\/2025\/10\/NEJHA-skysti-matiniai-lupu-dazai-PHORIA-05-Intense-Nude-45-ml.webp","datePublished":"2025-10-24T20:06:50+00:00","dateModified":"2026-03-18T09:41:46+00:00","description":"NEJHA PHORIA (05 Intense Nude) \u2013 matiniai ilgalaikiai l\u016bp\u0173 da\u017eai su intensyviu nude atspalviu, \u0161velnia tekst\u016bra ir dr\u0117kinan\u010diu poveikiu.","breadcrumb":{"@id":"https:\/\/www.malinashop.lt\/en\/shop\/nejha-skysti-matiniai-lupu-dazai-phoria-05-intense-nude-45-ml\/#breadcrumb"},"inLanguage":"lt-LT","potentialAction":[{"@type":"ReadAction","target":["https:\/\/www.malinashop.lt\/en\/shop\/nejha-skysti-matiniai-lupu-dazai-phoria-05-intense-nude-45-ml\/"]}]},{"@type":"ImageObject","inLanguage":"lt-LT","@id":"https:\/\/www.malinashop.lt\/en\/shop\/nejha-skysti-matiniai-lupu-dazai-phoria-05-intense-nude-45-ml\/#primaryimage","url":"https:\/\/www.malinashop.lt\/wp-content\/uploads\/2025\/10\/NEJHA-skysti-matiniai-lupu-dazai-PHORIA-05-Intense-Nude-45-ml.webp","contentUrl":"https:\/\/www.malinashop.lt\/wp-content\/uploads\/2025\/10\/NEJHA-skysti-matiniai-lupu-dazai-PHORIA-05-Intense-Nude-45-ml.webp","width":600,"height":600},{"@type":"BreadcrumbList","@id":"https:\/\/www.malinashop.lt\/en\/shop\/nejha-skysti-matiniai-lupu-dazai-phoria-05-intense-nude-45-ml\/#breadcrumb","itemListElement":[{"@type":"ListItem","position":1,"name":"Pagrindinis","item":"https:\/\/www.malinashop.lt\/"},{"@type":"ListItem","position":2,"name":"Parduotuv\u0117","item":"https:\/\/www.malinashop.lt\/en\/parduotuve\/"},{"@type":"ListItem","position":3,"name":"NEJHA skysti matiniai l\u016bp\u0173 da\u017eai NEJHA skysti matiniai l\u016bp\u0173 da\u017eai PHORIA (05 Intense Nude), 4,5 ml(06 Chocolate), 4,5 ml (Kopija)"}]},{"@type":"WebSite","@id":"https:\/\/www.malinashop.lt\/#website","url":"https:\/\/www.malinashop.lt\/","name":"COM Group Ecommerce","description":"MalinaShop.lt - Gro\u017eio ir sveikatos produktai i\u0161 patikim\u0173 preki\u0173 \u017eenkl\u0173. Atraskite auk\u0161tos kokyb\u0117s kosmetik\u0105 u\u017e puiki\u0105 kain\u0105.","publisher":{"@id":"https:\/\/www.malinashop.lt\/#organization"},"potentialAction":[{"@type":"SearchAction","target":{"@type":"EntryPoint","urlTemplate":"https:\/\/www.malinashop.lt\/?s={search_term_string}"},"query-input":{"@type":"PropertyValueSpecification","valueRequired":true,"valueName":"search_term_string"}}],"inLanguage":"lt-LT"},{"@type":"Organization","@id":"https:\/\/www.malinashop.lt\/#organization","name":"COM Group Ecommerce","url":"https:\/\/www.malinashop.lt\/","logo":{"@type":"ImageObject","inLanguage":"lt-LT","@id":"https:\/\/www.malinashop.lt\/#\/schema\/logo\/image\/","url":"https:\/\/www.malinashop.lt\/wp-content\/uploads\/2024\/08\/462559670_3787732518133670_9795632669273463_n-e1731525914575.png","contentUrl":"https:\/\/www.malinashop.lt\/wp-content\/uploads\/2024\/08\/462559670_3787732518133670_9795632669273463_n-e1731525914575.png","width":180,"height":60,"caption":"COM Group Ecommerce"},"image":{"@id":"https:\/\/www.malinashop.lt\/#\/schema\/logo\/image\/"}}]}},"jetpack_sharing_enabled":true,"_links":{"self":[{"href":"https:\/\/www.malinashop.lt\/lt_lt\/wp-json\/wp\/v2\/product\/59322","targetHints":{"allow":["GET"]}}],"collection":[{"href":"https:\/\/www.malinashop.lt\/lt_lt\/wp-json\/wp\/v2\/product"}],"about":[{"href":"https:\/\/www.malinashop.lt\/lt_lt\/wp-json\/wp\/v2\/types\/product"}],"version-history":[{"count":1,"href":"https:\/\/www.malinashop.lt\/lt_lt\/wp-json\/wp\/v2\/product\/59322\/revisions"}],"predecessor-version":[{"id":59324,"href":"https:\/\/www.malinashop.lt\/lt_lt\/wp-json\/wp\/v2\/product\/59322\/revisions\/59324"}],"wp:featuredmedia":[{"embeddable":true,"href":"https:\/\/www.malinashop.lt\/lt_lt\/wp-json\/wp\/v2\/media\/59323"}],"wp:attachment":[{"href":"https:\/\/www.malinashop.lt\/lt_lt\/wp-json\/wp\/v2\/media?parent=59322"}],"wp:term":[{"taxonomy":"product_brand","embeddable":true,"href":"https:\/\/www.malinashop.lt\/lt_lt\/wp-json\/wp\/v2\/product_brand?post=59322"},{"taxonomy":"product_cat","embeddable":true,"href":"https:\/\/www.malinashop.lt\/lt_lt\/wp-json\/wp\/v2\/product_cat?post=59322"},{"taxonomy":"product_tag","embeddable":true,"href":"https:\/\/www.malinashop.lt\/lt_lt\/wp-json\/wp\/v2\/product_tag?post=59322"}],"curies":[{"name":"wp","href":"https:\/\/api.w.org\/{rel}","templated":true}]}}