{"id":59303,"date":"2025-10-24T22:51:05","date_gmt":"2025-10-24T19:51:05","guid":{"rendered":"https:\/\/malinashop.lt\/?post_type=product&#038;p=59303"},"modified":"2026-03-18T12:41:48","modified_gmt":"2026-03-18T09:41:48","slug":"nejha-putlinamasis-lupu-blizgesys-plump-boss-01-glitter-candy-85-ml","status":"publish","type":"product","link":"https:\/\/www.malinashop.lt\/lt_lt\/shop\/nejha-putlinamasis-lupu-blizgesys-plump-boss-01-glitter-candy-85-ml\/","title":{"rendered":"NEJHA putlinamasis l\u016bp\u0173 blizgesys PLUMP BOSS (01 Glitter Candy), 8,5 ml"},"content":{"rendered":"<p data-start=\"324\" data-end=\"535\"><strong data-start=\"324\" data-end=\"391\">NEJHA putlinamasis l\u016bp\u0173 blizgesys PLUMP BOSS (01 Glitter Candy)<\/strong> \u2013 tai <strong data-start=\"398\" data-end=\"439\">putlinantis ir intensyviai spindintis<\/strong> l\u016bp\u0173 blizgesys, kuris suteikia l\u016bpoms i\u0161rai\u0161kingumo, \u017evilgesio ir \u0161velnaus, malonaus poj\u016b\u010dio.<\/p>\n<p data-start=\"537\" data-end=\"827\">Formul\u0117 su <strong data-start=\"548\" data-end=\"590\">hialurono r\u016bg\u0161timi ir migdol\u0173 aliejumi<\/strong> akimirksniu <strong data-start=\"603\" data-end=\"645\">dr\u0117kina, glotnina ir suteikia apimties<\/strong>, tod\u0117l l\u016bpos atrodo putlesn\u0117s ir elastingesn\u0117s. \u201eGlitter Candy\u201c atspalvis suteikia <strong data-start=\"729\" data-end=\"758\">\u017e\u0117rin\u010dio blizgesio efekt\u0105<\/strong>, kuris puikiai pabr\u0117\u017eia l\u016bp\u0173 form\u0105 ir sukuria i\u0161skirtin\u012f spindes\u012f.<\/p>\n<p data-start=\"829\" data-end=\"922\">Lengva, nelipni tekst\u016bra leid\u017eia komforti\u0161kai d\u0117v\u0117ti vis\u0105 dien\u0105, o blizgesys i\u0161lieka ilgai.<\/p>\n<p data-start=\"924\" data-end=\"954\"><strong data-start=\"924\" data-end=\"952\">Pagrindiniai privalumai:<\/strong><\/p>\n<ul data-start=\"955\" data-end=\"1198\">\n<li data-start=\"955\" data-end=\"1006\">\n<p data-start=\"957\" data-end=\"1006\">Hialurono r\u016bg\u0161tis dr\u0117kina ir suteikia apimties.<\/p>\n<\/li>\n<li data-start=\"1007\" data-end=\"1047\">\n<p data-start=\"1009\" data-end=\"1047\">Migdol\u0173 aliejus maitina ir \u0161velnina.<\/p>\n<\/li>\n<li data-start=\"1048\" data-end=\"1090\">\n<p data-start=\"1050\" data-end=\"1090\">Matomas putlinimo efektas akimirksniu.<\/p>\n<\/li>\n<li data-start=\"1091\" data-end=\"1150\">\n<p data-start=\"1093\" data-end=\"1150\">Ilgai i\u0161liekantis blizgesys su \u017e\u0117rin\u010diais atspind\u017eiais.<\/p>\n<\/li>\n<li data-start=\"1151\" data-end=\"1198\">\n<p data-start=\"1153\" data-end=\"1198\">Nelipni tekst\u016bra, malonus poj\u016btis ant l\u016bp\u0173.<\/p>\n<\/li>\n<\/ul>\n<p data-start=\"1200\" data-end=\"1323\"><strong data-start=\"1200\" data-end=\"1215\">Naudojimas:<\/strong><br data-start=\"1215\" data-end=\"1218\" \/>Aplikatoriumi tolygiai paskirstykite blizges\u012f ant \u0161vari\u0173 l\u016bp\u0173. Galima naudoti vien\u0105 arba ant l\u016bp\u0173 da\u017e\u0173.<\/p>\n","protected":false},"excerpt":{"rendered":"<p data-start=\"119\" data-end=\"258\">NEJHA PLUMP BOSS (01 Glitter Candy) \u2013 blizgus l\u016bp\u0173 blizgesys su hialuronu ir migdol\u0173 aliejumi, suteikiantis akimirksniu matom\u0105 putlinimo efekt\u0105 ir \u017e\u0117rin\u010dio spindesio.<\/p>\n","protected":false},"featured_media":59305,"template":"","meta":[],"product_brand":[1358],"product_cat":[102,523,1299],"product_tag":[1573],"class_list":{"0":"post-59303","1":"product","2":"type-product","3":"status-publish","4":"has-post-thumbnail","6":"product_brand-nejha","7":"product_cat-dekoratyvine-kosmetika","8":"product_cat-lupu-blizgiai","9":"product_cat-produktai-su-dovanomis","10":"product_tag-nejha","12":"first","13":"instock","14":"sale","15":"taxable","16":"shipping-taxable","17":"purchasable","18":"product-type-simple"},"yoast_head":"<!-- This site is optimized with the Yoast SEO plugin v27.4 - https:\/\/yoast.com\/product\/yoast-seo-wordpress\/ -->\n<title>NEJHA putlinamasis l\u016bp\u0173 blizgesys PLUMP BOSS (01 Glitter Candy), 8,5 ml - MalinaShop.lt J\u016bs\u0173 sveikatai ir gro\u017eiui.<\/title>\n<meta name=\"description\" content=\"NEJHA PLUMP BOSS (01 Glitter Candy) \u2013 l\u016bp\u0173 blizgesys su hialuronu ir migdol\u0173 aliejumi, suteikiantis putlumo, dr\u0117gm\u0117s ir \u017e\u0117rin\u010dio, ilgai i\u0161liekan\u010dio spindesio.\" \/>\n<meta name=\"robots\" content=\"index, follow, max-snippet:-1, max-image-preview:large, max-video-preview:-1\" \/>\n<link rel=\"canonical\" href=\"https:\/\/www.malinashop.lt\/lt_lt\/shop\/nejha-putlinamasis-lupu-blizgesys-plump-boss-01-glitter-candy-85-ml\/\" \/>\n<meta property=\"og:locale\" content=\"lt_LT\" \/>\n<meta property=\"og:type\" content=\"article\" \/>\n<meta property=\"og:title\" content=\"NEJHA putlinamasis l\u016bp\u0173 blizgesys PLUMP BOSS (01 Glitter Candy), 8,5 ml - MalinaShop.lt J\u016bs\u0173 sveikatai ir gro\u017eiui.\" \/>\n<meta property=\"og:description\" content=\"NEJHA PLUMP BOSS (01 Glitter Candy) \u2013 l\u016bp\u0173 blizgesys su hialuronu ir migdol\u0173 aliejumi, suteikiantis putlumo, dr\u0117gm\u0117s ir \u017e\u0117rin\u010dio, ilgai i\u0161liekan\u010dio spindesio.\" \/>\n<meta property=\"og:url\" content=\"https:\/\/www.malinashop.lt\/lt_lt\/shop\/nejha-putlinamasis-lupu-blizgesys-plump-boss-01-glitter-candy-85-ml\/\" \/>\n<meta property=\"og:site_name\" content=\"MalinaShop.lt J\u016bs\u0173 sveikatai ir gro\u017eiui.\" \/>\n<meta property=\"article:modified_time\" content=\"2026-03-18T09:41:48+00:00\" \/>\n<meta property=\"og:image\" content=\"https:\/\/www.malinashop.lt\/wp-content\/uploads\/2025\/10\/NEJHA-putlinamasis-lupu-blizgesys-PLUMP-BOSS-01-Glitter-Candy-85-ml.webp\" \/>\n\t<meta property=\"og:image:width\" content=\"600\" \/>\n\t<meta property=\"og:image:height\" content=\"600\" \/>\n\t<meta property=\"og:image:type\" content=\"image\/webp\" \/>\n<meta name=\"twitter:card\" content=\"summary_large_image\" \/>\n<script type=\"application\/ld+json\" class=\"yoast-schema-graph\">{\"@context\":\"https:\\\/\\\/schema.org\",\"@graph\":[{\"@type\":\"WebPage\",\"@id\":\"https:\\\/\\\/www.malinashop.lt\\\/lt_lt\\\/shop\\\/nejha-putlinamasis-lupu-blizgesys-plump-boss-01-glitter-candy-85-ml\\\/\",\"url\":\"https:\\\/\\\/www.malinashop.lt\\\/lt_lt\\\/shop\\\/nejha-putlinamasis-lupu-blizgesys-plump-boss-01-glitter-candy-85-ml\\\/\",\"name\":\"NEJHA putlinamasis l\u016bp\u0173 blizgesys PLUMP BOSS (01 Glitter Candy), 8,5 ml - MalinaShop.lt J\u016bs\u0173 sveikatai ir gro\u017eiui.\",\"isPartOf\":{\"@id\":\"https:\\\/\\\/www.malinashop.lt\\\/#website\"},\"primaryImageOfPage\":{\"@id\":\"https:\\\/\\\/www.malinashop.lt\\\/lt_lt\\\/shop\\\/nejha-putlinamasis-lupu-blizgesys-plump-boss-01-glitter-candy-85-ml\\\/#primaryimage\"},\"image\":{\"@id\":\"https:\\\/\\\/www.malinashop.lt\\\/lt_lt\\\/shop\\\/nejha-putlinamasis-lupu-blizgesys-plump-boss-01-glitter-candy-85-ml\\\/#primaryimage\"},\"thumbnailUrl\":\"https:\\\/\\\/www.malinashop.lt\\\/wp-content\\\/uploads\\\/2025\\\/10\\\/NEJHA-putlinamasis-lupu-blizgesys-PLUMP-BOSS-01-Glitter-Candy-85-ml.webp\",\"datePublished\":\"2025-10-24T19:51:05+00:00\",\"dateModified\":\"2026-03-18T09:41:48+00:00\",\"description\":\"NEJHA PLUMP BOSS (01 Glitter Candy) \u2013 l\u016bp\u0173 blizgesys su hialuronu ir migdol\u0173 aliejumi, suteikiantis putlumo, dr\u0117gm\u0117s ir \u017e\u0117rin\u010dio, ilgai i\u0161liekan\u010dio spindesio.\",\"breadcrumb\":{\"@id\":\"https:\\\/\\\/www.malinashop.lt\\\/lt_lt\\\/shop\\\/nejha-putlinamasis-lupu-blizgesys-plump-boss-01-glitter-candy-85-ml\\\/#breadcrumb\"},\"inLanguage\":\"lt-LT\",\"potentialAction\":[{\"@type\":\"ReadAction\",\"target\":[\"https:\\\/\\\/www.malinashop.lt\\\/lt_lt\\\/shop\\\/nejha-putlinamasis-lupu-blizgesys-plump-boss-01-glitter-candy-85-ml\\\/\"]}]},{\"@type\":\"ImageObject\",\"inLanguage\":\"lt-LT\",\"@id\":\"https:\\\/\\\/www.malinashop.lt\\\/lt_lt\\\/shop\\\/nejha-putlinamasis-lupu-blizgesys-plump-boss-01-glitter-candy-85-ml\\\/#primaryimage\",\"url\":\"https:\\\/\\\/www.malinashop.lt\\\/wp-content\\\/uploads\\\/2025\\\/10\\\/NEJHA-putlinamasis-lupu-blizgesys-PLUMP-BOSS-01-Glitter-Candy-85-ml.webp\",\"contentUrl\":\"https:\\\/\\\/www.malinashop.lt\\\/wp-content\\\/uploads\\\/2025\\\/10\\\/NEJHA-putlinamasis-lupu-blizgesys-PLUMP-BOSS-01-Glitter-Candy-85-ml.webp\",\"width\":600,\"height\":600},{\"@type\":\"BreadcrumbList\",\"@id\":\"https:\\\/\\\/www.malinashop.lt\\\/lt_lt\\\/shop\\\/nejha-putlinamasis-lupu-blizgesys-plump-boss-01-glitter-candy-85-ml\\\/#breadcrumb\",\"itemListElement\":[{\"@type\":\"ListItem\",\"position\":1,\"name\":\"Pagrindinis\",\"item\":\"https:\\\/\\\/www.malinashop.lt\\\/\"},{\"@type\":\"ListItem\",\"position\":2,\"name\":\"Parduotuv\u0117\",\"item\":\"https:\\\/\\\/www.malinashop.lt\\\/en\\\/parduotuve\\\/\"},{\"@type\":\"ListItem\",\"position\":3,\"name\":\"NEJHA putlinamasis l\u016bp\u0173 blizgesys PLUMP BOSS (01 Glitter Candy), 8,5 ml\"}]},{\"@type\":\"WebSite\",\"@id\":\"https:\\\/\\\/www.malinashop.lt\\\/#website\",\"url\":\"https:\\\/\\\/www.malinashop.lt\\\/\",\"name\":\"COM Group Ecommerce\",\"description\":\"MalinaShop.lt - Gro\u017eio ir sveikatos produktai i\u0161 patikim\u0173 preki\u0173 \u017eenkl\u0173. Atraskite auk\u0161tos kokyb\u0117s kosmetik\u0105 u\u017e puiki\u0105 kain\u0105.\",\"publisher\":{\"@id\":\"https:\\\/\\\/www.malinashop.lt\\\/#organization\"},\"potentialAction\":[{\"@type\":\"SearchAction\",\"target\":{\"@type\":\"EntryPoint\",\"urlTemplate\":\"https:\\\/\\\/www.malinashop.lt\\\/?s={search_term_string}\"},\"query-input\":{\"@type\":\"PropertyValueSpecification\",\"valueRequired\":true,\"valueName\":\"search_term_string\"}}],\"inLanguage\":\"lt-LT\"},{\"@type\":\"Organization\",\"@id\":\"https:\\\/\\\/www.malinashop.lt\\\/#organization\",\"name\":\"COM Group Ecommerce\",\"url\":\"https:\\\/\\\/www.malinashop.lt\\\/\",\"logo\":{\"@type\":\"ImageObject\",\"inLanguage\":\"lt-LT\",\"@id\":\"https:\\\/\\\/www.malinashop.lt\\\/#\\\/schema\\\/logo\\\/image\\\/\",\"url\":\"https:\\\/\\\/www.malinashop.lt\\\/wp-content\\\/uploads\\\/2024\\\/08\\\/462559670_3787732518133670_9795632669273463_n-e1731525914575.png\",\"contentUrl\":\"https:\\\/\\\/www.malinashop.lt\\\/wp-content\\\/uploads\\\/2024\\\/08\\\/462559670_3787732518133670_9795632669273463_n-e1731525914575.png\",\"width\":180,\"height\":60,\"caption\":\"COM Group Ecommerce\"},\"image\":{\"@id\":\"https:\\\/\\\/www.malinashop.lt\\\/#\\\/schema\\\/logo\\\/image\\\/\"}}]}<\/script>\n<!-- \/ Yoast SEO plugin. -->","yoast_head_json":{"title":"NEJHA putlinamasis l\u016bp\u0173 blizgesys PLUMP BOSS (01 Glitter Candy), 8,5 ml - MalinaShop.lt J\u016bs\u0173 sveikatai ir gro\u017eiui.","description":"NEJHA PLUMP BOSS (01 Glitter Candy) \u2013 l\u016bp\u0173 blizgesys su hialuronu ir migdol\u0173 aliejumi, suteikiantis putlumo, dr\u0117gm\u0117s ir \u017e\u0117rin\u010dio, ilgai i\u0161liekan\u010dio spindesio.","robots":{"index":"index","follow":"follow","max-snippet":"max-snippet:-1","max-image-preview":"max-image-preview:large","max-video-preview":"max-video-preview:-1"},"canonical":"https:\/\/www.malinashop.lt\/lt_lt\/shop\/nejha-putlinamasis-lupu-blizgesys-plump-boss-01-glitter-candy-85-ml\/","og_locale":"lt_LT","og_type":"article","og_title":"NEJHA putlinamasis l\u016bp\u0173 blizgesys PLUMP BOSS (01 Glitter Candy), 8,5 ml - MalinaShop.lt J\u016bs\u0173 sveikatai ir gro\u017eiui.","og_description":"NEJHA PLUMP BOSS (01 Glitter Candy) \u2013 l\u016bp\u0173 blizgesys su hialuronu ir migdol\u0173 aliejumi, suteikiantis putlumo, dr\u0117gm\u0117s ir \u017e\u0117rin\u010dio, ilgai i\u0161liekan\u010dio spindesio.","og_url":"https:\/\/www.malinashop.lt\/lt_lt\/shop\/nejha-putlinamasis-lupu-blizgesys-plump-boss-01-glitter-candy-85-ml\/","og_site_name":"MalinaShop.lt J\u016bs\u0173 sveikatai ir gro\u017eiui.","article_modified_time":"2026-03-18T09:41:48+00:00","og_image":[{"width":600,"height":600,"url":"https:\/\/www.malinashop.lt\/wp-content\/uploads\/2025\/10\/NEJHA-putlinamasis-lupu-blizgesys-PLUMP-BOSS-01-Glitter-Candy-85-ml.webp","type":"image\/webp"}],"twitter_card":"summary_large_image","schema":{"@context":"https:\/\/schema.org","@graph":[{"@type":"WebPage","@id":"https:\/\/www.malinashop.lt\/lt_lt\/shop\/nejha-putlinamasis-lupu-blizgesys-plump-boss-01-glitter-candy-85-ml\/","url":"https:\/\/www.malinashop.lt\/lt_lt\/shop\/nejha-putlinamasis-lupu-blizgesys-plump-boss-01-glitter-candy-85-ml\/","name":"NEJHA putlinamasis l\u016bp\u0173 blizgesys PLUMP BOSS (01 Glitter Candy), 8,5 ml - MalinaShop.lt J\u016bs\u0173 sveikatai ir gro\u017eiui.","isPartOf":{"@id":"https:\/\/www.malinashop.lt\/#website"},"primaryImageOfPage":{"@id":"https:\/\/www.malinashop.lt\/lt_lt\/shop\/nejha-putlinamasis-lupu-blizgesys-plump-boss-01-glitter-candy-85-ml\/#primaryimage"},"image":{"@id":"https:\/\/www.malinashop.lt\/lt_lt\/shop\/nejha-putlinamasis-lupu-blizgesys-plump-boss-01-glitter-candy-85-ml\/#primaryimage"},"thumbnailUrl":"https:\/\/www.malinashop.lt\/wp-content\/uploads\/2025\/10\/NEJHA-putlinamasis-lupu-blizgesys-PLUMP-BOSS-01-Glitter-Candy-85-ml.webp","datePublished":"2025-10-24T19:51:05+00:00","dateModified":"2026-03-18T09:41:48+00:00","description":"NEJHA PLUMP BOSS (01 Glitter Candy) \u2013 l\u016bp\u0173 blizgesys su hialuronu ir migdol\u0173 aliejumi, suteikiantis putlumo, dr\u0117gm\u0117s ir \u017e\u0117rin\u010dio, ilgai i\u0161liekan\u010dio spindesio.","breadcrumb":{"@id":"https:\/\/www.malinashop.lt\/lt_lt\/shop\/nejha-putlinamasis-lupu-blizgesys-plump-boss-01-glitter-candy-85-ml\/#breadcrumb"},"inLanguage":"lt-LT","potentialAction":[{"@type":"ReadAction","target":["https:\/\/www.malinashop.lt\/lt_lt\/shop\/nejha-putlinamasis-lupu-blizgesys-plump-boss-01-glitter-candy-85-ml\/"]}]},{"@type":"ImageObject","inLanguage":"lt-LT","@id":"https:\/\/www.malinashop.lt\/lt_lt\/shop\/nejha-putlinamasis-lupu-blizgesys-plump-boss-01-glitter-candy-85-ml\/#primaryimage","url":"https:\/\/www.malinashop.lt\/wp-content\/uploads\/2025\/10\/NEJHA-putlinamasis-lupu-blizgesys-PLUMP-BOSS-01-Glitter-Candy-85-ml.webp","contentUrl":"https:\/\/www.malinashop.lt\/wp-content\/uploads\/2025\/10\/NEJHA-putlinamasis-lupu-blizgesys-PLUMP-BOSS-01-Glitter-Candy-85-ml.webp","width":600,"height":600},{"@type":"BreadcrumbList","@id":"https:\/\/www.malinashop.lt\/lt_lt\/shop\/nejha-putlinamasis-lupu-blizgesys-plump-boss-01-glitter-candy-85-ml\/#breadcrumb","itemListElement":[{"@type":"ListItem","position":1,"name":"Pagrindinis","item":"https:\/\/www.malinashop.lt\/"},{"@type":"ListItem","position":2,"name":"Parduotuv\u0117","item":"https:\/\/www.malinashop.lt\/en\/parduotuve\/"},{"@type":"ListItem","position":3,"name":"NEJHA putlinamasis l\u016bp\u0173 blizgesys PLUMP BOSS (01 Glitter Candy), 8,5 ml"}]},{"@type":"WebSite","@id":"https:\/\/www.malinashop.lt\/#website","url":"https:\/\/www.malinashop.lt\/","name":"COM Group Ecommerce","description":"MalinaShop.lt - Gro\u017eio ir sveikatos produktai i\u0161 patikim\u0173 preki\u0173 \u017eenkl\u0173. Atraskite auk\u0161tos kokyb\u0117s kosmetik\u0105 u\u017e puiki\u0105 kain\u0105.","publisher":{"@id":"https:\/\/www.malinashop.lt\/#organization"},"potentialAction":[{"@type":"SearchAction","target":{"@type":"EntryPoint","urlTemplate":"https:\/\/www.malinashop.lt\/?s={search_term_string}"},"query-input":{"@type":"PropertyValueSpecification","valueRequired":true,"valueName":"search_term_string"}}],"inLanguage":"lt-LT"},{"@type":"Organization","@id":"https:\/\/www.malinashop.lt\/#organization","name":"COM Group Ecommerce","url":"https:\/\/www.malinashop.lt\/","logo":{"@type":"ImageObject","inLanguage":"lt-LT","@id":"https:\/\/www.malinashop.lt\/#\/schema\/logo\/image\/","url":"https:\/\/www.malinashop.lt\/wp-content\/uploads\/2024\/08\/462559670_3787732518133670_9795632669273463_n-e1731525914575.png","contentUrl":"https:\/\/www.malinashop.lt\/wp-content\/uploads\/2024\/08\/462559670_3787732518133670_9795632669273463_n-e1731525914575.png","width":180,"height":60,"caption":"COM Group Ecommerce"},"image":{"@id":"https:\/\/www.malinashop.lt\/#\/schema\/logo\/image\/"}}]}},"jetpack_sharing_enabled":true,"_links":{"self":[{"href":"https:\/\/www.malinashop.lt\/lt_lt\/wp-json\/wp\/v2\/product\/59303","targetHints":{"allow":["GET"]}}],"collection":[{"href":"https:\/\/www.malinashop.lt\/lt_lt\/wp-json\/wp\/v2\/product"}],"about":[{"href":"https:\/\/www.malinashop.lt\/lt_lt\/wp-json\/wp\/v2\/types\/product"}],"version-history":[{"count":1,"href":"https:\/\/www.malinashop.lt\/lt_lt\/wp-json\/wp\/v2\/product\/59303\/revisions"}],"predecessor-version":[{"id":59306,"href":"https:\/\/www.malinashop.lt\/lt_lt\/wp-json\/wp\/v2\/product\/59303\/revisions\/59306"}],"wp:featuredmedia":[{"embeddable":true,"href":"https:\/\/www.malinashop.lt\/lt_lt\/wp-json\/wp\/v2\/media\/59305"}],"wp:attachment":[{"href":"https:\/\/www.malinashop.lt\/lt_lt\/wp-json\/wp\/v2\/media?parent=59303"}],"wp:term":[{"taxonomy":"product_brand","embeddable":true,"href":"https:\/\/www.malinashop.lt\/lt_lt\/wp-json\/wp\/v2\/product_brand?post=59303"},{"taxonomy":"product_cat","embeddable":true,"href":"https:\/\/www.malinashop.lt\/lt_lt\/wp-json\/wp\/v2\/product_cat?post=59303"},{"taxonomy":"product_tag","embeddable":true,"href":"https:\/\/www.malinashop.lt\/lt_lt\/wp-json\/wp\/v2\/product_tag?post=59303"}],"curies":[{"name":"wp","href":"https:\/\/api.w.org\/{rel}","templated":true}]}}