{"id":59268,"date":"2025-10-24T22:15:20","date_gmt":"2025-10-24T19:15:20","guid":{"rendered":"https:\/\/malinashop.lt\/?post_type=product&#038;p=59268"},"modified":"2026-03-18T12:41:51","modified_gmt":"2026-03-18T09:41:51","slug":"nejha-maskuoklio-sepetelis-06","status":"publish","type":"product","link":"https:\/\/www.malinashop.lt\/lt_lt\/shop\/nejha-maskuoklio-sepetelis-06\/","title":{"rendered":"NEJHA maskuoklio \u0161epet\u0117lis (06)"},"content":{"rendered":"<p data-start=\"258\" data-end=\"605\"><strong data-start=\"258\" data-end=\"293\">NEJHA maskuoklio \u0161epet\u0117lis (06)<\/strong> \u2013 profesionalus <strong data-start=\"310\" data-end=\"340\">\u012fstri\u017eai kirptas \u0161epet\u0117lis<\/strong>, sukurtas <strong data-start=\"351\" data-end=\"387\">maskuokliui tepti ir i\u0161sklaidyti<\/strong>. D\u0117l <strong data-start=\"393\" data-end=\"434\">\u0161velni\u0173, elasting\u0173 nailonini\u0173 \u0161ereli\u0173<\/strong> ir <strong data-start=\"438\" data-end=\"461\">ergonomi\u0161kos formos<\/strong>, jis leid\u017eia <strong data-start=\"475\" data-end=\"499\">precizi\u0161kai padengti<\/strong> problemines veido vietas bei <strong data-start=\"529\" data-end=\"556\">pasiekti jautrias zonas<\/strong> \u2013 po akimis, aplink nos\u012f ar akies kampu\u010diuose.<\/p>\n<p data-start=\"607\" data-end=\"780\">\u0160epet\u0117lis idealiai tinka tiek <strong data-start=\"637\" data-end=\"650\">skystiems<\/strong>, tiek <strong data-start=\"657\" data-end=\"671\">kreminiams<\/strong> produktams. Lengvai paskirsto maskuokl\u012f, suteikdamas <strong data-start=\"725\" data-end=\"754\">nat\u016bral\u0173, vientis\u0105 efekt\u0105<\/strong>, be dry\u017ei\u0173 ar nelygum\u0173.<\/p>\n<p data-start=\"782\" data-end=\"812\"><strong data-start=\"782\" data-end=\"810\">Pagrindiniai privalumai:<\/strong><\/p>\n<ul data-start=\"813\" data-end=\"1050\">\n<li data-start=\"813\" data-end=\"873\">\n<p data-start=\"815\" data-end=\"873\">\u012estri\u017eas galiukas \u2013 tiksliam padengimui ir i\u0161sklaidymui.<\/p>\n<\/li>\n<li data-start=\"874\" data-end=\"931\">\n<p data-start=\"876\" data-end=\"931\">Mink\u0161ti nailoniniai \u0161ereliai \u2013 \u0161veln\u016bs jautriai odai.<\/p>\n<\/li>\n<li data-start=\"932\" data-end=\"965\">\n<p data-start=\"934\" data-end=\"965\">Tinka vis\u0173 tip\u0173 maskuokliams.<\/p>\n<\/li>\n<li data-start=\"966\" data-end=\"1016\">\n<p data-start=\"968\" data-end=\"1016\">Padeda sukurti vientis\u0105, profesional\u0173 makia\u017e\u0105.<\/p>\n<\/li>\n<li data-start=\"1017\" data-end=\"1050\">\n<p data-start=\"1019\" data-end=\"1050\">Lengvai valomas ir ilgaam\u017eis.<\/p>\n<\/li>\n<\/ul>\n<p data-start=\"1052\" data-end=\"1265\"><strong data-start=\"1052\" data-end=\"1067\">Naudojimas:<\/strong><br data-start=\"1067\" data-end=\"1070\" \/>Nedidel\u012f kiek\u012f maskuoklio u\u017ed\u0117kite ant \u0161epet\u0117lio ir \u0161velniais pot\u0117piais paskirstykite ant norimos vietos. Galite naudoti ant judan\u010diojo voko, paaki\u0173 ar veido zonose, kur reikia daugiau maskavimo.<\/p>\n","protected":false},"excerpt":{"rendered":"<p>NEJHA maskuoklio \u0161epet\u0117lis \u2013 \u012fstri\u017eos formos, mink\u0161tas ir tikslus \u012frankis maskuokliui tolygiai paskirstyti net sunkiai pasiekiamose vietose.<\/p>\n","protected":false},"featured_media":59269,"template":"","meta":[],"product_brand":[1358],"product_cat":[102,795,1299],"product_tag":[1573],"class_list":{"0":"post-59268","1":"product","2":"type-product","3":"status-publish","4":"has-post-thumbnail","6":"product_brand-nejha","7":"product_cat-dekoratyvine-kosmetika","8":"product_cat-makiazo-sepeteliai","9":"product_cat-produktai-su-dovanomis","10":"product_tag-nejha","12":"first","13":"instock","14":"sale","15":"taxable","16":"shipping-taxable","17":"purchasable","18":"product-type-simple"},"yoast_head":"<!-- This site is optimized with the Yoast SEO plugin v27.4 - https:\/\/yoast.com\/product\/yoast-seo-wordpress\/ -->\n<title>NEJHA maskuoklio \u0161epet\u0117lis (06) - MalinaShop.lt J\u016bs\u0173 sveikatai ir gro\u017eiui.<\/title>\n<meta name=\"description\" content=\"NEJHA maskuoklio \u0161epet\u0117lis \u2013 \u012fstri\u017eas, \u0161velnus ir tikslus \u012frankis maskuokliui tepti bei i\u0161sklaidyti net sunkiai pasiekiamose veido vietose.\" \/>\n<meta name=\"robots\" content=\"index, follow, max-snippet:-1, max-image-preview:large, max-video-preview:-1\" \/>\n<link rel=\"canonical\" href=\"https:\/\/www.malinashop.lt\/lt_lt\/shop\/nejha-maskuoklio-sepetelis-06\/\" \/>\n<meta property=\"og:locale\" content=\"lt_LT\" \/>\n<meta property=\"og:type\" content=\"article\" \/>\n<meta property=\"og:title\" content=\"NEJHA maskuoklio \u0161epet\u0117lis (06) - MalinaShop.lt J\u016bs\u0173 sveikatai ir gro\u017eiui.\" \/>\n<meta property=\"og:description\" content=\"NEJHA maskuoklio \u0161epet\u0117lis \u2013 \u012fstri\u017eas, \u0161velnus ir tikslus \u012frankis maskuokliui tepti bei i\u0161sklaidyti net sunkiai pasiekiamose veido vietose.\" \/>\n<meta property=\"og:url\" content=\"https:\/\/www.malinashop.lt\/lt_lt\/shop\/nejha-maskuoklio-sepetelis-06\/\" \/>\n<meta property=\"og:site_name\" content=\"MalinaShop.lt J\u016bs\u0173 sveikatai ir gro\u017eiui.\" \/>\n<meta property=\"article:modified_time\" content=\"2026-03-18T09:41:51+00:00\" \/>\n<meta property=\"og:image\" content=\"https:\/\/www.malinashop.lt\/wp-content\/uploads\/2025\/10\/NEJHA-maskuoklio-sepetelis-06.webp\" \/>\n\t<meta property=\"og:image:width\" content=\"600\" \/>\n\t<meta property=\"og:image:height\" content=\"600\" \/>\n\t<meta property=\"og:image:type\" content=\"image\/webp\" \/>\n<meta name=\"twitter:card\" content=\"summary_large_image\" \/>\n<script type=\"application\/ld+json\" class=\"yoast-schema-graph\">{\"@context\":\"https:\\\/\\\/schema.org\",\"@graph\":[{\"@type\":\"WebPage\",\"@id\":\"https:\\\/\\\/www.malinashop.lt\\\/shop\\\/nejha-maskuoklio-sepetelis-06\\\/\",\"url\":\"https:\\\/\\\/www.malinashop.lt\\\/shop\\\/nejha-maskuoklio-sepetelis-06\\\/\",\"name\":\"NEJHA maskuoklio \u0161epet\u0117lis (06) - MalinaShop.lt J\u016bs\u0173 sveikatai ir gro\u017eiui.\",\"isPartOf\":{\"@id\":\"https:\\\/\\\/www.malinashop.lt\\\/#website\"},\"primaryImageOfPage\":{\"@id\":\"https:\\\/\\\/www.malinashop.lt\\\/shop\\\/nejha-maskuoklio-sepetelis-06\\\/#primaryimage\"},\"image\":{\"@id\":\"https:\\\/\\\/www.malinashop.lt\\\/shop\\\/nejha-maskuoklio-sepetelis-06\\\/#primaryimage\"},\"thumbnailUrl\":\"https:\\\/\\\/www.malinashop.lt\\\/wp-content\\\/uploads\\\/2025\\\/10\\\/NEJHA-maskuoklio-sepetelis-06.webp\",\"datePublished\":\"2025-10-24T19:15:20+00:00\",\"dateModified\":\"2026-03-18T09:41:51+00:00\",\"description\":\"NEJHA maskuoklio \u0161epet\u0117lis \u2013 \u012fstri\u017eas, \u0161velnus ir tikslus \u012frankis maskuokliui tepti bei i\u0161sklaidyti net sunkiai pasiekiamose veido vietose.\",\"breadcrumb\":{\"@id\":\"https:\\\/\\\/www.malinashop.lt\\\/shop\\\/nejha-maskuoklio-sepetelis-06\\\/#breadcrumb\"},\"inLanguage\":\"lt-LT\",\"potentialAction\":[{\"@type\":\"ReadAction\",\"target\":[\"https:\\\/\\\/www.malinashop.lt\\\/shop\\\/nejha-maskuoklio-sepetelis-06\\\/\"]}]},{\"@type\":\"ImageObject\",\"inLanguage\":\"lt-LT\",\"@id\":\"https:\\\/\\\/www.malinashop.lt\\\/shop\\\/nejha-maskuoklio-sepetelis-06\\\/#primaryimage\",\"url\":\"https:\\\/\\\/www.malinashop.lt\\\/wp-content\\\/uploads\\\/2025\\\/10\\\/NEJHA-maskuoklio-sepetelis-06.webp\",\"contentUrl\":\"https:\\\/\\\/www.malinashop.lt\\\/wp-content\\\/uploads\\\/2025\\\/10\\\/NEJHA-maskuoklio-sepetelis-06.webp\",\"width\":600,\"height\":600},{\"@type\":\"BreadcrumbList\",\"@id\":\"https:\\\/\\\/www.malinashop.lt\\\/shop\\\/nejha-maskuoklio-sepetelis-06\\\/#breadcrumb\",\"itemListElement\":[{\"@type\":\"ListItem\",\"position\":1,\"name\":\"Pagrindinis\",\"item\":\"https:\\\/\\\/www.malinashop.lt\\\/\"},{\"@type\":\"ListItem\",\"position\":2,\"name\":\"Parduotuv\u0117\",\"item\":\"https:\\\/\\\/www.malinashop.lt\\\/en\\\/parduotuve\\\/\"},{\"@type\":\"ListItem\",\"position\":3,\"name\":\"NEJHA maskuoklio \u0161epet\u0117lis (06)\"}]},{\"@type\":\"WebSite\",\"@id\":\"https:\\\/\\\/www.malinashop.lt\\\/#website\",\"url\":\"https:\\\/\\\/www.malinashop.lt\\\/\",\"name\":\"COM Group Ecommerce\",\"description\":\"MalinaShop.lt - Gro\u017eio ir sveikatos produktai i\u0161 patikim\u0173 preki\u0173 \u017eenkl\u0173. Atraskite auk\u0161tos kokyb\u0117s kosmetik\u0105 u\u017e puiki\u0105 kain\u0105.\",\"publisher\":{\"@id\":\"https:\\\/\\\/www.malinashop.lt\\\/#organization\"},\"potentialAction\":[{\"@type\":\"SearchAction\",\"target\":{\"@type\":\"EntryPoint\",\"urlTemplate\":\"https:\\\/\\\/www.malinashop.lt\\\/?s={search_term_string}\"},\"query-input\":{\"@type\":\"PropertyValueSpecification\",\"valueRequired\":true,\"valueName\":\"search_term_string\"}}],\"inLanguage\":\"lt-LT\"},{\"@type\":\"Organization\",\"@id\":\"https:\\\/\\\/www.malinashop.lt\\\/#organization\",\"name\":\"COM Group Ecommerce\",\"url\":\"https:\\\/\\\/www.malinashop.lt\\\/\",\"logo\":{\"@type\":\"ImageObject\",\"inLanguage\":\"lt-LT\",\"@id\":\"https:\\\/\\\/www.malinashop.lt\\\/#\\\/schema\\\/logo\\\/image\\\/\",\"url\":\"https:\\\/\\\/www.malinashop.lt\\\/wp-content\\\/uploads\\\/2024\\\/08\\\/462559670_3787732518133670_9795632669273463_n-e1731525914575.png\",\"contentUrl\":\"https:\\\/\\\/www.malinashop.lt\\\/wp-content\\\/uploads\\\/2024\\\/08\\\/462559670_3787732518133670_9795632669273463_n-e1731525914575.png\",\"width\":180,\"height\":60,\"caption\":\"COM Group Ecommerce\"},\"image\":{\"@id\":\"https:\\\/\\\/www.malinashop.lt\\\/#\\\/schema\\\/logo\\\/image\\\/\"}}]}<\/script>\n<!-- \/ Yoast SEO plugin. -->","yoast_head_json":{"title":"NEJHA maskuoklio \u0161epet\u0117lis (06) - MalinaShop.lt J\u016bs\u0173 sveikatai ir gro\u017eiui.","description":"NEJHA maskuoklio \u0161epet\u0117lis \u2013 \u012fstri\u017eas, \u0161velnus ir tikslus \u012frankis maskuokliui tepti bei i\u0161sklaidyti net sunkiai pasiekiamose veido vietose.","robots":{"index":"index","follow":"follow","max-snippet":"max-snippet:-1","max-image-preview":"max-image-preview:large","max-video-preview":"max-video-preview:-1"},"canonical":"https:\/\/www.malinashop.lt\/lt_lt\/shop\/nejha-maskuoklio-sepetelis-06\/","og_locale":"lt_LT","og_type":"article","og_title":"NEJHA maskuoklio \u0161epet\u0117lis (06) - MalinaShop.lt J\u016bs\u0173 sveikatai ir gro\u017eiui.","og_description":"NEJHA maskuoklio \u0161epet\u0117lis \u2013 \u012fstri\u017eas, \u0161velnus ir tikslus \u012frankis maskuokliui tepti bei i\u0161sklaidyti net sunkiai pasiekiamose veido vietose.","og_url":"https:\/\/www.malinashop.lt\/lt_lt\/shop\/nejha-maskuoklio-sepetelis-06\/","og_site_name":"MalinaShop.lt J\u016bs\u0173 sveikatai ir gro\u017eiui.","article_modified_time":"2026-03-18T09:41:51+00:00","og_image":[{"width":600,"height":600,"url":"https:\/\/www.malinashop.lt\/wp-content\/uploads\/2025\/10\/NEJHA-maskuoklio-sepetelis-06.webp","type":"image\/webp"}],"twitter_card":"summary_large_image","schema":{"@context":"https:\/\/schema.org","@graph":[{"@type":"WebPage","@id":"https:\/\/www.malinashop.lt\/shop\/nejha-maskuoklio-sepetelis-06\/","url":"https:\/\/www.malinashop.lt\/shop\/nejha-maskuoklio-sepetelis-06\/","name":"NEJHA maskuoklio \u0161epet\u0117lis (06) - MalinaShop.lt J\u016bs\u0173 sveikatai ir gro\u017eiui.","isPartOf":{"@id":"https:\/\/www.malinashop.lt\/#website"},"primaryImageOfPage":{"@id":"https:\/\/www.malinashop.lt\/shop\/nejha-maskuoklio-sepetelis-06\/#primaryimage"},"image":{"@id":"https:\/\/www.malinashop.lt\/shop\/nejha-maskuoklio-sepetelis-06\/#primaryimage"},"thumbnailUrl":"https:\/\/www.malinashop.lt\/wp-content\/uploads\/2025\/10\/NEJHA-maskuoklio-sepetelis-06.webp","datePublished":"2025-10-24T19:15:20+00:00","dateModified":"2026-03-18T09:41:51+00:00","description":"NEJHA maskuoklio \u0161epet\u0117lis \u2013 \u012fstri\u017eas, \u0161velnus ir tikslus \u012frankis maskuokliui tepti bei i\u0161sklaidyti net sunkiai pasiekiamose veido vietose.","breadcrumb":{"@id":"https:\/\/www.malinashop.lt\/shop\/nejha-maskuoklio-sepetelis-06\/#breadcrumb"},"inLanguage":"lt-LT","potentialAction":[{"@type":"ReadAction","target":["https:\/\/www.malinashop.lt\/shop\/nejha-maskuoklio-sepetelis-06\/"]}]},{"@type":"ImageObject","inLanguage":"lt-LT","@id":"https:\/\/www.malinashop.lt\/shop\/nejha-maskuoklio-sepetelis-06\/#primaryimage","url":"https:\/\/www.malinashop.lt\/wp-content\/uploads\/2025\/10\/NEJHA-maskuoklio-sepetelis-06.webp","contentUrl":"https:\/\/www.malinashop.lt\/wp-content\/uploads\/2025\/10\/NEJHA-maskuoklio-sepetelis-06.webp","width":600,"height":600},{"@type":"BreadcrumbList","@id":"https:\/\/www.malinashop.lt\/shop\/nejha-maskuoklio-sepetelis-06\/#breadcrumb","itemListElement":[{"@type":"ListItem","position":1,"name":"Pagrindinis","item":"https:\/\/www.malinashop.lt\/"},{"@type":"ListItem","position":2,"name":"Parduotuv\u0117","item":"https:\/\/www.malinashop.lt\/en\/parduotuve\/"},{"@type":"ListItem","position":3,"name":"NEJHA maskuoklio \u0161epet\u0117lis (06)"}]},{"@type":"WebSite","@id":"https:\/\/www.malinashop.lt\/#website","url":"https:\/\/www.malinashop.lt\/","name":"COM Group Ecommerce","description":"MalinaShop.lt - Gro\u017eio ir sveikatos produktai i\u0161 patikim\u0173 preki\u0173 \u017eenkl\u0173. Atraskite auk\u0161tos kokyb\u0117s kosmetik\u0105 u\u017e puiki\u0105 kain\u0105.","publisher":{"@id":"https:\/\/www.malinashop.lt\/#organization"},"potentialAction":[{"@type":"SearchAction","target":{"@type":"EntryPoint","urlTemplate":"https:\/\/www.malinashop.lt\/?s={search_term_string}"},"query-input":{"@type":"PropertyValueSpecification","valueRequired":true,"valueName":"search_term_string"}}],"inLanguage":"lt-LT"},{"@type":"Organization","@id":"https:\/\/www.malinashop.lt\/#organization","name":"COM Group Ecommerce","url":"https:\/\/www.malinashop.lt\/","logo":{"@type":"ImageObject","inLanguage":"lt-LT","@id":"https:\/\/www.malinashop.lt\/#\/schema\/logo\/image\/","url":"https:\/\/www.malinashop.lt\/wp-content\/uploads\/2024\/08\/462559670_3787732518133670_9795632669273463_n-e1731525914575.png","contentUrl":"https:\/\/www.malinashop.lt\/wp-content\/uploads\/2024\/08\/462559670_3787732518133670_9795632669273463_n-e1731525914575.png","width":180,"height":60,"caption":"COM Group Ecommerce"},"image":{"@id":"https:\/\/www.malinashop.lt\/#\/schema\/logo\/image\/"}}]}},"jetpack_sharing_enabled":true,"_links":{"self":[{"href":"https:\/\/www.malinashop.lt\/lt_lt\/wp-json\/wp\/v2\/product\/59268","targetHints":{"allow":["GET"]}}],"collection":[{"href":"https:\/\/www.malinashop.lt\/lt_lt\/wp-json\/wp\/v2\/product"}],"about":[{"href":"https:\/\/www.malinashop.lt\/lt_lt\/wp-json\/wp\/v2\/types\/product"}],"version-history":[{"count":1,"href":"https:\/\/www.malinashop.lt\/lt_lt\/wp-json\/wp\/v2\/product\/59268\/revisions"}],"predecessor-version":[{"id":59270,"href":"https:\/\/www.malinashop.lt\/lt_lt\/wp-json\/wp\/v2\/product\/59268\/revisions\/59270"}],"wp:featuredmedia":[{"embeddable":true,"href":"https:\/\/www.malinashop.lt\/lt_lt\/wp-json\/wp\/v2\/media\/59269"}],"wp:attachment":[{"href":"https:\/\/www.malinashop.lt\/lt_lt\/wp-json\/wp\/v2\/media?parent=59268"}],"wp:term":[{"taxonomy":"product_brand","embeddable":true,"href":"https:\/\/www.malinashop.lt\/lt_lt\/wp-json\/wp\/v2\/product_brand?post=59268"},{"taxonomy":"product_cat","embeddable":true,"href":"https:\/\/www.malinashop.lt\/lt_lt\/wp-json\/wp\/v2\/product_cat?post=59268"},{"taxonomy":"product_tag","embeddable":true,"href":"https:\/\/www.malinashop.lt\/lt_lt\/wp-json\/wp\/v2\/product_tag?post=59268"}],"curies":[{"name":"wp","href":"https:\/\/api.w.org\/{rel}","templated":true}]}}