{"id":59253,"date":"2025-10-24T22:02:25","date_gmt":"2025-10-24T19:02:25","guid":{"rendered":"https:\/\/malinashop.lt\/?post_type=product&#038;p=59253"},"modified":"2026-03-18T12:41:52","modified_gmt":"2026-03-18T09:41:52","slug":"nejha-duminio-makiazo-sepetelis-11","status":"publish","type":"product","link":"https:\/\/www.malinashop.lt\/lt_lt\/shop\/nejha-duminio-makiazo-sepetelis-11\/","title":{"rendered":"NEJHA d\u016bminio makia\u017eo \u0161epet\u0117lis (11)"},"content":{"rendered":"<p data-start=\"223\" data-end=\"517\"><strong data-start=\"223\" data-end=\"263\">NEJHA d\u016bminio makia\u017eo \u0161epet\u0117lis (11)<\/strong> \u2013 profesionalus \u012frankis, sukurtas <strong data-start=\"298\" data-end=\"327\">precizi\u0161kam aki\u0173 makia\u017eui<\/strong>. D\u0117l <strong data-start=\"333\" data-end=\"363\">mink\u0161t\u0173 nailonini\u0173 \u0161ereli\u0173<\/strong> ir <strong data-start=\"367\" data-end=\"401\">lankstaus, kompakti\u0161ko dizaino<\/strong>, \u0161is \u0161epet\u0117lis leid\u017eia <strong data-start=\"425\" data-end=\"457\">lengvai i\u0161sklaidyti \u0161e\u0161\u0117lius<\/strong>, sukuriant <strong data-start=\"469\" data-end=\"497\">d\u016bminio efekto per\u0117jimus<\/strong> be ry\u0161ki\u0173 linij\u0173.<\/p>\n<p data-start=\"519\" data-end=\"708\">Tobulai tinka tiek <strong data-start=\"538\" data-end=\"573\">intensyviam vakariniam makia\u017eui<\/strong>, tiek subtiliam kasdieniam \u012fvaizd\u017eiui. \u0160epet\u0117lis paskirsto \u0161e\u0161\u0117lius tolygiai ir leid\u017eia pasiekti profesional\u0173 rezultat\u0105 be pastang\u0173.<\/p>\n<p data-start=\"710\" data-end=\"740\"><strong data-start=\"710\" data-end=\"738\">Pagrindiniai privalumai:<\/strong><\/p>\n<ul data-start=\"741\" data-end=\"1034\">\n<li data-start=\"741\" data-end=\"810\">\n<p data-start=\"743\" data-end=\"810\">Mink\u0161ti, lankst\u016bs nailoniniai \u0161ereliai \u2013 komforti\u0161kam naudojimui.<\/p>\n<\/li>\n<li data-start=\"811\" data-end=\"877\">\n<p data-start=\"813\" data-end=\"877\">Kompakti\u0161ka forma \u2013 tiksliam \u0161e\u0161\u0117li\u0173 dengimui ir i\u0161sklaidymui.<\/p>\n<\/li>\n<li data-start=\"878\" data-end=\"920\">\n<p data-start=\"880\" data-end=\"920\">Idealiai tinka d\u016bminiam aki\u0173 makia\u017eui.<\/p>\n<\/li>\n<li data-start=\"921\" data-end=\"976\">\n<p data-start=\"923\" data-end=\"976\">U\u017etikrina vientis\u0105, \u0161veln\u0173 per\u0117jim\u0105 tarp atspalvi\u0173.<\/p>\n<\/li>\n<li data-start=\"977\" data-end=\"1034\">\n<p data-start=\"979\" data-end=\"1034\">Patikimas \u012frankis tiek profesionalams, tiek m\u0117g\u0117jams.<\/p>\n<\/li>\n<\/ul>\n<p data-start=\"1036\" data-end=\"1234\"><strong data-start=\"1036\" data-end=\"1051\">Naudojimas:<\/strong><br data-start=\"1051\" data-end=\"1054\" \/>Pada\u017eykite \u0161epet\u0117l\u012f \u012f aki\u0173 \u0161e\u0161\u0117lius ir \u0161velniai pabaksnokite, kad pa\u0161alintum\u0117te pertekli\u0173. Tolygiai tepkite ir i\u0161sklaidykite \u0161e\u0161\u0117lius norimose vietose, kol i\u0161gausite d\u016bmin\u012f efekt\u0105.<\/p>\n","protected":false},"excerpt":{"rendered":"<p>NEJHA d\u016bminio makia\u017eo \u0161epet\u0117lis \u2013 mink\u0161tas, tikslus ir idealus \u0161epet\u0117lis d\u016bminiam aki\u0173 makia\u017eui kurti.<\/p>\n","protected":false},"featured_media":59254,"template":"","meta":[],"product_brand":[1358],"product_cat":[102,795,1299],"product_tag":[1573],"class_list":{"0":"post-59253","1":"product","2":"type-product","3":"status-publish","4":"has-post-thumbnail","6":"product_brand-nejha","7":"product_cat-dekoratyvine-kosmetika","8":"product_cat-makiazo-sepeteliai","9":"product_cat-produktai-su-dovanomis","10":"product_tag-nejha","12":"first","13":"instock","14":"sale","15":"taxable","16":"shipping-taxable","17":"purchasable","18":"product-type-simple"},"yoast_head":"<!-- This site is optimized with the Yoast SEO plugin v27.4 - https:\/\/yoast.com\/product\/yoast-seo-wordpress\/ -->\n<title>NEJHA d\u016bminio makia\u017eo \u0161epet\u0117lis (11) - MalinaShop.lt J\u016bs\u0173 sveikatai ir gro\u017eiui.<\/title>\n<meta name=\"description\" content=\"NEJHA d\u016bminio makia\u017eo \u0161epet\u0117lis \u2013 mink\u0161ti \u0161ereliai ir precizi\u0161kas dengimas tobulam d\u016bminiam efektui. Idealus tiek kasdieniam, tiek vakariniam makia\u017eui.\" \/>\n<meta name=\"robots\" content=\"index, follow, max-snippet:-1, max-image-preview:large, max-video-preview:-1\" \/>\n<link rel=\"canonical\" href=\"https:\/\/www.malinashop.lt\/lt_lt\/shop\/nejha-duminio-makiazo-sepetelis-11\/\" \/>\n<meta property=\"og:locale\" content=\"lt_LT\" \/>\n<meta property=\"og:type\" content=\"article\" \/>\n<meta property=\"og:title\" content=\"NEJHA d\u016bminio makia\u017eo \u0161epet\u0117lis (11) - MalinaShop.lt J\u016bs\u0173 sveikatai ir gro\u017eiui.\" \/>\n<meta property=\"og:description\" content=\"NEJHA d\u016bminio makia\u017eo \u0161epet\u0117lis \u2013 mink\u0161ti \u0161ereliai ir precizi\u0161kas dengimas tobulam d\u016bminiam efektui. Idealus tiek kasdieniam, tiek vakariniam makia\u017eui.\" \/>\n<meta property=\"og:url\" content=\"https:\/\/www.malinashop.lt\/lt_lt\/shop\/nejha-duminio-makiazo-sepetelis-11\/\" \/>\n<meta property=\"og:site_name\" content=\"MalinaShop.lt J\u016bs\u0173 sveikatai ir gro\u017eiui.\" \/>\n<meta property=\"article:modified_time\" content=\"2026-03-18T09:41:52+00:00\" \/>\n<meta property=\"og:image\" content=\"https:\/\/www.malinashop.lt\/wp-content\/uploads\/2025\/10\/NEJHA-duminio-makiazo-sepetelis-11.webp\" \/>\n\t<meta property=\"og:image:width\" content=\"600\" \/>\n\t<meta property=\"og:image:height\" content=\"600\" \/>\n\t<meta property=\"og:image:type\" content=\"image\/webp\" \/>\n<meta name=\"twitter:card\" content=\"summary_large_image\" \/>\n<script type=\"application\/ld+json\" class=\"yoast-schema-graph\">{\"@context\":\"https:\\\/\\\/schema.org\",\"@graph\":[{\"@type\":\"WebPage\",\"@id\":\"https:\\\/\\\/www.malinashop.lt\\\/shop\\\/nejha-duminio-makiazo-sepetelis-11\\\/\",\"url\":\"https:\\\/\\\/www.malinashop.lt\\\/shop\\\/nejha-duminio-makiazo-sepetelis-11\\\/\",\"name\":\"NEJHA d\u016bminio makia\u017eo \u0161epet\u0117lis (11) - MalinaShop.lt J\u016bs\u0173 sveikatai ir gro\u017eiui.\",\"isPartOf\":{\"@id\":\"https:\\\/\\\/www.malinashop.lt\\\/#website\"},\"primaryImageOfPage\":{\"@id\":\"https:\\\/\\\/www.malinashop.lt\\\/shop\\\/nejha-duminio-makiazo-sepetelis-11\\\/#primaryimage\"},\"image\":{\"@id\":\"https:\\\/\\\/www.malinashop.lt\\\/shop\\\/nejha-duminio-makiazo-sepetelis-11\\\/#primaryimage\"},\"thumbnailUrl\":\"https:\\\/\\\/www.malinashop.lt\\\/wp-content\\\/uploads\\\/2025\\\/10\\\/NEJHA-duminio-makiazo-sepetelis-11.webp\",\"datePublished\":\"2025-10-24T19:02:25+00:00\",\"dateModified\":\"2026-03-18T09:41:52+00:00\",\"description\":\"NEJHA d\u016bminio makia\u017eo \u0161epet\u0117lis \u2013 mink\u0161ti \u0161ereliai ir precizi\u0161kas dengimas tobulam d\u016bminiam efektui. Idealus tiek kasdieniam, tiek vakariniam makia\u017eui.\",\"breadcrumb\":{\"@id\":\"https:\\\/\\\/www.malinashop.lt\\\/shop\\\/nejha-duminio-makiazo-sepetelis-11\\\/#breadcrumb\"},\"inLanguage\":\"lt-LT\",\"potentialAction\":[{\"@type\":\"ReadAction\",\"target\":[\"https:\\\/\\\/www.malinashop.lt\\\/shop\\\/nejha-duminio-makiazo-sepetelis-11\\\/\"]}]},{\"@type\":\"ImageObject\",\"inLanguage\":\"lt-LT\",\"@id\":\"https:\\\/\\\/www.malinashop.lt\\\/shop\\\/nejha-duminio-makiazo-sepetelis-11\\\/#primaryimage\",\"url\":\"https:\\\/\\\/www.malinashop.lt\\\/wp-content\\\/uploads\\\/2025\\\/10\\\/NEJHA-duminio-makiazo-sepetelis-11.webp\",\"contentUrl\":\"https:\\\/\\\/www.malinashop.lt\\\/wp-content\\\/uploads\\\/2025\\\/10\\\/NEJHA-duminio-makiazo-sepetelis-11.webp\",\"width\":600,\"height\":600},{\"@type\":\"BreadcrumbList\",\"@id\":\"https:\\\/\\\/www.malinashop.lt\\\/shop\\\/nejha-duminio-makiazo-sepetelis-11\\\/#breadcrumb\",\"itemListElement\":[{\"@type\":\"ListItem\",\"position\":1,\"name\":\"Pagrindinis\",\"item\":\"https:\\\/\\\/www.malinashop.lt\\\/\"},{\"@type\":\"ListItem\",\"position\":2,\"name\":\"Parduotuv\u0117\",\"item\":\"https:\\\/\\\/www.malinashop.lt\\\/en\\\/parduotuve\\\/\"},{\"@type\":\"ListItem\",\"position\":3,\"name\":\"NEJHA d\u016bminio makia\u017eo \u0161epet\u0117lis (11)\"}]},{\"@type\":\"WebSite\",\"@id\":\"https:\\\/\\\/www.malinashop.lt\\\/#website\",\"url\":\"https:\\\/\\\/www.malinashop.lt\\\/\",\"name\":\"COM Group Ecommerce\",\"description\":\"MalinaShop.lt - Gro\u017eio ir sveikatos produktai i\u0161 patikim\u0173 preki\u0173 \u017eenkl\u0173. Atraskite auk\u0161tos kokyb\u0117s kosmetik\u0105 u\u017e puiki\u0105 kain\u0105.\",\"publisher\":{\"@id\":\"https:\\\/\\\/www.malinashop.lt\\\/#organization\"},\"potentialAction\":[{\"@type\":\"SearchAction\",\"target\":{\"@type\":\"EntryPoint\",\"urlTemplate\":\"https:\\\/\\\/www.malinashop.lt\\\/?s={search_term_string}\"},\"query-input\":{\"@type\":\"PropertyValueSpecification\",\"valueRequired\":true,\"valueName\":\"search_term_string\"}}],\"inLanguage\":\"lt-LT\"},{\"@type\":\"Organization\",\"@id\":\"https:\\\/\\\/www.malinashop.lt\\\/#organization\",\"name\":\"COM Group Ecommerce\",\"url\":\"https:\\\/\\\/www.malinashop.lt\\\/\",\"logo\":{\"@type\":\"ImageObject\",\"inLanguage\":\"lt-LT\",\"@id\":\"https:\\\/\\\/www.malinashop.lt\\\/#\\\/schema\\\/logo\\\/image\\\/\",\"url\":\"https:\\\/\\\/www.malinashop.lt\\\/wp-content\\\/uploads\\\/2024\\\/08\\\/462559670_3787732518133670_9795632669273463_n-e1731525914575.png\",\"contentUrl\":\"https:\\\/\\\/www.malinashop.lt\\\/wp-content\\\/uploads\\\/2024\\\/08\\\/462559670_3787732518133670_9795632669273463_n-e1731525914575.png\",\"width\":180,\"height\":60,\"caption\":\"COM Group Ecommerce\"},\"image\":{\"@id\":\"https:\\\/\\\/www.malinashop.lt\\\/#\\\/schema\\\/logo\\\/image\\\/\"}}]}<\/script>\n<!-- \/ Yoast SEO plugin. -->","yoast_head_json":{"title":"NEJHA d\u016bminio makia\u017eo \u0161epet\u0117lis (11) - MalinaShop.lt J\u016bs\u0173 sveikatai ir gro\u017eiui.","description":"NEJHA d\u016bminio makia\u017eo \u0161epet\u0117lis \u2013 mink\u0161ti \u0161ereliai ir precizi\u0161kas dengimas tobulam d\u016bminiam efektui. Idealus tiek kasdieniam, tiek vakariniam makia\u017eui.","robots":{"index":"index","follow":"follow","max-snippet":"max-snippet:-1","max-image-preview":"max-image-preview:large","max-video-preview":"max-video-preview:-1"},"canonical":"https:\/\/www.malinashop.lt\/lt_lt\/shop\/nejha-duminio-makiazo-sepetelis-11\/","og_locale":"lt_LT","og_type":"article","og_title":"NEJHA d\u016bminio makia\u017eo \u0161epet\u0117lis (11) - MalinaShop.lt J\u016bs\u0173 sveikatai ir gro\u017eiui.","og_description":"NEJHA d\u016bminio makia\u017eo \u0161epet\u0117lis \u2013 mink\u0161ti \u0161ereliai ir precizi\u0161kas dengimas tobulam d\u016bminiam efektui. Idealus tiek kasdieniam, tiek vakariniam makia\u017eui.","og_url":"https:\/\/www.malinashop.lt\/lt_lt\/shop\/nejha-duminio-makiazo-sepetelis-11\/","og_site_name":"MalinaShop.lt J\u016bs\u0173 sveikatai ir gro\u017eiui.","article_modified_time":"2026-03-18T09:41:52+00:00","og_image":[{"width":600,"height":600,"url":"https:\/\/www.malinashop.lt\/wp-content\/uploads\/2025\/10\/NEJHA-duminio-makiazo-sepetelis-11.webp","type":"image\/webp"}],"twitter_card":"summary_large_image","schema":{"@context":"https:\/\/schema.org","@graph":[{"@type":"WebPage","@id":"https:\/\/www.malinashop.lt\/shop\/nejha-duminio-makiazo-sepetelis-11\/","url":"https:\/\/www.malinashop.lt\/shop\/nejha-duminio-makiazo-sepetelis-11\/","name":"NEJHA d\u016bminio makia\u017eo \u0161epet\u0117lis (11) - MalinaShop.lt J\u016bs\u0173 sveikatai ir gro\u017eiui.","isPartOf":{"@id":"https:\/\/www.malinashop.lt\/#website"},"primaryImageOfPage":{"@id":"https:\/\/www.malinashop.lt\/shop\/nejha-duminio-makiazo-sepetelis-11\/#primaryimage"},"image":{"@id":"https:\/\/www.malinashop.lt\/shop\/nejha-duminio-makiazo-sepetelis-11\/#primaryimage"},"thumbnailUrl":"https:\/\/www.malinashop.lt\/wp-content\/uploads\/2025\/10\/NEJHA-duminio-makiazo-sepetelis-11.webp","datePublished":"2025-10-24T19:02:25+00:00","dateModified":"2026-03-18T09:41:52+00:00","description":"NEJHA d\u016bminio makia\u017eo \u0161epet\u0117lis \u2013 mink\u0161ti \u0161ereliai ir precizi\u0161kas dengimas tobulam d\u016bminiam efektui. Idealus tiek kasdieniam, tiek vakariniam makia\u017eui.","breadcrumb":{"@id":"https:\/\/www.malinashop.lt\/shop\/nejha-duminio-makiazo-sepetelis-11\/#breadcrumb"},"inLanguage":"lt-LT","potentialAction":[{"@type":"ReadAction","target":["https:\/\/www.malinashop.lt\/shop\/nejha-duminio-makiazo-sepetelis-11\/"]}]},{"@type":"ImageObject","inLanguage":"lt-LT","@id":"https:\/\/www.malinashop.lt\/shop\/nejha-duminio-makiazo-sepetelis-11\/#primaryimage","url":"https:\/\/www.malinashop.lt\/wp-content\/uploads\/2025\/10\/NEJHA-duminio-makiazo-sepetelis-11.webp","contentUrl":"https:\/\/www.malinashop.lt\/wp-content\/uploads\/2025\/10\/NEJHA-duminio-makiazo-sepetelis-11.webp","width":600,"height":600},{"@type":"BreadcrumbList","@id":"https:\/\/www.malinashop.lt\/shop\/nejha-duminio-makiazo-sepetelis-11\/#breadcrumb","itemListElement":[{"@type":"ListItem","position":1,"name":"Pagrindinis","item":"https:\/\/www.malinashop.lt\/"},{"@type":"ListItem","position":2,"name":"Parduotuv\u0117","item":"https:\/\/www.malinashop.lt\/en\/parduotuve\/"},{"@type":"ListItem","position":3,"name":"NEJHA d\u016bminio makia\u017eo \u0161epet\u0117lis (11)"}]},{"@type":"WebSite","@id":"https:\/\/www.malinashop.lt\/#website","url":"https:\/\/www.malinashop.lt\/","name":"COM Group Ecommerce","description":"MalinaShop.lt - Gro\u017eio ir sveikatos produktai i\u0161 patikim\u0173 preki\u0173 \u017eenkl\u0173. Atraskite auk\u0161tos kokyb\u0117s kosmetik\u0105 u\u017e puiki\u0105 kain\u0105.","publisher":{"@id":"https:\/\/www.malinashop.lt\/#organization"},"potentialAction":[{"@type":"SearchAction","target":{"@type":"EntryPoint","urlTemplate":"https:\/\/www.malinashop.lt\/?s={search_term_string}"},"query-input":{"@type":"PropertyValueSpecification","valueRequired":true,"valueName":"search_term_string"}}],"inLanguage":"lt-LT"},{"@type":"Organization","@id":"https:\/\/www.malinashop.lt\/#organization","name":"COM Group Ecommerce","url":"https:\/\/www.malinashop.lt\/","logo":{"@type":"ImageObject","inLanguage":"lt-LT","@id":"https:\/\/www.malinashop.lt\/#\/schema\/logo\/image\/","url":"https:\/\/www.malinashop.lt\/wp-content\/uploads\/2024\/08\/462559670_3787732518133670_9795632669273463_n-e1731525914575.png","contentUrl":"https:\/\/www.malinashop.lt\/wp-content\/uploads\/2024\/08\/462559670_3787732518133670_9795632669273463_n-e1731525914575.png","width":180,"height":60,"caption":"COM Group Ecommerce"},"image":{"@id":"https:\/\/www.malinashop.lt\/#\/schema\/logo\/image\/"}}]}},"jetpack_sharing_enabled":true,"_links":{"self":[{"href":"https:\/\/www.malinashop.lt\/lt_lt\/wp-json\/wp\/v2\/product\/59253","targetHints":{"allow":["GET"]}}],"collection":[{"href":"https:\/\/www.malinashop.lt\/lt_lt\/wp-json\/wp\/v2\/product"}],"about":[{"href":"https:\/\/www.malinashop.lt\/lt_lt\/wp-json\/wp\/v2\/types\/product"}],"version-history":[{"count":1,"href":"https:\/\/www.malinashop.lt\/lt_lt\/wp-json\/wp\/v2\/product\/59253\/revisions"}],"predecessor-version":[{"id":59255,"href":"https:\/\/www.malinashop.lt\/lt_lt\/wp-json\/wp\/v2\/product\/59253\/revisions\/59255"}],"wp:featuredmedia":[{"embeddable":true,"href":"https:\/\/www.malinashop.lt\/lt_lt\/wp-json\/wp\/v2\/media\/59254"}],"wp:attachment":[{"href":"https:\/\/www.malinashop.lt\/lt_lt\/wp-json\/wp\/v2\/media?parent=59253"}],"wp:term":[{"taxonomy":"product_brand","embeddable":true,"href":"https:\/\/www.malinashop.lt\/lt_lt\/wp-json\/wp\/v2\/product_brand?post=59253"},{"taxonomy":"product_cat","embeddable":true,"href":"https:\/\/www.malinashop.lt\/lt_lt\/wp-json\/wp\/v2\/product_cat?post=59253"},{"taxonomy":"product_tag","embeddable":true,"href":"https:\/\/www.malinashop.lt\/lt_lt\/wp-json\/wp\/v2\/product_tag?post=59253"}],"curies":[{"name":"wp","href":"https:\/\/api.w.org\/{rel}","templated":true}]}}