{"id":59250,"date":"2025-10-24T22:00:54","date_gmt":"2025-10-24T19:00:54","guid":{"rendered":"https:\/\/malinashop.lt\/?post_type=product&#038;p=59250"},"modified":"2026-03-18T12:41:52","modified_gmt":"2026-03-18T09:41:52","slug":"nejha-antakiu-sepetelis-12","status":"publish","type":"product","link":"https:\/\/www.malinashop.lt\/lt_lt\/shop\/nejha-antakiu-sepetelis-12\/","title":{"rendered":"NEJHA antaki\u0173 \u0161epet\u0117lis (12)"},"content":{"rendered":"<p data-start=\"218\" data-end=\"539\"><strong data-start=\"218\" data-end=\"250\">NEJHA antaki\u0173 \u0161epet\u0117lis (12)<\/strong> \u2013 tai <strong data-start=\"257\" data-end=\"291\">dvipusis profesionalus \u012frankis<\/strong>, sukurtas <strong data-start=\"302\" data-end=\"352\">precizi\u0161kam antaki\u0173 formavimui ir pary\u0161kinimui<\/strong>. Viena \u0161epet\u0117lio pus\u0117 su \u0161ukel\u0117mis idealiai tinka antakiams <strong data-start=\"413\" data-end=\"451\">\u0161ukuoti, i\u0161sklaidyti ir suformuoti<\/strong>, o nuo\u017eulnus galas leid\u017eia <strong data-start=\"479\" data-end=\"507\">tiksliai dengti produkt\u0105<\/strong> bei sukurti nat\u016bral\u0173 kont\u016br\u0105.<\/p>\n<p data-start=\"541\" data-end=\"711\">\u0160is \u0161epet\u0117lis leid\u017eia pasiekti tiek <strong data-start=\"577\" data-end=\"605\">nat\u016bral\u0173 kasdien\u012f efekt\u0105<\/strong>, tiek <strong data-start=\"612\" data-end=\"638\">i\u0161rai\u0161kingesn\u012f makia\u017e\u0105<\/strong>, tod\u0117l puikiai tinka naudoti tiek namuose, tiek profesionaliam darbui.<\/p>\n<p data-start=\"713\" data-end=\"743\"><strong data-start=\"713\" data-end=\"741\">Pagrindiniai privalumai:<\/strong><\/p>\n<ul data-start=\"744\" data-end=\"978\">\n<li data-start=\"744\" data-end=\"792\">\n<p data-start=\"746\" data-end=\"792\">Dvipusis dizainas \u2013 \u0161ukavimui ir formavimui.<\/p>\n<\/li>\n<li data-start=\"793\" data-end=\"834\">\n<p data-start=\"795\" data-end=\"834\">Tikslus ir lengvas produkt\u0173 dengimas.<\/p>\n<\/li>\n<li data-start=\"835\" data-end=\"876\">\n<p data-start=\"837\" data-end=\"876\">Tinka \u0161e\u0161\u0117liams, pomadoms ir geliams.<\/p>\n<\/li>\n<li data-start=\"877\" data-end=\"927\">\n<p data-start=\"879\" data-end=\"927\">Patogus naudoti, mink\u0161ti, bet tvirti \u0161ereliai.<\/p>\n<\/li>\n<li data-start=\"928\" data-end=\"978\">\n<p data-start=\"930\" data-end=\"978\">U\u017etikrina nat\u016bral\u0173, tvarking\u0105 antaki\u0173 \u012fvaizd\u012f.<\/p>\n<\/li>\n<\/ul>\n<p data-start=\"980\" data-end=\"1215\"><strong data-start=\"980\" data-end=\"995\">Naudojimas:<\/strong><br data-start=\"995\" data-end=\"998\" \/>Naudokite \u0161epet\u0117l\u012f antakiams formuoti ir pary\u0161kinti. \u0160ukel\u0117mis su\u0161ukuokite antakius \u012f norim\u0105 form\u0105. Nuo\u017eulniu galu pakabinkite reikiam\u0105 kiek\u012f produkto ir <strong data-start=\"1152\" data-end=\"1175\">\u0161velniais judesiais<\/strong> pary\u0161kinkite bei suformuokite antakius.<\/p>\n","protected":false},"excerpt":{"rendered":"<p>Dvipusis NEJHA antaki\u0173 \u0161epet\u0117lis skirtas tiksliam antaki\u0173 formavimui, \u0161ukavimui ir produkt\u0173 i\u0161sklaidymui.<\/p>\n","protected":false},"featured_media":59251,"template":"","meta":[],"product_brand":[1358],"product_cat":[102,795,1299],"product_tag":[1573],"class_list":{"0":"post-59250","1":"product","2":"type-product","3":"status-publish","4":"has-post-thumbnail","6":"product_brand-nejha","7":"product_cat-dekoratyvine-kosmetika","8":"product_cat-makiazo-sepeteliai","9":"product_cat-produktai-su-dovanomis","10":"product_tag-nejha","12":"first","13":"instock","14":"sale","15":"taxable","16":"shipping-taxable","17":"purchasable","18":"product-type-simple"},"yoast_head":"<!-- This site is optimized with the Yoast SEO plugin v27.4 - https:\/\/yoast.com\/product\/yoast-seo-wordpress\/ -->\n<title>NEJHA antaki\u0173 \u0161epet\u0117lis (12) - MalinaShop.lt J\u016bs\u0173 sveikatai ir gro\u017eiui.<\/title>\n<meta name=\"description\" content=\"NEJHA dvipusis antaki\u0173 \u0161epet\u0117lis tiksliam formavimui, \u0161ukavimui ir produkt\u0173 dengimui. Idealiai tinka nat\u016braliam ar i\u0161rai\u0161kingam \u012fvaizd\u017eiui.\" \/>\n<meta name=\"robots\" content=\"index, follow, max-snippet:-1, max-image-preview:large, max-video-preview:-1\" \/>\n<link rel=\"canonical\" href=\"https:\/\/www.malinashop.lt\/lt_lt\/shop\/nejha-antakiu-sepetelis-12\/\" \/>\n<meta property=\"og:locale\" content=\"lt_LT\" \/>\n<meta property=\"og:type\" content=\"article\" \/>\n<meta property=\"og:title\" content=\"NEJHA antaki\u0173 \u0161epet\u0117lis (12) - MalinaShop.lt J\u016bs\u0173 sveikatai ir gro\u017eiui.\" \/>\n<meta property=\"og:description\" content=\"NEJHA dvipusis antaki\u0173 \u0161epet\u0117lis tiksliam formavimui, \u0161ukavimui ir produkt\u0173 dengimui. Idealiai tinka nat\u016braliam ar i\u0161rai\u0161kingam \u012fvaizd\u017eiui.\" \/>\n<meta property=\"og:url\" content=\"https:\/\/www.malinashop.lt\/lt_lt\/shop\/nejha-antakiu-sepetelis-12\/\" \/>\n<meta property=\"og:site_name\" content=\"MalinaShop.lt J\u016bs\u0173 sveikatai ir gro\u017eiui.\" \/>\n<meta property=\"article:modified_time\" content=\"2026-03-18T09:41:52+00:00\" \/>\n<meta property=\"og:image\" content=\"https:\/\/www.malinashop.lt\/wp-content\/uploads\/2025\/10\/NEJHA-antakiu-sepetelis-12.webp\" \/>\n\t<meta property=\"og:image:width\" content=\"600\" \/>\n\t<meta property=\"og:image:height\" content=\"600\" \/>\n\t<meta property=\"og:image:type\" content=\"image\/webp\" \/>\n<meta name=\"twitter:card\" content=\"summary_large_image\" \/>\n<script type=\"application\/ld+json\" class=\"yoast-schema-graph\">{\"@context\":\"https:\\\/\\\/schema.org\",\"@graph\":[{\"@type\":\"WebPage\",\"@id\":\"https:\\\/\\\/www.malinashop.lt\\\/en\\\/shop\\\/nejha-antakiu-sepetelis-12\\\/\",\"url\":\"https:\\\/\\\/www.malinashop.lt\\\/en\\\/shop\\\/nejha-antakiu-sepetelis-12\\\/\",\"name\":\"NEJHA antaki\u0173 \u0161epet\u0117lis (12) - MalinaShop.lt J\u016bs\u0173 sveikatai ir gro\u017eiui.\",\"isPartOf\":{\"@id\":\"https:\\\/\\\/www.malinashop.lt\\\/#website\"},\"primaryImageOfPage\":{\"@id\":\"https:\\\/\\\/www.malinashop.lt\\\/en\\\/shop\\\/nejha-antakiu-sepetelis-12\\\/#primaryimage\"},\"image\":{\"@id\":\"https:\\\/\\\/www.malinashop.lt\\\/en\\\/shop\\\/nejha-antakiu-sepetelis-12\\\/#primaryimage\"},\"thumbnailUrl\":\"https:\\\/\\\/www.malinashop.lt\\\/wp-content\\\/uploads\\\/2025\\\/10\\\/NEJHA-antakiu-sepetelis-12.webp\",\"datePublished\":\"2025-10-24T19:00:54+00:00\",\"dateModified\":\"2026-03-18T09:41:52+00:00\",\"description\":\"NEJHA dvipusis antaki\u0173 \u0161epet\u0117lis tiksliam formavimui, \u0161ukavimui ir produkt\u0173 dengimui. Idealiai tinka nat\u016braliam ar i\u0161rai\u0161kingam \u012fvaizd\u017eiui.\",\"breadcrumb\":{\"@id\":\"https:\\\/\\\/www.malinashop.lt\\\/en\\\/shop\\\/nejha-antakiu-sepetelis-12\\\/#breadcrumb\"},\"inLanguage\":\"lt-LT\",\"potentialAction\":[{\"@type\":\"ReadAction\",\"target\":[\"https:\\\/\\\/www.malinashop.lt\\\/en\\\/shop\\\/nejha-antakiu-sepetelis-12\\\/\"]}]},{\"@type\":\"ImageObject\",\"inLanguage\":\"lt-LT\",\"@id\":\"https:\\\/\\\/www.malinashop.lt\\\/en\\\/shop\\\/nejha-antakiu-sepetelis-12\\\/#primaryimage\",\"url\":\"https:\\\/\\\/www.malinashop.lt\\\/wp-content\\\/uploads\\\/2025\\\/10\\\/NEJHA-antakiu-sepetelis-12.webp\",\"contentUrl\":\"https:\\\/\\\/www.malinashop.lt\\\/wp-content\\\/uploads\\\/2025\\\/10\\\/NEJHA-antakiu-sepetelis-12.webp\",\"width\":600,\"height\":600},{\"@type\":\"BreadcrumbList\",\"@id\":\"https:\\\/\\\/www.malinashop.lt\\\/en\\\/shop\\\/nejha-antakiu-sepetelis-12\\\/#breadcrumb\",\"itemListElement\":[{\"@type\":\"ListItem\",\"position\":1,\"name\":\"Pagrindinis\",\"item\":\"https:\\\/\\\/www.malinashop.lt\\\/\"},{\"@type\":\"ListItem\",\"position\":2,\"name\":\"Parduotuv\u0117\",\"item\":\"https:\\\/\\\/www.malinashop.lt\\\/en\\\/parduotuve\\\/\"},{\"@type\":\"ListItem\",\"position\":3,\"name\":\"NEJHA antaki\u0173 \u0161epet\u0117lis (12)\"}]},{\"@type\":\"WebSite\",\"@id\":\"https:\\\/\\\/www.malinashop.lt\\\/#website\",\"url\":\"https:\\\/\\\/www.malinashop.lt\\\/\",\"name\":\"COM Group Ecommerce\",\"description\":\"MalinaShop.lt - Gro\u017eio ir sveikatos produktai i\u0161 patikim\u0173 preki\u0173 \u017eenkl\u0173. Atraskite auk\u0161tos kokyb\u0117s kosmetik\u0105 u\u017e puiki\u0105 kain\u0105.\",\"publisher\":{\"@id\":\"https:\\\/\\\/www.malinashop.lt\\\/#organization\"},\"potentialAction\":[{\"@type\":\"SearchAction\",\"target\":{\"@type\":\"EntryPoint\",\"urlTemplate\":\"https:\\\/\\\/www.malinashop.lt\\\/?s={search_term_string}\"},\"query-input\":{\"@type\":\"PropertyValueSpecification\",\"valueRequired\":true,\"valueName\":\"search_term_string\"}}],\"inLanguage\":\"lt-LT\"},{\"@type\":\"Organization\",\"@id\":\"https:\\\/\\\/www.malinashop.lt\\\/#organization\",\"name\":\"COM Group Ecommerce\",\"url\":\"https:\\\/\\\/www.malinashop.lt\\\/\",\"logo\":{\"@type\":\"ImageObject\",\"inLanguage\":\"lt-LT\",\"@id\":\"https:\\\/\\\/www.malinashop.lt\\\/#\\\/schema\\\/logo\\\/image\\\/\",\"url\":\"https:\\\/\\\/www.malinashop.lt\\\/wp-content\\\/uploads\\\/2024\\\/08\\\/462559670_3787732518133670_9795632669273463_n-e1731525914575.png\",\"contentUrl\":\"https:\\\/\\\/www.malinashop.lt\\\/wp-content\\\/uploads\\\/2024\\\/08\\\/462559670_3787732518133670_9795632669273463_n-e1731525914575.png\",\"width\":180,\"height\":60,\"caption\":\"COM Group Ecommerce\"},\"image\":{\"@id\":\"https:\\\/\\\/www.malinashop.lt\\\/#\\\/schema\\\/logo\\\/image\\\/\"}}]}<\/script>\n<!-- \/ Yoast SEO plugin. -->","yoast_head_json":{"title":"NEJHA antaki\u0173 \u0161epet\u0117lis (12) - MalinaShop.lt J\u016bs\u0173 sveikatai ir gro\u017eiui.","description":"NEJHA dvipusis antaki\u0173 \u0161epet\u0117lis tiksliam formavimui, \u0161ukavimui ir produkt\u0173 dengimui. Idealiai tinka nat\u016braliam ar i\u0161rai\u0161kingam \u012fvaizd\u017eiui.","robots":{"index":"index","follow":"follow","max-snippet":"max-snippet:-1","max-image-preview":"max-image-preview:large","max-video-preview":"max-video-preview:-1"},"canonical":"https:\/\/www.malinashop.lt\/lt_lt\/shop\/nejha-antakiu-sepetelis-12\/","og_locale":"lt_LT","og_type":"article","og_title":"NEJHA antaki\u0173 \u0161epet\u0117lis (12) - MalinaShop.lt J\u016bs\u0173 sveikatai ir gro\u017eiui.","og_description":"NEJHA dvipusis antaki\u0173 \u0161epet\u0117lis tiksliam formavimui, \u0161ukavimui ir produkt\u0173 dengimui. Idealiai tinka nat\u016braliam ar i\u0161rai\u0161kingam \u012fvaizd\u017eiui.","og_url":"https:\/\/www.malinashop.lt\/lt_lt\/shop\/nejha-antakiu-sepetelis-12\/","og_site_name":"MalinaShop.lt J\u016bs\u0173 sveikatai ir gro\u017eiui.","article_modified_time":"2026-03-18T09:41:52+00:00","og_image":[{"width":600,"height":600,"url":"https:\/\/www.malinashop.lt\/wp-content\/uploads\/2025\/10\/NEJHA-antakiu-sepetelis-12.webp","type":"image\/webp"}],"twitter_card":"summary_large_image","schema":{"@context":"https:\/\/schema.org","@graph":[{"@type":"WebPage","@id":"https:\/\/www.malinashop.lt\/en\/shop\/nejha-antakiu-sepetelis-12\/","url":"https:\/\/www.malinashop.lt\/en\/shop\/nejha-antakiu-sepetelis-12\/","name":"NEJHA antaki\u0173 \u0161epet\u0117lis (12) - MalinaShop.lt J\u016bs\u0173 sveikatai ir gro\u017eiui.","isPartOf":{"@id":"https:\/\/www.malinashop.lt\/#website"},"primaryImageOfPage":{"@id":"https:\/\/www.malinashop.lt\/en\/shop\/nejha-antakiu-sepetelis-12\/#primaryimage"},"image":{"@id":"https:\/\/www.malinashop.lt\/en\/shop\/nejha-antakiu-sepetelis-12\/#primaryimage"},"thumbnailUrl":"https:\/\/www.malinashop.lt\/wp-content\/uploads\/2025\/10\/NEJHA-antakiu-sepetelis-12.webp","datePublished":"2025-10-24T19:00:54+00:00","dateModified":"2026-03-18T09:41:52+00:00","description":"NEJHA dvipusis antaki\u0173 \u0161epet\u0117lis tiksliam formavimui, \u0161ukavimui ir produkt\u0173 dengimui. Idealiai tinka nat\u016braliam ar i\u0161rai\u0161kingam \u012fvaizd\u017eiui.","breadcrumb":{"@id":"https:\/\/www.malinashop.lt\/en\/shop\/nejha-antakiu-sepetelis-12\/#breadcrumb"},"inLanguage":"lt-LT","potentialAction":[{"@type":"ReadAction","target":["https:\/\/www.malinashop.lt\/en\/shop\/nejha-antakiu-sepetelis-12\/"]}]},{"@type":"ImageObject","inLanguage":"lt-LT","@id":"https:\/\/www.malinashop.lt\/en\/shop\/nejha-antakiu-sepetelis-12\/#primaryimage","url":"https:\/\/www.malinashop.lt\/wp-content\/uploads\/2025\/10\/NEJHA-antakiu-sepetelis-12.webp","contentUrl":"https:\/\/www.malinashop.lt\/wp-content\/uploads\/2025\/10\/NEJHA-antakiu-sepetelis-12.webp","width":600,"height":600},{"@type":"BreadcrumbList","@id":"https:\/\/www.malinashop.lt\/en\/shop\/nejha-antakiu-sepetelis-12\/#breadcrumb","itemListElement":[{"@type":"ListItem","position":1,"name":"Pagrindinis","item":"https:\/\/www.malinashop.lt\/"},{"@type":"ListItem","position":2,"name":"Parduotuv\u0117","item":"https:\/\/www.malinashop.lt\/en\/parduotuve\/"},{"@type":"ListItem","position":3,"name":"NEJHA antaki\u0173 \u0161epet\u0117lis (12)"}]},{"@type":"WebSite","@id":"https:\/\/www.malinashop.lt\/#website","url":"https:\/\/www.malinashop.lt\/","name":"COM Group Ecommerce","description":"MalinaShop.lt - Gro\u017eio ir sveikatos produktai i\u0161 patikim\u0173 preki\u0173 \u017eenkl\u0173. Atraskite auk\u0161tos kokyb\u0117s kosmetik\u0105 u\u017e puiki\u0105 kain\u0105.","publisher":{"@id":"https:\/\/www.malinashop.lt\/#organization"},"potentialAction":[{"@type":"SearchAction","target":{"@type":"EntryPoint","urlTemplate":"https:\/\/www.malinashop.lt\/?s={search_term_string}"},"query-input":{"@type":"PropertyValueSpecification","valueRequired":true,"valueName":"search_term_string"}}],"inLanguage":"lt-LT"},{"@type":"Organization","@id":"https:\/\/www.malinashop.lt\/#organization","name":"COM Group Ecommerce","url":"https:\/\/www.malinashop.lt\/","logo":{"@type":"ImageObject","inLanguage":"lt-LT","@id":"https:\/\/www.malinashop.lt\/#\/schema\/logo\/image\/","url":"https:\/\/www.malinashop.lt\/wp-content\/uploads\/2024\/08\/462559670_3787732518133670_9795632669273463_n-e1731525914575.png","contentUrl":"https:\/\/www.malinashop.lt\/wp-content\/uploads\/2024\/08\/462559670_3787732518133670_9795632669273463_n-e1731525914575.png","width":180,"height":60,"caption":"COM Group Ecommerce"},"image":{"@id":"https:\/\/www.malinashop.lt\/#\/schema\/logo\/image\/"}}]}},"jetpack_sharing_enabled":true,"_links":{"self":[{"href":"https:\/\/www.malinashop.lt\/lt_lt\/wp-json\/wp\/v2\/product\/59250","targetHints":{"allow":["GET"]}}],"collection":[{"href":"https:\/\/www.malinashop.lt\/lt_lt\/wp-json\/wp\/v2\/product"}],"about":[{"href":"https:\/\/www.malinashop.lt\/lt_lt\/wp-json\/wp\/v2\/types\/product"}],"version-history":[{"count":1,"href":"https:\/\/www.malinashop.lt\/lt_lt\/wp-json\/wp\/v2\/product\/59250\/revisions"}],"predecessor-version":[{"id":59252,"href":"https:\/\/www.malinashop.lt\/lt_lt\/wp-json\/wp\/v2\/product\/59250\/revisions\/59252"}],"wp:featuredmedia":[{"embeddable":true,"href":"https:\/\/www.malinashop.lt\/lt_lt\/wp-json\/wp\/v2\/media\/59251"}],"wp:attachment":[{"href":"https:\/\/www.malinashop.lt\/lt_lt\/wp-json\/wp\/v2\/media?parent=59250"}],"wp:term":[{"taxonomy":"product_brand","embeddable":true,"href":"https:\/\/www.malinashop.lt\/lt_lt\/wp-json\/wp\/v2\/product_brand?post=59250"},{"taxonomy":"product_cat","embeddable":true,"href":"https:\/\/www.malinashop.lt\/lt_lt\/wp-json\/wp\/v2\/product_cat?post=59250"},{"taxonomy":"product_tag","embeddable":true,"href":"https:\/\/www.malinashop.lt\/lt_lt\/wp-json\/wp\/v2\/product_tag?post=59250"}],"curies":[{"name":"wp","href":"https:\/\/api.w.org\/{rel}","templated":true}]}}