{"id":59203,"date":"2025-10-25T13:20:29","date_gmt":"2025-10-25T10:20:29","guid":{"rendered":"https:\/\/malinashop.lt\/?post_type=product&#038;p=59203"},"modified":"2026-04-13T22:35:28","modified_gmt":"2026-04-13T19:35:28","slug":"agiva-caffeine-ginseng-sampunas-nuo-plauku-slinkimo-500ml","status":"publish","type":"product","link":"https:\/\/www.malinashop.lt\/lt_lt\/shop\/agiva-caffeine-ginseng-sampunas-nuo-plauku-slinkimo-500ml\/","title":{"rendered":"AGIVA CAFFEINE GINSENG \u0161amp\u016bnas nuo plauk\u0173 slinkimo, 500ml"},"content":{"rendered":"<p>AGIVA \u0161amp\u016bnas CAFFEINE GINSENG (500 ml) \u2013 tai stiprinamasis \u0161amp\u016bnas, skirtas ploniems ir slinkti linkusiems plaukams. Jo veiklioji formul\u0117 su kofeinu ir \u017een\u0161eniu stimuliuoja galvos od\u0105, gerina kraujotak\u0105 ir stiprina plauk\u0173 svog\u016bn\u0117lius, taip skatindama augim\u0105 ir ma\u017eindama plauk\u0173 slinkim\u0105.<\/p>\n<p>Kofeinas prailgina plauk\u0173 augimo faz\u0119, o \u017een\u0161enis veikia tonizuojan\u010diai ir atgaivinan\u010diai, suteikia plaukams daugiau gyvybingumo, elastingumo ir \u017evilgesio. Reguliariai naudojant, plaukai tampa stipresni, tankesni ir ma\u017eiau l\u016b\u017ein\u0117ja.<\/p>\n<p>Tinka kasdieniam naudojimui vis\u0173 tip\u0173 plaukams, ypa\u010d silpniems ir pa\u017eeistiems.<\/p>\n<p>Pagrindiniai privalumai:<\/p>\n<p>Ma\u017eina plauk\u0173 slinkim\u0105 ir skatina augim\u0105.<\/p>\n<p>Stiprina \u0161aknis ir gerina galvos odos kraujotak\u0105.<\/p>\n<p>Tonizuoja ir maitina plaukus nuo \u0161akn\u0173 iki galiuk\u0173.<\/p>\n<p>Suteikia tankumo, \u017evilgesio ir gyvybingumo.<\/p>\n<p>Tinka kasdieniam naudojimui.<\/p>\n<p>Naudojimas:<br \/>\nU\u017etepkite nedidel\u012f kiek\u012f \u0161amp\u016bno ant dr\u0117gn\u0173 plauk\u0173. \u0160velniai \u012fmasa\u017euokite \u012f galvos od\u0105 ir vis\u0105 plauk\u0173 ilg\u012f, palikite kelioms akimirkoms, tuomet gerai nuskalaukite vandeniu. Naudokite reguliariai geriausiam rezultatui pasiekti.<\/p>\n","protected":false},"excerpt":{"rendered":"<p>AGIVA CAFFEINE GINSENG \u0161amp\u016bnas stiprina plaukus, ma\u017eina slinkim\u0105 ir skatina sveikesn\u012f augim\u0105 \u2013 su kofeinu ir \u017een\u0161eniu ve\u0161lesniems plaukams.<\/p>\n","protected":false},"featured_media":59204,"template":"","meta":[],"product_brand":[1357],"product_cat":[711,517],"product_tag":[1582],"class_list":{"0":"post-59203","1":"product","2":"type-product","3":"status-publish","4":"has-post-thumbnail","6":"product_brand-agiva","7":"product_cat-plaukams","8":"product_cat-plauku-kaukes-ir-kremai-ampules","9":"product_tag-agiva","11":"first","12":"outofstock","13":"sale","14":"taxable","15":"shipping-taxable","16":"purchasable","17":"product-type-simple"},"yoast_head":"<!-- This site is optimized with the Yoast SEO plugin v27.4 - https:\/\/yoast.com\/product\/yoast-seo-wordpress\/ -->\n<title>AGIVA CAFFEINE GINSENG \u0161amp\u016bnas nuo plauk\u0173 slinkimo, 500ml - MalinaShop.lt J\u016bs\u0173 sveikatai ir gro\u017eiui.<\/title>\n<meta name=\"description\" content=\"AGIVA CAFFEINE GINSENG \u0161amp\u016bnas su kofeinu ir \u017een\u0161eniu ma\u017eina plauk\u0173 slinkim\u0105, stiprina \u0161aknis ir skatina sveikesn\u012f, ve\u0161lesn\u012f plauk\u0173 augim\u0105.\" \/>\n<meta name=\"robots\" content=\"index, follow, max-snippet:-1, max-image-preview:large, max-video-preview:-1\" \/>\n<link rel=\"canonical\" href=\"https:\/\/www.malinashop.lt\/lt_lt\/shop\/agiva-caffeine-ginseng-sampunas-nuo-plauku-slinkimo-500ml\/\" \/>\n<meta property=\"og:locale\" content=\"lt_LT\" \/>\n<meta property=\"og:type\" content=\"article\" \/>\n<meta property=\"og:title\" content=\"AGIVA CAFFEINE GINSENG \u0161amp\u016bnas nuo plauk\u0173 slinkimo, 500ml - MalinaShop.lt J\u016bs\u0173 sveikatai ir gro\u017eiui.\" \/>\n<meta property=\"og:description\" content=\"AGIVA CAFFEINE GINSENG \u0161amp\u016bnas su kofeinu ir \u017een\u0161eniu ma\u017eina plauk\u0173 slinkim\u0105, stiprina \u0161aknis ir skatina sveikesn\u012f, ve\u0161lesn\u012f plauk\u0173 augim\u0105.\" \/>\n<meta property=\"og:url\" content=\"https:\/\/www.malinashop.lt\/lt_lt\/shop\/agiva-caffeine-ginseng-sampunas-nuo-plauku-slinkimo-500ml\/\" \/>\n<meta property=\"og:site_name\" content=\"MalinaShop.lt J\u016bs\u0173 sveikatai ir gro\u017eiui.\" \/>\n<meta property=\"article:modified_time\" content=\"2026-04-13T19:35:28+00:00\" \/>\n<meta property=\"og:image\" content=\"https:\/\/www.malinashop.lt\/wp-content\/uploads\/2025\/10\/AGIVA-CAFFEINE-GINSENG-sampunas-nuo-plauku-slinkimo-500ml.webp\" \/>\n\t<meta property=\"og:image:width\" content=\"768\" \/>\n\t<meta property=\"og:image:height\" content=\"768\" \/>\n\t<meta property=\"og:image:type\" content=\"image\/webp\" \/>\n<meta name=\"twitter:card\" content=\"summary_large_image\" \/>\n<script type=\"application\/ld+json\" class=\"yoast-schema-graph\">{\"@context\":\"https:\\\/\\\/schema.org\",\"@graph\":[{\"@type\":\"WebPage\",\"@id\":\"https:\\\/\\\/www.malinashop.lt\\\/lt_lt\\\/shop\\\/agiva-caffeine-ginseng-sampunas-nuo-plauku-slinkimo-500ml\\\/\",\"url\":\"https:\\\/\\\/www.malinashop.lt\\\/lt_lt\\\/shop\\\/agiva-caffeine-ginseng-sampunas-nuo-plauku-slinkimo-500ml\\\/\",\"name\":\"AGIVA CAFFEINE GINSENG \u0161amp\u016bnas nuo plauk\u0173 slinkimo, 500ml - MalinaShop.lt J\u016bs\u0173 sveikatai ir gro\u017eiui.\",\"isPartOf\":{\"@id\":\"https:\\\/\\\/www.malinashop.lt\\\/#website\"},\"primaryImageOfPage\":{\"@id\":\"https:\\\/\\\/www.malinashop.lt\\\/lt_lt\\\/shop\\\/agiva-caffeine-ginseng-sampunas-nuo-plauku-slinkimo-500ml\\\/#primaryimage\"},\"image\":{\"@id\":\"https:\\\/\\\/www.malinashop.lt\\\/lt_lt\\\/shop\\\/agiva-caffeine-ginseng-sampunas-nuo-plauku-slinkimo-500ml\\\/#primaryimage\"},\"thumbnailUrl\":\"https:\\\/\\\/www.malinashop.lt\\\/wp-content\\\/uploads\\\/2025\\\/10\\\/AGIVA-CAFFEINE-GINSENG-sampunas-nuo-plauku-slinkimo-500ml.webp\",\"datePublished\":\"2025-10-25T10:20:29+00:00\",\"dateModified\":\"2026-04-13T19:35:28+00:00\",\"description\":\"AGIVA CAFFEINE GINSENG \u0161amp\u016bnas su kofeinu ir \u017een\u0161eniu ma\u017eina plauk\u0173 slinkim\u0105, stiprina \u0161aknis ir skatina sveikesn\u012f, ve\u0161lesn\u012f plauk\u0173 augim\u0105.\",\"breadcrumb\":{\"@id\":\"https:\\\/\\\/www.malinashop.lt\\\/lt_lt\\\/shop\\\/agiva-caffeine-ginseng-sampunas-nuo-plauku-slinkimo-500ml\\\/#breadcrumb\"},\"inLanguage\":\"lt-LT\",\"potentialAction\":[{\"@type\":\"ReadAction\",\"target\":[\"https:\\\/\\\/www.malinashop.lt\\\/lt_lt\\\/shop\\\/agiva-caffeine-ginseng-sampunas-nuo-plauku-slinkimo-500ml\\\/\"]}]},{\"@type\":\"ImageObject\",\"inLanguage\":\"lt-LT\",\"@id\":\"https:\\\/\\\/www.malinashop.lt\\\/lt_lt\\\/shop\\\/agiva-caffeine-ginseng-sampunas-nuo-plauku-slinkimo-500ml\\\/#primaryimage\",\"url\":\"https:\\\/\\\/www.malinashop.lt\\\/wp-content\\\/uploads\\\/2025\\\/10\\\/AGIVA-CAFFEINE-GINSENG-sampunas-nuo-plauku-slinkimo-500ml.webp\",\"contentUrl\":\"https:\\\/\\\/www.malinashop.lt\\\/wp-content\\\/uploads\\\/2025\\\/10\\\/AGIVA-CAFFEINE-GINSENG-sampunas-nuo-plauku-slinkimo-500ml.webp\",\"width\":768,\"height\":768},{\"@type\":\"BreadcrumbList\",\"@id\":\"https:\\\/\\\/www.malinashop.lt\\\/lt_lt\\\/shop\\\/agiva-caffeine-ginseng-sampunas-nuo-plauku-slinkimo-500ml\\\/#breadcrumb\",\"itemListElement\":[{\"@type\":\"ListItem\",\"position\":1,\"name\":\"Pagrindinis\",\"item\":\"https:\\\/\\\/www.malinashop.lt\\\/\"},{\"@type\":\"ListItem\",\"position\":2,\"name\":\"Parduotuv\u0117\",\"item\":\"https:\\\/\\\/www.malinashop.lt\\\/en\\\/parduotuve\\\/\"},{\"@type\":\"ListItem\",\"position\":3,\"name\":\"AGIVA CAFFEINE GINSENG \u0161amp\u016bnas nuo plauk\u0173 slinkimo, 500ml\"}]},{\"@type\":\"WebSite\",\"@id\":\"https:\\\/\\\/www.malinashop.lt\\\/#website\",\"url\":\"https:\\\/\\\/www.malinashop.lt\\\/\",\"name\":\"COM Group Ecommerce\",\"description\":\"MalinaShop.lt - Gro\u017eio ir sveikatos produktai i\u0161 patikim\u0173 preki\u0173 \u017eenkl\u0173. Atraskite auk\u0161tos kokyb\u0117s kosmetik\u0105 u\u017e puiki\u0105 kain\u0105.\",\"publisher\":{\"@id\":\"https:\\\/\\\/www.malinashop.lt\\\/#organization\"},\"potentialAction\":[{\"@type\":\"SearchAction\",\"target\":{\"@type\":\"EntryPoint\",\"urlTemplate\":\"https:\\\/\\\/www.malinashop.lt\\\/?s={search_term_string}\"},\"query-input\":{\"@type\":\"PropertyValueSpecification\",\"valueRequired\":true,\"valueName\":\"search_term_string\"}}],\"inLanguage\":\"lt-LT\"},{\"@type\":\"Organization\",\"@id\":\"https:\\\/\\\/www.malinashop.lt\\\/#organization\",\"name\":\"COM Group Ecommerce\",\"url\":\"https:\\\/\\\/www.malinashop.lt\\\/\",\"logo\":{\"@type\":\"ImageObject\",\"inLanguage\":\"lt-LT\",\"@id\":\"https:\\\/\\\/www.malinashop.lt\\\/#\\\/schema\\\/logo\\\/image\\\/\",\"url\":\"https:\\\/\\\/www.malinashop.lt\\\/wp-content\\\/uploads\\\/2024\\\/08\\\/462559670_3787732518133670_9795632669273463_n-e1731525914575.png\",\"contentUrl\":\"https:\\\/\\\/www.malinashop.lt\\\/wp-content\\\/uploads\\\/2024\\\/08\\\/462559670_3787732518133670_9795632669273463_n-e1731525914575.png\",\"width\":180,\"height\":60,\"caption\":\"COM Group Ecommerce\"},\"image\":{\"@id\":\"https:\\\/\\\/www.malinashop.lt\\\/#\\\/schema\\\/logo\\\/image\\\/\"}}]}<\/script>\n<!-- \/ Yoast SEO plugin. -->","yoast_head_json":{"title":"AGIVA CAFFEINE GINSENG \u0161amp\u016bnas nuo plauk\u0173 slinkimo, 500ml - MalinaShop.lt J\u016bs\u0173 sveikatai ir gro\u017eiui.","description":"AGIVA CAFFEINE GINSENG \u0161amp\u016bnas su kofeinu ir \u017een\u0161eniu ma\u017eina plauk\u0173 slinkim\u0105, stiprina \u0161aknis ir skatina sveikesn\u012f, ve\u0161lesn\u012f plauk\u0173 augim\u0105.","robots":{"index":"index","follow":"follow","max-snippet":"max-snippet:-1","max-image-preview":"max-image-preview:large","max-video-preview":"max-video-preview:-1"},"canonical":"https:\/\/www.malinashop.lt\/lt_lt\/shop\/agiva-caffeine-ginseng-sampunas-nuo-plauku-slinkimo-500ml\/","og_locale":"lt_LT","og_type":"article","og_title":"AGIVA CAFFEINE GINSENG \u0161amp\u016bnas nuo plauk\u0173 slinkimo, 500ml - MalinaShop.lt J\u016bs\u0173 sveikatai ir gro\u017eiui.","og_description":"AGIVA CAFFEINE GINSENG \u0161amp\u016bnas su kofeinu ir \u017een\u0161eniu ma\u017eina plauk\u0173 slinkim\u0105, stiprina \u0161aknis ir skatina sveikesn\u012f, ve\u0161lesn\u012f plauk\u0173 augim\u0105.","og_url":"https:\/\/www.malinashop.lt\/lt_lt\/shop\/agiva-caffeine-ginseng-sampunas-nuo-plauku-slinkimo-500ml\/","og_site_name":"MalinaShop.lt J\u016bs\u0173 sveikatai ir gro\u017eiui.","article_modified_time":"2026-04-13T19:35:28+00:00","og_image":[{"width":768,"height":768,"url":"https:\/\/www.malinashop.lt\/wp-content\/uploads\/2025\/10\/AGIVA-CAFFEINE-GINSENG-sampunas-nuo-plauku-slinkimo-500ml.webp","type":"image\/webp"}],"twitter_card":"summary_large_image","schema":{"@context":"https:\/\/schema.org","@graph":[{"@type":"WebPage","@id":"https:\/\/www.malinashop.lt\/lt_lt\/shop\/agiva-caffeine-ginseng-sampunas-nuo-plauku-slinkimo-500ml\/","url":"https:\/\/www.malinashop.lt\/lt_lt\/shop\/agiva-caffeine-ginseng-sampunas-nuo-plauku-slinkimo-500ml\/","name":"AGIVA CAFFEINE GINSENG \u0161amp\u016bnas nuo plauk\u0173 slinkimo, 500ml - MalinaShop.lt J\u016bs\u0173 sveikatai ir gro\u017eiui.","isPartOf":{"@id":"https:\/\/www.malinashop.lt\/#website"},"primaryImageOfPage":{"@id":"https:\/\/www.malinashop.lt\/lt_lt\/shop\/agiva-caffeine-ginseng-sampunas-nuo-plauku-slinkimo-500ml\/#primaryimage"},"image":{"@id":"https:\/\/www.malinashop.lt\/lt_lt\/shop\/agiva-caffeine-ginseng-sampunas-nuo-plauku-slinkimo-500ml\/#primaryimage"},"thumbnailUrl":"https:\/\/www.malinashop.lt\/wp-content\/uploads\/2025\/10\/AGIVA-CAFFEINE-GINSENG-sampunas-nuo-plauku-slinkimo-500ml.webp","datePublished":"2025-10-25T10:20:29+00:00","dateModified":"2026-04-13T19:35:28+00:00","description":"AGIVA CAFFEINE GINSENG \u0161amp\u016bnas su kofeinu ir \u017een\u0161eniu ma\u017eina plauk\u0173 slinkim\u0105, stiprina \u0161aknis ir skatina sveikesn\u012f, ve\u0161lesn\u012f plauk\u0173 augim\u0105.","breadcrumb":{"@id":"https:\/\/www.malinashop.lt\/lt_lt\/shop\/agiva-caffeine-ginseng-sampunas-nuo-plauku-slinkimo-500ml\/#breadcrumb"},"inLanguage":"lt-LT","potentialAction":[{"@type":"ReadAction","target":["https:\/\/www.malinashop.lt\/lt_lt\/shop\/agiva-caffeine-ginseng-sampunas-nuo-plauku-slinkimo-500ml\/"]}]},{"@type":"ImageObject","inLanguage":"lt-LT","@id":"https:\/\/www.malinashop.lt\/lt_lt\/shop\/agiva-caffeine-ginseng-sampunas-nuo-plauku-slinkimo-500ml\/#primaryimage","url":"https:\/\/www.malinashop.lt\/wp-content\/uploads\/2025\/10\/AGIVA-CAFFEINE-GINSENG-sampunas-nuo-plauku-slinkimo-500ml.webp","contentUrl":"https:\/\/www.malinashop.lt\/wp-content\/uploads\/2025\/10\/AGIVA-CAFFEINE-GINSENG-sampunas-nuo-plauku-slinkimo-500ml.webp","width":768,"height":768},{"@type":"BreadcrumbList","@id":"https:\/\/www.malinashop.lt\/lt_lt\/shop\/agiva-caffeine-ginseng-sampunas-nuo-plauku-slinkimo-500ml\/#breadcrumb","itemListElement":[{"@type":"ListItem","position":1,"name":"Pagrindinis","item":"https:\/\/www.malinashop.lt\/"},{"@type":"ListItem","position":2,"name":"Parduotuv\u0117","item":"https:\/\/www.malinashop.lt\/en\/parduotuve\/"},{"@type":"ListItem","position":3,"name":"AGIVA CAFFEINE GINSENG \u0161amp\u016bnas nuo plauk\u0173 slinkimo, 500ml"}]},{"@type":"WebSite","@id":"https:\/\/www.malinashop.lt\/#website","url":"https:\/\/www.malinashop.lt\/","name":"COM Group Ecommerce","description":"MalinaShop.lt - Gro\u017eio ir sveikatos produktai i\u0161 patikim\u0173 preki\u0173 \u017eenkl\u0173. Atraskite auk\u0161tos kokyb\u0117s kosmetik\u0105 u\u017e puiki\u0105 kain\u0105.","publisher":{"@id":"https:\/\/www.malinashop.lt\/#organization"},"potentialAction":[{"@type":"SearchAction","target":{"@type":"EntryPoint","urlTemplate":"https:\/\/www.malinashop.lt\/?s={search_term_string}"},"query-input":{"@type":"PropertyValueSpecification","valueRequired":true,"valueName":"search_term_string"}}],"inLanguage":"lt-LT"},{"@type":"Organization","@id":"https:\/\/www.malinashop.lt\/#organization","name":"COM Group Ecommerce","url":"https:\/\/www.malinashop.lt\/","logo":{"@type":"ImageObject","inLanguage":"lt-LT","@id":"https:\/\/www.malinashop.lt\/#\/schema\/logo\/image\/","url":"https:\/\/www.malinashop.lt\/wp-content\/uploads\/2024\/08\/462559670_3787732518133670_9795632669273463_n-e1731525914575.png","contentUrl":"https:\/\/www.malinashop.lt\/wp-content\/uploads\/2024\/08\/462559670_3787732518133670_9795632669273463_n-e1731525914575.png","width":180,"height":60,"caption":"COM Group Ecommerce"},"image":{"@id":"https:\/\/www.malinashop.lt\/#\/schema\/logo\/image\/"}}]}},"jetpack_sharing_enabled":true,"_links":{"self":[{"href":"https:\/\/www.malinashop.lt\/lt_lt\/wp-json\/wp\/v2\/product\/59203","targetHints":{"allow":["GET"]}}],"collection":[{"href":"https:\/\/www.malinashop.lt\/lt_lt\/wp-json\/wp\/v2\/product"}],"about":[{"href":"https:\/\/www.malinashop.lt\/lt_lt\/wp-json\/wp\/v2\/types\/product"}],"version-history":[{"count":1,"href":"https:\/\/www.malinashop.lt\/lt_lt\/wp-json\/wp\/v2\/product\/59203\/revisions"}],"predecessor-version":[{"id":59205,"href":"https:\/\/www.malinashop.lt\/lt_lt\/wp-json\/wp\/v2\/product\/59203\/revisions\/59205"}],"wp:featuredmedia":[{"embeddable":true,"href":"https:\/\/www.malinashop.lt\/lt_lt\/wp-json\/wp\/v2\/media\/59204"}],"wp:attachment":[{"href":"https:\/\/www.malinashop.lt\/lt_lt\/wp-json\/wp\/v2\/media?parent=59203"}],"wp:term":[{"taxonomy":"product_brand","embeddable":true,"href":"https:\/\/www.malinashop.lt\/lt_lt\/wp-json\/wp\/v2\/product_brand?post=59203"},{"taxonomy":"product_cat","embeddable":true,"href":"https:\/\/www.malinashop.lt\/lt_lt\/wp-json\/wp\/v2\/product_cat?post=59203"},{"taxonomy":"product_tag","embeddable":true,"href":"https:\/\/www.malinashop.lt\/lt_lt\/wp-json\/wp\/v2\/product_tag?post=59203"}],"curies":[{"name":"wp","href":"https:\/\/api.w.org\/{rel}","templated":true}]}}