{"id":59200,"date":"2025-10-21T14:12:24","date_gmt":"2025-10-21T11:12:24","guid":{"rendered":"https:\/\/malinashop.lt\/?post_type=product&#038;p=59200"},"modified":"2026-04-13T22:35:29","modified_gmt":"2026-04-13T19:35:29","slug":"agiva-sampunas-sausiems-silpniems-ir-luzinejantiems-plaukams-8d-hyaluron-500-ml","status":"publish","type":"product","link":"https:\/\/www.malinashop.lt\/lt_lt\/shop\/agiva-sampunas-sausiems-silpniems-ir-luzinejantiems-plaukams-8d-hyaluron-500-ml\/","title":{"rendered":"AGIVA \u0161amp\u016bnas sausiems, silpniems ir l\u016b\u017ein\u0117jantiems plaukams 8D HYALURON, 500 ml"},"content":{"rendered":"<p>AGIVA \u0161amp\u016bnas 8D HYALURON (500 ml) \u2013 tai pa\u017eangi dr\u0117kinamoji priemon\u0117, skirta sausiems, silpniems ir l\u016b\u017ein\u0117jantiems plaukams. Jo sud\u0117tyje esantis 8D hialurono kompleksas giliai dr\u0117kina plauk\u0173 sruogas, padeda atkurti nat\u016bral\u0173 elastingum\u0105, o augaliniai ekstraktai suteikia plaukams gyvybingumo ir \u0161velnumo.<\/p>\n<p>\u0160amp\u016bnas \u0161velniai, bet veiksmingai valo galvos od\u0105 ir plaukus, kartu u\u017etikrindamas ilgalaik\u012f dr\u0117kinim\u0105. Reguliariai naudojant, plaukai tampa stipresni, mink\u0161tesni ir lengviau suvaldomi, \u012fgauna nat\u016bral\u0173 \u017evilges\u012f ir sveik\u0105 i\u0161vaizd\u0105.<\/p>\n<p>Tinka kasdieniam naudojimui ir vis\u0173 tip\u0173 plaukams, ypa\u010d tiems, kuriems tr\u016bksta dr\u0117gm\u0117s ir gyvybingumo.<\/p>\n<p>Pagrindiniai privalumai:<\/p>\n<p>8D hialurono kompleksas intensyviai dr\u0117kina ir stiprina plaukus.<\/p>\n<p>Padeda atkurti nat\u016bral\u0173 elastingum\u0105 ir glotnum\u0105.<\/p>\n<p>Ma\u017eina plauk\u0173 l\u016b\u017ein\u0117jim\u0105 ir sausum\u0105.<\/p>\n<p>Suteikia \u0161velnumo, \u017evilgesio ir gyvybingumo.<\/p>\n<p>Tinka kasdieniam naudojimui.<\/p>\n<p>Naudojimas:<br \/>\nU\u017etepkite nedidel\u012f kiek\u012f \u0161amp\u016bno ant dr\u0117gn\u0173 plauk\u0173. \u0160velniai \u012fmasa\u017euokite \u012f galvos od\u0105 ir vis\u0105 plauk\u0173 ilg\u012f, palikite kelioms akimirkoms, tuomet gerai nuskalaukite vandeniu. Naudokite reguliariai geriausiam rezultatui pasiekti.<\/p>\n","protected":false},"excerpt":{"rendered":"<p>AGIVA 8D HYALURON \u0161amp\u016bnas su hialuronu intensyviai dr\u0117kina, stiprina ir atkuria sausus bei l\u016b\u017ein\u0117jan\u010dius plaukus, suteikdamas jiems \u0161velnumo ir \u017evilgesio.<\/p>\n","protected":false},"featured_media":59201,"template":"","meta":[],"product_brand":[1357],"product_cat":[711,517],"product_tag":[1582],"class_list":{"0":"post-59200","1":"product","2":"type-product","3":"status-publish","4":"has-post-thumbnail","6":"product_brand-agiva","7":"product_cat-plaukams","8":"product_cat-plauku-kaukes-ir-kremai-ampules","9":"product_tag-agiva","11":"first","12":"outofstock","13":"sale","14":"taxable","15":"shipping-taxable","16":"purchasable","17":"product-type-simple"},"yoast_head":"<!-- This site is optimized with the Yoast SEO plugin v27.4 - https:\/\/yoast.com\/product\/yoast-seo-wordpress\/ -->\n<title>AGIVA \u0161amp\u016bnas sausiems, silpniems ir l\u016b\u017ein\u0117jantiems plaukams 8D HYALURON, 500 ml - MalinaShop.lt J\u016bs\u0173 sveikatai ir gro\u017eiui.<\/title>\n<meta name=\"description\" content=\"AGIVA 8D HYALURON \u0161amp\u016bnas dr\u0117kina, stiprina ir atkuria sausus bei l\u016b\u017ein\u0117jan\u010dius plaukus, suteikdamas jiems \u0161velnumo, elastingumo ir sveiko \u017evilgesio.\" \/>\n<meta name=\"robots\" content=\"index, follow, max-snippet:-1, max-image-preview:large, max-video-preview:-1\" \/>\n<link rel=\"canonical\" href=\"https:\/\/www.malinashop.lt\/lt_lt\/shop\/agiva-sampunas-sausiems-silpniems-ir-luzinejantiems-plaukams-8d-hyaluron-500-ml\/\" \/>\n<meta property=\"og:locale\" content=\"lt_LT\" \/>\n<meta property=\"og:type\" content=\"article\" \/>\n<meta property=\"og:title\" content=\"AGIVA \u0161amp\u016bnas sausiems, silpniems ir l\u016b\u017ein\u0117jantiems plaukams 8D HYALURON, 500 ml - MalinaShop.lt J\u016bs\u0173 sveikatai ir gro\u017eiui.\" \/>\n<meta property=\"og:description\" content=\"AGIVA 8D HYALURON \u0161amp\u016bnas dr\u0117kina, stiprina ir atkuria sausus bei l\u016b\u017ein\u0117jan\u010dius plaukus, suteikdamas jiems \u0161velnumo, elastingumo ir sveiko \u017evilgesio.\" \/>\n<meta property=\"og:url\" content=\"https:\/\/www.malinashop.lt\/lt_lt\/shop\/agiva-sampunas-sausiems-silpniems-ir-luzinejantiems-plaukams-8d-hyaluron-500-ml\/\" \/>\n<meta property=\"og:site_name\" content=\"MalinaShop.lt J\u016bs\u0173 sveikatai ir gro\u017eiui.\" \/>\n<meta property=\"article:modified_time\" content=\"2026-04-13T19:35:29+00:00\" \/>\n<meta property=\"og:image\" content=\"https:\/\/www.malinashop.lt\/wp-content\/uploads\/2025\/10\/AGIVA-sampunas-sausiems-silpniems-ir-luzinejantiems-plaukams-8D-HYALURON-500-ml.webp\" \/>\n\t<meta property=\"og:image:width\" content=\"768\" \/>\n\t<meta property=\"og:image:height\" content=\"768\" \/>\n\t<meta property=\"og:image:type\" content=\"image\/webp\" \/>\n<meta name=\"twitter:card\" content=\"summary_large_image\" \/>\n<script type=\"application\/ld+json\" class=\"yoast-schema-graph\">{\"@context\":\"https:\\\/\\\/schema.org\",\"@graph\":[{\"@type\":\"WebPage\",\"@id\":\"https:\\\/\\\/www.malinashop.lt\\\/lt_lt\\\/shop\\\/agiva-sampunas-sausiems-silpniems-ir-luzinejantiems-plaukams-8d-hyaluron-500-ml\\\/\",\"url\":\"https:\\\/\\\/www.malinashop.lt\\\/lt_lt\\\/shop\\\/agiva-sampunas-sausiems-silpniems-ir-luzinejantiems-plaukams-8d-hyaluron-500-ml\\\/\",\"name\":\"AGIVA \u0161amp\u016bnas sausiems, silpniems ir l\u016b\u017ein\u0117jantiems plaukams 8D HYALURON, 500 ml - MalinaShop.lt J\u016bs\u0173 sveikatai ir gro\u017eiui.\",\"isPartOf\":{\"@id\":\"https:\\\/\\\/www.malinashop.lt\\\/#website\"},\"primaryImageOfPage\":{\"@id\":\"https:\\\/\\\/www.malinashop.lt\\\/lt_lt\\\/shop\\\/agiva-sampunas-sausiems-silpniems-ir-luzinejantiems-plaukams-8d-hyaluron-500-ml\\\/#primaryimage\"},\"image\":{\"@id\":\"https:\\\/\\\/www.malinashop.lt\\\/lt_lt\\\/shop\\\/agiva-sampunas-sausiems-silpniems-ir-luzinejantiems-plaukams-8d-hyaluron-500-ml\\\/#primaryimage\"},\"thumbnailUrl\":\"https:\\\/\\\/www.malinashop.lt\\\/wp-content\\\/uploads\\\/2025\\\/10\\\/AGIVA-sampunas-sausiems-silpniems-ir-luzinejantiems-plaukams-8D-HYALURON-500-ml.webp\",\"datePublished\":\"2025-10-21T11:12:24+00:00\",\"dateModified\":\"2026-04-13T19:35:29+00:00\",\"description\":\"AGIVA 8D HYALURON \u0161amp\u016bnas dr\u0117kina, stiprina ir atkuria sausus bei l\u016b\u017ein\u0117jan\u010dius plaukus, suteikdamas jiems \u0161velnumo, elastingumo ir sveiko \u017evilgesio.\",\"breadcrumb\":{\"@id\":\"https:\\\/\\\/www.malinashop.lt\\\/lt_lt\\\/shop\\\/agiva-sampunas-sausiems-silpniems-ir-luzinejantiems-plaukams-8d-hyaluron-500-ml\\\/#breadcrumb\"},\"inLanguage\":\"lt-LT\",\"potentialAction\":[{\"@type\":\"ReadAction\",\"target\":[\"https:\\\/\\\/www.malinashop.lt\\\/lt_lt\\\/shop\\\/agiva-sampunas-sausiems-silpniems-ir-luzinejantiems-plaukams-8d-hyaluron-500-ml\\\/\"]}]},{\"@type\":\"ImageObject\",\"inLanguage\":\"lt-LT\",\"@id\":\"https:\\\/\\\/www.malinashop.lt\\\/lt_lt\\\/shop\\\/agiva-sampunas-sausiems-silpniems-ir-luzinejantiems-plaukams-8d-hyaluron-500-ml\\\/#primaryimage\",\"url\":\"https:\\\/\\\/www.malinashop.lt\\\/wp-content\\\/uploads\\\/2025\\\/10\\\/AGIVA-sampunas-sausiems-silpniems-ir-luzinejantiems-plaukams-8D-HYALURON-500-ml.webp\",\"contentUrl\":\"https:\\\/\\\/www.malinashop.lt\\\/wp-content\\\/uploads\\\/2025\\\/10\\\/AGIVA-sampunas-sausiems-silpniems-ir-luzinejantiems-plaukams-8D-HYALURON-500-ml.webp\",\"width\":768,\"height\":768},{\"@type\":\"BreadcrumbList\",\"@id\":\"https:\\\/\\\/www.malinashop.lt\\\/lt_lt\\\/shop\\\/agiva-sampunas-sausiems-silpniems-ir-luzinejantiems-plaukams-8d-hyaluron-500-ml\\\/#breadcrumb\",\"itemListElement\":[{\"@type\":\"ListItem\",\"position\":1,\"name\":\"Pagrindinis\",\"item\":\"https:\\\/\\\/www.malinashop.lt\\\/\"},{\"@type\":\"ListItem\",\"position\":2,\"name\":\"Parduotuv\u0117\",\"item\":\"https:\\\/\\\/www.malinashop.lt\\\/en\\\/parduotuve\\\/\"},{\"@type\":\"ListItem\",\"position\":3,\"name\":\"AGIVA \u0161amp\u016bnas sausiems, silpniems ir l\u016b\u017ein\u0117jantiems plaukams 8D HYALURON, 500 ml\"}]},{\"@type\":\"WebSite\",\"@id\":\"https:\\\/\\\/www.malinashop.lt\\\/#website\",\"url\":\"https:\\\/\\\/www.malinashop.lt\\\/\",\"name\":\"COM Group Ecommerce\",\"description\":\"MalinaShop.lt - Gro\u017eio ir sveikatos produktai i\u0161 patikim\u0173 preki\u0173 \u017eenkl\u0173. Atraskite auk\u0161tos kokyb\u0117s kosmetik\u0105 u\u017e puiki\u0105 kain\u0105.\",\"publisher\":{\"@id\":\"https:\\\/\\\/www.malinashop.lt\\\/#organization\"},\"potentialAction\":[{\"@type\":\"SearchAction\",\"target\":{\"@type\":\"EntryPoint\",\"urlTemplate\":\"https:\\\/\\\/www.malinashop.lt\\\/?s={search_term_string}\"},\"query-input\":{\"@type\":\"PropertyValueSpecification\",\"valueRequired\":true,\"valueName\":\"search_term_string\"}}],\"inLanguage\":\"lt-LT\"},{\"@type\":\"Organization\",\"@id\":\"https:\\\/\\\/www.malinashop.lt\\\/#organization\",\"name\":\"COM Group Ecommerce\",\"url\":\"https:\\\/\\\/www.malinashop.lt\\\/\",\"logo\":{\"@type\":\"ImageObject\",\"inLanguage\":\"lt-LT\",\"@id\":\"https:\\\/\\\/www.malinashop.lt\\\/#\\\/schema\\\/logo\\\/image\\\/\",\"url\":\"https:\\\/\\\/www.malinashop.lt\\\/wp-content\\\/uploads\\\/2024\\\/08\\\/462559670_3787732518133670_9795632669273463_n-e1731525914575.png\",\"contentUrl\":\"https:\\\/\\\/www.malinashop.lt\\\/wp-content\\\/uploads\\\/2024\\\/08\\\/462559670_3787732518133670_9795632669273463_n-e1731525914575.png\",\"width\":180,\"height\":60,\"caption\":\"COM Group Ecommerce\"},\"image\":{\"@id\":\"https:\\\/\\\/www.malinashop.lt\\\/#\\\/schema\\\/logo\\\/image\\\/\"}}]}<\/script>\n<!-- \/ Yoast SEO plugin. -->","yoast_head_json":{"title":"AGIVA \u0161amp\u016bnas sausiems, silpniems ir l\u016b\u017ein\u0117jantiems plaukams 8D HYALURON, 500 ml - MalinaShop.lt J\u016bs\u0173 sveikatai ir gro\u017eiui.","description":"AGIVA 8D HYALURON \u0161amp\u016bnas dr\u0117kina, stiprina ir atkuria sausus bei l\u016b\u017ein\u0117jan\u010dius plaukus, suteikdamas jiems \u0161velnumo, elastingumo ir sveiko \u017evilgesio.","robots":{"index":"index","follow":"follow","max-snippet":"max-snippet:-1","max-image-preview":"max-image-preview:large","max-video-preview":"max-video-preview:-1"},"canonical":"https:\/\/www.malinashop.lt\/lt_lt\/shop\/agiva-sampunas-sausiems-silpniems-ir-luzinejantiems-plaukams-8d-hyaluron-500-ml\/","og_locale":"lt_LT","og_type":"article","og_title":"AGIVA \u0161amp\u016bnas sausiems, silpniems ir l\u016b\u017ein\u0117jantiems plaukams 8D HYALURON, 500 ml - MalinaShop.lt J\u016bs\u0173 sveikatai ir gro\u017eiui.","og_description":"AGIVA 8D HYALURON \u0161amp\u016bnas dr\u0117kina, stiprina ir atkuria sausus bei l\u016b\u017ein\u0117jan\u010dius plaukus, suteikdamas jiems \u0161velnumo, elastingumo ir sveiko \u017evilgesio.","og_url":"https:\/\/www.malinashop.lt\/lt_lt\/shop\/agiva-sampunas-sausiems-silpniems-ir-luzinejantiems-plaukams-8d-hyaluron-500-ml\/","og_site_name":"MalinaShop.lt J\u016bs\u0173 sveikatai ir gro\u017eiui.","article_modified_time":"2026-04-13T19:35:29+00:00","og_image":[{"width":768,"height":768,"url":"https:\/\/www.malinashop.lt\/wp-content\/uploads\/2025\/10\/AGIVA-sampunas-sausiems-silpniems-ir-luzinejantiems-plaukams-8D-HYALURON-500-ml.webp","type":"image\/webp"}],"twitter_card":"summary_large_image","schema":{"@context":"https:\/\/schema.org","@graph":[{"@type":"WebPage","@id":"https:\/\/www.malinashop.lt\/lt_lt\/shop\/agiva-sampunas-sausiems-silpniems-ir-luzinejantiems-plaukams-8d-hyaluron-500-ml\/","url":"https:\/\/www.malinashop.lt\/lt_lt\/shop\/agiva-sampunas-sausiems-silpniems-ir-luzinejantiems-plaukams-8d-hyaluron-500-ml\/","name":"AGIVA \u0161amp\u016bnas sausiems, silpniems ir l\u016b\u017ein\u0117jantiems plaukams 8D HYALURON, 500 ml - MalinaShop.lt J\u016bs\u0173 sveikatai ir gro\u017eiui.","isPartOf":{"@id":"https:\/\/www.malinashop.lt\/#website"},"primaryImageOfPage":{"@id":"https:\/\/www.malinashop.lt\/lt_lt\/shop\/agiva-sampunas-sausiems-silpniems-ir-luzinejantiems-plaukams-8d-hyaluron-500-ml\/#primaryimage"},"image":{"@id":"https:\/\/www.malinashop.lt\/lt_lt\/shop\/agiva-sampunas-sausiems-silpniems-ir-luzinejantiems-plaukams-8d-hyaluron-500-ml\/#primaryimage"},"thumbnailUrl":"https:\/\/www.malinashop.lt\/wp-content\/uploads\/2025\/10\/AGIVA-sampunas-sausiems-silpniems-ir-luzinejantiems-plaukams-8D-HYALURON-500-ml.webp","datePublished":"2025-10-21T11:12:24+00:00","dateModified":"2026-04-13T19:35:29+00:00","description":"AGIVA 8D HYALURON \u0161amp\u016bnas dr\u0117kina, stiprina ir atkuria sausus bei l\u016b\u017ein\u0117jan\u010dius plaukus, suteikdamas jiems \u0161velnumo, elastingumo ir sveiko \u017evilgesio.","breadcrumb":{"@id":"https:\/\/www.malinashop.lt\/lt_lt\/shop\/agiva-sampunas-sausiems-silpniems-ir-luzinejantiems-plaukams-8d-hyaluron-500-ml\/#breadcrumb"},"inLanguage":"lt-LT","potentialAction":[{"@type":"ReadAction","target":["https:\/\/www.malinashop.lt\/lt_lt\/shop\/agiva-sampunas-sausiems-silpniems-ir-luzinejantiems-plaukams-8d-hyaluron-500-ml\/"]}]},{"@type":"ImageObject","inLanguage":"lt-LT","@id":"https:\/\/www.malinashop.lt\/lt_lt\/shop\/agiva-sampunas-sausiems-silpniems-ir-luzinejantiems-plaukams-8d-hyaluron-500-ml\/#primaryimage","url":"https:\/\/www.malinashop.lt\/wp-content\/uploads\/2025\/10\/AGIVA-sampunas-sausiems-silpniems-ir-luzinejantiems-plaukams-8D-HYALURON-500-ml.webp","contentUrl":"https:\/\/www.malinashop.lt\/wp-content\/uploads\/2025\/10\/AGIVA-sampunas-sausiems-silpniems-ir-luzinejantiems-plaukams-8D-HYALURON-500-ml.webp","width":768,"height":768},{"@type":"BreadcrumbList","@id":"https:\/\/www.malinashop.lt\/lt_lt\/shop\/agiva-sampunas-sausiems-silpniems-ir-luzinejantiems-plaukams-8d-hyaluron-500-ml\/#breadcrumb","itemListElement":[{"@type":"ListItem","position":1,"name":"Pagrindinis","item":"https:\/\/www.malinashop.lt\/"},{"@type":"ListItem","position":2,"name":"Parduotuv\u0117","item":"https:\/\/www.malinashop.lt\/en\/parduotuve\/"},{"@type":"ListItem","position":3,"name":"AGIVA \u0161amp\u016bnas sausiems, silpniems ir l\u016b\u017ein\u0117jantiems plaukams 8D HYALURON, 500 ml"}]},{"@type":"WebSite","@id":"https:\/\/www.malinashop.lt\/#website","url":"https:\/\/www.malinashop.lt\/","name":"COM Group Ecommerce","description":"MalinaShop.lt - Gro\u017eio ir sveikatos produktai i\u0161 patikim\u0173 preki\u0173 \u017eenkl\u0173. Atraskite auk\u0161tos kokyb\u0117s kosmetik\u0105 u\u017e puiki\u0105 kain\u0105.","publisher":{"@id":"https:\/\/www.malinashop.lt\/#organization"},"potentialAction":[{"@type":"SearchAction","target":{"@type":"EntryPoint","urlTemplate":"https:\/\/www.malinashop.lt\/?s={search_term_string}"},"query-input":{"@type":"PropertyValueSpecification","valueRequired":true,"valueName":"search_term_string"}}],"inLanguage":"lt-LT"},{"@type":"Organization","@id":"https:\/\/www.malinashop.lt\/#organization","name":"COM Group Ecommerce","url":"https:\/\/www.malinashop.lt\/","logo":{"@type":"ImageObject","inLanguage":"lt-LT","@id":"https:\/\/www.malinashop.lt\/#\/schema\/logo\/image\/","url":"https:\/\/www.malinashop.lt\/wp-content\/uploads\/2024\/08\/462559670_3787732518133670_9795632669273463_n-e1731525914575.png","contentUrl":"https:\/\/www.malinashop.lt\/wp-content\/uploads\/2024\/08\/462559670_3787732518133670_9795632669273463_n-e1731525914575.png","width":180,"height":60,"caption":"COM Group Ecommerce"},"image":{"@id":"https:\/\/www.malinashop.lt\/#\/schema\/logo\/image\/"}}]}},"jetpack_sharing_enabled":true,"_links":{"self":[{"href":"https:\/\/www.malinashop.lt\/lt_lt\/wp-json\/wp\/v2\/product\/59200","targetHints":{"allow":["GET"]}}],"collection":[{"href":"https:\/\/www.malinashop.lt\/lt_lt\/wp-json\/wp\/v2\/product"}],"about":[{"href":"https:\/\/www.malinashop.lt\/lt_lt\/wp-json\/wp\/v2\/types\/product"}],"version-history":[{"count":1,"href":"https:\/\/www.malinashop.lt\/lt_lt\/wp-json\/wp\/v2\/product\/59200\/revisions"}],"predecessor-version":[{"id":59202,"href":"https:\/\/www.malinashop.lt\/lt_lt\/wp-json\/wp\/v2\/product\/59200\/revisions\/59202"}],"wp:featuredmedia":[{"embeddable":true,"href":"https:\/\/www.malinashop.lt\/lt_lt\/wp-json\/wp\/v2\/media\/59201"}],"wp:attachment":[{"href":"https:\/\/www.malinashop.lt\/lt_lt\/wp-json\/wp\/v2\/media?parent=59200"}],"wp:term":[{"taxonomy":"product_brand","embeddable":true,"href":"https:\/\/www.malinashop.lt\/lt_lt\/wp-json\/wp\/v2\/product_brand?post=59200"},{"taxonomy":"product_cat","embeddable":true,"href":"https:\/\/www.malinashop.lt\/lt_lt\/wp-json\/wp\/v2\/product_cat?post=59200"},{"taxonomy":"product_tag","embeddable":true,"href":"https:\/\/www.malinashop.lt\/lt_lt\/wp-json\/wp\/v2\/product_tag?post=59200"}],"curies":[{"name":"wp","href":"https:\/\/api.w.org\/{rel}","templated":true}]}}