{"id":59195,"date":"2025-10-21T14:05:14","date_gmt":"2025-10-21T11:05:14","guid":{"rendered":"https:\/\/malinashop.lt\/?post_type=product&#038;p=59195"},"modified":"2026-04-17T11:00:03","modified_gmt":"2026-04-17T08:00:03","slug":"agiva-dvifazis-purskiamas-kondicionierius-ylang-ylang-liposomed-c-400-ml","status":"publish","type":"product","link":"https:\/\/www.malinashop.lt\/lt_lt\/shop\/agiva-dvifazis-purskiamas-kondicionierius-ylang-ylang-liposomed-c-400-ml\/","title":{"rendered":"AGIVA dvifazis pur\u0161kiamas kondicionierius YLANG YLANG LIPOSOMED C, 400 ml"},"content":{"rendered":"<p>AGIVA YLANG YLANG LIPOSOMED C dvifazis pur\u0161kiamas kondicionierius (400 ml) \u2013 pa\u017eangi plauk\u0173 prie\u017ei\u016bros priemon\u0117, skirta pa\u017eeistiems, silpniems ir gyvybingum\u0105 praradusiems plaukams. D\u0117l unikalios dvifaz\u0117s formul\u0117s su augaliniu keratinu ir Liposominio vitamino C kompleksu, kondicionierius atstato plauko strukt\u016br\u0105, saugo nuo kar\u0161\u010dio poveikio ir suteikia \u0161ilkinio \u0161velnumo.<\/p>\n<p>\u0160is kondicionierius apsaugo plaukus nuo kar\u0161\u010dio iki 230 \u00b0C, tod\u0117l idealiai tinka naudoti prie\u0161 d\u017eiovinim\u0105 ar tiesinim\u0105. Jis palengvina i\u0161\u0161ukavim\u0105, ma\u017eina plauk\u0173 l\u016b\u017ein\u0117jim\u0105 ir padeda i\u0161laikyti formavimo rezultatus ilgesn\u012f laik\u0105. Naudojamas ant saus\u0173 plauk\u0173 \u2013 sumink\u0161tina, glotnina ir suteikia nat\u016bralaus \u017evilgesio.<\/p>\n<p>Pagrindiniai privalumai:<\/p>\n<p>Saugo plaukus nuo kar\u0161\u010dio iki 230 \u00b0C.<\/p>\n<p>Palengvina \u0161ukavim\u0105 ir ma\u017eina l\u016b\u017ein\u0117jim\u0105.<\/p>\n<p>Maitina ir dr\u0117kina plaukus.<\/p>\n<p>Suteikia \u0161velnumo, glotnumo ir elastingumo.<\/p>\n<p>Tinka kasdieniam naudojimui.<\/p>\n<p>Naudojimas:<\/p>\n<p>Gerai suplakite prie\u0161 naudojim\u0105.<\/p>\n<p>Purk\u0161kite nuo vidurio iki galiuk\u0173 ant dr\u0117gn\u0173 arba saus\u0173 plauk\u0173.<\/p>\n<p>Nenuskalaute.<br \/>\nTinka naudoti kasdien.<\/p>\n","protected":false},"excerpt":{"rendered":"<p>AGIVA YLANG YLANG LIPOSOMED C dvifazis kondicionierius su keratinu saugo plaukus nuo kar\u0161\u010dio iki 230 \u00b0C, mink\u0161tina, glotnina ir palengvina i\u0161\u0161ukavim\u0105.<\/p>\n","protected":false},"featured_media":59196,"template":"","meta":[],"product_brand":[1357],"product_cat":[711,514,515],"product_tag":[1582],"class_list":{"0":"post-59195","1":"product","2":"type-product","3":"status-publish","4":"has-post-thumbnail","6":"product_brand-agiva","7":"product_cat-plaukams","8":"product_cat-plauku-kondicionieriai-ir-balzamai","9":"product_cat-plauku-purskikliai","10":"product_tag-agiva","12":"first","13":"instock","14":"sale","15":"taxable","16":"shipping-taxable","17":"purchasable","18":"product-type-simple"},"yoast_head":"<!-- This site is optimized with the Yoast SEO plugin v27.4 - https:\/\/yoast.com\/product\/yoast-seo-wordpress\/ -->\n<title>AGIVA dvifazis pur\u0161kiamas kondicionierius YLANG YLANG LIPOSOMED C, 400 ml - MalinaShop.lt J\u016bs\u0173 sveikatai ir gro\u017eiui.<\/title>\n<meta name=\"description\" content=\"AGIVA YLANG YLANG LIPOSOMED C dvifazis kondicionierius su keratinu saugo plaukus nuo kar\u0161\u010dio iki 230 \u00b0C, mink\u0161tina, glotnina ir palengvina i\u0161\u0161ukavim\u0105.\" \/>\n<meta name=\"robots\" content=\"index, follow, max-snippet:-1, max-image-preview:large, max-video-preview:-1\" \/>\n<link rel=\"canonical\" href=\"https:\/\/www.malinashop.lt\/lt_lt\/shop\/agiva-dvifazis-purskiamas-kondicionierius-ylang-ylang-liposomed-c-400-ml\/\" \/>\n<meta property=\"og:locale\" content=\"lt_LT\" \/>\n<meta property=\"og:type\" content=\"article\" \/>\n<meta property=\"og:title\" content=\"AGIVA dvifazis pur\u0161kiamas kondicionierius YLANG YLANG LIPOSOMED C, 400 ml - MalinaShop.lt J\u016bs\u0173 sveikatai ir gro\u017eiui.\" \/>\n<meta property=\"og:description\" content=\"AGIVA YLANG YLANG LIPOSOMED C dvifazis kondicionierius su keratinu saugo plaukus nuo kar\u0161\u010dio iki 230 \u00b0C, mink\u0161tina, glotnina ir palengvina i\u0161\u0161ukavim\u0105.\" \/>\n<meta property=\"og:url\" content=\"https:\/\/www.malinashop.lt\/lt_lt\/shop\/agiva-dvifazis-purskiamas-kondicionierius-ylang-ylang-liposomed-c-400-ml\/\" \/>\n<meta property=\"og:site_name\" content=\"MalinaShop.lt J\u016bs\u0173 sveikatai ir gro\u017eiui.\" \/>\n<meta property=\"article:modified_time\" content=\"2026-04-17T08:00:03+00:00\" \/>\n<meta property=\"og:image\" content=\"https:\/\/www.malinashop.lt\/wp-content\/uploads\/2025\/10\/AGIVA-dvifazis-purskiamas-kondicionierius-YLANG-YLANG-LIPOSOMED-C-400-ml.webp\" \/>\n\t<meta property=\"og:image:width\" content=\"768\" \/>\n\t<meta property=\"og:image:height\" content=\"768\" \/>\n\t<meta property=\"og:image:type\" content=\"image\/webp\" \/>\n<meta name=\"twitter:card\" content=\"summary_large_image\" \/>\n<script type=\"application\/ld+json\" class=\"yoast-schema-graph\">{\"@context\":\"https:\\\/\\\/schema.org\",\"@graph\":[{\"@type\":\"WebPage\",\"@id\":\"https:\\\/\\\/www.malinashop.lt\\\/shop\\\/agiva-dvifazis-purskiamas-kondicionierius-ylang-ylang-liposomed-c-400-ml\\\/\",\"url\":\"https:\\\/\\\/www.malinashop.lt\\\/shop\\\/agiva-dvifazis-purskiamas-kondicionierius-ylang-ylang-liposomed-c-400-ml\\\/\",\"name\":\"AGIVA dvifazis pur\u0161kiamas kondicionierius YLANG YLANG LIPOSOMED C, 400 ml - MalinaShop.lt J\u016bs\u0173 sveikatai ir gro\u017eiui.\",\"isPartOf\":{\"@id\":\"https:\\\/\\\/www.malinashop.lt\\\/#website\"},\"primaryImageOfPage\":{\"@id\":\"https:\\\/\\\/www.malinashop.lt\\\/shop\\\/agiva-dvifazis-purskiamas-kondicionierius-ylang-ylang-liposomed-c-400-ml\\\/#primaryimage\"},\"image\":{\"@id\":\"https:\\\/\\\/www.malinashop.lt\\\/shop\\\/agiva-dvifazis-purskiamas-kondicionierius-ylang-ylang-liposomed-c-400-ml\\\/#primaryimage\"},\"thumbnailUrl\":\"https:\\\/\\\/www.malinashop.lt\\\/wp-content\\\/uploads\\\/2025\\\/10\\\/AGIVA-dvifazis-purskiamas-kondicionierius-YLANG-YLANG-LIPOSOMED-C-400-ml.webp\",\"datePublished\":\"2025-10-21T11:05:14+00:00\",\"dateModified\":\"2026-04-17T08:00:03+00:00\",\"description\":\"AGIVA YLANG YLANG LIPOSOMED C dvifazis kondicionierius su keratinu saugo plaukus nuo kar\u0161\u010dio iki 230 \u00b0C, mink\u0161tina, glotnina ir palengvina i\u0161\u0161ukavim\u0105.\",\"breadcrumb\":{\"@id\":\"https:\\\/\\\/www.malinashop.lt\\\/shop\\\/agiva-dvifazis-purskiamas-kondicionierius-ylang-ylang-liposomed-c-400-ml\\\/#breadcrumb\"},\"inLanguage\":\"lt-LT\",\"potentialAction\":[{\"@type\":\"ReadAction\",\"target\":[\"https:\\\/\\\/www.malinashop.lt\\\/shop\\\/agiva-dvifazis-purskiamas-kondicionierius-ylang-ylang-liposomed-c-400-ml\\\/\"]}]},{\"@type\":\"ImageObject\",\"inLanguage\":\"lt-LT\",\"@id\":\"https:\\\/\\\/www.malinashop.lt\\\/shop\\\/agiva-dvifazis-purskiamas-kondicionierius-ylang-ylang-liposomed-c-400-ml\\\/#primaryimage\",\"url\":\"https:\\\/\\\/www.malinashop.lt\\\/wp-content\\\/uploads\\\/2025\\\/10\\\/AGIVA-dvifazis-purskiamas-kondicionierius-YLANG-YLANG-LIPOSOMED-C-400-ml.webp\",\"contentUrl\":\"https:\\\/\\\/www.malinashop.lt\\\/wp-content\\\/uploads\\\/2025\\\/10\\\/AGIVA-dvifazis-purskiamas-kondicionierius-YLANG-YLANG-LIPOSOMED-C-400-ml.webp\",\"width\":768,\"height\":768},{\"@type\":\"BreadcrumbList\",\"@id\":\"https:\\\/\\\/www.malinashop.lt\\\/shop\\\/agiva-dvifazis-purskiamas-kondicionierius-ylang-ylang-liposomed-c-400-ml\\\/#breadcrumb\",\"itemListElement\":[{\"@type\":\"ListItem\",\"position\":1,\"name\":\"Pagrindinis\",\"item\":\"https:\\\/\\\/www.malinashop.lt\\\/\"},{\"@type\":\"ListItem\",\"position\":2,\"name\":\"Parduotuv\u0117\",\"item\":\"https:\\\/\\\/www.malinashop.lt\\\/en\\\/parduotuve\\\/\"},{\"@type\":\"ListItem\",\"position\":3,\"name\":\"AGIVA dvifazis pur\u0161kiamas kondicionierius YLANG YLANG LIPOSOMED C, 400 ml\"}]},{\"@type\":\"WebSite\",\"@id\":\"https:\\\/\\\/www.malinashop.lt\\\/#website\",\"url\":\"https:\\\/\\\/www.malinashop.lt\\\/\",\"name\":\"COM Group Ecommerce\",\"description\":\"MalinaShop.lt - Gro\u017eio ir sveikatos produktai i\u0161 patikim\u0173 preki\u0173 \u017eenkl\u0173. Atraskite auk\u0161tos kokyb\u0117s kosmetik\u0105 u\u017e puiki\u0105 kain\u0105.\",\"publisher\":{\"@id\":\"https:\\\/\\\/www.malinashop.lt\\\/#organization\"},\"potentialAction\":[{\"@type\":\"SearchAction\",\"target\":{\"@type\":\"EntryPoint\",\"urlTemplate\":\"https:\\\/\\\/www.malinashop.lt\\\/?s={search_term_string}\"},\"query-input\":{\"@type\":\"PropertyValueSpecification\",\"valueRequired\":true,\"valueName\":\"search_term_string\"}}],\"inLanguage\":\"lt-LT\"},{\"@type\":\"Organization\",\"@id\":\"https:\\\/\\\/www.malinashop.lt\\\/#organization\",\"name\":\"COM Group Ecommerce\",\"url\":\"https:\\\/\\\/www.malinashop.lt\\\/\",\"logo\":{\"@type\":\"ImageObject\",\"inLanguage\":\"lt-LT\",\"@id\":\"https:\\\/\\\/www.malinashop.lt\\\/#\\\/schema\\\/logo\\\/image\\\/\",\"url\":\"https:\\\/\\\/www.malinashop.lt\\\/wp-content\\\/uploads\\\/2024\\\/08\\\/462559670_3787732518133670_9795632669273463_n-e1731525914575.png\",\"contentUrl\":\"https:\\\/\\\/www.malinashop.lt\\\/wp-content\\\/uploads\\\/2024\\\/08\\\/462559670_3787732518133670_9795632669273463_n-e1731525914575.png\",\"width\":180,\"height\":60,\"caption\":\"COM Group Ecommerce\"},\"image\":{\"@id\":\"https:\\\/\\\/www.malinashop.lt\\\/#\\\/schema\\\/logo\\\/image\\\/\"}}]}<\/script>\n<!-- \/ Yoast SEO plugin. -->","yoast_head_json":{"title":"AGIVA dvifazis pur\u0161kiamas kondicionierius YLANG YLANG LIPOSOMED C, 400 ml - MalinaShop.lt J\u016bs\u0173 sveikatai ir gro\u017eiui.","description":"AGIVA YLANG YLANG LIPOSOMED C dvifazis kondicionierius su keratinu saugo plaukus nuo kar\u0161\u010dio iki 230 \u00b0C, mink\u0161tina, glotnina ir palengvina i\u0161\u0161ukavim\u0105.","robots":{"index":"index","follow":"follow","max-snippet":"max-snippet:-1","max-image-preview":"max-image-preview:large","max-video-preview":"max-video-preview:-1"},"canonical":"https:\/\/www.malinashop.lt\/lt_lt\/shop\/agiva-dvifazis-purskiamas-kondicionierius-ylang-ylang-liposomed-c-400-ml\/","og_locale":"lt_LT","og_type":"article","og_title":"AGIVA dvifazis pur\u0161kiamas kondicionierius YLANG YLANG LIPOSOMED C, 400 ml - MalinaShop.lt J\u016bs\u0173 sveikatai ir gro\u017eiui.","og_description":"AGIVA YLANG YLANG LIPOSOMED C dvifazis kondicionierius su keratinu saugo plaukus nuo kar\u0161\u010dio iki 230 \u00b0C, mink\u0161tina, glotnina ir palengvina i\u0161\u0161ukavim\u0105.","og_url":"https:\/\/www.malinashop.lt\/lt_lt\/shop\/agiva-dvifazis-purskiamas-kondicionierius-ylang-ylang-liposomed-c-400-ml\/","og_site_name":"MalinaShop.lt J\u016bs\u0173 sveikatai ir gro\u017eiui.","article_modified_time":"2026-04-17T08:00:03+00:00","og_image":[{"width":768,"height":768,"url":"https:\/\/www.malinashop.lt\/wp-content\/uploads\/2025\/10\/AGIVA-dvifazis-purskiamas-kondicionierius-YLANG-YLANG-LIPOSOMED-C-400-ml.webp","type":"image\/webp"}],"twitter_card":"summary_large_image","schema":{"@context":"https:\/\/schema.org","@graph":[{"@type":"WebPage","@id":"https:\/\/www.malinashop.lt\/shop\/agiva-dvifazis-purskiamas-kondicionierius-ylang-ylang-liposomed-c-400-ml\/","url":"https:\/\/www.malinashop.lt\/shop\/agiva-dvifazis-purskiamas-kondicionierius-ylang-ylang-liposomed-c-400-ml\/","name":"AGIVA dvifazis pur\u0161kiamas kondicionierius YLANG YLANG LIPOSOMED C, 400 ml - MalinaShop.lt J\u016bs\u0173 sveikatai ir gro\u017eiui.","isPartOf":{"@id":"https:\/\/www.malinashop.lt\/#website"},"primaryImageOfPage":{"@id":"https:\/\/www.malinashop.lt\/shop\/agiva-dvifazis-purskiamas-kondicionierius-ylang-ylang-liposomed-c-400-ml\/#primaryimage"},"image":{"@id":"https:\/\/www.malinashop.lt\/shop\/agiva-dvifazis-purskiamas-kondicionierius-ylang-ylang-liposomed-c-400-ml\/#primaryimage"},"thumbnailUrl":"https:\/\/www.malinashop.lt\/wp-content\/uploads\/2025\/10\/AGIVA-dvifazis-purskiamas-kondicionierius-YLANG-YLANG-LIPOSOMED-C-400-ml.webp","datePublished":"2025-10-21T11:05:14+00:00","dateModified":"2026-04-17T08:00:03+00:00","description":"AGIVA YLANG YLANG LIPOSOMED C dvifazis kondicionierius su keratinu saugo plaukus nuo kar\u0161\u010dio iki 230 \u00b0C, mink\u0161tina, glotnina ir palengvina i\u0161\u0161ukavim\u0105.","breadcrumb":{"@id":"https:\/\/www.malinashop.lt\/shop\/agiva-dvifazis-purskiamas-kondicionierius-ylang-ylang-liposomed-c-400-ml\/#breadcrumb"},"inLanguage":"lt-LT","potentialAction":[{"@type":"ReadAction","target":["https:\/\/www.malinashop.lt\/shop\/agiva-dvifazis-purskiamas-kondicionierius-ylang-ylang-liposomed-c-400-ml\/"]}]},{"@type":"ImageObject","inLanguage":"lt-LT","@id":"https:\/\/www.malinashop.lt\/shop\/agiva-dvifazis-purskiamas-kondicionierius-ylang-ylang-liposomed-c-400-ml\/#primaryimage","url":"https:\/\/www.malinashop.lt\/wp-content\/uploads\/2025\/10\/AGIVA-dvifazis-purskiamas-kondicionierius-YLANG-YLANG-LIPOSOMED-C-400-ml.webp","contentUrl":"https:\/\/www.malinashop.lt\/wp-content\/uploads\/2025\/10\/AGIVA-dvifazis-purskiamas-kondicionierius-YLANG-YLANG-LIPOSOMED-C-400-ml.webp","width":768,"height":768},{"@type":"BreadcrumbList","@id":"https:\/\/www.malinashop.lt\/shop\/agiva-dvifazis-purskiamas-kondicionierius-ylang-ylang-liposomed-c-400-ml\/#breadcrumb","itemListElement":[{"@type":"ListItem","position":1,"name":"Pagrindinis","item":"https:\/\/www.malinashop.lt\/"},{"@type":"ListItem","position":2,"name":"Parduotuv\u0117","item":"https:\/\/www.malinashop.lt\/en\/parduotuve\/"},{"@type":"ListItem","position":3,"name":"AGIVA dvifazis pur\u0161kiamas kondicionierius YLANG YLANG LIPOSOMED C, 400 ml"}]},{"@type":"WebSite","@id":"https:\/\/www.malinashop.lt\/#website","url":"https:\/\/www.malinashop.lt\/","name":"COM Group Ecommerce","description":"MalinaShop.lt - Gro\u017eio ir sveikatos produktai i\u0161 patikim\u0173 preki\u0173 \u017eenkl\u0173. Atraskite auk\u0161tos kokyb\u0117s kosmetik\u0105 u\u017e puiki\u0105 kain\u0105.","publisher":{"@id":"https:\/\/www.malinashop.lt\/#organization"},"potentialAction":[{"@type":"SearchAction","target":{"@type":"EntryPoint","urlTemplate":"https:\/\/www.malinashop.lt\/?s={search_term_string}"},"query-input":{"@type":"PropertyValueSpecification","valueRequired":true,"valueName":"search_term_string"}}],"inLanguage":"lt-LT"},{"@type":"Organization","@id":"https:\/\/www.malinashop.lt\/#organization","name":"COM Group Ecommerce","url":"https:\/\/www.malinashop.lt\/","logo":{"@type":"ImageObject","inLanguage":"lt-LT","@id":"https:\/\/www.malinashop.lt\/#\/schema\/logo\/image\/","url":"https:\/\/www.malinashop.lt\/wp-content\/uploads\/2024\/08\/462559670_3787732518133670_9795632669273463_n-e1731525914575.png","contentUrl":"https:\/\/www.malinashop.lt\/wp-content\/uploads\/2024\/08\/462559670_3787732518133670_9795632669273463_n-e1731525914575.png","width":180,"height":60,"caption":"COM Group Ecommerce"},"image":{"@id":"https:\/\/www.malinashop.lt\/#\/schema\/logo\/image\/"}}]}},"jetpack_sharing_enabled":true,"_links":{"self":[{"href":"https:\/\/www.malinashop.lt\/lt_lt\/wp-json\/wp\/v2\/product\/59195","targetHints":{"allow":["GET"]}}],"collection":[{"href":"https:\/\/www.malinashop.lt\/lt_lt\/wp-json\/wp\/v2\/product"}],"about":[{"href":"https:\/\/www.malinashop.lt\/lt_lt\/wp-json\/wp\/v2\/types\/product"}],"version-history":[{"count":2,"href":"https:\/\/www.malinashop.lt\/lt_lt\/wp-json\/wp\/v2\/product\/59195\/revisions"}],"predecessor-version":[{"id":75614,"href":"https:\/\/www.malinashop.lt\/lt_lt\/wp-json\/wp\/v2\/product\/59195\/revisions\/75614"}],"wp:featuredmedia":[{"embeddable":true,"href":"https:\/\/www.malinashop.lt\/lt_lt\/wp-json\/wp\/v2\/media\/59196"}],"wp:attachment":[{"href":"https:\/\/www.malinashop.lt\/lt_lt\/wp-json\/wp\/v2\/media?parent=59195"}],"wp:term":[{"taxonomy":"product_brand","embeddable":true,"href":"https:\/\/www.malinashop.lt\/lt_lt\/wp-json\/wp\/v2\/product_brand?post=59195"},{"taxonomy":"product_cat","embeddable":true,"href":"https:\/\/www.malinashop.lt\/lt_lt\/wp-json\/wp\/v2\/product_cat?post=59195"},{"taxonomy":"product_tag","embeddable":true,"href":"https:\/\/www.malinashop.lt\/lt_lt\/wp-json\/wp\/v2\/product_tag?post=59195"}],"curies":[{"name":"wp","href":"https:\/\/api.w.org\/{rel}","templated":true}]}}