{"id":59088,"date":"2025-10-20T20:58:28","date_gmt":"2025-10-20T17:58:28","guid":{"rendered":"https:\/\/malinashop.lt\/?post_type=product&#038;p=59088"},"modified":"2026-04-03T15:14:01","modified_gmt":"2026-04-03T12:14:01","slug":"wabi-veido-kremas-su-atspalviu-spf30-delicate-ivory-50-ml","status":"publish","type":"product","link":"https:\/\/www.malinashop.lt\/lt_lt\/shop\/wabi-veido-kremas-su-atspalviu-spf30-delicate-ivory-50-ml\/","title":{"rendered":"WABI veido kremas su atspalviu SPF30 Delicate Ivory, 50 ml"},"content":{"rendered":"<p data-start=\"259\" data-end=\"509\">M\u0117gaukit\u0117s kasdiene apsauga, dr\u0117kinimu ir lengvu makia\u017eo efektu su <strong data-start=\"326\" data-end=\"380\">WABI veido kremu su atspalviu SPF30 Delicate Ivory<\/strong>. \u0160is daugiafunkcis kremas suteikia nat\u016bral\u0173 atspalv\u012f, apsaugo od\u0105 nuo \u017ealing\u0173 UVA\/UVB spinduli\u0173 ir palaiko odos dr\u0117gm\u0117s balans\u0105.<\/p>\n<p data-start=\"511\" data-end=\"565\"><strong data-start=\"511\" data-end=\"565\">Kod\u0117l verta rinktis WABI SPF30 krem\u0105 su atspalviu?<\/strong><\/p>\n<ul data-start=\"567\" data-end=\"1087\">\n<li data-start=\"567\" data-end=\"683\">\n<p data-start=\"569\" data-end=\"683\"><strong data-start=\"569\" data-end=\"601\">Nat\u016brali apsauga nuo saul\u0117s:<\/strong> avie\u010di\u0173 aliejus veikia kaip nat\u016bralus UV filtras ir padeda l\u0117tinti odos sen\u0117jim\u0105.<\/p>\n<\/li>\n<li data-start=\"684\" data-end=\"775\">\n<p data-start=\"686\" data-end=\"775\"><strong data-start=\"686\" data-end=\"707\">Gilus dr\u0117kinimas:<\/strong> hialurono r\u016bg\u0161tis u\u017etikrina intensyv\u0173 dr\u0117gm\u0117s palaikym\u0105 vis\u0105 dien\u0105.<\/p>\n<\/li>\n<li data-start=\"776\" data-end=\"889\">\n<p data-start=\"778\" data-end=\"889\"><strong data-start=\"778\" data-end=\"805\">Antioksidacin\u0117 apsauga:<\/strong> vitaminas E neutralizuoja laisvuosius radikalus ir saugo od\u0105 nuo aplinkos poveikio.<\/p>\n<\/li>\n<li data-start=\"890\" data-end=\"967\">\n<p data-start=\"892\" data-end=\"967\"><strong data-start=\"892\" data-end=\"912\">Lengva tekst\u016bra:<\/strong> greitai susigeria, nepalieka riebumo ar kauk\u0117s efekto.<\/p>\n<\/li>\n<li data-start=\"968\" data-end=\"1087\">\n<p data-start=\"970\" data-end=\"1087\"><strong data-start=\"970\" data-end=\"997\">Universalus naudojimas:<\/strong> tinka vis\u0173 tip\u0173 odai ir gali b\u016bti naudojamas vietoje dieninio kremo ar kaip makia\u017eo baz\u0117.<\/p>\n<\/li>\n<\/ul>\n<p data-start=\"1089\" data-end=\"1173\"><strong data-start=\"1089\" data-end=\"1104\">Rezultatas:<\/strong> lygi, skaisti, apsaugota ir nat\u016braliai atrodanti oda vienu \u017eingsniu.<\/p>\n<p data-start=\"1175\" data-end=\"1344\"><strong data-start=\"1175\" data-end=\"1190\">Naudojimas:<\/strong><br data-start=\"1190\" data-end=\"1193\" \/>Tepkite krem\u0105 ant \u0161varios veido odos, pradedant nuo veido centro ir \u0161velniai paskirstant \u012f i\u0161or\u0119. Galite naudoti vien\u0105 arba ant \u012fprasto dieninio kremo.<\/p>\n","protected":false},"excerpt":{"rendered":"<p data-start=\"219\" data-end=\"354\">WABI atspalv\u012f suteikiantis veido kremas su SPF30 dr\u0117kina, saugo nuo saul\u0117s ir suteikia nat\u016bral\u0173, tolyg\u0173 odos atspalv\u012f.<\/p>\n","protected":false},"featured_media":59090,"template":"","meta":[],"product_brand":[1355],"product_cat":[186,102,187],"product_tag":[1628],"class_list":{"0":"post-59088","1":"product","2":"type-product","3":"status-publish","4":"has-post-thumbnail","6":"product_brand-wabi","7":"product_cat-bb-ir-cc-kremai","8":"product_cat-dekoratyvine-kosmetika","9":"product_cat-veido-kremai","10":"product_tag-wabi","12":"first","13":"instock","14":"sale","15":"taxable","16":"shipping-taxable","17":"purchasable","18":"product-type-simple"},"yoast_head":"<!-- This site is optimized with the Yoast SEO plugin v27.4 - https:\/\/yoast.com\/product\/yoast-seo-wordpress\/ -->\n<title>WABI veido kremas su atspalviu SPF30 Delicate Ivory, 50 ml - MalinaShop.lt J\u016bs\u0173 sveikatai ir gro\u017eiui.<\/title>\n<meta name=\"description\" content=\"WABI SPF30 veido kremas su atspalviu Delicate Ivory dr\u0117kina, saugo nuo saul\u0117s ir suteikia nat\u016bral\u0173, tolyg\u0173 odos atspalv\u012f. Lengva tekst\u016bra vis\u0173 tip\u0173 odai.\" \/>\n<meta name=\"robots\" content=\"index, follow, max-snippet:-1, max-image-preview:large, max-video-preview:-1\" \/>\n<link rel=\"canonical\" href=\"https:\/\/www.malinashop.lt\/lt_lt\/shop\/wabi-veido-kremas-su-atspalviu-spf30-delicate-ivory-50-ml\/\" \/>\n<meta property=\"og:locale\" content=\"lt_LT\" \/>\n<meta property=\"og:type\" content=\"article\" \/>\n<meta property=\"og:title\" content=\"WABI veido kremas su atspalviu SPF30 Delicate Ivory, 50 ml - MalinaShop.lt J\u016bs\u0173 sveikatai ir gro\u017eiui.\" \/>\n<meta property=\"og:description\" content=\"WABI SPF30 veido kremas su atspalviu Delicate Ivory dr\u0117kina, saugo nuo saul\u0117s ir suteikia nat\u016bral\u0173, tolyg\u0173 odos atspalv\u012f. Lengva tekst\u016bra vis\u0173 tip\u0173 odai.\" \/>\n<meta property=\"og:url\" content=\"https:\/\/www.malinashop.lt\/lt_lt\/shop\/wabi-veido-kremas-su-atspalviu-spf30-delicate-ivory-50-ml\/\" \/>\n<meta property=\"og:site_name\" content=\"MalinaShop.lt J\u016bs\u0173 sveikatai ir gro\u017eiui.\" \/>\n<meta property=\"article:modified_time\" content=\"2026-04-03T12:14:01+00:00\" \/>\n<meta property=\"og:image\" content=\"https:\/\/www.malinashop.lt\/wp-content\/uploads\/2025\/10\/WABI-veido-kremas-su-atspalviu-SPF30-Delicate-Ivory-50-ml.webp\" \/>\n\t<meta property=\"og:image:width\" content=\"768\" \/>\n\t<meta property=\"og:image:height\" content=\"768\" \/>\n\t<meta property=\"og:image:type\" content=\"image\/webp\" \/>\n<meta name=\"twitter:card\" content=\"summary_large_image\" \/>\n<script type=\"application\/ld+json\" class=\"yoast-schema-graph\">{\"@context\":\"https:\\\/\\\/schema.org\",\"@graph\":[{\"@type\":\"WebPage\",\"@id\":\"https:\\\/\\\/www.malinashop.lt\\\/lt_lt\\\/shop\\\/wabi-veido-kremas-su-atspalviu-spf30-delicate-ivory-50-ml\\\/\",\"url\":\"https:\\\/\\\/www.malinashop.lt\\\/lt_lt\\\/shop\\\/wabi-veido-kremas-su-atspalviu-spf30-delicate-ivory-50-ml\\\/\",\"name\":\"WABI veido kremas su atspalviu SPF30 Delicate Ivory, 50 ml - MalinaShop.lt J\u016bs\u0173 sveikatai ir gro\u017eiui.\",\"isPartOf\":{\"@id\":\"https:\\\/\\\/www.malinashop.lt\\\/en\\\/#website\"},\"primaryImageOfPage\":{\"@id\":\"https:\\\/\\\/www.malinashop.lt\\\/lt_lt\\\/shop\\\/wabi-veido-kremas-su-atspalviu-spf30-delicate-ivory-50-ml\\\/#primaryimage\"},\"image\":{\"@id\":\"https:\\\/\\\/www.malinashop.lt\\\/lt_lt\\\/shop\\\/wabi-veido-kremas-su-atspalviu-spf30-delicate-ivory-50-ml\\\/#primaryimage\"},\"thumbnailUrl\":\"https:\\\/\\\/www.malinashop.lt\\\/wp-content\\\/uploads\\\/2025\\\/10\\\/WABI-veido-kremas-su-atspalviu-SPF30-Delicate-Ivory-50-ml.webp\",\"datePublished\":\"2025-10-20T17:58:28+00:00\",\"dateModified\":\"2026-04-03T12:14:01+00:00\",\"description\":\"WABI SPF30 veido kremas su atspalviu Delicate Ivory dr\u0117kina, saugo nuo saul\u0117s ir suteikia nat\u016bral\u0173, tolyg\u0173 odos atspalv\u012f. Lengva tekst\u016bra vis\u0173 tip\u0173 odai.\",\"breadcrumb\":{\"@id\":\"https:\\\/\\\/www.malinashop.lt\\\/lt_lt\\\/shop\\\/wabi-veido-kremas-su-atspalviu-spf30-delicate-ivory-50-ml\\\/#breadcrumb\"},\"inLanguage\":\"lt-LT\",\"potentialAction\":[{\"@type\":\"ReadAction\",\"target\":[\"https:\\\/\\\/www.malinashop.lt\\\/lt_lt\\\/shop\\\/wabi-veido-kremas-su-atspalviu-spf30-delicate-ivory-50-ml\\\/\"]}]},{\"@type\":\"ImageObject\",\"inLanguage\":\"lt-LT\",\"@id\":\"https:\\\/\\\/www.malinashop.lt\\\/lt_lt\\\/shop\\\/wabi-veido-kremas-su-atspalviu-spf30-delicate-ivory-50-ml\\\/#primaryimage\",\"url\":\"https:\\\/\\\/www.malinashop.lt\\\/wp-content\\\/uploads\\\/2025\\\/10\\\/WABI-veido-kremas-su-atspalviu-SPF30-Delicate-Ivory-50-ml.webp\",\"contentUrl\":\"https:\\\/\\\/www.malinashop.lt\\\/wp-content\\\/uploads\\\/2025\\\/10\\\/WABI-veido-kremas-su-atspalviu-SPF30-Delicate-Ivory-50-ml.webp\",\"width\":768,\"height\":768},{\"@type\":\"BreadcrumbList\",\"@id\":\"https:\\\/\\\/www.malinashop.lt\\\/lt_lt\\\/shop\\\/wabi-veido-kremas-su-atspalviu-spf30-delicate-ivory-50-ml\\\/#breadcrumb\",\"itemListElement\":[{\"@type\":\"ListItem\",\"position\":1,\"name\":\"Home\",\"item\":\"https:\\\/\\\/www.malinashop.lt\\\/en\\\/\"},{\"@type\":\"ListItem\",\"position\":2,\"name\":\"Parduotuv\u0117\",\"item\":\"https:\\\/\\\/www.malinashop.lt\\\/en\\\/parduotuve\\\/\"},{\"@type\":\"ListItem\",\"position\":3,\"name\":\"WABI veido kremas su atspalviu SPF30 Delicate Ivory, 50 ml\"}]},{\"@type\":\"WebSite\",\"@id\":\"https:\\\/\\\/www.malinashop.lt\\\/en\\\/#website\",\"url\":\"https:\\\/\\\/www.malinashop.lt\\\/en\\\/\",\"name\":\"COM Group Ecommerce\",\"description\":\"MalinaShop.lt - Gro\u017eio ir sveikatos produktai i\u0161 patikim\u0173 preki\u0173 \u017eenkl\u0173. Atraskite auk\u0161tos kokyb\u0117s kosmetik\u0105 u\u017e puiki\u0105 kain\u0105.\",\"publisher\":{\"@id\":\"https:\\\/\\\/www.malinashop.lt\\\/en\\\/#organization\"},\"potentialAction\":[{\"@type\":\"SearchAction\",\"target\":{\"@type\":\"EntryPoint\",\"urlTemplate\":\"https:\\\/\\\/www.malinashop.lt\\\/en\\\/?s={search_term_string}\"},\"query-input\":{\"@type\":\"PropertyValueSpecification\",\"valueRequired\":true,\"valueName\":\"search_term_string\"}}],\"inLanguage\":\"lt-LT\"},{\"@type\":\"Organization\",\"@id\":\"https:\\\/\\\/www.malinashop.lt\\\/en\\\/#organization\",\"name\":\"COM Group Ecommerce\",\"url\":\"https:\\\/\\\/www.malinashop.lt\\\/en\\\/\",\"logo\":{\"@type\":\"ImageObject\",\"inLanguage\":\"lt-LT\",\"@id\":\"https:\\\/\\\/www.malinashop.lt\\\/en\\\/#\\\/schema\\\/logo\\\/image\\\/\",\"url\":\"https:\\\/\\\/www.malinashop.lt\\\/wp-content\\\/uploads\\\/2024\\\/08\\\/462559670_3787732518133670_9795632669273463_n-e1731525914575.png\",\"contentUrl\":\"https:\\\/\\\/www.malinashop.lt\\\/wp-content\\\/uploads\\\/2024\\\/08\\\/462559670_3787732518133670_9795632669273463_n-e1731525914575.png\",\"width\":180,\"height\":60,\"caption\":\"COM Group Ecommerce\"},\"image\":{\"@id\":\"https:\\\/\\\/www.malinashop.lt\\\/en\\\/#\\\/schema\\\/logo\\\/image\\\/\"}}]}<\/script>\n<!-- \/ Yoast SEO plugin. -->","yoast_head_json":{"title":"WABI veido kremas su atspalviu SPF30 Delicate Ivory, 50 ml - MalinaShop.lt J\u016bs\u0173 sveikatai ir gro\u017eiui.","description":"WABI SPF30 veido kremas su atspalviu Delicate Ivory dr\u0117kina, saugo nuo saul\u0117s ir suteikia nat\u016bral\u0173, tolyg\u0173 odos atspalv\u012f. Lengva tekst\u016bra vis\u0173 tip\u0173 odai.","robots":{"index":"index","follow":"follow","max-snippet":"max-snippet:-1","max-image-preview":"max-image-preview:large","max-video-preview":"max-video-preview:-1"},"canonical":"https:\/\/www.malinashop.lt\/lt_lt\/shop\/wabi-veido-kremas-su-atspalviu-spf30-delicate-ivory-50-ml\/","og_locale":"lt_LT","og_type":"article","og_title":"WABI veido kremas su atspalviu SPF30 Delicate Ivory, 50 ml - MalinaShop.lt J\u016bs\u0173 sveikatai ir gro\u017eiui.","og_description":"WABI SPF30 veido kremas su atspalviu Delicate Ivory dr\u0117kina, saugo nuo saul\u0117s ir suteikia nat\u016bral\u0173, tolyg\u0173 odos atspalv\u012f. Lengva tekst\u016bra vis\u0173 tip\u0173 odai.","og_url":"https:\/\/www.malinashop.lt\/lt_lt\/shop\/wabi-veido-kremas-su-atspalviu-spf30-delicate-ivory-50-ml\/","og_site_name":"MalinaShop.lt J\u016bs\u0173 sveikatai ir gro\u017eiui.","article_modified_time":"2026-04-03T12:14:01+00:00","og_image":[{"width":768,"height":768,"url":"https:\/\/www.malinashop.lt\/wp-content\/uploads\/2025\/10\/WABI-veido-kremas-su-atspalviu-SPF30-Delicate-Ivory-50-ml.webp","type":"image\/webp"}],"twitter_card":"summary_large_image","schema":{"@context":"https:\/\/schema.org","@graph":[{"@type":"WebPage","@id":"https:\/\/www.malinashop.lt\/lt_lt\/shop\/wabi-veido-kremas-su-atspalviu-spf30-delicate-ivory-50-ml\/","url":"https:\/\/www.malinashop.lt\/lt_lt\/shop\/wabi-veido-kremas-su-atspalviu-spf30-delicate-ivory-50-ml\/","name":"WABI veido kremas su atspalviu SPF30 Delicate Ivory, 50 ml - MalinaShop.lt J\u016bs\u0173 sveikatai ir gro\u017eiui.","isPartOf":{"@id":"https:\/\/www.malinashop.lt\/en\/#website"},"primaryImageOfPage":{"@id":"https:\/\/www.malinashop.lt\/lt_lt\/shop\/wabi-veido-kremas-su-atspalviu-spf30-delicate-ivory-50-ml\/#primaryimage"},"image":{"@id":"https:\/\/www.malinashop.lt\/lt_lt\/shop\/wabi-veido-kremas-su-atspalviu-spf30-delicate-ivory-50-ml\/#primaryimage"},"thumbnailUrl":"https:\/\/www.malinashop.lt\/wp-content\/uploads\/2025\/10\/WABI-veido-kremas-su-atspalviu-SPF30-Delicate-Ivory-50-ml.webp","datePublished":"2025-10-20T17:58:28+00:00","dateModified":"2026-04-03T12:14:01+00:00","description":"WABI SPF30 veido kremas su atspalviu Delicate Ivory dr\u0117kina, saugo nuo saul\u0117s ir suteikia nat\u016bral\u0173, tolyg\u0173 odos atspalv\u012f. Lengva tekst\u016bra vis\u0173 tip\u0173 odai.","breadcrumb":{"@id":"https:\/\/www.malinashop.lt\/lt_lt\/shop\/wabi-veido-kremas-su-atspalviu-spf30-delicate-ivory-50-ml\/#breadcrumb"},"inLanguage":"lt-LT","potentialAction":[{"@type":"ReadAction","target":["https:\/\/www.malinashop.lt\/lt_lt\/shop\/wabi-veido-kremas-su-atspalviu-spf30-delicate-ivory-50-ml\/"]}]},{"@type":"ImageObject","inLanguage":"lt-LT","@id":"https:\/\/www.malinashop.lt\/lt_lt\/shop\/wabi-veido-kremas-su-atspalviu-spf30-delicate-ivory-50-ml\/#primaryimage","url":"https:\/\/www.malinashop.lt\/wp-content\/uploads\/2025\/10\/WABI-veido-kremas-su-atspalviu-SPF30-Delicate-Ivory-50-ml.webp","contentUrl":"https:\/\/www.malinashop.lt\/wp-content\/uploads\/2025\/10\/WABI-veido-kremas-su-atspalviu-SPF30-Delicate-Ivory-50-ml.webp","width":768,"height":768},{"@type":"BreadcrumbList","@id":"https:\/\/www.malinashop.lt\/lt_lt\/shop\/wabi-veido-kremas-su-atspalviu-spf30-delicate-ivory-50-ml\/#breadcrumb","itemListElement":[{"@type":"ListItem","position":1,"name":"Home","item":"https:\/\/www.malinashop.lt\/en\/"},{"@type":"ListItem","position":2,"name":"Parduotuv\u0117","item":"https:\/\/www.malinashop.lt\/en\/parduotuve\/"},{"@type":"ListItem","position":3,"name":"WABI veido kremas su atspalviu SPF30 Delicate Ivory, 50 ml"}]},{"@type":"WebSite","@id":"https:\/\/www.malinashop.lt\/en\/#website","url":"https:\/\/www.malinashop.lt\/en\/","name":"COM Group Ecommerce","description":"MalinaShop.lt - Gro\u017eio ir sveikatos produktai i\u0161 patikim\u0173 preki\u0173 \u017eenkl\u0173. Atraskite auk\u0161tos kokyb\u0117s kosmetik\u0105 u\u017e puiki\u0105 kain\u0105.","publisher":{"@id":"https:\/\/www.malinashop.lt\/en\/#organization"},"potentialAction":[{"@type":"SearchAction","target":{"@type":"EntryPoint","urlTemplate":"https:\/\/www.malinashop.lt\/en\/?s={search_term_string}"},"query-input":{"@type":"PropertyValueSpecification","valueRequired":true,"valueName":"search_term_string"}}],"inLanguage":"lt-LT"},{"@type":"Organization","@id":"https:\/\/www.malinashop.lt\/en\/#organization","name":"COM Group Ecommerce","url":"https:\/\/www.malinashop.lt\/en\/","logo":{"@type":"ImageObject","inLanguage":"lt-LT","@id":"https:\/\/www.malinashop.lt\/en\/#\/schema\/logo\/image\/","url":"https:\/\/www.malinashop.lt\/wp-content\/uploads\/2024\/08\/462559670_3787732518133670_9795632669273463_n-e1731525914575.png","contentUrl":"https:\/\/www.malinashop.lt\/wp-content\/uploads\/2024\/08\/462559670_3787732518133670_9795632669273463_n-e1731525914575.png","width":180,"height":60,"caption":"COM Group Ecommerce"},"image":{"@id":"https:\/\/www.malinashop.lt\/en\/#\/schema\/logo\/image\/"}}]}},"jetpack_sharing_enabled":true,"_links":{"self":[{"href":"https:\/\/www.malinashop.lt\/lt_lt\/wp-json\/wp\/v2\/product\/59088","targetHints":{"allow":["GET"]}}],"collection":[{"href":"https:\/\/www.malinashop.lt\/lt_lt\/wp-json\/wp\/v2\/product"}],"about":[{"href":"https:\/\/www.malinashop.lt\/lt_lt\/wp-json\/wp\/v2\/types\/product"}],"version-history":[{"count":1,"href":"https:\/\/www.malinashop.lt\/lt_lt\/wp-json\/wp\/v2\/product\/59088\/revisions"}],"predecessor-version":[{"id":59091,"href":"https:\/\/www.malinashop.lt\/lt_lt\/wp-json\/wp\/v2\/product\/59088\/revisions\/59091"}],"wp:featuredmedia":[{"embeddable":true,"href":"https:\/\/www.malinashop.lt\/lt_lt\/wp-json\/wp\/v2\/media\/59090"}],"wp:attachment":[{"href":"https:\/\/www.malinashop.lt\/lt_lt\/wp-json\/wp\/v2\/media?parent=59088"}],"wp:term":[{"taxonomy":"product_brand","embeddable":true,"href":"https:\/\/www.malinashop.lt\/lt_lt\/wp-json\/wp\/v2\/product_brand?post=59088"},{"taxonomy":"product_cat","embeddable":true,"href":"https:\/\/www.malinashop.lt\/lt_lt\/wp-json\/wp\/v2\/product_cat?post=59088"},{"taxonomy":"product_tag","embeddable":true,"href":"https:\/\/www.malinashop.lt\/lt_lt\/wp-json\/wp\/v2\/product_tag?post=59088"}],"curies":[{"name":"wp","href":"https:\/\/api.w.org\/{rel}","templated":true}]}}