{"id":59080,"date":"2025-10-20T20:53:22","date_gmt":"2025-10-20T17:53:22","guid":{"rendered":"https:\/\/malinashop.lt\/?post_type=product&#038;p=59080"},"modified":"2026-04-03T15:14:02","modified_gmt":"2026-04-03T12:14:02","slug":"wabi-makiazo-fiksatorius-pro-secret-glow-50-ml","status":"publish","type":"product","link":"https:\/\/www.malinashop.lt\/lt_lt\/shop\/wabi-makiazo-fiksatorius-pro-secret-glow-50-ml\/","title":{"rendered":"WABI makia\u017eo fiksatorius PRO SECRET Glow, 50 ml"},"content":{"rendered":"<p data-start=\"309\" data-end=\"529\">Pasir\u016bpinkite, kad j\u016bs\u0173 makia\u017eas i\u0161likt\u0173 nepriekai\u0161tingas vis\u0105 dien\u0105 su WABI makia\u017eo fiksatoriumi PRO SECRET Glow. Tai profesionali pur\u0161kiama priemon\u0117, kuri ne tik fiksuoja makia\u017e\u0105, bet ir suteikia odai \u0161vyt\u0117jimo efekt\u0105.<\/p>\n<p data-start=\"531\" data-end=\"571\"><strong data-start=\"531\" data-end=\"571\">Kod\u0117l verta rinktis PRO SECRET Glow?<\/strong><\/p>\n<ul data-start=\"573\" data-end=\"1039\">\n<li data-start=\"573\" data-end=\"713\">\n<p data-start=\"575\" data-end=\"713\">\u0160vyt\u0117jimo efektas \u2013 sud\u0117tyje esantys aukso ir sidabro mikroelementai \u0161velniai atspindi \u0161vies\u0105 ir suteikia odai gaiv\u0173, spindint\u012f \u012fvaizd\u012f.<\/p>\n<\/li>\n<li data-start=\"714\" data-end=\"833\">\n<p data-start=\"716\" data-end=\"833\">Maitinimas ir dr\u0117kinimas \u2013 alavij\u0173 ir avi\u017e\u0173 ekstraktai palaiko odos dr\u0117gm\u0117s balans\u0105, u\u017etikrina komfort\u0105 vis\u0105 dien\u0105.<\/p>\n<\/li>\n<li data-start=\"834\" data-end=\"975\">\n<p data-start=\"836\" data-end=\"975\">Ilgalaikis fiksavimas \u2013 priemon\u0117 veiksmingai fiksuoja makia\u017e\u0105 ir apsaugo nuo i\u0161orini\u0173 veiksni\u0173, i\u0161laikant \u0161vie\u017ei\u0105 bei gyvybing\u0105 i\u0161vaizd\u0105.<\/p>\n<\/li>\n<li data-start=\"976\" data-end=\"1039\">\n<p data-start=\"978\" data-end=\"1039\">Tinka vis\u0173 tip\u0173 odai \u2013 nesausina ir nesukelia tempimo jausmo.<\/p>\n<\/li>\n<\/ul>\n<p data-start=\"1041\" data-end=\"1207\"><strong data-start=\"1041\" data-end=\"1056\">Naudojimas:<\/strong><br data-start=\"1056\" data-end=\"1059\" \/>Prie\u0161 naudojim\u0105 gerai suplakite. Purk\u0161kite 20\u201325 cm atstumu ant veido po makia\u017eo. Venkite kontakto su akimis. Pagal poreik\u012f pakartokite dienos metu.<\/p>\n","protected":false},"excerpt":{"rendered":"<p data-start=\"219\" data-end=\"354\">WABI PRO SECRET Glow makia\u017eo fiksatorius suteikia subtil\u0173 \u0161vyt\u0117jim\u0105, dr\u0117kina od\u0105 ir i\u0161laiko makia\u017e\u0105 vis\u0105 dien\u0105.<\/p>\n","protected":false},"featured_media":59081,"template":"","meta":[],"product_brand":[1355],"product_cat":[102,530,792],"product_tag":[1628],"class_list":{"0":"post-59080","1":"product","2":"type-product","3":"status-publish","4":"has-post-thumbnail","6":"product_brand-wabi","7":"product_cat-dekoratyvine-kosmetika","8":"product_cat-makiazo-pagrindas","9":"product_cat-veido-pudros","10":"product_tag-wabi","12":"first","13":"instock","14":"sale","15":"taxable","16":"shipping-taxable","17":"purchasable","18":"product-type-simple"},"yoast_head":"<!-- This site is optimized with the Yoast SEO plugin v27.4 - https:\/\/yoast.com\/product\/yoast-seo-wordpress\/ -->\n<title>WABI makia\u017eo fiksatorius PRO SECRET Glow, 50 ml - MalinaShop.lt J\u016bs\u0173 sveikatai ir gro\u017eiui.<\/title>\n<meta name=\"description\" content=\"WABI PRO SECRET Glow fiksatorius suteikia \u0161vyt\u0117jimo efekt\u0105, dr\u0117kina od\u0105 ir i\u0161laiko makia\u017e\u0105 vis\u0105 dien\u0105. Profesionalus spindesys kiekvienam \u012fvaizd\u017eiui.\" \/>\n<meta name=\"robots\" content=\"index, follow, max-snippet:-1, max-image-preview:large, max-video-preview:-1\" \/>\n<link rel=\"canonical\" href=\"https:\/\/www.malinashop.lt\/lt_lt\/shop\/wabi-makiazo-fiksatorius-pro-secret-glow-50-ml\/\" \/>\n<meta property=\"og:locale\" content=\"lt_LT\" \/>\n<meta property=\"og:type\" content=\"article\" \/>\n<meta property=\"og:title\" content=\"WABI makia\u017eo fiksatorius PRO SECRET Glow, 50 ml - MalinaShop.lt J\u016bs\u0173 sveikatai ir gro\u017eiui.\" \/>\n<meta property=\"og:description\" content=\"WABI PRO SECRET Glow fiksatorius suteikia \u0161vyt\u0117jimo efekt\u0105, dr\u0117kina od\u0105 ir i\u0161laiko makia\u017e\u0105 vis\u0105 dien\u0105. Profesionalus spindesys kiekvienam \u012fvaizd\u017eiui.\" \/>\n<meta property=\"og:url\" content=\"https:\/\/www.malinashop.lt\/lt_lt\/shop\/wabi-makiazo-fiksatorius-pro-secret-glow-50-ml\/\" \/>\n<meta property=\"og:site_name\" content=\"MalinaShop.lt J\u016bs\u0173 sveikatai ir gro\u017eiui.\" \/>\n<meta property=\"article:modified_time\" content=\"2026-04-03T12:14:02+00:00\" \/>\n<meta property=\"og:image\" content=\"https:\/\/www.malinashop.lt\/wp-content\/uploads\/2025\/10\/WABI-makiazo-fiksatorius-PRO-SECRET-Glow-50-ml.webp\" \/>\n\t<meta property=\"og:image:width\" content=\"768\" \/>\n\t<meta property=\"og:image:height\" content=\"768\" \/>\n\t<meta property=\"og:image:type\" content=\"image\/webp\" \/>\n<meta name=\"twitter:card\" content=\"summary_large_image\" \/>\n<script type=\"application\/ld+json\" class=\"yoast-schema-graph\">{\"@context\":\"https:\\\/\\\/schema.org\",\"@graph\":[{\"@type\":\"WebPage\",\"@id\":\"https:\\\/\\\/www.malinashop.lt\\\/lt_lt\\\/shop\\\/wabi-makiazo-fiksatorius-pro-secret-glow-50-ml\\\/\",\"url\":\"https:\\\/\\\/www.malinashop.lt\\\/lt_lt\\\/shop\\\/wabi-makiazo-fiksatorius-pro-secret-glow-50-ml\\\/\",\"name\":\"WABI makia\u017eo fiksatorius PRO SECRET Glow, 50 ml - MalinaShop.lt J\u016bs\u0173 sveikatai ir gro\u017eiui.\",\"isPartOf\":{\"@id\":\"https:\\\/\\\/www.malinashop.lt\\\/#website\"},\"primaryImageOfPage\":{\"@id\":\"https:\\\/\\\/www.malinashop.lt\\\/lt_lt\\\/shop\\\/wabi-makiazo-fiksatorius-pro-secret-glow-50-ml\\\/#primaryimage\"},\"image\":{\"@id\":\"https:\\\/\\\/www.malinashop.lt\\\/lt_lt\\\/shop\\\/wabi-makiazo-fiksatorius-pro-secret-glow-50-ml\\\/#primaryimage\"},\"thumbnailUrl\":\"https:\\\/\\\/www.malinashop.lt\\\/wp-content\\\/uploads\\\/2025\\\/10\\\/WABI-makiazo-fiksatorius-PRO-SECRET-Glow-50-ml.webp\",\"datePublished\":\"2025-10-20T17:53:22+00:00\",\"dateModified\":\"2026-04-03T12:14:02+00:00\",\"description\":\"WABI PRO SECRET Glow fiksatorius suteikia \u0161vyt\u0117jimo efekt\u0105, dr\u0117kina od\u0105 ir i\u0161laiko makia\u017e\u0105 vis\u0105 dien\u0105. Profesionalus spindesys kiekvienam \u012fvaizd\u017eiui.\",\"breadcrumb\":{\"@id\":\"https:\\\/\\\/www.malinashop.lt\\\/lt_lt\\\/shop\\\/wabi-makiazo-fiksatorius-pro-secret-glow-50-ml\\\/#breadcrumb\"},\"inLanguage\":\"lt-LT\",\"potentialAction\":[{\"@type\":\"ReadAction\",\"target\":[\"https:\\\/\\\/www.malinashop.lt\\\/lt_lt\\\/shop\\\/wabi-makiazo-fiksatorius-pro-secret-glow-50-ml\\\/\"]}]},{\"@type\":\"ImageObject\",\"inLanguage\":\"lt-LT\",\"@id\":\"https:\\\/\\\/www.malinashop.lt\\\/lt_lt\\\/shop\\\/wabi-makiazo-fiksatorius-pro-secret-glow-50-ml\\\/#primaryimage\",\"url\":\"https:\\\/\\\/www.malinashop.lt\\\/wp-content\\\/uploads\\\/2025\\\/10\\\/WABI-makiazo-fiksatorius-PRO-SECRET-Glow-50-ml.webp\",\"contentUrl\":\"https:\\\/\\\/www.malinashop.lt\\\/wp-content\\\/uploads\\\/2025\\\/10\\\/WABI-makiazo-fiksatorius-PRO-SECRET-Glow-50-ml.webp\",\"width\":768,\"height\":768},{\"@type\":\"BreadcrumbList\",\"@id\":\"https:\\\/\\\/www.malinashop.lt\\\/lt_lt\\\/shop\\\/wabi-makiazo-fiksatorius-pro-secret-glow-50-ml\\\/#breadcrumb\",\"itemListElement\":[{\"@type\":\"ListItem\",\"position\":1,\"name\":\"Pagrindinis\",\"item\":\"https:\\\/\\\/www.malinashop.lt\\\/\"},{\"@type\":\"ListItem\",\"position\":2,\"name\":\"Parduotuv\u0117\",\"item\":\"https:\\\/\\\/www.malinashop.lt\\\/en\\\/parduotuve\\\/\"},{\"@type\":\"ListItem\",\"position\":3,\"name\":\"WABI makia\u017eo fiksatorius PRO SECRET Glow, 50 ml\"}]},{\"@type\":\"WebSite\",\"@id\":\"https:\\\/\\\/www.malinashop.lt\\\/#website\",\"url\":\"https:\\\/\\\/www.malinashop.lt\\\/\",\"name\":\"COM Group Ecommerce\",\"description\":\"MalinaShop.lt - Gro\u017eio ir sveikatos produktai i\u0161 patikim\u0173 preki\u0173 \u017eenkl\u0173. Atraskite auk\u0161tos kokyb\u0117s kosmetik\u0105 u\u017e puiki\u0105 kain\u0105.\",\"publisher\":{\"@id\":\"https:\\\/\\\/www.malinashop.lt\\\/#organization\"},\"potentialAction\":[{\"@type\":\"SearchAction\",\"target\":{\"@type\":\"EntryPoint\",\"urlTemplate\":\"https:\\\/\\\/www.malinashop.lt\\\/?s={search_term_string}\"},\"query-input\":{\"@type\":\"PropertyValueSpecification\",\"valueRequired\":true,\"valueName\":\"search_term_string\"}}],\"inLanguage\":\"lt-LT\"},{\"@type\":\"Organization\",\"@id\":\"https:\\\/\\\/www.malinashop.lt\\\/#organization\",\"name\":\"COM Group Ecommerce\",\"url\":\"https:\\\/\\\/www.malinashop.lt\\\/\",\"logo\":{\"@type\":\"ImageObject\",\"inLanguage\":\"lt-LT\",\"@id\":\"https:\\\/\\\/www.malinashop.lt\\\/#\\\/schema\\\/logo\\\/image\\\/\",\"url\":\"https:\\\/\\\/www.malinashop.lt\\\/wp-content\\\/uploads\\\/2024\\\/08\\\/462559670_3787732518133670_9795632669273463_n-e1731525914575.png\",\"contentUrl\":\"https:\\\/\\\/www.malinashop.lt\\\/wp-content\\\/uploads\\\/2024\\\/08\\\/462559670_3787732518133670_9795632669273463_n-e1731525914575.png\",\"width\":180,\"height\":60,\"caption\":\"COM Group Ecommerce\"},\"image\":{\"@id\":\"https:\\\/\\\/www.malinashop.lt\\\/#\\\/schema\\\/logo\\\/image\\\/\"}}]}<\/script>\n<!-- \/ Yoast SEO plugin. -->","yoast_head_json":{"title":"WABI makia\u017eo fiksatorius PRO SECRET Glow, 50 ml - MalinaShop.lt J\u016bs\u0173 sveikatai ir gro\u017eiui.","description":"WABI PRO SECRET Glow fiksatorius suteikia \u0161vyt\u0117jimo efekt\u0105, dr\u0117kina od\u0105 ir i\u0161laiko makia\u017e\u0105 vis\u0105 dien\u0105. Profesionalus spindesys kiekvienam \u012fvaizd\u017eiui.","robots":{"index":"index","follow":"follow","max-snippet":"max-snippet:-1","max-image-preview":"max-image-preview:large","max-video-preview":"max-video-preview:-1"},"canonical":"https:\/\/www.malinashop.lt\/lt_lt\/shop\/wabi-makiazo-fiksatorius-pro-secret-glow-50-ml\/","og_locale":"lt_LT","og_type":"article","og_title":"WABI makia\u017eo fiksatorius PRO SECRET Glow, 50 ml - MalinaShop.lt J\u016bs\u0173 sveikatai ir gro\u017eiui.","og_description":"WABI PRO SECRET Glow fiksatorius suteikia \u0161vyt\u0117jimo efekt\u0105, dr\u0117kina od\u0105 ir i\u0161laiko makia\u017e\u0105 vis\u0105 dien\u0105. Profesionalus spindesys kiekvienam \u012fvaizd\u017eiui.","og_url":"https:\/\/www.malinashop.lt\/lt_lt\/shop\/wabi-makiazo-fiksatorius-pro-secret-glow-50-ml\/","og_site_name":"MalinaShop.lt J\u016bs\u0173 sveikatai ir gro\u017eiui.","article_modified_time":"2026-04-03T12:14:02+00:00","og_image":[{"width":768,"height":768,"url":"https:\/\/www.malinashop.lt\/wp-content\/uploads\/2025\/10\/WABI-makiazo-fiksatorius-PRO-SECRET-Glow-50-ml.webp","type":"image\/webp"}],"twitter_card":"summary_large_image","schema":{"@context":"https:\/\/schema.org","@graph":[{"@type":"WebPage","@id":"https:\/\/www.malinashop.lt\/lt_lt\/shop\/wabi-makiazo-fiksatorius-pro-secret-glow-50-ml\/","url":"https:\/\/www.malinashop.lt\/lt_lt\/shop\/wabi-makiazo-fiksatorius-pro-secret-glow-50-ml\/","name":"WABI makia\u017eo fiksatorius PRO SECRET Glow, 50 ml - MalinaShop.lt J\u016bs\u0173 sveikatai ir gro\u017eiui.","isPartOf":{"@id":"https:\/\/www.malinashop.lt\/#website"},"primaryImageOfPage":{"@id":"https:\/\/www.malinashop.lt\/lt_lt\/shop\/wabi-makiazo-fiksatorius-pro-secret-glow-50-ml\/#primaryimage"},"image":{"@id":"https:\/\/www.malinashop.lt\/lt_lt\/shop\/wabi-makiazo-fiksatorius-pro-secret-glow-50-ml\/#primaryimage"},"thumbnailUrl":"https:\/\/www.malinashop.lt\/wp-content\/uploads\/2025\/10\/WABI-makiazo-fiksatorius-PRO-SECRET-Glow-50-ml.webp","datePublished":"2025-10-20T17:53:22+00:00","dateModified":"2026-04-03T12:14:02+00:00","description":"WABI PRO SECRET Glow fiksatorius suteikia \u0161vyt\u0117jimo efekt\u0105, dr\u0117kina od\u0105 ir i\u0161laiko makia\u017e\u0105 vis\u0105 dien\u0105. Profesionalus spindesys kiekvienam \u012fvaizd\u017eiui.","breadcrumb":{"@id":"https:\/\/www.malinashop.lt\/lt_lt\/shop\/wabi-makiazo-fiksatorius-pro-secret-glow-50-ml\/#breadcrumb"},"inLanguage":"lt-LT","potentialAction":[{"@type":"ReadAction","target":["https:\/\/www.malinashop.lt\/lt_lt\/shop\/wabi-makiazo-fiksatorius-pro-secret-glow-50-ml\/"]}]},{"@type":"ImageObject","inLanguage":"lt-LT","@id":"https:\/\/www.malinashop.lt\/lt_lt\/shop\/wabi-makiazo-fiksatorius-pro-secret-glow-50-ml\/#primaryimage","url":"https:\/\/www.malinashop.lt\/wp-content\/uploads\/2025\/10\/WABI-makiazo-fiksatorius-PRO-SECRET-Glow-50-ml.webp","contentUrl":"https:\/\/www.malinashop.lt\/wp-content\/uploads\/2025\/10\/WABI-makiazo-fiksatorius-PRO-SECRET-Glow-50-ml.webp","width":768,"height":768},{"@type":"BreadcrumbList","@id":"https:\/\/www.malinashop.lt\/lt_lt\/shop\/wabi-makiazo-fiksatorius-pro-secret-glow-50-ml\/#breadcrumb","itemListElement":[{"@type":"ListItem","position":1,"name":"Pagrindinis","item":"https:\/\/www.malinashop.lt\/"},{"@type":"ListItem","position":2,"name":"Parduotuv\u0117","item":"https:\/\/www.malinashop.lt\/en\/parduotuve\/"},{"@type":"ListItem","position":3,"name":"WABI makia\u017eo fiksatorius PRO SECRET Glow, 50 ml"}]},{"@type":"WebSite","@id":"https:\/\/www.malinashop.lt\/#website","url":"https:\/\/www.malinashop.lt\/","name":"COM Group Ecommerce","description":"MalinaShop.lt - Gro\u017eio ir sveikatos produktai i\u0161 patikim\u0173 preki\u0173 \u017eenkl\u0173. Atraskite auk\u0161tos kokyb\u0117s kosmetik\u0105 u\u017e puiki\u0105 kain\u0105.","publisher":{"@id":"https:\/\/www.malinashop.lt\/#organization"},"potentialAction":[{"@type":"SearchAction","target":{"@type":"EntryPoint","urlTemplate":"https:\/\/www.malinashop.lt\/?s={search_term_string}"},"query-input":{"@type":"PropertyValueSpecification","valueRequired":true,"valueName":"search_term_string"}}],"inLanguage":"lt-LT"},{"@type":"Organization","@id":"https:\/\/www.malinashop.lt\/#organization","name":"COM Group Ecommerce","url":"https:\/\/www.malinashop.lt\/","logo":{"@type":"ImageObject","inLanguage":"lt-LT","@id":"https:\/\/www.malinashop.lt\/#\/schema\/logo\/image\/","url":"https:\/\/www.malinashop.lt\/wp-content\/uploads\/2024\/08\/462559670_3787732518133670_9795632669273463_n-e1731525914575.png","contentUrl":"https:\/\/www.malinashop.lt\/wp-content\/uploads\/2024\/08\/462559670_3787732518133670_9795632669273463_n-e1731525914575.png","width":180,"height":60,"caption":"COM Group Ecommerce"},"image":{"@id":"https:\/\/www.malinashop.lt\/#\/schema\/logo\/image\/"}}]}},"jetpack_sharing_enabled":true,"_links":{"self":[{"href":"https:\/\/www.malinashop.lt\/lt_lt\/wp-json\/wp\/v2\/product\/59080","targetHints":{"allow":["GET"]}}],"collection":[{"href":"https:\/\/www.malinashop.lt\/lt_lt\/wp-json\/wp\/v2\/product"}],"about":[{"href":"https:\/\/www.malinashop.lt\/lt_lt\/wp-json\/wp\/v2\/types\/product"}],"version-history":[{"count":1,"href":"https:\/\/www.malinashop.lt\/lt_lt\/wp-json\/wp\/v2\/product\/59080\/revisions"}],"predecessor-version":[{"id":59082,"href":"https:\/\/www.malinashop.lt\/lt_lt\/wp-json\/wp\/v2\/product\/59080\/revisions\/59082"}],"wp:featuredmedia":[{"embeddable":true,"href":"https:\/\/www.malinashop.lt\/lt_lt\/wp-json\/wp\/v2\/media\/59081"}],"wp:attachment":[{"href":"https:\/\/www.malinashop.lt\/lt_lt\/wp-json\/wp\/v2\/media?parent=59080"}],"wp:term":[{"taxonomy":"product_brand","embeddable":true,"href":"https:\/\/www.malinashop.lt\/lt_lt\/wp-json\/wp\/v2\/product_brand?post=59080"},{"taxonomy":"product_cat","embeddable":true,"href":"https:\/\/www.malinashop.lt\/lt_lt\/wp-json\/wp\/v2\/product_cat?post=59080"},{"taxonomy":"product_tag","embeddable":true,"href":"https:\/\/www.malinashop.lt\/lt_lt\/wp-json\/wp\/v2\/product_tag?post=59080"}],"curies":[{"name":"wp","href":"https:\/\/api.w.org\/{rel}","templated":true}]}}