{"id":59051,"date":"2025-10-20T20:37:19","date_gmt":"2025-10-20T17:37:19","guid":{"rendered":"https:\/\/malinashop.lt\/?post_type=product&#038;p=59051"},"modified":"2026-04-03T15:14:03","modified_gmt":"2026-04-03T12:14:03","slug":"wabi-lupu-balzamas-glossy-touch-cherry-dawn-15-ml","status":"publish","type":"product","link":"https:\/\/www.malinashop.lt\/lt_lt\/shop\/wabi-lupu-balzamas-glossy-touch-cherry-dawn-15-ml\/","title":{"rendered":"WABI l\u016bp\u0173 balzamas GLOSSY TOUCH Cherry Dawn, 15 ml"},"content":{"rendered":"<p data-start=\"353\" data-end=\"628\"><strong data-start=\"353\" data-end=\"400\">WABI l\u016bp\u0173 balzamas GLOSSY TOUCH Cherry Dawn<\/strong> \u2013 tai \u017eaismingas ir veiksmingas l\u016bp\u0173 prie\u017ei\u016bros balzamas, kuris suteikia dr\u0117gm\u0117s, komforto ir nat\u016bralaus putlinimo efekt\u0105. \u0160is balzamas ne tik puosel\u0117ja l\u016bpas, bet ir pabr\u0117\u017eia j\u0173 gro\u017e\u012f, tod\u0117l tai idealus pasirinkimas kasdienai.<\/p>\n<p data-start=\"630\" data-end=\"905\">Unikali formul\u0117 praturtinta <strong data-start=\"658\" data-end=\"712\">kokos\u0173 aliejumi, mango sviestu ir sezam\u0173 ekstraktu<\/strong> \u2013 \u0161ie ingredientai mink\u0161tina, glotnina ir intensyviai maitina l\u016bpas. <strong data-start=\"782\" data-end=\"801\">\u010cili ekstraktas<\/strong> \u0161velniai aktyvina kraujotak\u0105 ir sukelia subtil\u0173 dilg\u010diojim\u0105, kuris <strong data-start=\"869\" data-end=\"904\">nat\u016braliai padidina l\u016bp\u0173 apimt\u012f<\/strong>.<\/p>\n<p data-start=\"907\" data-end=\"1034\">\u017daismingas <strong data-start=\"918\" data-end=\"944\">\u201eCherry Dawn\u201c aromatas<\/strong> suteikia sald\u0173, gaiv\u0173 ir jaunatvi\u0161k\u0105 akcent\u0105 \u2013 l\u016bpos atrodo ir jau\u010diasi nepriekai\u0161tingai.<\/p>\n<p data-start=\"1036\" data-end=\"1136\"><strong data-start=\"1036\" data-end=\"1051\">Rezultatas?<\/strong> Sudr\u0117kintos, putlesn\u0117s, glotnios ir vizualiai gyvybingos l\u016bpos su \u0161velniu blizgesiu.<\/p>\n<p data-start=\"1138\" data-end=\"1166\"><strong data-start=\"1138\" data-end=\"1166\">Pagrindiniai privalumai:<\/strong><\/p>\n<ul data-start=\"1167\" data-end=\"1376\">\n<li data-start=\"1167\" data-end=\"1204\">\n<p data-start=\"1169\" data-end=\"1204\">Intensyvus dr\u0117kinimas ir maitinimas<\/p>\n<\/li>\n<li data-start=\"1205\" data-end=\"1252\">\n<p data-start=\"1207\" data-end=\"1252\">Nat\u016bralus putlinimo efektas su \u010dili ekstraktu<\/p>\n<\/li>\n<li data-start=\"1253\" data-end=\"1284\">\n<p data-start=\"1255\" data-end=\"1284\">Saldus \u201eCherry Dawn\u201c aromatas<\/p>\n<\/li>\n<li data-start=\"1285\" data-end=\"1304\">\n<p data-start=\"1287\" data-end=\"1304\">\u0160velnus blizgesys<\/p>\n<\/li>\n<li data-start=\"1305\" data-end=\"1333\">\n<p data-start=\"1307\" data-end=\"1333\">Mink\u0161tina ir apsaugo l\u016bpas<\/p>\n<\/li>\n<li data-start=\"1334\" data-end=\"1376\">\n<p data-start=\"1336\" data-end=\"1376\">Idealu naudoti vien\u0105 arba su l\u016bp\u0173 da\u017eais<\/p>\n<\/li>\n<\/ul>\n<p data-start=\"1378\" data-end=\"1547\"><strong data-start=\"1378\" data-end=\"1393\">Naudojimas:<\/strong><br data-start=\"1393\" data-end=\"1396\" \/>Tepkite <strong data-start=\"1404\" data-end=\"1437\">WABI GLOSSY TOUCH Cherry Dawn<\/strong> l\u016bp\u0173 balzam\u0105 tiesiai ant l\u016bp\u0173. Galima naudoti vien\u0105, prie\u0161 l\u016bp\u0173 da\u017eus arba ant vir\u0161aus papildomam spindesiui.<\/p>\n","protected":false},"excerpt":{"rendered":"<p data-start=\"195\" data-end=\"290\">WABI GLOSSY TOUCH Cherry Dawn balzamas dr\u0117kina, putlina l\u016bpas ir suteikia sald\u0173 vy\u0161ni\u0173 aromat\u0105.<\/p>\n","protected":false},"featured_media":59055,"template":"","meta":[],"product_brand":[1355],"product_cat":[102,708,523],"product_tag":[1628],"class_list":{"0":"post-59051","1":"product","2":"type-product","3":"status-publish","4":"has-post-thumbnail","6":"product_brand-wabi","7":"product_cat-dekoratyvine-kosmetika","8":"product_cat-lupoms","9":"product_cat-lupu-blizgiai","10":"product_tag-wabi","12":"first","13":"instock","14":"sale","15":"taxable","16":"shipping-taxable","17":"purchasable","18":"product-type-simple"},"yoast_head":"<!-- This site is optimized with the Yoast SEO plugin v27.4 - https:\/\/yoast.com\/product\/yoast-seo-wordpress\/ -->\n<title>WABI l\u016bp\u0173 balzamas GLOSSY TOUCH Cherry Dawn, 15 ml - MalinaShop.lt J\u016bs\u0173 sveikatai ir gro\u017eiui.<\/title>\n<meta name=\"description\" content=\"MalinaShop.lt J\u016bs\u0173 sveikatai ir gro\u017eiui. WABI Cherry Dawn balzamas dr\u0117kina, putlina l\u016bpas ir suteikia sald\u0173 vy\u0161ni\u0173 aromat\u0105 bei \u0161veln\u0173 blizges\u012f.\" \/>\n<meta name=\"robots\" content=\"index, follow, max-snippet:-1, max-image-preview:large, max-video-preview:-1\" \/>\n<link rel=\"canonical\" href=\"https:\/\/www.malinashop.lt\/lt_lt\/shop\/wabi-lupu-balzamas-glossy-touch-cherry-dawn-15-ml\/\" \/>\n<meta property=\"og:locale\" content=\"lt_LT\" \/>\n<meta property=\"og:type\" content=\"article\" \/>\n<meta property=\"og:title\" content=\"WABI l\u016bp\u0173 balzamas GLOSSY TOUCH Cherry Dawn, 15 ml - MalinaShop.lt J\u016bs\u0173 sveikatai ir gro\u017eiui.\" \/>\n<meta property=\"og:description\" content=\"MalinaShop.lt J\u016bs\u0173 sveikatai ir gro\u017eiui. WABI Cherry Dawn balzamas dr\u0117kina, putlina l\u016bpas ir suteikia sald\u0173 vy\u0161ni\u0173 aromat\u0105 bei \u0161veln\u0173 blizges\u012f.\" \/>\n<meta property=\"og:url\" content=\"https:\/\/www.malinashop.lt\/lt_lt\/shop\/wabi-lupu-balzamas-glossy-touch-cherry-dawn-15-ml\/\" \/>\n<meta property=\"og:site_name\" content=\"MalinaShop.lt J\u016bs\u0173 sveikatai ir gro\u017eiui.\" \/>\n<meta property=\"article:modified_time\" content=\"2026-04-03T12:14:03+00:00\" \/>\n<meta property=\"og:image\" content=\"https:\/\/www.malinashop.lt\/wp-content\/uploads\/2025\/10\/WABI-lupu-balzamas-GLOSSY-TOUCH-Cherry-Dawn-15-ml.webp\" \/>\n\t<meta property=\"og:image:width\" content=\"768\" \/>\n\t<meta property=\"og:image:height\" content=\"768\" \/>\n\t<meta property=\"og:image:type\" content=\"image\/webp\" \/>\n<meta name=\"twitter:card\" content=\"summary_large_image\" \/>\n<script type=\"application\/ld+json\" class=\"yoast-schema-graph\">{\"@context\":\"https:\\\/\\\/schema.org\",\"@graph\":[{\"@type\":\"WebPage\",\"@id\":\"https:\\\/\\\/www.malinashop.lt\\\/lt_lt\\\/shop\\\/wabi-lupu-balzamas-glossy-touch-cherry-dawn-15-ml\\\/\",\"url\":\"https:\\\/\\\/www.malinashop.lt\\\/lt_lt\\\/shop\\\/wabi-lupu-balzamas-glossy-touch-cherry-dawn-15-ml\\\/\",\"name\":\"WABI l\u016bp\u0173 balzamas GLOSSY TOUCH Cherry Dawn, 15 ml - MalinaShop.lt J\u016bs\u0173 sveikatai ir gro\u017eiui.\",\"isPartOf\":{\"@id\":\"https:\\\/\\\/www.malinashop.lt\\\/en\\\/#website\"},\"primaryImageOfPage\":{\"@id\":\"https:\\\/\\\/www.malinashop.lt\\\/lt_lt\\\/shop\\\/wabi-lupu-balzamas-glossy-touch-cherry-dawn-15-ml\\\/#primaryimage\"},\"image\":{\"@id\":\"https:\\\/\\\/www.malinashop.lt\\\/lt_lt\\\/shop\\\/wabi-lupu-balzamas-glossy-touch-cherry-dawn-15-ml\\\/#primaryimage\"},\"thumbnailUrl\":\"https:\\\/\\\/www.malinashop.lt\\\/wp-content\\\/uploads\\\/2025\\\/10\\\/WABI-lupu-balzamas-GLOSSY-TOUCH-Cherry-Dawn-15-ml.webp\",\"datePublished\":\"2025-10-20T17:37:19+00:00\",\"dateModified\":\"2026-04-03T12:14:03+00:00\",\"description\":\"MalinaShop.lt J\u016bs\u0173 sveikatai ir gro\u017eiui. WABI Cherry Dawn balzamas dr\u0117kina, putlina l\u016bpas ir suteikia sald\u0173 vy\u0161ni\u0173 aromat\u0105 bei \u0161veln\u0173 blizges\u012f.\",\"breadcrumb\":{\"@id\":\"https:\\\/\\\/www.malinashop.lt\\\/lt_lt\\\/shop\\\/wabi-lupu-balzamas-glossy-touch-cherry-dawn-15-ml\\\/#breadcrumb\"},\"inLanguage\":\"lt-LT\",\"potentialAction\":[{\"@type\":\"ReadAction\",\"target\":[\"https:\\\/\\\/www.malinashop.lt\\\/lt_lt\\\/shop\\\/wabi-lupu-balzamas-glossy-touch-cherry-dawn-15-ml\\\/\"]}]},{\"@type\":\"ImageObject\",\"inLanguage\":\"lt-LT\",\"@id\":\"https:\\\/\\\/www.malinashop.lt\\\/lt_lt\\\/shop\\\/wabi-lupu-balzamas-glossy-touch-cherry-dawn-15-ml\\\/#primaryimage\",\"url\":\"https:\\\/\\\/www.malinashop.lt\\\/wp-content\\\/uploads\\\/2025\\\/10\\\/WABI-lupu-balzamas-GLOSSY-TOUCH-Cherry-Dawn-15-ml.webp\",\"contentUrl\":\"https:\\\/\\\/www.malinashop.lt\\\/wp-content\\\/uploads\\\/2025\\\/10\\\/WABI-lupu-balzamas-GLOSSY-TOUCH-Cherry-Dawn-15-ml.webp\",\"width\":768,\"height\":768},{\"@type\":\"BreadcrumbList\",\"@id\":\"https:\\\/\\\/www.malinashop.lt\\\/lt_lt\\\/shop\\\/wabi-lupu-balzamas-glossy-touch-cherry-dawn-15-ml\\\/#breadcrumb\",\"itemListElement\":[{\"@type\":\"ListItem\",\"position\":1,\"name\":\"Home\",\"item\":\"https:\\\/\\\/www.malinashop.lt\\\/en\\\/\"},{\"@type\":\"ListItem\",\"position\":2,\"name\":\"Parduotuv\u0117\",\"item\":\"https:\\\/\\\/www.malinashop.lt\\\/en\\\/parduotuve\\\/\"},{\"@type\":\"ListItem\",\"position\":3,\"name\":\"WABI l\u016bp\u0173 balzamas GLOSSY TOUCH Cherry Dawn, 15 ml\"}]},{\"@type\":\"WebSite\",\"@id\":\"https:\\\/\\\/www.malinashop.lt\\\/en\\\/#website\",\"url\":\"https:\\\/\\\/www.malinashop.lt\\\/en\\\/\",\"name\":\"COM Group Ecommerce\",\"description\":\"MalinaShop.lt - Gro\u017eio ir sveikatos produktai i\u0161 patikim\u0173 preki\u0173 \u017eenkl\u0173. Atraskite auk\u0161tos kokyb\u0117s kosmetik\u0105 u\u017e puiki\u0105 kain\u0105.\",\"publisher\":{\"@id\":\"https:\\\/\\\/www.malinashop.lt\\\/en\\\/#organization\"},\"potentialAction\":[{\"@type\":\"SearchAction\",\"target\":{\"@type\":\"EntryPoint\",\"urlTemplate\":\"https:\\\/\\\/www.malinashop.lt\\\/en\\\/?s={search_term_string}\"},\"query-input\":{\"@type\":\"PropertyValueSpecification\",\"valueRequired\":true,\"valueName\":\"search_term_string\"}}],\"inLanguage\":\"lt-LT\"},{\"@type\":\"Organization\",\"@id\":\"https:\\\/\\\/www.malinashop.lt\\\/en\\\/#organization\",\"name\":\"COM Group Ecommerce\",\"url\":\"https:\\\/\\\/www.malinashop.lt\\\/en\\\/\",\"logo\":{\"@type\":\"ImageObject\",\"inLanguage\":\"lt-LT\",\"@id\":\"https:\\\/\\\/www.malinashop.lt\\\/en\\\/#\\\/schema\\\/logo\\\/image\\\/\",\"url\":\"https:\\\/\\\/www.malinashop.lt\\\/wp-content\\\/uploads\\\/2024\\\/08\\\/462559670_3787732518133670_9795632669273463_n-e1731525914575.png\",\"contentUrl\":\"https:\\\/\\\/www.malinashop.lt\\\/wp-content\\\/uploads\\\/2024\\\/08\\\/462559670_3787732518133670_9795632669273463_n-e1731525914575.png\",\"width\":180,\"height\":60,\"caption\":\"COM Group Ecommerce\"},\"image\":{\"@id\":\"https:\\\/\\\/www.malinashop.lt\\\/en\\\/#\\\/schema\\\/logo\\\/image\\\/\"}}]}<\/script>\n<!-- \/ Yoast SEO plugin. -->","yoast_head_json":{"title":"WABI l\u016bp\u0173 balzamas GLOSSY TOUCH Cherry Dawn, 15 ml - MalinaShop.lt J\u016bs\u0173 sveikatai ir gro\u017eiui.","description":"MalinaShop.lt J\u016bs\u0173 sveikatai ir gro\u017eiui. WABI Cherry Dawn balzamas dr\u0117kina, putlina l\u016bpas ir suteikia sald\u0173 vy\u0161ni\u0173 aromat\u0105 bei \u0161veln\u0173 blizges\u012f.","robots":{"index":"index","follow":"follow","max-snippet":"max-snippet:-1","max-image-preview":"max-image-preview:large","max-video-preview":"max-video-preview:-1"},"canonical":"https:\/\/www.malinashop.lt\/lt_lt\/shop\/wabi-lupu-balzamas-glossy-touch-cherry-dawn-15-ml\/","og_locale":"lt_LT","og_type":"article","og_title":"WABI l\u016bp\u0173 balzamas GLOSSY TOUCH Cherry Dawn, 15 ml - MalinaShop.lt J\u016bs\u0173 sveikatai ir gro\u017eiui.","og_description":"MalinaShop.lt J\u016bs\u0173 sveikatai ir gro\u017eiui. WABI Cherry Dawn balzamas dr\u0117kina, putlina l\u016bpas ir suteikia sald\u0173 vy\u0161ni\u0173 aromat\u0105 bei \u0161veln\u0173 blizges\u012f.","og_url":"https:\/\/www.malinashop.lt\/lt_lt\/shop\/wabi-lupu-balzamas-glossy-touch-cherry-dawn-15-ml\/","og_site_name":"MalinaShop.lt J\u016bs\u0173 sveikatai ir gro\u017eiui.","article_modified_time":"2026-04-03T12:14:03+00:00","og_image":[{"width":768,"height":768,"url":"https:\/\/www.malinashop.lt\/wp-content\/uploads\/2025\/10\/WABI-lupu-balzamas-GLOSSY-TOUCH-Cherry-Dawn-15-ml.webp","type":"image\/webp"}],"twitter_card":"summary_large_image","schema":{"@context":"https:\/\/schema.org","@graph":[{"@type":"WebPage","@id":"https:\/\/www.malinashop.lt\/lt_lt\/shop\/wabi-lupu-balzamas-glossy-touch-cherry-dawn-15-ml\/","url":"https:\/\/www.malinashop.lt\/lt_lt\/shop\/wabi-lupu-balzamas-glossy-touch-cherry-dawn-15-ml\/","name":"WABI l\u016bp\u0173 balzamas GLOSSY TOUCH Cherry Dawn, 15 ml - MalinaShop.lt J\u016bs\u0173 sveikatai ir gro\u017eiui.","isPartOf":{"@id":"https:\/\/www.malinashop.lt\/en\/#website"},"primaryImageOfPage":{"@id":"https:\/\/www.malinashop.lt\/lt_lt\/shop\/wabi-lupu-balzamas-glossy-touch-cherry-dawn-15-ml\/#primaryimage"},"image":{"@id":"https:\/\/www.malinashop.lt\/lt_lt\/shop\/wabi-lupu-balzamas-glossy-touch-cherry-dawn-15-ml\/#primaryimage"},"thumbnailUrl":"https:\/\/www.malinashop.lt\/wp-content\/uploads\/2025\/10\/WABI-lupu-balzamas-GLOSSY-TOUCH-Cherry-Dawn-15-ml.webp","datePublished":"2025-10-20T17:37:19+00:00","dateModified":"2026-04-03T12:14:03+00:00","description":"MalinaShop.lt J\u016bs\u0173 sveikatai ir gro\u017eiui. WABI Cherry Dawn balzamas dr\u0117kina, putlina l\u016bpas ir suteikia sald\u0173 vy\u0161ni\u0173 aromat\u0105 bei \u0161veln\u0173 blizges\u012f.","breadcrumb":{"@id":"https:\/\/www.malinashop.lt\/lt_lt\/shop\/wabi-lupu-balzamas-glossy-touch-cherry-dawn-15-ml\/#breadcrumb"},"inLanguage":"lt-LT","potentialAction":[{"@type":"ReadAction","target":["https:\/\/www.malinashop.lt\/lt_lt\/shop\/wabi-lupu-balzamas-glossy-touch-cherry-dawn-15-ml\/"]}]},{"@type":"ImageObject","inLanguage":"lt-LT","@id":"https:\/\/www.malinashop.lt\/lt_lt\/shop\/wabi-lupu-balzamas-glossy-touch-cherry-dawn-15-ml\/#primaryimage","url":"https:\/\/www.malinashop.lt\/wp-content\/uploads\/2025\/10\/WABI-lupu-balzamas-GLOSSY-TOUCH-Cherry-Dawn-15-ml.webp","contentUrl":"https:\/\/www.malinashop.lt\/wp-content\/uploads\/2025\/10\/WABI-lupu-balzamas-GLOSSY-TOUCH-Cherry-Dawn-15-ml.webp","width":768,"height":768},{"@type":"BreadcrumbList","@id":"https:\/\/www.malinashop.lt\/lt_lt\/shop\/wabi-lupu-balzamas-glossy-touch-cherry-dawn-15-ml\/#breadcrumb","itemListElement":[{"@type":"ListItem","position":1,"name":"Home","item":"https:\/\/www.malinashop.lt\/en\/"},{"@type":"ListItem","position":2,"name":"Parduotuv\u0117","item":"https:\/\/www.malinashop.lt\/en\/parduotuve\/"},{"@type":"ListItem","position":3,"name":"WABI l\u016bp\u0173 balzamas GLOSSY TOUCH Cherry Dawn, 15 ml"}]},{"@type":"WebSite","@id":"https:\/\/www.malinashop.lt\/en\/#website","url":"https:\/\/www.malinashop.lt\/en\/","name":"COM Group Ecommerce","description":"MalinaShop.lt - Gro\u017eio ir sveikatos produktai i\u0161 patikim\u0173 preki\u0173 \u017eenkl\u0173. Atraskite auk\u0161tos kokyb\u0117s kosmetik\u0105 u\u017e puiki\u0105 kain\u0105.","publisher":{"@id":"https:\/\/www.malinashop.lt\/en\/#organization"},"potentialAction":[{"@type":"SearchAction","target":{"@type":"EntryPoint","urlTemplate":"https:\/\/www.malinashop.lt\/en\/?s={search_term_string}"},"query-input":{"@type":"PropertyValueSpecification","valueRequired":true,"valueName":"search_term_string"}}],"inLanguage":"lt-LT"},{"@type":"Organization","@id":"https:\/\/www.malinashop.lt\/en\/#organization","name":"COM Group Ecommerce","url":"https:\/\/www.malinashop.lt\/en\/","logo":{"@type":"ImageObject","inLanguage":"lt-LT","@id":"https:\/\/www.malinashop.lt\/en\/#\/schema\/logo\/image\/","url":"https:\/\/www.malinashop.lt\/wp-content\/uploads\/2024\/08\/462559670_3787732518133670_9795632669273463_n-e1731525914575.png","contentUrl":"https:\/\/www.malinashop.lt\/wp-content\/uploads\/2024\/08\/462559670_3787732518133670_9795632669273463_n-e1731525914575.png","width":180,"height":60,"caption":"COM Group Ecommerce"},"image":{"@id":"https:\/\/www.malinashop.lt\/en\/#\/schema\/logo\/image\/"}}]}},"jetpack_sharing_enabled":true,"_links":{"self":[{"href":"https:\/\/www.malinashop.lt\/lt_lt\/wp-json\/wp\/v2\/product\/59051","targetHints":{"allow":["GET"]}}],"collection":[{"href":"https:\/\/www.malinashop.lt\/lt_lt\/wp-json\/wp\/v2\/product"}],"about":[{"href":"https:\/\/www.malinashop.lt\/lt_lt\/wp-json\/wp\/v2\/types\/product"}],"version-history":[{"count":1,"href":"https:\/\/www.malinashop.lt\/lt_lt\/wp-json\/wp\/v2\/product\/59051\/revisions"}],"predecessor-version":[{"id":59056,"href":"https:\/\/www.malinashop.lt\/lt_lt\/wp-json\/wp\/v2\/product\/59051\/revisions\/59056"}],"wp:featuredmedia":[{"embeddable":true,"href":"https:\/\/www.malinashop.lt\/lt_lt\/wp-json\/wp\/v2\/media\/59055"}],"wp:attachment":[{"href":"https:\/\/www.malinashop.lt\/lt_lt\/wp-json\/wp\/v2\/media?parent=59051"}],"wp:term":[{"taxonomy":"product_brand","embeddable":true,"href":"https:\/\/www.malinashop.lt\/lt_lt\/wp-json\/wp\/v2\/product_brand?post=59051"},{"taxonomy":"product_cat","embeddable":true,"href":"https:\/\/www.malinashop.lt\/lt_lt\/wp-json\/wp\/v2\/product_cat?post=59051"},{"taxonomy":"product_tag","embeddable":true,"href":"https:\/\/www.malinashop.lt\/lt_lt\/wp-json\/wp\/v2\/product_tag?post=59051"}],"curies":[{"name":"wp","href":"https:\/\/api.w.org\/{rel}","templated":true}]}}