{"id":59041,"date":"2025-10-20T20:31:18","date_gmt":"2025-10-20T17:31:18","guid":{"rendered":"https:\/\/malinashop.lt\/?post_type=product&#038;p=59041"},"modified":"2026-04-03T15:14:04","modified_gmt":"2026-04-03T12:14:04","slug":"wabi-lupu-blizgesys-guilty-lips-pale-pink-6-5-ml","status":"publish","type":"product","link":"https:\/\/www.malinashop.lt\/lt_lt\/shop\/wabi-lupu-blizgesys-guilty-lips-pale-pink-6-5-ml\/","title":{"rendered":"WABI l\u016bp\u0173 blizgesys GUILTY LIPS Pale Pink, 6.5 ml"},"content":{"rendered":"<p data-start=\"349\" data-end=\"583\"><strong data-start=\"349\" data-end=\"394\">WABI l\u016bp\u0173 blizgesys GUILTY LIPS Pale Pink<\/strong> \u2013 tai subtilus spindesys ir intensyvus dr\u0117kinimas viename. \u0160is l\u016bp\u0173 blizgesys pavergia nuo pirmo pot\u0117pio, suteikdamas \u0161veln\u0173 rausv\u0105 atspalv\u012f ir \u201eglossy\u201c efekt\u0105, kuris i\u0161ry\u0161kina l\u016bp\u0173 gro\u017e\u012f.<\/p>\n<p data-start=\"585\" data-end=\"799\">Formul\u0117 praturtinta <strong data-start=\"605\" data-end=\"619\">vitaminu E<\/strong>, kuris <strong data-start=\"627\" data-end=\"664\">dr\u0117kina, maitina ir apsaugo l\u016bpas<\/strong>, suteikdamas komforto poj\u016bt\u012f vis\u0105 dien\u0105. <strong data-start=\"706\" data-end=\"736\">Lengvai slystanti tekst\u016bra<\/strong> padengia l\u016bpas tolygiai, nepalieka lipnumo ir nesulipina l\u016bp\u0173.<\/p>\n<p data-start=\"801\" data-end=\"1019\">Patogus aplikatorius leid\u017eia greitai ir tiksliai padengti blizges\u012f, o <strong data-start=\"871\" data-end=\"894\">kompakti\u0161ka pakuot\u0117<\/strong> puikiai tinka ne\u0161iotis rankin\u0117je. WABI GUILTY LIPS Pale Pink \u2013 idealus pasirinkimas tiek kasdienai, tiek ypatingoms progoms.<\/p>\n<p data-start=\"1021\" data-end=\"1049\"><strong data-start=\"1021\" data-end=\"1049\">Pagrindiniai privalumai:<\/strong><\/p>\n<ul data-start=\"1050\" data-end=\"1255\">\n<li data-start=\"1050\" data-end=\"1081\">\n<p data-start=\"1052\" data-end=\"1081\">\u0160velnus \u201ePale Pink\u201c atspalvis<\/p>\n<\/li>\n<li data-start=\"1082\" data-end=\"1111\">\n<p data-start=\"1084\" data-end=\"1111\">Intensyvus glossy spindesys<\/p>\n<\/li>\n<li data-start=\"1112\" data-end=\"1148\">\n<p data-start=\"1114\" data-end=\"1148\">Vitaminas E dr\u0117kinimui ir apsaugai<\/p>\n<\/li>\n<li data-start=\"1149\" data-end=\"1175\">\n<p data-start=\"1151\" data-end=\"1175\">Mink\u0161tos, glotnios l\u016bpos<\/p>\n<\/li>\n<li data-start=\"1176\" data-end=\"1209\">\n<p data-start=\"1178\" data-end=\"1209\">Nesulipina ir nepalieka lipnumo<\/p>\n<\/li>\n<li data-start=\"1210\" data-end=\"1255\">\n<p data-start=\"1212\" data-end=\"1255\">Patogus aplikatorius ir kompakti\u0161ka pakuot\u0117<\/p>\n<\/li>\n<\/ul>\n<p data-start=\"1257\" data-end=\"1411\"><strong data-start=\"1257\" data-end=\"1272\">Naudojimas:<\/strong><br data-start=\"1272\" data-end=\"1275\" \/>Aplikatoriumi tepkite <strong data-start=\"1297\" data-end=\"1327\">WABI GUILTY LIPS Pale Pink<\/strong> blizges\u012f nuo vir\u0161utin\u0117s l\u016bpos centro link kampu\u010di\u0173, tuomet padengkite apatin\u0119 l\u016bp\u0105.<\/p>\n","protected":false},"excerpt":{"rendered":"<p data-start=\"196\" data-end=\"286\">WABI GUILTY LIPS Pale Pink blizgesys suteikia \u0161veln\u0173 spindes\u012f, dr\u0117kina ir mink\u0161tina l\u016bpas.<\/p>\n","protected":false},"featured_media":59043,"template":"","meta":[],"product_brand":[1355],"product_cat":[102,708,523],"product_tag":[1628],"class_list":{"0":"post-59041","1":"product","2":"type-product","3":"status-publish","4":"has-post-thumbnail","6":"product_brand-wabi","7":"product_cat-dekoratyvine-kosmetika","8":"product_cat-lupoms","9":"product_cat-lupu-blizgiai","10":"product_tag-wabi","12":"first","13":"instock","14":"sale","15":"taxable","16":"shipping-taxable","17":"purchasable","18":"product-type-simple"},"yoast_head":"<!-- This site is optimized with the Yoast SEO plugin v27.4 - https:\/\/yoast.com\/product\/yoast-seo-wordpress\/ -->\n<title>WABI l\u016bp\u0173 blizgesys GUILTY LIPS Pale Pink, 6.5 ml - MalinaShop.lt J\u016bs\u0173 sveikatai ir gro\u017eiui.<\/title>\n<meta name=\"description\" content=\"MalinaShop.lt J\u016bs\u0173 sveikatai ir gro\u017eiui. WABI GUILTY LIPS Pale Pink blizgesys suteikia \u0161veln\u0173 spindes\u012f, dr\u0117kina l\u016bpas ir palieka glotn\u0173 efekt\u0105.\" \/>\n<meta name=\"robots\" content=\"index, follow, max-snippet:-1, max-image-preview:large, max-video-preview:-1\" \/>\n<link rel=\"canonical\" href=\"https:\/\/www.malinashop.lt\/lt_lt\/shop\/wabi-lupu-blizgesys-guilty-lips-pale-pink-6-5-ml\/\" \/>\n<meta property=\"og:locale\" content=\"lt_LT\" \/>\n<meta property=\"og:type\" content=\"article\" \/>\n<meta property=\"og:title\" content=\"WABI l\u016bp\u0173 blizgesys GUILTY LIPS Pale Pink, 6.5 ml - MalinaShop.lt J\u016bs\u0173 sveikatai ir gro\u017eiui.\" \/>\n<meta property=\"og:description\" content=\"MalinaShop.lt J\u016bs\u0173 sveikatai ir gro\u017eiui. WABI GUILTY LIPS Pale Pink blizgesys suteikia \u0161veln\u0173 spindes\u012f, dr\u0117kina l\u016bpas ir palieka glotn\u0173 efekt\u0105.\" \/>\n<meta property=\"og:url\" content=\"https:\/\/www.malinashop.lt\/lt_lt\/shop\/wabi-lupu-blizgesys-guilty-lips-pale-pink-6-5-ml\/\" \/>\n<meta property=\"og:site_name\" content=\"MalinaShop.lt J\u016bs\u0173 sveikatai ir gro\u017eiui.\" \/>\n<meta property=\"article:modified_time\" content=\"2026-04-03T12:14:04+00:00\" \/>\n<meta property=\"og:image\" content=\"https:\/\/www.malinashop.lt\/wp-content\/uploads\/2025\/10\/WABI-lupu-blizgesys-GUILTY-LIPS-Pale-Pink-6.5-ml.webp\" \/>\n\t<meta property=\"og:image:width\" content=\"768\" \/>\n\t<meta property=\"og:image:height\" content=\"768\" \/>\n\t<meta property=\"og:image:type\" content=\"image\/webp\" \/>\n<meta name=\"twitter:card\" content=\"summary_large_image\" \/>\n<script type=\"application\/ld+json\" class=\"yoast-schema-graph\">{\"@context\":\"https:\\\/\\\/schema.org\",\"@graph\":[{\"@type\":\"WebPage\",\"@id\":\"https:\\\/\\\/www.malinashop.lt\\\/lt_lt\\\/shop\\\/wabi-lupu-blizgesys-guilty-lips-pale-pink-6-5-ml\\\/\",\"url\":\"https:\\\/\\\/www.malinashop.lt\\\/lt_lt\\\/shop\\\/wabi-lupu-blizgesys-guilty-lips-pale-pink-6-5-ml\\\/\",\"name\":\"WABI l\u016bp\u0173 blizgesys GUILTY LIPS Pale Pink, 6.5 ml - MalinaShop.lt J\u016bs\u0173 sveikatai ir gro\u017eiui.\",\"isPartOf\":{\"@id\":\"https:\\\/\\\/www.malinashop.lt\\\/en\\\/#website\"},\"primaryImageOfPage\":{\"@id\":\"https:\\\/\\\/www.malinashop.lt\\\/lt_lt\\\/shop\\\/wabi-lupu-blizgesys-guilty-lips-pale-pink-6-5-ml\\\/#primaryimage\"},\"image\":{\"@id\":\"https:\\\/\\\/www.malinashop.lt\\\/lt_lt\\\/shop\\\/wabi-lupu-blizgesys-guilty-lips-pale-pink-6-5-ml\\\/#primaryimage\"},\"thumbnailUrl\":\"https:\\\/\\\/www.malinashop.lt\\\/wp-content\\\/uploads\\\/2025\\\/10\\\/WABI-lupu-blizgesys-GUILTY-LIPS-Pale-Pink-6.5-ml.webp\",\"datePublished\":\"2025-10-20T17:31:18+00:00\",\"dateModified\":\"2026-04-03T12:14:04+00:00\",\"description\":\"MalinaShop.lt J\u016bs\u0173 sveikatai ir gro\u017eiui. WABI GUILTY LIPS Pale Pink blizgesys suteikia \u0161veln\u0173 spindes\u012f, dr\u0117kina l\u016bpas ir palieka glotn\u0173 efekt\u0105.\",\"breadcrumb\":{\"@id\":\"https:\\\/\\\/www.malinashop.lt\\\/lt_lt\\\/shop\\\/wabi-lupu-blizgesys-guilty-lips-pale-pink-6-5-ml\\\/#breadcrumb\"},\"inLanguage\":\"lt-LT\",\"potentialAction\":[{\"@type\":\"ReadAction\",\"target\":[\"https:\\\/\\\/www.malinashop.lt\\\/lt_lt\\\/shop\\\/wabi-lupu-blizgesys-guilty-lips-pale-pink-6-5-ml\\\/\"]}]},{\"@type\":\"ImageObject\",\"inLanguage\":\"lt-LT\",\"@id\":\"https:\\\/\\\/www.malinashop.lt\\\/lt_lt\\\/shop\\\/wabi-lupu-blizgesys-guilty-lips-pale-pink-6-5-ml\\\/#primaryimage\",\"url\":\"https:\\\/\\\/www.malinashop.lt\\\/wp-content\\\/uploads\\\/2025\\\/10\\\/WABI-lupu-blizgesys-GUILTY-LIPS-Pale-Pink-6.5-ml.webp\",\"contentUrl\":\"https:\\\/\\\/www.malinashop.lt\\\/wp-content\\\/uploads\\\/2025\\\/10\\\/WABI-lupu-blizgesys-GUILTY-LIPS-Pale-Pink-6.5-ml.webp\",\"width\":768,\"height\":768},{\"@type\":\"BreadcrumbList\",\"@id\":\"https:\\\/\\\/www.malinashop.lt\\\/lt_lt\\\/shop\\\/wabi-lupu-blizgesys-guilty-lips-pale-pink-6-5-ml\\\/#breadcrumb\",\"itemListElement\":[{\"@type\":\"ListItem\",\"position\":1,\"name\":\"Home\",\"item\":\"https:\\\/\\\/www.malinashop.lt\\\/en\\\/\"},{\"@type\":\"ListItem\",\"position\":2,\"name\":\"Parduotuv\u0117\",\"item\":\"https:\\\/\\\/www.malinashop.lt\\\/en\\\/parduotuve\\\/\"},{\"@type\":\"ListItem\",\"position\":3,\"name\":\"WABI l\u016bp\u0173 blizgesys GUILTY LIPS Pale Pink, 6.5 ml\"}]},{\"@type\":\"WebSite\",\"@id\":\"https:\\\/\\\/www.malinashop.lt\\\/en\\\/#website\",\"url\":\"https:\\\/\\\/www.malinashop.lt\\\/en\\\/\",\"name\":\"COM Group Ecommerce\",\"description\":\"MalinaShop.lt - Gro\u017eio ir sveikatos produktai i\u0161 patikim\u0173 preki\u0173 \u017eenkl\u0173. Atraskite auk\u0161tos kokyb\u0117s kosmetik\u0105 u\u017e puiki\u0105 kain\u0105.\",\"publisher\":{\"@id\":\"https:\\\/\\\/www.malinashop.lt\\\/en\\\/#organization\"},\"potentialAction\":[{\"@type\":\"SearchAction\",\"target\":{\"@type\":\"EntryPoint\",\"urlTemplate\":\"https:\\\/\\\/www.malinashop.lt\\\/en\\\/?s={search_term_string}\"},\"query-input\":{\"@type\":\"PropertyValueSpecification\",\"valueRequired\":true,\"valueName\":\"search_term_string\"}}],\"inLanguage\":\"lt-LT\"},{\"@type\":\"Organization\",\"@id\":\"https:\\\/\\\/www.malinashop.lt\\\/en\\\/#organization\",\"name\":\"COM Group Ecommerce\",\"url\":\"https:\\\/\\\/www.malinashop.lt\\\/en\\\/\",\"logo\":{\"@type\":\"ImageObject\",\"inLanguage\":\"lt-LT\",\"@id\":\"https:\\\/\\\/www.malinashop.lt\\\/en\\\/#\\\/schema\\\/logo\\\/image\\\/\",\"url\":\"https:\\\/\\\/www.malinashop.lt\\\/wp-content\\\/uploads\\\/2024\\\/08\\\/462559670_3787732518133670_9795632669273463_n-e1731525914575.png\",\"contentUrl\":\"https:\\\/\\\/www.malinashop.lt\\\/wp-content\\\/uploads\\\/2024\\\/08\\\/462559670_3787732518133670_9795632669273463_n-e1731525914575.png\",\"width\":180,\"height\":60,\"caption\":\"COM Group Ecommerce\"},\"image\":{\"@id\":\"https:\\\/\\\/www.malinashop.lt\\\/en\\\/#\\\/schema\\\/logo\\\/image\\\/\"}}]}<\/script>\n<!-- \/ Yoast SEO plugin. -->","yoast_head_json":{"title":"WABI l\u016bp\u0173 blizgesys GUILTY LIPS Pale Pink, 6.5 ml - MalinaShop.lt J\u016bs\u0173 sveikatai ir gro\u017eiui.","description":"MalinaShop.lt J\u016bs\u0173 sveikatai ir gro\u017eiui. WABI GUILTY LIPS Pale Pink blizgesys suteikia \u0161veln\u0173 spindes\u012f, dr\u0117kina l\u016bpas ir palieka glotn\u0173 efekt\u0105.","robots":{"index":"index","follow":"follow","max-snippet":"max-snippet:-1","max-image-preview":"max-image-preview:large","max-video-preview":"max-video-preview:-1"},"canonical":"https:\/\/www.malinashop.lt\/lt_lt\/shop\/wabi-lupu-blizgesys-guilty-lips-pale-pink-6-5-ml\/","og_locale":"lt_LT","og_type":"article","og_title":"WABI l\u016bp\u0173 blizgesys GUILTY LIPS Pale Pink, 6.5 ml - MalinaShop.lt J\u016bs\u0173 sveikatai ir gro\u017eiui.","og_description":"MalinaShop.lt J\u016bs\u0173 sveikatai ir gro\u017eiui. WABI GUILTY LIPS Pale Pink blizgesys suteikia \u0161veln\u0173 spindes\u012f, dr\u0117kina l\u016bpas ir palieka glotn\u0173 efekt\u0105.","og_url":"https:\/\/www.malinashop.lt\/lt_lt\/shop\/wabi-lupu-blizgesys-guilty-lips-pale-pink-6-5-ml\/","og_site_name":"MalinaShop.lt J\u016bs\u0173 sveikatai ir gro\u017eiui.","article_modified_time":"2026-04-03T12:14:04+00:00","og_image":[{"width":768,"height":768,"url":"https:\/\/www.malinashop.lt\/wp-content\/uploads\/2025\/10\/WABI-lupu-blizgesys-GUILTY-LIPS-Pale-Pink-6.5-ml.webp","type":"image\/webp"}],"twitter_card":"summary_large_image","schema":{"@context":"https:\/\/schema.org","@graph":[{"@type":"WebPage","@id":"https:\/\/www.malinashop.lt\/lt_lt\/shop\/wabi-lupu-blizgesys-guilty-lips-pale-pink-6-5-ml\/","url":"https:\/\/www.malinashop.lt\/lt_lt\/shop\/wabi-lupu-blizgesys-guilty-lips-pale-pink-6-5-ml\/","name":"WABI l\u016bp\u0173 blizgesys GUILTY LIPS Pale Pink, 6.5 ml - MalinaShop.lt J\u016bs\u0173 sveikatai ir gro\u017eiui.","isPartOf":{"@id":"https:\/\/www.malinashop.lt\/en\/#website"},"primaryImageOfPage":{"@id":"https:\/\/www.malinashop.lt\/lt_lt\/shop\/wabi-lupu-blizgesys-guilty-lips-pale-pink-6-5-ml\/#primaryimage"},"image":{"@id":"https:\/\/www.malinashop.lt\/lt_lt\/shop\/wabi-lupu-blizgesys-guilty-lips-pale-pink-6-5-ml\/#primaryimage"},"thumbnailUrl":"https:\/\/www.malinashop.lt\/wp-content\/uploads\/2025\/10\/WABI-lupu-blizgesys-GUILTY-LIPS-Pale-Pink-6.5-ml.webp","datePublished":"2025-10-20T17:31:18+00:00","dateModified":"2026-04-03T12:14:04+00:00","description":"MalinaShop.lt J\u016bs\u0173 sveikatai ir gro\u017eiui. WABI GUILTY LIPS Pale Pink blizgesys suteikia \u0161veln\u0173 spindes\u012f, dr\u0117kina l\u016bpas ir palieka glotn\u0173 efekt\u0105.","breadcrumb":{"@id":"https:\/\/www.malinashop.lt\/lt_lt\/shop\/wabi-lupu-blizgesys-guilty-lips-pale-pink-6-5-ml\/#breadcrumb"},"inLanguage":"lt-LT","potentialAction":[{"@type":"ReadAction","target":["https:\/\/www.malinashop.lt\/lt_lt\/shop\/wabi-lupu-blizgesys-guilty-lips-pale-pink-6-5-ml\/"]}]},{"@type":"ImageObject","inLanguage":"lt-LT","@id":"https:\/\/www.malinashop.lt\/lt_lt\/shop\/wabi-lupu-blizgesys-guilty-lips-pale-pink-6-5-ml\/#primaryimage","url":"https:\/\/www.malinashop.lt\/wp-content\/uploads\/2025\/10\/WABI-lupu-blizgesys-GUILTY-LIPS-Pale-Pink-6.5-ml.webp","contentUrl":"https:\/\/www.malinashop.lt\/wp-content\/uploads\/2025\/10\/WABI-lupu-blizgesys-GUILTY-LIPS-Pale-Pink-6.5-ml.webp","width":768,"height":768},{"@type":"BreadcrumbList","@id":"https:\/\/www.malinashop.lt\/lt_lt\/shop\/wabi-lupu-blizgesys-guilty-lips-pale-pink-6-5-ml\/#breadcrumb","itemListElement":[{"@type":"ListItem","position":1,"name":"Home","item":"https:\/\/www.malinashop.lt\/en\/"},{"@type":"ListItem","position":2,"name":"Parduotuv\u0117","item":"https:\/\/www.malinashop.lt\/en\/parduotuve\/"},{"@type":"ListItem","position":3,"name":"WABI l\u016bp\u0173 blizgesys GUILTY LIPS Pale Pink, 6.5 ml"}]},{"@type":"WebSite","@id":"https:\/\/www.malinashop.lt\/en\/#website","url":"https:\/\/www.malinashop.lt\/en\/","name":"COM Group Ecommerce","description":"MalinaShop.lt - Gro\u017eio ir sveikatos produktai i\u0161 patikim\u0173 preki\u0173 \u017eenkl\u0173. Atraskite auk\u0161tos kokyb\u0117s kosmetik\u0105 u\u017e puiki\u0105 kain\u0105.","publisher":{"@id":"https:\/\/www.malinashop.lt\/en\/#organization"},"potentialAction":[{"@type":"SearchAction","target":{"@type":"EntryPoint","urlTemplate":"https:\/\/www.malinashop.lt\/en\/?s={search_term_string}"},"query-input":{"@type":"PropertyValueSpecification","valueRequired":true,"valueName":"search_term_string"}}],"inLanguage":"lt-LT"},{"@type":"Organization","@id":"https:\/\/www.malinashop.lt\/en\/#organization","name":"COM Group Ecommerce","url":"https:\/\/www.malinashop.lt\/en\/","logo":{"@type":"ImageObject","inLanguage":"lt-LT","@id":"https:\/\/www.malinashop.lt\/en\/#\/schema\/logo\/image\/","url":"https:\/\/www.malinashop.lt\/wp-content\/uploads\/2024\/08\/462559670_3787732518133670_9795632669273463_n-e1731525914575.png","contentUrl":"https:\/\/www.malinashop.lt\/wp-content\/uploads\/2024\/08\/462559670_3787732518133670_9795632669273463_n-e1731525914575.png","width":180,"height":60,"caption":"COM Group Ecommerce"},"image":{"@id":"https:\/\/www.malinashop.lt\/en\/#\/schema\/logo\/image\/"}}]}},"jetpack_sharing_enabled":true,"_links":{"self":[{"href":"https:\/\/www.malinashop.lt\/lt_lt\/wp-json\/wp\/v2\/product\/59041","targetHints":{"allow":["GET"]}}],"collection":[{"href":"https:\/\/www.malinashop.lt\/lt_lt\/wp-json\/wp\/v2\/product"}],"about":[{"href":"https:\/\/www.malinashop.lt\/lt_lt\/wp-json\/wp\/v2\/types\/product"}],"version-history":[{"count":1,"href":"https:\/\/www.malinashop.lt\/lt_lt\/wp-json\/wp\/v2\/product\/59041\/revisions"}],"predecessor-version":[{"id":59044,"href":"https:\/\/www.malinashop.lt\/lt_lt\/wp-json\/wp\/v2\/product\/59041\/revisions\/59044"}],"wp:featuredmedia":[{"embeddable":true,"href":"https:\/\/www.malinashop.lt\/lt_lt\/wp-json\/wp\/v2\/media\/59043"}],"wp:attachment":[{"href":"https:\/\/www.malinashop.lt\/lt_lt\/wp-json\/wp\/v2\/media?parent=59041"}],"wp:term":[{"taxonomy":"product_brand","embeddable":true,"href":"https:\/\/www.malinashop.lt\/lt_lt\/wp-json\/wp\/v2\/product_brand?post=59041"},{"taxonomy":"product_cat","embeddable":true,"href":"https:\/\/www.malinashop.lt\/lt_lt\/wp-json\/wp\/v2\/product_cat?post=59041"},{"taxonomy":"product_tag","embeddable":true,"href":"https:\/\/www.malinashop.lt\/lt_lt\/wp-json\/wp\/v2\/product_tag?post=59041"}],"curies":[{"name":"wp","href":"https:\/\/api.w.org\/{rel}","templated":true}]}}