{"id":59037,"date":"2025-10-20T20:29:46","date_gmt":"2025-10-20T17:29:46","guid":{"rendered":"https:\/\/malinashop.lt\/?post_type=product&#038;p=59037"},"modified":"2026-04-03T15:14:04","modified_gmt":"2026-04-03T12:14:04","slug":"wabi-lupu-blizgesys-guilty-lips-pure-love-6-5-ml","status":"publish","type":"product","link":"https:\/\/www.malinashop.lt\/lt_lt\/shop\/wabi-lupu-blizgesys-guilty-lips-pure-love-6-5-ml\/","title":{"rendered":"WABI l\u016bp\u0173 blizgesys GUILTY LIPS Pure Love, 6.5 ml"},"content":{"rendered":"<p data-start=\"341\" data-end=\"576\"><strong data-start=\"341\" data-end=\"386\">WABI l\u016bp\u0173 blizgesys GUILTY LIPS Pure Love<\/strong> \u2013 tai nepriekai\u0161tingo spindesio ir komforto derinys, sukurtas l\u016bpoms, kurios nori blizg\u0117ti. \u0160is l\u016bp\u0173 blizgesys akimirksniu suteikia \u201eglossy\u201c efekt\u0105 ir kerint\u012f spindes\u012f vos po vieno pot\u0117pio.<\/p>\n<p data-start=\"578\" data-end=\"804\">Formul\u0117je esantis <strong data-start=\"596\" data-end=\"657\">vitaminas E intensyviai dr\u0117kina, maitina ir apsaugo l\u016bpas<\/strong>, suteikdamas \u0161velnumo ir komforto poj\u016bt\u012f visai dienai. <strong data-start=\"713\" data-end=\"743\">Lengvai slystanti tekst\u016bra<\/strong> padengia l\u016bpas tolygiai, nesulipina j\u0173 ir nepalieka lipnumo.<\/p>\n<p data-start=\"806\" data-end=\"970\"><strong data-start=\"806\" data-end=\"830\">Patogus aplikatorius<\/strong> leid\u017eia greitai ir tiksliai u\u017etepti blizges\u012f, o <strong data-start=\"879\" data-end=\"902\">kompakti\u0161ka pakuot\u0117<\/strong> puikiai tinka tur\u0117ti rankin\u0117je \u2013 \u017evilges\u012f gali atnaujinti bet kada.<\/p>\n<p data-start=\"972\" data-end=\"1072\"><strong data-start=\"972\" data-end=\"987\">Rezultatas?<\/strong> Tobulai dr\u0117gnos, glotnios ir kerin\u010diai blizgan\u010dios l\u016bpos, kurios traukia \u017evilgsnius.<\/p>\n<p data-start=\"1074\" data-end=\"1102\"><strong data-start=\"1074\" data-end=\"1102\">Pagrindiniai privalumai:<\/strong><\/p>\n<ul data-start=\"1103\" data-end=\"1279\">\n<li data-start=\"1103\" data-end=\"1134\">\n<p data-start=\"1105\" data-end=\"1134\">Intensyvus \u201eglossy\u201c spindesys<\/p>\n<\/li>\n<li data-start=\"1135\" data-end=\"1163\">\n<p data-start=\"1137\" data-end=\"1163\">Dr\u0117kina ir mink\u0161tina l\u016bpas<\/p>\n<\/li>\n<li data-start=\"1164\" data-end=\"1186\">\n<p data-start=\"1166\" data-end=\"1186\">Vitaminas E sud\u0117tyje<\/p>\n<\/li>\n<li data-start=\"1187\" data-end=\"1218\">\n<p data-start=\"1189\" data-end=\"1218\">Nesulipina, nepalieka lipnumo<\/p>\n<\/li>\n<li data-start=\"1219\" data-end=\"1241\">\n<p data-start=\"1221\" data-end=\"1241\">Patogus aplikatorius<\/p>\n<\/li>\n<li data-start=\"1242\" data-end=\"1279\">\n<p data-start=\"1244\" data-end=\"1279\">Puikiai tinka kasdieniam naudojimui<\/p>\n<\/li>\n<\/ul>\n<p data-start=\"1281\" data-end=\"1440\"><strong data-start=\"1281\" data-end=\"1296\">Naudojimas:<\/strong><br data-start=\"1296\" data-end=\"1299\" \/>Aplikatoriumi tepkite <strong data-start=\"1321\" data-end=\"1351\">WABI GUILTY LIPS Pure Love<\/strong> l\u016bp\u0173 blizges\u012f nuo vir\u0161utin\u0117s l\u016bpos centro link kampu\u010di\u0173, tuomet padengkite apatin\u0119 l\u016bp\u0105.<\/p>\n","protected":false},"excerpt":{"rendered":"<p data-start=\"185\" data-end=\"278\">WABI GUILTY LIPS Pure Love blizgesys suteikia intensyv\u0173 spindes\u012f, dr\u0117kina ir mink\u0161tina l\u016bpas.<\/p>\n","protected":false},"featured_media":59039,"template":"","meta":[],"product_brand":[1355],"product_cat":[102,708,523],"product_tag":[1628],"class_list":{"0":"post-59037","1":"product","2":"type-product","3":"status-publish","4":"has-post-thumbnail","6":"product_brand-wabi","7":"product_cat-dekoratyvine-kosmetika","8":"product_cat-lupoms","9":"product_cat-lupu-blizgiai","10":"product_tag-wabi","12":"first","13":"instock","14":"sale","15":"taxable","16":"shipping-taxable","17":"purchasable","18":"product-type-simple"},"yoast_head":"<!-- This site is optimized with the Yoast SEO plugin v27.4 - https:\/\/yoast.com\/product\/yoast-seo-wordpress\/ -->\n<title>WABI l\u016bp\u0173 blizgesys GUILTY LIPS Pure Love, 6.5 ml - MalinaShop.lt J\u016bs\u0173 sveikatai ir gro\u017eiui.<\/title>\n<meta name=\"description\" content=\"MalinaShop.lt J\u016bs\u0173 sveikatai ir gro\u017eiui. WABI GUILTY LIPS Pure Love blizgesys suteikia intensyv\u0173 spindes\u012f, dr\u0117kina l\u016bpas ir palieka glotn\u0173 efekt\u0105.\" \/>\n<meta name=\"robots\" content=\"index, follow, max-snippet:-1, max-image-preview:large, max-video-preview:-1\" \/>\n<link rel=\"canonical\" href=\"https:\/\/www.malinashop.lt\/lt_lt\/shop\/wabi-lupu-blizgesys-guilty-lips-pure-love-6-5-ml\/\" \/>\n<meta property=\"og:locale\" content=\"lt_LT\" \/>\n<meta property=\"og:type\" content=\"article\" \/>\n<meta property=\"og:title\" content=\"WABI l\u016bp\u0173 blizgesys GUILTY LIPS Pure Love, 6.5 ml - MalinaShop.lt J\u016bs\u0173 sveikatai ir gro\u017eiui.\" \/>\n<meta property=\"og:description\" content=\"MalinaShop.lt J\u016bs\u0173 sveikatai ir gro\u017eiui. WABI GUILTY LIPS Pure Love blizgesys suteikia intensyv\u0173 spindes\u012f, dr\u0117kina l\u016bpas ir palieka glotn\u0173 efekt\u0105.\" \/>\n<meta property=\"og:url\" content=\"https:\/\/www.malinashop.lt\/lt_lt\/shop\/wabi-lupu-blizgesys-guilty-lips-pure-love-6-5-ml\/\" \/>\n<meta property=\"og:site_name\" content=\"MalinaShop.lt J\u016bs\u0173 sveikatai ir gro\u017eiui.\" \/>\n<meta property=\"article:modified_time\" content=\"2026-04-03T12:14:04+00:00\" \/>\n<meta property=\"og:image\" content=\"https:\/\/www.malinashop.lt\/wp-content\/uploads\/2025\/10\/WABI-lupu-blizgesys-GUILTY-LIPS-Pure-Love-6.5-ml.webp\" \/>\n\t<meta property=\"og:image:width\" content=\"768\" \/>\n\t<meta property=\"og:image:height\" content=\"768\" \/>\n\t<meta property=\"og:image:type\" content=\"image\/webp\" \/>\n<meta name=\"twitter:card\" content=\"summary_large_image\" \/>\n<script type=\"application\/ld+json\" class=\"yoast-schema-graph\">{\"@context\":\"https:\\\/\\\/schema.org\",\"@graph\":[{\"@type\":\"WebPage\",\"@id\":\"https:\\\/\\\/www.malinashop.lt\\\/en\\\/shop\\\/wabi-lupu-blizgesys-guilty-lips-pure-love-6-5-ml\\\/\",\"url\":\"https:\\\/\\\/www.malinashop.lt\\\/en\\\/shop\\\/wabi-lupu-blizgesys-guilty-lips-pure-love-6-5-ml\\\/\",\"name\":\"WABI l\u016bp\u0173 blizgesys GUILTY LIPS Pure Love, 6.5 ml - MalinaShop.lt J\u016bs\u0173 sveikatai ir gro\u017eiui.\",\"isPartOf\":{\"@id\":\"https:\\\/\\\/www.malinashop.lt\\\/en\\\/#website\"},\"primaryImageOfPage\":{\"@id\":\"https:\\\/\\\/www.malinashop.lt\\\/en\\\/shop\\\/wabi-lupu-blizgesys-guilty-lips-pure-love-6-5-ml\\\/#primaryimage\"},\"image\":{\"@id\":\"https:\\\/\\\/www.malinashop.lt\\\/en\\\/shop\\\/wabi-lupu-blizgesys-guilty-lips-pure-love-6-5-ml\\\/#primaryimage\"},\"thumbnailUrl\":\"https:\\\/\\\/www.malinashop.lt\\\/wp-content\\\/uploads\\\/2025\\\/10\\\/WABI-lupu-blizgesys-GUILTY-LIPS-Pure-Love-6.5-ml.webp\",\"datePublished\":\"2025-10-20T17:29:46+00:00\",\"dateModified\":\"2026-04-03T12:14:04+00:00\",\"description\":\"MalinaShop.lt J\u016bs\u0173 sveikatai ir gro\u017eiui. WABI GUILTY LIPS Pure Love blizgesys suteikia intensyv\u0173 spindes\u012f, dr\u0117kina l\u016bpas ir palieka glotn\u0173 efekt\u0105.\",\"breadcrumb\":{\"@id\":\"https:\\\/\\\/www.malinashop.lt\\\/en\\\/shop\\\/wabi-lupu-blizgesys-guilty-lips-pure-love-6-5-ml\\\/#breadcrumb\"},\"inLanguage\":\"lt-LT\",\"potentialAction\":[{\"@type\":\"ReadAction\",\"target\":[\"https:\\\/\\\/www.malinashop.lt\\\/en\\\/shop\\\/wabi-lupu-blizgesys-guilty-lips-pure-love-6-5-ml\\\/\"]}]},{\"@type\":\"ImageObject\",\"inLanguage\":\"lt-LT\",\"@id\":\"https:\\\/\\\/www.malinashop.lt\\\/en\\\/shop\\\/wabi-lupu-blizgesys-guilty-lips-pure-love-6-5-ml\\\/#primaryimage\",\"url\":\"https:\\\/\\\/www.malinashop.lt\\\/wp-content\\\/uploads\\\/2025\\\/10\\\/WABI-lupu-blizgesys-GUILTY-LIPS-Pure-Love-6.5-ml.webp\",\"contentUrl\":\"https:\\\/\\\/www.malinashop.lt\\\/wp-content\\\/uploads\\\/2025\\\/10\\\/WABI-lupu-blizgesys-GUILTY-LIPS-Pure-Love-6.5-ml.webp\",\"width\":768,\"height\":768},{\"@type\":\"BreadcrumbList\",\"@id\":\"https:\\\/\\\/www.malinashop.lt\\\/en\\\/shop\\\/wabi-lupu-blizgesys-guilty-lips-pure-love-6-5-ml\\\/#breadcrumb\",\"itemListElement\":[{\"@type\":\"ListItem\",\"position\":1,\"name\":\"Home\",\"item\":\"https:\\\/\\\/www.malinashop.lt\\\/en\\\/\"},{\"@type\":\"ListItem\",\"position\":2,\"name\":\"Parduotuv\u0117\",\"item\":\"https:\\\/\\\/www.malinashop.lt\\\/en\\\/parduotuve\\\/\"},{\"@type\":\"ListItem\",\"position\":3,\"name\":\"WABI l\u016bp\u0173 blizgesys GUILTY LIPS Pure Love, 6.5 ml\"}]},{\"@type\":\"WebSite\",\"@id\":\"https:\\\/\\\/www.malinashop.lt\\\/en\\\/#website\",\"url\":\"https:\\\/\\\/www.malinashop.lt\\\/en\\\/\",\"name\":\"COM Group Ecommerce\",\"description\":\"MalinaShop.lt - Gro\u017eio ir sveikatos produktai i\u0161 patikim\u0173 preki\u0173 \u017eenkl\u0173. Atraskite auk\u0161tos kokyb\u0117s kosmetik\u0105 u\u017e puiki\u0105 kain\u0105.\",\"publisher\":{\"@id\":\"https:\\\/\\\/www.malinashop.lt\\\/en\\\/#organization\"},\"potentialAction\":[{\"@type\":\"SearchAction\",\"target\":{\"@type\":\"EntryPoint\",\"urlTemplate\":\"https:\\\/\\\/www.malinashop.lt\\\/en\\\/?s={search_term_string}\"},\"query-input\":{\"@type\":\"PropertyValueSpecification\",\"valueRequired\":true,\"valueName\":\"search_term_string\"}}],\"inLanguage\":\"lt-LT\"},{\"@type\":\"Organization\",\"@id\":\"https:\\\/\\\/www.malinashop.lt\\\/en\\\/#organization\",\"name\":\"COM Group Ecommerce\",\"url\":\"https:\\\/\\\/www.malinashop.lt\\\/en\\\/\",\"logo\":{\"@type\":\"ImageObject\",\"inLanguage\":\"lt-LT\",\"@id\":\"https:\\\/\\\/www.malinashop.lt\\\/en\\\/#\\\/schema\\\/logo\\\/image\\\/\",\"url\":\"https:\\\/\\\/www.malinashop.lt\\\/wp-content\\\/uploads\\\/2024\\\/08\\\/462559670_3787732518133670_9795632669273463_n-e1731525914575.png\",\"contentUrl\":\"https:\\\/\\\/www.malinashop.lt\\\/wp-content\\\/uploads\\\/2024\\\/08\\\/462559670_3787732518133670_9795632669273463_n-e1731525914575.png\",\"width\":180,\"height\":60,\"caption\":\"COM Group Ecommerce\"},\"image\":{\"@id\":\"https:\\\/\\\/www.malinashop.lt\\\/en\\\/#\\\/schema\\\/logo\\\/image\\\/\"}}]}<\/script>\n<!-- \/ Yoast SEO plugin. -->","yoast_head_json":{"title":"WABI l\u016bp\u0173 blizgesys GUILTY LIPS Pure Love, 6.5 ml - MalinaShop.lt J\u016bs\u0173 sveikatai ir gro\u017eiui.","description":"MalinaShop.lt J\u016bs\u0173 sveikatai ir gro\u017eiui. WABI GUILTY LIPS Pure Love blizgesys suteikia intensyv\u0173 spindes\u012f, dr\u0117kina l\u016bpas ir palieka glotn\u0173 efekt\u0105.","robots":{"index":"index","follow":"follow","max-snippet":"max-snippet:-1","max-image-preview":"max-image-preview:large","max-video-preview":"max-video-preview:-1"},"canonical":"https:\/\/www.malinashop.lt\/lt_lt\/shop\/wabi-lupu-blizgesys-guilty-lips-pure-love-6-5-ml\/","og_locale":"lt_LT","og_type":"article","og_title":"WABI l\u016bp\u0173 blizgesys GUILTY LIPS Pure Love, 6.5 ml - MalinaShop.lt J\u016bs\u0173 sveikatai ir gro\u017eiui.","og_description":"MalinaShop.lt J\u016bs\u0173 sveikatai ir gro\u017eiui. WABI GUILTY LIPS Pure Love blizgesys suteikia intensyv\u0173 spindes\u012f, dr\u0117kina l\u016bpas ir palieka glotn\u0173 efekt\u0105.","og_url":"https:\/\/www.malinashop.lt\/lt_lt\/shop\/wabi-lupu-blizgesys-guilty-lips-pure-love-6-5-ml\/","og_site_name":"MalinaShop.lt J\u016bs\u0173 sveikatai ir gro\u017eiui.","article_modified_time":"2026-04-03T12:14:04+00:00","og_image":[{"width":768,"height":768,"url":"https:\/\/www.malinashop.lt\/wp-content\/uploads\/2025\/10\/WABI-lupu-blizgesys-GUILTY-LIPS-Pure-Love-6.5-ml.webp","type":"image\/webp"}],"twitter_card":"summary_large_image","schema":{"@context":"https:\/\/schema.org","@graph":[{"@type":"WebPage","@id":"https:\/\/www.malinashop.lt\/en\/shop\/wabi-lupu-blizgesys-guilty-lips-pure-love-6-5-ml\/","url":"https:\/\/www.malinashop.lt\/en\/shop\/wabi-lupu-blizgesys-guilty-lips-pure-love-6-5-ml\/","name":"WABI l\u016bp\u0173 blizgesys GUILTY LIPS Pure Love, 6.5 ml - MalinaShop.lt J\u016bs\u0173 sveikatai ir gro\u017eiui.","isPartOf":{"@id":"https:\/\/www.malinashop.lt\/en\/#website"},"primaryImageOfPage":{"@id":"https:\/\/www.malinashop.lt\/en\/shop\/wabi-lupu-blizgesys-guilty-lips-pure-love-6-5-ml\/#primaryimage"},"image":{"@id":"https:\/\/www.malinashop.lt\/en\/shop\/wabi-lupu-blizgesys-guilty-lips-pure-love-6-5-ml\/#primaryimage"},"thumbnailUrl":"https:\/\/www.malinashop.lt\/wp-content\/uploads\/2025\/10\/WABI-lupu-blizgesys-GUILTY-LIPS-Pure-Love-6.5-ml.webp","datePublished":"2025-10-20T17:29:46+00:00","dateModified":"2026-04-03T12:14:04+00:00","description":"MalinaShop.lt J\u016bs\u0173 sveikatai ir gro\u017eiui. WABI GUILTY LIPS Pure Love blizgesys suteikia intensyv\u0173 spindes\u012f, dr\u0117kina l\u016bpas ir palieka glotn\u0173 efekt\u0105.","breadcrumb":{"@id":"https:\/\/www.malinashop.lt\/en\/shop\/wabi-lupu-blizgesys-guilty-lips-pure-love-6-5-ml\/#breadcrumb"},"inLanguage":"lt-LT","potentialAction":[{"@type":"ReadAction","target":["https:\/\/www.malinashop.lt\/en\/shop\/wabi-lupu-blizgesys-guilty-lips-pure-love-6-5-ml\/"]}]},{"@type":"ImageObject","inLanguage":"lt-LT","@id":"https:\/\/www.malinashop.lt\/en\/shop\/wabi-lupu-blizgesys-guilty-lips-pure-love-6-5-ml\/#primaryimage","url":"https:\/\/www.malinashop.lt\/wp-content\/uploads\/2025\/10\/WABI-lupu-blizgesys-GUILTY-LIPS-Pure-Love-6.5-ml.webp","contentUrl":"https:\/\/www.malinashop.lt\/wp-content\/uploads\/2025\/10\/WABI-lupu-blizgesys-GUILTY-LIPS-Pure-Love-6.5-ml.webp","width":768,"height":768},{"@type":"BreadcrumbList","@id":"https:\/\/www.malinashop.lt\/en\/shop\/wabi-lupu-blizgesys-guilty-lips-pure-love-6-5-ml\/#breadcrumb","itemListElement":[{"@type":"ListItem","position":1,"name":"Home","item":"https:\/\/www.malinashop.lt\/en\/"},{"@type":"ListItem","position":2,"name":"Parduotuv\u0117","item":"https:\/\/www.malinashop.lt\/en\/parduotuve\/"},{"@type":"ListItem","position":3,"name":"WABI l\u016bp\u0173 blizgesys GUILTY LIPS Pure Love, 6.5 ml"}]},{"@type":"WebSite","@id":"https:\/\/www.malinashop.lt\/en\/#website","url":"https:\/\/www.malinashop.lt\/en\/","name":"COM Group Ecommerce","description":"MalinaShop.lt - Gro\u017eio ir sveikatos produktai i\u0161 patikim\u0173 preki\u0173 \u017eenkl\u0173. Atraskite auk\u0161tos kokyb\u0117s kosmetik\u0105 u\u017e puiki\u0105 kain\u0105.","publisher":{"@id":"https:\/\/www.malinashop.lt\/en\/#organization"},"potentialAction":[{"@type":"SearchAction","target":{"@type":"EntryPoint","urlTemplate":"https:\/\/www.malinashop.lt\/en\/?s={search_term_string}"},"query-input":{"@type":"PropertyValueSpecification","valueRequired":true,"valueName":"search_term_string"}}],"inLanguage":"lt-LT"},{"@type":"Organization","@id":"https:\/\/www.malinashop.lt\/en\/#organization","name":"COM Group Ecommerce","url":"https:\/\/www.malinashop.lt\/en\/","logo":{"@type":"ImageObject","inLanguage":"lt-LT","@id":"https:\/\/www.malinashop.lt\/en\/#\/schema\/logo\/image\/","url":"https:\/\/www.malinashop.lt\/wp-content\/uploads\/2024\/08\/462559670_3787732518133670_9795632669273463_n-e1731525914575.png","contentUrl":"https:\/\/www.malinashop.lt\/wp-content\/uploads\/2024\/08\/462559670_3787732518133670_9795632669273463_n-e1731525914575.png","width":180,"height":60,"caption":"COM Group Ecommerce"},"image":{"@id":"https:\/\/www.malinashop.lt\/en\/#\/schema\/logo\/image\/"}}]}},"jetpack_sharing_enabled":true,"_links":{"self":[{"href":"https:\/\/www.malinashop.lt\/lt_lt\/wp-json\/wp\/v2\/product\/59037","targetHints":{"allow":["GET"]}}],"collection":[{"href":"https:\/\/www.malinashop.lt\/lt_lt\/wp-json\/wp\/v2\/product"}],"about":[{"href":"https:\/\/www.malinashop.lt\/lt_lt\/wp-json\/wp\/v2\/types\/product"}],"version-history":[{"count":1,"href":"https:\/\/www.malinashop.lt\/lt_lt\/wp-json\/wp\/v2\/product\/59037\/revisions"}],"predecessor-version":[{"id":59040,"href":"https:\/\/www.malinashop.lt\/lt_lt\/wp-json\/wp\/v2\/product\/59037\/revisions\/59040"}],"wp:featuredmedia":[{"embeddable":true,"href":"https:\/\/www.malinashop.lt\/lt_lt\/wp-json\/wp\/v2\/media\/59039"}],"wp:attachment":[{"href":"https:\/\/www.malinashop.lt\/lt_lt\/wp-json\/wp\/v2\/media?parent=59037"}],"wp:term":[{"taxonomy":"product_brand","embeddable":true,"href":"https:\/\/www.malinashop.lt\/lt_lt\/wp-json\/wp\/v2\/product_brand?post=59037"},{"taxonomy":"product_cat","embeddable":true,"href":"https:\/\/www.malinashop.lt\/lt_lt\/wp-json\/wp\/v2\/product_cat?post=59037"},{"taxonomy":"product_tag","embeddable":true,"href":"https:\/\/www.malinashop.lt\/lt_lt\/wp-json\/wp\/v2\/product_tag?post=59037"}],"curies":[{"name":"wp","href":"https:\/\/api.w.org\/{rel}","templated":true}]}}