{"id":59025,"date":"2025-10-20T20:23:34","date_gmt":"2025-10-20T17:23:34","guid":{"rendered":"https:\/\/malinashop.lt\/?post_type=product&#038;p=59025"},"modified":"2026-04-03T15:14:05","modified_gmt":"2026-04-03T12:14:05","slug":"wabi-blakstienu-tusas-all-lash-long-black-15-ml","status":"publish","type":"product","link":"https:\/\/www.malinashop.lt\/lt_lt\/shop\/wabi-blakstienu-tusas-all-lash-long-black-15-ml\/","title":{"rendered":"WABI blakstien\u0173 tu\u0161as ALL LASH LONG Black, 15 ml"},"content":{"rendered":"<p data-start=\"331\" data-end=\"620\"><strong data-start=\"331\" data-end=\"376\">WABI blakstien\u0173 tu\u0161as ALL LASH LONG Black<\/strong> \u2013 tai profesionalus sprendimas i\u0161rai\u0161kingam \u017evilgsniui kiekvien\u0105 dien\u0105. Sukurtas pagal naujausias gro\u017eio tendencijas, \u0161is tu\u0161as suteikia <strong data-start=\"514\" data-end=\"563\">i\u0161skirtin\u012f blakstien\u0173 ilg\u012f, apimt\u012f ir apsaug\u0105<\/strong>, tod\u0117l blakstienos atrodo tankios, ilgos ir pri\u017ei\u016br\u0117tos.<\/p>\n<p data-start=\"622\" data-end=\"902\">Ergonomi\u0161kas \u0161epet\u0117lis <strong data-start=\"645\" data-end=\"687\">tiksliai atskiria kiekvien\u0105 blakstien\u0105<\/strong>, padengia nuo \u0161akn\u0173 iki galiuk\u0173 ir formuoja dail\u0173 lank\u0105 be gumuliuk\u0173. Formul\u0117je esantis <strong data-start=\"776\" data-end=\"795\">karnaubo va\u0161kas<\/strong> suteikia sodri\u0105 apimt\u012f, o <strong data-start=\"822\" data-end=\"836\">pantenolis<\/strong> maitina ir stiprina blakstienas, apsaugodamas jas nuo l\u016b\u017ein\u0117jimo.<\/p>\n<p data-start=\"904\" data-end=\"1009\"><strong data-start=\"904\" data-end=\"919\">Rezultatas?<\/strong> Tobulai atskirtos, ilgos, tankios ir elastingos blakstienos, kurios i\u0161silaiko vis\u0105 dien\u0105.<\/p>\n<p data-start=\"1011\" data-end=\"1039\"><strong data-start=\"1011\" data-end=\"1039\">Pagrindiniai privalumai:<\/strong><\/p>\n<ul data-start=\"1040\" data-end=\"1207\">\n<li data-start=\"1040\" data-end=\"1065\">\n<p data-start=\"1042\" data-end=\"1065\">Suteikia ilg\u012f ir apimt\u012f<\/p>\n<\/li>\n<li data-start=\"1066\" data-end=\"1102\">\n<p data-start=\"1068\" data-end=\"1102\">Atskirtos blakstienos be gumuliuk\u0173<\/p>\n<\/li>\n<li data-start=\"1103\" data-end=\"1134\">\n<p data-start=\"1105\" data-end=\"1134\">Maitinanti pantenolio formul\u0117<\/p>\n<\/li>\n<li data-start=\"1135\" data-end=\"1168\">\n<p data-start=\"1137\" data-end=\"1168\">Stiprina ir apsaugo blakstienas<\/p>\n<\/li>\n<li data-start=\"1169\" data-end=\"1192\">\n<p data-start=\"1171\" data-end=\"1192\">Ilgalaikis rezultatas<\/p>\n<\/li>\n<li data-start=\"1193\" data-end=\"1207\">\n<p data-start=\"1195\" data-end=\"1207\">PARABEN FREE<\/p>\n<\/li>\n<\/ul>\n<p data-start=\"1209\" data-end=\"1359\"><strong data-start=\"1209\" data-end=\"1224\">Naudojimas:<\/strong><br data-start=\"1224\" data-end=\"1227\" \/>Tepkite <strong data-start=\"1235\" data-end=\"1273\">WABI blakstien\u0173 tu\u0161\u0105 ALL LASH LONG<\/strong> nuo blakstien\u0173 \u0161akn\u0173 \u012f vir\u0161\u0173. Nor\u0117dami didesn\u0117s apimties, u\u017etepkite kelis sluoksnius.<\/p>\n","protected":false},"excerpt":{"rendered":"<p data-start=\"184\" data-end=\"268\">WABI ALL LASH LONG tu\u0161as suteikia blakstienoms ilg\u012f, apimt\u012f ir apsaug\u0105 be gumuliuk\u0173.<\/p>\n","protected":false},"featured_media":59026,"template":"","meta":[],"product_brand":[1355],"product_cat":[521,102],"product_tag":[1628],"class_list":{"0":"post-59025","1":"product","2":"type-product","3":"status-publish","4":"has-post-thumbnail","6":"product_brand-wabi","7":"product_cat-blakstienu-tusai","8":"product_cat-dekoratyvine-kosmetika","9":"product_tag-wabi","11":"first","12":"instock","13":"sale","14":"taxable","15":"shipping-taxable","16":"purchasable","17":"product-type-simple"},"yoast_head":"<!-- This site is optimized with the Yoast SEO plugin v27.4 - https:\/\/yoast.com\/product\/yoast-seo-wordpress\/ -->\n<title>WABI blakstien\u0173 tu\u0161as ALL LASH LONG Black, 15 ml - MalinaShop.lt J\u016bs\u0173 sveikatai ir gro\u017eiui.<\/title>\n<meta name=\"description\" content=\"MalinaShop.lt J\u016bs\u0173 sveikatai ir gro\u017eiui. WABI ALL LASH LONG tu\u0161as suteikia blakstienoms ilg\u012f, apimt\u012f ir apsaug\u0105 be gumuliuk\u0173 \u2013 profesionalus rezultatas.\" \/>\n<meta name=\"robots\" content=\"index, follow, max-snippet:-1, max-image-preview:large, max-video-preview:-1\" \/>\n<link rel=\"canonical\" href=\"https:\/\/www.malinashop.lt\/lt_lt\/shop\/wabi-blakstienu-tusas-all-lash-long-black-15-ml\/\" \/>\n<meta property=\"og:locale\" content=\"lt_LT\" \/>\n<meta property=\"og:type\" content=\"article\" \/>\n<meta property=\"og:title\" content=\"WABI blakstien\u0173 tu\u0161as ALL LASH LONG Black, 15 ml - MalinaShop.lt J\u016bs\u0173 sveikatai ir gro\u017eiui.\" \/>\n<meta property=\"og:description\" content=\"MalinaShop.lt J\u016bs\u0173 sveikatai ir gro\u017eiui. WABI ALL LASH LONG tu\u0161as suteikia blakstienoms ilg\u012f, apimt\u012f ir apsaug\u0105 be gumuliuk\u0173 \u2013 profesionalus rezultatas.\" \/>\n<meta property=\"og:url\" content=\"https:\/\/www.malinashop.lt\/lt_lt\/shop\/wabi-blakstienu-tusas-all-lash-long-black-15-ml\/\" \/>\n<meta property=\"og:site_name\" content=\"MalinaShop.lt J\u016bs\u0173 sveikatai ir gro\u017eiui.\" \/>\n<meta property=\"article:modified_time\" content=\"2026-04-03T12:14:05+00:00\" \/>\n<meta property=\"og:image\" content=\"https:\/\/www.malinashop.lt\/wp-content\/uploads\/2025\/10\/WABI-blakstienu-tusas-ALL-LASH-LONG-Black-15-ml.webp\" \/>\n\t<meta property=\"og:image:width\" content=\"768\" \/>\n\t<meta property=\"og:image:height\" content=\"768\" \/>\n\t<meta property=\"og:image:type\" content=\"image\/webp\" \/>\n<meta name=\"twitter:card\" content=\"summary_large_image\" \/>\n<script type=\"application\/ld+json\" class=\"yoast-schema-graph\">{\"@context\":\"https:\\\/\\\/schema.org\",\"@graph\":[{\"@type\":\"WebPage\",\"@id\":\"https:\\\/\\\/www.malinashop.lt\\\/lt_lt\\\/shop\\\/wabi-blakstienu-tusas-all-lash-long-black-15-ml\\\/\",\"url\":\"https:\\\/\\\/www.malinashop.lt\\\/lt_lt\\\/shop\\\/wabi-blakstienu-tusas-all-lash-long-black-15-ml\\\/\",\"name\":\"WABI blakstien\u0173 tu\u0161as ALL LASH LONG Black, 15 ml - MalinaShop.lt J\u016bs\u0173 sveikatai ir gro\u017eiui.\",\"isPartOf\":{\"@id\":\"https:\\\/\\\/www.malinashop.lt\\\/en\\\/#website\"},\"primaryImageOfPage\":{\"@id\":\"https:\\\/\\\/www.malinashop.lt\\\/lt_lt\\\/shop\\\/wabi-blakstienu-tusas-all-lash-long-black-15-ml\\\/#primaryimage\"},\"image\":{\"@id\":\"https:\\\/\\\/www.malinashop.lt\\\/lt_lt\\\/shop\\\/wabi-blakstienu-tusas-all-lash-long-black-15-ml\\\/#primaryimage\"},\"thumbnailUrl\":\"https:\\\/\\\/www.malinashop.lt\\\/wp-content\\\/uploads\\\/2025\\\/10\\\/WABI-blakstienu-tusas-ALL-LASH-LONG-Black-15-ml.webp\",\"datePublished\":\"2025-10-20T17:23:34+00:00\",\"dateModified\":\"2026-04-03T12:14:05+00:00\",\"description\":\"MalinaShop.lt J\u016bs\u0173 sveikatai ir gro\u017eiui. WABI ALL LASH LONG tu\u0161as suteikia blakstienoms ilg\u012f, apimt\u012f ir apsaug\u0105 be gumuliuk\u0173 \u2013 profesionalus rezultatas.\",\"breadcrumb\":{\"@id\":\"https:\\\/\\\/www.malinashop.lt\\\/lt_lt\\\/shop\\\/wabi-blakstienu-tusas-all-lash-long-black-15-ml\\\/#breadcrumb\"},\"inLanguage\":\"lt-LT\",\"potentialAction\":[{\"@type\":\"ReadAction\",\"target\":[\"https:\\\/\\\/www.malinashop.lt\\\/lt_lt\\\/shop\\\/wabi-blakstienu-tusas-all-lash-long-black-15-ml\\\/\"]}]},{\"@type\":\"ImageObject\",\"inLanguage\":\"lt-LT\",\"@id\":\"https:\\\/\\\/www.malinashop.lt\\\/lt_lt\\\/shop\\\/wabi-blakstienu-tusas-all-lash-long-black-15-ml\\\/#primaryimage\",\"url\":\"https:\\\/\\\/www.malinashop.lt\\\/wp-content\\\/uploads\\\/2025\\\/10\\\/WABI-blakstienu-tusas-ALL-LASH-LONG-Black-15-ml.webp\",\"contentUrl\":\"https:\\\/\\\/www.malinashop.lt\\\/wp-content\\\/uploads\\\/2025\\\/10\\\/WABI-blakstienu-tusas-ALL-LASH-LONG-Black-15-ml.webp\",\"width\":768,\"height\":768},{\"@type\":\"BreadcrumbList\",\"@id\":\"https:\\\/\\\/www.malinashop.lt\\\/lt_lt\\\/shop\\\/wabi-blakstienu-tusas-all-lash-long-black-15-ml\\\/#breadcrumb\",\"itemListElement\":[{\"@type\":\"ListItem\",\"position\":1,\"name\":\"Home\",\"item\":\"https:\\\/\\\/www.malinashop.lt\\\/en\\\/\"},{\"@type\":\"ListItem\",\"position\":2,\"name\":\"Parduotuv\u0117\",\"item\":\"https:\\\/\\\/www.malinashop.lt\\\/en\\\/parduotuve\\\/\"},{\"@type\":\"ListItem\",\"position\":3,\"name\":\"WABI blakstien\u0173 tu\u0161as ALL LASH LONG Black, 15 ml\"}]},{\"@type\":\"WebSite\",\"@id\":\"https:\\\/\\\/www.malinashop.lt\\\/en\\\/#website\",\"url\":\"https:\\\/\\\/www.malinashop.lt\\\/en\\\/\",\"name\":\"COM Group Ecommerce\",\"description\":\"MalinaShop.lt - Gro\u017eio ir sveikatos produktai i\u0161 patikim\u0173 preki\u0173 \u017eenkl\u0173. Atraskite auk\u0161tos kokyb\u0117s kosmetik\u0105 u\u017e puiki\u0105 kain\u0105.\",\"publisher\":{\"@id\":\"https:\\\/\\\/www.malinashop.lt\\\/en\\\/#organization\"},\"potentialAction\":[{\"@type\":\"SearchAction\",\"target\":{\"@type\":\"EntryPoint\",\"urlTemplate\":\"https:\\\/\\\/www.malinashop.lt\\\/en\\\/?s={search_term_string}\"},\"query-input\":{\"@type\":\"PropertyValueSpecification\",\"valueRequired\":true,\"valueName\":\"search_term_string\"}}],\"inLanguage\":\"lt-LT\"},{\"@type\":\"Organization\",\"@id\":\"https:\\\/\\\/www.malinashop.lt\\\/en\\\/#organization\",\"name\":\"COM Group Ecommerce\",\"url\":\"https:\\\/\\\/www.malinashop.lt\\\/en\\\/\",\"logo\":{\"@type\":\"ImageObject\",\"inLanguage\":\"lt-LT\",\"@id\":\"https:\\\/\\\/www.malinashop.lt\\\/en\\\/#\\\/schema\\\/logo\\\/image\\\/\",\"url\":\"https:\\\/\\\/www.malinashop.lt\\\/wp-content\\\/uploads\\\/2024\\\/08\\\/462559670_3787732518133670_9795632669273463_n-e1731525914575.png\",\"contentUrl\":\"https:\\\/\\\/www.malinashop.lt\\\/wp-content\\\/uploads\\\/2024\\\/08\\\/462559670_3787732518133670_9795632669273463_n-e1731525914575.png\",\"width\":180,\"height\":60,\"caption\":\"COM Group Ecommerce\"},\"image\":{\"@id\":\"https:\\\/\\\/www.malinashop.lt\\\/en\\\/#\\\/schema\\\/logo\\\/image\\\/\"}}]}<\/script>\n<!-- \/ Yoast SEO plugin. -->","yoast_head_json":{"title":"WABI blakstien\u0173 tu\u0161as ALL LASH LONG Black, 15 ml - MalinaShop.lt J\u016bs\u0173 sveikatai ir gro\u017eiui.","description":"MalinaShop.lt J\u016bs\u0173 sveikatai ir gro\u017eiui. WABI ALL LASH LONG tu\u0161as suteikia blakstienoms ilg\u012f, apimt\u012f ir apsaug\u0105 be gumuliuk\u0173 \u2013 profesionalus rezultatas.","robots":{"index":"index","follow":"follow","max-snippet":"max-snippet:-1","max-image-preview":"max-image-preview:large","max-video-preview":"max-video-preview:-1"},"canonical":"https:\/\/www.malinashop.lt\/lt_lt\/shop\/wabi-blakstienu-tusas-all-lash-long-black-15-ml\/","og_locale":"lt_LT","og_type":"article","og_title":"WABI blakstien\u0173 tu\u0161as ALL LASH LONG Black, 15 ml - MalinaShop.lt J\u016bs\u0173 sveikatai ir gro\u017eiui.","og_description":"MalinaShop.lt J\u016bs\u0173 sveikatai ir gro\u017eiui. WABI ALL LASH LONG tu\u0161as suteikia blakstienoms ilg\u012f, apimt\u012f ir apsaug\u0105 be gumuliuk\u0173 \u2013 profesionalus rezultatas.","og_url":"https:\/\/www.malinashop.lt\/lt_lt\/shop\/wabi-blakstienu-tusas-all-lash-long-black-15-ml\/","og_site_name":"MalinaShop.lt J\u016bs\u0173 sveikatai ir gro\u017eiui.","article_modified_time":"2026-04-03T12:14:05+00:00","og_image":[{"width":768,"height":768,"url":"https:\/\/www.malinashop.lt\/wp-content\/uploads\/2025\/10\/WABI-blakstienu-tusas-ALL-LASH-LONG-Black-15-ml.webp","type":"image\/webp"}],"twitter_card":"summary_large_image","schema":{"@context":"https:\/\/schema.org","@graph":[{"@type":"WebPage","@id":"https:\/\/www.malinashop.lt\/lt_lt\/shop\/wabi-blakstienu-tusas-all-lash-long-black-15-ml\/","url":"https:\/\/www.malinashop.lt\/lt_lt\/shop\/wabi-blakstienu-tusas-all-lash-long-black-15-ml\/","name":"WABI blakstien\u0173 tu\u0161as ALL LASH LONG Black, 15 ml - MalinaShop.lt J\u016bs\u0173 sveikatai ir gro\u017eiui.","isPartOf":{"@id":"https:\/\/www.malinashop.lt\/en\/#website"},"primaryImageOfPage":{"@id":"https:\/\/www.malinashop.lt\/lt_lt\/shop\/wabi-blakstienu-tusas-all-lash-long-black-15-ml\/#primaryimage"},"image":{"@id":"https:\/\/www.malinashop.lt\/lt_lt\/shop\/wabi-blakstienu-tusas-all-lash-long-black-15-ml\/#primaryimage"},"thumbnailUrl":"https:\/\/www.malinashop.lt\/wp-content\/uploads\/2025\/10\/WABI-blakstienu-tusas-ALL-LASH-LONG-Black-15-ml.webp","datePublished":"2025-10-20T17:23:34+00:00","dateModified":"2026-04-03T12:14:05+00:00","description":"MalinaShop.lt J\u016bs\u0173 sveikatai ir gro\u017eiui. WABI ALL LASH LONG tu\u0161as suteikia blakstienoms ilg\u012f, apimt\u012f ir apsaug\u0105 be gumuliuk\u0173 \u2013 profesionalus rezultatas.","breadcrumb":{"@id":"https:\/\/www.malinashop.lt\/lt_lt\/shop\/wabi-blakstienu-tusas-all-lash-long-black-15-ml\/#breadcrumb"},"inLanguage":"lt-LT","potentialAction":[{"@type":"ReadAction","target":["https:\/\/www.malinashop.lt\/lt_lt\/shop\/wabi-blakstienu-tusas-all-lash-long-black-15-ml\/"]}]},{"@type":"ImageObject","inLanguage":"lt-LT","@id":"https:\/\/www.malinashop.lt\/lt_lt\/shop\/wabi-blakstienu-tusas-all-lash-long-black-15-ml\/#primaryimage","url":"https:\/\/www.malinashop.lt\/wp-content\/uploads\/2025\/10\/WABI-blakstienu-tusas-ALL-LASH-LONG-Black-15-ml.webp","contentUrl":"https:\/\/www.malinashop.lt\/wp-content\/uploads\/2025\/10\/WABI-blakstienu-tusas-ALL-LASH-LONG-Black-15-ml.webp","width":768,"height":768},{"@type":"BreadcrumbList","@id":"https:\/\/www.malinashop.lt\/lt_lt\/shop\/wabi-blakstienu-tusas-all-lash-long-black-15-ml\/#breadcrumb","itemListElement":[{"@type":"ListItem","position":1,"name":"Home","item":"https:\/\/www.malinashop.lt\/en\/"},{"@type":"ListItem","position":2,"name":"Parduotuv\u0117","item":"https:\/\/www.malinashop.lt\/en\/parduotuve\/"},{"@type":"ListItem","position":3,"name":"WABI blakstien\u0173 tu\u0161as ALL LASH LONG Black, 15 ml"}]},{"@type":"WebSite","@id":"https:\/\/www.malinashop.lt\/en\/#website","url":"https:\/\/www.malinashop.lt\/en\/","name":"COM Group Ecommerce","description":"MalinaShop.lt - Gro\u017eio ir sveikatos produktai i\u0161 patikim\u0173 preki\u0173 \u017eenkl\u0173. Atraskite auk\u0161tos kokyb\u0117s kosmetik\u0105 u\u017e puiki\u0105 kain\u0105.","publisher":{"@id":"https:\/\/www.malinashop.lt\/en\/#organization"},"potentialAction":[{"@type":"SearchAction","target":{"@type":"EntryPoint","urlTemplate":"https:\/\/www.malinashop.lt\/en\/?s={search_term_string}"},"query-input":{"@type":"PropertyValueSpecification","valueRequired":true,"valueName":"search_term_string"}}],"inLanguage":"lt-LT"},{"@type":"Organization","@id":"https:\/\/www.malinashop.lt\/en\/#organization","name":"COM Group Ecommerce","url":"https:\/\/www.malinashop.lt\/en\/","logo":{"@type":"ImageObject","inLanguage":"lt-LT","@id":"https:\/\/www.malinashop.lt\/en\/#\/schema\/logo\/image\/","url":"https:\/\/www.malinashop.lt\/wp-content\/uploads\/2024\/08\/462559670_3787732518133670_9795632669273463_n-e1731525914575.png","contentUrl":"https:\/\/www.malinashop.lt\/wp-content\/uploads\/2024\/08\/462559670_3787732518133670_9795632669273463_n-e1731525914575.png","width":180,"height":60,"caption":"COM Group Ecommerce"},"image":{"@id":"https:\/\/www.malinashop.lt\/en\/#\/schema\/logo\/image\/"}}]}},"jetpack_sharing_enabled":true,"_links":{"self":[{"href":"https:\/\/www.malinashop.lt\/lt_lt\/wp-json\/wp\/v2\/product\/59025","targetHints":{"allow":["GET"]}}],"collection":[{"href":"https:\/\/www.malinashop.lt\/lt_lt\/wp-json\/wp\/v2\/product"}],"about":[{"href":"https:\/\/www.malinashop.lt\/lt_lt\/wp-json\/wp\/v2\/types\/product"}],"version-history":[{"count":1,"href":"https:\/\/www.malinashop.lt\/lt_lt\/wp-json\/wp\/v2\/product\/59025\/revisions"}],"predecessor-version":[{"id":59027,"href":"https:\/\/www.malinashop.lt\/lt_lt\/wp-json\/wp\/v2\/product\/59025\/revisions\/59027"}],"wp:featuredmedia":[{"embeddable":true,"href":"https:\/\/www.malinashop.lt\/lt_lt\/wp-json\/wp\/v2\/media\/59026"}],"wp:attachment":[{"href":"https:\/\/www.malinashop.lt\/lt_lt\/wp-json\/wp\/v2\/media?parent=59025"}],"wp:term":[{"taxonomy":"product_brand","embeddable":true,"href":"https:\/\/www.malinashop.lt\/lt_lt\/wp-json\/wp\/v2\/product_brand?post=59025"},{"taxonomy":"product_cat","embeddable":true,"href":"https:\/\/www.malinashop.lt\/lt_lt\/wp-json\/wp\/v2\/product_cat?post=59025"},{"taxonomy":"product_tag","embeddable":true,"href":"https:\/\/www.malinashop.lt\/lt_lt\/wp-json\/wp\/v2\/product_tag?post=59025"}],"curies":[{"name":"wp","href":"https:\/\/api.w.org\/{rel}","templated":true}]}}