{"id":59018,"date":"2025-09-20T20:15:01","date_gmt":"2025-09-20T17:15:01","guid":{"rendered":"https:\/\/malinashop.lt\/?post_type=product&#038;p=59018"},"modified":"2026-03-18T12:28:15","modified_gmt":"2026-03-18T09:28:15","slug":"sinoz-duso-gelis-liberty-400-ml","status":"publish","type":"product","link":"https:\/\/www.malinashop.lt\/lt_lt\/shop\/sinoz-duso-gelis-liberty-400-ml\/","title":{"rendered":"SINOZ du\u0161o gelis LIBERTY, 400 ml"},"content":{"rendered":"<p data-start=\"327\" data-end=\"602\"><strong data-start=\"327\" data-end=\"355\">SINOZ du\u0161o gelis LIBERTY<\/strong> \u2013 tai dr\u0117kinamasis ir maitinamasis du\u0161o gelis, kuris \u0161velniai valo od\u0105, suteikia jai \u0161ilkin\u012f \u0161velnum\u0105 ir giliai dr\u0117kina. \u0160velni formul\u0117 be paraben\u0173 ir alkoholio yra dermatologi\u0161kai patikrinta, tod\u0117l tinka kasdieniam naudojimui, net jautriai odai.<\/p>\n<p data-start=\"604\" data-end=\"868\">SINOZ du\u0161o gelis LIBERTY ne tik \u0161variai nuplauna ne\u0161varumus, bet ir palieka ant odos gaiv\u0173 bei ilgai i\u0161liekant\u012f aromat\u0105. Kremi\u0161ka tekst\u016bra maloniai putoja, o maitinamosios med\u017eiagos padeda i\u0161saugoti odos dr\u0117gm\u0119, suteikia komforto ir mink\u0161tumo poj\u016bt\u012f po prausimosi.<\/p>\n<p data-start=\"870\" data-end=\"898\"><strong data-start=\"870\" data-end=\"898\">Pagrindiniai privalumai:<\/strong><\/p>\n<ul data-start=\"899\" data-end=\"1085\">\n<li data-start=\"899\" data-end=\"925\">\n<p data-start=\"901\" data-end=\"925\">Dr\u0117kina ir maitina od\u0105<\/p>\n<\/li>\n<li data-start=\"926\" data-end=\"955\">\n<p data-start=\"928\" data-end=\"955\">Suteikia \u0161ilkin\u012f \u0161velnum\u0105<\/p>\n<\/li>\n<li data-start=\"956\" data-end=\"992\">\n<p data-start=\"958\" data-end=\"992\">Ilgai i\u0161liekantis, gaivus kvapas<\/p>\n<\/li>\n<li data-start=\"993\" data-end=\"1021\">\n<p data-start=\"995\" data-end=\"1021\">Be paraben\u0173 ir alkoholio<\/p>\n<\/li>\n<li data-start=\"1022\" data-end=\"1053\">\n<p data-start=\"1024\" data-end=\"1053\">Dermatologi\u0161kai patikrintas<\/p>\n<\/li>\n<li data-start=\"1054\" data-end=\"1085\">\n<p data-start=\"1056\" data-end=\"1085\">Tinka kasdieniam naudojimui<\/p>\n<\/li>\n<\/ul>\n<p data-start=\"1087\" data-end=\"1347\"><strong data-start=\"1087\" data-end=\"1102\">Naudojimas:<\/strong><br data-start=\"1102\" data-end=\"1105\" \/>Su\u0161lapinkite k\u016bn\u0105 po du\u0161u. \u012epilkite <strong data-start=\"1141\" data-end=\"1169\">SINOZ du\u0161o gelio LIBERTY<\/strong> \u012f deln\u0105 arba ant kempin\u0117s, \u012fmasa\u017euokite \u012f od\u0105 kol suputos. \u0160velniai pamasa\u017euokite ir nuplaukite \u0161iltu vandeniu. Po du\u0161o rekomenduojama naudoti dr\u0117kinam\u0105j\u012f k\u016bno krem\u0105 ar losjon\u0105.<\/p>\n","protected":false},"excerpt":{"rendered":"<p data-start=\"176\" data-end=\"264\">SINOZ LIBERTY du\u0161o gelis dr\u0117kina, \u0161velnina od\u0105 ir palieka gaiv\u0173, ilgai i\u0161liekant\u012f kvap\u0105.<\/p>\n","protected":false},"featured_media":59020,"template":"","meta":[],"product_brand":[1354],"product_cat":[538,731],"product_tag":[1619],"class_list":{"0":"post-59018","1":"product","2":"type-product","3":"status-publish","4":"has-post-thumbnail","6":"product_brand-sinoz","7":"product_cat-kuno-prausikliai-duso-geliai","8":"product_cat-kunui","9":"product_tag-sinoz","11":"first","12":"outofstock","13":"sale","14":"taxable","15":"shipping-taxable","16":"purchasable","17":"product-type-simple"},"yoast_head":"<!-- This site is optimized with the Yoast SEO plugin v27.4 - https:\/\/yoast.com\/product\/yoast-seo-wordpress\/ -->\n<title>SINOZ du\u0161o gelis LIBERTY, 400 ml - MalinaShop.lt J\u016bs\u0173 sveikatai ir gro\u017eiui.<\/title>\n<meta name=\"description\" content=\"SINOZ du\u0161o gelis LIBERTY, 400 ml SINOZ LIBERTY du\u0161o gelis dr\u0117kina, mink\u0161tina od\u0105 ir suteikia ilgai i\u0161liekant\u012f gaiv\u0173 kvap\u0105 be paraben\u0173 ir alkoholio.\" \/>\n<meta name=\"robots\" content=\"index, follow, max-snippet:-1, max-image-preview:large, max-video-preview:-1\" \/>\n<link rel=\"canonical\" href=\"https:\/\/www.malinashop.lt\/lt_lt\/shop\/sinoz-duso-gelis-liberty-400-ml\/\" \/>\n<meta property=\"og:locale\" content=\"lt_LT\" \/>\n<meta property=\"og:type\" content=\"article\" \/>\n<meta property=\"og:title\" content=\"SINOZ du\u0161o gelis LIBERTY, 400 ml - MalinaShop.lt J\u016bs\u0173 sveikatai ir gro\u017eiui.\" \/>\n<meta property=\"og:description\" content=\"SINOZ du\u0161o gelis LIBERTY, 400 ml SINOZ LIBERTY du\u0161o gelis dr\u0117kina, mink\u0161tina od\u0105 ir suteikia ilgai i\u0161liekant\u012f gaiv\u0173 kvap\u0105 be paraben\u0173 ir alkoholio.\" \/>\n<meta property=\"og:url\" content=\"https:\/\/www.malinashop.lt\/lt_lt\/shop\/sinoz-duso-gelis-liberty-400-ml\/\" \/>\n<meta property=\"og:site_name\" content=\"MalinaShop.lt J\u016bs\u0173 sveikatai ir gro\u017eiui.\" \/>\n<meta property=\"article:modified_time\" content=\"2026-03-18T09:28:15+00:00\" \/>\n<meta property=\"og:image\" content=\"https:\/\/www.malinashop.lt\/wp-content\/uploads\/2025\/10\/SINOZ-duso-gelis-LIBERTY-400-ml.webp\" \/>\n\t<meta property=\"og:image:width\" content=\"768\" \/>\n\t<meta property=\"og:image:height\" content=\"768\" \/>\n\t<meta property=\"og:image:type\" content=\"image\/webp\" \/>\n<meta name=\"twitter:card\" content=\"summary_large_image\" \/>\n<script type=\"application\/ld+json\" class=\"yoast-schema-graph\">{\"@context\":\"https:\\\/\\\/schema.org\",\"@graph\":[{\"@type\":\"WebPage\",\"@id\":\"https:\\\/\\\/www.malinashop.lt\\\/lt_lt\\\/shop\\\/sinoz-duso-gelis-liberty-400-ml\\\/\",\"url\":\"https:\\\/\\\/www.malinashop.lt\\\/lt_lt\\\/shop\\\/sinoz-duso-gelis-liberty-400-ml\\\/\",\"name\":\"SINOZ du\u0161o gelis LIBERTY, 400 ml - MalinaShop.lt J\u016bs\u0173 sveikatai ir gro\u017eiui.\",\"isPartOf\":{\"@id\":\"https:\\\/\\\/www.malinashop.lt\\\/#website\"},\"primaryImageOfPage\":{\"@id\":\"https:\\\/\\\/www.malinashop.lt\\\/lt_lt\\\/shop\\\/sinoz-duso-gelis-liberty-400-ml\\\/#primaryimage\"},\"image\":{\"@id\":\"https:\\\/\\\/www.malinashop.lt\\\/lt_lt\\\/shop\\\/sinoz-duso-gelis-liberty-400-ml\\\/#primaryimage\"},\"thumbnailUrl\":\"https:\\\/\\\/www.malinashop.lt\\\/wp-content\\\/uploads\\\/2025\\\/10\\\/SINOZ-duso-gelis-LIBERTY-400-ml.webp\",\"datePublished\":\"2025-09-20T17:15:01+00:00\",\"dateModified\":\"2026-03-18T09:28:15+00:00\",\"description\":\"SINOZ du\u0161o gelis LIBERTY, 400 ml SINOZ LIBERTY du\u0161o gelis dr\u0117kina, mink\u0161tina od\u0105 ir suteikia ilgai i\u0161liekant\u012f gaiv\u0173 kvap\u0105 be paraben\u0173 ir alkoholio.\",\"breadcrumb\":{\"@id\":\"https:\\\/\\\/www.malinashop.lt\\\/lt_lt\\\/shop\\\/sinoz-duso-gelis-liberty-400-ml\\\/#breadcrumb\"},\"inLanguage\":\"lt-LT\",\"potentialAction\":[{\"@type\":\"ReadAction\",\"target\":[\"https:\\\/\\\/www.malinashop.lt\\\/lt_lt\\\/shop\\\/sinoz-duso-gelis-liberty-400-ml\\\/\"]}]},{\"@type\":\"ImageObject\",\"inLanguage\":\"lt-LT\",\"@id\":\"https:\\\/\\\/www.malinashop.lt\\\/lt_lt\\\/shop\\\/sinoz-duso-gelis-liberty-400-ml\\\/#primaryimage\",\"url\":\"https:\\\/\\\/www.malinashop.lt\\\/wp-content\\\/uploads\\\/2025\\\/10\\\/SINOZ-duso-gelis-LIBERTY-400-ml.webp\",\"contentUrl\":\"https:\\\/\\\/www.malinashop.lt\\\/wp-content\\\/uploads\\\/2025\\\/10\\\/SINOZ-duso-gelis-LIBERTY-400-ml.webp\",\"width\":768,\"height\":768},{\"@type\":\"BreadcrumbList\",\"@id\":\"https:\\\/\\\/www.malinashop.lt\\\/lt_lt\\\/shop\\\/sinoz-duso-gelis-liberty-400-ml\\\/#breadcrumb\",\"itemListElement\":[{\"@type\":\"ListItem\",\"position\":1,\"name\":\"Pagrindinis\",\"item\":\"https:\\\/\\\/www.malinashop.lt\\\/\"},{\"@type\":\"ListItem\",\"position\":2,\"name\":\"Parduotuv\u0117\",\"item\":\"https:\\\/\\\/www.malinashop.lt\\\/en\\\/parduotuve\\\/\"},{\"@type\":\"ListItem\",\"position\":3,\"name\":\"SINOZ du\u0161o gelis LIBERTY, 400 ml\"}]},{\"@type\":\"WebSite\",\"@id\":\"https:\\\/\\\/www.malinashop.lt\\\/#website\",\"url\":\"https:\\\/\\\/www.malinashop.lt\\\/\",\"name\":\"COM Group Ecommerce\",\"description\":\"MalinaShop.lt - Gro\u017eio ir sveikatos produktai i\u0161 patikim\u0173 preki\u0173 \u017eenkl\u0173. Atraskite auk\u0161tos kokyb\u0117s kosmetik\u0105 u\u017e puiki\u0105 kain\u0105.\",\"publisher\":{\"@id\":\"https:\\\/\\\/www.malinashop.lt\\\/#organization\"},\"potentialAction\":[{\"@type\":\"SearchAction\",\"target\":{\"@type\":\"EntryPoint\",\"urlTemplate\":\"https:\\\/\\\/www.malinashop.lt\\\/?s={search_term_string}\"},\"query-input\":{\"@type\":\"PropertyValueSpecification\",\"valueRequired\":true,\"valueName\":\"search_term_string\"}}],\"inLanguage\":\"lt-LT\"},{\"@type\":\"Organization\",\"@id\":\"https:\\\/\\\/www.malinashop.lt\\\/#organization\",\"name\":\"COM Group Ecommerce\",\"url\":\"https:\\\/\\\/www.malinashop.lt\\\/\",\"logo\":{\"@type\":\"ImageObject\",\"inLanguage\":\"lt-LT\",\"@id\":\"https:\\\/\\\/www.malinashop.lt\\\/#\\\/schema\\\/logo\\\/image\\\/\",\"url\":\"https:\\\/\\\/www.malinashop.lt\\\/wp-content\\\/uploads\\\/2024\\\/08\\\/462559670_3787732518133670_9795632669273463_n-e1731525914575.png\",\"contentUrl\":\"https:\\\/\\\/www.malinashop.lt\\\/wp-content\\\/uploads\\\/2024\\\/08\\\/462559670_3787732518133670_9795632669273463_n-e1731525914575.png\",\"width\":180,\"height\":60,\"caption\":\"COM Group Ecommerce\"},\"image\":{\"@id\":\"https:\\\/\\\/www.malinashop.lt\\\/#\\\/schema\\\/logo\\\/image\\\/\"}}]}<\/script>\n<!-- \/ Yoast SEO plugin. -->","yoast_head_json":{"title":"SINOZ du\u0161o gelis LIBERTY, 400 ml - MalinaShop.lt J\u016bs\u0173 sveikatai ir gro\u017eiui.","description":"SINOZ du\u0161o gelis LIBERTY, 400 ml SINOZ LIBERTY du\u0161o gelis dr\u0117kina, mink\u0161tina od\u0105 ir suteikia ilgai i\u0161liekant\u012f gaiv\u0173 kvap\u0105 be paraben\u0173 ir alkoholio.","robots":{"index":"index","follow":"follow","max-snippet":"max-snippet:-1","max-image-preview":"max-image-preview:large","max-video-preview":"max-video-preview:-1"},"canonical":"https:\/\/www.malinashop.lt\/lt_lt\/shop\/sinoz-duso-gelis-liberty-400-ml\/","og_locale":"lt_LT","og_type":"article","og_title":"SINOZ du\u0161o gelis LIBERTY, 400 ml - MalinaShop.lt J\u016bs\u0173 sveikatai ir gro\u017eiui.","og_description":"SINOZ du\u0161o gelis LIBERTY, 400 ml SINOZ LIBERTY du\u0161o gelis dr\u0117kina, mink\u0161tina od\u0105 ir suteikia ilgai i\u0161liekant\u012f gaiv\u0173 kvap\u0105 be paraben\u0173 ir alkoholio.","og_url":"https:\/\/www.malinashop.lt\/lt_lt\/shop\/sinoz-duso-gelis-liberty-400-ml\/","og_site_name":"MalinaShop.lt J\u016bs\u0173 sveikatai ir gro\u017eiui.","article_modified_time":"2026-03-18T09:28:15+00:00","og_image":[{"width":768,"height":768,"url":"https:\/\/www.malinashop.lt\/wp-content\/uploads\/2025\/10\/SINOZ-duso-gelis-LIBERTY-400-ml.webp","type":"image\/webp"}],"twitter_card":"summary_large_image","schema":{"@context":"https:\/\/schema.org","@graph":[{"@type":"WebPage","@id":"https:\/\/www.malinashop.lt\/lt_lt\/shop\/sinoz-duso-gelis-liberty-400-ml\/","url":"https:\/\/www.malinashop.lt\/lt_lt\/shop\/sinoz-duso-gelis-liberty-400-ml\/","name":"SINOZ du\u0161o gelis LIBERTY, 400 ml - MalinaShop.lt J\u016bs\u0173 sveikatai ir gro\u017eiui.","isPartOf":{"@id":"https:\/\/www.malinashop.lt\/#website"},"primaryImageOfPage":{"@id":"https:\/\/www.malinashop.lt\/lt_lt\/shop\/sinoz-duso-gelis-liberty-400-ml\/#primaryimage"},"image":{"@id":"https:\/\/www.malinashop.lt\/lt_lt\/shop\/sinoz-duso-gelis-liberty-400-ml\/#primaryimage"},"thumbnailUrl":"https:\/\/www.malinashop.lt\/wp-content\/uploads\/2025\/10\/SINOZ-duso-gelis-LIBERTY-400-ml.webp","datePublished":"2025-09-20T17:15:01+00:00","dateModified":"2026-03-18T09:28:15+00:00","description":"SINOZ du\u0161o gelis LIBERTY, 400 ml SINOZ LIBERTY du\u0161o gelis dr\u0117kina, mink\u0161tina od\u0105 ir suteikia ilgai i\u0161liekant\u012f gaiv\u0173 kvap\u0105 be paraben\u0173 ir alkoholio.","breadcrumb":{"@id":"https:\/\/www.malinashop.lt\/lt_lt\/shop\/sinoz-duso-gelis-liberty-400-ml\/#breadcrumb"},"inLanguage":"lt-LT","potentialAction":[{"@type":"ReadAction","target":["https:\/\/www.malinashop.lt\/lt_lt\/shop\/sinoz-duso-gelis-liberty-400-ml\/"]}]},{"@type":"ImageObject","inLanguage":"lt-LT","@id":"https:\/\/www.malinashop.lt\/lt_lt\/shop\/sinoz-duso-gelis-liberty-400-ml\/#primaryimage","url":"https:\/\/www.malinashop.lt\/wp-content\/uploads\/2025\/10\/SINOZ-duso-gelis-LIBERTY-400-ml.webp","contentUrl":"https:\/\/www.malinashop.lt\/wp-content\/uploads\/2025\/10\/SINOZ-duso-gelis-LIBERTY-400-ml.webp","width":768,"height":768},{"@type":"BreadcrumbList","@id":"https:\/\/www.malinashop.lt\/lt_lt\/shop\/sinoz-duso-gelis-liberty-400-ml\/#breadcrumb","itemListElement":[{"@type":"ListItem","position":1,"name":"Pagrindinis","item":"https:\/\/www.malinashop.lt\/"},{"@type":"ListItem","position":2,"name":"Parduotuv\u0117","item":"https:\/\/www.malinashop.lt\/en\/parduotuve\/"},{"@type":"ListItem","position":3,"name":"SINOZ du\u0161o gelis LIBERTY, 400 ml"}]},{"@type":"WebSite","@id":"https:\/\/www.malinashop.lt\/#website","url":"https:\/\/www.malinashop.lt\/","name":"COM Group Ecommerce","description":"MalinaShop.lt - Gro\u017eio ir sveikatos produktai i\u0161 patikim\u0173 preki\u0173 \u017eenkl\u0173. Atraskite auk\u0161tos kokyb\u0117s kosmetik\u0105 u\u017e puiki\u0105 kain\u0105.","publisher":{"@id":"https:\/\/www.malinashop.lt\/#organization"},"potentialAction":[{"@type":"SearchAction","target":{"@type":"EntryPoint","urlTemplate":"https:\/\/www.malinashop.lt\/?s={search_term_string}"},"query-input":{"@type":"PropertyValueSpecification","valueRequired":true,"valueName":"search_term_string"}}],"inLanguage":"lt-LT"},{"@type":"Organization","@id":"https:\/\/www.malinashop.lt\/#organization","name":"COM Group Ecommerce","url":"https:\/\/www.malinashop.lt\/","logo":{"@type":"ImageObject","inLanguage":"lt-LT","@id":"https:\/\/www.malinashop.lt\/#\/schema\/logo\/image\/","url":"https:\/\/www.malinashop.lt\/wp-content\/uploads\/2024\/08\/462559670_3787732518133670_9795632669273463_n-e1731525914575.png","contentUrl":"https:\/\/www.malinashop.lt\/wp-content\/uploads\/2024\/08\/462559670_3787732518133670_9795632669273463_n-e1731525914575.png","width":180,"height":60,"caption":"COM Group Ecommerce"},"image":{"@id":"https:\/\/www.malinashop.lt\/#\/schema\/logo\/image\/"}}]}},"jetpack_sharing_enabled":true,"_links":{"self":[{"href":"https:\/\/www.malinashop.lt\/lt_lt\/wp-json\/wp\/v2\/product\/59018","targetHints":{"allow":["GET"]}}],"collection":[{"href":"https:\/\/www.malinashop.lt\/lt_lt\/wp-json\/wp\/v2\/product"}],"about":[{"href":"https:\/\/www.malinashop.lt\/lt_lt\/wp-json\/wp\/v2\/types\/product"}],"version-history":[{"count":1,"href":"https:\/\/www.malinashop.lt\/lt_lt\/wp-json\/wp\/v2\/product\/59018\/revisions"}],"predecessor-version":[{"id":59021,"href":"https:\/\/www.malinashop.lt\/lt_lt\/wp-json\/wp\/v2\/product\/59018\/revisions\/59021"}],"wp:featuredmedia":[{"embeddable":true,"href":"https:\/\/www.malinashop.lt\/lt_lt\/wp-json\/wp\/v2\/media\/59020"}],"wp:attachment":[{"href":"https:\/\/www.malinashop.lt\/lt_lt\/wp-json\/wp\/v2\/media?parent=59018"}],"wp:term":[{"taxonomy":"product_brand","embeddable":true,"href":"https:\/\/www.malinashop.lt\/lt_lt\/wp-json\/wp\/v2\/product_brand?post=59018"},{"taxonomy":"product_cat","embeddable":true,"href":"https:\/\/www.malinashop.lt\/lt_lt\/wp-json\/wp\/v2\/product_cat?post=59018"},{"taxonomy":"product_tag","embeddable":true,"href":"https:\/\/www.malinashop.lt\/lt_lt\/wp-json\/wp\/v2\/product_tag?post=59018"}],"curies":[{"name":"wp","href":"https:\/\/api.w.org\/{rel}","templated":true}]}}