{"id":59007,"date":"2025-10-20T20:07:52","date_gmt":"2025-10-20T17:07:52","guid":{"rendered":"https:\/\/malinashop.lt\/?post_type=product&#038;p=59007"},"modified":"2026-03-18T12:27:55","modified_gmt":"2026-03-18T09:27:55","slug":"sinoz-kuno-purskiklis-gold-aura-200-ml","status":"publish","type":"product","link":"https:\/\/www.malinashop.lt\/lt_lt\/shop\/sinoz-kuno-purskiklis-gold-aura-200-ml\/","title":{"rendered":"SINOZ k\u016bno pur\u0161kiklis GOLD AURA, 200 ml"},"content":{"rendered":"<p data-start=\"334\" data-end=\"597\"><strong data-start=\"334\" data-end=\"369\">SINOZ k\u016bno pur\u0161kiklis GOLD AURA<\/strong> \u2013 tai prabangus k\u016bno pur\u0161kiklis, kuris dr\u0117kina od\u0105, suteikia spindesio ir apgaubia misti\u0161ku, kerin\u010diu aromatu. Jo unikali \u201eauksin\u0117s auros\u201c formul\u0117 sukurta tam, kad kiekvien\u0105 dien\u0105 jaustum\u0117t\u0117s ypatingai ir pasitik\u0117tum\u0117te savimi.<\/p>\n<p data-start=\"599\" data-end=\"872\">SINOZ k\u016bno pur\u0161kiklis GOLD AURA maitina od\u0105, suteikia jai \u0161velnumo, o subtil\u016bs \u0161vyt\u0117jimo pigmentai pary\u0161kina k\u016bno kont\u016brus ir odos gro\u017e\u012f. \u0160is pur\u0161kiklis ne tik puosel\u0117ja od\u0105, bet ir veikia kaip lengvi k\u016bno kvepalai \u2013 kvapas i\u0161lieka ilgai ir sukuria nepakartojam\u0105 atmosfer\u0105.<\/p>\n<p data-start=\"874\" data-end=\"902\"><strong data-start=\"874\" data-end=\"902\">Pagrindiniai privalumai:<\/strong><\/p>\n<ul data-start=\"903\" data-end=\"1089\">\n<li data-start=\"903\" data-end=\"931\">\n<p data-start=\"905\" data-end=\"931\">Dr\u0117kina ir mink\u0161tina od\u0105<\/p>\n<\/li>\n<li data-start=\"932\" data-end=\"975\">\n<p data-start=\"934\" data-end=\"975\">Suteikia spindin\u010di\u0105, \u0161vytin\u010di\u0105 i\u0161vaizd\u0105<\/p>\n<\/li>\n<li data-start=\"976\" data-end=\"1016\">\n<p data-start=\"978\" data-end=\"1016\">Ilgai i\u0161liekantis misti\u0161kas aromatas<\/p>\n<\/li>\n<li data-start=\"1017\" data-end=\"1053\">\n<p data-start=\"1019\" data-end=\"1053\">Pary\u0161kina odos gro\u017e\u012f ir kont\u016brus<\/p>\n<\/li>\n<li data-start=\"1054\" data-end=\"1089\">\n<p data-start=\"1056\" data-end=\"1089\">Lengva, neapsunkinanti tekst\u016bra<\/p>\n<\/li>\n<\/ul>\n<p data-start=\"1091\" data-end=\"1292\"><strong data-start=\"1091\" data-end=\"1106\">Naudojimas:<\/strong><br data-start=\"1106\" data-end=\"1109\" \/>Prie\u0161 naudojim\u0105 nuvalykite ir nusausinkite od\u0105. Purk\u0161kite <strong data-start=\"1167\" data-end=\"1201\">SINOZ k\u016bno pur\u0161kikl\u012f GOLD AURA<\/strong> 15\u201320 cm atstumu ant norim\u0173 k\u016bno viet\u0173. Venkite patekimo \u012f akis. Tik i\u0161oriniam naudojimui.<\/p>\n","protected":false},"excerpt":{"rendered":"<p data-start=\"170\" data-end=\"263\">SINOZ GOLD AURA k\u016bno pur\u0161kiklis dr\u0117kina od\u0105, suteikia \u0161vyt\u0117jimo ir apgaubia misti\u0161ku aromatu.<\/p>\n","protected":false},"featured_media":59008,"template":"","meta":[],"product_brand":[1354],"product_cat":[542,731],"product_tag":[1619],"class_list":{"0":"post-59007","1":"product","2":"type-product","3":"status-publish","4":"has-post-thumbnail","6":"product_brand-sinoz","7":"product_cat-kuno-dulksna-purskikliai","8":"product_cat-kunui","9":"product_tag-sinoz","11":"first","12":"instock","13":"sale","14":"taxable","15":"shipping-taxable","16":"purchasable","17":"product-type-simple"},"yoast_head":"<!-- This site is optimized with the Yoast SEO plugin v27.4 - https:\/\/yoast.com\/product\/yoast-seo-wordpress\/ -->\n<title>SINOZ k\u016bno pur\u0161kiklis GOLD AURA, 200 ml - MalinaShop.lt J\u016bs\u0173 sveikatai ir gro\u017eiui.<\/title>\n<meta name=\"description\" content=\"SINOZ GOLD AURA k\u016bno pur\u0161kiklis suteikia odai dr\u0117gm\u0117s, spindesio ir ilgai i\u0161liekant\u012f misti\u0161k\u0105 aromat\u0105.\" \/>\n<meta name=\"robots\" content=\"index, follow, max-snippet:-1, max-image-preview:large, max-video-preview:-1\" \/>\n<link rel=\"canonical\" href=\"https:\/\/www.malinashop.lt\/lt_lt\/shop\/sinoz-kuno-purskiklis-gold-aura-200-ml\/\" \/>\n<meta property=\"og:locale\" content=\"lt_LT\" \/>\n<meta property=\"og:type\" content=\"article\" \/>\n<meta property=\"og:title\" content=\"SINOZ k\u016bno pur\u0161kiklis GOLD AURA, 200 ml - MalinaShop.lt J\u016bs\u0173 sveikatai ir gro\u017eiui.\" \/>\n<meta property=\"og:description\" content=\"SINOZ GOLD AURA k\u016bno pur\u0161kiklis suteikia odai dr\u0117gm\u0117s, spindesio ir ilgai i\u0161liekant\u012f misti\u0161k\u0105 aromat\u0105.\" \/>\n<meta property=\"og:url\" content=\"https:\/\/www.malinashop.lt\/lt_lt\/shop\/sinoz-kuno-purskiklis-gold-aura-200-ml\/\" \/>\n<meta property=\"og:site_name\" content=\"MalinaShop.lt J\u016bs\u0173 sveikatai ir gro\u017eiui.\" \/>\n<meta property=\"article:modified_time\" content=\"2026-03-18T09:27:55+00:00\" \/>\n<meta property=\"og:image\" content=\"https:\/\/www.malinashop.lt\/wp-content\/uploads\/2025\/10\/SINOZ-kuno-purskiklis-GOLD-AURA-200-ml.webp\" \/>\n\t<meta property=\"og:image:width\" content=\"768\" \/>\n\t<meta property=\"og:image:height\" content=\"768\" \/>\n\t<meta property=\"og:image:type\" content=\"image\/webp\" \/>\n<meta name=\"twitter:card\" content=\"summary_large_image\" \/>\n<script type=\"application\/ld+json\" class=\"yoast-schema-graph\">{\"@context\":\"https:\\\/\\\/schema.org\",\"@graph\":[{\"@type\":\"WebPage\",\"@id\":\"https:\\\/\\\/www.malinashop.lt\\\/lt_lt\\\/shop\\\/sinoz-kuno-purskiklis-gold-aura-200-ml\\\/\",\"url\":\"https:\\\/\\\/www.malinashop.lt\\\/lt_lt\\\/shop\\\/sinoz-kuno-purskiklis-gold-aura-200-ml\\\/\",\"name\":\"SINOZ k\u016bno pur\u0161kiklis GOLD AURA, 200 ml - MalinaShop.lt J\u016bs\u0173 sveikatai ir gro\u017eiui.\",\"isPartOf\":{\"@id\":\"https:\\\/\\\/www.malinashop.lt\\\/#website\"},\"primaryImageOfPage\":{\"@id\":\"https:\\\/\\\/www.malinashop.lt\\\/lt_lt\\\/shop\\\/sinoz-kuno-purskiklis-gold-aura-200-ml\\\/#primaryimage\"},\"image\":{\"@id\":\"https:\\\/\\\/www.malinashop.lt\\\/lt_lt\\\/shop\\\/sinoz-kuno-purskiklis-gold-aura-200-ml\\\/#primaryimage\"},\"thumbnailUrl\":\"https:\\\/\\\/www.malinashop.lt\\\/wp-content\\\/uploads\\\/2025\\\/10\\\/SINOZ-kuno-purskiklis-GOLD-AURA-200-ml.webp\",\"datePublished\":\"2025-10-20T17:07:52+00:00\",\"dateModified\":\"2026-03-18T09:27:55+00:00\",\"description\":\"SINOZ GOLD AURA k\u016bno pur\u0161kiklis suteikia odai dr\u0117gm\u0117s, spindesio ir ilgai i\u0161liekant\u012f misti\u0161k\u0105 aromat\u0105.\",\"breadcrumb\":{\"@id\":\"https:\\\/\\\/www.malinashop.lt\\\/lt_lt\\\/shop\\\/sinoz-kuno-purskiklis-gold-aura-200-ml\\\/#breadcrumb\"},\"inLanguage\":\"lt-LT\",\"potentialAction\":[{\"@type\":\"ReadAction\",\"target\":[\"https:\\\/\\\/www.malinashop.lt\\\/lt_lt\\\/shop\\\/sinoz-kuno-purskiklis-gold-aura-200-ml\\\/\"]}]},{\"@type\":\"ImageObject\",\"inLanguage\":\"lt-LT\",\"@id\":\"https:\\\/\\\/www.malinashop.lt\\\/lt_lt\\\/shop\\\/sinoz-kuno-purskiklis-gold-aura-200-ml\\\/#primaryimage\",\"url\":\"https:\\\/\\\/www.malinashop.lt\\\/wp-content\\\/uploads\\\/2025\\\/10\\\/SINOZ-kuno-purskiklis-GOLD-AURA-200-ml.webp\",\"contentUrl\":\"https:\\\/\\\/www.malinashop.lt\\\/wp-content\\\/uploads\\\/2025\\\/10\\\/SINOZ-kuno-purskiklis-GOLD-AURA-200-ml.webp\",\"width\":768,\"height\":768},{\"@type\":\"BreadcrumbList\",\"@id\":\"https:\\\/\\\/www.malinashop.lt\\\/lt_lt\\\/shop\\\/sinoz-kuno-purskiklis-gold-aura-200-ml\\\/#breadcrumb\",\"itemListElement\":[{\"@type\":\"ListItem\",\"position\":1,\"name\":\"Pagrindinis\",\"item\":\"https:\\\/\\\/www.malinashop.lt\\\/\"},{\"@type\":\"ListItem\",\"position\":2,\"name\":\"Parduotuv\u0117\",\"item\":\"https:\\\/\\\/www.malinashop.lt\\\/en\\\/parduotuve\\\/\"},{\"@type\":\"ListItem\",\"position\":3,\"name\":\"SINOZ k\u016bno pur\u0161kiklis GOLD AURA, 200 ml\"}]},{\"@type\":\"WebSite\",\"@id\":\"https:\\\/\\\/www.malinashop.lt\\\/#website\",\"url\":\"https:\\\/\\\/www.malinashop.lt\\\/\",\"name\":\"COM Group Ecommerce\",\"description\":\"MalinaShop.lt - Gro\u017eio ir sveikatos produktai i\u0161 patikim\u0173 preki\u0173 \u017eenkl\u0173. Atraskite auk\u0161tos kokyb\u0117s kosmetik\u0105 u\u017e puiki\u0105 kain\u0105.\",\"publisher\":{\"@id\":\"https:\\\/\\\/www.malinashop.lt\\\/#organization\"},\"potentialAction\":[{\"@type\":\"SearchAction\",\"target\":{\"@type\":\"EntryPoint\",\"urlTemplate\":\"https:\\\/\\\/www.malinashop.lt\\\/?s={search_term_string}\"},\"query-input\":{\"@type\":\"PropertyValueSpecification\",\"valueRequired\":true,\"valueName\":\"search_term_string\"}}],\"inLanguage\":\"lt-LT\"},{\"@type\":\"Organization\",\"@id\":\"https:\\\/\\\/www.malinashop.lt\\\/#organization\",\"name\":\"COM Group Ecommerce\",\"url\":\"https:\\\/\\\/www.malinashop.lt\\\/\",\"logo\":{\"@type\":\"ImageObject\",\"inLanguage\":\"lt-LT\",\"@id\":\"https:\\\/\\\/www.malinashop.lt\\\/#\\\/schema\\\/logo\\\/image\\\/\",\"url\":\"https:\\\/\\\/www.malinashop.lt\\\/wp-content\\\/uploads\\\/2024\\\/08\\\/462559670_3787732518133670_9795632669273463_n-e1731525914575.png\",\"contentUrl\":\"https:\\\/\\\/www.malinashop.lt\\\/wp-content\\\/uploads\\\/2024\\\/08\\\/462559670_3787732518133670_9795632669273463_n-e1731525914575.png\",\"width\":180,\"height\":60,\"caption\":\"COM Group Ecommerce\"},\"image\":{\"@id\":\"https:\\\/\\\/www.malinashop.lt\\\/#\\\/schema\\\/logo\\\/image\\\/\"}}]}<\/script>\n<!-- \/ Yoast SEO plugin. -->","yoast_head_json":{"title":"SINOZ k\u016bno pur\u0161kiklis GOLD AURA, 200 ml - MalinaShop.lt J\u016bs\u0173 sveikatai ir gro\u017eiui.","description":"SINOZ GOLD AURA k\u016bno pur\u0161kiklis suteikia odai dr\u0117gm\u0117s, spindesio ir ilgai i\u0161liekant\u012f misti\u0161k\u0105 aromat\u0105.","robots":{"index":"index","follow":"follow","max-snippet":"max-snippet:-1","max-image-preview":"max-image-preview:large","max-video-preview":"max-video-preview:-1"},"canonical":"https:\/\/www.malinashop.lt\/lt_lt\/shop\/sinoz-kuno-purskiklis-gold-aura-200-ml\/","og_locale":"lt_LT","og_type":"article","og_title":"SINOZ k\u016bno pur\u0161kiklis GOLD AURA, 200 ml - MalinaShop.lt J\u016bs\u0173 sveikatai ir gro\u017eiui.","og_description":"SINOZ GOLD AURA k\u016bno pur\u0161kiklis suteikia odai dr\u0117gm\u0117s, spindesio ir ilgai i\u0161liekant\u012f misti\u0161k\u0105 aromat\u0105.","og_url":"https:\/\/www.malinashop.lt\/lt_lt\/shop\/sinoz-kuno-purskiklis-gold-aura-200-ml\/","og_site_name":"MalinaShop.lt J\u016bs\u0173 sveikatai ir gro\u017eiui.","article_modified_time":"2026-03-18T09:27:55+00:00","og_image":[{"width":768,"height":768,"url":"https:\/\/www.malinashop.lt\/wp-content\/uploads\/2025\/10\/SINOZ-kuno-purskiklis-GOLD-AURA-200-ml.webp","type":"image\/webp"}],"twitter_card":"summary_large_image","schema":{"@context":"https:\/\/schema.org","@graph":[{"@type":"WebPage","@id":"https:\/\/www.malinashop.lt\/lt_lt\/shop\/sinoz-kuno-purskiklis-gold-aura-200-ml\/","url":"https:\/\/www.malinashop.lt\/lt_lt\/shop\/sinoz-kuno-purskiklis-gold-aura-200-ml\/","name":"SINOZ k\u016bno pur\u0161kiklis GOLD AURA, 200 ml - MalinaShop.lt J\u016bs\u0173 sveikatai ir gro\u017eiui.","isPartOf":{"@id":"https:\/\/www.malinashop.lt\/#website"},"primaryImageOfPage":{"@id":"https:\/\/www.malinashop.lt\/lt_lt\/shop\/sinoz-kuno-purskiklis-gold-aura-200-ml\/#primaryimage"},"image":{"@id":"https:\/\/www.malinashop.lt\/lt_lt\/shop\/sinoz-kuno-purskiklis-gold-aura-200-ml\/#primaryimage"},"thumbnailUrl":"https:\/\/www.malinashop.lt\/wp-content\/uploads\/2025\/10\/SINOZ-kuno-purskiklis-GOLD-AURA-200-ml.webp","datePublished":"2025-10-20T17:07:52+00:00","dateModified":"2026-03-18T09:27:55+00:00","description":"SINOZ GOLD AURA k\u016bno pur\u0161kiklis suteikia odai dr\u0117gm\u0117s, spindesio ir ilgai i\u0161liekant\u012f misti\u0161k\u0105 aromat\u0105.","breadcrumb":{"@id":"https:\/\/www.malinashop.lt\/lt_lt\/shop\/sinoz-kuno-purskiklis-gold-aura-200-ml\/#breadcrumb"},"inLanguage":"lt-LT","potentialAction":[{"@type":"ReadAction","target":["https:\/\/www.malinashop.lt\/lt_lt\/shop\/sinoz-kuno-purskiklis-gold-aura-200-ml\/"]}]},{"@type":"ImageObject","inLanguage":"lt-LT","@id":"https:\/\/www.malinashop.lt\/lt_lt\/shop\/sinoz-kuno-purskiklis-gold-aura-200-ml\/#primaryimage","url":"https:\/\/www.malinashop.lt\/wp-content\/uploads\/2025\/10\/SINOZ-kuno-purskiklis-GOLD-AURA-200-ml.webp","contentUrl":"https:\/\/www.malinashop.lt\/wp-content\/uploads\/2025\/10\/SINOZ-kuno-purskiklis-GOLD-AURA-200-ml.webp","width":768,"height":768},{"@type":"BreadcrumbList","@id":"https:\/\/www.malinashop.lt\/lt_lt\/shop\/sinoz-kuno-purskiklis-gold-aura-200-ml\/#breadcrumb","itemListElement":[{"@type":"ListItem","position":1,"name":"Pagrindinis","item":"https:\/\/www.malinashop.lt\/"},{"@type":"ListItem","position":2,"name":"Parduotuv\u0117","item":"https:\/\/www.malinashop.lt\/en\/parduotuve\/"},{"@type":"ListItem","position":3,"name":"SINOZ k\u016bno pur\u0161kiklis GOLD AURA, 200 ml"}]},{"@type":"WebSite","@id":"https:\/\/www.malinashop.lt\/#website","url":"https:\/\/www.malinashop.lt\/","name":"COM Group Ecommerce","description":"MalinaShop.lt - Gro\u017eio ir sveikatos produktai i\u0161 patikim\u0173 preki\u0173 \u017eenkl\u0173. Atraskite auk\u0161tos kokyb\u0117s kosmetik\u0105 u\u017e puiki\u0105 kain\u0105.","publisher":{"@id":"https:\/\/www.malinashop.lt\/#organization"},"potentialAction":[{"@type":"SearchAction","target":{"@type":"EntryPoint","urlTemplate":"https:\/\/www.malinashop.lt\/?s={search_term_string}"},"query-input":{"@type":"PropertyValueSpecification","valueRequired":true,"valueName":"search_term_string"}}],"inLanguage":"lt-LT"},{"@type":"Organization","@id":"https:\/\/www.malinashop.lt\/#organization","name":"COM Group Ecommerce","url":"https:\/\/www.malinashop.lt\/","logo":{"@type":"ImageObject","inLanguage":"lt-LT","@id":"https:\/\/www.malinashop.lt\/#\/schema\/logo\/image\/","url":"https:\/\/www.malinashop.lt\/wp-content\/uploads\/2024\/08\/462559670_3787732518133670_9795632669273463_n-e1731525914575.png","contentUrl":"https:\/\/www.malinashop.lt\/wp-content\/uploads\/2024\/08\/462559670_3787732518133670_9795632669273463_n-e1731525914575.png","width":180,"height":60,"caption":"COM Group Ecommerce"},"image":{"@id":"https:\/\/www.malinashop.lt\/#\/schema\/logo\/image\/"}}]}},"jetpack_sharing_enabled":true,"_links":{"self":[{"href":"https:\/\/www.malinashop.lt\/lt_lt\/wp-json\/wp\/v2\/product\/59007","targetHints":{"allow":["GET"]}}],"collection":[{"href":"https:\/\/www.malinashop.lt\/lt_lt\/wp-json\/wp\/v2\/product"}],"about":[{"href":"https:\/\/www.malinashop.lt\/lt_lt\/wp-json\/wp\/v2\/types\/product"}],"version-history":[{"count":1,"href":"https:\/\/www.malinashop.lt\/lt_lt\/wp-json\/wp\/v2\/product\/59007\/revisions"}],"predecessor-version":[{"id":59009,"href":"https:\/\/www.malinashop.lt\/lt_lt\/wp-json\/wp\/v2\/product\/59007\/revisions\/59009"}],"wp:featuredmedia":[{"embeddable":true,"href":"https:\/\/www.malinashop.lt\/lt_lt\/wp-json\/wp\/v2\/media\/59008"}],"wp:attachment":[{"href":"https:\/\/www.malinashop.lt\/lt_lt\/wp-json\/wp\/v2\/media?parent=59007"}],"wp:term":[{"taxonomy":"product_brand","embeddable":true,"href":"https:\/\/www.malinashop.lt\/lt_lt\/wp-json\/wp\/v2\/product_brand?post=59007"},{"taxonomy":"product_cat","embeddable":true,"href":"https:\/\/www.malinashop.lt\/lt_lt\/wp-json\/wp\/v2\/product_cat?post=59007"},{"taxonomy":"product_tag","embeddable":true,"href":"https:\/\/www.malinashop.lt\/lt_lt\/wp-json\/wp\/v2\/product_tag?post=59007"}],"curies":[{"name":"wp","href":"https:\/\/api.w.org\/{rel}","templated":true}]}}