{"id":59000,"date":"2025-10-20T20:00:38","date_gmt":"2025-10-20T17:00:38","guid":{"rendered":"https:\/\/malinashop.lt\/?post_type=product&#038;p=59000"},"modified":"2026-03-18T12:27:55","modified_gmt":"2026-03-18T09:27:55","slug":"sinoz-no16-svytintis-drekinamasis-kuno-aliejus-piestukas-18-g","status":"publish","type":"product","link":"https:\/\/www.malinashop.lt\/lt_lt\/shop\/sinoz-no16-svytintis-drekinamasis-kuno-aliejus-piestukas-18-g\/","title":{"rendered":"SINOZ NO:16 \u0161vytintis dr\u0117kinamasis k\u016bno aliejus pie\u0161tukas, 18 g"},"content":{"rendered":"<p data-start=\"418\" data-end=\"751\"><strong data-start=\"418\" data-end=\"479\">SINOZ NO:16 \u0161vytintis dr\u0117kinamasis k\u016bno aliejus pie\u0161tukas<\/strong> \u2013 tai inovatyvi priemon\u0117, suteikianti odai intensyv\u0173 dr\u0117kinim\u0105, maitinim\u0105 ir spindin\u010di\u0105 i\u0161vaizd\u0105 vienu br\u016bk\u0161tel\u0117jimu. Sud\u0117tyje esantys <strong data-start=\"615\" data-end=\"641\">net 16 verting\u0173 aliej\u0173<\/strong> giliai puosel\u0117ja od\u0105, padeda atkurti jos elastingum\u0105 ir apsaugo nuo i\u0161saus\u0117jimo, nepalikdami riebumo poj\u016b\u010dio.<\/p>\n<p data-start=\"753\" data-end=\"1053\">D\u0117l <strong data-start=\"757\" data-end=\"776\">pie\u0161tuko formos<\/strong> SINOZ NO:16 \u0161vytintis dr\u0117kinamasis k\u016bno aliejus pie\u0161tukas yra itin prakti\u0161kas \u2013 lengva naudoti bet kur ir bet kada. Priemon\u0117 glotniai slysta oda, suteikia subtil\u0173 <strong data-start=\"940\" data-end=\"971\">blizges\u012f ir satinin\u012f efekt\u0105<\/strong>, tod\u0117l puikiai tinka pary\u0161kinti pe\u010dius, raktikaulius, kojas ar kitas k\u016bno vietas.<\/p>\n<p data-start=\"1055\" data-end=\"1329\">Stilinga, kompakti\u0161ka pakuot\u0117 leid\u017eia <strong data-start=\"1093\" data-end=\"1143\">pasiimti aliej\u0173 su savimi \u012f rankin\u0119 ar kelion\u0119<\/strong>, tod\u0117l tai puikus pasirinkimas greitam odos atgaivinimui dienos metu. <strong data-start=\"1214\" data-end=\"1252\">SINOZ NO:16 k\u016bno aliejus pie\u0161tukas<\/strong> palengvina gro\u017eio rutin\u0105 ir suteikia odai \u0161vyt\u0117jimo, mink\u0161tumo bei komforto.<\/p>\n<p data-start=\"1331\" data-end=\"1359\"><strong data-start=\"1331\" data-end=\"1359\">Pagrindiniai privalumai:<\/strong><\/p>\n<ul data-start=\"1360\" data-end=\"1583\">\n<li data-start=\"1360\" data-end=\"1389\">\n<p data-start=\"1362\" data-end=\"1389\">16 prabangi\u0173 aliej\u0173 formul\u0117<\/p>\n<\/li>\n<li data-start=\"1390\" data-end=\"1426\">\n<p data-start=\"1392\" data-end=\"1426\">Maitina ir intensyviai dr\u0117kina od\u0105<\/p>\n<\/li>\n<li data-start=\"1427\" data-end=\"1465\">\n<p data-start=\"1429\" data-end=\"1465\">Suteikia spindesio ir \u0161ilkin\u012f efekt\u0105<\/p>\n<\/li>\n<li data-start=\"1466\" data-end=\"1505\">\n<p data-start=\"1468\" data-end=\"1505\">Neriebi, lengvai \u012fsigerianti tekst\u016bra<\/p>\n<\/li>\n<li data-start=\"1506\" data-end=\"1551\">\n<p data-start=\"1508\" data-end=\"1551\">Patogi pie\u0161tuko forma kasdieniam naudojimui<\/p>\n<\/li>\n<li data-start=\"1552\" data-end=\"1583\">\n<p data-start=\"1554\" data-end=\"1583\">Kompakti\u0161ka, stilinga pakuot\u0117<\/p>\n<\/li>\n<\/ul>\n<p data-start=\"1585\" data-end=\"1790\"><strong data-start=\"1585\" data-end=\"1600\">Naudojimas:<\/strong><br data-start=\"1600\" data-end=\"1603\" \/>\u0160iek tiek pasukite pie\u0161tuko pagrind\u0105 ir u\u017etepkite <strong data-start=\"1653\" data-end=\"1701\">SINOZ NO:16 \u0161vytint\u012f dr\u0117kinam\u0105j\u012f k\u016bno aliej\u0173<\/strong> ant norim\u0173 odos viet\u0173. Tepkite tiesiogiai ant odos ir lengvai paskirstykite, jei reikia.<\/p>\n","protected":false},"excerpt":{"rendered":"<p data-start=\"255\" data-end=\"347\">SINOZ NO:16 pie\u0161tukinis k\u016bno aliejus maitina, dr\u0117kina ir suteikia odai spindesio be riebumo.<\/p>\n","protected":false},"featured_media":59002,"template":"","meta":[],"product_brand":[1354],"product_cat":[555,731],"product_tag":[1619],"class_list":{"0":"post-59000","1":"product","2":"type-product","3":"status-publish","4":"has-post-thumbnail","6":"product_brand-sinoz","7":"product_cat-kuno-aliejai-losjonai","8":"product_cat-kunui","9":"product_tag-sinoz","11":"first","12":"instock","13":"sale","14":"taxable","15":"shipping-taxable","16":"purchasable","17":"product-type-simple"},"yoast_head":"<!-- This site is optimized with the Yoast SEO plugin v27.4 - https:\/\/yoast.com\/product\/yoast-seo-wordpress\/ -->\n<title>SINOZ NO:16 \u0161vytintis dr\u0117kinamasis k\u016bno aliejus pie\u0161tukas, 18 g - MalinaShop.lt J\u016bs\u0173 sveikatai ir gro\u017eiui.<\/title>\n<meta name=\"description\" content=\"SINOZ NO:16 pie\u0161tukinis k\u016bno aliejus maitina od\u0105, dr\u0117kina ir suteikia spindesio be riebumo \u2013 patogu naudoti bet kur.\" \/>\n<meta name=\"robots\" content=\"index, follow, max-snippet:-1, max-image-preview:large, max-video-preview:-1\" \/>\n<link rel=\"canonical\" href=\"https:\/\/www.malinashop.lt\/lt_lt\/shop\/sinoz-no16-svytintis-drekinamasis-kuno-aliejus-piestukas-18-g\/\" \/>\n<meta property=\"og:locale\" content=\"lt_LT\" \/>\n<meta property=\"og:type\" content=\"article\" \/>\n<meta property=\"og:title\" content=\"SINOZ NO:16 \u0161vytintis dr\u0117kinamasis k\u016bno aliejus pie\u0161tukas, 18 g - MalinaShop.lt J\u016bs\u0173 sveikatai ir gro\u017eiui.\" \/>\n<meta property=\"og:description\" content=\"SINOZ NO:16 pie\u0161tukinis k\u016bno aliejus maitina od\u0105, dr\u0117kina ir suteikia spindesio be riebumo \u2013 patogu naudoti bet kur.\" \/>\n<meta property=\"og:url\" content=\"https:\/\/www.malinashop.lt\/lt_lt\/shop\/sinoz-no16-svytintis-drekinamasis-kuno-aliejus-piestukas-18-g\/\" \/>\n<meta property=\"og:site_name\" content=\"MalinaShop.lt J\u016bs\u0173 sveikatai ir gro\u017eiui.\" \/>\n<meta property=\"article:modified_time\" content=\"2026-03-18T09:27:55+00:00\" \/>\n<meta property=\"og:image\" content=\"https:\/\/www.malinashop.lt\/wp-content\/uploads\/2025\/10\/SINOZ-NO16-svytintis-drekinamasis-kuno-aliejus-piestukas-18-g.webp\" \/>\n\t<meta property=\"og:image:width\" content=\"768\" \/>\n\t<meta property=\"og:image:height\" content=\"768\" \/>\n\t<meta property=\"og:image:type\" content=\"image\/webp\" \/>\n<meta name=\"twitter:card\" content=\"summary_large_image\" \/>\n<script type=\"application\/ld+json\" class=\"yoast-schema-graph\">{\"@context\":\"https:\\\/\\\/schema.org\",\"@graph\":[{\"@type\":\"WebPage\",\"@id\":\"https:\\\/\\\/www.malinashop.lt\\\/lt_lt\\\/shop\\\/sinoz-no16-svytintis-drekinamasis-kuno-aliejus-piestukas-18-g\\\/\",\"url\":\"https:\\\/\\\/www.malinashop.lt\\\/lt_lt\\\/shop\\\/sinoz-no16-svytintis-drekinamasis-kuno-aliejus-piestukas-18-g\\\/\",\"name\":\"SINOZ NO:16 \u0161vytintis dr\u0117kinamasis k\u016bno aliejus pie\u0161tukas, 18 g - MalinaShop.lt J\u016bs\u0173 sveikatai ir gro\u017eiui.\",\"isPartOf\":{\"@id\":\"https:\\\/\\\/www.malinashop.lt\\\/#website\"},\"primaryImageOfPage\":{\"@id\":\"https:\\\/\\\/www.malinashop.lt\\\/lt_lt\\\/shop\\\/sinoz-no16-svytintis-drekinamasis-kuno-aliejus-piestukas-18-g\\\/#primaryimage\"},\"image\":{\"@id\":\"https:\\\/\\\/www.malinashop.lt\\\/lt_lt\\\/shop\\\/sinoz-no16-svytintis-drekinamasis-kuno-aliejus-piestukas-18-g\\\/#primaryimage\"},\"thumbnailUrl\":\"https:\\\/\\\/www.malinashop.lt\\\/wp-content\\\/uploads\\\/2025\\\/10\\\/SINOZ-NO16-svytintis-drekinamasis-kuno-aliejus-piestukas-18-g.webp\",\"datePublished\":\"2025-10-20T17:00:38+00:00\",\"dateModified\":\"2026-03-18T09:27:55+00:00\",\"description\":\"SINOZ NO:16 pie\u0161tukinis k\u016bno aliejus maitina od\u0105, dr\u0117kina ir suteikia spindesio be riebumo \u2013 patogu naudoti bet kur.\",\"breadcrumb\":{\"@id\":\"https:\\\/\\\/www.malinashop.lt\\\/lt_lt\\\/shop\\\/sinoz-no16-svytintis-drekinamasis-kuno-aliejus-piestukas-18-g\\\/#breadcrumb\"},\"inLanguage\":\"lt-LT\",\"potentialAction\":[{\"@type\":\"ReadAction\",\"target\":[\"https:\\\/\\\/www.malinashop.lt\\\/lt_lt\\\/shop\\\/sinoz-no16-svytintis-drekinamasis-kuno-aliejus-piestukas-18-g\\\/\"]}]},{\"@type\":\"ImageObject\",\"inLanguage\":\"lt-LT\",\"@id\":\"https:\\\/\\\/www.malinashop.lt\\\/lt_lt\\\/shop\\\/sinoz-no16-svytintis-drekinamasis-kuno-aliejus-piestukas-18-g\\\/#primaryimage\",\"url\":\"https:\\\/\\\/www.malinashop.lt\\\/wp-content\\\/uploads\\\/2025\\\/10\\\/SINOZ-NO16-svytintis-drekinamasis-kuno-aliejus-piestukas-18-g.webp\",\"contentUrl\":\"https:\\\/\\\/www.malinashop.lt\\\/wp-content\\\/uploads\\\/2025\\\/10\\\/SINOZ-NO16-svytintis-drekinamasis-kuno-aliejus-piestukas-18-g.webp\",\"width\":768,\"height\":768},{\"@type\":\"BreadcrumbList\",\"@id\":\"https:\\\/\\\/www.malinashop.lt\\\/lt_lt\\\/shop\\\/sinoz-no16-svytintis-drekinamasis-kuno-aliejus-piestukas-18-g\\\/#breadcrumb\",\"itemListElement\":[{\"@type\":\"ListItem\",\"position\":1,\"name\":\"Pagrindinis\",\"item\":\"https:\\\/\\\/www.malinashop.lt\\\/\"},{\"@type\":\"ListItem\",\"position\":2,\"name\":\"Parduotuv\u0117\",\"item\":\"https:\\\/\\\/www.malinashop.lt\\\/en\\\/parduotuve\\\/\"},{\"@type\":\"ListItem\",\"position\":3,\"name\":\"SINOZ NO:16 \u0161vytintis dr\u0117kinamasis k\u016bno aliejus pie\u0161tukas, 18 g\"}]},{\"@type\":\"WebSite\",\"@id\":\"https:\\\/\\\/www.malinashop.lt\\\/#website\",\"url\":\"https:\\\/\\\/www.malinashop.lt\\\/\",\"name\":\"COM Group Ecommerce\",\"description\":\"MalinaShop.lt - Gro\u017eio ir sveikatos produktai i\u0161 patikim\u0173 preki\u0173 \u017eenkl\u0173. Atraskite auk\u0161tos kokyb\u0117s kosmetik\u0105 u\u017e puiki\u0105 kain\u0105.\",\"publisher\":{\"@id\":\"https:\\\/\\\/www.malinashop.lt\\\/#organization\"},\"potentialAction\":[{\"@type\":\"SearchAction\",\"target\":{\"@type\":\"EntryPoint\",\"urlTemplate\":\"https:\\\/\\\/www.malinashop.lt\\\/?s={search_term_string}\"},\"query-input\":{\"@type\":\"PropertyValueSpecification\",\"valueRequired\":true,\"valueName\":\"search_term_string\"}}],\"inLanguage\":\"lt-LT\"},{\"@type\":\"Organization\",\"@id\":\"https:\\\/\\\/www.malinashop.lt\\\/#organization\",\"name\":\"COM Group Ecommerce\",\"url\":\"https:\\\/\\\/www.malinashop.lt\\\/\",\"logo\":{\"@type\":\"ImageObject\",\"inLanguage\":\"lt-LT\",\"@id\":\"https:\\\/\\\/www.malinashop.lt\\\/#\\\/schema\\\/logo\\\/image\\\/\",\"url\":\"https:\\\/\\\/www.malinashop.lt\\\/wp-content\\\/uploads\\\/2024\\\/08\\\/462559670_3787732518133670_9795632669273463_n-e1731525914575.png\",\"contentUrl\":\"https:\\\/\\\/www.malinashop.lt\\\/wp-content\\\/uploads\\\/2024\\\/08\\\/462559670_3787732518133670_9795632669273463_n-e1731525914575.png\",\"width\":180,\"height\":60,\"caption\":\"COM Group Ecommerce\"},\"image\":{\"@id\":\"https:\\\/\\\/www.malinashop.lt\\\/#\\\/schema\\\/logo\\\/image\\\/\"}}]}<\/script>\n<!-- \/ Yoast SEO plugin. -->","yoast_head_json":{"title":"SINOZ NO:16 \u0161vytintis dr\u0117kinamasis k\u016bno aliejus pie\u0161tukas, 18 g - MalinaShop.lt J\u016bs\u0173 sveikatai ir gro\u017eiui.","description":"SINOZ NO:16 pie\u0161tukinis k\u016bno aliejus maitina od\u0105, dr\u0117kina ir suteikia spindesio be riebumo \u2013 patogu naudoti bet kur.","robots":{"index":"index","follow":"follow","max-snippet":"max-snippet:-1","max-image-preview":"max-image-preview:large","max-video-preview":"max-video-preview:-1"},"canonical":"https:\/\/www.malinashop.lt\/lt_lt\/shop\/sinoz-no16-svytintis-drekinamasis-kuno-aliejus-piestukas-18-g\/","og_locale":"lt_LT","og_type":"article","og_title":"SINOZ NO:16 \u0161vytintis dr\u0117kinamasis k\u016bno aliejus pie\u0161tukas, 18 g - MalinaShop.lt J\u016bs\u0173 sveikatai ir gro\u017eiui.","og_description":"SINOZ NO:16 pie\u0161tukinis k\u016bno aliejus maitina od\u0105, dr\u0117kina ir suteikia spindesio be riebumo \u2013 patogu naudoti bet kur.","og_url":"https:\/\/www.malinashop.lt\/lt_lt\/shop\/sinoz-no16-svytintis-drekinamasis-kuno-aliejus-piestukas-18-g\/","og_site_name":"MalinaShop.lt J\u016bs\u0173 sveikatai ir gro\u017eiui.","article_modified_time":"2026-03-18T09:27:55+00:00","og_image":[{"width":768,"height":768,"url":"https:\/\/www.malinashop.lt\/wp-content\/uploads\/2025\/10\/SINOZ-NO16-svytintis-drekinamasis-kuno-aliejus-piestukas-18-g.webp","type":"image\/webp"}],"twitter_card":"summary_large_image","schema":{"@context":"https:\/\/schema.org","@graph":[{"@type":"WebPage","@id":"https:\/\/www.malinashop.lt\/lt_lt\/shop\/sinoz-no16-svytintis-drekinamasis-kuno-aliejus-piestukas-18-g\/","url":"https:\/\/www.malinashop.lt\/lt_lt\/shop\/sinoz-no16-svytintis-drekinamasis-kuno-aliejus-piestukas-18-g\/","name":"SINOZ NO:16 \u0161vytintis dr\u0117kinamasis k\u016bno aliejus pie\u0161tukas, 18 g - MalinaShop.lt J\u016bs\u0173 sveikatai ir gro\u017eiui.","isPartOf":{"@id":"https:\/\/www.malinashop.lt\/#website"},"primaryImageOfPage":{"@id":"https:\/\/www.malinashop.lt\/lt_lt\/shop\/sinoz-no16-svytintis-drekinamasis-kuno-aliejus-piestukas-18-g\/#primaryimage"},"image":{"@id":"https:\/\/www.malinashop.lt\/lt_lt\/shop\/sinoz-no16-svytintis-drekinamasis-kuno-aliejus-piestukas-18-g\/#primaryimage"},"thumbnailUrl":"https:\/\/www.malinashop.lt\/wp-content\/uploads\/2025\/10\/SINOZ-NO16-svytintis-drekinamasis-kuno-aliejus-piestukas-18-g.webp","datePublished":"2025-10-20T17:00:38+00:00","dateModified":"2026-03-18T09:27:55+00:00","description":"SINOZ NO:16 pie\u0161tukinis k\u016bno aliejus maitina od\u0105, dr\u0117kina ir suteikia spindesio be riebumo \u2013 patogu naudoti bet kur.","breadcrumb":{"@id":"https:\/\/www.malinashop.lt\/lt_lt\/shop\/sinoz-no16-svytintis-drekinamasis-kuno-aliejus-piestukas-18-g\/#breadcrumb"},"inLanguage":"lt-LT","potentialAction":[{"@type":"ReadAction","target":["https:\/\/www.malinashop.lt\/lt_lt\/shop\/sinoz-no16-svytintis-drekinamasis-kuno-aliejus-piestukas-18-g\/"]}]},{"@type":"ImageObject","inLanguage":"lt-LT","@id":"https:\/\/www.malinashop.lt\/lt_lt\/shop\/sinoz-no16-svytintis-drekinamasis-kuno-aliejus-piestukas-18-g\/#primaryimage","url":"https:\/\/www.malinashop.lt\/wp-content\/uploads\/2025\/10\/SINOZ-NO16-svytintis-drekinamasis-kuno-aliejus-piestukas-18-g.webp","contentUrl":"https:\/\/www.malinashop.lt\/wp-content\/uploads\/2025\/10\/SINOZ-NO16-svytintis-drekinamasis-kuno-aliejus-piestukas-18-g.webp","width":768,"height":768},{"@type":"BreadcrumbList","@id":"https:\/\/www.malinashop.lt\/lt_lt\/shop\/sinoz-no16-svytintis-drekinamasis-kuno-aliejus-piestukas-18-g\/#breadcrumb","itemListElement":[{"@type":"ListItem","position":1,"name":"Pagrindinis","item":"https:\/\/www.malinashop.lt\/"},{"@type":"ListItem","position":2,"name":"Parduotuv\u0117","item":"https:\/\/www.malinashop.lt\/en\/parduotuve\/"},{"@type":"ListItem","position":3,"name":"SINOZ NO:16 \u0161vytintis dr\u0117kinamasis k\u016bno aliejus pie\u0161tukas, 18 g"}]},{"@type":"WebSite","@id":"https:\/\/www.malinashop.lt\/#website","url":"https:\/\/www.malinashop.lt\/","name":"COM Group Ecommerce","description":"MalinaShop.lt - Gro\u017eio ir sveikatos produktai i\u0161 patikim\u0173 preki\u0173 \u017eenkl\u0173. Atraskite auk\u0161tos kokyb\u0117s kosmetik\u0105 u\u017e puiki\u0105 kain\u0105.","publisher":{"@id":"https:\/\/www.malinashop.lt\/#organization"},"potentialAction":[{"@type":"SearchAction","target":{"@type":"EntryPoint","urlTemplate":"https:\/\/www.malinashop.lt\/?s={search_term_string}"},"query-input":{"@type":"PropertyValueSpecification","valueRequired":true,"valueName":"search_term_string"}}],"inLanguage":"lt-LT"},{"@type":"Organization","@id":"https:\/\/www.malinashop.lt\/#organization","name":"COM Group Ecommerce","url":"https:\/\/www.malinashop.lt\/","logo":{"@type":"ImageObject","inLanguage":"lt-LT","@id":"https:\/\/www.malinashop.lt\/#\/schema\/logo\/image\/","url":"https:\/\/www.malinashop.lt\/wp-content\/uploads\/2024\/08\/462559670_3787732518133670_9795632669273463_n-e1731525914575.png","contentUrl":"https:\/\/www.malinashop.lt\/wp-content\/uploads\/2024\/08\/462559670_3787732518133670_9795632669273463_n-e1731525914575.png","width":180,"height":60,"caption":"COM Group Ecommerce"},"image":{"@id":"https:\/\/www.malinashop.lt\/#\/schema\/logo\/image\/"}}]}},"jetpack_sharing_enabled":true,"_links":{"self":[{"href":"https:\/\/www.malinashop.lt\/lt_lt\/wp-json\/wp\/v2\/product\/59000","targetHints":{"allow":["GET"]}}],"collection":[{"href":"https:\/\/www.malinashop.lt\/lt_lt\/wp-json\/wp\/v2\/product"}],"about":[{"href":"https:\/\/www.malinashop.lt\/lt_lt\/wp-json\/wp\/v2\/types\/product"}],"version-history":[{"count":1,"href":"https:\/\/www.malinashop.lt\/lt_lt\/wp-json\/wp\/v2\/product\/59000\/revisions"}],"predecessor-version":[{"id":59003,"href":"https:\/\/www.malinashop.lt\/lt_lt\/wp-json\/wp\/v2\/product\/59000\/revisions\/59003"}],"wp:featuredmedia":[{"embeddable":true,"href":"https:\/\/www.malinashop.lt\/lt_lt\/wp-json\/wp\/v2\/media\/59002"}],"wp:attachment":[{"href":"https:\/\/www.malinashop.lt\/lt_lt\/wp-json\/wp\/v2\/media?parent=59000"}],"wp:term":[{"taxonomy":"product_brand","embeddable":true,"href":"https:\/\/www.malinashop.lt\/lt_lt\/wp-json\/wp\/v2\/product_brand?post=59000"},{"taxonomy":"product_cat","embeddable":true,"href":"https:\/\/www.malinashop.lt\/lt_lt\/wp-json\/wp\/v2\/product_cat?post=59000"},{"taxonomy":"product_tag","embeddable":true,"href":"https:\/\/www.malinashop.lt\/lt_lt\/wp-json\/wp\/v2\/product_tag?post=59000"}],"curies":[{"name":"wp","href":"https:\/\/api.w.org\/{rel}","templated":true}]}}