{"id":58995,"date":"2025-10-20T19:57:10","date_gmt":"2025-10-20T16:57:10","guid":{"rendered":"https:\/\/malinashop.lt\/?post_type=product&#038;p=58995"},"modified":"2026-03-18T12:27:56","modified_gmt":"2026-03-18T09:27:56","slug":"sinoz-pink-touch-atspalvi-koreguojantis-veido-kremas-spf50-50-ml","status":"publish","type":"product","link":"https:\/\/www.malinashop.lt\/lt_lt\/shop\/sinoz-pink-touch-atspalvi-koreguojantis-veido-kremas-spf50-50-ml\/","title":{"rendered":"SINOZ PINK TOUCH atspalv\u012f koreguojantis veido kremas SPF50+, 50 ml"},"content":{"rendered":"<p data-start=\"424\" data-end=\"693\"><strong data-start=\"424\" data-end=\"487\">SINOZ PINK TOUCH atspalv\u012f koreguojantis veido kremas SPF50+<\/strong> \u2013 tai veido prie\u017ei\u016bros priemon\u0117 \u0161viesiai odai, padedanti i\u0161lyginti ir suvienodinti odos atspalv\u012f. Tepant kremas i\u0161 rausvos spalvos prisitaiko prie nat\u016bralaus odos tono, suteikdamas tolyg\u0173 ir sveik\u0105 efekt\u0105.<\/p>\n<p data-start=\"695\" data-end=\"1021\">Formul\u0117je esantys <strong data-start=\"713\" data-end=\"743\">100 % mineraliniai filtrai<\/strong> u\u017etikrina plataus spektro <strong data-start=\"770\" data-end=\"798\">UVA\/UVB apsaug\u0105 (SPF50+)<\/strong>, padeda i\u0161vengti pigmentini\u0173 d\u0117mi\u0173 bei fotosen\u0117jimo. <strong data-start=\"852\" data-end=\"915\">SINOZ PINK TOUCH atspalv\u012f koreguojantis veido kremas SPF50+<\/strong> taip pat gali b\u016bti naudojamas kaip <strong data-start=\"951\" data-end=\"980\">lengvas makia\u017eo pagrindas<\/strong>, nes suteikia glotnumo ir nat\u016bral\u0173 ton\u0105.<\/p>\n<p data-start=\"1023\" data-end=\"1316\">Lengva, skysta ir <strong data-start=\"1041\" data-end=\"1078\">neriebi tekst\u016bra greitai \u012fsigeria<\/strong>, nepalikdama sunkumo ar baltumo poj\u016b\u010dio. Kremas <strong data-start=\"1127\" data-end=\"1149\">atsparus vandeniui<\/strong>, tod\u0117l idealiai tinka kasdienai ir vasarai. Sud\u0117tyje esanti <strong data-start=\"1210\" data-end=\"1239\">hialurono r\u016bg\u0161tis dr\u0117kina<\/strong>, o antioksidaciniai ingredientai suteikia <strong data-start=\"1282\" data-end=\"1315\">sen\u0117jim\u0105 stabdan\u010di\u0105 prie\u017ei\u016br\u0105<\/strong>.<\/p>\n<p data-start=\"1318\" data-end=\"1346\"><strong data-start=\"1318\" data-end=\"1346\">Pagrindiniai privalumai:<\/strong><\/p>\n<ul data-start=\"1347\" data-end=\"1587\">\n<li data-start=\"1347\" data-end=\"1384\">\n<p data-start=\"1349\" data-end=\"1384\">Koreguoja ir i\u0161lygina odos atspalv\u012f<\/p>\n<\/li>\n<li data-start=\"1385\" data-end=\"1424\">\n<p data-start=\"1387\" data-end=\"1424\">Mineraliniai filtrai + SPF50+ apsauga<\/p>\n<\/li>\n<li data-start=\"1425\" data-end=\"1446\">\n<p data-start=\"1427\" data-end=\"1446\">Tinka \u0161viesiai odai<\/p>\n<\/li>\n<li data-start=\"1447\" data-end=\"1485\">\n<p data-start=\"1449\" data-end=\"1485\">Galima naudoti kaip makia\u017eo pagrind\u0105<\/p>\n<\/li>\n<li data-start=\"1486\" data-end=\"1528\">\n<p data-start=\"1488\" data-end=\"1528\">Atsparus vandeniui, lengva konsistencija<\/p>\n<\/li>\n<li data-start=\"1529\" data-end=\"1560\">\n<p data-start=\"1531\" data-end=\"1560\">Dr\u0117kina su hialurono r\u016bg\u0161timi<\/p>\n<\/li>\n<li data-start=\"1561\" data-end=\"1587\">\n<p data-start=\"1563\" data-end=\"1587\">Apsaugo nuo fotosen\u0117jimo<\/p>\n<\/li>\n<\/ul>\n<p data-start=\"1589\" data-end=\"1807\"><strong data-start=\"1589\" data-end=\"1604\">Naudojimas:<\/strong><br data-start=\"1604\" data-end=\"1607\" \/>Tepkite <strong data-start=\"1615\" data-end=\"1676\">SINOZ PINK TOUCH atspalv\u012f koreguojant\u012f veido krem\u0105 SPF50+<\/strong> ant \u0161varios odos. Tolygiai paskirstykite per vis\u0105 veid\u0105 ir palaukite, kol susilies su j\u016bs\u0173 odos tonu. Tinka kasdieniam naudojimui.<\/p>\n","protected":false},"excerpt":{"rendered":"<p>SINOZ PINK TOUCH kremas su SPF50+ koreguoja odos atspalv\u012f, dr\u0117kina ir saugo nuo UV spinduli\u0173 bei sen\u0117jimo.<\/p>\n","protected":false},"featured_media":58998,"template":"","meta":[],"product_brand":[1354],"product_cat":[772,731],"product_tag":[1619],"class_list":{"0":"post-58995","1":"product","2":"type-product","3":"status-publish","4":"has-post-thumbnail","6":"product_brand-sinoz","7":"product_cat-apsauga-nuo-saules","8":"product_cat-kunui","9":"product_tag-sinoz","11":"first","12":"instock","13":"sale","14":"taxable","15":"shipping-taxable","16":"purchasable","17":"product-type-simple"},"yoast_head":"<!-- This site is optimized with the Yoast SEO plugin v27.4 - https:\/\/yoast.com\/product\/yoast-seo-wordpress\/ -->\n<title>SINOZ PINK TOUCH atspalv\u012f koreguojantis veido kremas SPF50+, 50 ml - MalinaShop.lt J\u016bs\u0173 sveikatai ir gro\u017eiui.<\/title>\n<meta name=\"description\" content=\"SINOZ PINK TOUCH SPF50+ kremas koreguoja odos atspalv\u012f, dr\u0117kina ir saugo nuo UV spinduli\u0173 bei sen\u0117jimo.\" \/>\n<meta name=\"robots\" content=\"index, follow, max-snippet:-1, max-image-preview:large, max-video-preview:-1\" \/>\n<link rel=\"canonical\" href=\"https:\/\/www.malinashop.lt\/lt_lt\/shop\/sinoz-pink-touch-atspalvi-koreguojantis-veido-kremas-spf50-50-ml\/\" \/>\n<meta property=\"og:locale\" content=\"lt_LT\" \/>\n<meta property=\"og:type\" content=\"article\" \/>\n<meta property=\"og:title\" content=\"SINOZ PINK TOUCH atspalv\u012f koreguojantis veido kremas SPF50+, 50 ml - MalinaShop.lt J\u016bs\u0173 sveikatai ir gro\u017eiui.\" \/>\n<meta property=\"og:description\" content=\"SINOZ PINK TOUCH SPF50+ kremas koreguoja odos atspalv\u012f, dr\u0117kina ir saugo nuo UV spinduli\u0173 bei sen\u0117jimo.\" \/>\n<meta property=\"og:url\" content=\"https:\/\/www.malinashop.lt\/lt_lt\/shop\/sinoz-pink-touch-atspalvi-koreguojantis-veido-kremas-spf50-50-ml\/\" \/>\n<meta property=\"og:site_name\" content=\"MalinaShop.lt J\u016bs\u0173 sveikatai ir gro\u017eiui.\" \/>\n<meta property=\"article:modified_time\" content=\"2026-03-18T09:27:56+00:00\" \/>\n<meta property=\"og:image\" content=\"https:\/\/www.malinashop.lt\/wp-content\/uploads\/2025\/10\/SINOZ-PINK-TOUCH-atspalvi-koreguojantis-veido-kremas-SPF50-50-ml.webp\" \/>\n\t<meta property=\"og:image:width\" content=\"768\" \/>\n\t<meta property=\"og:image:height\" content=\"768\" \/>\n\t<meta property=\"og:image:type\" content=\"image\/webp\" \/>\n<meta name=\"twitter:card\" content=\"summary_large_image\" \/>\n<script type=\"application\/ld+json\" class=\"yoast-schema-graph\">{\"@context\":\"https:\\\/\\\/schema.org\",\"@graph\":[{\"@type\":\"WebPage\",\"@id\":\"https:\\\/\\\/www.malinashop.lt\\\/shop\\\/sinoz-pink-touch-atspalvi-koreguojantis-veido-kremas-spf50-50-ml\\\/\",\"url\":\"https:\\\/\\\/www.malinashop.lt\\\/shop\\\/sinoz-pink-touch-atspalvi-koreguojantis-veido-kremas-spf50-50-ml\\\/\",\"name\":\"SINOZ PINK TOUCH atspalv\u012f koreguojantis veido kremas SPF50+, 50 ml - MalinaShop.lt J\u016bs\u0173 sveikatai ir gro\u017eiui.\",\"isPartOf\":{\"@id\":\"https:\\\/\\\/www.malinashop.lt\\\/#website\"},\"primaryImageOfPage\":{\"@id\":\"https:\\\/\\\/www.malinashop.lt\\\/shop\\\/sinoz-pink-touch-atspalvi-koreguojantis-veido-kremas-spf50-50-ml\\\/#primaryimage\"},\"image\":{\"@id\":\"https:\\\/\\\/www.malinashop.lt\\\/shop\\\/sinoz-pink-touch-atspalvi-koreguojantis-veido-kremas-spf50-50-ml\\\/#primaryimage\"},\"thumbnailUrl\":\"https:\\\/\\\/www.malinashop.lt\\\/wp-content\\\/uploads\\\/2025\\\/10\\\/SINOZ-PINK-TOUCH-atspalvi-koreguojantis-veido-kremas-SPF50-50-ml.webp\",\"datePublished\":\"2025-10-20T16:57:10+00:00\",\"dateModified\":\"2026-03-18T09:27:56+00:00\",\"description\":\"SINOZ PINK TOUCH SPF50+ kremas koreguoja odos atspalv\u012f, dr\u0117kina ir saugo nuo UV spinduli\u0173 bei sen\u0117jimo.\",\"breadcrumb\":{\"@id\":\"https:\\\/\\\/www.malinashop.lt\\\/shop\\\/sinoz-pink-touch-atspalvi-koreguojantis-veido-kremas-spf50-50-ml\\\/#breadcrumb\"},\"inLanguage\":\"lt-LT\",\"potentialAction\":[{\"@type\":\"ReadAction\",\"target\":[\"https:\\\/\\\/www.malinashop.lt\\\/shop\\\/sinoz-pink-touch-atspalvi-koreguojantis-veido-kremas-spf50-50-ml\\\/\"]}]},{\"@type\":\"ImageObject\",\"inLanguage\":\"lt-LT\",\"@id\":\"https:\\\/\\\/www.malinashop.lt\\\/shop\\\/sinoz-pink-touch-atspalvi-koreguojantis-veido-kremas-spf50-50-ml\\\/#primaryimage\",\"url\":\"https:\\\/\\\/www.malinashop.lt\\\/wp-content\\\/uploads\\\/2025\\\/10\\\/SINOZ-PINK-TOUCH-atspalvi-koreguojantis-veido-kremas-SPF50-50-ml.webp\",\"contentUrl\":\"https:\\\/\\\/www.malinashop.lt\\\/wp-content\\\/uploads\\\/2025\\\/10\\\/SINOZ-PINK-TOUCH-atspalvi-koreguojantis-veido-kremas-SPF50-50-ml.webp\",\"width\":768,\"height\":768},{\"@type\":\"BreadcrumbList\",\"@id\":\"https:\\\/\\\/www.malinashop.lt\\\/shop\\\/sinoz-pink-touch-atspalvi-koreguojantis-veido-kremas-spf50-50-ml\\\/#breadcrumb\",\"itemListElement\":[{\"@type\":\"ListItem\",\"position\":1,\"name\":\"Pagrindinis\",\"item\":\"https:\\\/\\\/www.malinashop.lt\\\/\"},{\"@type\":\"ListItem\",\"position\":2,\"name\":\"Parduotuv\u0117\",\"item\":\"https:\\\/\\\/www.malinashop.lt\\\/en\\\/parduotuve\\\/\"},{\"@type\":\"ListItem\",\"position\":3,\"name\":\"SINOZ PINK TOUCH atspalv\u012f koreguojantis veido kremas SPF50+, 50 ml\"}]},{\"@type\":\"WebSite\",\"@id\":\"https:\\\/\\\/www.malinashop.lt\\\/#website\",\"url\":\"https:\\\/\\\/www.malinashop.lt\\\/\",\"name\":\"COM Group Ecommerce\",\"description\":\"MalinaShop.lt - Gro\u017eio ir sveikatos produktai i\u0161 patikim\u0173 preki\u0173 \u017eenkl\u0173. Atraskite auk\u0161tos kokyb\u0117s kosmetik\u0105 u\u017e puiki\u0105 kain\u0105.\",\"publisher\":{\"@id\":\"https:\\\/\\\/www.malinashop.lt\\\/#organization\"},\"potentialAction\":[{\"@type\":\"SearchAction\",\"target\":{\"@type\":\"EntryPoint\",\"urlTemplate\":\"https:\\\/\\\/www.malinashop.lt\\\/?s={search_term_string}\"},\"query-input\":{\"@type\":\"PropertyValueSpecification\",\"valueRequired\":true,\"valueName\":\"search_term_string\"}}],\"inLanguage\":\"lt-LT\"},{\"@type\":\"Organization\",\"@id\":\"https:\\\/\\\/www.malinashop.lt\\\/#organization\",\"name\":\"COM Group Ecommerce\",\"url\":\"https:\\\/\\\/www.malinashop.lt\\\/\",\"logo\":{\"@type\":\"ImageObject\",\"inLanguage\":\"lt-LT\",\"@id\":\"https:\\\/\\\/www.malinashop.lt\\\/#\\\/schema\\\/logo\\\/image\\\/\",\"url\":\"https:\\\/\\\/www.malinashop.lt\\\/wp-content\\\/uploads\\\/2024\\\/08\\\/462559670_3787732518133670_9795632669273463_n-e1731525914575.png\",\"contentUrl\":\"https:\\\/\\\/www.malinashop.lt\\\/wp-content\\\/uploads\\\/2024\\\/08\\\/462559670_3787732518133670_9795632669273463_n-e1731525914575.png\",\"width\":180,\"height\":60,\"caption\":\"COM Group Ecommerce\"},\"image\":{\"@id\":\"https:\\\/\\\/www.malinashop.lt\\\/#\\\/schema\\\/logo\\\/image\\\/\"}}]}<\/script>\n<!-- \/ Yoast SEO plugin. -->","yoast_head_json":{"title":"SINOZ PINK TOUCH atspalv\u012f koreguojantis veido kremas SPF50+, 50 ml - MalinaShop.lt J\u016bs\u0173 sveikatai ir gro\u017eiui.","description":"SINOZ PINK TOUCH SPF50+ kremas koreguoja odos atspalv\u012f, dr\u0117kina ir saugo nuo UV spinduli\u0173 bei sen\u0117jimo.","robots":{"index":"index","follow":"follow","max-snippet":"max-snippet:-1","max-image-preview":"max-image-preview:large","max-video-preview":"max-video-preview:-1"},"canonical":"https:\/\/www.malinashop.lt\/lt_lt\/shop\/sinoz-pink-touch-atspalvi-koreguojantis-veido-kremas-spf50-50-ml\/","og_locale":"lt_LT","og_type":"article","og_title":"SINOZ PINK TOUCH atspalv\u012f koreguojantis veido kremas SPF50+, 50 ml - MalinaShop.lt J\u016bs\u0173 sveikatai ir gro\u017eiui.","og_description":"SINOZ PINK TOUCH SPF50+ kremas koreguoja odos atspalv\u012f, dr\u0117kina ir saugo nuo UV spinduli\u0173 bei sen\u0117jimo.","og_url":"https:\/\/www.malinashop.lt\/lt_lt\/shop\/sinoz-pink-touch-atspalvi-koreguojantis-veido-kremas-spf50-50-ml\/","og_site_name":"MalinaShop.lt J\u016bs\u0173 sveikatai ir gro\u017eiui.","article_modified_time":"2026-03-18T09:27:56+00:00","og_image":[{"width":768,"height":768,"url":"https:\/\/www.malinashop.lt\/wp-content\/uploads\/2025\/10\/SINOZ-PINK-TOUCH-atspalvi-koreguojantis-veido-kremas-SPF50-50-ml.webp","type":"image\/webp"}],"twitter_card":"summary_large_image","schema":{"@context":"https:\/\/schema.org","@graph":[{"@type":"WebPage","@id":"https:\/\/www.malinashop.lt\/shop\/sinoz-pink-touch-atspalvi-koreguojantis-veido-kremas-spf50-50-ml\/","url":"https:\/\/www.malinashop.lt\/shop\/sinoz-pink-touch-atspalvi-koreguojantis-veido-kremas-spf50-50-ml\/","name":"SINOZ PINK TOUCH atspalv\u012f koreguojantis veido kremas SPF50+, 50 ml - MalinaShop.lt J\u016bs\u0173 sveikatai ir gro\u017eiui.","isPartOf":{"@id":"https:\/\/www.malinashop.lt\/#website"},"primaryImageOfPage":{"@id":"https:\/\/www.malinashop.lt\/shop\/sinoz-pink-touch-atspalvi-koreguojantis-veido-kremas-spf50-50-ml\/#primaryimage"},"image":{"@id":"https:\/\/www.malinashop.lt\/shop\/sinoz-pink-touch-atspalvi-koreguojantis-veido-kremas-spf50-50-ml\/#primaryimage"},"thumbnailUrl":"https:\/\/www.malinashop.lt\/wp-content\/uploads\/2025\/10\/SINOZ-PINK-TOUCH-atspalvi-koreguojantis-veido-kremas-SPF50-50-ml.webp","datePublished":"2025-10-20T16:57:10+00:00","dateModified":"2026-03-18T09:27:56+00:00","description":"SINOZ PINK TOUCH SPF50+ kremas koreguoja odos atspalv\u012f, dr\u0117kina ir saugo nuo UV spinduli\u0173 bei sen\u0117jimo.","breadcrumb":{"@id":"https:\/\/www.malinashop.lt\/shop\/sinoz-pink-touch-atspalvi-koreguojantis-veido-kremas-spf50-50-ml\/#breadcrumb"},"inLanguage":"lt-LT","potentialAction":[{"@type":"ReadAction","target":["https:\/\/www.malinashop.lt\/shop\/sinoz-pink-touch-atspalvi-koreguojantis-veido-kremas-spf50-50-ml\/"]}]},{"@type":"ImageObject","inLanguage":"lt-LT","@id":"https:\/\/www.malinashop.lt\/shop\/sinoz-pink-touch-atspalvi-koreguojantis-veido-kremas-spf50-50-ml\/#primaryimage","url":"https:\/\/www.malinashop.lt\/wp-content\/uploads\/2025\/10\/SINOZ-PINK-TOUCH-atspalvi-koreguojantis-veido-kremas-SPF50-50-ml.webp","contentUrl":"https:\/\/www.malinashop.lt\/wp-content\/uploads\/2025\/10\/SINOZ-PINK-TOUCH-atspalvi-koreguojantis-veido-kremas-SPF50-50-ml.webp","width":768,"height":768},{"@type":"BreadcrumbList","@id":"https:\/\/www.malinashop.lt\/shop\/sinoz-pink-touch-atspalvi-koreguojantis-veido-kremas-spf50-50-ml\/#breadcrumb","itemListElement":[{"@type":"ListItem","position":1,"name":"Pagrindinis","item":"https:\/\/www.malinashop.lt\/"},{"@type":"ListItem","position":2,"name":"Parduotuv\u0117","item":"https:\/\/www.malinashop.lt\/en\/parduotuve\/"},{"@type":"ListItem","position":3,"name":"SINOZ PINK TOUCH atspalv\u012f koreguojantis veido kremas SPF50+, 50 ml"}]},{"@type":"WebSite","@id":"https:\/\/www.malinashop.lt\/#website","url":"https:\/\/www.malinashop.lt\/","name":"COM Group Ecommerce","description":"MalinaShop.lt - Gro\u017eio ir sveikatos produktai i\u0161 patikim\u0173 preki\u0173 \u017eenkl\u0173. Atraskite auk\u0161tos kokyb\u0117s kosmetik\u0105 u\u017e puiki\u0105 kain\u0105.","publisher":{"@id":"https:\/\/www.malinashop.lt\/#organization"},"potentialAction":[{"@type":"SearchAction","target":{"@type":"EntryPoint","urlTemplate":"https:\/\/www.malinashop.lt\/?s={search_term_string}"},"query-input":{"@type":"PropertyValueSpecification","valueRequired":true,"valueName":"search_term_string"}}],"inLanguage":"lt-LT"},{"@type":"Organization","@id":"https:\/\/www.malinashop.lt\/#organization","name":"COM Group Ecommerce","url":"https:\/\/www.malinashop.lt\/","logo":{"@type":"ImageObject","inLanguage":"lt-LT","@id":"https:\/\/www.malinashop.lt\/#\/schema\/logo\/image\/","url":"https:\/\/www.malinashop.lt\/wp-content\/uploads\/2024\/08\/462559670_3787732518133670_9795632669273463_n-e1731525914575.png","contentUrl":"https:\/\/www.malinashop.lt\/wp-content\/uploads\/2024\/08\/462559670_3787732518133670_9795632669273463_n-e1731525914575.png","width":180,"height":60,"caption":"COM Group Ecommerce"},"image":{"@id":"https:\/\/www.malinashop.lt\/#\/schema\/logo\/image\/"}}]}},"jetpack_sharing_enabled":true,"_links":{"self":[{"href":"https:\/\/www.malinashop.lt\/lt_lt\/wp-json\/wp\/v2\/product\/58995","targetHints":{"allow":["GET"]}}],"collection":[{"href":"https:\/\/www.malinashop.lt\/lt_lt\/wp-json\/wp\/v2\/product"}],"about":[{"href":"https:\/\/www.malinashop.lt\/lt_lt\/wp-json\/wp\/v2\/types\/product"}],"version-history":[{"count":1,"href":"https:\/\/www.malinashop.lt\/lt_lt\/wp-json\/wp\/v2\/product\/58995\/revisions"}],"predecessor-version":[{"id":58999,"href":"https:\/\/www.malinashop.lt\/lt_lt\/wp-json\/wp\/v2\/product\/58995\/revisions\/58999"}],"wp:featuredmedia":[{"embeddable":true,"href":"https:\/\/www.malinashop.lt\/lt_lt\/wp-json\/wp\/v2\/media\/58998"}],"wp:attachment":[{"href":"https:\/\/www.malinashop.lt\/lt_lt\/wp-json\/wp\/v2\/media?parent=58995"}],"wp:term":[{"taxonomy":"product_brand","embeddable":true,"href":"https:\/\/www.malinashop.lt\/lt_lt\/wp-json\/wp\/v2\/product_brand?post=58995"},{"taxonomy":"product_cat","embeddable":true,"href":"https:\/\/www.malinashop.lt\/lt_lt\/wp-json\/wp\/v2\/product_cat?post=58995"},{"taxonomy":"product_tag","embeddable":true,"href":"https:\/\/www.malinashop.lt\/lt_lt\/wp-json\/wp\/v2\/product_tag?post=58995"}],"curies":[{"name":"wp","href":"https:\/\/api.w.org\/{rel}","templated":true}]}}