{"id":58981,"date":"2025-10-20T15:10:48","date_gmt":"2025-10-20T12:10:48","guid":{"rendered":"https:\/\/malinashop.lt\/?post_type=product&#038;p=58981"},"modified":"2026-03-18T12:27:57","modified_gmt":"2026-03-18T09:27:57","slug":"sinoz-bananu-muilas-banana-split-80-g","status":"publish","type":"product","link":"https:\/\/www.malinashop.lt\/lt_lt\/shop\/sinoz-bananu-muilas-banana-split-80-g\/","title":{"rendered":"SINOZ banan\u0173 muilas BANANA SPLIT, 80 g"},"content":{"rendered":"<p data-start=\"517\" data-end=\"780\"><strong data-start=\"517\" data-end=\"581\">SINOZ banan\u0173 muilas BANANA SPLIT MOISTURIZING HAND MADE SOAP<\/strong> \u2013 tai linksmas ir saldus rank\u0173 prie\u017ei\u016bros ritualas, kuris \u0161velniai valo od\u0105 ir suteikia jai \u0161velnumo. \u0160is <strong data-start=\"688\" data-end=\"705\">banan\u0173 muilas<\/strong> ne tik pa\u0161alina ne\u0161varumus, bet ir dr\u0117kina od\u0105, neleid\u017eiant jai i\u0161saus\u0117ti.<\/p>\n<p data-start=\"782\" data-end=\"1002\">Formul\u0117 su dr\u0117kinan\u010diais ingredientais palaiko odos elastingum\u0105 ir komfort\u0105 po kiekvieno plovimo.<br data-start=\"879\" data-end=\"882\" \/>Sodrus, desert\u0105 primenantis <strong data-start=\"910\" data-end=\"927\">banan\u0173 kvapas<\/strong> palieka ilgai i\u0161liekant\u012f aromat\u0105 ir sukuria \u017eaisming\u0105, d\u017eiuginant\u012f poj\u016bt\u012f.<\/p>\n<p data-start=\"1004\" data-end=\"1044\"><strong data-start=\"1004\" data-end=\"1044\">SINOZ BANANA SPLIT muilo privalumai:<\/strong><\/p>\n<ul data-start=\"1045\" data-end=\"1288\">\n<li data-start=\"1045\" data-end=\"1077\">\n<p data-start=\"1047\" data-end=\"1077\">\u0160velniai valo ir gaivina od\u0105<\/p>\n<\/li>\n<li data-start=\"1078\" data-end=\"1110\">\n<p data-start=\"1080\" data-end=\"1110\">Dr\u0117kina ir saugo nuo sausumo<\/p>\n<\/li>\n<li data-start=\"1111\" data-end=\"1147\">\n<p data-start=\"1113\" data-end=\"1147\">Mink\u0161tina ir puosel\u0117ja rank\u0173 od\u0105<\/p>\n<\/li>\n<li data-start=\"1148\" data-end=\"1195\">\n<p data-start=\"1150\" data-end=\"1195\">Saldus ir ilgai i\u0161liekantis banan\u0173 aromatas<\/p>\n<\/li>\n<li data-start=\"1196\" data-end=\"1232\">\n<p data-start=\"1198\" data-end=\"1232\">Sukuria malon\u0173, \u017eaisming\u0105 poj\u016bt\u012f<\/p>\n<\/li>\n<li data-start=\"1233\" data-end=\"1264\">\n<p data-start=\"1235\" data-end=\"1264\">Tinka kasdieniam naudojimui<\/p>\n<\/li>\n<li data-start=\"1265\" data-end=\"1288\">\n<p data-start=\"1267\" data-end=\"1288\">Idealu vis\u0173 tip\u0173 odai<\/p>\n<\/li>\n<\/ul>\n<p data-start=\"1290\" data-end=\"1394\"><strong data-start=\"1290\" data-end=\"1305\">Naudojimas:<\/strong><br data-start=\"1305\" data-end=\"1308\" \/>Sukurkite kremines putas, \u0161velniai prauskite rankas ir kruop\u0161\u010diai nuplaukite vandeniu.<\/p>\n<p data-start=\"1396\" data-end=\"1480\"><strong data-start=\"1396\" data-end=\"1418\">SINOZ BANANA SPLIT<\/strong> \u2013 banan\u0173 muilas, paver\u010diantis rank\u0173 plovim\u0105 sald\u017eiu malonumu.<\/p>\n","protected":false},"excerpt":{"rendered":"<p data-start=\"362\" data-end=\"448\">SINOZ banan\u0173 muilas \u0161velniai valo rankas, dr\u0117kina od\u0105 ir palieka sald\u0173 banan\u0173 aromat\u0105.<\/p>\n","protected":false},"featured_media":58982,"template":"","meta":[],"product_brand":[1354],"product_cat":[731,540],"product_tag":[1619],"class_list":{"0":"post-58981","1":"product","2":"type-product","3":"status-publish","4":"has-post-thumbnail","6":"product_brand-sinoz","7":"product_cat-kunui","8":"product_cat-ranku-prieziura-muilai-ranku-kremai","9":"product_tag-sinoz","11":"first","12":"outofstock","13":"sale","14":"taxable","15":"shipping-taxable","16":"purchasable","17":"product-type-simple"},"yoast_head":"<!-- This site is optimized with the Yoast SEO plugin v27.4 - https:\/\/yoast.com\/product\/yoast-seo-wordpress\/ -->\n<title>SINOZ banan\u0173 muilas BANANA SPLIT, 80 g - MalinaShop.lt J\u016bs\u0173 sveikatai ir gro\u017eiui.<\/title>\n<meta name=\"description\" content=\"Saldus banan\u0173 muilas, kuris \u0161velniai valo, dr\u0117kina rankas ir palieka malon\u0173 aromat\u0105. SINOZ BANANA SPLIT suteikia \u0161velnumo ir gaivos kasdien.\" \/>\n<meta name=\"robots\" content=\"index, follow, max-snippet:-1, max-image-preview:large, max-video-preview:-1\" \/>\n<link rel=\"canonical\" href=\"https:\/\/www.malinashop.lt\/lt_lt\/shop\/sinoz-bananu-muilas-banana-split-80-g\/\" \/>\n<meta property=\"og:locale\" content=\"lt_LT\" \/>\n<meta property=\"og:type\" content=\"article\" \/>\n<meta property=\"og:title\" content=\"SINOZ banan\u0173 muilas BANANA SPLIT, 80 g - MalinaShop.lt J\u016bs\u0173 sveikatai ir gro\u017eiui.\" \/>\n<meta property=\"og:description\" content=\"Saldus banan\u0173 muilas, kuris \u0161velniai valo, dr\u0117kina rankas ir palieka malon\u0173 aromat\u0105. SINOZ BANANA SPLIT suteikia \u0161velnumo ir gaivos kasdien.\" \/>\n<meta property=\"og:url\" content=\"https:\/\/www.malinashop.lt\/lt_lt\/shop\/sinoz-bananu-muilas-banana-split-80-g\/\" \/>\n<meta property=\"og:site_name\" content=\"MalinaShop.lt J\u016bs\u0173 sveikatai ir gro\u017eiui.\" \/>\n<meta property=\"article:modified_time\" content=\"2026-03-18T09:27:57+00:00\" \/>\n<meta property=\"og:image\" content=\"https:\/\/www.malinashop.lt\/wp-content\/uploads\/2025\/10\/SINOZ-bananu-muilas-BANANA-SPLIT-80-g.webp\" \/>\n\t<meta property=\"og:image:width\" content=\"768\" \/>\n\t<meta property=\"og:image:height\" content=\"768\" \/>\n\t<meta property=\"og:image:type\" content=\"image\/webp\" \/>\n<meta name=\"twitter:card\" content=\"summary_large_image\" \/>\n<script type=\"application\/ld+json\" class=\"yoast-schema-graph\">{\"@context\":\"https:\\\/\\\/schema.org\",\"@graph\":[{\"@type\":\"WebPage\",\"@id\":\"https:\\\/\\\/www.malinashop.lt\\\/lt_lt\\\/shop\\\/sinoz-bananu-muilas-banana-split-80-g\\\/\",\"url\":\"https:\\\/\\\/www.malinashop.lt\\\/lt_lt\\\/shop\\\/sinoz-bananu-muilas-banana-split-80-g\\\/\",\"name\":\"SINOZ banan\u0173 muilas BANANA SPLIT, 80 g - MalinaShop.lt J\u016bs\u0173 sveikatai ir gro\u017eiui.\",\"isPartOf\":{\"@id\":\"https:\\\/\\\/www.malinashop.lt\\\/en\\\/#website\"},\"primaryImageOfPage\":{\"@id\":\"https:\\\/\\\/www.malinashop.lt\\\/lt_lt\\\/shop\\\/sinoz-bananu-muilas-banana-split-80-g\\\/#primaryimage\"},\"image\":{\"@id\":\"https:\\\/\\\/www.malinashop.lt\\\/lt_lt\\\/shop\\\/sinoz-bananu-muilas-banana-split-80-g\\\/#primaryimage\"},\"thumbnailUrl\":\"https:\\\/\\\/www.malinashop.lt\\\/wp-content\\\/uploads\\\/2025\\\/10\\\/SINOZ-bananu-muilas-BANANA-SPLIT-80-g.webp\",\"datePublished\":\"2025-10-20T12:10:48+00:00\",\"dateModified\":\"2026-03-18T09:27:57+00:00\",\"description\":\"Saldus banan\u0173 muilas, kuris \u0161velniai valo, dr\u0117kina rankas ir palieka malon\u0173 aromat\u0105. SINOZ BANANA SPLIT suteikia \u0161velnumo ir gaivos kasdien.\",\"breadcrumb\":{\"@id\":\"https:\\\/\\\/www.malinashop.lt\\\/lt_lt\\\/shop\\\/sinoz-bananu-muilas-banana-split-80-g\\\/#breadcrumb\"},\"inLanguage\":\"lt-LT\",\"potentialAction\":[{\"@type\":\"ReadAction\",\"target\":[\"https:\\\/\\\/www.malinashop.lt\\\/lt_lt\\\/shop\\\/sinoz-bananu-muilas-banana-split-80-g\\\/\"]}]},{\"@type\":\"ImageObject\",\"inLanguage\":\"lt-LT\",\"@id\":\"https:\\\/\\\/www.malinashop.lt\\\/lt_lt\\\/shop\\\/sinoz-bananu-muilas-banana-split-80-g\\\/#primaryimage\",\"url\":\"https:\\\/\\\/www.malinashop.lt\\\/wp-content\\\/uploads\\\/2025\\\/10\\\/SINOZ-bananu-muilas-BANANA-SPLIT-80-g.webp\",\"contentUrl\":\"https:\\\/\\\/www.malinashop.lt\\\/wp-content\\\/uploads\\\/2025\\\/10\\\/SINOZ-bananu-muilas-BANANA-SPLIT-80-g.webp\",\"width\":768,\"height\":768},{\"@type\":\"BreadcrumbList\",\"@id\":\"https:\\\/\\\/www.malinashop.lt\\\/lt_lt\\\/shop\\\/sinoz-bananu-muilas-banana-split-80-g\\\/#breadcrumb\",\"itemListElement\":[{\"@type\":\"ListItem\",\"position\":1,\"name\":\"Home\",\"item\":\"https:\\\/\\\/www.malinashop.lt\\\/en\\\/\"},{\"@type\":\"ListItem\",\"position\":2,\"name\":\"Parduotuv\u0117\",\"item\":\"https:\\\/\\\/www.malinashop.lt\\\/en\\\/parduotuve\\\/\"},{\"@type\":\"ListItem\",\"position\":3,\"name\":\"SINOZ banan\u0173 muilas BANANA SPLIT, 80 g\"}]},{\"@type\":\"WebSite\",\"@id\":\"https:\\\/\\\/www.malinashop.lt\\\/en\\\/#website\",\"url\":\"https:\\\/\\\/www.malinashop.lt\\\/en\\\/\",\"name\":\"COM Group Ecommerce\",\"description\":\"MalinaShop.lt - Gro\u017eio ir sveikatos produktai i\u0161 patikim\u0173 preki\u0173 \u017eenkl\u0173. Atraskite auk\u0161tos kokyb\u0117s kosmetik\u0105 u\u017e puiki\u0105 kain\u0105.\",\"publisher\":{\"@id\":\"https:\\\/\\\/www.malinashop.lt\\\/en\\\/#organization\"},\"potentialAction\":[{\"@type\":\"SearchAction\",\"target\":{\"@type\":\"EntryPoint\",\"urlTemplate\":\"https:\\\/\\\/www.malinashop.lt\\\/en\\\/?s={search_term_string}\"},\"query-input\":{\"@type\":\"PropertyValueSpecification\",\"valueRequired\":true,\"valueName\":\"search_term_string\"}}],\"inLanguage\":\"lt-LT\"},{\"@type\":\"Organization\",\"@id\":\"https:\\\/\\\/www.malinashop.lt\\\/en\\\/#organization\",\"name\":\"COM Group Ecommerce\",\"url\":\"https:\\\/\\\/www.malinashop.lt\\\/en\\\/\",\"logo\":{\"@type\":\"ImageObject\",\"inLanguage\":\"lt-LT\",\"@id\":\"https:\\\/\\\/www.malinashop.lt\\\/en\\\/#\\\/schema\\\/logo\\\/image\\\/\",\"url\":\"https:\\\/\\\/www.malinashop.lt\\\/wp-content\\\/uploads\\\/2024\\\/08\\\/462559670_3787732518133670_9795632669273463_n-e1731525914575.png\",\"contentUrl\":\"https:\\\/\\\/www.malinashop.lt\\\/wp-content\\\/uploads\\\/2024\\\/08\\\/462559670_3787732518133670_9795632669273463_n-e1731525914575.png\",\"width\":180,\"height\":60,\"caption\":\"COM Group Ecommerce\"},\"image\":{\"@id\":\"https:\\\/\\\/www.malinashop.lt\\\/en\\\/#\\\/schema\\\/logo\\\/image\\\/\"}}]}<\/script>\n<!-- \/ Yoast SEO plugin. -->","yoast_head_json":{"title":"SINOZ banan\u0173 muilas BANANA SPLIT, 80 g - MalinaShop.lt J\u016bs\u0173 sveikatai ir gro\u017eiui.","description":"Saldus banan\u0173 muilas, kuris \u0161velniai valo, dr\u0117kina rankas ir palieka malon\u0173 aromat\u0105. SINOZ BANANA SPLIT suteikia \u0161velnumo ir gaivos kasdien.","robots":{"index":"index","follow":"follow","max-snippet":"max-snippet:-1","max-image-preview":"max-image-preview:large","max-video-preview":"max-video-preview:-1"},"canonical":"https:\/\/www.malinashop.lt\/lt_lt\/shop\/sinoz-bananu-muilas-banana-split-80-g\/","og_locale":"lt_LT","og_type":"article","og_title":"SINOZ banan\u0173 muilas BANANA SPLIT, 80 g - MalinaShop.lt J\u016bs\u0173 sveikatai ir gro\u017eiui.","og_description":"Saldus banan\u0173 muilas, kuris \u0161velniai valo, dr\u0117kina rankas ir palieka malon\u0173 aromat\u0105. SINOZ BANANA SPLIT suteikia \u0161velnumo ir gaivos kasdien.","og_url":"https:\/\/www.malinashop.lt\/lt_lt\/shop\/sinoz-bananu-muilas-banana-split-80-g\/","og_site_name":"MalinaShop.lt J\u016bs\u0173 sveikatai ir gro\u017eiui.","article_modified_time":"2026-03-18T09:27:57+00:00","og_image":[{"width":768,"height":768,"url":"https:\/\/www.malinashop.lt\/wp-content\/uploads\/2025\/10\/SINOZ-bananu-muilas-BANANA-SPLIT-80-g.webp","type":"image\/webp"}],"twitter_card":"summary_large_image","schema":{"@context":"https:\/\/schema.org","@graph":[{"@type":"WebPage","@id":"https:\/\/www.malinashop.lt\/lt_lt\/shop\/sinoz-bananu-muilas-banana-split-80-g\/","url":"https:\/\/www.malinashop.lt\/lt_lt\/shop\/sinoz-bananu-muilas-banana-split-80-g\/","name":"SINOZ banan\u0173 muilas BANANA SPLIT, 80 g - MalinaShop.lt J\u016bs\u0173 sveikatai ir gro\u017eiui.","isPartOf":{"@id":"https:\/\/www.malinashop.lt\/en\/#website"},"primaryImageOfPage":{"@id":"https:\/\/www.malinashop.lt\/lt_lt\/shop\/sinoz-bananu-muilas-banana-split-80-g\/#primaryimage"},"image":{"@id":"https:\/\/www.malinashop.lt\/lt_lt\/shop\/sinoz-bananu-muilas-banana-split-80-g\/#primaryimage"},"thumbnailUrl":"https:\/\/www.malinashop.lt\/wp-content\/uploads\/2025\/10\/SINOZ-bananu-muilas-BANANA-SPLIT-80-g.webp","datePublished":"2025-10-20T12:10:48+00:00","dateModified":"2026-03-18T09:27:57+00:00","description":"Saldus banan\u0173 muilas, kuris \u0161velniai valo, dr\u0117kina rankas ir palieka malon\u0173 aromat\u0105. SINOZ BANANA SPLIT suteikia \u0161velnumo ir gaivos kasdien.","breadcrumb":{"@id":"https:\/\/www.malinashop.lt\/lt_lt\/shop\/sinoz-bananu-muilas-banana-split-80-g\/#breadcrumb"},"inLanguage":"lt-LT","potentialAction":[{"@type":"ReadAction","target":["https:\/\/www.malinashop.lt\/lt_lt\/shop\/sinoz-bananu-muilas-banana-split-80-g\/"]}]},{"@type":"ImageObject","inLanguage":"lt-LT","@id":"https:\/\/www.malinashop.lt\/lt_lt\/shop\/sinoz-bananu-muilas-banana-split-80-g\/#primaryimage","url":"https:\/\/www.malinashop.lt\/wp-content\/uploads\/2025\/10\/SINOZ-bananu-muilas-BANANA-SPLIT-80-g.webp","contentUrl":"https:\/\/www.malinashop.lt\/wp-content\/uploads\/2025\/10\/SINOZ-bananu-muilas-BANANA-SPLIT-80-g.webp","width":768,"height":768},{"@type":"BreadcrumbList","@id":"https:\/\/www.malinashop.lt\/lt_lt\/shop\/sinoz-bananu-muilas-banana-split-80-g\/#breadcrumb","itemListElement":[{"@type":"ListItem","position":1,"name":"Home","item":"https:\/\/www.malinashop.lt\/en\/"},{"@type":"ListItem","position":2,"name":"Parduotuv\u0117","item":"https:\/\/www.malinashop.lt\/en\/parduotuve\/"},{"@type":"ListItem","position":3,"name":"SINOZ banan\u0173 muilas BANANA SPLIT, 80 g"}]},{"@type":"WebSite","@id":"https:\/\/www.malinashop.lt\/en\/#website","url":"https:\/\/www.malinashop.lt\/en\/","name":"COM Group Ecommerce","description":"MalinaShop.lt - Gro\u017eio ir sveikatos produktai i\u0161 patikim\u0173 preki\u0173 \u017eenkl\u0173. Atraskite auk\u0161tos kokyb\u0117s kosmetik\u0105 u\u017e puiki\u0105 kain\u0105.","publisher":{"@id":"https:\/\/www.malinashop.lt\/en\/#organization"},"potentialAction":[{"@type":"SearchAction","target":{"@type":"EntryPoint","urlTemplate":"https:\/\/www.malinashop.lt\/en\/?s={search_term_string}"},"query-input":{"@type":"PropertyValueSpecification","valueRequired":true,"valueName":"search_term_string"}}],"inLanguage":"lt-LT"},{"@type":"Organization","@id":"https:\/\/www.malinashop.lt\/en\/#organization","name":"COM Group Ecommerce","url":"https:\/\/www.malinashop.lt\/en\/","logo":{"@type":"ImageObject","inLanguage":"lt-LT","@id":"https:\/\/www.malinashop.lt\/en\/#\/schema\/logo\/image\/","url":"https:\/\/www.malinashop.lt\/wp-content\/uploads\/2024\/08\/462559670_3787732518133670_9795632669273463_n-e1731525914575.png","contentUrl":"https:\/\/www.malinashop.lt\/wp-content\/uploads\/2024\/08\/462559670_3787732518133670_9795632669273463_n-e1731525914575.png","width":180,"height":60,"caption":"COM Group Ecommerce"},"image":{"@id":"https:\/\/www.malinashop.lt\/en\/#\/schema\/logo\/image\/"}}]}},"jetpack_sharing_enabled":true,"_links":{"self":[{"href":"https:\/\/www.malinashop.lt\/lt_lt\/wp-json\/wp\/v2\/product\/58981","targetHints":{"allow":["GET"]}}],"collection":[{"href":"https:\/\/www.malinashop.lt\/lt_lt\/wp-json\/wp\/v2\/product"}],"about":[{"href":"https:\/\/www.malinashop.lt\/lt_lt\/wp-json\/wp\/v2\/types\/product"}],"version-history":[{"count":1,"href":"https:\/\/www.malinashop.lt\/lt_lt\/wp-json\/wp\/v2\/product\/58981\/revisions"}],"predecessor-version":[{"id":58983,"href":"https:\/\/www.malinashop.lt\/lt_lt\/wp-json\/wp\/v2\/product\/58981\/revisions\/58983"}],"wp:featuredmedia":[{"embeddable":true,"href":"https:\/\/www.malinashop.lt\/lt_lt\/wp-json\/wp\/v2\/media\/58982"}],"wp:attachment":[{"href":"https:\/\/www.malinashop.lt\/lt_lt\/wp-json\/wp\/v2\/media?parent=58981"}],"wp:term":[{"taxonomy":"product_brand","embeddable":true,"href":"https:\/\/www.malinashop.lt\/lt_lt\/wp-json\/wp\/v2\/product_brand?post=58981"},{"taxonomy":"product_cat","embeddable":true,"href":"https:\/\/www.malinashop.lt\/lt_lt\/wp-json\/wp\/v2\/product_cat?post=58981"},{"taxonomy":"product_tag","embeddable":true,"href":"https:\/\/www.malinashop.lt\/lt_lt\/wp-json\/wp\/v2\/product_tag?post=58981"}],"curies":[{"name":"wp","href":"https:\/\/api.w.org\/{rel}","templated":true}]}}