{"id":58978,"date":"2025-10-20T15:09:00","date_gmt":"2025-10-20T12:09:00","guid":{"rendered":"https:\/\/malinashop.lt\/?post_type=product&#038;p=58978"},"modified":"2026-03-18T12:27:57","modified_gmt":"2026-03-18T09:27:57","slug":"sinoz-vaniles-muilas-sweety-vanilla-80-g","status":"publish","type":"product","link":"https:\/\/www.malinashop.lt\/lt_lt\/shop\/sinoz-vaniles-muilas-sweety-vanilla-80-g\/","title":{"rendered":"SINOZ vanil\u0117s muilas SWEETY VANILLA, 80 g"},"content":{"rendered":"<p data-start=\"452\" data-end=\"725\"><strong data-start=\"452\" data-end=\"519\">SINOZ vanil\u0117s muilas SWEETY VANILLA MOISTURIZING HAND MADE SOAP<\/strong> \u2013 tai \u0161velnus, sald\u017eiai kvepiantis muilas, kuris prausia ir tuo pa\u010diu r\u016bpinasi odos dr\u0117gme. \u0160is <strong data-start=\"616\" data-end=\"634\">vanil\u0117s muilas<\/strong> efektyviai pa\u0161alina ne\u0161varumus, ta\u010diau nei\u0161sausina odos ir palieka j\u0105 \u0161velni\u0105 bei mink\u0161t\u0105.<\/p>\n<p data-start=\"727\" data-end=\"954\">Dr\u0117kinamoji formul\u0117 padeda i\u0161laikyti nat\u016bral\u0173 odos balans\u0105, tod\u0117l muilas tinka kasdieniam naudojimui net ir jautriai odai.<br data-start=\"849\" data-end=\"852\" \/>Sodrus, saldus <strong data-start=\"867\" data-end=\"887\">vanil\u0117s aromatas<\/strong> sukuria jauk\u0173 ir atpalaiduojant\u012f poj\u016bt\u012f, kuris i\u0161lieka ilg\u0105 laik\u0105.<\/p>\n<p data-start=\"956\" data-end=\"998\"><strong data-start=\"956\" data-end=\"998\">SINOZ SWEETY VANILLA muilo privalumai:<\/strong><\/p>\n<ul data-start=\"999\" data-end=\"1215\">\n<li data-start=\"999\" data-end=\"1023\">\n<p data-start=\"1001\" data-end=\"1023\">\u0160velniai valo rankas<\/p>\n<\/li>\n<li data-start=\"1024\" data-end=\"1052\">\n<p data-start=\"1026\" data-end=\"1052\">Dr\u0117kina ir mink\u0161tina od\u0105<\/p>\n<\/li>\n<li data-start=\"1053\" data-end=\"1080\">\n<p data-start=\"1055\" data-end=\"1080\">Apsaugo nuo i\u0161saus\u0117jimo<\/p>\n<\/li>\n<li data-start=\"1081\" data-end=\"1126\">\n<p data-start=\"1083\" data-end=\"1126\">Ilgai i\u0161liekantis sald\u017eios vanil\u0117s kvapas<\/p>\n<\/li>\n<li data-start=\"1127\" data-end=\"1166\">\n<p data-start=\"1129\" data-end=\"1166\">Sukuria jauk\u0173 ir komforti\u0161k\u0105 poj\u016bt\u012f<\/p>\n<\/li>\n<li data-start=\"1167\" data-end=\"1191\">\n<p data-start=\"1169\" data-end=\"1191\">Tinka vis\u0173 tip\u0173 odai<\/p>\n<\/li>\n<li data-start=\"1192\" data-end=\"1215\">\n<p data-start=\"1194\" data-end=\"1215\">Kasdieniam naudojimui<\/p>\n<\/li>\n<\/ul>\n<p data-start=\"1217\" data-end=\"1321\"><strong data-start=\"1217\" data-end=\"1232\">Naudojimas:<\/strong><br data-start=\"1232\" data-end=\"1235\" \/>Sukurkite kremines putas, \u0161velniai prauskite rankas ir kruop\u0161\u010diai nuplaukite vandeniu.<\/p>\n<p data-start=\"1323\" data-end=\"1411\"><strong data-start=\"1323\" data-end=\"1347\">SINOZ SWEETY VANILLA<\/strong> \u2013 vanil\u0117s muilas, kuris paver\u010dia rank\u0173 plovim\u0105 maloniu ritualu.<\/p>\n","protected":false},"excerpt":{"rendered":"<p data-start=\"281\" data-end=\"387\">SINOZ vanil\u0117s muilas \u0161velniai valo rankas, dr\u0117kina od\u0105 ir palieka sald\u0173, ilgai i\u0161liekant\u012f vanil\u0117s aromat\u0105.<\/p>\n","protected":false},"featured_media":58979,"template":"","meta":[],"product_brand":[1354],"product_cat":[731,540],"product_tag":[1619],"class_list":{"0":"post-58978","1":"product","2":"type-product","3":"status-publish","4":"has-post-thumbnail","6":"product_brand-sinoz","7":"product_cat-kunui","8":"product_cat-ranku-prieziura-muilai-ranku-kremai","9":"product_tag-sinoz","11":"first","12":"outofstock","13":"sale","14":"taxable","15":"shipping-taxable","16":"purchasable","17":"product-type-simple"},"yoast_head":"<!-- This site is optimized with the Yoast SEO plugin v27.4 - https:\/\/yoast.com\/product\/yoast-seo-wordpress\/ -->\n<title>SINOZ vanil\u0117s muilas SWEETY VANILLA, 80 g - MalinaShop.lt J\u016bs\u0173 sveikatai ir gro\u017eiui.<\/title>\n<meta name=\"description\" content=\"\u0160velnus ir saldus vanil\u0117s muilas, kuris dr\u0117kina rankas ir palieka ilgai i\u0161liekant\u012f aromat\u0105. SINOZ SWEETY VANILLA r\u016bpinasi oda kasdien.\" \/>\n<meta name=\"robots\" content=\"index, follow, max-snippet:-1, max-image-preview:large, max-video-preview:-1\" \/>\n<link rel=\"canonical\" href=\"https:\/\/www.malinashop.lt\/lt_lt\/shop\/sinoz-vaniles-muilas-sweety-vanilla-80-g\/\" \/>\n<meta property=\"og:locale\" content=\"lt_LT\" \/>\n<meta property=\"og:type\" content=\"article\" \/>\n<meta property=\"og:title\" content=\"SINOZ vanil\u0117s muilas SWEETY VANILLA, 80 g - MalinaShop.lt J\u016bs\u0173 sveikatai ir gro\u017eiui.\" \/>\n<meta property=\"og:description\" content=\"\u0160velnus ir saldus vanil\u0117s muilas, kuris dr\u0117kina rankas ir palieka ilgai i\u0161liekant\u012f aromat\u0105. SINOZ SWEETY VANILLA r\u016bpinasi oda kasdien.\" \/>\n<meta property=\"og:url\" content=\"https:\/\/www.malinashop.lt\/lt_lt\/shop\/sinoz-vaniles-muilas-sweety-vanilla-80-g\/\" \/>\n<meta property=\"og:site_name\" content=\"MalinaShop.lt J\u016bs\u0173 sveikatai ir gro\u017eiui.\" \/>\n<meta property=\"article:modified_time\" content=\"2026-03-18T09:27:57+00:00\" \/>\n<meta property=\"og:image\" content=\"https:\/\/www.malinashop.lt\/wp-content\/uploads\/2025\/10\/SINOZ-vaniles-muilas-SWEETY-VANILLA-80-g.webp\" \/>\n\t<meta property=\"og:image:width\" content=\"768\" \/>\n\t<meta property=\"og:image:height\" content=\"768\" \/>\n\t<meta property=\"og:image:type\" content=\"image\/webp\" \/>\n<meta name=\"twitter:card\" content=\"summary_large_image\" \/>\n<script type=\"application\/ld+json\" class=\"yoast-schema-graph\">{\"@context\":\"https:\\\/\\\/schema.org\",\"@graph\":[{\"@type\":\"WebPage\",\"@id\":\"https:\\\/\\\/www.malinashop.lt\\\/lt_lt\\\/shop\\\/sinoz-vaniles-muilas-sweety-vanilla-80-g\\\/\",\"url\":\"https:\\\/\\\/www.malinashop.lt\\\/lt_lt\\\/shop\\\/sinoz-vaniles-muilas-sweety-vanilla-80-g\\\/\",\"name\":\"SINOZ vanil\u0117s muilas SWEETY VANILLA, 80 g - MalinaShop.lt J\u016bs\u0173 sveikatai ir gro\u017eiui.\",\"isPartOf\":{\"@id\":\"https:\\\/\\\/www.malinashop.lt\\\/#website\"},\"primaryImageOfPage\":{\"@id\":\"https:\\\/\\\/www.malinashop.lt\\\/lt_lt\\\/shop\\\/sinoz-vaniles-muilas-sweety-vanilla-80-g\\\/#primaryimage\"},\"image\":{\"@id\":\"https:\\\/\\\/www.malinashop.lt\\\/lt_lt\\\/shop\\\/sinoz-vaniles-muilas-sweety-vanilla-80-g\\\/#primaryimage\"},\"thumbnailUrl\":\"https:\\\/\\\/www.malinashop.lt\\\/wp-content\\\/uploads\\\/2025\\\/10\\\/SINOZ-vaniles-muilas-SWEETY-VANILLA-80-g.webp\",\"datePublished\":\"2025-10-20T12:09:00+00:00\",\"dateModified\":\"2026-03-18T09:27:57+00:00\",\"description\":\"\u0160velnus ir saldus vanil\u0117s muilas, kuris dr\u0117kina rankas ir palieka ilgai i\u0161liekant\u012f aromat\u0105. SINOZ SWEETY VANILLA r\u016bpinasi oda kasdien.\",\"breadcrumb\":{\"@id\":\"https:\\\/\\\/www.malinashop.lt\\\/lt_lt\\\/shop\\\/sinoz-vaniles-muilas-sweety-vanilla-80-g\\\/#breadcrumb\"},\"inLanguage\":\"lt-LT\",\"potentialAction\":[{\"@type\":\"ReadAction\",\"target\":[\"https:\\\/\\\/www.malinashop.lt\\\/lt_lt\\\/shop\\\/sinoz-vaniles-muilas-sweety-vanilla-80-g\\\/\"]}]},{\"@type\":\"ImageObject\",\"inLanguage\":\"lt-LT\",\"@id\":\"https:\\\/\\\/www.malinashop.lt\\\/lt_lt\\\/shop\\\/sinoz-vaniles-muilas-sweety-vanilla-80-g\\\/#primaryimage\",\"url\":\"https:\\\/\\\/www.malinashop.lt\\\/wp-content\\\/uploads\\\/2025\\\/10\\\/SINOZ-vaniles-muilas-SWEETY-VANILLA-80-g.webp\",\"contentUrl\":\"https:\\\/\\\/www.malinashop.lt\\\/wp-content\\\/uploads\\\/2025\\\/10\\\/SINOZ-vaniles-muilas-SWEETY-VANILLA-80-g.webp\",\"width\":768,\"height\":768},{\"@type\":\"BreadcrumbList\",\"@id\":\"https:\\\/\\\/www.malinashop.lt\\\/lt_lt\\\/shop\\\/sinoz-vaniles-muilas-sweety-vanilla-80-g\\\/#breadcrumb\",\"itemListElement\":[{\"@type\":\"ListItem\",\"position\":1,\"name\":\"Pagrindinis\",\"item\":\"https:\\\/\\\/www.malinashop.lt\\\/\"},{\"@type\":\"ListItem\",\"position\":2,\"name\":\"Parduotuv\u0117\",\"item\":\"https:\\\/\\\/www.malinashop.lt\\\/en\\\/parduotuve\\\/\"},{\"@type\":\"ListItem\",\"position\":3,\"name\":\"SINOZ vanil\u0117s muilas SWEETY VANILLA, 80 g\"}]},{\"@type\":\"WebSite\",\"@id\":\"https:\\\/\\\/www.malinashop.lt\\\/#website\",\"url\":\"https:\\\/\\\/www.malinashop.lt\\\/\",\"name\":\"COM Group Ecommerce\",\"description\":\"MalinaShop.lt - Gro\u017eio ir sveikatos produktai i\u0161 patikim\u0173 preki\u0173 \u017eenkl\u0173. Atraskite auk\u0161tos kokyb\u0117s kosmetik\u0105 u\u017e puiki\u0105 kain\u0105.\",\"publisher\":{\"@id\":\"https:\\\/\\\/www.malinashop.lt\\\/#organization\"},\"potentialAction\":[{\"@type\":\"SearchAction\",\"target\":{\"@type\":\"EntryPoint\",\"urlTemplate\":\"https:\\\/\\\/www.malinashop.lt\\\/?s={search_term_string}\"},\"query-input\":{\"@type\":\"PropertyValueSpecification\",\"valueRequired\":true,\"valueName\":\"search_term_string\"}}],\"inLanguage\":\"lt-LT\"},{\"@type\":\"Organization\",\"@id\":\"https:\\\/\\\/www.malinashop.lt\\\/#organization\",\"name\":\"COM Group Ecommerce\",\"url\":\"https:\\\/\\\/www.malinashop.lt\\\/\",\"logo\":{\"@type\":\"ImageObject\",\"inLanguage\":\"lt-LT\",\"@id\":\"https:\\\/\\\/www.malinashop.lt\\\/#\\\/schema\\\/logo\\\/image\\\/\",\"url\":\"https:\\\/\\\/www.malinashop.lt\\\/wp-content\\\/uploads\\\/2024\\\/08\\\/462559670_3787732518133670_9795632669273463_n-e1731525914575.png\",\"contentUrl\":\"https:\\\/\\\/www.malinashop.lt\\\/wp-content\\\/uploads\\\/2024\\\/08\\\/462559670_3787732518133670_9795632669273463_n-e1731525914575.png\",\"width\":180,\"height\":60,\"caption\":\"COM Group Ecommerce\"},\"image\":{\"@id\":\"https:\\\/\\\/www.malinashop.lt\\\/#\\\/schema\\\/logo\\\/image\\\/\"}}]}<\/script>\n<!-- \/ Yoast SEO plugin. -->","yoast_head_json":{"title":"SINOZ vanil\u0117s muilas SWEETY VANILLA, 80 g - MalinaShop.lt J\u016bs\u0173 sveikatai ir gro\u017eiui.","description":"\u0160velnus ir saldus vanil\u0117s muilas, kuris dr\u0117kina rankas ir palieka ilgai i\u0161liekant\u012f aromat\u0105. SINOZ SWEETY VANILLA r\u016bpinasi oda kasdien.","robots":{"index":"index","follow":"follow","max-snippet":"max-snippet:-1","max-image-preview":"max-image-preview:large","max-video-preview":"max-video-preview:-1"},"canonical":"https:\/\/www.malinashop.lt\/lt_lt\/shop\/sinoz-vaniles-muilas-sweety-vanilla-80-g\/","og_locale":"lt_LT","og_type":"article","og_title":"SINOZ vanil\u0117s muilas SWEETY VANILLA, 80 g - MalinaShop.lt J\u016bs\u0173 sveikatai ir gro\u017eiui.","og_description":"\u0160velnus ir saldus vanil\u0117s muilas, kuris dr\u0117kina rankas ir palieka ilgai i\u0161liekant\u012f aromat\u0105. SINOZ SWEETY VANILLA r\u016bpinasi oda kasdien.","og_url":"https:\/\/www.malinashop.lt\/lt_lt\/shop\/sinoz-vaniles-muilas-sweety-vanilla-80-g\/","og_site_name":"MalinaShop.lt J\u016bs\u0173 sveikatai ir gro\u017eiui.","article_modified_time":"2026-03-18T09:27:57+00:00","og_image":[{"width":768,"height":768,"url":"https:\/\/www.malinashop.lt\/wp-content\/uploads\/2025\/10\/SINOZ-vaniles-muilas-SWEETY-VANILLA-80-g.webp","type":"image\/webp"}],"twitter_card":"summary_large_image","schema":{"@context":"https:\/\/schema.org","@graph":[{"@type":"WebPage","@id":"https:\/\/www.malinashop.lt\/lt_lt\/shop\/sinoz-vaniles-muilas-sweety-vanilla-80-g\/","url":"https:\/\/www.malinashop.lt\/lt_lt\/shop\/sinoz-vaniles-muilas-sweety-vanilla-80-g\/","name":"SINOZ vanil\u0117s muilas SWEETY VANILLA, 80 g - MalinaShop.lt J\u016bs\u0173 sveikatai ir gro\u017eiui.","isPartOf":{"@id":"https:\/\/www.malinashop.lt\/#website"},"primaryImageOfPage":{"@id":"https:\/\/www.malinashop.lt\/lt_lt\/shop\/sinoz-vaniles-muilas-sweety-vanilla-80-g\/#primaryimage"},"image":{"@id":"https:\/\/www.malinashop.lt\/lt_lt\/shop\/sinoz-vaniles-muilas-sweety-vanilla-80-g\/#primaryimage"},"thumbnailUrl":"https:\/\/www.malinashop.lt\/wp-content\/uploads\/2025\/10\/SINOZ-vaniles-muilas-SWEETY-VANILLA-80-g.webp","datePublished":"2025-10-20T12:09:00+00:00","dateModified":"2026-03-18T09:27:57+00:00","description":"\u0160velnus ir saldus vanil\u0117s muilas, kuris dr\u0117kina rankas ir palieka ilgai i\u0161liekant\u012f aromat\u0105. SINOZ SWEETY VANILLA r\u016bpinasi oda kasdien.","breadcrumb":{"@id":"https:\/\/www.malinashop.lt\/lt_lt\/shop\/sinoz-vaniles-muilas-sweety-vanilla-80-g\/#breadcrumb"},"inLanguage":"lt-LT","potentialAction":[{"@type":"ReadAction","target":["https:\/\/www.malinashop.lt\/lt_lt\/shop\/sinoz-vaniles-muilas-sweety-vanilla-80-g\/"]}]},{"@type":"ImageObject","inLanguage":"lt-LT","@id":"https:\/\/www.malinashop.lt\/lt_lt\/shop\/sinoz-vaniles-muilas-sweety-vanilla-80-g\/#primaryimage","url":"https:\/\/www.malinashop.lt\/wp-content\/uploads\/2025\/10\/SINOZ-vaniles-muilas-SWEETY-VANILLA-80-g.webp","contentUrl":"https:\/\/www.malinashop.lt\/wp-content\/uploads\/2025\/10\/SINOZ-vaniles-muilas-SWEETY-VANILLA-80-g.webp","width":768,"height":768},{"@type":"BreadcrumbList","@id":"https:\/\/www.malinashop.lt\/lt_lt\/shop\/sinoz-vaniles-muilas-sweety-vanilla-80-g\/#breadcrumb","itemListElement":[{"@type":"ListItem","position":1,"name":"Pagrindinis","item":"https:\/\/www.malinashop.lt\/"},{"@type":"ListItem","position":2,"name":"Parduotuv\u0117","item":"https:\/\/www.malinashop.lt\/en\/parduotuve\/"},{"@type":"ListItem","position":3,"name":"SINOZ vanil\u0117s muilas SWEETY VANILLA, 80 g"}]},{"@type":"WebSite","@id":"https:\/\/www.malinashop.lt\/#website","url":"https:\/\/www.malinashop.lt\/","name":"COM Group Ecommerce","description":"MalinaShop.lt - Gro\u017eio ir sveikatos produktai i\u0161 patikim\u0173 preki\u0173 \u017eenkl\u0173. Atraskite auk\u0161tos kokyb\u0117s kosmetik\u0105 u\u017e puiki\u0105 kain\u0105.","publisher":{"@id":"https:\/\/www.malinashop.lt\/#organization"},"potentialAction":[{"@type":"SearchAction","target":{"@type":"EntryPoint","urlTemplate":"https:\/\/www.malinashop.lt\/?s={search_term_string}"},"query-input":{"@type":"PropertyValueSpecification","valueRequired":true,"valueName":"search_term_string"}}],"inLanguage":"lt-LT"},{"@type":"Organization","@id":"https:\/\/www.malinashop.lt\/#organization","name":"COM Group Ecommerce","url":"https:\/\/www.malinashop.lt\/","logo":{"@type":"ImageObject","inLanguage":"lt-LT","@id":"https:\/\/www.malinashop.lt\/#\/schema\/logo\/image\/","url":"https:\/\/www.malinashop.lt\/wp-content\/uploads\/2024\/08\/462559670_3787732518133670_9795632669273463_n-e1731525914575.png","contentUrl":"https:\/\/www.malinashop.lt\/wp-content\/uploads\/2024\/08\/462559670_3787732518133670_9795632669273463_n-e1731525914575.png","width":180,"height":60,"caption":"COM Group Ecommerce"},"image":{"@id":"https:\/\/www.malinashop.lt\/#\/schema\/logo\/image\/"}}]}},"jetpack_sharing_enabled":true,"_links":{"self":[{"href":"https:\/\/www.malinashop.lt\/lt_lt\/wp-json\/wp\/v2\/product\/58978","targetHints":{"allow":["GET"]}}],"collection":[{"href":"https:\/\/www.malinashop.lt\/lt_lt\/wp-json\/wp\/v2\/product"}],"about":[{"href":"https:\/\/www.malinashop.lt\/lt_lt\/wp-json\/wp\/v2\/types\/product"}],"version-history":[{"count":1,"href":"https:\/\/www.malinashop.lt\/lt_lt\/wp-json\/wp\/v2\/product\/58978\/revisions"}],"predecessor-version":[{"id":58980,"href":"https:\/\/www.malinashop.lt\/lt_lt\/wp-json\/wp\/v2\/product\/58978\/revisions\/58980"}],"wp:featuredmedia":[{"embeddable":true,"href":"https:\/\/www.malinashop.lt\/lt_lt\/wp-json\/wp\/v2\/media\/58979"}],"wp:attachment":[{"href":"https:\/\/www.malinashop.lt\/lt_lt\/wp-json\/wp\/v2\/media?parent=58978"}],"wp:term":[{"taxonomy":"product_brand","embeddable":true,"href":"https:\/\/www.malinashop.lt\/lt_lt\/wp-json\/wp\/v2\/product_brand?post=58978"},{"taxonomy":"product_cat","embeddable":true,"href":"https:\/\/www.malinashop.lt\/lt_lt\/wp-json\/wp\/v2\/product_cat?post=58978"},{"taxonomy":"product_tag","embeddable":true,"href":"https:\/\/www.malinashop.lt\/lt_lt\/wp-json\/wp\/v2\/product_tag?post=58978"}],"curies":[{"name":"wp","href":"https:\/\/api.w.org\/{rel}","templated":true}]}}