{"id":58972,"date":"2025-10-20T15:03:56","date_gmt":"2025-10-20T12:03:56","guid":{"rendered":"https:\/\/malinashop.lt\/?post_type=product&#038;p=58972"},"modified":"2026-03-18T12:27:57","modified_gmt":"2026-03-18T09:27:57","slug":"sinoz-drekinamasis-muilas-gold-aura-80-g","status":"publish","type":"product","link":"https:\/\/www.malinashop.lt\/lt_lt\/shop\/sinoz-drekinamasis-muilas-gold-aura-80-g\/","title":{"rendered":"SINOZ dr\u0117kinamasis muilas GOLD AURA, 80 g"},"content":{"rendered":"<p data-start=\"481\" data-end=\"749\"><strong data-start=\"481\" data-end=\"543\">SINOZ dr\u0117kinamasis muilas GOLD AURA MOISTURIZING HAND SOAP<\/strong> \u2013 tai \u0161velnus, kasdieniam naudojimui pritaikytas muilas, kuris ne tik valo, bet ir r\u016bpinasi oda. \u0160is <strong data-start=\"645\" data-end=\"668\">dr\u0117kinamasis muilas<\/strong> pa\u0161alina ne\u0161varumus, nedirgindamas odos ir nepa\u017eeisdamas jos apsauginio barjero.<\/p>\n<p data-start=\"751\" data-end=\"1003\">Formul\u0117 praturtinta dr\u0117kinamosiomis med\u017eiagomis, tod\u0117l muilas <strong data-start=\"813\" data-end=\"844\">neleid\u017eia rankoms i\u0161saus\u0117ti<\/strong>, palieka od\u0105 mink\u0161t\u0105, elasting\u0105 ir \u0161velni\u0105.<br data-start=\"888\" data-end=\"891\" \/>Ilgai i\u0161liekantis <strong data-start=\"909\" data-end=\"939\">prabangus GOLD AURA kvapas<\/strong> suteikia malon\u0173 poj\u016bt\u012f ir elegancijos j\u016bs\u0173 kasdien\u0117je rutinoje.<\/p>\n<p data-start=\"1005\" data-end=\"1042\"><strong data-start=\"1005\" data-end=\"1042\">SINOZ GOLD AURA muilo privalumai:<\/strong><\/p>\n<ul data-start=\"1043\" data-end=\"1270\">\n<li data-start=\"1043\" data-end=\"1082\">\n<p data-start=\"1045\" data-end=\"1082\">\u0160velniai ir veiksmingai valo rankas<\/p>\n<\/li>\n<li data-start=\"1083\" data-end=\"1117\">\n<p data-start=\"1085\" data-end=\"1117\">Dr\u0117kina ir apsaugo nuo sausumo<\/p>\n<\/li>\n<li data-start=\"1118\" data-end=\"1147\">\n<p data-start=\"1120\" data-end=\"1147\">Mink\u0161tina ir \u0161velnina od\u0105<\/p>\n<\/li>\n<li data-start=\"1148\" data-end=\"1186\">\n<p data-start=\"1150\" data-end=\"1186\">Ilgai i\u0161liekantis prabangus kvapas<\/p>\n<\/li>\n<li data-start=\"1187\" data-end=\"1215\">\n<p data-start=\"1189\" data-end=\"1215\">Nesukelia tempimo jausmo<\/p>\n<\/li>\n<li data-start=\"1216\" data-end=\"1247\">\n<p data-start=\"1218\" data-end=\"1247\">Tinka kasdieniam naudojimui<\/p>\n<\/li>\n<li data-start=\"1248\" data-end=\"1270\">\n<p data-start=\"1250\" data-end=\"1270\">Idealu jautriai odai<\/p>\n<\/li>\n<\/ul>\n<p data-start=\"1272\" data-end=\"1376\"><strong data-start=\"1272\" data-end=\"1287\">Naudojimas:<\/strong><br data-start=\"1287\" data-end=\"1290\" \/>Sukurkite kremines putas, \u0161velniai prauskite rankas ir kruop\u0161\u010diai nuplaukite vandeniu.<\/p>\n<p data-start=\"1378\" data-end=\"1487\"><strong data-start=\"1378\" data-end=\"1397\">SINOZ GOLD AURA<\/strong> \u2013 dr\u0117kinamasis muilas, suteikiantis \u0161varos, komforto ir prabangos poj\u016bt\u012f kiekvien\u0105 kart\u0105.<\/p>\n","protected":false},"excerpt":{"rendered":"<p data-start=\"315\" data-end=\"418\">SINOZ dr\u0117kinamasis muilas \u0161velniai valo rankas, dr\u0117kina od\u0105 ir palieka ilgai i\u0161liekant\u012f prabang\u0173 kvap\u0105.<\/p>\n","protected":false},"featured_media":58973,"template":"","meta":[],"product_brand":[1354],"product_cat":[731,540],"product_tag":[1619],"class_list":{"0":"post-58972","1":"product","2":"type-product","3":"status-publish","4":"has-post-thumbnail","6":"product_brand-sinoz","7":"product_cat-kunui","8":"product_cat-ranku-prieziura-muilai-ranku-kremai","9":"product_tag-sinoz","11":"first","12":"outofstock","13":"sale","14":"taxable","15":"shipping-taxable","16":"purchasable","17":"product-type-simple"},"yoast_head":"<!-- This site is optimized with the Yoast SEO plugin v27.3 - https:\/\/yoast.com\/product\/yoast-seo-wordpress\/ -->\n<title>SINOZ dr\u0117kinamasis muilas GOLD AURA, 80 g - MalinaShop.lt J\u016bs\u0173 sveikatai ir gro\u017eiui.<\/title>\n<meta name=\"description\" content=\"\u0160velniai valo ir dr\u0117kina rankas! SINOZ dr\u0117kinamasis muilas GOLD AURA palieka od\u0105 \u0161velni\u0105 ir kvepian\u010di\u0105 ilgai i\u0161liekan\u010diu prabangiu aromatu.\" \/>\n<meta name=\"robots\" content=\"index, follow, max-snippet:-1, max-image-preview:large, max-video-preview:-1\" \/>\n<link rel=\"canonical\" href=\"https:\/\/www.malinashop.lt\/lt_lt\/shop\/sinoz-drekinamasis-muilas-gold-aura-80-g\/\" \/>\n<meta property=\"og:locale\" content=\"lt_LT\" \/>\n<meta property=\"og:type\" content=\"article\" \/>\n<meta property=\"og:title\" content=\"SINOZ dr\u0117kinamasis muilas GOLD AURA, 80 g - MalinaShop.lt J\u016bs\u0173 sveikatai ir gro\u017eiui.\" \/>\n<meta property=\"og:description\" content=\"\u0160velniai valo ir dr\u0117kina rankas! SINOZ dr\u0117kinamasis muilas GOLD AURA palieka od\u0105 \u0161velni\u0105 ir kvepian\u010di\u0105 ilgai i\u0161liekan\u010diu prabangiu aromatu.\" \/>\n<meta property=\"og:url\" content=\"https:\/\/www.malinashop.lt\/lt_lt\/shop\/sinoz-drekinamasis-muilas-gold-aura-80-g\/\" \/>\n<meta property=\"og:site_name\" content=\"MalinaShop.lt J\u016bs\u0173 sveikatai ir gro\u017eiui.\" \/>\n<meta property=\"article:modified_time\" content=\"2026-03-18T09:27:57+00:00\" \/>\n<meta property=\"og:image\" content=\"https:\/\/www.malinashop.lt\/wp-content\/uploads\/2025\/10\/SINOZ-drekinamasis-muilas-GOLD-AURA-80-g.webp\" \/>\n\t<meta property=\"og:image:width\" content=\"768\" \/>\n\t<meta property=\"og:image:height\" content=\"768\" \/>\n\t<meta property=\"og:image:type\" content=\"image\/webp\" \/>\n<meta name=\"twitter:card\" content=\"summary_large_image\" \/>\n<script type=\"application\/ld+json\" class=\"yoast-schema-graph\">{\"@context\":\"https:\\\/\\\/schema.org\",\"@graph\":[{\"@type\":\"WebPage\",\"@id\":\"https:\\\/\\\/www.malinashop.lt\\\/lt_lt\\\/shop\\\/sinoz-drekinamasis-muilas-gold-aura-80-g\\\/\",\"url\":\"https:\\\/\\\/www.malinashop.lt\\\/lt_lt\\\/shop\\\/sinoz-drekinamasis-muilas-gold-aura-80-g\\\/\",\"name\":\"SINOZ dr\u0117kinamasis muilas GOLD AURA, 80 g - MalinaShop.lt J\u016bs\u0173 sveikatai ir gro\u017eiui.\",\"isPartOf\":{\"@id\":\"https:\\\/\\\/www.malinashop.lt\\\/en\\\/#website\"},\"primaryImageOfPage\":{\"@id\":\"https:\\\/\\\/www.malinashop.lt\\\/lt_lt\\\/shop\\\/sinoz-drekinamasis-muilas-gold-aura-80-g\\\/#primaryimage\"},\"image\":{\"@id\":\"https:\\\/\\\/www.malinashop.lt\\\/lt_lt\\\/shop\\\/sinoz-drekinamasis-muilas-gold-aura-80-g\\\/#primaryimage\"},\"thumbnailUrl\":\"https:\\\/\\\/www.malinashop.lt\\\/wp-content\\\/uploads\\\/2025\\\/10\\\/SINOZ-drekinamasis-muilas-GOLD-AURA-80-g.webp\",\"datePublished\":\"2025-10-20T12:03:56+00:00\",\"dateModified\":\"2026-03-18T09:27:57+00:00\",\"description\":\"\u0160velniai valo ir dr\u0117kina rankas! SINOZ dr\u0117kinamasis muilas GOLD AURA palieka od\u0105 \u0161velni\u0105 ir kvepian\u010di\u0105 ilgai i\u0161liekan\u010diu prabangiu aromatu.\",\"breadcrumb\":{\"@id\":\"https:\\\/\\\/www.malinashop.lt\\\/lt_lt\\\/shop\\\/sinoz-drekinamasis-muilas-gold-aura-80-g\\\/#breadcrumb\"},\"inLanguage\":\"lt-LT\",\"potentialAction\":[{\"@type\":\"ReadAction\",\"target\":[\"https:\\\/\\\/www.malinashop.lt\\\/lt_lt\\\/shop\\\/sinoz-drekinamasis-muilas-gold-aura-80-g\\\/\"]}]},{\"@type\":\"ImageObject\",\"inLanguage\":\"lt-LT\",\"@id\":\"https:\\\/\\\/www.malinashop.lt\\\/lt_lt\\\/shop\\\/sinoz-drekinamasis-muilas-gold-aura-80-g\\\/#primaryimage\",\"url\":\"https:\\\/\\\/www.malinashop.lt\\\/wp-content\\\/uploads\\\/2025\\\/10\\\/SINOZ-drekinamasis-muilas-GOLD-AURA-80-g.webp\",\"contentUrl\":\"https:\\\/\\\/www.malinashop.lt\\\/wp-content\\\/uploads\\\/2025\\\/10\\\/SINOZ-drekinamasis-muilas-GOLD-AURA-80-g.webp\",\"width\":768,\"height\":768},{\"@type\":\"BreadcrumbList\",\"@id\":\"https:\\\/\\\/www.malinashop.lt\\\/lt_lt\\\/shop\\\/sinoz-drekinamasis-muilas-gold-aura-80-g\\\/#breadcrumb\",\"itemListElement\":[{\"@type\":\"ListItem\",\"position\":1,\"name\":\"Home\",\"item\":\"https:\\\/\\\/www.malinashop.lt\\\/en\\\/\"},{\"@type\":\"ListItem\",\"position\":2,\"name\":\"Parduotuv\u0117\",\"item\":\"https:\\\/\\\/www.malinashop.lt\\\/en\\\/parduotuve\\\/\"},{\"@type\":\"ListItem\",\"position\":3,\"name\":\"SINOZ dr\u0117kinamasis muilas GOLD AURA, 80 g\"}]},{\"@type\":\"WebSite\",\"@id\":\"https:\\\/\\\/www.malinashop.lt\\\/en\\\/#website\",\"url\":\"https:\\\/\\\/www.malinashop.lt\\\/en\\\/\",\"name\":\"COM Group Ecommerce\",\"description\":\"MalinaShop.lt - Gro\u017eio ir sveikatos produktai i\u0161 patikim\u0173 preki\u0173 \u017eenkl\u0173. Atraskite auk\u0161tos kokyb\u0117s kosmetik\u0105 u\u017e puiki\u0105 kain\u0105.\",\"publisher\":{\"@id\":\"https:\\\/\\\/www.malinashop.lt\\\/en\\\/#organization\"},\"potentialAction\":[{\"@type\":\"SearchAction\",\"target\":{\"@type\":\"EntryPoint\",\"urlTemplate\":\"https:\\\/\\\/www.malinashop.lt\\\/en\\\/?s={search_term_string}\"},\"query-input\":{\"@type\":\"PropertyValueSpecification\",\"valueRequired\":true,\"valueName\":\"search_term_string\"}}],\"inLanguage\":\"lt-LT\"},{\"@type\":\"Organization\",\"@id\":\"https:\\\/\\\/www.malinashop.lt\\\/en\\\/#organization\",\"name\":\"COM Group Ecommerce\",\"url\":\"https:\\\/\\\/www.malinashop.lt\\\/en\\\/\",\"logo\":{\"@type\":\"ImageObject\",\"inLanguage\":\"lt-LT\",\"@id\":\"https:\\\/\\\/www.malinashop.lt\\\/en\\\/#\\\/schema\\\/logo\\\/image\\\/\",\"url\":\"https:\\\/\\\/www.malinashop.lt\\\/wp-content\\\/uploads\\\/2024\\\/08\\\/462559670_3787732518133670_9795632669273463_n-e1731525914575.png\",\"contentUrl\":\"https:\\\/\\\/www.malinashop.lt\\\/wp-content\\\/uploads\\\/2024\\\/08\\\/462559670_3787732518133670_9795632669273463_n-e1731525914575.png\",\"width\":180,\"height\":60,\"caption\":\"COM Group Ecommerce\"},\"image\":{\"@id\":\"https:\\\/\\\/www.malinashop.lt\\\/en\\\/#\\\/schema\\\/logo\\\/image\\\/\"}}]}<\/script>\n<!-- \/ Yoast SEO plugin. -->","yoast_head_json":{"title":"SINOZ dr\u0117kinamasis muilas GOLD AURA, 80 g - MalinaShop.lt J\u016bs\u0173 sveikatai ir gro\u017eiui.","description":"\u0160velniai valo ir dr\u0117kina rankas! SINOZ dr\u0117kinamasis muilas GOLD AURA palieka od\u0105 \u0161velni\u0105 ir kvepian\u010di\u0105 ilgai i\u0161liekan\u010diu prabangiu aromatu.","robots":{"index":"index","follow":"follow","max-snippet":"max-snippet:-1","max-image-preview":"max-image-preview:large","max-video-preview":"max-video-preview:-1"},"canonical":"https:\/\/www.malinashop.lt\/lt_lt\/shop\/sinoz-drekinamasis-muilas-gold-aura-80-g\/","og_locale":"lt_LT","og_type":"article","og_title":"SINOZ dr\u0117kinamasis muilas GOLD AURA, 80 g - MalinaShop.lt J\u016bs\u0173 sveikatai ir gro\u017eiui.","og_description":"\u0160velniai valo ir dr\u0117kina rankas! SINOZ dr\u0117kinamasis muilas GOLD AURA palieka od\u0105 \u0161velni\u0105 ir kvepian\u010di\u0105 ilgai i\u0161liekan\u010diu prabangiu aromatu.","og_url":"https:\/\/www.malinashop.lt\/lt_lt\/shop\/sinoz-drekinamasis-muilas-gold-aura-80-g\/","og_site_name":"MalinaShop.lt J\u016bs\u0173 sveikatai ir gro\u017eiui.","article_modified_time":"2026-03-18T09:27:57+00:00","og_image":[{"width":768,"height":768,"url":"https:\/\/www.malinashop.lt\/wp-content\/uploads\/2025\/10\/SINOZ-drekinamasis-muilas-GOLD-AURA-80-g.webp","type":"image\/webp"}],"twitter_card":"summary_large_image","schema":{"@context":"https:\/\/schema.org","@graph":[{"@type":"WebPage","@id":"https:\/\/www.malinashop.lt\/lt_lt\/shop\/sinoz-drekinamasis-muilas-gold-aura-80-g\/","url":"https:\/\/www.malinashop.lt\/lt_lt\/shop\/sinoz-drekinamasis-muilas-gold-aura-80-g\/","name":"SINOZ dr\u0117kinamasis muilas GOLD AURA, 80 g - MalinaShop.lt J\u016bs\u0173 sveikatai ir gro\u017eiui.","isPartOf":{"@id":"https:\/\/www.malinashop.lt\/en\/#website"},"primaryImageOfPage":{"@id":"https:\/\/www.malinashop.lt\/lt_lt\/shop\/sinoz-drekinamasis-muilas-gold-aura-80-g\/#primaryimage"},"image":{"@id":"https:\/\/www.malinashop.lt\/lt_lt\/shop\/sinoz-drekinamasis-muilas-gold-aura-80-g\/#primaryimage"},"thumbnailUrl":"https:\/\/www.malinashop.lt\/wp-content\/uploads\/2025\/10\/SINOZ-drekinamasis-muilas-GOLD-AURA-80-g.webp","datePublished":"2025-10-20T12:03:56+00:00","dateModified":"2026-03-18T09:27:57+00:00","description":"\u0160velniai valo ir dr\u0117kina rankas! SINOZ dr\u0117kinamasis muilas GOLD AURA palieka od\u0105 \u0161velni\u0105 ir kvepian\u010di\u0105 ilgai i\u0161liekan\u010diu prabangiu aromatu.","breadcrumb":{"@id":"https:\/\/www.malinashop.lt\/lt_lt\/shop\/sinoz-drekinamasis-muilas-gold-aura-80-g\/#breadcrumb"},"inLanguage":"lt-LT","potentialAction":[{"@type":"ReadAction","target":["https:\/\/www.malinashop.lt\/lt_lt\/shop\/sinoz-drekinamasis-muilas-gold-aura-80-g\/"]}]},{"@type":"ImageObject","inLanguage":"lt-LT","@id":"https:\/\/www.malinashop.lt\/lt_lt\/shop\/sinoz-drekinamasis-muilas-gold-aura-80-g\/#primaryimage","url":"https:\/\/www.malinashop.lt\/wp-content\/uploads\/2025\/10\/SINOZ-drekinamasis-muilas-GOLD-AURA-80-g.webp","contentUrl":"https:\/\/www.malinashop.lt\/wp-content\/uploads\/2025\/10\/SINOZ-drekinamasis-muilas-GOLD-AURA-80-g.webp","width":768,"height":768},{"@type":"BreadcrumbList","@id":"https:\/\/www.malinashop.lt\/lt_lt\/shop\/sinoz-drekinamasis-muilas-gold-aura-80-g\/#breadcrumb","itemListElement":[{"@type":"ListItem","position":1,"name":"Home","item":"https:\/\/www.malinashop.lt\/en\/"},{"@type":"ListItem","position":2,"name":"Parduotuv\u0117","item":"https:\/\/www.malinashop.lt\/en\/parduotuve\/"},{"@type":"ListItem","position":3,"name":"SINOZ dr\u0117kinamasis muilas GOLD AURA, 80 g"}]},{"@type":"WebSite","@id":"https:\/\/www.malinashop.lt\/en\/#website","url":"https:\/\/www.malinashop.lt\/en\/","name":"COM Group Ecommerce","description":"MalinaShop.lt - Gro\u017eio ir sveikatos produktai i\u0161 patikim\u0173 preki\u0173 \u017eenkl\u0173. Atraskite auk\u0161tos kokyb\u0117s kosmetik\u0105 u\u017e puiki\u0105 kain\u0105.","publisher":{"@id":"https:\/\/www.malinashop.lt\/en\/#organization"},"potentialAction":[{"@type":"SearchAction","target":{"@type":"EntryPoint","urlTemplate":"https:\/\/www.malinashop.lt\/en\/?s={search_term_string}"},"query-input":{"@type":"PropertyValueSpecification","valueRequired":true,"valueName":"search_term_string"}}],"inLanguage":"lt-LT"},{"@type":"Organization","@id":"https:\/\/www.malinashop.lt\/en\/#organization","name":"COM Group Ecommerce","url":"https:\/\/www.malinashop.lt\/en\/","logo":{"@type":"ImageObject","inLanguage":"lt-LT","@id":"https:\/\/www.malinashop.lt\/en\/#\/schema\/logo\/image\/","url":"https:\/\/www.malinashop.lt\/wp-content\/uploads\/2024\/08\/462559670_3787732518133670_9795632669273463_n-e1731525914575.png","contentUrl":"https:\/\/www.malinashop.lt\/wp-content\/uploads\/2024\/08\/462559670_3787732518133670_9795632669273463_n-e1731525914575.png","width":180,"height":60,"caption":"COM Group Ecommerce"},"image":{"@id":"https:\/\/www.malinashop.lt\/en\/#\/schema\/logo\/image\/"}}]}},"jetpack_sharing_enabled":true,"_links":{"self":[{"href":"https:\/\/www.malinashop.lt\/lt_lt\/wp-json\/wp\/v2\/product\/58972","targetHints":{"allow":["GET"]}}],"collection":[{"href":"https:\/\/www.malinashop.lt\/lt_lt\/wp-json\/wp\/v2\/product"}],"about":[{"href":"https:\/\/www.malinashop.lt\/lt_lt\/wp-json\/wp\/v2\/types\/product"}],"version-history":[{"count":1,"href":"https:\/\/www.malinashop.lt\/lt_lt\/wp-json\/wp\/v2\/product\/58972\/revisions"}],"predecessor-version":[{"id":58974,"href":"https:\/\/www.malinashop.lt\/lt_lt\/wp-json\/wp\/v2\/product\/58972\/revisions\/58974"}],"wp:featuredmedia":[{"embeddable":true,"href":"https:\/\/www.malinashop.lt\/lt_lt\/wp-json\/wp\/v2\/media\/58973"}],"wp:attachment":[{"href":"https:\/\/www.malinashop.lt\/lt_lt\/wp-json\/wp\/v2\/media?parent=58972"}],"wp:term":[{"taxonomy":"product_brand","embeddable":true,"href":"https:\/\/www.malinashop.lt\/lt_lt\/wp-json\/wp\/v2\/product_brand?post=58972"},{"taxonomy":"product_cat","embeddable":true,"href":"https:\/\/www.malinashop.lt\/lt_lt\/wp-json\/wp\/v2\/product_cat?post=58972"},{"taxonomy":"product_tag","embeddable":true,"href":"https:\/\/www.malinashop.lt\/lt_lt\/wp-json\/wp\/v2\/product_tag?post=58972"}],"curies":[{"name":"wp","href":"https:\/\/api.w.org\/{rel}","templated":true}]}}