{"id":58960,"date":"2025-10-20T14:53:01","date_gmt":"2025-10-20T11:53:01","guid":{"rendered":"https:\/\/malinashop.lt\/?post_type=product&#038;p=58960"},"modified":"2026-03-18T12:27:59","modified_gmt":"2026-03-18T09:27:59","slug":"sinoz-kuno-sveitiklis-gold-aura-shea-300-g","status":"publish","type":"product","link":"https:\/\/www.malinashop.lt\/lt_lt\/shop\/sinoz-kuno-sveitiklis-gold-aura-shea-300-g\/","title":{"rendered":"SINOZ k\u016bno \u0161veitiklis GOLD AURA SHEA, 300 g"},"content":{"rendered":"<p data-start=\"570\" data-end=\"836\"><strong data-start=\"570\" data-end=\"621\">SINOZ k\u016bno \u0161veitiklis GOLD AURA SHEA BODY SCRUB<\/strong> \u0161velniai \u0161vei\u010dia odos pavir\u0161i\u0173 ir padeda pa\u0161alinti negyvas l\u0105steles, kad oda tapt\u0173 lygesn\u0117, \u0161velnesn\u0117 ir vizualiai atsigavusi. \u0160is <strong data-start=\"753\" data-end=\"772\">k\u016bno \u0161veitiklis<\/strong> ne tik valo, bet ir maitina od\u0105 d\u0117l prabangios aliej\u0173 formul\u0117s.<\/p>\n<p data-start=\"838\" data-end=\"1097\">Sud\u0117tyje esantys <strong data-start=\"855\" data-end=\"902\">arbatmed\u017eio, kokos\u0173 ir agurk\u0173 s\u0117kl\u0173 aliejai<\/strong> dr\u0117kina ir ramina od\u0105, <strong data-start=\"926\" data-end=\"955\">vitaminas E ir glicerinas<\/strong> suteikia elastingumo, o <strong data-start=\"980\" data-end=\"1005\">nat\u016brali j\u016bros druska<\/strong> \u0161vei\u010dia \u0161velniai, bet efektyviai. Po naudojimo oda atrodo \u0161varesn\u0117, glotnesn\u0117 ir spindinti.<\/p>\n<p data-start=\"1099\" data-end=\"1256\">Misti\u0161kas, ilgai i\u0161liekantis kvapas suteikia SPA poj\u016bt\u012f namuose, tod\u0117l \u0161is <strong data-start=\"1174\" data-end=\"1193\">k\u016bno \u0161veitiklis<\/strong> tampa ne tik odos prie\u017ei\u016bros, bet ir atpalaiduojan\u010diu ritualu.<\/p>\n<p data-start=\"1258\" data-end=\"1305\"><strong data-start=\"1258\" data-end=\"1305\">SINOZ GOLD AURA SHEA \u0161veitiklio privalumai:<\/strong><\/p>\n<ul data-start=\"1306\" data-end=\"1570\">\n<li data-start=\"1306\" data-end=\"1349\">\n<p data-start=\"1308\" data-end=\"1349\">\u0160velniai pa\u0161alina negyvas odos l\u0105steles<\/p>\n<\/li>\n<li data-start=\"1350\" data-end=\"1390\">\n<p data-start=\"1352\" data-end=\"1390\">Atkuria odos \u0161velnum\u0105 ir elastingum\u0105<\/p>\n<\/li>\n<li data-start=\"1391\" data-end=\"1429\">\n<p data-start=\"1393\" data-end=\"1429\">Maitina ir apsaugo nuo i\u0161saus\u0117jimo<\/p>\n<\/li>\n<li data-start=\"1430\" data-end=\"1469\">\n<p data-start=\"1432\" data-end=\"1469\">Praturtintas aliejais ir vitaminu E<\/p>\n<\/li>\n<li data-start=\"1470\" data-end=\"1506\">\n<p data-start=\"1472\" data-end=\"1506\">Gerina odos tekst\u016br\u0105 ir spindes\u012f<\/p>\n<\/li>\n<li data-start=\"1507\" data-end=\"1545\">\n<p data-start=\"1509\" data-end=\"1545\">Ilgai i\u0161liekantis prabangus kvapas<\/p>\n<\/li>\n<li data-start=\"1546\" data-end=\"1570\">\n<p data-start=\"1548\" data-end=\"1570\">Tinka vis\u0173 tip\u0173 odai<\/p>\n<\/li>\n<\/ul>\n<p data-start=\"1572\" data-end=\"1850\"><strong data-start=\"1572\" data-end=\"1587\">Naudojimas:<\/strong><br data-start=\"1587\" data-end=\"1590\" \/>Prie\u0161 naudojim\u0105 gerai suplakite arba i\u0161mai\u0161ykite. U\u017etepkite ant dr\u0117gnos odos ir \u0161velniai masa\u017euokite sukamaisiais judesiais. Nuplaukite drungnu vandeniu. Naudokite 2\u20133 kartus per savait\u0119. Po \u0161veitimo rekomenduojama naudoti dr\u0117kinam\u0105j\u012f k\u016bno losjon\u0105 arba aliej\u0173.<\/p>\n<p data-start=\"1852\" data-end=\"1955\"><strong data-start=\"1852\" data-end=\"1876\">SINOZ GOLD AURA SHEA<\/strong> \u2013 k\u016bno \u0161veitiklis, kuris palieka od\u0105 ne tik \u0161vari\u0105, bet ir prabangiai \u0161velni\u0105.<\/p>\n","protected":false},"excerpt":{"rendered":"<p>SINOZ k\u016bno \u0161veitiklis \u0161velniai pa\u0161alina negyvas l\u0105steles, maitina od\u0105 aliejais ir suteikia \u0161velnumo bei spindesio.<\/p>\n","protected":false},"featured_media":58961,"template":"","meta":[],"product_brand":[1354],"product_cat":[557,731],"product_tag":[1619],"class_list":{"0":"post-58960","1":"product","2":"type-product","3":"status-publish","4":"has-post-thumbnail","6":"product_brand-sinoz","7":"product_cat-kuno-sveitikliai","8":"product_cat-kunui","9":"product_tag-sinoz","11":"first","12":"instock","13":"sale","14":"taxable","15":"shipping-taxable","16":"purchasable","17":"product-type-simple"},"yoast_head":"<!-- This site is optimized with the Yoast SEO plugin v27.4 - https:\/\/yoast.com\/product\/yoast-seo-wordpress\/ -->\n<title>SINOZ k\u016bno \u0161veitiklis GOLD AURA SHEA, 300 g - MalinaShop.lt J\u016bs\u0173 sveikatai ir gro\u017eiui.<\/title>\n<meta name=\"description\" content=\"Atkurk odos \u0161velnum\u0105 ir spindes\u012f! SINOZ k\u016bno \u0161veitiklis su aliejais ir j\u016bros druska \u0161velniai valo, maitina ir suteikia prabang\u0173 kvap\u0105.\" \/>\n<meta name=\"robots\" content=\"index, follow, max-snippet:-1, max-image-preview:large, max-video-preview:-1\" \/>\n<link rel=\"canonical\" href=\"https:\/\/www.malinashop.lt\/lt_lt\/shop\/sinoz-kuno-sveitiklis-gold-aura-shea-300-g\/\" \/>\n<meta property=\"og:locale\" content=\"lt_LT\" \/>\n<meta property=\"og:type\" content=\"article\" \/>\n<meta property=\"og:title\" content=\"SINOZ k\u016bno \u0161veitiklis GOLD AURA SHEA, 300 g - MalinaShop.lt J\u016bs\u0173 sveikatai ir gro\u017eiui.\" \/>\n<meta property=\"og:description\" content=\"Atkurk odos \u0161velnum\u0105 ir spindes\u012f! SINOZ k\u016bno \u0161veitiklis su aliejais ir j\u016bros druska \u0161velniai valo, maitina ir suteikia prabang\u0173 kvap\u0105.\" \/>\n<meta property=\"og:url\" content=\"https:\/\/www.malinashop.lt\/lt_lt\/shop\/sinoz-kuno-sveitiklis-gold-aura-shea-300-g\/\" \/>\n<meta property=\"og:site_name\" content=\"MalinaShop.lt J\u016bs\u0173 sveikatai ir gro\u017eiui.\" \/>\n<meta property=\"article:modified_time\" content=\"2026-03-18T09:27:59+00:00\" \/>\n<meta property=\"og:image\" content=\"https:\/\/www.malinashop.lt\/wp-content\/uploads\/2025\/10\/SINOZ-kuno-sveitiklis-GOLD-AURA-SHEA-300-g.webp\" \/>\n\t<meta property=\"og:image:width\" content=\"768\" \/>\n\t<meta property=\"og:image:height\" content=\"768\" \/>\n\t<meta property=\"og:image:type\" content=\"image\/webp\" \/>\n<meta name=\"twitter:card\" content=\"summary_large_image\" \/>\n<script type=\"application\/ld+json\" class=\"yoast-schema-graph\">{\"@context\":\"https:\\\/\\\/schema.org\",\"@graph\":[{\"@type\":\"WebPage\",\"@id\":\"https:\\\/\\\/www.malinashop.lt\\\/lt_lt\\\/shop\\\/sinoz-kuno-sveitiklis-gold-aura-shea-300-g\\\/\",\"url\":\"https:\\\/\\\/www.malinashop.lt\\\/lt_lt\\\/shop\\\/sinoz-kuno-sveitiklis-gold-aura-shea-300-g\\\/\",\"name\":\"SINOZ k\u016bno \u0161veitiklis GOLD AURA SHEA, 300 g - MalinaShop.lt J\u016bs\u0173 sveikatai ir gro\u017eiui.\",\"isPartOf\":{\"@id\":\"https:\\\/\\\/www.malinashop.lt\\\/#website\"},\"primaryImageOfPage\":{\"@id\":\"https:\\\/\\\/www.malinashop.lt\\\/lt_lt\\\/shop\\\/sinoz-kuno-sveitiklis-gold-aura-shea-300-g\\\/#primaryimage\"},\"image\":{\"@id\":\"https:\\\/\\\/www.malinashop.lt\\\/lt_lt\\\/shop\\\/sinoz-kuno-sveitiklis-gold-aura-shea-300-g\\\/#primaryimage\"},\"thumbnailUrl\":\"https:\\\/\\\/www.malinashop.lt\\\/wp-content\\\/uploads\\\/2025\\\/10\\\/SINOZ-kuno-sveitiklis-GOLD-AURA-SHEA-300-g.webp\",\"datePublished\":\"2025-10-20T11:53:01+00:00\",\"dateModified\":\"2026-03-18T09:27:59+00:00\",\"description\":\"Atkurk odos \u0161velnum\u0105 ir spindes\u012f! SINOZ k\u016bno \u0161veitiklis su aliejais ir j\u016bros druska \u0161velniai valo, maitina ir suteikia prabang\u0173 kvap\u0105.\",\"breadcrumb\":{\"@id\":\"https:\\\/\\\/www.malinashop.lt\\\/lt_lt\\\/shop\\\/sinoz-kuno-sveitiklis-gold-aura-shea-300-g\\\/#breadcrumb\"},\"inLanguage\":\"lt-LT\",\"potentialAction\":[{\"@type\":\"ReadAction\",\"target\":[\"https:\\\/\\\/www.malinashop.lt\\\/lt_lt\\\/shop\\\/sinoz-kuno-sveitiklis-gold-aura-shea-300-g\\\/\"]}]},{\"@type\":\"ImageObject\",\"inLanguage\":\"lt-LT\",\"@id\":\"https:\\\/\\\/www.malinashop.lt\\\/lt_lt\\\/shop\\\/sinoz-kuno-sveitiklis-gold-aura-shea-300-g\\\/#primaryimage\",\"url\":\"https:\\\/\\\/www.malinashop.lt\\\/wp-content\\\/uploads\\\/2025\\\/10\\\/SINOZ-kuno-sveitiklis-GOLD-AURA-SHEA-300-g.webp\",\"contentUrl\":\"https:\\\/\\\/www.malinashop.lt\\\/wp-content\\\/uploads\\\/2025\\\/10\\\/SINOZ-kuno-sveitiklis-GOLD-AURA-SHEA-300-g.webp\",\"width\":768,\"height\":768},{\"@type\":\"BreadcrumbList\",\"@id\":\"https:\\\/\\\/www.malinashop.lt\\\/lt_lt\\\/shop\\\/sinoz-kuno-sveitiklis-gold-aura-shea-300-g\\\/#breadcrumb\",\"itemListElement\":[{\"@type\":\"ListItem\",\"position\":1,\"name\":\"Pagrindinis\",\"item\":\"https:\\\/\\\/www.malinashop.lt\\\/\"},{\"@type\":\"ListItem\",\"position\":2,\"name\":\"Parduotuv\u0117\",\"item\":\"https:\\\/\\\/www.malinashop.lt\\\/en\\\/parduotuve\\\/\"},{\"@type\":\"ListItem\",\"position\":3,\"name\":\"SINOZ k\u016bno \u0161veitiklis GOLD AURA SHEA, 300 g\"}]},{\"@type\":\"WebSite\",\"@id\":\"https:\\\/\\\/www.malinashop.lt\\\/#website\",\"url\":\"https:\\\/\\\/www.malinashop.lt\\\/\",\"name\":\"COM Group Ecommerce\",\"description\":\"MalinaShop.lt - Gro\u017eio ir sveikatos produktai i\u0161 patikim\u0173 preki\u0173 \u017eenkl\u0173. Atraskite auk\u0161tos kokyb\u0117s kosmetik\u0105 u\u017e puiki\u0105 kain\u0105.\",\"publisher\":{\"@id\":\"https:\\\/\\\/www.malinashop.lt\\\/#organization\"},\"potentialAction\":[{\"@type\":\"SearchAction\",\"target\":{\"@type\":\"EntryPoint\",\"urlTemplate\":\"https:\\\/\\\/www.malinashop.lt\\\/?s={search_term_string}\"},\"query-input\":{\"@type\":\"PropertyValueSpecification\",\"valueRequired\":true,\"valueName\":\"search_term_string\"}}],\"inLanguage\":\"lt-LT\"},{\"@type\":\"Organization\",\"@id\":\"https:\\\/\\\/www.malinashop.lt\\\/#organization\",\"name\":\"COM Group Ecommerce\",\"url\":\"https:\\\/\\\/www.malinashop.lt\\\/\",\"logo\":{\"@type\":\"ImageObject\",\"inLanguage\":\"lt-LT\",\"@id\":\"https:\\\/\\\/www.malinashop.lt\\\/#\\\/schema\\\/logo\\\/image\\\/\",\"url\":\"https:\\\/\\\/www.malinashop.lt\\\/wp-content\\\/uploads\\\/2024\\\/08\\\/462559670_3787732518133670_9795632669273463_n-e1731525914575.png\",\"contentUrl\":\"https:\\\/\\\/www.malinashop.lt\\\/wp-content\\\/uploads\\\/2024\\\/08\\\/462559670_3787732518133670_9795632669273463_n-e1731525914575.png\",\"width\":180,\"height\":60,\"caption\":\"COM Group Ecommerce\"},\"image\":{\"@id\":\"https:\\\/\\\/www.malinashop.lt\\\/#\\\/schema\\\/logo\\\/image\\\/\"}}]}<\/script>\n<!-- \/ Yoast SEO plugin. -->","yoast_head_json":{"title":"SINOZ k\u016bno \u0161veitiklis GOLD AURA SHEA, 300 g - MalinaShop.lt J\u016bs\u0173 sveikatai ir gro\u017eiui.","description":"Atkurk odos \u0161velnum\u0105 ir spindes\u012f! SINOZ k\u016bno \u0161veitiklis su aliejais ir j\u016bros druska \u0161velniai valo, maitina ir suteikia prabang\u0173 kvap\u0105.","robots":{"index":"index","follow":"follow","max-snippet":"max-snippet:-1","max-image-preview":"max-image-preview:large","max-video-preview":"max-video-preview:-1"},"canonical":"https:\/\/www.malinashop.lt\/lt_lt\/shop\/sinoz-kuno-sveitiklis-gold-aura-shea-300-g\/","og_locale":"lt_LT","og_type":"article","og_title":"SINOZ k\u016bno \u0161veitiklis GOLD AURA SHEA, 300 g - MalinaShop.lt J\u016bs\u0173 sveikatai ir gro\u017eiui.","og_description":"Atkurk odos \u0161velnum\u0105 ir spindes\u012f! SINOZ k\u016bno \u0161veitiklis su aliejais ir j\u016bros druska \u0161velniai valo, maitina ir suteikia prabang\u0173 kvap\u0105.","og_url":"https:\/\/www.malinashop.lt\/lt_lt\/shop\/sinoz-kuno-sveitiklis-gold-aura-shea-300-g\/","og_site_name":"MalinaShop.lt J\u016bs\u0173 sveikatai ir gro\u017eiui.","article_modified_time":"2026-03-18T09:27:59+00:00","og_image":[{"width":768,"height":768,"url":"https:\/\/www.malinashop.lt\/wp-content\/uploads\/2025\/10\/SINOZ-kuno-sveitiklis-GOLD-AURA-SHEA-300-g.webp","type":"image\/webp"}],"twitter_card":"summary_large_image","schema":{"@context":"https:\/\/schema.org","@graph":[{"@type":"WebPage","@id":"https:\/\/www.malinashop.lt\/lt_lt\/shop\/sinoz-kuno-sveitiklis-gold-aura-shea-300-g\/","url":"https:\/\/www.malinashop.lt\/lt_lt\/shop\/sinoz-kuno-sveitiklis-gold-aura-shea-300-g\/","name":"SINOZ k\u016bno \u0161veitiklis GOLD AURA SHEA, 300 g - MalinaShop.lt J\u016bs\u0173 sveikatai ir gro\u017eiui.","isPartOf":{"@id":"https:\/\/www.malinashop.lt\/#website"},"primaryImageOfPage":{"@id":"https:\/\/www.malinashop.lt\/lt_lt\/shop\/sinoz-kuno-sveitiklis-gold-aura-shea-300-g\/#primaryimage"},"image":{"@id":"https:\/\/www.malinashop.lt\/lt_lt\/shop\/sinoz-kuno-sveitiklis-gold-aura-shea-300-g\/#primaryimage"},"thumbnailUrl":"https:\/\/www.malinashop.lt\/wp-content\/uploads\/2025\/10\/SINOZ-kuno-sveitiklis-GOLD-AURA-SHEA-300-g.webp","datePublished":"2025-10-20T11:53:01+00:00","dateModified":"2026-03-18T09:27:59+00:00","description":"Atkurk odos \u0161velnum\u0105 ir spindes\u012f! SINOZ k\u016bno \u0161veitiklis su aliejais ir j\u016bros druska \u0161velniai valo, maitina ir suteikia prabang\u0173 kvap\u0105.","breadcrumb":{"@id":"https:\/\/www.malinashop.lt\/lt_lt\/shop\/sinoz-kuno-sveitiklis-gold-aura-shea-300-g\/#breadcrumb"},"inLanguage":"lt-LT","potentialAction":[{"@type":"ReadAction","target":["https:\/\/www.malinashop.lt\/lt_lt\/shop\/sinoz-kuno-sveitiklis-gold-aura-shea-300-g\/"]}]},{"@type":"ImageObject","inLanguage":"lt-LT","@id":"https:\/\/www.malinashop.lt\/lt_lt\/shop\/sinoz-kuno-sveitiklis-gold-aura-shea-300-g\/#primaryimage","url":"https:\/\/www.malinashop.lt\/wp-content\/uploads\/2025\/10\/SINOZ-kuno-sveitiklis-GOLD-AURA-SHEA-300-g.webp","contentUrl":"https:\/\/www.malinashop.lt\/wp-content\/uploads\/2025\/10\/SINOZ-kuno-sveitiklis-GOLD-AURA-SHEA-300-g.webp","width":768,"height":768},{"@type":"BreadcrumbList","@id":"https:\/\/www.malinashop.lt\/lt_lt\/shop\/sinoz-kuno-sveitiklis-gold-aura-shea-300-g\/#breadcrumb","itemListElement":[{"@type":"ListItem","position":1,"name":"Pagrindinis","item":"https:\/\/www.malinashop.lt\/"},{"@type":"ListItem","position":2,"name":"Parduotuv\u0117","item":"https:\/\/www.malinashop.lt\/en\/parduotuve\/"},{"@type":"ListItem","position":3,"name":"SINOZ k\u016bno \u0161veitiklis GOLD AURA SHEA, 300 g"}]},{"@type":"WebSite","@id":"https:\/\/www.malinashop.lt\/#website","url":"https:\/\/www.malinashop.lt\/","name":"COM Group Ecommerce","description":"MalinaShop.lt - Gro\u017eio ir sveikatos produktai i\u0161 patikim\u0173 preki\u0173 \u017eenkl\u0173. Atraskite auk\u0161tos kokyb\u0117s kosmetik\u0105 u\u017e puiki\u0105 kain\u0105.","publisher":{"@id":"https:\/\/www.malinashop.lt\/#organization"},"potentialAction":[{"@type":"SearchAction","target":{"@type":"EntryPoint","urlTemplate":"https:\/\/www.malinashop.lt\/?s={search_term_string}"},"query-input":{"@type":"PropertyValueSpecification","valueRequired":true,"valueName":"search_term_string"}}],"inLanguage":"lt-LT"},{"@type":"Organization","@id":"https:\/\/www.malinashop.lt\/#organization","name":"COM Group Ecommerce","url":"https:\/\/www.malinashop.lt\/","logo":{"@type":"ImageObject","inLanguage":"lt-LT","@id":"https:\/\/www.malinashop.lt\/#\/schema\/logo\/image\/","url":"https:\/\/www.malinashop.lt\/wp-content\/uploads\/2024\/08\/462559670_3787732518133670_9795632669273463_n-e1731525914575.png","contentUrl":"https:\/\/www.malinashop.lt\/wp-content\/uploads\/2024\/08\/462559670_3787732518133670_9795632669273463_n-e1731525914575.png","width":180,"height":60,"caption":"COM Group Ecommerce"},"image":{"@id":"https:\/\/www.malinashop.lt\/#\/schema\/logo\/image\/"}}]}},"jetpack_sharing_enabled":true,"_links":{"self":[{"href":"https:\/\/www.malinashop.lt\/lt_lt\/wp-json\/wp\/v2\/product\/58960","targetHints":{"allow":["GET"]}}],"collection":[{"href":"https:\/\/www.malinashop.lt\/lt_lt\/wp-json\/wp\/v2\/product"}],"about":[{"href":"https:\/\/www.malinashop.lt\/lt_lt\/wp-json\/wp\/v2\/types\/product"}],"version-history":[{"count":1,"href":"https:\/\/www.malinashop.lt\/lt_lt\/wp-json\/wp\/v2\/product\/58960\/revisions"}],"predecessor-version":[{"id":58962,"href":"https:\/\/www.malinashop.lt\/lt_lt\/wp-json\/wp\/v2\/product\/58960\/revisions\/58962"}],"wp:featuredmedia":[{"embeddable":true,"href":"https:\/\/www.malinashop.lt\/lt_lt\/wp-json\/wp\/v2\/media\/58961"}],"wp:attachment":[{"href":"https:\/\/www.malinashop.lt\/lt_lt\/wp-json\/wp\/v2\/media?parent=58960"}],"wp:term":[{"taxonomy":"product_brand","embeddable":true,"href":"https:\/\/www.malinashop.lt\/lt_lt\/wp-json\/wp\/v2\/product_brand?post=58960"},{"taxonomy":"product_cat","embeddable":true,"href":"https:\/\/www.malinashop.lt\/lt_lt\/wp-json\/wp\/v2\/product_cat?post=58960"},{"taxonomy":"product_tag","embeddable":true,"href":"https:\/\/www.malinashop.lt\/lt_lt\/wp-json\/wp\/v2\/product_tag?post=58960"}],"curies":[{"name":"wp","href":"https:\/\/api.w.org\/{rel}","templated":true}]}}