{"id":58947,"date":"2025-09-20T14:29:51","date_gmt":"2025-09-20T11:29:51","guid":{"rendered":"https:\/\/malinashop.lt\/?post_type=product&#038;p=58947"},"modified":"2026-03-18T12:28:17","modified_gmt":"2026-03-18T09:28:17","slug":"sinoz-citrusinis-duso-gelis-seville-orange-400-ml","status":"publish","type":"product","link":"https:\/\/www.malinashop.lt\/lt_lt\/shop\/sinoz-citrusinis-duso-gelis-seville-orange-400-ml\/","title":{"rendered":"SINOZ citrusinis du\u0161o gelis SEVILLE ORANGE, 400 ml"},"content":{"rendered":"<p data-start=\"472\" data-end=\"717\"><strong data-start=\"472\" data-end=\"529\">SINOZ citrusinis du\u0161o gelis SEVILLE ORANGE SHOWER GEL<\/strong> \u0161velniai valo od\u0105 ir suteikia jai gaivumo bei energijos poj\u016bt\u012f. \u0160is <strong data-start=\"598\" data-end=\"623\">citrusinis du\u0161o gelis<\/strong> pasi\u017eymi ilgai i\u0161liekan\u010diu apelsin\u0173 kvapu, kuris praskaidrina nuotaik\u0105 ir atgaivina poj\u016b\u010dius.<\/p>\n<p data-start=\"719\" data-end=\"915\">Formul\u0117 praturtinta dr\u0117kinamosiomis med\u017eiagomis, padedan\u010diomis i\u0161laikyti odos mink\u0161tum\u0105 ir apsaugoti nuo sausumo. Du\u0161o gelis efektyviai pa\u0161alina ne\u0161varumus ir makia\u017eo liku\u010dius, nedirgindamas odos.<\/p>\n<p data-start=\"917\" data-end=\"1017\">Lengva putojanti tekst\u016bra maloniai slysta oda ir palieka j\u0105 \u0161vari\u0105, glotni\u0105 ir subtiliai kvepian\u010di\u0105.<\/p>\n<p data-start=\"1019\" data-end=\"1062\"><strong data-start=\"1019\" data-end=\"1062\">SINOZ citrusinio du\u0161o gelio privalumai:<\/strong><\/p>\n<ul data-start=\"1063\" data-end=\"1277\">\n<li data-start=\"1063\" data-end=\"1082\">\n<p data-start=\"1065\" data-end=\"1082\">\u0160velniai valo od\u0105<\/p>\n<\/li>\n<li data-start=\"1083\" data-end=\"1119\">\n<p data-start=\"1085\" data-end=\"1119\">Dr\u0117kina ir apsaugo nuo i\u0161saus\u0117jimo<\/p>\n<\/li>\n<li data-start=\"1120\" data-end=\"1151\">\n<p data-start=\"1122\" data-end=\"1151\">Palieka gaiv\u0173 citrusin\u012f kvap\u0105<\/p>\n<\/li>\n<li data-start=\"1152\" data-end=\"1185\">\n<p data-start=\"1154\" data-end=\"1185\">Atgaivina ir suteikia energijos<\/p>\n<\/li>\n<li data-start=\"1186\" data-end=\"1215\">\n<p data-start=\"1188\" data-end=\"1215\">Tinka kasdieniam naudojimui<\/p>\n<\/li>\n<li data-start=\"1216\" data-end=\"1254\">\n<p data-start=\"1218\" data-end=\"1254\">Nepalieka lipnumo ar tempimo poj\u016b\u010dio<\/p>\n<\/li>\n<li data-start=\"1255\" data-end=\"1277\">\n<p data-start=\"1257\" data-end=\"1277\">Tinka vis\u0173 tip\u0173 odai<\/p>\n<\/li>\n<\/ul>\n<p data-start=\"1279\" data-end=\"1434\"><strong data-start=\"1279\" data-end=\"1294\">Naudojimas:<\/strong><br data-start=\"1294\" data-end=\"1297\" \/>U\u017epilkite norim\u0105 du\u0161o gelio kiek\u012f ant dr\u0117gnos odos. Trinkite sukamaisiais judesiais, kol suputos, ir nuskalaukite dideliu kiekiu vandens.<\/p>\n<p data-start=\"1436\" data-end=\"1532\"><strong data-start=\"1436\" data-end=\"1460\">SINOZ SEVILLE ORANGE<\/strong> \u2013 gaivus citrusinis du\u0161o gelis kasdieniam \u0161varos ir energijos poj\u016b\u010diui.<\/p>\n","protected":false},"excerpt":{"rendered":"<p data-start=\"294\" data-end=\"400\">SINOZ citrusinis du\u0161o gelis \u0161velniai valo, dr\u0117kina od\u0105 ir palieka ilgai i\u0161liekant\u012f gaiv\u0173 apelsin\u0173 aromat\u0105.<\/p>\n","protected":false},"featured_media":58948,"template":"","meta":[],"product_brand":[1354],"product_cat":[538,731],"product_tag":[1619],"class_list":{"0":"post-58947","1":"product","2":"type-product","3":"status-publish","4":"has-post-thumbnail","6":"product_brand-sinoz","7":"product_cat-kuno-prausikliai-duso-geliai","8":"product_cat-kunui","9":"product_tag-sinoz","11":"first","12":"outofstock","13":"sale","14":"taxable","15":"shipping-taxable","16":"purchasable","17":"product-type-simple"},"yoast_head":"<!-- This site is optimized with the Yoast SEO plugin v27.4 - https:\/\/yoast.com\/product\/yoast-seo-wordpress\/ -->\n<title>SINOZ citrusinis du\u0161o gelis SEVILLE ORANGE, 400 ml - MalinaShop.lt J\u016bs\u0173 sveikatai ir gro\u017eiui.<\/title>\n<meta name=\"description\" content=\"Gaivus citrusinis du\u0161o gelis, kuris \u0161velniai valo ir dr\u0117kina od\u0105. SINOZ SEVILLE ORANGE suteikia ilgai i\u0161liekant\u012f apelsin\u0173 aromat\u0105.\" \/>\n<meta name=\"robots\" content=\"index, follow, max-snippet:-1, max-image-preview:large, max-video-preview:-1\" \/>\n<link rel=\"canonical\" href=\"https:\/\/www.malinashop.lt\/lt_lt\/shop\/sinoz-citrusinis-duso-gelis-seville-orange-400-ml\/\" \/>\n<meta property=\"og:locale\" content=\"lt_LT\" \/>\n<meta property=\"og:type\" content=\"article\" \/>\n<meta property=\"og:title\" content=\"SINOZ citrusinis du\u0161o gelis SEVILLE ORANGE, 400 ml - MalinaShop.lt J\u016bs\u0173 sveikatai ir gro\u017eiui.\" \/>\n<meta property=\"og:description\" content=\"Gaivus citrusinis du\u0161o gelis, kuris \u0161velniai valo ir dr\u0117kina od\u0105. SINOZ SEVILLE ORANGE suteikia ilgai i\u0161liekant\u012f apelsin\u0173 aromat\u0105.\" \/>\n<meta property=\"og:url\" content=\"https:\/\/www.malinashop.lt\/lt_lt\/shop\/sinoz-citrusinis-duso-gelis-seville-orange-400-ml\/\" \/>\n<meta property=\"og:site_name\" content=\"MalinaShop.lt J\u016bs\u0173 sveikatai ir gro\u017eiui.\" \/>\n<meta property=\"article:modified_time\" content=\"2026-03-18T09:28:17+00:00\" \/>\n<meta property=\"og:image\" content=\"https:\/\/www.malinashop.lt\/wp-content\/uploads\/2025\/10\/SINOZ-citrusinis-duso-gelis-SEVILLE-ORANGE-400-ml.webp\" \/>\n\t<meta property=\"og:image:width\" content=\"768\" \/>\n\t<meta property=\"og:image:height\" content=\"768\" \/>\n\t<meta property=\"og:image:type\" content=\"image\/webp\" \/>\n<meta name=\"twitter:card\" content=\"summary_large_image\" \/>\n<script type=\"application\/ld+json\" class=\"yoast-schema-graph\">{\"@context\":\"https:\\\/\\\/schema.org\",\"@graph\":[{\"@type\":\"WebPage\",\"@id\":\"https:\\\/\\\/www.malinashop.lt\\\/en\\\/shop\\\/sinoz-citrusinis-duso-gelis-seville-orange-400-ml\\\/\",\"url\":\"https:\\\/\\\/www.malinashop.lt\\\/en\\\/shop\\\/sinoz-citrusinis-duso-gelis-seville-orange-400-ml\\\/\",\"name\":\"SINOZ citrusinis du\u0161o gelis SEVILLE ORANGE, 400 ml - MalinaShop.lt J\u016bs\u0173 sveikatai ir gro\u017eiui.\",\"isPartOf\":{\"@id\":\"https:\\\/\\\/www.malinashop.lt\\\/en\\\/#website\"},\"primaryImageOfPage\":{\"@id\":\"https:\\\/\\\/www.malinashop.lt\\\/en\\\/shop\\\/sinoz-citrusinis-duso-gelis-seville-orange-400-ml\\\/#primaryimage\"},\"image\":{\"@id\":\"https:\\\/\\\/www.malinashop.lt\\\/en\\\/shop\\\/sinoz-citrusinis-duso-gelis-seville-orange-400-ml\\\/#primaryimage\"},\"thumbnailUrl\":\"https:\\\/\\\/www.malinashop.lt\\\/wp-content\\\/uploads\\\/2025\\\/10\\\/SINOZ-citrusinis-duso-gelis-SEVILLE-ORANGE-400-ml.webp\",\"datePublished\":\"2025-09-20T11:29:51+00:00\",\"dateModified\":\"2026-03-18T09:28:17+00:00\",\"description\":\"Gaivus citrusinis du\u0161o gelis, kuris \u0161velniai valo ir dr\u0117kina od\u0105. SINOZ SEVILLE ORANGE suteikia ilgai i\u0161liekant\u012f apelsin\u0173 aromat\u0105.\",\"breadcrumb\":{\"@id\":\"https:\\\/\\\/www.malinashop.lt\\\/en\\\/shop\\\/sinoz-citrusinis-duso-gelis-seville-orange-400-ml\\\/#breadcrumb\"},\"inLanguage\":\"lt-LT\",\"potentialAction\":[{\"@type\":\"ReadAction\",\"target\":[\"https:\\\/\\\/www.malinashop.lt\\\/en\\\/shop\\\/sinoz-citrusinis-duso-gelis-seville-orange-400-ml\\\/\"]}]},{\"@type\":\"ImageObject\",\"inLanguage\":\"lt-LT\",\"@id\":\"https:\\\/\\\/www.malinashop.lt\\\/en\\\/shop\\\/sinoz-citrusinis-duso-gelis-seville-orange-400-ml\\\/#primaryimage\",\"url\":\"https:\\\/\\\/www.malinashop.lt\\\/wp-content\\\/uploads\\\/2025\\\/10\\\/SINOZ-citrusinis-duso-gelis-SEVILLE-ORANGE-400-ml.webp\",\"contentUrl\":\"https:\\\/\\\/www.malinashop.lt\\\/wp-content\\\/uploads\\\/2025\\\/10\\\/SINOZ-citrusinis-duso-gelis-SEVILLE-ORANGE-400-ml.webp\",\"width\":768,\"height\":768},{\"@type\":\"BreadcrumbList\",\"@id\":\"https:\\\/\\\/www.malinashop.lt\\\/en\\\/shop\\\/sinoz-citrusinis-duso-gelis-seville-orange-400-ml\\\/#breadcrumb\",\"itemListElement\":[{\"@type\":\"ListItem\",\"position\":1,\"name\":\"Home\",\"item\":\"https:\\\/\\\/www.malinashop.lt\\\/en\\\/\"},{\"@type\":\"ListItem\",\"position\":2,\"name\":\"Parduotuv\u0117\",\"item\":\"https:\\\/\\\/www.malinashop.lt\\\/en\\\/parduotuve\\\/\"},{\"@type\":\"ListItem\",\"position\":3,\"name\":\"SINOZ citrusinis du\u0161o gelis SEVILLE ORANGE, 400 ml\"}]},{\"@type\":\"WebSite\",\"@id\":\"https:\\\/\\\/www.malinashop.lt\\\/en\\\/#website\",\"url\":\"https:\\\/\\\/www.malinashop.lt\\\/en\\\/\",\"name\":\"COM Group Ecommerce\",\"description\":\"MalinaShop.lt - Gro\u017eio ir sveikatos produktai i\u0161 patikim\u0173 preki\u0173 \u017eenkl\u0173. Atraskite auk\u0161tos kokyb\u0117s kosmetik\u0105 u\u017e puiki\u0105 kain\u0105.\",\"publisher\":{\"@id\":\"https:\\\/\\\/www.malinashop.lt\\\/en\\\/#organization\"},\"potentialAction\":[{\"@type\":\"SearchAction\",\"target\":{\"@type\":\"EntryPoint\",\"urlTemplate\":\"https:\\\/\\\/www.malinashop.lt\\\/en\\\/?s={search_term_string}\"},\"query-input\":{\"@type\":\"PropertyValueSpecification\",\"valueRequired\":true,\"valueName\":\"search_term_string\"}}],\"inLanguage\":\"lt-LT\"},{\"@type\":\"Organization\",\"@id\":\"https:\\\/\\\/www.malinashop.lt\\\/en\\\/#organization\",\"name\":\"COM Group Ecommerce\",\"url\":\"https:\\\/\\\/www.malinashop.lt\\\/en\\\/\",\"logo\":{\"@type\":\"ImageObject\",\"inLanguage\":\"lt-LT\",\"@id\":\"https:\\\/\\\/www.malinashop.lt\\\/en\\\/#\\\/schema\\\/logo\\\/image\\\/\",\"url\":\"https:\\\/\\\/www.malinashop.lt\\\/wp-content\\\/uploads\\\/2024\\\/08\\\/462559670_3787732518133670_9795632669273463_n-e1731525914575.png\",\"contentUrl\":\"https:\\\/\\\/www.malinashop.lt\\\/wp-content\\\/uploads\\\/2024\\\/08\\\/462559670_3787732518133670_9795632669273463_n-e1731525914575.png\",\"width\":180,\"height\":60,\"caption\":\"COM Group Ecommerce\"},\"image\":{\"@id\":\"https:\\\/\\\/www.malinashop.lt\\\/en\\\/#\\\/schema\\\/logo\\\/image\\\/\"}}]}<\/script>\n<!-- \/ Yoast SEO plugin. -->","yoast_head_json":{"title":"SINOZ citrusinis du\u0161o gelis SEVILLE ORANGE, 400 ml - MalinaShop.lt J\u016bs\u0173 sveikatai ir gro\u017eiui.","description":"Gaivus citrusinis du\u0161o gelis, kuris \u0161velniai valo ir dr\u0117kina od\u0105. SINOZ SEVILLE ORANGE suteikia ilgai i\u0161liekant\u012f apelsin\u0173 aromat\u0105.","robots":{"index":"index","follow":"follow","max-snippet":"max-snippet:-1","max-image-preview":"max-image-preview:large","max-video-preview":"max-video-preview:-1"},"canonical":"https:\/\/www.malinashop.lt\/lt_lt\/shop\/sinoz-citrusinis-duso-gelis-seville-orange-400-ml\/","og_locale":"lt_LT","og_type":"article","og_title":"SINOZ citrusinis du\u0161o gelis SEVILLE ORANGE, 400 ml - MalinaShop.lt J\u016bs\u0173 sveikatai ir gro\u017eiui.","og_description":"Gaivus citrusinis du\u0161o gelis, kuris \u0161velniai valo ir dr\u0117kina od\u0105. SINOZ SEVILLE ORANGE suteikia ilgai i\u0161liekant\u012f apelsin\u0173 aromat\u0105.","og_url":"https:\/\/www.malinashop.lt\/lt_lt\/shop\/sinoz-citrusinis-duso-gelis-seville-orange-400-ml\/","og_site_name":"MalinaShop.lt J\u016bs\u0173 sveikatai ir gro\u017eiui.","article_modified_time":"2026-03-18T09:28:17+00:00","og_image":[{"width":768,"height":768,"url":"https:\/\/www.malinashop.lt\/wp-content\/uploads\/2025\/10\/SINOZ-citrusinis-duso-gelis-SEVILLE-ORANGE-400-ml.webp","type":"image\/webp"}],"twitter_card":"summary_large_image","schema":{"@context":"https:\/\/schema.org","@graph":[{"@type":"WebPage","@id":"https:\/\/www.malinashop.lt\/en\/shop\/sinoz-citrusinis-duso-gelis-seville-orange-400-ml\/","url":"https:\/\/www.malinashop.lt\/en\/shop\/sinoz-citrusinis-duso-gelis-seville-orange-400-ml\/","name":"SINOZ citrusinis du\u0161o gelis SEVILLE ORANGE, 400 ml - MalinaShop.lt J\u016bs\u0173 sveikatai ir gro\u017eiui.","isPartOf":{"@id":"https:\/\/www.malinashop.lt\/en\/#website"},"primaryImageOfPage":{"@id":"https:\/\/www.malinashop.lt\/en\/shop\/sinoz-citrusinis-duso-gelis-seville-orange-400-ml\/#primaryimage"},"image":{"@id":"https:\/\/www.malinashop.lt\/en\/shop\/sinoz-citrusinis-duso-gelis-seville-orange-400-ml\/#primaryimage"},"thumbnailUrl":"https:\/\/www.malinashop.lt\/wp-content\/uploads\/2025\/10\/SINOZ-citrusinis-duso-gelis-SEVILLE-ORANGE-400-ml.webp","datePublished":"2025-09-20T11:29:51+00:00","dateModified":"2026-03-18T09:28:17+00:00","description":"Gaivus citrusinis du\u0161o gelis, kuris \u0161velniai valo ir dr\u0117kina od\u0105. SINOZ SEVILLE ORANGE suteikia ilgai i\u0161liekant\u012f apelsin\u0173 aromat\u0105.","breadcrumb":{"@id":"https:\/\/www.malinashop.lt\/en\/shop\/sinoz-citrusinis-duso-gelis-seville-orange-400-ml\/#breadcrumb"},"inLanguage":"lt-LT","potentialAction":[{"@type":"ReadAction","target":["https:\/\/www.malinashop.lt\/en\/shop\/sinoz-citrusinis-duso-gelis-seville-orange-400-ml\/"]}]},{"@type":"ImageObject","inLanguage":"lt-LT","@id":"https:\/\/www.malinashop.lt\/en\/shop\/sinoz-citrusinis-duso-gelis-seville-orange-400-ml\/#primaryimage","url":"https:\/\/www.malinashop.lt\/wp-content\/uploads\/2025\/10\/SINOZ-citrusinis-duso-gelis-SEVILLE-ORANGE-400-ml.webp","contentUrl":"https:\/\/www.malinashop.lt\/wp-content\/uploads\/2025\/10\/SINOZ-citrusinis-duso-gelis-SEVILLE-ORANGE-400-ml.webp","width":768,"height":768},{"@type":"BreadcrumbList","@id":"https:\/\/www.malinashop.lt\/en\/shop\/sinoz-citrusinis-duso-gelis-seville-orange-400-ml\/#breadcrumb","itemListElement":[{"@type":"ListItem","position":1,"name":"Home","item":"https:\/\/www.malinashop.lt\/en\/"},{"@type":"ListItem","position":2,"name":"Parduotuv\u0117","item":"https:\/\/www.malinashop.lt\/en\/parduotuve\/"},{"@type":"ListItem","position":3,"name":"SINOZ citrusinis du\u0161o gelis SEVILLE ORANGE, 400 ml"}]},{"@type":"WebSite","@id":"https:\/\/www.malinashop.lt\/en\/#website","url":"https:\/\/www.malinashop.lt\/en\/","name":"COM Group Ecommerce","description":"MalinaShop.lt - Gro\u017eio ir sveikatos produktai i\u0161 patikim\u0173 preki\u0173 \u017eenkl\u0173. Atraskite auk\u0161tos kokyb\u0117s kosmetik\u0105 u\u017e puiki\u0105 kain\u0105.","publisher":{"@id":"https:\/\/www.malinashop.lt\/en\/#organization"},"potentialAction":[{"@type":"SearchAction","target":{"@type":"EntryPoint","urlTemplate":"https:\/\/www.malinashop.lt\/en\/?s={search_term_string}"},"query-input":{"@type":"PropertyValueSpecification","valueRequired":true,"valueName":"search_term_string"}}],"inLanguage":"lt-LT"},{"@type":"Organization","@id":"https:\/\/www.malinashop.lt\/en\/#organization","name":"COM Group Ecommerce","url":"https:\/\/www.malinashop.lt\/en\/","logo":{"@type":"ImageObject","inLanguage":"lt-LT","@id":"https:\/\/www.malinashop.lt\/en\/#\/schema\/logo\/image\/","url":"https:\/\/www.malinashop.lt\/wp-content\/uploads\/2024\/08\/462559670_3787732518133670_9795632669273463_n-e1731525914575.png","contentUrl":"https:\/\/www.malinashop.lt\/wp-content\/uploads\/2024\/08\/462559670_3787732518133670_9795632669273463_n-e1731525914575.png","width":180,"height":60,"caption":"COM Group Ecommerce"},"image":{"@id":"https:\/\/www.malinashop.lt\/en\/#\/schema\/logo\/image\/"}}]}},"jetpack_sharing_enabled":true,"_links":{"self":[{"href":"https:\/\/www.malinashop.lt\/lt_lt\/wp-json\/wp\/v2\/product\/58947","targetHints":{"allow":["GET"]}}],"collection":[{"href":"https:\/\/www.malinashop.lt\/lt_lt\/wp-json\/wp\/v2\/product"}],"about":[{"href":"https:\/\/www.malinashop.lt\/lt_lt\/wp-json\/wp\/v2\/types\/product"}],"version-history":[{"count":2,"href":"https:\/\/www.malinashop.lt\/lt_lt\/wp-json\/wp\/v2\/product\/58947\/revisions"}],"predecessor-version":[{"id":58950,"href":"https:\/\/www.malinashop.lt\/lt_lt\/wp-json\/wp\/v2\/product\/58947\/revisions\/58950"}],"wp:featuredmedia":[{"embeddable":true,"href":"https:\/\/www.malinashop.lt\/lt_lt\/wp-json\/wp\/v2\/media\/58948"}],"wp:attachment":[{"href":"https:\/\/www.malinashop.lt\/lt_lt\/wp-json\/wp\/v2\/media?parent=58947"}],"wp:term":[{"taxonomy":"product_brand","embeddable":true,"href":"https:\/\/www.malinashop.lt\/lt_lt\/wp-json\/wp\/v2\/product_brand?post=58947"},{"taxonomy":"product_cat","embeddable":true,"href":"https:\/\/www.malinashop.lt\/lt_lt\/wp-json\/wp\/v2\/product_cat?post=58947"},{"taxonomy":"product_tag","embeddable":true,"href":"https:\/\/www.malinashop.lt\/lt_lt\/wp-json\/wp\/v2\/product_tag?post=58947"}],"curies":[{"name":"wp","href":"https:\/\/api.w.org\/{rel}","templated":true}]}}