{"id":58935,"date":"2025-10-20T14:20:11","date_gmt":"2025-10-20T11:20:11","guid":{"rendered":"https:\/\/malinashop.lt\/?post_type=product&#038;p=58935"},"modified":"2026-03-18T12:28:01","modified_gmt":"2026-03-18T09:28:01","slug":"sinoz-veido-serumas-nuo-rauksliu-24k-gold-beauty-serum-30-ml","status":"publish","type":"product","link":"https:\/\/www.malinashop.lt\/lt_lt\/shop\/sinoz-veido-serumas-nuo-rauksliu-24k-gold-beauty-serum-30-ml\/","title":{"rendered":"SINOZ veido serumas nuo rauk\u0161li\u0173 24K GOLD BEAUTY SERUM, 30 ml"},"content":{"rendered":"<p data-start=\"601\" data-end=\"936\"><strong data-start=\"601\" data-end=\"659\">SINOZ veido serumas nuo rauk\u0161li\u0173 24K GOLD BEAUTY SERUM<\/strong> \u2013 tai prabangi, intensyvaus poveikio formul\u0117, sukurta odos stangrumui, elastingumui ir jaunatvi\u0161kam spindesiui atkurti. \u0160is <strong data-start=\"784\" data-end=\"814\">veido serumas nuo rauk\u0161li\u0173<\/strong> praturtintas <strong data-start=\"828\" data-end=\"883\">kolagenu, hialurono r\u016bg\u0161timi ir 24K aukso dalel\u0117mis<\/strong>, kurios suteikia odai skaistumo ir prabangos efekt\u0105.<\/p>\n<p data-start=\"938\" data-end=\"1173\"><strong data-start=\"938\" data-end=\"951\">Kolagenas<\/strong> padeda i\u0161laikyti odos stangrum\u0105 ir lygum\u0105, <strong data-start=\"995\" data-end=\"1016\">hialurono r\u016bg\u0161tis<\/strong> intensyviai dr\u0117kina ir putlina od\u0105 i\u0161 vidaus, o <strong data-start=\"1065\" data-end=\"1086\">24K aukso dalel\u0117s<\/strong> pagerina mikrocirkuliacij\u0105, suteikia \u0161vyt\u0117jim\u0105 ir padeda kovoti su sen\u0117jimo po\u017eymiais.<\/p>\n<p data-start=\"1175\" data-end=\"1351\">Reguliariai naudojamas \u0161is serumas padeda <strong data-start=\"1217\" data-end=\"1303\">ma\u017einti smulkias rauk\u0161leles, gerina odos tekst\u016br\u0105, suteikia stangrumo ir glotnumo.<\/strong> Oda atrodo \u0161vytinti, pri\u017ei\u016br\u0117ta ir jaunatvi\u0161ka.<\/p>\n<p data-start=\"1353\" data-end=\"1390\"><strong data-start=\"1353\" data-end=\"1390\">SINOZ 24K GOLD serumo privalumai:<\/strong><\/p>\n<ul data-start=\"1391\" data-end=\"1699\">\n<li data-start=\"1391\" data-end=\"1430\">\n<p data-start=\"1393\" data-end=\"1430\">Ma\u017eina rauk\u0161les ir smulkias linijas<\/p>\n<\/li>\n<li data-start=\"1431\" data-end=\"1466\">\n<p data-start=\"1433\" data-end=\"1466\">Stangrina ir gerina elastingum\u0105<\/p>\n<\/li>\n<li data-start=\"1467\" data-end=\"1500\">\n<p data-start=\"1469\" data-end=\"1500\">Dr\u0117kina su hialurono r\u016bg\u0161timi<\/p>\n<\/li>\n<li data-start=\"1501\" data-end=\"1528\">\n<p data-start=\"1503\" data-end=\"1528\">Skatina kolageno gamyb\u0105<\/p>\n<\/li>\n<li data-start=\"1529\" data-end=\"1568\">\n<p data-start=\"1531\" data-end=\"1568\">24K aukso dalel\u0117s suteikia spindes\u012f<\/p>\n<\/li>\n<li data-start=\"1569\" data-end=\"1596\">\n<p data-start=\"1571\" data-end=\"1596\">Lygina ir atjaunina od\u0105<\/p>\n<\/li>\n<li data-start=\"1597\" data-end=\"1638\">\n<p data-start=\"1599\" data-end=\"1638\">Suteikia prabang\u0173 ir sveik\u0105 \u0161vyt\u0117jim\u0105<\/p>\n<\/li>\n<li data-start=\"1639\" data-end=\"1676\">\n<p data-start=\"1641\" data-end=\"1676\">Lengva tekst\u016bra, greitai \u012fsigeria<\/p>\n<\/li>\n<li data-start=\"1677\" data-end=\"1699\">\n<p data-start=\"1679\" data-end=\"1699\">Tinka vis\u0173 tip\u0173 odai<\/p>\n<\/li>\n<\/ul>\n<p data-start=\"1701\" data-end=\"1880\"><strong data-start=\"1701\" data-end=\"1716\">Naudojimas:<\/strong><br data-start=\"1716\" data-end=\"1719\" \/>\u0160velniai \u012fmasa\u017euokite priemon\u0119 sukamaisiais judesiais ant \u0161varios veido odos. Naudokite ryte ir \/ arba vakare. Galima naudoti prie\u0161 krem\u0105 arba kaip makia\u017eo baz\u0119.<\/p>\n<p data-start=\"1882\" data-end=\"1964\"><strong data-start=\"1882\" data-end=\"1913\">SINOZ 24K GOLD BEAUTY SERUM<\/strong> \u2013 prabangi odos prie\u017ei\u016bra jaunatvi\u0161kam \u0161vyt\u0117jimui.<\/p>\n","protected":false},"excerpt":{"rendered":"<p data-start=\"499\" data-end=\"618\">SINOZ 24K aukso veido serumas nuo rauk\u0161li\u0173 stangrina od\u0105, dr\u0117kina, gerina elastingum\u0105 ir suteikia prabang\u0173 spindes\u012f.<\/p>\n","protected":false},"featured_media":58936,"template":"","meta":[],"product_brand":[1354],"product_cat":[550,728],"product_tag":[1619],"class_list":{"0":"post-58935","1":"product","2":"type-product","3":"status-publish","4":"has-post-thumbnail","6":"product_brand-sinoz","7":"product_cat-veido-serumai","8":"product_cat-veidui","9":"product_tag-sinoz","11":"first","12":"outofstock","13":"sale","14":"taxable","15":"shipping-taxable","16":"purchasable","17":"product-type-simple"},"yoast_head":"<!-- This site is optimized with the Yoast SEO plugin v27.4 - https:\/\/yoast.com\/product\/yoast-seo-wordpress\/ -->\n<title>MalinaShop.lt J\u016bs\u0173 sveikatai ir gro\u017eiui. SINOZ veido serumas nuo rauk\u0161li\u0173 24K GOLD BEAUTY SERUM, 30 ml -<\/title>\n<meta name=\"description\" content=\"Prabangi odos prie\u017ei\u016bra su SINOZ veido serumu nuo rauk\u0161li\u0173 su 24K auksu \u2013 stangrina, dr\u0117kina ir suteikia jaunatvi\u0161k\u0105 spindes\u012f.\" \/>\n<meta name=\"robots\" content=\"index, follow, max-snippet:-1, max-image-preview:large, max-video-preview:-1\" \/>\n<link rel=\"canonical\" href=\"https:\/\/www.malinashop.lt\/lt_lt\/shop\/sinoz-veido-serumas-nuo-rauksliu-24k-gold-beauty-serum-30-ml\/\" \/>\n<meta property=\"og:locale\" content=\"lt_LT\" \/>\n<meta property=\"og:type\" content=\"article\" \/>\n<meta property=\"og:title\" content=\"MalinaShop.lt J\u016bs\u0173 sveikatai ir gro\u017eiui. SINOZ veido serumas nuo rauk\u0161li\u0173 24K GOLD BEAUTY SERUM, 30 ml -\" \/>\n<meta property=\"og:description\" content=\"Prabangi odos prie\u017ei\u016bra su SINOZ veido serumu nuo rauk\u0161li\u0173 su 24K auksu \u2013 stangrina, dr\u0117kina ir suteikia jaunatvi\u0161k\u0105 spindes\u012f.\" \/>\n<meta property=\"og:url\" content=\"https:\/\/www.malinashop.lt\/lt_lt\/shop\/sinoz-veido-serumas-nuo-rauksliu-24k-gold-beauty-serum-30-ml\/\" \/>\n<meta property=\"og:site_name\" content=\"MalinaShop.lt J\u016bs\u0173 sveikatai ir gro\u017eiui.\" \/>\n<meta property=\"article:modified_time\" content=\"2026-03-18T09:28:01+00:00\" \/>\n<meta property=\"og:image\" content=\"https:\/\/www.malinashop.lt\/wp-content\/uploads\/2025\/10\/SINOZ-veido-serumas-nuo-rauksliu-24K-GOLD-BEAUTY-SERUM-30-ml.webp\" \/>\n\t<meta property=\"og:image:width\" content=\"768\" \/>\n\t<meta property=\"og:image:height\" content=\"768\" \/>\n\t<meta property=\"og:image:type\" content=\"image\/webp\" \/>\n<meta name=\"twitter:card\" content=\"summary_large_image\" \/>\n<script type=\"application\/ld+json\" class=\"yoast-schema-graph\">{\"@context\":\"https:\\\/\\\/schema.org\",\"@graph\":[{\"@type\":\"WebPage\",\"@id\":\"https:\\\/\\\/www.malinashop.lt\\\/lt_lt\\\/shop\\\/sinoz-veido-serumas-nuo-rauksliu-24k-gold-beauty-serum-30-ml\\\/\",\"url\":\"https:\\\/\\\/www.malinashop.lt\\\/lt_lt\\\/shop\\\/sinoz-veido-serumas-nuo-rauksliu-24k-gold-beauty-serum-30-ml\\\/\",\"name\":\"MalinaShop.lt J\u016bs\u0173 sveikatai ir gro\u017eiui. SINOZ veido serumas nuo rauk\u0161li\u0173 24K GOLD BEAUTY SERUM, 30 ml -\",\"isPartOf\":{\"@id\":\"https:\\\/\\\/www.malinashop.lt\\\/#website\"},\"primaryImageOfPage\":{\"@id\":\"https:\\\/\\\/www.malinashop.lt\\\/lt_lt\\\/shop\\\/sinoz-veido-serumas-nuo-rauksliu-24k-gold-beauty-serum-30-ml\\\/#primaryimage\"},\"image\":{\"@id\":\"https:\\\/\\\/www.malinashop.lt\\\/lt_lt\\\/shop\\\/sinoz-veido-serumas-nuo-rauksliu-24k-gold-beauty-serum-30-ml\\\/#primaryimage\"},\"thumbnailUrl\":\"https:\\\/\\\/www.malinashop.lt\\\/wp-content\\\/uploads\\\/2025\\\/10\\\/SINOZ-veido-serumas-nuo-rauksliu-24K-GOLD-BEAUTY-SERUM-30-ml.webp\",\"datePublished\":\"2025-10-20T11:20:11+00:00\",\"dateModified\":\"2026-03-18T09:28:01+00:00\",\"description\":\"Prabangi odos prie\u017ei\u016bra su SINOZ veido serumu nuo rauk\u0161li\u0173 su 24K auksu \u2013 stangrina, dr\u0117kina ir suteikia jaunatvi\u0161k\u0105 spindes\u012f.\",\"breadcrumb\":{\"@id\":\"https:\\\/\\\/www.malinashop.lt\\\/lt_lt\\\/shop\\\/sinoz-veido-serumas-nuo-rauksliu-24k-gold-beauty-serum-30-ml\\\/#breadcrumb\"},\"inLanguage\":\"lt-LT\",\"potentialAction\":[{\"@type\":\"ReadAction\",\"target\":[\"https:\\\/\\\/www.malinashop.lt\\\/lt_lt\\\/shop\\\/sinoz-veido-serumas-nuo-rauksliu-24k-gold-beauty-serum-30-ml\\\/\"]}]},{\"@type\":\"ImageObject\",\"inLanguage\":\"lt-LT\",\"@id\":\"https:\\\/\\\/www.malinashop.lt\\\/lt_lt\\\/shop\\\/sinoz-veido-serumas-nuo-rauksliu-24k-gold-beauty-serum-30-ml\\\/#primaryimage\",\"url\":\"https:\\\/\\\/www.malinashop.lt\\\/wp-content\\\/uploads\\\/2025\\\/10\\\/SINOZ-veido-serumas-nuo-rauksliu-24K-GOLD-BEAUTY-SERUM-30-ml.webp\",\"contentUrl\":\"https:\\\/\\\/www.malinashop.lt\\\/wp-content\\\/uploads\\\/2025\\\/10\\\/SINOZ-veido-serumas-nuo-rauksliu-24K-GOLD-BEAUTY-SERUM-30-ml.webp\",\"width\":768,\"height\":768},{\"@type\":\"BreadcrumbList\",\"@id\":\"https:\\\/\\\/www.malinashop.lt\\\/lt_lt\\\/shop\\\/sinoz-veido-serumas-nuo-rauksliu-24k-gold-beauty-serum-30-ml\\\/#breadcrumb\",\"itemListElement\":[{\"@type\":\"ListItem\",\"position\":1,\"name\":\"Pagrindinis\",\"item\":\"https:\\\/\\\/www.malinashop.lt\\\/\"},{\"@type\":\"ListItem\",\"position\":2,\"name\":\"Parduotuv\u0117\",\"item\":\"https:\\\/\\\/www.malinashop.lt\\\/en\\\/parduotuve\\\/\"},{\"@type\":\"ListItem\",\"position\":3,\"name\":\"SINOZ veido serumas nuo rauk\u0161li\u0173 24K GOLD BEAUTY SERUM, 30 ml\"}]},{\"@type\":\"WebSite\",\"@id\":\"https:\\\/\\\/www.malinashop.lt\\\/#website\",\"url\":\"https:\\\/\\\/www.malinashop.lt\\\/\",\"name\":\"COM Group Ecommerce\",\"description\":\"MalinaShop.lt - Gro\u017eio ir sveikatos produktai i\u0161 patikim\u0173 preki\u0173 \u017eenkl\u0173. Atraskite auk\u0161tos kokyb\u0117s kosmetik\u0105 u\u017e puiki\u0105 kain\u0105.\",\"publisher\":{\"@id\":\"https:\\\/\\\/www.malinashop.lt\\\/#organization\"},\"potentialAction\":[{\"@type\":\"SearchAction\",\"target\":{\"@type\":\"EntryPoint\",\"urlTemplate\":\"https:\\\/\\\/www.malinashop.lt\\\/?s={search_term_string}\"},\"query-input\":{\"@type\":\"PropertyValueSpecification\",\"valueRequired\":true,\"valueName\":\"search_term_string\"}}],\"inLanguage\":\"lt-LT\"},{\"@type\":\"Organization\",\"@id\":\"https:\\\/\\\/www.malinashop.lt\\\/#organization\",\"name\":\"COM Group Ecommerce\",\"url\":\"https:\\\/\\\/www.malinashop.lt\\\/\",\"logo\":{\"@type\":\"ImageObject\",\"inLanguage\":\"lt-LT\",\"@id\":\"https:\\\/\\\/www.malinashop.lt\\\/#\\\/schema\\\/logo\\\/image\\\/\",\"url\":\"https:\\\/\\\/www.malinashop.lt\\\/wp-content\\\/uploads\\\/2024\\\/08\\\/462559670_3787732518133670_9795632669273463_n-e1731525914575.png\",\"contentUrl\":\"https:\\\/\\\/www.malinashop.lt\\\/wp-content\\\/uploads\\\/2024\\\/08\\\/462559670_3787732518133670_9795632669273463_n-e1731525914575.png\",\"width\":180,\"height\":60,\"caption\":\"COM Group Ecommerce\"},\"image\":{\"@id\":\"https:\\\/\\\/www.malinashop.lt\\\/#\\\/schema\\\/logo\\\/image\\\/\"}}]}<\/script>\n<!-- \/ Yoast SEO plugin. -->","yoast_head_json":{"title":"MalinaShop.lt J\u016bs\u0173 sveikatai ir gro\u017eiui. SINOZ veido serumas nuo rauk\u0161li\u0173 24K GOLD BEAUTY SERUM, 30 ml -","description":"Prabangi odos prie\u017ei\u016bra su SINOZ veido serumu nuo rauk\u0161li\u0173 su 24K auksu \u2013 stangrina, dr\u0117kina ir suteikia jaunatvi\u0161k\u0105 spindes\u012f.","robots":{"index":"index","follow":"follow","max-snippet":"max-snippet:-1","max-image-preview":"max-image-preview:large","max-video-preview":"max-video-preview:-1"},"canonical":"https:\/\/www.malinashop.lt\/lt_lt\/shop\/sinoz-veido-serumas-nuo-rauksliu-24k-gold-beauty-serum-30-ml\/","og_locale":"lt_LT","og_type":"article","og_title":"MalinaShop.lt J\u016bs\u0173 sveikatai ir gro\u017eiui. SINOZ veido serumas nuo rauk\u0161li\u0173 24K GOLD BEAUTY SERUM, 30 ml -","og_description":"Prabangi odos prie\u017ei\u016bra su SINOZ veido serumu nuo rauk\u0161li\u0173 su 24K auksu \u2013 stangrina, dr\u0117kina ir suteikia jaunatvi\u0161k\u0105 spindes\u012f.","og_url":"https:\/\/www.malinashop.lt\/lt_lt\/shop\/sinoz-veido-serumas-nuo-rauksliu-24k-gold-beauty-serum-30-ml\/","og_site_name":"MalinaShop.lt J\u016bs\u0173 sveikatai ir gro\u017eiui.","article_modified_time":"2026-03-18T09:28:01+00:00","og_image":[{"width":768,"height":768,"url":"https:\/\/www.malinashop.lt\/wp-content\/uploads\/2025\/10\/SINOZ-veido-serumas-nuo-rauksliu-24K-GOLD-BEAUTY-SERUM-30-ml.webp","type":"image\/webp"}],"twitter_card":"summary_large_image","schema":{"@context":"https:\/\/schema.org","@graph":[{"@type":"WebPage","@id":"https:\/\/www.malinashop.lt\/lt_lt\/shop\/sinoz-veido-serumas-nuo-rauksliu-24k-gold-beauty-serum-30-ml\/","url":"https:\/\/www.malinashop.lt\/lt_lt\/shop\/sinoz-veido-serumas-nuo-rauksliu-24k-gold-beauty-serum-30-ml\/","name":"MalinaShop.lt J\u016bs\u0173 sveikatai ir gro\u017eiui. SINOZ veido serumas nuo rauk\u0161li\u0173 24K GOLD BEAUTY SERUM, 30 ml -","isPartOf":{"@id":"https:\/\/www.malinashop.lt\/#website"},"primaryImageOfPage":{"@id":"https:\/\/www.malinashop.lt\/lt_lt\/shop\/sinoz-veido-serumas-nuo-rauksliu-24k-gold-beauty-serum-30-ml\/#primaryimage"},"image":{"@id":"https:\/\/www.malinashop.lt\/lt_lt\/shop\/sinoz-veido-serumas-nuo-rauksliu-24k-gold-beauty-serum-30-ml\/#primaryimage"},"thumbnailUrl":"https:\/\/www.malinashop.lt\/wp-content\/uploads\/2025\/10\/SINOZ-veido-serumas-nuo-rauksliu-24K-GOLD-BEAUTY-SERUM-30-ml.webp","datePublished":"2025-10-20T11:20:11+00:00","dateModified":"2026-03-18T09:28:01+00:00","description":"Prabangi odos prie\u017ei\u016bra su SINOZ veido serumu nuo rauk\u0161li\u0173 su 24K auksu \u2013 stangrina, dr\u0117kina ir suteikia jaunatvi\u0161k\u0105 spindes\u012f.","breadcrumb":{"@id":"https:\/\/www.malinashop.lt\/lt_lt\/shop\/sinoz-veido-serumas-nuo-rauksliu-24k-gold-beauty-serum-30-ml\/#breadcrumb"},"inLanguage":"lt-LT","potentialAction":[{"@type":"ReadAction","target":["https:\/\/www.malinashop.lt\/lt_lt\/shop\/sinoz-veido-serumas-nuo-rauksliu-24k-gold-beauty-serum-30-ml\/"]}]},{"@type":"ImageObject","inLanguage":"lt-LT","@id":"https:\/\/www.malinashop.lt\/lt_lt\/shop\/sinoz-veido-serumas-nuo-rauksliu-24k-gold-beauty-serum-30-ml\/#primaryimage","url":"https:\/\/www.malinashop.lt\/wp-content\/uploads\/2025\/10\/SINOZ-veido-serumas-nuo-rauksliu-24K-GOLD-BEAUTY-SERUM-30-ml.webp","contentUrl":"https:\/\/www.malinashop.lt\/wp-content\/uploads\/2025\/10\/SINOZ-veido-serumas-nuo-rauksliu-24K-GOLD-BEAUTY-SERUM-30-ml.webp","width":768,"height":768},{"@type":"BreadcrumbList","@id":"https:\/\/www.malinashop.lt\/lt_lt\/shop\/sinoz-veido-serumas-nuo-rauksliu-24k-gold-beauty-serum-30-ml\/#breadcrumb","itemListElement":[{"@type":"ListItem","position":1,"name":"Pagrindinis","item":"https:\/\/www.malinashop.lt\/"},{"@type":"ListItem","position":2,"name":"Parduotuv\u0117","item":"https:\/\/www.malinashop.lt\/en\/parduotuve\/"},{"@type":"ListItem","position":3,"name":"SINOZ veido serumas nuo rauk\u0161li\u0173 24K GOLD BEAUTY SERUM, 30 ml"}]},{"@type":"WebSite","@id":"https:\/\/www.malinashop.lt\/#website","url":"https:\/\/www.malinashop.lt\/","name":"COM Group Ecommerce","description":"MalinaShop.lt - Gro\u017eio ir sveikatos produktai i\u0161 patikim\u0173 preki\u0173 \u017eenkl\u0173. Atraskite auk\u0161tos kokyb\u0117s kosmetik\u0105 u\u017e puiki\u0105 kain\u0105.","publisher":{"@id":"https:\/\/www.malinashop.lt\/#organization"},"potentialAction":[{"@type":"SearchAction","target":{"@type":"EntryPoint","urlTemplate":"https:\/\/www.malinashop.lt\/?s={search_term_string}"},"query-input":{"@type":"PropertyValueSpecification","valueRequired":true,"valueName":"search_term_string"}}],"inLanguage":"lt-LT"},{"@type":"Organization","@id":"https:\/\/www.malinashop.lt\/#organization","name":"COM Group Ecommerce","url":"https:\/\/www.malinashop.lt\/","logo":{"@type":"ImageObject","inLanguage":"lt-LT","@id":"https:\/\/www.malinashop.lt\/#\/schema\/logo\/image\/","url":"https:\/\/www.malinashop.lt\/wp-content\/uploads\/2024\/08\/462559670_3787732518133670_9795632669273463_n-e1731525914575.png","contentUrl":"https:\/\/www.malinashop.lt\/wp-content\/uploads\/2024\/08\/462559670_3787732518133670_9795632669273463_n-e1731525914575.png","width":180,"height":60,"caption":"COM Group Ecommerce"},"image":{"@id":"https:\/\/www.malinashop.lt\/#\/schema\/logo\/image\/"}}]}},"jetpack_sharing_enabled":true,"_links":{"self":[{"href":"https:\/\/www.malinashop.lt\/lt_lt\/wp-json\/wp\/v2\/product\/58935","targetHints":{"allow":["GET"]}}],"collection":[{"href":"https:\/\/www.malinashop.lt\/lt_lt\/wp-json\/wp\/v2\/product"}],"about":[{"href":"https:\/\/www.malinashop.lt\/lt_lt\/wp-json\/wp\/v2\/types\/product"}],"version-history":[{"count":1,"href":"https:\/\/www.malinashop.lt\/lt_lt\/wp-json\/wp\/v2\/product\/58935\/revisions"}],"predecessor-version":[{"id":58937,"href":"https:\/\/www.malinashop.lt\/lt_lt\/wp-json\/wp\/v2\/product\/58935\/revisions\/58937"}],"wp:featuredmedia":[{"embeddable":true,"href":"https:\/\/www.malinashop.lt\/lt_lt\/wp-json\/wp\/v2\/media\/58936"}],"wp:attachment":[{"href":"https:\/\/www.malinashop.lt\/lt_lt\/wp-json\/wp\/v2\/media?parent=58935"}],"wp:term":[{"taxonomy":"product_brand","embeddable":true,"href":"https:\/\/www.malinashop.lt\/lt_lt\/wp-json\/wp\/v2\/product_brand?post=58935"},{"taxonomy":"product_cat","embeddable":true,"href":"https:\/\/www.malinashop.lt\/lt_lt\/wp-json\/wp\/v2\/product_cat?post=58935"},{"taxonomy":"product_tag","embeddable":true,"href":"https:\/\/www.malinashop.lt\/lt_lt\/wp-json\/wp\/v2\/product_tag?post=58935"}],"curies":[{"name":"wp","href":"https:\/\/api.w.org\/{rel}","templated":true}]}}