{"id":58929,"date":"2025-10-20T14:15:53","date_gmt":"2025-10-20T11:15:53","guid":{"rendered":"https:\/\/malinashop.lt\/?post_type=product&#038;p=58929"},"modified":"2026-03-18T12:28:02","modified_gmt":"2026-03-18T09:28:02","slug":"sinoz-niacinamido-serumas-poru-mazinimui-niacinamide-serum-30-ml","status":"publish","type":"product","link":"https:\/\/www.malinashop.lt\/lt_lt\/shop\/sinoz-niacinamido-serumas-poru-mazinimui-niacinamide-serum-30-ml\/","title":{"rendered":"SINOZ niacinamido serumas por\u0173 ma\u017einimui NIACINAMIDE SERUM, 30 ml"},"content":{"rendered":"<p data-start=\"558\" data-end=\"905\"><strong data-start=\"558\" data-end=\"638\">SINOZ niacinamido serumas por\u0173 ma\u017einimui NIACINAMIDE SERUM \u2013 PORE MINIMIZING<\/strong> \u2013 tai veiksmingas serumas, kuris padeda kovoti su i\u0161sipl\u0117tusiomis poromis, riebios odos blizgesiu ir netolygiu odos atspalviu. \u0160is <strong data-start=\"770\" data-end=\"808\">niacinamido serumas por\u0173 ma\u017einimui<\/strong> subalansuoja odos riebal\u0173 gamyb\u0105, suma\u017eina sebumo pertekli\u0173 ir suteikia ilgalaik\u012f matin\u012f efekt\u0105.<\/p>\n<p data-start=\"907\" data-end=\"1152\">Niacinamidas (vitaminas B3) padeda <strong data-start=\"942\" data-end=\"961\">sutraukti poras<\/strong>, ma\u017einti odos paraudim\u0105, ramina sudirgimus ir gerina odos tekst\u016br\u0105. Lengva, greitai \u012fsigerianti formul\u0117 <strong data-start=\"1066\" data-end=\"1084\">neu\u017ekem\u0161a por\u0173<\/strong>, tod\u0117l idealiai tinka riebiai, mi\u0161riai ir \u012f spuogus linkusiai odai.<\/p>\n<p data-start=\"1154\" data-end=\"1250\">Serumas taip pat <strong data-start=\"1171\" data-end=\"1197\">dr\u0117kina ir maitina od\u0105<\/strong>, tod\u0117l ji i\u0161lieka \u0161velni, lygi ir sveikai atrodanti.<\/p>\n<p data-start=\"1252\" data-end=\"1291\"><strong data-start=\"1252\" data-end=\"1291\">SINOZ NIACINAMIDE SERUM privalumai:<\/strong><\/p>\n<ul data-start=\"1292\" data-end=\"1592\">\n<li data-start=\"1292\" data-end=\"1329\">\n<p data-start=\"1294\" data-end=\"1329\">Sutraukia ir ma\u017eina por\u0173 matomum\u0105<\/p>\n<\/li>\n<li data-start=\"1330\" data-end=\"1364\">\n<p data-start=\"1332\" data-end=\"1364\">Reguliuoja riebal\u0173 i\u0161siskyrim\u0105<\/p>\n<\/li>\n<li data-start=\"1365\" data-end=\"1404\">\n<p data-start=\"1367\" data-end=\"1404\">Suteikia matin\u012f efekt\u0105 be blizgesio<\/p>\n<\/li>\n<li data-start=\"1405\" data-end=\"1436\">\n<p data-start=\"1407\" data-end=\"1436\">Ma\u017eina spuogus ir ink\u0161tirus<\/p>\n<\/li>\n<li data-start=\"1437\" data-end=\"1471\">\n<p data-start=\"1439\" data-end=\"1471\">Ramina od\u0105 ir ma\u017eina paraudim\u0105<\/p>\n<\/li>\n<li data-start=\"1472\" data-end=\"1507\">\n<p data-start=\"1474\" data-end=\"1507\">Dr\u0117kina ir gerina odos tekst\u016br\u0105<\/p>\n<\/li>\n<li data-start=\"1508\" data-end=\"1547\">\n<p data-start=\"1510\" data-end=\"1547\">Greitai \u012fsigeria, nepalieka riebumo<\/p>\n<\/li>\n<li data-start=\"1548\" data-end=\"1592\">\n<p data-start=\"1550\" data-end=\"1592\">Tinka riebiai, mi\u0161riai ir probleminei odai<\/p>\n<\/li>\n<\/ul>\n<p data-start=\"1594\" data-end=\"1756\"><strong data-start=\"1594\" data-end=\"1609\">Naudojimas:<\/strong><br data-start=\"1609\" data-end=\"1612\" \/>\u0160velniai \u012fmasa\u017euokite kelis la\u0161us serumo ant \u0161varios veido odos. Naudokite ryte ir \/ arba vakare. Jei naudojate ryte \u2013 rekomenduojama tepti SPF.<\/p>\n<p data-start=\"1758\" data-end=\"1855\"><strong data-start=\"1758\" data-end=\"1785\">SINOZ NIACINAMIDE SERUM<\/strong> \u2013 lygi oda, ma\u017eesn\u0117s poros ir subalansuotas riebal\u0173 balansas kasdien.<\/p>\n","protected":false},"excerpt":{"rendered":"<p data-start=\"381\" data-end=\"504\">SINOZ niacinamido serumas ma\u017eina poras, subalansuoja riebal\u0173 i\u0161siskyrim\u0105, suteikia odai matin\u012f efekt\u0105 ir intensyviai dr\u0117kina.<\/p>\n","protected":false},"featured_media":58930,"template":"","meta":[],"product_brand":[1354],"product_cat":[550,728],"product_tag":[1619],"class_list":{"0":"post-58929","1":"product","2":"type-product","3":"status-publish","4":"has-post-thumbnail","6":"product_brand-sinoz","7":"product_cat-veido-serumai","8":"product_cat-veidui","9":"product_tag-sinoz","11":"first","12":"instock","13":"sale","14":"taxable","15":"shipping-taxable","16":"purchasable","17":"product-type-simple"},"yoast_head":"<!-- This site is optimized with the Yoast SEO plugin v27.4 - https:\/\/yoast.com\/product\/yoast-seo-wordpress\/ -->\n<title>MalinaShop.lt J\u016bs\u0173 sveikatai ir gro\u017eiui. SINOZ niacinamido serumas por\u0173 ma\u017einimui NIACINAMIDE SERUM, 30 ml -<\/title>\n<meta name=\"description\" content=\"Suma\u017eink poras ir riebum\u0105! SINOZ niacinamido serumas por\u0173 ma\u017einimui sutraukia poras, balansuoja od\u0105 ir suteikia matin\u012f efekt\u0105 be sausumo.\" \/>\n<meta name=\"robots\" content=\"index, follow, max-snippet:-1, max-image-preview:large, max-video-preview:-1\" \/>\n<link rel=\"canonical\" href=\"https:\/\/www.malinashop.lt\/lt_lt\/shop\/sinoz-niacinamido-serumas-poru-mazinimui-niacinamide-serum-30-ml\/\" \/>\n<meta property=\"og:locale\" content=\"lt_LT\" \/>\n<meta property=\"og:type\" content=\"article\" \/>\n<meta property=\"og:title\" content=\"MalinaShop.lt J\u016bs\u0173 sveikatai ir gro\u017eiui. SINOZ niacinamido serumas por\u0173 ma\u017einimui NIACINAMIDE SERUM, 30 ml -\" \/>\n<meta property=\"og:description\" content=\"Suma\u017eink poras ir riebum\u0105! SINOZ niacinamido serumas por\u0173 ma\u017einimui sutraukia poras, balansuoja od\u0105 ir suteikia matin\u012f efekt\u0105 be sausumo.\" \/>\n<meta property=\"og:url\" content=\"https:\/\/www.malinashop.lt\/lt_lt\/shop\/sinoz-niacinamido-serumas-poru-mazinimui-niacinamide-serum-30-ml\/\" \/>\n<meta property=\"og:site_name\" content=\"MalinaShop.lt J\u016bs\u0173 sveikatai ir gro\u017eiui.\" \/>\n<meta property=\"article:modified_time\" content=\"2026-03-18T09:28:02+00:00\" \/>\n<meta property=\"og:image\" content=\"https:\/\/www.malinashop.lt\/wp-content\/uploads\/2025\/10\/SINOZ-niacinamido-serumas-poru-mazinimui-NIACINAMIDE-SERUM-30-ml.webp\" \/>\n\t<meta property=\"og:image:width\" content=\"768\" \/>\n\t<meta property=\"og:image:height\" content=\"768\" \/>\n\t<meta property=\"og:image:type\" content=\"image\/webp\" \/>\n<meta name=\"twitter:card\" content=\"summary_large_image\" \/>\n<script type=\"application\/ld+json\" class=\"yoast-schema-graph\">{\"@context\":\"https:\\\/\\\/schema.org\",\"@graph\":[{\"@type\":\"WebPage\",\"@id\":\"https:\\\/\\\/www.malinashop.lt\\\/shop\\\/sinoz-niacinamido-serumas-poru-mazinimui-niacinamide-serum-30-ml\\\/\",\"url\":\"https:\\\/\\\/www.malinashop.lt\\\/shop\\\/sinoz-niacinamido-serumas-poru-mazinimui-niacinamide-serum-30-ml\\\/\",\"name\":\"MalinaShop.lt J\u016bs\u0173 sveikatai ir gro\u017eiui. SINOZ niacinamido serumas por\u0173 ma\u017einimui NIACINAMIDE SERUM, 30 ml -\",\"isPartOf\":{\"@id\":\"https:\\\/\\\/www.malinashop.lt\\\/#website\"},\"primaryImageOfPage\":{\"@id\":\"https:\\\/\\\/www.malinashop.lt\\\/shop\\\/sinoz-niacinamido-serumas-poru-mazinimui-niacinamide-serum-30-ml\\\/#primaryimage\"},\"image\":{\"@id\":\"https:\\\/\\\/www.malinashop.lt\\\/shop\\\/sinoz-niacinamido-serumas-poru-mazinimui-niacinamide-serum-30-ml\\\/#primaryimage\"},\"thumbnailUrl\":\"https:\\\/\\\/www.malinashop.lt\\\/wp-content\\\/uploads\\\/2025\\\/10\\\/SINOZ-niacinamido-serumas-poru-mazinimui-NIACINAMIDE-SERUM-30-ml.webp\",\"datePublished\":\"2025-10-20T11:15:53+00:00\",\"dateModified\":\"2026-03-18T09:28:02+00:00\",\"description\":\"Suma\u017eink poras ir riebum\u0105! SINOZ niacinamido serumas por\u0173 ma\u017einimui sutraukia poras, balansuoja od\u0105 ir suteikia matin\u012f efekt\u0105 be sausumo.\",\"breadcrumb\":{\"@id\":\"https:\\\/\\\/www.malinashop.lt\\\/shop\\\/sinoz-niacinamido-serumas-poru-mazinimui-niacinamide-serum-30-ml\\\/#breadcrumb\"},\"inLanguage\":\"lt-LT\",\"potentialAction\":[{\"@type\":\"ReadAction\",\"target\":[\"https:\\\/\\\/www.malinashop.lt\\\/shop\\\/sinoz-niacinamido-serumas-poru-mazinimui-niacinamide-serum-30-ml\\\/\"]}]},{\"@type\":\"ImageObject\",\"inLanguage\":\"lt-LT\",\"@id\":\"https:\\\/\\\/www.malinashop.lt\\\/shop\\\/sinoz-niacinamido-serumas-poru-mazinimui-niacinamide-serum-30-ml\\\/#primaryimage\",\"url\":\"https:\\\/\\\/www.malinashop.lt\\\/wp-content\\\/uploads\\\/2025\\\/10\\\/SINOZ-niacinamido-serumas-poru-mazinimui-NIACINAMIDE-SERUM-30-ml.webp\",\"contentUrl\":\"https:\\\/\\\/www.malinashop.lt\\\/wp-content\\\/uploads\\\/2025\\\/10\\\/SINOZ-niacinamido-serumas-poru-mazinimui-NIACINAMIDE-SERUM-30-ml.webp\",\"width\":768,\"height\":768},{\"@type\":\"BreadcrumbList\",\"@id\":\"https:\\\/\\\/www.malinashop.lt\\\/shop\\\/sinoz-niacinamido-serumas-poru-mazinimui-niacinamide-serum-30-ml\\\/#breadcrumb\",\"itemListElement\":[{\"@type\":\"ListItem\",\"position\":1,\"name\":\"Pagrindinis\",\"item\":\"https:\\\/\\\/www.malinashop.lt\\\/\"},{\"@type\":\"ListItem\",\"position\":2,\"name\":\"Parduotuv\u0117\",\"item\":\"https:\\\/\\\/www.malinashop.lt\\\/en\\\/parduotuve\\\/\"},{\"@type\":\"ListItem\",\"position\":3,\"name\":\"SINOZ niacinamido serumas por\u0173 ma\u017einimui NIACINAMIDE SERUM, 30 ml\"}]},{\"@type\":\"WebSite\",\"@id\":\"https:\\\/\\\/www.malinashop.lt\\\/#website\",\"url\":\"https:\\\/\\\/www.malinashop.lt\\\/\",\"name\":\"COM Group Ecommerce\",\"description\":\"MalinaShop.lt - Gro\u017eio ir sveikatos produktai i\u0161 patikim\u0173 preki\u0173 \u017eenkl\u0173. Atraskite auk\u0161tos kokyb\u0117s kosmetik\u0105 u\u017e puiki\u0105 kain\u0105.\",\"publisher\":{\"@id\":\"https:\\\/\\\/www.malinashop.lt\\\/#organization\"},\"potentialAction\":[{\"@type\":\"SearchAction\",\"target\":{\"@type\":\"EntryPoint\",\"urlTemplate\":\"https:\\\/\\\/www.malinashop.lt\\\/?s={search_term_string}\"},\"query-input\":{\"@type\":\"PropertyValueSpecification\",\"valueRequired\":true,\"valueName\":\"search_term_string\"}}],\"inLanguage\":\"lt-LT\"},{\"@type\":\"Organization\",\"@id\":\"https:\\\/\\\/www.malinashop.lt\\\/#organization\",\"name\":\"COM Group Ecommerce\",\"url\":\"https:\\\/\\\/www.malinashop.lt\\\/\",\"logo\":{\"@type\":\"ImageObject\",\"inLanguage\":\"lt-LT\",\"@id\":\"https:\\\/\\\/www.malinashop.lt\\\/#\\\/schema\\\/logo\\\/image\\\/\",\"url\":\"https:\\\/\\\/www.malinashop.lt\\\/wp-content\\\/uploads\\\/2024\\\/08\\\/462559670_3787732518133670_9795632669273463_n-e1731525914575.png\",\"contentUrl\":\"https:\\\/\\\/www.malinashop.lt\\\/wp-content\\\/uploads\\\/2024\\\/08\\\/462559670_3787732518133670_9795632669273463_n-e1731525914575.png\",\"width\":180,\"height\":60,\"caption\":\"COM Group Ecommerce\"},\"image\":{\"@id\":\"https:\\\/\\\/www.malinashop.lt\\\/#\\\/schema\\\/logo\\\/image\\\/\"}}]}<\/script>\n<!-- \/ Yoast SEO plugin. -->","yoast_head_json":{"title":"MalinaShop.lt J\u016bs\u0173 sveikatai ir gro\u017eiui. SINOZ niacinamido serumas por\u0173 ma\u017einimui NIACINAMIDE SERUM, 30 ml -","description":"Suma\u017eink poras ir riebum\u0105! SINOZ niacinamido serumas por\u0173 ma\u017einimui sutraukia poras, balansuoja od\u0105 ir suteikia matin\u012f efekt\u0105 be sausumo.","robots":{"index":"index","follow":"follow","max-snippet":"max-snippet:-1","max-image-preview":"max-image-preview:large","max-video-preview":"max-video-preview:-1"},"canonical":"https:\/\/www.malinashop.lt\/lt_lt\/shop\/sinoz-niacinamido-serumas-poru-mazinimui-niacinamide-serum-30-ml\/","og_locale":"lt_LT","og_type":"article","og_title":"MalinaShop.lt J\u016bs\u0173 sveikatai ir gro\u017eiui. SINOZ niacinamido serumas por\u0173 ma\u017einimui NIACINAMIDE SERUM, 30 ml -","og_description":"Suma\u017eink poras ir riebum\u0105! SINOZ niacinamido serumas por\u0173 ma\u017einimui sutraukia poras, balansuoja od\u0105 ir suteikia matin\u012f efekt\u0105 be sausumo.","og_url":"https:\/\/www.malinashop.lt\/lt_lt\/shop\/sinoz-niacinamido-serumas-poru-mazinimui-niacinamide-serum-30-ml\/","og_site_name":"MalinaShop.lt J\u016bs\u0173 sveikatai ir gro\u017eiui.","article_modified_time":"2026-03-18T09:28:02+00:00","og_image":[{"width":768,"height":768,"url":"https:\/\/www.malinashop.lt\/wp-content\/uploads\/2025\/10\/SINOZ-niacinamido-serumas-poru-mazinimui-NIACINAMIDE-SERUM-30-ml.webp","type":"image\/webp"}],"twitter_card":"summary_large_image","schema":{"@context":"https:\/\/schema.org","@graph":[{"@type":"WebPage","@id":"https:\/\/www.malinashop.lt\/shop\/sinoz-niacinamido-serumas-poru-mazinimui-niacinamide-serum-30-ml\/","url":"https:\/\/www.malinashop.lt\/shop\/sinoz-niacinamido-serumas-poru-mazinimui-niacinamide-serum-30-ml\/","name":"MalinaShop.lt J\u016bs\u0173 sveikatai ir gro\u017eiui. SINOZ niacinamido serumas por\u0173 ma\u017einimui NIACINAMIDE SERUM, 30 ml -","isPartOf":{"@id":"https:\/\/www.malinashop.lt\/#website"},"primaryImageOfPage":{"@id":"https:\/\/www.malinashop.lt\/shop\/sinoz-niacinamido-serumas-poru-mazinimui-niacinamide-serum-30-ml\/#primaryimage"},"image":{"@id":"https:\/\/www.malinashop.lt\/shop\/sinoz-niacinamido-serumas-poru-mazinimui-niacinamide-serum-30-ml\/#primaryimage"},"thumbnailUrl":"https:\/\/www.malinashop.lt\/wp-content\/uploads\/2025\/10\/SINOZ-niacinamido-serumas-poru-mazinimui-NIACINAMIDE-SERUM-30-ml.webp","datePublished":"2025-10-20T11:15:53+00:00","dateModified":"2026-03-18T09:28:02+00:00","description":"Suma\u017eink poras ir riebum\u0105! SINOZ niacinamido serumas por\u0173 ma\u017einimui sutraukia poras, balansuoja od\u0105 ir suteikia matin\u012f efekt\u0105 be sausumo.","breadcrumb":{"@id":"https:\/\/www.malinashop.lt\/shop\/sinoz-niacinamido-serumas-poru-mazinimui-niacinamide-serum-30-ml\/#breadcrumb"},"inLanguage":"lt-LT","potentialAction":[{"@type":"ReadAction","target":["https:\/\/www.malinashop.lt\/shop\/sinoz-niacinamido-serumas-poru-mazinimui-niacinamide-serum-30-ml\/"]}]},{"@type":"ImageObject","inLanguage":"lt-LT","@id":"https:\/\/www.malinashop.lt\/shop\/sinoz-niacinamido-serumas-poru-mazinimui-niacinamide-serum-30-ml\/#primaryimage","url":"https:\/\/www.malinashop.lt\/wp-content\/uploads\/2025\/10\/SINOZ-niacinamido-serumas-poru-mazinimui-NIACINAMIDE-SERUM-30-ml.webp","contentUrl":"https:\/\/www.malinashop.lt\/wp-content\/uploads\/2025\/10\/SINOZ-niacinamido-serumas-poru-mazinimui-NIACINAMIDE-SERUM-30-ml.webp","width":768,"height":768},{"@type":"BreadcrumbList","@id":"https:\/\/www.malinashop.lt\/shop\/sinoz-niacinamido-serumas-poru-mazinimui-niacinamide-serum-30-ml\/#breadcrumb","itemListElement":[{"@type":"ListItem","position":1,"name":"Pagrindinis","item":"https:\/\/www.malinashop.lt\/"},{"@type":"ListItem","position":2,"name":"Parduotuv\u0117","item":"https:\/\/www.malinashop.lt\/en\/parduotuve\/"},{"@type":"ListItem","position":3,"name":"SINOZ niacinamido serumas por\u0173 ma\u017einimui NIACINAMIDE SERUM, 30 ml"}]},{"@type":"WebSite","@id":"https:\/\/www.malinashop.lt\/#website","url":"https:\/\/www.malinashop.lt\/","name":"COM Group Ecommerce","description":"MalinaShop.lt - Gro\u017eio ir sveikatos produktai i\u0161 patikim\u0173 preki\u0173 \u017eenkl\u0173. Atraskite auk\u0161tos kokyb\u0117s kosmetik\u0105 u\u017e puiki\u0105 kain\u0105.","publisher":{"@id":"https:\/\/www.malinashop.lt\/#organization"},"potentialAction":[{"@type":"SearchAction","target":{"@type":"EntryPoint","urlTemplate":"https:\/\/www.malinashop.lt\/?s={search_term_string}"},"query-input":{"@type":"PropertyValueSpecification","valueRequired":true,"valueName":"search_term_string"}}],"inLanguage":"lt-LT"},{"@type":"Organization","@id":"https:\/\/www.malinashop.lt\/#organization","name":"COM Group Ecommerce","url":"https:\/\/www.malinashop.lt\/","logo":{"@type":"ImageObject","inLanguage":"lt-LT","@id":"https:\/\/www.malinashop.lt\/#\/schema\/logo\/image\/","url":"https:\/\/www.malinashop.lt\/wp-content\/uploads\/2024\/08\/462559670_3787732518133670_9795632669273463_n-e1731525914575.png","contentUrl":"https:\/\/www.malinashop.lt\/wp-content\/uploads\/2024\/08\/462559670_3787732518133670_9795632669273463_n-e1731525914575.png","width":180,"height":60,"caption":"COM Group Ecommerce"},"image":{"@id":"https:\/\/www.malinashop.lt\/#\/schema\/logo\/image\/"}}]}},"jetpack_sharing_enabled":true,"_links":{"self":[{"href":"https:\/\/www.malinashop.lt\/lt_lt\/wp-json\/wp\/v2\/product\/58929","targetHints":{"allow":["GET"]}}],"collection":[{"href":"https:\/\/www.malinashop.lt\/lt_lt\/wp-json\/wp\/v2\/product"}],"about":[{"href":"https:\/\/www.malinashop.lt\/lt_lt\/wp-json\/wp\/v2\/types\/product"}],"version-history":[{"count":1,"href":"https:\/\/www.malinashop.lt\/lt_lt\/wp-json\/wp\/v2\/product\/58929\/revisions"}],"predecessor-version":[{"id":58931,"href":"https:\/\/www.malinashop.lt\/lt_lt\/wp-json\/wp\/v2\/product\/58929\/revisions\/58931"}],"wp:featuredmedia":[{"embeddable":true,"href":"https:\/\/www.malinashop.lt\/lt_lt\/wp-json\/wp\/v2\/media\/58930"}],"wp:attachment":[{"href":"https:\/\/www.malinashop.lt\/lt_lt\/wp-json\/wp\/v2\/media?parent=58929"}],"wp:term":[{"taxonomy":"product_brand","embeddable":true,"href":"https:\/\/www.malinashop.lt\/lt_lt\/wp-json\/wp\/v2\/product_brand?post=58929"},{"taxonomy":"product_cat","embeddable":true,"href":"https:\/\/www.malinashop.lt\/lt_lt\/wp-json\/wp\/v2\/product_cat?post=58929"},{"taxonomy":"product_tag","embeddable":true,"href":"https:\/\/www.malinashop.lt\/lt_lt\/wp-json\/wp\/v2\/product_tag?post=58929"}],"curies":[{"name":"wp","href":"https:\/\/api.w.org\/{rel}","templated":true}]}}