{"id":58925,"date":"2025-10-20T14:12:35","date_gmt":"2025-10-20T11:12:35","guid":{"rendered":"https:\/\/malinashop.lt\/?post_type=product&#038;p=58925"},"modified":"2026-03-18T12:28:03","modified_gmt":"2026-03-18T09:28:03","slug":"sinoz-veido-serumas-su-vitaminu-c-vitamin-c-serum-30-ml","status":"publish","type":"product","link":"https:\/\/www.malinashop.lt\/lt_lt\/shop\/sinoz-veido-serumas-su-vitaminu-c-vitamin-c-serum-30-ml\/","title":{"rendered":"SINOZ veido serumas su vitaminu C VITAMIN C SERUM, 30 ml"},"content":{"rendered":"<p data-start=\"576\" data-end=\"840\"><strong data-start=\"576\" data-end=\"629\">SINOZ veido serumas su vitaminu C VITAMIN C SERUM<\/strong> \u2013 tai intensyvios prie\u017ei\u016bros serumas, sukurtas kovoti su odos papilk\u0117jimu, nelygiu atspalviu ir pirmosiomis rauk\u0161l\u0117mis. \u0160is <strong data-start=\"754\" data-end=\"785\">veido serumas su vitaminu C<\/strong> suteikia odai \u0161vyt\u0117jimo, skaistumo ir vienodesn\u012f ton\u0105.<\/p>\n<p data-start=\"842\" data-end=\"1088\">Vitamino C formul\u0117 <strong data-start=\"861\" data-end=\"888\">skatina kolageno gamyb\u0105<\/strong>, padeda i\u0161laikyti odos stangrum\u0105 ir elastingum\u0105, tod\u0117l oda atrodo jaunesn\u0117 ir lygesn\u0117. Serumas taip pat padeda apsaugoti nuo aplinkos poveikio ir oksidacinio streso, kuris spartina sen\u0117jimo procesus.<\/p>\n<p data-start=\"1090\" data-end=\"1221\">Reguliariai naudojant <strong data-start=\"1112\" data-end=\"1143\">veido serumas su vitaminu C<\/strong> ma\u017eina pigmentines d\u0117mes, gerina odos tekst\u016br\u0105 ir suteikia nat\u016bral\u0173 spindes\u012f.<\/p>\n<p data-start=\"1223\" data-end=\"1260\"><strong data-start=\"1223\" data-end=\"1260\">SINOZ VITAMIN C SERUM privalumai:<\/strong><\/p>\n<ul data-start=\"1261\" data-end=\"1532\">\n<li data-start=\"1261\" data-end=\"1300\">\n<p data-start=\"1263\" data-end=\"1300\">Skaistina ir \u0161viesina odos atspalv\u012f<\/p>\n<\/li>\n<li data-start=\"1301\" data-end=\"1329\">\n<p data-start=\"1303\" data-end=\"1329\">Ma\u017eina pigmentines d\u0117mes<\/p>\n<\/li>\n<li data-start=\"1330\" data-end=\"1357\">\n<p data-start=\"1332\" data-end=\"1357\">Skatina kolageno gamyb\u0105<\/p>\n<\/li>\n<li data-start=\"1358\" data-end=\"1388\">\n<p data-start=\"1360\" data-end=\"1388\">Ma\u017eina smulkias rauk\u0161leles<\/p>\n<\/li>\n<li data-start=\"1389\" data-end=\"1419\">\n<p data-start=\"1391\" data-end=\"1419\">Stangrina ir atjaunina od\u0105<\/p>\n<\/li>\n<li data-start=\"1420\" data-end=\"1453\">\n<p data-start=\"1422\" data-end=\"1453\">Apsaugo nuo laisv\u0173j\u0173 radikal\u0173<\/p>\n<\/li>\n<li data-start=\"1454\" data-end=\"1478\">\n<p data-start=\"1456\" data-end=\"1478\">Gerina odos tekst\u016br\u0105<\/p>\n<\/li>\n<li data-start=\"1479\" data-end=\"1509\">\n<p data-start=\"1481\" data-end=\"1509\">Suteikia nat\u016bral\u0173 spindes\u012f<\/p>\n<\/li>\n<li data-start=\"1510\" data-end=\"1532\">\n<p data-start=\"1512\" data-end=\"1532\">Tinka vis\u0173 tip\u0173 odai<\/p>\n<\/li>\n<\/ul>\n<p data-start=\"1534\" data-end=\"1695\"><strong data-start=\"1534\" data-end=\"1549\">Naudojimas:<\/strong><br data-start=\"1549\" data-end=\"1552\" \/>\u0160velniai \u012fmasa\u017euokite kelis la\u0161us serumo ant \u0161varios veido odos. Naudokite ryte ir\/ar vakare. Ryte rekomenduojama naudoti kartu su SPF apsauga.<\/p>\n<p data-start=\"1697\" data-end=\"1778\"><strong data-start=\"1697\" data-end=\"1722\">SINOZ VITAMIN C SERUM<\/strong> \u2013 \u0161vytinti, stangri ir jaunatvi\u0161ka oda kiekvien\u0105 dien\u0105.<\/p>\n","protected":false},"excerpt":{"rendered":"<p data-start=\"381\" data-end=\"504\">SINOZ veido serumas su vitaminu C skaistina od\u0105, ma\u017eina rauk\u0161les, skatina kolageno gamyb\u0105 ir suteikia jaunatvi\u0161k\u0105 spindes\u012f.<\/p>\n","protected":false},"featured_media":58926,"template":"","meta":[],"product_brand":[1354],"product_cat":[550,728],"product_tag":[1619],"class_list":{"0":"post-58925","1":"product","2":"type-product","3":"status-publish","4":"has-post-thumbnail","6":"product_brand-sinoz","7":"product_cat-veido-serumai","8":"product_cat-veidui","9":"product_tag-sinoz","11":"first","12":"instock","13":"sale","14":"taxable","15":"shipping-taxable","16":"purchasable","17":"product-type-simple"},"yoast_head":"<!-- This site is optimized with the Yoast SEO plugin v27.4 - https:\/\/yoast.com\/product\/yoast-seo-wordpress\/ -->\n<title>MalinaShop.lt J\u016bs\u0173 sveikatai ir gro\u017eiui. SINOZ veido serumas su vitaminu C VITAMIN C SERUM, 30 ml -<\/title>\n<meta name=\"description\" content=\"Atgaivink od\u0105 su SINOZ veido serumu su vitaminu C \u2013 skaistina, ma\u017eina rauk\u0161les, skatina kolageno gamyb\u0105 ir suteikia jaunatvi\u0161k\u0105 spindes\u012f.\" \/>\n<meta name=\"robots\" content=\"index, follow, max-snippet:-1, max-image-preview:large, max-video-preview:-1\" \/>\n<link rel=\"canonical\" href=\"https:\/\/www.malinashop.lt\/lt_lt\/shop\/sinoz-veido-serumas-su-vitaminu-c-vitamin-c-serum-30-ml\/\" \/>\n<meta property=\"og:locale\" content=\"lt_LT\" \/>\n<meta property=\"og:type\" content=\"article\" \/>\n<meta property=\"og:title\" content=\"MalinaShop.lt J\u016bs\u0173 sveikatai ir gro\u017eiui. SINOZ veido serumas su vitaminu C VITAMIN C SERUM, 30 ml -\" \/>\n<meta property=\"og:description\" content=\"Atgaivink od\u0105 su SINOZ veido serumu su vitaminu C \u2013 skaistina, ma\u017eina rauk\u0161les, skatina kolageno gamyb\u0105 ir suteikia jaunatvi\u0161k\u0105 spindes\u012f.\" \/>\n<meta property=\"og:url\" content=\"https:\/\/www.malinashop.lt\/lt_lt\/shop\/sinoz-veido-serumas-su-vitaminu-c-vitamin-c-serum-30-ml\/\" \/>\n<meta property=\"og:site_name\" content=\"MalinaShop.lt J\u016bs\u0173 sveikatai ir gro\u017eiui.\" \/>\n<meta property=\"article:modified_time\" content=\"2026-03-18T09:28:03+00:00\" \/>\n<meta property=\"og:image\" content=\"https:\/\/www.malinashop.lt\/wp-content\/uploads\/2025\/10\/SINOZ-veido-serumas-su-vitaminu-C-VITAMIN-C-SERUM-30-ml.webp\" \/>\n\t<meta property=\"og:image:width\" content=\"768\" \/>\n\t<meta property=\"og:image:height\" content=\"768\" \/>\n\t<meta property=\"og:image:type\" content=\"image\/webp\" \/>\n<meta name=\"twitter:card\" content=\"summary_large_image\" \/>\n<script type=\"application\/ld+json\" class=\"yoast-schema-graph\">{\"@context\":\"https:\\\/\\\/schema.org\",\"@graph\":[{\"@type\":\"WebPage\",\"@id\":\"https:\\\/\\\/www.malinashop.lt\\\/shop\\\/sinoz-veido-serumas-su-vitaminu-c-vitamin-c-serum-30-ml\\\/\",\"url\":\"https:\\\/\\\/www.malinashop.lt\\\/shop\\\/sinoz-veido-serumas-su-vitaminu-c-vitamin-c-serum-30-ml\\\/\",\"name\":\"MalinaShop.lt J\u016bs\u0173 sveikatai ir gro\u017eiui. SINOZ veido serumas su vitaminu C VITAMIN C SERUM, 30 ml -\",\"isPartOf\":{\"@id\":\"https:\\\/\\\/www.malinashop.lt\\\/#website\"},\"primaryImageOfPage\":{\"@id\":\"https:\\\/\\\/www.malinashop.lt\\\/shop\\\/sinoz-veido-serumas-su-vitaminu-c-vitamin-c-serum-30-ml\\\/#primaryimage\"},\"image\":{\"@id\":\"https:\\\/\\\/www.malinashop.lt\\\/shop\\\/sinoz-veido-serumas-su-vitaminu-c-vitamin-c-serum-30-ml\\\/#primaryimage\"},\"thumbnailUrl\":\"https:\\\/\\\/www.malinashop.lt\\\/wp-content\\\/uploads\\\/2025\\\/10\\\/SINOZ-veido-serumas-su-vitaminu-C-VITAMIN-C-SERUM-30-ml.webp\",\"datePublished\":\"2025-10-20T11:12:35+00:00\",\"dateModified\":\"2026-03-18T09:28:03+00:00\",\"description\":\"Atgaivink od\u0105 su SINOZ veido serumu su vitaminu C \u2013 skaistina, ma\u017eina rauk\u0161les, skatina kolageno gamyb\u0105 ir suteikia jaunatvi\u0161k\u0105 spindes\u012f.\",\"breadcrumb\":{\"@id\":\"https:\\\/\\\/www.malinashop.lt\\\/shop\\\/sinoz-veido-serumas-su-vitaminu-c-vitamin-c-serum-30-ml\\\/#breadcrumb\"},\"inLanguage\":\"lt-LT\",\"potentialAction\":[{\"@type\":\"ReadAction\",\"target\":[\"https:\\\/\\\/www.malinashop.lt\\\/shop\\\/sinoz-veido-serumas-su-vitaminu-c-vitamin-c-serum-30-ml\\\/\"]}]},{\"@type\":\"ImageObject\",\"inLanguage\":\"lt-LT\",\"@id\":\"https:\\\/\\\/www.malinashop.lt\\\/shop\\\/sinoz-veido-serumas-su-vitaminu-c-vitamin-c-serum-30-ml\\\/#primaryimage\",\"url\":\"https:\\\/\\\/www.malinashop.lt\\\/wp-content\\\/uploads\\\/2025\\\/10\\\/SINOZ-veido-serumas-su-vitaminu-C-VITAMIN-C-SERUM-30-ml.webp\",\"contentUrl\":\"https:\\\/\\\/www.malinashop.lt\\\/wp-content\\\/uploads\\\/2025\\\/10\\\/SINOZ-veido-serumas-su-vitaminu-C-VITAMIN-C-SERUM-30-ml.webp\",\"width\":768,\"height\":768},{\"@type\":\"BreadcrumbList\",\"@id\":\"https:\\\/\\\/www.malinashop.lt\\\/shop\\\/sinoz-veido-serumas-su-vitaminu-c-vitamin-c-serum-30-ml\\\/#breadcrumb\",\"itemListElement\":[{\"@type\":\"ListItem\",\"position\":1,\"name\":\"Pagrindinis\",\"item\":\"https:\\\/\\\/www.malinashop.lt\\\/\"},{\"@type\":\"ListItem\",\"position\":2,\"name\":\"Parduotuv\u0117\",\"item\":\"https:\\\/\\\/www.malinashop.lt\\\/en\\\/parduotuve\\\/\"},{\"@type\":\"ListItem\",\"position\":3,\"name\":\"SINOZ veido serumas su vitaminu C VITAMIN C SERUM, 30 ml\"}]},{\"@type\":\"WebSite\",\"@id\":\"https:\\\/\\\/www.malinashop.lt\\\/#website\",\"url\":\"https:\\\/\\\/www.malinashop.lt\\\/\",\"name\":\"COM Group Ecommerce\",\"description\":\"MalinaShop.lt - Gro\u017eio ir sveikatos produktai i\u0161 patikim\u0173 preki\u0173 \u017eenkl\u0173. Atraskite auk\u0161tos kokyb\u0117s kosmetik\u0105 u\u017e puiki\u0105 kain\u0105.\",\"publisher\":{\"@id\":\"https:\\\/\\\/www.malinashop.lt\\\/#organization\"},\"potentialAction\":[{\"@type\":\"SearchAction\",\"target\":{\"@type\":\"EntryPoint\",\"urlTemplate\":\"https:\\\/\\\/www.malinashop.lt\\\/?s={search_term_string}\"},\"query-input\":{\"@type\":\"PropertyValueSpecification\",\"valueRequired\":true,\"valueName\":\"search_term_string\"}}],\"inLanguage\":\"lt-LT\"},{\"@type\":\"Organization\",\"@id\":\"https:\\\/\\\/www.malinashop.lt\\\/#organization\",\"name\":\"COM Group Ecommerce\",\"url\":\"https:\\\/\\\/www.malinashop.lt\\\/\",\"logo\":{\"@type\":\"ImageObject\",\"inLanguage\":\"lt-LT\",\"@id\":\"https:\\\/\\\/www.malinashop.lt\\\/#\\\/schema\\\/logo\\\/image\\\/\",\"url\":\"https:\\\/\\\/www.malinashop.lt\\\/wp-content\\\/uploads\\\/2024\\\/08\\\/462559670_3787732518133670_9795632669273463_n-e1731525914575.png\",\"contentUrl\":\"https:\\\/\\\/www.malinashop.lt\\\/wp-content\\\/uploads\\\/2024\\\/08\\\/462559670_3787732518133670_9795632669273463_n-e1731525914575.png\",\"width\":180,\"height\":60,\"caption\":\"COM Group Ecommerce\"},\"image\":{\"@id\":\"https:\\\/\\\/www.malinashop.lt\\\/#\\\/schema\\\/logo\\\/image\\\/\"}}]}<\/script>\n<!-- \/ Yoast SEO plugin. -->","yoast_head_json":{"title":"MalinaShop.lt J\u016bs\u0173 sveikatai ir gro\u017eiui. SINOZ veido serumas su vitaminu C VITAMIN C SERUM, 30 ml -","description":"Atgaivink od\u0105 su SINOZ veido serumu su vitaminu C \u2013 skaistina, ma\u017eina rauk\u0161les, skatina kolageno gamyb\u0105 ir suteikia jaunatvi\u0161k\u0105 spindes\u012f.","robots":{"index":"index","follow":"follow","max-snippet":"max-snippet:-1","max-image-preview":"max-image-preview:large","max-video-preview":"max-video-preview:-1"},"canonical":"https:\/\/www.malinashop.lt\/lt_lt\/shop\/sinoz-veido-serumas-su-vitaminu-c-vitamin-c-serum-30-ml\/","og_locale":"lt_LT","og_type":"article","og_title":"MalinaShop.lt J\u016bs\u0173 sveikatai ir gro\u017eiui. SINOZ veido serumas su vitaminu C VITAMIN C SERUM, 30 ml -","og_description":"Atgaivink od\u0105 su SINOZ veido serumu su vitaminu C \u2013 skaistina, ma\u017eina rauk\u0161les, skatina kolageno gamyb\u0105 ir suteikia jaunatvi\u0161k\u0105 spindes\u012f.","og_url":"https:\/\/www.malinashop.lt\/lt_lt\/shop\/sinoz-veido-serumas-su-vitaminu-c-vitamin-c-serum-30-ml\/","og_site_name":"MalinaShop.lt J\u016bs\u0173 sveikatai ir gro\u017eiui.","article_modified_time":"2026-03-18T09:28:03+00:00","og_image":[{"width":768,"height":768,"url":"https:\/\/www.malinashop.lt\/wp-content\/uploads\/2025\/10\/SINOZ-veido-serumas-su-vitaminu-C-VITAMIN-C-SERUM-30-ml.webp","type":"image\/webp"}],"twitter_card":"summary_large_image","schema":{"@context":"https:\/\/schema.org","@graph":[{"@type":"WebPage","@id":"https:\/\/www.malinashop.lt\/shop\/sinoz-veido-serumas-su-vitaminu-c-vitamin-c-serum-30-ml\/","url":"https:\/\/www.malinashop.lt\/shop\/sinoz-veido-serumas-su-vitaminu-c-vitamin-c-serum-30-ml\/","name":"MalinaShop.lt J\u016bs\u0173 sveikatai ir gro\u017eiui. SINOZ veido serumas su vitaminu C VITAMIN C SERUM, 30 ml -","isPartOf":{"@id":"https:\/\/www.malinashop.lt\/#website"},"primaryImageOfPage":{"@id":"https:\/\/www.malinashop.lt\/shop\/sinoz-veido-serumas-su-vitaminu-c-vitamin-c-serum-30-ml\/#primaryimage"},"image":{"@id":"https:\/\/www.malinashop.lt\/shop\/sinoz-veido-serumas-su-vitaminu-c-vitamin-c-serum-30-ml\/#primaryimage"},"thumbnailUrl":"https:\/\/www.malinashop.lt\/wp-content\/uploads\/2025\/10\/SINOZ-veido-serumas-su-vitaminu-C-VITAMIN-C-SERUM-30-ml.webp","datePublished":"2025-10-20T11:12:35+00:00","dateModified":"2026-03-18T09:28:03+00:00","description":"Atgaivink od\u0105 su SINOZ veido serumu su vitaminu C \u2013 skaistina, ma\u017eina rauk\u0161les, skatina kolageno gamyb\u0105 ir suteikia jaunatvi\u0161k\u0105 spindes\u012f.","breadcrumb":{"@id":"https:\/\/www.malinashop.lt\/shop\/sinoz-veido-serumas-su-vitaminu-c-vitamin-c-serum-30-ml\/#breadcrumb"},"inLanguage":"lt-LT","potentialAction":[{"@type":"ReadAction","target":["https:\/\/www.malinashop.lt\/shop\/sinoz-veido-serumas-su-vitaminu-c-vitamin-c-serum-30-ml\/"]}]},{"@type":"ImageObject","inLanguage":"lt-LT","@id":"https:\/\/www.malinashop.lt\/shop\/sinoz-veido-serumas-su-vitaminu-c-vitamin-c-serum-30-ml\/#primaryimage","url":"https:\/\/www.malinashop.lt\/wp-content\/uploads\/2025\/10\/SINOZ-veido-serumas-su-vitaminu-C-VITAMIN-C-SERUM-30-ml.webp","contentUrl":"https:\/\/www.malinashop.lt\/wp-content\/uploads\/2025\/10\/SINOZ-veido-serumas-su-vitaminu-C-VITAMIN-C-SERUM-30-ml.webp","width":768,"height":768},{"@type":"BreadcrumbList","@id":"https:\/\/www.malinashop.lt\/shop\/sinoz-veido-serumas-su-vitaminu-c-vitamin-c-serum-30-ml\/#breadcrumb","itemListElement":[{"@type":"ListItem","position":1,"name":"Pagrindinis","item":"https:\/\/www.malinashop.lt\/"},{"@type":"ListItem","position":2,"name":"Parduotuv\u0117","item":"https:\/\/www.malinashop.lt\/en\/parduotuve\/"},{"@type":"ListItem","position":3,"name":"SINOZ veido serumas su vitaminu C VITAMIN C SERUM, 30 ml"}]},{"@type":"WebSite","@id":"https:\/\/www.malinashop.lt\/#website","url":"https:\/\/www.malinashop.lt\/","name":"COM Group Ecommerce","description":"MalinaShop.lt - Gro\u017eio ir sveikatos produktai i\u0161 patikim\u0173 preki\u0173 \u017eenkl\u0173. Atraskite auk\u0161tos kokyb\u0117s kosmetik\u0105 u\u017e puiki\u0105 kain\u0105.","publisher":{"@id":"https:\/\/www.malinashop.lt\/#organization"},"potentialAction":[{"@type":"SearchAction","target":{"@type":"EntryPoint","urlTemplate":"https:\/\/www.malinashop.lt\/?s={search_term_string}"},"query-input":{"@type":"PropertyValueSpecification","valueRequired":true,"valueName":"search_term_string"}}],"inLanguage":"lt-LT"},{"@type":"Organization","@id":"https:\/\/www.malinashop.lt\/#organization","name":"COM Group Ecommerce","url":"https:\/\/www.malinashop.lt\/","logo":{"@type":"ImageObject","inLanguage":"lt-LT","@id":"https:\/\/www.malinashop.lt\/#\/schema\/logo\/image\/","url":"https:\/\/www.malinashop.lt\/wp-content\/uploads\/2024\/08\/462559670_3787732518133670_9795632669273463_n-e1731525914575.png","contentUrl":"https:\/\/www.malinashop.lt\/wp-content\/uploads\/2024\/08\/462559670_3787732518133670_9795632669273463_n-e1731525914575.png","width":180,"height":60,"caption":"COM Group Ecommerce"},"image":{"@id":"https:\/\/www.malinashop.lt\/#\/schema\/logo\/image\/"}}]}},"jetpack_sharing_enabled":true,"_links":{"self":[{"href":"https:\/\/www.malinashop.lt\/lt_lt\/wp-json\/wp\/v2\/product\/58925","targetHints":{"allow":["GET"]}}],"collection":[{"href":"https:\/\/www.malinashop.lt\/lt_lt\/wp-json\/wp\/v2\/product"}],"about":[{"href":"https:\/\/www.malinashop.lt\/lt_lt\/wp-json\/wp\/v2\/types\/product"}],"version-history":[{"count":1,"href":"https:\/\/www.malinashop.lt\/lt_lt\/wp-json\/wp\/v2\/product\/58925\/revisions"}],"predecessor-version":[{"id":58927,"href":"https:\/\/www.malinashop.lt\/lt_lt\/wp-json\/wp\/v2\/product\/58925\/revisions\/58927"}],"wp:featuredmedia":[{"embeddable":true,"href":"https:\/\/www.malinashop.lt\/lt_lt\/wp-json\/wp\/v2\/media\/58926"}],"wp:attachment":[{"href":"https:\/\/www.malinashop.lt\/lt_lt\/wp-json\/wp\/v2\/media?parent=58925"}],"wp:term":[{"taxonomy":"product_brand","embeddable":true,"href":"https:\/\/www.malinashop.lt\/lt_lt\/wp-json\/wp\/v2\/product_brand?post=58925"},{"taxonomy":"product_cat","embeddable":true,"href":"https:\/\/www.malinashop.lt\/lt_lt\/wp-json\/wp\/v2\/product_cat?post=58925"},{"taxonomy":"product_tag","embeddable":true,"href":"https:\/\/www.malinashop.lt\/lt_lt\/wp-json\/wp\/v2\/product_tag?post=58925"}],"curies":[{"name":"wp","href":"https:\/\/api.w.org\/{rel}","templated":true}]}}