{"id":58898,"date":"2025-10-20T13:28:19","date_gmt":"2025-10-20T10:28:19","guid":{"rendered":"https:\/\/malinashop.lt\/?post_type=product&#038;p=58898"},"modified":"2026-03-18T12:28:07","modified_gmt":"2026-03-18T09:28:07","slug":"sinoz-kuno-sveitiklis-body-scrub-300-ml","status":"publish","type":"product","link":"https:\/\/www.malinashop.lt\/lt_lt\/shop\/sinoz-kuno-sveitiklis-body-scrub-300-ml\/","title":{"rendered":"SINOZ k\u016bno \u0161veitiklis BODY SCRUB, 300 ml"},"content":{"rendered":"<p data-start=\"552\" data-end=\"840\"><strong data-start=\"552\" data-end=\"588\">SINOZ k\u016bno \u0161veitiklis BODY SCRUB<\/strong> \u2013 tai intensyviai veikiantis, bet odai \u0161velnus \u0161veitiklis, kuris padeda pa\u0161alinti negyvas odos l\u0105steles ir atkuria nat\u016bral\u0173 odos \u0161velnum\u0105. \u0160is <strong data-start=\"732\" data-end=\"751\">k\u016bno \u0161veitiklis<\/strong> gerina odos tekst\u016br\u0105, suteikia glotnumo ir leid\u017eia aktyvioms med\u017eiagoms geriau \u012fsigerti.<\/p>\n<p data-start=\"842\" data-end=\"1103\">Formul\u0117 praturtinta <strong data-start=\"862\" data-end=\"878\">j\u016bros druska<\/strong>, kuri nat\u016braliai eksfolijuoja, bei <strong data-start=\"914\" data-end=\"962\">arbatmed\u017eio, kokos\u0173 ir agurk\u0173 s\u0117kl\u0173 aliejais<\/strong>, kurie dr\u0117kina, ramina ir maitina od\u0105. <strong data-start=\"1002\" data-end=\"1031\">Vitaminas E ir glicerinas<\/strong> stiprina odos barjer\u0105, apsaugo nuo i\u0161saus\u0117jimo ir suteikia elastingumo.<\/p>\n<p data-start=\"1105\" data-end=\"1193\">Nuostabus, misti\u0161kas kvapas i\u0161lieka ant odos ilg\u0105 laik\u0105, suteikdamas SPA poj\u016bt\u012f namuose.<\/p>\n<p data-start=\"1195\" data-end=\"1227\"><strong data-start=\"1195\" data-end=\"1227\">SINOZ BODY SCRUB privalumai:<\/strong><\/p>\n<ul data-start=\"1228\" data-end=\"1546\">\n<li data-start=\"1228\" data-end=\"1267\">\n<p data-start=\"1230\" data-end=\"1267\">\u0160velniai ir veiksmingai \u0161vei\u010dia od\u0105<\/p>\n<\/li>\n<li data-start=\"1268\" data-end=\"1297\">\n<p data-start=\"1270\" data-end=\"1297\">Pa\u0161alina negyvas l\u0105steles<\/p>\n<\/li>\n<li data-start=\"1298\" data-end=\"1330\">\n<p data-start=\"1300\" data-end=\"1330\">Atkuria \u0161velnum\u0105 ir spindes\u012f<\/p>\n<\/li>\n<li data-start=\"1331\" data-end=\"1377\">\n<p data-start=\"1333\" data-end=\"1377\">Maitina ir dr\u0117kina su nat\u016braliais aliejais<\/p>\n<\/li>\n<li data-start=\"1378\" data-end=\"1415\">\n<p data-start=\"1380\" data-end=\"1415\">J\u016bros druska gerina odos tekst\u016br\u0105<\/p>\n<\/li>\n<li data-start=\"1416\" data-end=\"1462\">\n<p data-start=\"1418\" data-end=\"1462\">Vitaminas E ir glicerinas stiprina barjer\u0105<\/p>\n<\/li>\n<li data-start=\"1463\" data-end=\"1488\">\n<p data-start=\"1465\" data-end=\"1488\">Ramina ir gaivina od\u0105<\/p>\n<\/li>\n<li data-start=\"1489\" data-end=\"1523\">\n<p data-start=\"1491\" data-end=\"1523\">Misti\u0161kas kvapas i\u0161lieka ilgai<\/p>\n<\/li>\n<li data-start=\"1524\" data-end=\"1546\">\n<p data-start=\"1526\" data-end=\"1546\">Tinka vis\u0173 tip\u0173 odai<\/p>\n<\/li>\n<\/ul>\n<p data-start=\"1548\" data-end=\"1807\"><strong data-start=\"1548\" data-end=\"1563\">Naudojimas:<\/strong><br data-start=\"1563\" data-end=\"1566\" \/>Prie\u0161 naudojim\u0105 suplakite arba i\u0161mai\u0161ykite. Tepkite ant \u0161varios odos, masa\u017euokite sukamaisiais judesiais 2\u20135 min., tada nuplaukite drungnu vandeniu. Naudokite 2\u20133 kartus per savait\u0119. Po proced\u016bros rekomenduojama naudoti dr\u0117kinam\u0105j\u0105 priemon\u0119.<\/p>\n<p data-start=\"1809\" data-end=\"1881\"><strong data-start=\"1809\" data-end=\"1834\">SINOZ k\u016bno \u0161veitiklis<\/strong> \u2013 glotni, \u0161velni ir gyvybinga oda be pastang\u0173.<\/p>\n","protected":false},"excerpt":{"rendered":"<p data-start=\"345\" data-end=\"467\">SINOZ k\u016bno \u0161veitiklis \u0161velniai pa\u0161alina negyvas odos l\u0105steles, maitina aliejais ir suteikia odai \u0161velnumo bei gyvybingumo.<\/p>\n","protected":false},"featured_media":58899,"template":"","meta":[],"product_brand":[1354],"product_cat":[557,731],"product_tag":[1619],"class_list":{"0":"post-58898","1":"product","2":"type-product","3":"status-publish","4":"has-post-thumbnail","6":"product_brand-sinoz","7":"product_cat-kuno-sveitikliai","8":"product_cat-kunui","9":"product_tag-sinoz","11":"first","12":"instock","13":"sale","14":"taxable","15":"shipping-taxable","16":"purchasable","17":"product-type-simple"},"yoast_head":"<!-- This site is optimized with the Yoast SEO plugin v27.4 - https:\/\/yoast.com\/product\/yoast-seo-wordpress\/ -->\n<title>SINOZ k\u016bno \u0161veitiklis BODY SCRUB, 300 ml - MalinaShop.lt J\u016bs\u0173 sveikatai ir gro\u017eiui.<\/title>\n<meta name=\"description\" content=\"SINOZ k\u016bno \u0161veitiklis \u0161velniai pa\u0161alina negyvas odos l\u0105steles, maitina aliejais ir suteikia odai \u0161velnumo bei gyvybingumo. SINOZ k\u016bno \u0161veitiklis su j\u016bros druska ir aliejais \u0161velniai pa\u0161alina negyvas l\u0105steles, maitina od\u0105 ir suteikia jai \u0161velnumo bei spindesio.\" \/>\n<meta name=\"robots\" content=\"index, follow, max-snippet:-1, max-image-preview:large, max-video-preview:-1\" \/>\n<link rel=\"canonical\" href=\"https:\/\/www.malinashop.lt\/lt_lt\/shop\/sinoz-kuno-sveitiklis-body-scrub-300-ml\/\" \/>\n<meta property=\"og:locale\" content=\"lt_LT\" \/>\n<meta property=\"og:type\" content=\"article\" \/>\n<meta property=\"og:title\" content=\"SINOZ k\u016bno \u0161veitiklis BODY SCRUB, 300 ml - MalinaShop.lt J\u016bs\u0173 sveikatai ir gro\u017eiui.\" \/>\n<meta property=\"og:description\" content=\"SINOZ k\u016bno \u0161veitiklis \u0161velniai pa\u0161alina negyvas odos l\u0105steles, maitina aliejais ir suteikia odai \u0161velnumo bei gyvybingumo. SINOZ k\u016bno \u0161veitiklis su j\u016bros druska ir aliejais \u0161velniai pa\u0161alina negyvas l\u0105steles, maitina od\u0105 ir suteikia jai \u0161velnumo bei spindesio.\" \/>\n<meta property=\"og:url\" content=\"https:\/\/www.malinashop.lt\/lt_lt\/shop\/sinoz-kuno-sveitiklis-body-scrub-300-ml\/\" \/>\n<meta property=\"og:site_name\" content=\"MalinaShop.lt J\u016bs\u0173 sveikatai ir gro\u017eiui.\" \/>\n<meta property=\"article:modified_time\" content=\"2026-03-18T09:28:07+00:00\" \/>\n<meta property=\"og:image\" content=\"https:\/\/www.malinashop.lt\/wp-content\/uploads\/2025\/10\/SINOZ-kuno-sveitiklis-BODY-SCRUB-300-ml.webp\" \/>\n\t<meta property=\"og:image:width\" content=\"768\" \/>\n\t<meta property=\"og:image:height\" content=\"768\" \/>\n\t<meta property=\"og:image:type\" content=\"image\/webp\" \/>\n<meta name=\"twitter:card\" content=\"summary_large_image\" \/>\n<script type=\"application\/ld+json\" class=\"yoast-schema-graph\">{\"@context\":\"https:\\\/\\\/schema.org\",\"@graph\":[{\"@type\":\"WebPage\",\"@id\":\"https:\\\/\\\/www.malinashop.lt\\\/en\\\/shop\\\/sinoz-kuno-sveitiklis-body-scrub-300-ml\\\/\",\"url\":\"https:\\\/\\\/www.malinashop.lt\\\/en\\\/shop\\\/sinoz-kuno-sveitiklis-body-scrub-300-ml\\\/\",\"name\":\"SINOZ k\u016bno \u0161veitiklis BODY SCRUB, 300 ml - MalinaShop.lt J\u016bs\u0173 sveikatai ir gro\u017eiui.\",\"isPartOf\":{\"@id\":\"https:\\\/\\\/www.malinashop.lt\\\/#website\"},\"primaryImageOfPage\":{\"@id\":\"https:\\\/\\\/www.malinashop.lt\\\/en\\\/shop\\\/sinoz-kuno-sveitiklis-body-scrub-300-ml\\\/#primaryimage\"},\"image\":{\"@id\":\"https:\\\/\\\/www.malinashop.lt\\\/en\\\/shop\\\/sinoz-kuno-sveitiklis-body-scrub-300-ml\\\/#primaryimage\"},\"thumbnailUrl\":\"https:\\\/\\\/www.malinashop.lt\\\/wp-content\\\/uploads\\\/2025\\\/10\\\/SINOZ-kuno-sveitiklis-BODY-SCRUB-300-ml.webp\",\"datePublished\":\"2025-10-20T10:28:19+00:00\",\"dateModified\":\"2026-03-18T09:28:07+00:00\",\"description\":\"SINOZ k\u016bno \u0161veitiklis \u0161velniai pa\u0161alina negyvas odos l\u0105steles, maitina aliejais ir suteikia odai \u0161velnumo bei gyvybingumo. SINOZ k\u016bno \u0161veitiklis su j\u016bros druska ir aliejais \u0161velniai pa\u0161alina negyvas l\u0105steles, maitina od\u0105 ir suteikia jai \u0161velnumo bei spindesio.\",\"breadcrumb\":{\"@id\":\"https:\\\/\\\/www.malinashop.lt\\\/en\\\/shop\\\/sinoz-kuno-sveitiklis-body-scrub-300-ml\\\/#breadcrumb\"},\"inLanguage\":\"lt-LT\",\"potentialAction\":[{\"@type\":\"ReadAction\",\"target\":[\"https:\\\/\\\/www.malinashop.lt\\\/en\\\/shop\\\/sinoz-kuno-sveitiklis-body-scrub-300-ml\\\/\"]}]},{\"@type\":\"ImageObject\",\"inLanguage\":\"lt-LT\",\"@id\":\"https:\\\/\\\/www.malinashop.lt\\\/en\\\/shop\\\/sinoz-kuno-sveitiklis-body-scrub-300-ml\\\/#primaryimage\",\"url\":\"https:\\\/\\\/www.malinashop.lt\\\/wp-content\\\/uploads\\\/2025\\\/10\\\/SINOZ-kuno-sveitiklis-BODY-SCRUB-300-ml.webp\",\"contentUrl\":\"https:\\\/\\\/www.malinashop.lt\\\/wp-content\\\/uploads\\\/2025\\\/10\\\/SINOZ-kuno-sveitiklis-BODY-SCRUB-300-ml.webp\",\"width\":768,\"height\":768},{\"@type\":\"BreadcrumbList\",\"@id\":\"https:\\\/\\\/www.malinashop.lt\\\/en\\\/shop\\\/sinoz-kuno-sveitiklis-body-scrub-300-ml\\\/#breadcrumb\",\"itemListElement\":[{\"@type\":\"ListItem\",\"position\":1,\"name\":\"Pagrindinis\",\"item\":\"https:\\\/\\\/www.malinashop.lt\\\/\"},{\"@type\":\"ListItem\",\"position\":2,\"name\":\"Parduotuv\u0117\",\"item\":\"https:\\\/\\\/www.malinashop.lt\\\/en\\\/parduotuve\\\/\"},{\"@type\":\"ListItem\",\"position\":3,\"name\":\"SINOZ k\u016bno \u0161veitiklis BODY SCRUB, 300 ml\"}]},{\"@type\":\"WebSite\",\"@id\":\"https:\\\/\\\/www.malinashop.lt\\\/#website\",\"url\":\"https:\\\/\\\/www.malinashop.lt\\\/\",\"name\":\"COM Group Ecommerce\",\"description\":\"MalinaShop.lt - Gro\u017eio ir sveikatos produktai i\u0161 patikim\u0173 preki\u0173 \u017eenkl\u0173. Atraskite auk\u0161tos kokyb\u0117s kosmetik\u0105 u\u017e puiki\u0105 kain\u0105.\",\"publisher\":{\"@id\":\"https:\\\/\\\/www.malinashop.lt\\\/#organization\"},\"potentialAction\":[{\"@type\":\"SearchAction\",\"target\":{\"@type\":\"EntryPoint\",\"urlTemplate\":\"https:\\\/\\\/www.malinashop.lt\\\/?s={search_term_string}\"},\"query-input\":{\"@type\":\"PropertyValueSpecification\",\"valueRequired\":true,\"valueName\":\"search_term_string\"}}],\"inLanguage\":\"lt-LT\"},{\"@type\":\"Organization\",\"@id\":\"https:\\\/\\\/www.malinashop.lt\\\/#organization\",\"name\":\"COM Group Ecommerce\",\"url\":\"https:\\\/\\\/www.malinashop.lt\\\/\",\"logo\":{\"@type\":\"ImageObject\",\"inLanguage\":\"lt-LT\",\"@id\":\"https:\\\/\\\/www.malinashop.lt\\\/#\\\/schema\\\/logo\\\/image\\\/\",\"url\":\"https:\\\/\\\/www.malinashop.lt\\\/wp-content\\\/uploads\\\/2024\\\/08\\\/462559670_3787732518133670_9795632669273463_n-e1731525914575.png\",\"contentUrl\":\"https:\\\/\\\/www.malinashop.lt\\\/wp-content\\\/uploads\\\/2024\\\/08\\\/462559670_3787732518133670_9795632669273463_n-e1731525914575.png\",\"width\":180,\"height\":60,\"caption\":\"COM Group Ecommerce\"},\"image\":{\"@id\":\"https:\\\/\\\/www.malinashop.lt\\\/#\\\/schema\\\/logo\\\/image\\\/\"}}]}<\/script>\n<!-- \/ Yoast SEO plugin. -->","yoast_head_json":{"title":"SINOZ k\u016bno \u0161veitiklis BODY SCRUB, 300 ml - MalinaShop.lt J\u016bs\u0173 sveikatai ir gro\u017eiui.","description":"SINOZ k\u016bno \u0161veitiklis \u0161velniai pa\u0161alina negyvas odos l\u0105steles, maitina aliejais ir suteikia odai \u0161velnumo bei gyvybingumo. SINOZ k\u016bno \u0161veitiklis su j\u016bros druska ir aliejais \u0161velniai pa\u0161alina negyvas l\u0105steles, maitina od\u0105 ir suteikia jai \u0161velnumo bei spindesio.","robots":{"index":"index","follow":"follow","max-snippet":"max-snippet:-1","max-image-preview":"max-image-preview:large","max-video-preview":"max-video-preview:-1"},"canonical":"https:\/\/www.malinashop.lt\/lt_lt\/shop\/sinoz-kuno-sveitiklis-body-scrub-300-ml\/","og_locale":"lt_LT","og_type":"article","og_title":"SINOZ k\u016bno \u0161veitiklis BODY SCRUB, 300 ml - MalinaShop.lt J\u016bs\u0173 sveikatai ir gro\u017eiui.","og_description":"SINOZ k\u016bno \u0161veitiklis \u0161velniai pa\u0161alina negyvas odos l\u0105steles, maitina aliejais ir suteikia odai \u0161velnumo bei gyvybingumo. SINOZ k\u016bno \u0161veitiklis su j\u016bros druska ir aliejais \u0161velniai pa\u0161alina negyvas l\u0105steles, maitina od\u0105 ir suteikia jai \u0161velnumo bei spindesio.","og_url":"https:\/\/www.malinashop.lt\/lt_lt\/shop\/sinoz-kuno-sveitiklis-body-scrub-300-ml\/","og_site_name":"MalinaShop.lt J\u016bs\u0173 sveikatai ir gro\u017eiui.","article_modified_time":"2026-03-18T09:28:07+00:00","og_image":[{"width":768,"height":768,"url":"https:\/\/www.malinashop.lt\/wp-content\/uploads\/2025\/10\/SINOZ-kuno-sveitiklis-BODY-SCRUB-300-ml.webp","type":"image\/webp"}],"twitter_card":"summary_large_image","schema":{"@context":"https:\/\/schema.org","@graph":[{"@type":"WebPage","@id":"https:\/\/www.malinashop.lt\/en\/shop\/sinoz-kuno-sveitiklis-body-scrub-300-ml\/","url":"https:\/\/www.malinashop.lt\/en\/shop\/sinoz-kuno-sveitiklis-body-scrub-300-ml\/","name":"SINOZ k\u016bno \u0161veitiklis BODY SCRUB, 300 ml - MalinaShop.lt J\u016bs\u0173 sveikatai ir gro\u017eiui.","isPartOf":{"@id":"https:\/\/www.malinashop.lt\/#website"},"primaryImageOfPage":{"@id":"https:\/\/www.malinashop.lt\/en\/shop\/sinoz-kuno-sveitiklis-body-scrub-300-ml\/#primaryimage"},"image":{"@id":"https:\/\/www.malinashop.lt\/en\/shop\/sinoz-kuno-sveitiklis-body-scrub-300-ml\/#primaryimage"},"thumbnailUrl":"https:\/\/www.malinashop.lt\/wp-content\/uploads\/2025\/10\/SINOZ-kuno-sveitiklis-BODY-SCRUB-300-ml.webp","datePublished":"2025-10-20T10:28:19+00:00","dateModified":"2026-03-18T09:28:07+00:00","description":"SINOZ k\u016bno \u0161veitiklis \u0161velniai pa\u0161alina negyvas odos l\u0105steles, maitina aliejais ir suteikia odai \u0161velnumo bei gyvybingumo. SINOZ k\u016bno \u0161veitiklis su j\u016bros druska ir aliejais \u0161velniai pa\u0161alina negyvas l\u0105steles, maitina od\u0105 ir suteikia jai \u0161velnumo bei spindesio.","breadcrumb":{"@id":"https:\/\/www.malinashop.lt\/en\/shop\/sinoz-kuno-sveitiklis-body-scrub-300-ml\/#breadcrumb"},"inLanguage":"lt-LT","potentialAction":[{"@type":"ReadAction","target":["https:\/\/www.malinashop.lt\/en\/shop\/sinoz-kuno-sveitiklis-body-scrub-300-ml\/"]}]},{"@type":"ImageObject","inLanguage":"lt-LT","@id":"https:\/\/www.malinashop.lt\/en\/shop\/sinoz-kuno-sveitiklis-body-scrub-300-ml\/#primaryimage","url":"https:\/\/www.malinashop.lt\/wp-content\/uploads\/2025\/10\/SINOZ-kuno-sveitiklis-BODY-SCRUB-300-ml.webp","contentUrl":"https:\/\/www.malinashop.lt\/wp-content\/uploads\/2025\/10\/SINOZ-kuno-sveitiklis-BODY-SCRUB-300-ml.webp","width":768,"height":768},{"@type":"BreadcrumbList","@id":"https:\/\/www.malinashop.lt\/en\/shop\/sinoz-kuno-sveitiklis-body-scrub-300-ml\/#breadcrumb","itemListElement":[{"@type":"ListItem","position":1,"name":"Pagrindinis","item":"https:\/\/www.malinashop.lt\/"},{"@type":"ListItem","position":2,"name":"Parduotuv\u0117","item":"https:\/\/www.malinashop.lt\/en\/parduotuve\/"},{"@type":"ListItem","position":3,"name":"SINOZ k\u016bno \u0161veitiklis BODY SCRUB, 300 ml"}]},{"@type":"WebSite","@id":"https:\/\/www.malinashop.lt\/#website","url":"https:\/\/www.malinashop.lt\/","name":"COM Group Ecommerce","description":"MalinaShop.lt - Gro\u017eio ir sveikatos produktai i\u0161 patikim\u0173 preki\u0173 \u017eenkl\u0173. Atraskite auk\u0161tos kokyb\u0117s kosmetik\u0105 u\u017e puiki\u0105 kain\u0105.","publisher":{"@id":"https:\/\/www.malinashop.lt\/#organization"},"potentialAction":[{"@type":"SearchAction","target":{"@type":"EntryPoint","urlTemplate":"https:\/\/www.malinashop.lt\/?s={search_term_string}"},"query-input":{"@type":"PropertyValueSpecification","valueRequired":true,"valueName":"search_term_string"}}],"inLanguage":"lt-LT"},{"@type":"Organization","@id":"https:\/\/www.malinashop.lt\/#organization","name":"COM Group Ecommerce","url":"https:\/\/www.malinashop.lt\/","logo":{"@type":"ImageObject","inLanguage":"lt-LT","@id":"https:\/\/www.malinashop.lt\/#\/schema\/logo\/image\/","url":"https:\/\/www.malinashop.lt\/wp-content\/uploads\/2024\/08\/462559670_3787732518133670_9795632669273463_n-e1731525914575.png","contentUrl":"https:\/\/www.malinashop.lt\/wp-content\/uploads\/2024\/08\/462559670_3787732518133670_9795632669273463_n-e1731525914575.png","width":180,"height":60,"caption":"COM Group Ecommerce"},"image":{"@id":"https:\/\/www.malinashop.lt\/#\/schema\/logo\/image\/"}}]}},"jetpack_sharing_enabled":true,"_links":{"self":[{"href":"https:\/\/www.malinashop.lt\/lt_lt\/wp-json\/wp\/v2\/product\/58898","targetHints":{"allow":["GET"]}}],"collection":[{"href":"https:\/\/www.malinashop.lt\/lt_lt\/wp-json\/wp\/v2\/product"}],"about":[{"href":"https:\/\/www.malinashop.lt\/lt_lt\/wp-json\/wp\/v2\/types\/product"}],"version-history":[{"count":1,"href":"https:\/\/www.malinashop.lt\/lt_lt\/wp-json\/wp\/v2\/product\/58898\/revisions"}],"predecessor-version":[{"id":58900,"href":"https:\/\/www.malinashop.lt\/lt_lt\/wp-json\/wp\/v2\/product\/58898\/revisions\/58900"}],"wp:featuredmedia":[{"embeddable":true,"href":"https:\/\/www.malinashop.lt\/lt_lt\/wp-json\/wp\/v2\/media\/58899"}],"wp:attachment":[{"href":"https:\/\/www.malinashop.lt\/lt_lt\/wp-json\/wp\/v2\/media?parent=58898"}],"wp:term":[{"taxonomy":"product_brand","embeddable":true,"href":"https:\/\/www.malinashop.lt\/lt_lt\/wp-json\/wp\/v2\/product_brand?post=58898"},{"taxonomy":"product_cat","embeddable":true,"href":"https:\/\/www.malinashop.lt\/lt_lt\/wp-json\/wp\/v2\/product_cat?post=58898"},{"taxonomy":"product_tag","embeddable":true,"href":"https:\/\/www.malinashop.lt\/lt_lt\/wp-json\/wp\/v2\/product_tag?post=58898"}],"curies":[{"name":"wp","href":"https:\/\/api.w.org\/{rel}","templated":true}]}}