{"id":58885,"date":"2025-10-20T12:43:50","date_gmt":"2025-10-20T09:43:50","guid":{"rendered":"https:\/\/malinashop.lt\/?post_type=product&#038;p=58885"},"modified":"2026-03-18T12:28:08","modified_gmt":"2026-03-18T09:28:08","slug":"sinoz-drekinamasis-ranku-kremas-hydro-intensive-50-ml","status":"publish","type":"product","link":"https:\/\/www.malinashop.lt\/lt_lt\/shop\/sinoz-drekinamasis-ranku-kremas-hydro-intensive-50-ml\/","title":{"rendered":"SINOZ dr\u0117kinamasis rank\u0173 kremas HYDRO INTENSIVE, 50 ml"},"content":{"rendered":"<p data-start=\"550\" data-end=\"819\"><strong data-start=\"550\" data-end=\"601\">SINOZ dr\u0117kinamasis rank\u0173 kremas HYDRO INTENSIVE<\/strong> \u2013 tai intensyviai dr\u0117kinanti priemon\u0117, skirta apsaugoti rank\u0173 od\u0105 nuo sausumo, \u012ftr\u016bkim\u0173 ir diskomforto. \u0160is <strong data-start=\"710\" data-end=\"739\">dr\u0117kinamasis rank\u0173 kremas<\/strong> giliai maitina od\u0105, padeda atkurti jos elastingum\u0105 ir suteikia \u0161velnumo poj\u016bt\u012f.<\/p>\n<p data-start=\"821\" data-end=\"1036\">Lengva tekst\u016bra greitai \u012fsigeria, <strong data-start=\"855\" data-end=\"876\">nepalieka riebumo<\/strong>, tod\u0117l krem\u0105 patogu naudoti tiek dienos metu, tiek prie\u0161 mieg\u0105. Kremas padeda atkurti <strong data-start=\"963\" data-end=\"988\">nat\u016bral\u0173 odos barjer\u0105<\/strong>, sulaiko dr\u0117gm\u0119 ir suteikia ilgalaik\u012f komfort\u0105.<\/p>\n<p data-start=\"1038\" data-end=\"1083\"><strong data-start=\"1038\" data-end=\"1083\">SINOZ dr\u0117kinamojo rank\u0173 kremo privalumai:<\/strong><\/p>\n<ul data-start=\"1084\" data-end=\"1326\">\n<li data-start=\"1084\" data-end=\"1118\">\n<p data-start=\"1086\" data-end=\"1118\">Intensyviai dr\u0117kina ir maitina<\/p>\n<\/li>\n<li data-start=\"1119\" data-end=\"1158\">\n<p data-start=\"1121\" data-end=\"1158\">Apsaugo nuo i\u0161saus\u0117jimo ir \u012ftr\u016bkim\u0173<\/p>\n<\/li>\n<li data-start=\"1159\" data-end=\"1188\">\n<p data-start=\"1161\" data-end=\"1188\">Mink\u0161tina ir \u0161velnina od\u0105<\/p>\n<\/li>\n<li data-start=\"1189\" data-end=\"1228\">\n<p data-start=\"1191\" data-end=\"1228\">Greitai \u012fsigeria, nepalieka lipnumo<\/p>\n<\/li>\n<li data-start=\"1229\" data-end=\"1264\">\n<p data-start=\"1231\" data-end=\"1264\">Stiprina apsaugin\u012f odos barjer\u0105<\/p>\n<\/li>\n<li data-start=\"1265\" data-end=\"1296\">\n<p data-start=\"1267\" data-end=\"1296\">Tinka kasdieniam naudojimui<\/p>\n<\/li>\n<li data-start=\"1297\" data-end=\"1326\">\n<p data-start=\"1299\" data-end=\"1326\">Maloniai ir \u0161velniai kvepia<\/p>\n<\/li>\n<\/ul>\n<p data-start=\"1328\" data-end=\"1390\">Tinka vis\u0173 tip\u0173 odai, ypa\u010d sausai, pa\u017eeistai ar jautriai odai.<\/p>\n<p data-start=\"1392\" data-end=\"1528\"><strong data-start=\"1392\" data-end=\"1407\">Naudojimas:<\/strong><br data-start=\"1407\" data-end=\"1410\" \/>Tepkite krem\u0105 ant \u0161vari\u0173 rank\u0173 ir \u0161velniai \u012fmasa\u017euokite, kol susigers. Naudokite pagal poreik\u012f kelis kartus per dien\u0105.<\/p>\n<p data-start=\"1530\" data-end=\"1610\"><strong data-start=\"1530\" data-end=\"1555\">SINOZ HYDRO INTENSIVE<\/strong> \u2013 \u0161ilkin\u0117s, \u0161velnios ir sudr\u0117kintos rankos vis\u0105 dien\u0105.<\/p>\n","protected":false},"excerpt":{"rendered":"<p data-start=\"346\" data-end=\"465\">SINOZ dr\u0117kinamasis rank\u0173 kremas saugo od\u0105 nuo i\u0161saus\u0117jimo, intensyviai dr\u0117kina ir palieka rankas \u0161velnias bei mink\u0161tas.<\/p>\n","protected":false},"featured_media":58886,"template":"","meta":[],"product_brand":[1354],"product_cat":[731,540],"product_tag":[1619],"class_list":{"0":"post-58885","1":"product","2":"type-product","3":"status-publish","4":"has-post-thumbnail","6":"product_brand-sinoz","7":"product_cat-kunui","8":"product_cat-ranku-prieziura-muilai-ranku-kremai","9":"product_tag-sinoz","11":"first","12":"instock","13":"sale","14":"taxable","15":"shipping-taxable","16":"purchasable","17":"product-type-simple"},"yoast_head":"<!-- This site is optimized with the Yoast SEO plugin v27.4 - https:\/\/yoast.com\/product\/yoast-seo-wordpress\/ -->\n<title>SINOZ dr\u0117kinamasis rank\u0173 kremas HYDRO INTENSIVE, 50 ml - MalinaShop.lt J\u016bs\u0173 sveikatai ir gro\u017eiui.<\/title>\n<meta name=\"description\" content=\"SINOZ dr\u0117kinamasis rank\u0173 kremas saugo od\u0105 nuo i\u0161saus\u0117jimo, intensyviai dr\u0117kina ir palieka rankas \u0161velnias bei mink\u0161tas. SINOZ dr\u0117kinamasis rank\u0173 kremas atkuria saus\u0105 od\u0105, suteikia \u0161velnumo ir ilgalaik\u0119 apsaug\u0105 nuo \u012ftr\u016bkim\u0173 bei tempimo poj\u016b\u010dio.\" \/>\n<meta name=\"robots\" content=\"index, follow, max-snippet:-1, max-image-preview:large, max-video-preview:-1\" \/>\n<link rel=\"canonical\" href=\"https:\/\/www.malinashop.lt\/lt_lt\/shop\/sinoz-drekinamasis-ranku-kremas-hydro-intensive-50-ml\/\" \/>\n<meta property=\"og:locale\" content=\"lt_LT\" \/>\n<meta property=\"og:type\" content=\"article\" \/>\n<meta property=\"og:title\" content=\"SINOZ dr\u0117kinamasis rank\u0173 kremas HYDRO INTENSIVE, 50 ml - MalinaShop.lt J\u016bs\u0173 sveikatai ir gro\u017eiui.\" \/>\n<meta property=\"og:description\" content=\"SINOZ dr\u0117kinamasis rank\u0173 kremas saugo od\u0105 nuo i\u0161saus\u0117jimo, intensyviai dr\u0117kina ir palieka rankas \u0161velnias bei mink\u0161tas. SINOZ dr\u0117kinamasis rank\u0173 kremas atkuria saus\u0105 od\u0105, suteikia \u0161velnumo ir ilgalaik\u0119 apsaug\u0105 nuo \u012ftr\u016bkim\u0173 bei tempimo poj\u016b\u010dio.\" \/>\n<meta property=\"og:url\" content=\"https:\/\/www.malinashop.lt\/lt_lt\/shop\/sinoz-drekinamasis-ranku-kremas-hydro-intensive-50-ml\/\" \/>\n<meta property=\"og:site_name\" content=\"MalinaShop.lt J\u016bs\u0173 sveikatai ir gro\u017eiui.\" \/>\n<meta property=\"article:modified_time\" content=\"2026-03-18T09:28:08+00:00\" \/>\n<meta property=\"og:image\" content=\"https:\/\/www.malinashop.lt\/wp-content\/uploads\/2025\/10\/SINOZ-drekinamasis-ranku-kremas-HYDRO-INTENSIVE-50-ml.webp\" \/>\n\t<meta property=\"og:image:width\" content=\"768\" \/>\n\t<meta property=\"og:image:height\" content=\"768\" \/>\n\t<meta property=\"og:image:type\" content=\"image\/webp\" \/>\n<meta name=\"twitter:card\" content=\"summary_large_image\" \/>\n<script type=\"application\/ld+json\" class=\"yoast-schema-graph\">{\"@context\":\"https:\\\/\\\/schema.org\",\"@graph\":[{\"@type\":\"WebPage\",\"@id\":\"https:\\\/\\\/www.malinashop.lt\\\/lt_lt\\\/shop\\\/sinoz-drekinamasis-ranku-kremas-hydro-intensive-50-ml\\\/\",\"url\":\"https:\\\/\\\/www.malinashop.lt\\\/lt_lt\\\/shop\\\/sinoz-drekinamasis-ranku-kremas-hydro-intensive-50-ml\\\/\",\"name\":\"SINOZ dr\u0117kinamasis rank\u0173 kremas HYDRO INTENSIVE, 50 ml - MalinaShop.lt J\u016bs\u0173 sveikatai ir gro\u017eiui.\",\"isPartOf\":{\"@id\":\"https:\\\/\\\/www.malinashop.lt\\\/en\\\/#website\"},\"primaryImageOfPage\":{\"@id\":\"https:\\\/\\\/www.malinashop.lt\\\/lt_lt\\\/shop\\\/sinoz-drekinamasis-ranku-kremas-hydro-intensive-50-ml\\\/#primaryimage\"},\"image\":{\"@id\":\"https:\\\/\\\/www.malinashop.lt\\\/lt_lt\\\/shop\\\/sinoz-drekinamasis-ranku-kremas-hydro-intensive-50-ml\\\/#primaryimage\"},\"thumbnailUrl\":\"https:\\\/\\\/www.malinashop.lt\\\/wp-content\\\/uploads\\\/2025\\\/10\\\/SINOZ-drekinamasis-ranku-kremas-HYDRO-INTENSIVE-50-ml.webp\",\"datePublished\":\"2025-10-20T09:43:50+00:00\",\"dateModified\":\"2026-03-18T09:28:08+00:00\",\"description\":\"SINOZ dr\u0117kinamasis rank\u0173 kremas saugo od\u0105 nuo i\u0161saus\u0117jimo, intensyviai dr\u0117kina ir palieka rankas \u0161velnias bei mink\u0161tas. SINOZ dr\u0117kinamasis rank\u0173 kremas atkuria saus\u0105 od\u0105, suteikia \u0161velnumo ir ilgalaik\u0119 apsaug\u0105 nuo \u012ftr\u016bkim\u0173 bei tempimo poj\u016b\u010dio.\",\"breadcrumb\":{\"@id\":\"https:\\\/\\\/www.malinashop.lt\\\/lt_lt\\\/shop\\\/sinoz-drekinamasis-ranku-kremas-hydro-intensive-50-ml\\\/#breadcrumb\"},\"inLanguage\":\"lt-LT\",\"potentialAction\":[{\"@type\":\"ReadAction\",\"target\":[\"https:\\\/\\\/www.malinashop.lt\\\/lt_lt\\\/shop\\\/sinoz-drekinamasis-ranku-kremas-hydro-intensive-50-ml\\\/\"]}]},{\"@type\":\"ImageObject\",\"inLanguage\":\"lt-LT\",\"@id\":\"https:\\\/\\\/www.malinashop.lt\\\/lt_lt\\\/shop\\\/sinoz-drekinamasis-ranku-kremas-hydro-intensive-50-ml\\\/#primaryimage\",\"url\":\"https:\\\/\\\/www.malinashop.lt\\\/wp-content\\\/uploads\\\/2025\\\/10\\\/SINOZ-drekinamasis-ranku-kremas-HYDRO-INTENSIVE-50-ml.webp\",\"contentUrl\":\"https:\\\/\\\/www.malinashop.lt\\\/wp-content\\\/uploads\\\/2025\\\/10\\\/SINOZ-drekinamasis-ranku-kremas-HYDRO-INTENSIVE-50-ml.webp\",\"width\":768,\"height\":768},{\"@type\":\"BreadcrumbList\",\"@id\":\"https:\\\/\\\/www.malinashop.lt\\\/lt_lt\\\/shop\\\/sinoz-drekinamasis-ranku-kremas-hydro-intensive-50-ml\\\/#breadcrumb\",\"itemListElement\":[{\"@type\":\"ListItem\",\"position\":1,\"name\":\"Home\",\"item\":\"https:\\\/\\\/www.malinashop.lt\\\/en\\\/\"},{\"@type\":\"ListItem\",\"position\":2,\"name\":\"Parduotuv\u0117\",\"item\":\"https:\\\/\\\/www.malinashop.lt\\\/en\\\/parduotuve\\\/\"},{\"@type\":\"ListItem\",\"position\":3,\"name\":\"SINOZ dr\u0117kinamasis rank\u0173 kremas HYDRO INTENSIVE, 50 ml\"}]},{\"@type\":\"WebSite\",\"@id\":\"https:\\\/\\\/www.malinashop.lt\\\/en\\\/#website\",\"url\":\"https:\\\/\\\/www.malinashop.lt\\\/en\\\/\",\"name\":\"COM Group Ecommerce\",\"description\":\"MalinaShop.lt - Gro\u017eio ir sveikatos produktai i\u0161 patikim\u0173 preki\u0173 \u017eenkl\u0173. Atraskite auk\u0161tos kokyb\u0117s kosmetik\u0105 u\u017e puiki\u0105 kain\u0105.\",\"publisher\":{\"@id\":\"https:\\\/\\\/www.malinashop.lt\\\/en\\\/#organization\"},\"potentialAction\":[{\"@type\":\"SearchAction\",\"target\":{\"@type\":\"EntryPoint\",\"urlTemplate\":\"https:\\\/\\\/www.malinashop.lt\\\/en\\\/?s={search_term_string}\"},\"query-input\":{\"@type\":\"PropertyValueSpecification\",\"valueRequired\":true,\"valueName\":\"search_term_string\"}}],\"inLanguage\":\"lt-LT\"},{\"@type\":\"Organization\",\"@id\":\"https:\\\/\\\/www.malinashop.lt\\\/en\\\/#organization\",\"name\":\"COM Group Ecommerce\",\"url\":\"https:\\\/\\\/www.malinashop.lt\\\/en\\\/\",\"logo\":{\"@type\":\"ImageObject\",\"inLanguage\":\"lt-LT\",\"@id\":\"https:\\\/\\\/www.malinashop.lt\\\/en\\\/#\\\/schema\\\/logo\\\/image\\\/\",\"url\":\"https:\\\/\\\/www.malinashop.lt\\\/wp-content\\\/uploads\\\/2024\\\/08\\\/462559670_3787732518133670_9795632669273463_n-e1731525914575.png\",\"contentUrl\":\"https:\\\/\\\/www.malinashop.lt\\\/wp-content\\\/uploads\\\/2024\\\/08\\\/462559670_3787732518133670_9795632669273463_n-e1731525914575.png\",\"width\":180,\"height\":60,\"caption\":\"COM Group Ecommerce\"},\"image\":{\"@id\":\"https:\\\/\\\/www.malinashop.lt\\\/en\\\/#\\\/schema\\\/logo\\\/image\\\/\"}}]}<\/script>\n<!-- \/ Yoast SEO plugin. -->","yoast_head_json":{"title":"SINOZ dr\u0117kinamasis rank\u0173 kremas HYDRO INTENSIVE, 50 ml - MalinaShop.lt J\u016bs\u0173 sveikatai ir gro\u017eiui.","description":"SINOZ dr\u0117kinamasis rank\u0173 kremas saugo od\u0105 nuo i\u0161saus\u0117jimo, intensyviai dr\u0117kina ir palieka rankas \u0161velnias bei mink\u0161tas. SINOZ dr\u0117kinamasis rank\u0173 kremas atkuria saus\u0105 od\u0105, suteikia \u0161velnumo ir ilgalaik\u0119 apsaug\u0105 nuo \u012ftr\u016bkim\u0173 bei tempimo poj\u016b\u010dio.","robots":{"index":"index","follow":"follow","max-snippet":"max-snippet:-1","max-image-preview":"max-image-preview:large","max-video-preview":"max-video-preview:-1"},"canonical":"https:\/\/www.malinashop.lt\/lt_lt\/shop\/sinoz-drekinamasis-ranku-kremas-hydro-intensive-50-ml\/","og_locale":"lt_LT","og_type":"article","og_title":"SINOZ dr\u0117kinamasis rank\u0173 kremas HYDRO INTENSIVE, 50 ml - MalinaShop.lt J\u016bs\u0173 sveikatai ir gro\u017eiui.","og_description":"SINOZ dr\u0117kinamasis rank\u0173 kremas saugo od\u0105 nuo i\u0161saus\u0117jimo, intensyviai dr\u0117kina ir palieka rankas \u0161velnias bei mink\u0161tas. SINOZ dr\u0117kinamasis rank\u0173 kremas atkuria saus\u0105 od\u0105, suteikia \u0161velnumo ir ilgalaik\u0119 apsaug\u0105 nuo \u012ftr\u016bkim\u0173 bei tempimo poj\u016b\u010dio.","og_url":"https:\/\/www.malinashop.lt\/lt_lt\/shop\/sinoz-drekinamasis-ranku-kremas-hydro-intensive-50-ml\/","og_site_name":"MalinaShop.lt J\u016bs\u0173 sveikatai ir gro\u017eiui.","article_modified_time":"2026-03-18T09:28:08+00:00","og_image":[{"width":768,"height":768,"url":"https:\/\/www.malinashop.lt\/wp-content\/uploads\/2025\/10\/SINOZ-drekinamasis-ranku-kremas-HYDRO-INTENSIVE-50-ml.webp","type":"image\/webp"}],"twitter_card":"summary_large_image","schema":{"@context":"https:\/\/schema.org","@graph":[{"@type":"WebPage","@id":"https:\/\/www.malinashop.lt\/lt_lt\/shop\/sinoz-drekinamasis-ranku-kremas-hydro-intensive-50-ml\/","url":"https:\/\/www.malinashop.lt\/lt_lt\/shop\/sinoz-drekinamasis-ranku-kremas-hydro-intensive-50-ml\/","name":"SINOZ dr\u0117kinamasis rank\u0173 kremas HYDRO INTENSIVE, 50 ml - MalinaShop.lt J\u016bs\u0173 sveikatai ir gro\u017eiui.","isPartOf":{"@id":"https:\/\/www.malinashop.lt\/en\/#website"},"primaryImageOfPage":{"@id":"https:\/\/www.malinashop.lt\/lt_lt\/shop\/sinoz-drekinamasis-ranku-kremas-hydro-intensive-50-ml\/#primaryimage"},"image":{"@id":"https:\/\/www.malinashop.lt\/lt_lt\/shop\/sinoz-drekinamasis-ranku-kremas-hydro-intensive-50-ml\/#primaryimage"},"thumbnailUrl":"https:\/\/www.malinashop.lt\/wp-content\/uploads\/2025\/10\/SINOZ-drekinamasis-ranku-kremas-HYDRO-INTENSIVE-50-ml.webp","datePublished":"2025-10-20T09:43:50+00:00","dateModified":"2026-03-18T09:28:08+00:00","description":"SINOZ dr\u0117kinamasis rank\u0173 kremas saugo od\u0105 nuo i\u0161saus\u0117jimo, intensyviai dr\u0117kina ir palieka rankas \u0161velnias bei mink\u0161tas. SINOZ dr\u0117kinamasis rank\u0173 kremas atkuria saus\u0105 od\u0105, suteikia \u0161velnumo ir ilgalaik\u0119 apsaug\u0105 nuo \u012ftr\u016bkim\u0173 bei tempimo poj\u016b\u010dio.","breadcrumb":{"@id":"https:\/\/www.malinashop.lt\/lt_lt\/shop\/sinoz-drekinamasis-ranku-kremas-hydro-intensive-50-ml\/#breadcrumb"},"inLanguage":"lt-LT","potentialAction":[{"@type":"ReadAction","target":["https:\/\/www.malinashop.lt\/lt_lt\/shop\/sinoz-drekinamasis-ranku-kremas-hydro-intensive-50-ml\/"]}]},{"@type":"ImageObject","inLanguage":"lt-LT","@id":"https:\/\/www.malinashop.lt\/lt_lt\/shop\/sinoz-drekinamasis-ranku-kremas-hydro-intensive-50-ml\/#primaryimage","url":"https:\/\/www.malinashop.lt\/wp-content\/uploads\/2025\/10\/SINOZ-drekinamasis-ranku-kremas-HYDRO-INTENSIVE-50-ml.webp","contentUrl":"https:\/\/www.malinashop.lt\/wp-content\/uploads\/2025\/10\/SINOZ-drekinamasis-ranku-kremas-HYDRO-INTENSIVE-50-ml.webp","width":768,"height":768},{"@type":"BreadcrumbList","@id":"https:\/\/www.malinashop.lt\/lt_lt\/shop\/sinoz-drekinamasis-ranku-kremas-hydro-intensive-50-ml\/#breadcrumb","itemListElement":[{"@type":"ListItem","position":1,"name":"Home","item":"https:\/\/www.malinashop.lt\/en\/"},{"@type":"ListItem","position":2,"name":"Parduotuv\u0117","item":"https:\/\/www.malinashop.lt\/en\/parduotuve\/"},{"@type":"ListItem","position":3,"name":"SINOZ dr\u0117kinamasis rank\u0173 kremas HYDRO INTENSIVE, 50 ml"}]},{"@type":"WebSite","@id":"https:\/\/www.malinashop.lt\/en\/#website","url":"https:\/\/www.malinashop.lt\/en\/","name":"COM Group Ecommerce","description":"MalinaShop.lt - Gro\u017eio ir sveikatos produktai i\u0161 patikim\u0173 preki\u0173 \u017eenkl\u0173. Atraskite auk\u0161tos kokyb\u0117s kosmetik\u0105 u\u017e puiki\u0105 kain\u0105.","publisher":{"@id":"https:\/\/www.malinashop.lt\/en\/#organization"},"potentialAction":[{"@type":"SearchAction","target":{"@type":"EntryPoint","urlTemplate":"https:\/\/www.malinashop.lt\/en\/?s={search_term_string}"},"query-input":{"@type":"PropertyValueSpecification","valueRequired":true,"valueName":"search_term_string"}}],"inLanguage":"lt-LT"},{"@type":"Organization","@id":"https:\/\/www.malinashop.lt\/en\/#organization","name":"COM Group Ecommerce","url":"https:\/\/www.malinashop.lt\/en\/","logo":{"@type":"ImageObject","inLanguage":"lt-LT","@id":"https:\/\/www.malinashop.lt\/en\/#\/schema\/logo\/image\/","url":"https:\/\/www.malinashop.lt\/wp-content\/uploads\/2024\/08\/462559670_3787732518133670_9795632669273463_n-e1731525914575.png","contentUrl":"https:\/\/www.malinashop.lt\/wp-content\/uploads\/2024\/08\/462559670_3787732518133670_9795632669273463_n-e1731525914575.png","width":180,"height":60,"caption":"COM Group Ecommerce"},"image":{"@id":"https:\/\/www.malinashop.lt\/en\/#\/schema\/logo\/image\/"}}]}},"jetpack_sharing_enabled":true,"_links":{"self":[{"href":"https:\/\/www.malinashop.lt\/lt_lt\/wp-json\/wp\/v2\/product\/58885","targetHints":{"allow":["GET"]}}],"collection":[{"href":"https:\/\/www.malinashop.lt\/lt_lt\/wp-json\/wp\/v2\/product"}],"about":[{"href":"https:\/\/www.malinashop.lt\/lt_lt\/wp-json\/wp\/v2\/types\/product"}],"version-history":[{"count":1,"href":"https:\/\/www.malinashop.lt\/lt_lt\/wp-json\/wp\/v2\/product\/58885\/revisions"}],"predecessor-version":[{"id":58887,"href":"https:\/\/www.malinashop.lt\/lt_lt\/wp-json\/wp\/v2\/product\/58885\/revisions\/58887"}],"wp:featuredmedia":[{"embeddable":true,"href":"https:\/\/www.malinashop.lt\/lt_lt\/wp-json\/wp\/v2\/media\/58886"}],"wp:attachment":[{"href":"https:\/\/www.malinashop.lt\/lt_lt\/wp-json\/wp\/v2\/media?parent=58885"}],"wp:term":[{"taxonomy":"product_brand","embeddable":true,"href":"https:\/\/www.malinashop.lt\/lt_lt\/wp-json\/wp\/v2\/product_brand?post=58885"},{"taxonomy":"product_cat","embeddable":true,"href":"https:\/\/www.malinashop.lt\/lt_lt\/wp-json\/wp\/v2\/product_cat?post=58885"},{"taxonomy":"product_tag","embeddable":true,"href":"https:\/\/www.malinashop.lt\/lt_lt\/wp-json\/wp\/v2\/product_tag?post=58885"}],"curies":[{"name":"wp","href":"https:\/\/api.w.org\/{rel}","templated":true}]}}