{"id":58881,"date":"2025-09-20T12:40:03","date_gmt":"2025-09-20T09:40:03","guid":{"rendered":"https:\/\/malinashop.lt\/?post_type=product&#038;p=58881"},"modified":"2026-03-18T12:28:17","modified_gmt":"2026-03-18T09:28:17","slug":"sinoz-hammam-duso-gelis-hammam-ritual-400-ml","status":"publish","type":"product","link":"https:\/\/www.malinashop.lt\/lt_lt\/shop\/sinoz-hammam-duso-gelis-hammam-ritual-400-ml\/","title":{"rendered":"SINOZ hammam du\u0161o gelis HAMMAM RITUAL, 400 ml"},"content":{"rendered":"<p data-start=\"397\" data-end=\"680\"><strong data-start=\"397\" data-end=\"438\">SINOZ hammam du\u0161o gelis HAMMAM RITUAL<\/strong> \u2013 tai gaivus ir aromatingas du\u0161o gelis, \u012fkv\u0117ptas tradicinio rytieti\u0161ko hammam ritualo. \u0160is <strong data-start=\"530\" data-end=\"551\">hammam du\u0161o gelis<\/strong> \u0161velniai valo od\u0105, padeda pa\u0161alinti ne\u0161varumus, o tuo pa\u010diu dr\u0117kina ir mink\u0161tina od\u0105, i\u0161laikydamas jos nat\u016bral\u0173 dr\u0117gm\u0117s balans\u0105.<\/p>\n<p data-start=\"682\" data-end=\"857\">Ilgai i\u0161liekantis kvapas sukuria SPA atmosfer\u0105 du\u0161e ir suteikia atpalaiduojant\u012f poj\u016bt\u012f. Formul\u0117 \u0161velni odai, tod\u0117l tinka kasdieniam naudojimui ir vis\u0173 tip\u0173 odai, net jautriai.<\/p>\n<p data-start=\"859\" data-end=\"887\"><strong data-start=\"859\" data-end=\"887\">Pagrindiniai privalumai:<\/strong><\/p>\n<ul data-start=\"888\" data-end=\"1086\">\n<li data-start=\"888\" data-end=\"924\">\n<p data-start=\"890\" data-end=\"924\">\u0160velniai ir veiksmingai valo od\u0105<\/p>\n<\/li>\n<li data-start=\"925\" data-end=\"964\">\n<p data-start=\"927\" data-end=\"964\">Dr\u0117kina ir neleid\u017eia odai i\u0161saus\u0117ti<\/p>\n<\/li>\n<li data-start=\"965\" data-end=\"996\">\n<p data-start=\"967\" data-end=\"996\">\u012ekv\u0117ptas hammam SPA ritual\u0173<\/p>\n<\/li>\n<li data-start=\"997\" data-end=\"1027\">\n<p data-start=\"999\" data-end=\"1027\">Ilgai i\u0161liekantis aromatas<\/p>\n<\/li>\n<li data-start=\"1028\" data-end=\"1056\">\n<p data-start=\"1030\" data-end=\"1056\">Mink\u0161tina ir gaivina od\u0105<\/p>\n<\/li>\n<li data-start=\"1057\" data-end=\"1086\">\n<p data-start=\"1059\" data-end=\"1086\">Tinka kasdieniam naudojimui<\/p>\n<\/li>\n<\/ul>\n<p data-start=\"1088\" data-end=\"1250\"><strong data-start=\"1088\" data-end=\"1103\">Naudojimas:<\/strong><br data-start=\"1103\" data-end=\"1106\" \/>U\u017etepkite norim\u0105 du\u0161o gelio kiek\u012f ant dr\u0117gnos odos, masa\u017euokite sukamaisiais judesiais, kol suputos, tuomet nuskalaukite dideliu kiekiu vandens.<\/p>\n<p data-start=\"1252\" data-end=\"1345\"><strong data-start=\"1252\" data-end=\"1275\">SINOZ HAMMAM RITUAL<\/strong> \u2013 prabangus aromatas ir \u0161velni odos prie\u017ei\u016bra su SPA poj\u016b\u010diu kasdien.<\/p>\n","protected":false},"excerpt":{"rendered":"<p data-start=\"227\" data-end=\"325\">SINOZ hammam du\u0161o gelis \u0161velniai valo, dr\u0117kina od\u0105 ir palieka ilgai i\u0161liekant\u012f rytieti\u0161k\u0105 aromat\u0105.<\/p>\n","protected":false},"featured_media":58882,"template":"","meta":[],"product_brand":[1354],"product_cat":[538,731],"product_tag":[1619],"class_list":{"0":"post-58881","1":"product","2":"type-product","3":"status-publish","4":"has-post-thumbnail","6":"product_brand-sinoz","7":"product_cat-kuno-prausikliai-duso-geliai","8":"product_cat-kunui","9":"product_tag-sinoz","11":"first","12":"outofstock","13":"sale","14":"taxable","15":"shipping-taxable","16":"purchasable","17":"product-type-simple"},"yoast_head":"<!-- This site is optimized with the Yoast SEO plugin v27.4 - https:\/\/yoast.com\/product\/yoast-seo-wordpress\/ -->\n<title>SINOZ hammam du\u0161o gelis HAMMAM RITUAL, 400 ml - MalinaShop.lt J\u016bs\u0173 sveikatai ir gro\u017eiui.<\/title>\n<meta name=\"description\" content=\"SINOZ hammam du\u0161o gelis \u0161velniai valo, dr\u0117kina od\u0105 ir palieka ilgai i\u0161liekant\u012f rytieti\u0161k\u0105 aromat\u0105.SINOZ hammam du\u0161o gelis \u0161velniai valo ir dr\u0117kina od\u0105, palikdamas ilgai i\u0161liekant\u012f rytieti\u0161k\u0105 kvap\u0105 kasdieniam naudojimui.\" \/>\n<meta name=\"robots\" content=\"index, follow, max-snippet:-1, max-image-preview:large, max-video-preview:-1\" \/>\n<link rel=\"canonical\" href=\"https:\/\/www.malinashop.lt\/lt_lt\/shop\/sinoz-hammam-duso-gelis-hammam-ritual-400-ml\/\" \/>\n<meta property=\"og:locale\" content=\"lt_LT\" \/>\n<meta property=\"og:type\" content=\"article\" \/>\n<meta property=\"og:title\" content=\"SINOZ hammam du\u0161o gelis HAMMAM RITUAL, 400 ml - MalinaShop.lt J\u016bs\u0173 sveikatai ir gro\u017eiui.\" \/>\n<meta property=\"og:description\" content=\"SINOZ hammam du\u0161o gelis \u0161velniai valo, dr\u0117kina od\u0105 ir palieka ilgai i\u0161liekant\u012f rytieti\u0161k\u0105 aromat\u0105.SINOZ hammam du\u0161o gelis \u0161velniai valo ir dr\u0117kina od\u0105, palikdamas ilgai i\u0161liekant\u012f rytieti\u0161k\u0105 kvap\u0105 kasdieniam naudojimui.\" \/>\n<meta property=\"og:url\" content=\"https:\/\/www.malinashop.lt\/lt_lt\/shop\/sinoz-hammam-duso-gelis-hammam-ritual-400-ml\/\" \/>\n<meta property=\"og:site_name\" content=\"MalinaShop.lt J\u016bs\u0173 sveikatai ir gro\u017eiui.\" \/>\n<meta property=\"article:modified_time\" content=\"2026-03-18T09:28:17+00:00\" \/>\n<meta property=\"og:image\" content=\"https:\/\/www.malinashop.lt\/wp-content\/uploads\/2025\/10\/SINOZ-hammam-duso-gelis-HAMMAM-RITUAL-400-ml.webp\" \/>\n\t<meta property=\"og:image:width\" content=\"768\" \/>\n\t<meta property=\"og:image:height\" content=\"768\" \/>\n\t<meta property=\"og:image:type\" content=\"image\/webp\" \/>\n<meta name=\"twitter:card\" content=\"summary_large_image\" \/>\n<script type=\"application\/ld+json\" class=\"yoast-schema-graph\">{\"@context\":\"https:\\\/\\\/schema.org\",\"@graph\":[{\"@type\":\"WebPage\",\"@id\":\"https:\\\/\\\/www.malinashop.lt\\\/lt_lt\\\/shop\\\/sinoz-hammam-duso-gelis-hammam-ritual-400-ml\\\/\",\"url\":\"https:\\\/\\\/www.malinashop.lt\\\/lt_lt\\\/shop\\\/sinoz-hammam-duso-gelis-hammam-ritual-400-ml\\\/\",\"name\":\"SINOZ hammam du\u0161o gelis HAMMAM RITUAL, 400 ml - MalinaShop.lt J\u016bs\u0173 sveikatai ir gro\u017eiui.\",\"isPartOf\":{\"@id\":\"https:\\\/\\\/www.malinashop.lt\\\/en\\\/#website\"},\"primaryImageOfPage\":{\"@id\":\"https:\\\/\\\/www.malinashop.lt\\\/lt_lt\\\/shop\\\/sinoz-hammam-duso-gelis-hammam-ritual-400-ml\\\/#primaryimage\"},\"image\":{\"@id\":\"https:\\\/\\\/www.malinashop.lt\\\/lt_lt\\\/shop\\\/sinoz-hammam-duso-gelis-hammam-ritual-400-ml\\\/#primaryimage\"},\"thumbnailUrl\":\"https:\\\/\\\/www.malinashop.lt\\\/wp-content\\\/uploads\\\/2025\\\/10\\\/SINOZ-hammam-duso-gelis-HAMMAM-RITUAL-400-ml.webp\",\"datePublished\":\"2025-09-20T09:40:03+00:00\",\"dateModified\":\"2026-03-18T09:28:17+00:00\",\"description\":\"SINOZ hammam du\u0161o gelis \u0161velniai valo, dr\u0117kina od\u0105 ir palieka ilgai i\u0161liekant\u012f rytieti\u0161k\u0105 aromat\u0105.SINOZ hammam du\u0161o gelis \u0161velniai valo ir dr\u0117kina od\u0105, palikdamas ilgai i\u0161liekant\u012f rytieti\u0161k\u0105 kvap\u0105 kasdieniam naudojimui.\",\"breadcrumb\":{\"@id\":\"https:\\\/\\\/www.malinashop.lt\\\/lt_lt\\\/shop\\\/sinoz-hammam-duso-gelis-hammam-ritual-400-ml\\\/#breadcrumb\"},\"inLanguage\":\"lt-LT\",\"potentialAction\":[{\"@type\":\"ReadAction\",\"target\":[\"https:\\\/\\\/www.malinashop.lt\\\/lt_lt\\\/shop\\\/sinoz-hammam-duso-gelis-hammam-ritual-400-ml\\\/\"]}]},{\"@type\":\"ImageObject\",\"inLanguage\":\"lt-LT\",\"@id\":\"https:\\\/\\\/www.malinashop.lt\\\/lt_lt\\\/shop\\\/sinoz-hammam-duso-gelis-hammam-ritual-400-ml\\\/#primaryimage\",\"url\":\"https:\\\/\\\/www.malinashop.lt\\\/wp-content\\\/uploads\\\/2025\\\/10\\\/SINOZ-hammam-duso-gelis-HAMMAM-RITUAL-400-ml.webp\",\"contentUrl\":\"https:\\\/\\\/www.malinashop.lt\\\/wp-content\\\/uploads\\\/2025\\\/10\\\/SINOZ-hammam-duso-gelis-HAMMAM-RITUAL-400-ml.webp\",\"width\":768,\"height\":768},{\"@type\":\"BreadcrumbList\",\"@id\":\"https:\\\/\\\/www.malinashop.lt\\\/lt_lt\\\/shop\\\/sinoz-hammam-duso-gelis-hammam-ritual-400-ml\\\/#breadcrumb\",\"itemListElement\":[{\"@type\":\"ListItem\",\"position\":1,\"name\":\"Home\",\"item\":\"https:\\\/\\\/www.malinashop.lt\\\/en\\\/\"},{\"@type\":\"ListItem\",\"position\":2,\"name\":\"Parduotuv\u0117\",\"item\":\"https:\\\/\\\/www.malinashop.lt\\\/en\\\/parduotuve\\\/\"},{\"@type\":\"ListItem\",\"position\":3,\"name\":\"SINOZ hammam du\u0161o gelis HAMMAM RITUAL, 400 ml\"}]},{\"@type\":\"WebSite\",\"@id\":\"https:\\\/\\\/www.malinashop.lt\\\/en\\\/#website\",\"url\":\"https:\\\/\\\/www.malinashop.lt\\\/en\\\/\",\"name\":\"COM Group Ecommerce\",\"description\":\"MalinaShop.lt - Gro\u017eio ir sveikatos produktai i\u0161 patikim\u0173 preki\u0173 \u017eenkl\u0173. Atraskite auk\u0161tos kokyb\u0117s kosmetik\u0105 u\u017e puiki\u0105 kain\u0105.\",\"publisher\":{\"@id\":\"https:\\\/\\\/www.malinashop.lt\\\/en\\\/#organization\"},\"potentialAction\":[{\"@type\":\"SearchAction\",\"target\":{\"@type\":\"EntryPoint\",\"urlTemplate\":\"https:\\\/\\\/www.malinashop.lt\\\/en\\\/?s={search_term_string}\"},\"query-input\":{\"@type\":\"PropertyValueSpecification\",\"valueRequired\":true,\"valueName\":\"search_term_string\"}}],\"inLanguage\":\"lt-LT\"},{\"@type\":\"Organization\",\"@id\":\"https:\\\/\\\/www.malinashop.lt\\\/en\\\/#organization\",\"name\":\"COM Group Ecommerce\",\"url\":\"https:\\\/\\\/www.malinashop.lt\\\/en\\\/\",\"logo\":{\"@type\":\"ImageObject\",\"inLanguage\":\"lt-LT\",\"@id\":\"https:\\\/\\\/www.malinashop.lt\\\/en\\\/#\\\/schema\\\/logo\\\/image\\\/\",\"url\":\"https:\\\/\\\/www.malinashop.lt\\\/wp-content\\\/uploads\\\/2024\\\/08\\\/462559670_3787732518133670_9795632669273463_n-e1731525914575.png\",\"contentUrl\":\"https:\\\/\\\/www.malinashop.lt\\\/wp-content\\\/uploads\\\/2024\\\/08\\\/462559670_3787732518133670_9795632669273463_n-e1731525914575.png\",\"width\":180,\"height\":60,\"caption\":\"COM Group Ecommerce\"},\"image\":{\"@id\":\"https:\\\/\\\/www.malinashop.lt\\\/en\\\/#\\\/schema\\\/logo\\\/image\\\/\"}}]}<\/script>\n<!-- \/ Yoast SEO plugin. -->","yoast_head_json":{"title":"SINOZ hammam du\u0161o gelis HAMMAM RITUAL, 400 ml - MalinaShop.lt J\u016bs\u0173 sveikatai ir gro\u017eiui.","description":"SINOZ hammam du\u0161o gelis \u0161velniai valo, dr\u0117kina od\u0105 ir palieka ilgai i\u0161liekant\u012f rytieti\u0161k\u0105 aromat\u0105.SINOZ hammam du\u0161o gelis \u0161velniai valo ir dr\u0117kina od\u0105, palikdamas ilgai i\u0161liekant\u012f rytieti\u0161k\u0105 kvap\u0105 kasdieniam naudojimui.","robots":{"index":"index","follow":"follow","max-snippet":"max-snippet:-1","max-image-preview":"max-image-preview:large","max-video-preview":"max-video-preview:-1"},"canonical":"https:\/\/www.malinashop.lt\/lt_lt\/shop\/sinoz-hammam-duso-gelis-hammam-ritual-400-ml\/","og_locale":"lt_LT","og_type":"article","og_title":"SINOZ hammam du\u0161o gelis HAMMAM RITUAL, 400 ml - MalinaShop.lt J\u016bs\u0173 sveikatai ir gro\u017eiui.","og_description":"SINOZ hammam du\u0161o gelis \u0161velniai valo, dr\u0117kina od\u0105 ir palieka ilgai i\u0161liekant\u012f rytieti\u0161k\u0105 aromat\u0105.SINOZ hammam du\u0161o gelis \u0161velniai valo ir dr\u0117kina od\u0105, palikdamas ilgai i\u0161liekant\u012f rytieti\u0161k\u0105 kvap\u0105 kasdieniam naudojimui.","og_url":"https:\/\/www.malinashop.lt\/lt_lt\/shop\/sinoz-hammam-duso-gelis-hammam-ritual-400-ml\/","og_site_name":"MalinaShop.lt J\u016bs\u0173 sveikatai ir gro\u017eiui.","article_modified_time":"2026-03-18T09:28:17+00:00","og_image":[{"width":768,"height":768,"url":"https:\/\/www.malinashop.lt\/wp-content\/uploads\/2025\/10\/SINOZ-hammam-duso-gelis-HAMMAM-RITUAL-400-ml.webp","type":"image\/webp"}],"twitter_card":"summary_large_image","schema":{"@context":"https:\/\/schema.org","@graph":[{"@type":"WebPage","@id":"https:\/\/www.malinashop.lt\/lt_lt\/shop\/sinoz-hammam-duso-gelis-hammam-ritual-400-ml\/","url":"https:\/\/www.malinashop.lt\/lt_lt\/shop\/sinoz-hammam-duso-gelis-hammam-ritual-400-ml\/","name":"SINOZ hammam du\u0161o gelis HAMMAM RITUAL, 400 ml - MalinaShop.lt J\u016bs\u0173 sveikatai ir gro\u017eiui.","isPartOf":{"@id":"https:\/\/www.malinashop.lt\/en\/#website"},"primaryImageOfPage":{"@id":"https:\/\/www.malinashop.lt\/lt_lt\/shop\/sinoz-hammam-duso-gelis-hammam-ritual-400-ml\/#primaryimage"},"image":{"@id":"https:\/\/www.malinashop.lt\/lt_lt\/shop\/sinoz-hammam-duso-gelis-hammam-ritual-400-ml\/#primaryimage"},"thumbnailUrl":"https:\/\/www.malinashop.lt\/wp-content\/uploads\/2025\/10\/SINOZ-hammam-duso-gelis-HAMMAM-RITUAL-400-ml.webp","datePublished":"2025-09-20T09:40:03+00:00","dateModified":"2026-03-18T09:28:17+00:00","description":"SINOZ hammam du\u0161o gelis \u0161velniai valo, dr\u0117kina od\u0105 ir palieka ilgai i\u0161liekant\u012f rytieti\u0161k\u0105 aromat\u0105.SINOZ hammam du\u0161o gelis \u0161velniai valo ir dr\u0117kina od\u0105, palikdamas ilgai i\u0161liekant\u012f rytieti\u0161k\u0105 kvap\u0105 kasdieniam naudojimui.","breadcrumb":{"@id":"https:\/\/www.malinashop.lt\/lt_lt\/shop\/sinoz-hammam-duso-gelis-hammam-ritual-400-ml\/#breadcrumb"},"inLanguage":"lt-LT","potentialAction":[{"@type":"ReadAction","target":["https:\/\/www.malinashop.lt\/lt_lt\/shop\/sinoz-hammam-duso-gelis-hammam-ritual-400-ml\/"]}]},{"@type":"ImageObject","inLanguage":"lt-LT","@id":"https:\/\/www.malinashop.lt\/lt_lt\/shop\/sinoz-hammam-duso-gelis-hammam-ritual-400-ml\/#primaryimage","url":"https:\/\/www.malinashop.lt\/wp-content\/uploads\/2025\/10\/SINOZ-hammam-duso-gelis-HAMMAM-RITUAL-400-ml.webp","contentUrl":"https:\/\/www.malinashop.lt\/wp-content\/uploads\/2025\/10\/SINOZ-hammam-duso-gelis-HAMMAM-RITUAL-400-ml.webp","width":768,"height":768},{"@type":"BreadcrumbList","@id":"https:\/\/www.malinashop.lt\/lt_lt\/shop\/sinoz-hammam-duso-gelis-hammam-ritual-400-ml\/#breadcrumb","itemListElement":[{"@type":"ListItem","position":1,"name":"Home","item":"https:\/\/www.malinashop.lt\/en\/"},{"@type":"ListItem","position":2,"name":"Parduotuv\u0117","item":"https:\/\/www.malinashop.lt\/en\/parduotuve\/"},{"@type":"ListItem","position":3,"name":"SINOZ hammam du\u0161o gelis HAMMAM RITUAL, 400 ml"}]},{"@type":"WebSite","@id":"https:\/\/www.malinashop.lt\/en\/#website","url":"https:\/\/www.malinashop.lt\/en\/","name":"COM Group Ecommerce","description":"MalinaShop.lt - Gro\u017eio ir sveikatos produktai i\u0161 patikim\u0173 preki\u0173 \u017eenkl\u0173. Atraskite auk\u0161tos kokyb\u0117s kosmetik\u0105 u\u017e puiki\u0105 kain\u0105.","publisher":{"@id":"https:\/\/www.malinashop.lt\/en\/#organization"},"potentialAction":[{"@type":"SearchAction","target":{"@type":"EntryPoint","urlTemplate":"https:\/\/www.malinashop.lt\/en\/?s={search_term_string}"},"query-input":{"@type":"PropertyValueSpecification","valueRequired":true,"valueName":"search_term_string"}}],"inLanguage":"lt-LT"},{"@type":"Organization","@id":"https:\/\/www.malinashop.lt\/en\/#organization","name":"COM Group Ecommerce","url":"https:\/\/www.malinashop.lt\/en\/","logo":{"@type":"ImageObject","inLanguage":"lt-LT","@id":"https:\/\/www.malinashop.lt\/en\/#\/schema\/logo\/image\/","url":"https:\/\/www.malinashop.lt\/wp-content\/uploads\/2024\/08\/462559670_3787732518133670_9795632669273463_n-e1731525914575.png","contentUrl":"https:\/\/www.malinashop.lt\/wp-content\/uploads\/2024\/08\/462559670_3787732518133670_9795632669273463_n-e1731525914575.png","width":180,"height":60,"caption":"COM Group Ecommerce"},"image":{"@id":"https:\/\/www.malinashop.lt\/en\/#\/schema\/logo\/image\/"}}]}},"jetpack_sharing_enabled":true,"_links":{"self":[{"href":"https:\/\/www.malinashop.lt\/lt_lt\/wp-json\/wp\/v2\/product\/58881","targetHints":{"allow":["GET"]}}],"collection":[{"href":"https:\/\/www.malinashop.lt\/lt_lt\/wp-json\/wp\/v2\/product"}],"about":[{"href":"https:\/\/www.malinashop.lt\/lt_lt\/wp-json\/wp\/v2\/types\/product"}],"version-history":[{"count":1,"href":"https:\/\/www.malinashop.lt\/lt_lt\/wp-json\/wp\/v2\/product\/58881\/revisions"}],"predecessor-version":[{"id":58883,"href":"https:\/\/www.malinashop.lt\/lt_lt\/wp-json\/wp\/v2\/product\/58881\/revisions\/58883"}],"wp:featuredmedia":[{"embeddable":true,"href":"https:\/\/www.malinashop.lt\/lt_lt\/wp-json\/wp\/v2\/media\/58882"}],"wp:attachment":[{"href":"https:\/\/www.malinashop.lt\/lt_lt\/wp-json\/wp\/v2\/media?parent=58881"}],"wp:term":[{"taxonomy":"product_brand","embeddable":true,"href":"https:\/\/www.malinashop.lt\/lt_lt\/wp-json\/wp\/v2\/product_brand?post=58881"},{"taxonomy":"product_cat","embeddable":true,"href":"https:\/\/www.malinashop.lt\/lt_lt\/wp-json\/wp\/v2\/product_cat?post=58881"},{"taxonomy":"product_tag","embeddable":true,"href":"https:\/\/www.malinashop.lt\/lt_lt\/wp-json\/wp\/v2\/product_tag?post=58881"}],"curies":[{"name":"wp","href":"https:\/\/api.w.org\/{rel}","templated":true}]}}