{"id":58879,"date":"2025-09-20T12:36:50","date_gmt":"2025-09-20T09:36:50","guid":{"rendered":"https:\/\/malinashop.lt\/?post_type=product&#038;p=58879"},"modified":"2026-03-18T12:28:18","modified_gmt":"2026-03-18T09:28:18","slug":"sinoz-gaivaus-kvapo-duso-gelis-endless-ocean-400-ml","status":"publish","type":"product","link":"https:\/\/www.malinashop.lt\/lt_lt\/shop\/sinoz-gaivaus-kvapo-duso-gelis-endless-ocean-400-ml\/","title":{"rendered":"SINOZ gaivaus kvapo du\u0161o gelis ENDLESS OCEAN, 400 ml"},"content":{"rendered":"<p data-start=\"434\" data-end=\"678\"><strong data-start=\"434\" data-end=\"482\">SINOZ gaivaus kvapo du\u0161o gelis ENDLESS OCEAN<\/strong> \u2013 tai \u0161velnaus poveikio kasdienis prausiklis, kuris efektyviai valo od\u0105 ir suteikia gaivumo poj\u016bt\u012f. \u0160is <strong data-start=\"587\" data-end=\"615\">gaivaus kvapo du\u0161o gelis<\/strong> dr\u0117kina od\u0105, i\u0161laiko jos mink\u0161tum\u0105 ir apsaugo nuo i\u0161saus\u0117jimo.<\/p>\n<p data-start=\"680\" data-end=\"867\">Lengva formul\u0117 sukurta taip, kad oda b\u016bt\u0173 \u0161vari, sudr\u0117kinta ir maloniai kvep\u0117t\u0173 ilg\u0105 laik\u0105. <strong data-start=\"772\" data-end=\"798\">ENDLESS OCEAN aromatas<\/strong> primena gaivi\u0105 j\u016br\u0105, suteikia energijos ir atgaivina k\u016bn\u0105 bei prot\u0105.<\/p>\n<p data-start=\"869\" data-end=\"897\"><strong data-start=\"869\" data-end=\"897\">Pagrindiniai privalumai:<\/strong><\/p>\n<ul data-start=\"898\" data-end=\"1072\">\n<li data-start=\"898\" data-end=\"936\">\n<p data-start=\"900\" data-end=\"936\">\u0160velniai, bet veiksmingai valo od\u0105<\/p>\n<\/li>\n<li data-start=\"937\" data-end=\"961\">\n<p data-start=\"939\" data-end=\"961\">Dr\u0117kina ir mink\u0161tina<\/p>\n<\/li>\n<li data-start=\"962\" data-end=\"997\">\n<p data-start=\"964\" data-end=\"997\">Ilgai i\u0161liekantis gaivus kvapas<\/p>\n<\/li>\n<li data-start=\"998\" data-end=\"1016\">\n<p data-start=\"1000\" data-end=\"1016\">Nesausina odos<\/p>\n<\/li>\n<li data-start=\"1017\" data-end=\"1048\">\n<p data-start=\"1019\" data-end=\"1048\">Tinka kasdieniam naudojimui<\/p>\n<\/li>\n<li data-start=\"1049\" data-end=\"1072\">\n<p data-start=\"1051\" data-end=\"1072\">Idealu vis\u0173 tip\u0173 odai<\/p>\n<\/li>\n<\/ul>\n<p data-start=\"1074\" data-end=\"1236\"><strong data-start=\"1074\" data-end=\"1089\">Naudojimas:<\/strong><br data-start=\"1089\" data-end=\"1092\" \/>U\u017epilkite norim\u0105 du\u0161o gelio kiek\u012f ant dr\u0117gnos odos, masa\u017euokite sukamaisiais judesiais, kol suputos, tuomet nuskalaukite dideliu kiekiu vandens.<\/p>\n<p data-start=\"1238\" data-end=\"1310\"><strong data-start=\"1238\" data-end=\"1261\">SINOZ ENDLESS OCEAN<\/strong> \u2013 gaiva ir \u0161velni prie\u017ei\u016bra kiekvieno du\u0161o metu.<\/p>\n","protected":false},"excerpt":{"rendered":"<p data-start=\"285\" data-end=\"385\">SINOZ du\u0161o gelis ENDLESS OCEAN \u0161velniai valo, dr\u0117kina od\u0105 ir palieka ilgai i\u0161liekant\u012f gaiv\u0173 aromat\u0105.<\/p>\n","protected":false},"featured_media":58874,"template":"","meta":[],"product_brand":[1354],"product_cat":[538,731],"product_tag":[1619],"class_list":{"0":"post-58879","1":"product","2":"type-product","3":"status-publish","4":"has-post-thumbnail","6":"product_brand-sinoz","7":"product_cat-kuno-prausikliai-duso-geliai","8":"product_cat-kunui","9":"product_tag-sinoz","11":"first","12":"outofstock","13":"sale","14":"taxable","15":"shipping-taxable","16":"purchasable","17":"product-type-simple"},"yoast_head":"<!-- This site is optimized with the Yoast SEO plugin v27.4 - https:\/\/yoast.com\/product\/yoast-seo-wordpress\/ -->\n<title>SINOZ gaivaus kvapo du\u0161o gelis ENDLESS OCEAN, 400 ml - MalinaShop.lt J\u016bs\u0173 sveikatai ir gro\u017eiui.<\/title>\n<meta name=\"description\" content=\"SINOZ du\u0161o gelis ENDLESS OCEAN \u0161velniai valo, dr\u0117kina od\u0105 ir palieka ilgai i\u0161liekant\u012f gaiv\u0173 aromat\u0105. SINOZ gaivaus kvapo du\u0161o gelis ENDLESS OCEAN \u0161velniai valo, dr\u0117kina od\u0105 ir palieka ilgai i\u0161liekant\u012f gaiv\u0173 aromat\u0105 kasdieniam naudojimui.\" \/>\n<meta name=\"robots\" content=\"index, follow, max-snippet:-1, max-image-preview:large, max-video-preview:-1\" \/>\n<link rel=\"canonical\" href=\"https:\/\/www.malinashop.lt\/lt_lt\/shop\/sinoz-gaivaus-kvapo-duso-gelis-endless-ocean-400-ml\/\" \/>\n<meta property=\"og:locale\" content=\"lt_LT\" \/>\n<meta property=\"og:type\" content=\"article\" \/>\n<meta property=\"og:title\" content=\"SINOZ gaivaus kvapo du\u0161o gelis ENDLESS OCEAN, 400 ml - MalinaShop.lt J\u016bs\u0173 sveikatai ir gro\u017eiui.\" \/>\n<meta property=\"og:description\" content=\"SINOZ du\u0161o gelis ENDLESS OCEAN \u0161velniai valo, dr\u0117kina od\u0105 ir palieka ilgai i\u0161liekant\u012f gaiv\u0173 aromat\u0105. SINOZ gaivaus kvapo du\u0161o gelis ENDLESS OCEAN \u0161velniai valo, dr\u0117kina od\u0105 ir palieka ilgai i\u0161liekant\u012f gaiv\u0173 aromat\u0105 kasdieniam naudojimui.\" \/>\n<meta property=\"og:url\" content=\"https:\/\/www.malinashop.lt\/lt_lt\/shop\/sinoz-gaivaus-kvapo-duso-gelis-endless-ocean-400-ml\/\" \/>\n<meta property=\"og:site_name\" content=\"MalinaShop.lt J\u016bs\u0173 sveikatai ir gro\u017eiui.\" \/>\n<meta property=\"article:modified_time\" content=\"2026-03-18T09:28:18+00:00\" \/>\n<meta property=\"og:image\" content=\"https:\/\/www.malinashop.lt\/wp-content\/uploads\/2025\/10\/SINOZ-gaivaus-kvapo-duso-gelis-ENDLESS-OCEAN-400-ml.webp\" \/>\n\t<meta property=\"og:image:width\" content=\"768\" \/>\n\t<meta property=\"og:image:height\" content=\"768\" \/>\n\t<meta property=\"og:image:type\" content=\"image\/webp\" \/>\n<meta name=\"twitter:card\" content=\"summary_large_image\" \/>\n<script type=\"application\/ld+json\" class=\"yoast-schema-graph\">{\"@context\":\"https:\\\/\\\/schema.org\",\"@graph\":[{\"@type\":\"WebPage\",\"@id\":\"https:\\\/\\\/www.malinashop.lt\\\/lt_lt\\\/shop\\\/sinoz-gaivaus-kvapo-duso-gelis-endless-ocean-400-ml\\\/\",\"url\":\"https:\\\/\\\/www.malinashop.lt\\\/lt_lt\\\/shop\\\/sinoz-gaivaus-kvapo-duso-gelis-endless-ocean-400-ml\\\/\",\"name\":\"SINOZ gaivaus kvapo du\u0161o gelis ENDLESS OCEAN, 400 ml - MalinaShop.lt J\u016bs\u0173 sveikatai ir gro\u017eiui.\",\"isPartOf\":{\"@id\":\"https:\\\/\\\/www.malinashop.lt\\\/#website\"},\"primaryImageOfPage\":{\"@id\":\"https:\\\/\\\/www.malinashop.lt\\\/lt_lt\\\/shop\\\/sinoz-gaivaus-kvapo-duso-gelis-endless-ocean-400-ml\\\/#primaryimage\"},\"image\":{\"@id\":\"https:\\\/\\\/www.malinashop.lt\\\/lt_lt\\\/shop\\\/sinoz-gaivaus-kvapo-duso-gelis-endless-ocean-400-ml\\\/#primaryimage\"},\"thumbnailUrl\":\"https:\\\/\\\/www.malinashop.lt\\\/wp-content\\\/uploads\\\/2025\\\/10\\\/SINOZ-gaivaus-kvapo-duso-gelis-ENDLESS-OCEAN-400-ml.webp\",\"datePublished\":\"2025-09-20T09:36:50+00:00\",\"dateModified\":\"2026-03-18T09:28:18+00:00\",\"description\":\"SINOZ du\u0161o gelis ENDLESS OCEAN \u0161velniai valo, dr\u0117kina od\u0105 ir palieka ilgai i\u0161liekant\u012f gaiv\u0173 aromat\u0105. SINOZ gaivaus kvapo du\u0161o gelis ENDLESS OCEAN \u0161velniai valo, dr\u0117kina od\u0105 ir palieka ilgai i\u0161liekant\u012f gaiv\u0173 aromat\u0105 kasdieniam naudojimui.\",\"breadcrumb\":{\"@id\":\"https:\\\/\\\/www.malinashop.lt\\\/lt_lt\\\/shop\\\/sinoz-gaivaus-kvapo-duso-gelis-endless-ocean-400-ml\\\/#breadcrumb\"},\"inLanguage\":\"lt-LT\",\"potentialAction\":[{\"@type\":\"ReadAction\",\"target\":[\"https:\\\/\\\/www.malinashop.lt\\\/lt_lt\\\/shop\\\/sinoz-gaivaus-kvapo-duso-gelis-endless-ocean-400-ml\\\/\"]}]},{\"@type\":\"ImageObject\",\"inLanguage\":\"lt-LT\",\"@id\":\"https:\\\/\\\/www.malinashop.lt\\\/lt_lt\\\/shop\\\/sinoz-gaivaus-kvapo-duso-gelis-endless-ocean-400-ml\\\/#primaryimage\",\"url\":\"https:\\\/\\\/www.malinashop.lt\\\/wp-content\\\/uploads\\\/2025\\\/10\\\/SINOZ-gaivaus-kvapo-duso-gelis-ENDLESS-OCEAN-400-ml.webp\",\"contentUrl\":\"https:\\\/\\\/www.malinashop.lt\\\/wp-content\\\/uploads\\\/2025\\\/10\\\/SINOZ-gaivaus-kvapo-duso-gelis-ENDLESS-OCEAN-400-ml.webp\",\"width\":768,\"height\":768},{\"@type\":\"BreadcrumbList\",\"@id\":\"https:\\\/\\\/www.malinashop.lt\\\/lt_lt\\\/shop\\\/sinoz-gaivaus-kvapo-duso-gelis-endless-ocean-400-ml\\\/#breadcrumb\",\"itemListElement\":[{\"@type\":\"ListItem\",\"position\":1,\"name\":\"Pagrindinis\",\"item\":\"https:\\\/\\\/www.malinashop.lt\\\/\"},{\"@type\":\"ListItem\",\"position\":2,\"name\":\"Parduotuv\u0117\",\"item\":\"https:\\\/\\\/www.malinashop.lt\\\/en\\\/parduotuve\\\/\"},{\"@type\":\"ListItem\",\"position\":3,\"name\":\"SINOZ gaivaus kvapo du\u0161o gelis ENDLESS OCEAN, 400 ml\"}]},{\"@type\":\"WebSite\",\"@id\":\"https:\\\/\\\/www.malinashop.lt\\\/#website\",\"url\":\"https:\\\/\\\/www.malinashop.lt\\\/\",\"name\":\"COM Group Ecommerce\",\"description\":\"MalinaShop.lt - Gro\u017eio ir sveikatos produktai i\u0161 patikim\u0173 preki\u0173 \u017eenkl\u0173. Atraskite auk\u0161tos kokyb\u0117s kosmetik\u0105 u\u017e puiki\u0105 kain\u0105.\",\"publisher\":{\"@id\":\"https:\\\/\\\/www.malinashop.lt\\\/#organization\"},\"potentialAction\":[{\"@type\":\"SearchAction\",\"target\":{\"@type\":\"EntryPoint\",\"urlTemplate\":\"https:\\\/\\\/www.malinashop.lt\\\/?s={search_term_string}\"},\"query-input\":{\"@type\":\"PropertyValueSpecification\",\"valueRequired\":true,\"valueName\":\"search_term_string\"}}],\"inLanguage\":\"lt-LT\"},{\"@type\":\"Organization\",\"@id\":\"https:\\\/\\\/www.malinashop.lt\\\/#organization\",\"name\":\"COM Group Ecommerce\",\"url\":\"https:\\\/\\\/www.malinashop.lt\\\/\",\"logo\":{\"@type\":\"ImageObject\",\"inLanguage\":\"lt-LT\",\"@id\":\"https:\\\/\\\/www.malinashop.lt\\\/#\\\/schema\\\/logo\\\/image\\\/\",\"url\":\"https:\\\/\\\/www.malinashop.lt\\\/wp-content\\\/uploads\\\/2024\\\/08\\\/462559670_3787732518133670_9795632669273463_n-e1731525914575.png\",\"contentUrl\":\"https:\\\/\\\/www.malinashop.lt\\\/wp-content\\\/uploads\\\/2024\\\/08\\\/462559670_3787732518133670_9795632669273463_n-e1731525914575.png\",\"width\":180,\"height\":60,\"caption\":\"COM Group Ecommerce\"},\"image\":{\"@id\":\"https:\\\/\\\/www.malinashop.lt\\\/#\\\/schema\\\/logo\\\/image\\\/\"}}]}<\/script>\n<!-- \/ Yoast SEO plugin. -->","yoast_head_json":{"title":"SINOZ gaivaus kvapo du\u0161o gelis ENDLESS OCEAN, 400 ml - MalinaShop.lt J\u016bs\u0173 sveikatai ir gro\u017eiui.","description":"SINOZ du\u0161o gelis ENDLESS OCEAN \u0161velniai valo, dr\u0117kina od\u0105 ir palieka ilgai i\u0161liekant\u012f gaiv\u0173 aromat\u0105. SINOZ gaivaus kvapo du\u0161o gelis ENDLESS OCEAN \u0161velniai valo, dr\u0117kina od\u0105 ir palieka ilgai i\u0161liekant\u012f gaiv\u0173 aromat\u0105 kasdieniam naudojimui.","robots":{"index":"index","follow":"follow","max-snippet":"max-snippet:-1","max-image-preview":"max-image-preview:large","max-video-preview":"max-video-preview:-1"},"canonical":"https:\/\/www.malinashop.lt\/lt_lt\/shop\/sinoz-gaivaus-kvapo-duso-gelis-endless-ocean-400-ml\/","og_locale":"lt_LT","og_type":"article","og_title":"SINOZ gaivaus kvapo du\u0161o gelis ENDLESS OCEAN, 400 ml - MalinaShop.lt J\u016bs\u0173 sveikatai ir gro\u017eiui.","og_description":"SINOZ du\u0161o gelis ENDLESS OCEAN \u0161velniai valo, dr\u0117kina od\u0105 ir palieka ilgai i\u0161liekant\u012f gaiv\u0173 aromat\u0105. SINOZ gaivaus kvapo du\u0161o gelis ENDLESS OCEAN \u0161velniai valo, dr\u0117kina od\u0105 ir palieka ilgai i\u0161liekant\u012f gaiv\u0173 aromat\u0105 kasdieniam naudojimui.","og_url":"https:\/\/www.malinashop.lt\/lt_lt\/shop\/sinoz-gaivaus-kvapo-duso-gelis-endless-ocean-400-ml\/","og_site_name":"MalinaShop.lt J\u016bs\u0173 sveikatai ir gro\u017eiui.","article_modified_time":"2026-03-18T09:28:18+00:00","og_image":[{"width":768,"height":768,"url":"https:\/\/www.malinashop.lt\/wp-content\/uploads\/2025\/10\/SINOZ-gaivaus-kvapo-duso-gelis-ENDLESS-OCEAN-400-ml.webp","type":"image\/webp"}],"twitter_card":"summary_large_image","schema":{"@context":"https:\/\/schema.org","@graph":[{"@type":"WebPage","@id":"https:\/\/www.malinashop.lt\/lt_lt\/shop\/sinoz-gaivaus-kvapo-duso-gelis-endless-ocean-400-ml\/","url":"https:\/\/www.malinashop.lt\/lt_lt\/shop\/sinoz-gaivaus-kvapo-duso-gelis-endless-ocean-400-ml\/","name":"SINOZ gaivaus kvapo du\u0161o gelis ENDLESS OCEAN, 400 ml - MalinaShop.lt J\u016bs\u0173 sveikatai ir gro\u017eiui.","isPartOf":{"@id":"https:\/\/www.malinashop.lt\/#website"},"primaryImageOfPage":{"@id":"https:\/\/www.malinashop.lt\/lt_lt\/shop\/sinoz-gaivaus-kvapo-duso-gelis-endless-ocean-400-ml\/#primaryimage"},"image":{"@id":"https:\/\/www.malinashop.lt\/lt_lt\/shop\/sinoz-gaivaus-kvapo-duso-gelis-endless-ocean-400-ml\/#primaryimage"},"thumbnailUrl":"https:\/\/www.malinashop.lt\/wp-content\/uploads\/2025\/10\/SINOZ-gaivaus-kvapo-duso-gelis-ENDLESS-OCEAN-400-ml.webp","datePublished":"2025-09-20T09:36:50+00:00","dateModified":"2026-03-18T09:28:18+00:00","description":"SINOZ du\u0161o gelis ENDLESS OCEAN \u0161velniai valo, dr\u0117kina od\u0105 ir palieka ilgai i\u0161liekant\u012f gaiv\u0173 aromat\u0105. SINOZ gaivaus kvapo du\u0161o gelis ENDLESS OCEAN \u0161velniai valo, dr\u0117kina od\u0105 ir palieka ilgai i\u0161liekant\u012f gaiv\u0173 aromat\u0105 kasdieniam naudojimui.","breadcrumb":{"@id":"https:\/\/www.malinashop.lt\/lt_lt\/shop\/sinoz-gaivaus-kvapo-duso-gelis-endless-ocean-400-ml\/#breadcrumb"},"inLanguage":"lt-LT","potentialAction":[{"@type":"ReadAction","target":["https:\/\/www.malinashop.lt\/lt_lt\/shop\/sinoz-gaivaus-kvapo-duso-gelis-endless-ocean-400-ml\/"]}]},{"@type":"ImageObject","inLanguage":"lt-LT","@id":"https:\/\/www.malinashop.lt\/lt_lt\/shop\/sinoz-gaivaus-kvapo-duso-gelis-endless-ocean-400-ml\/#primaryimage","url":"https:\/\/www.malinashop.lt\/wp-content\/uploads\/2025\/10\/SINOZ-gaivaus-kvapo-duso-gelis-ENDLESS-OCEAN-400-ml.webp","contentUrl":"https:\/\/www.malinashop.lt\/wp-content\/uploads\/2025\/10\/SINOZ-gaivaus-kvapo-duso-gelis-ENDLESS-OCEAN-400-ml.webp","width":768,"height":768},{"@type":"BreadcrumbList","@id":"https:\/\/www.malinashop.lt\/lt_lt\/shop\/sinoz-gaivaus-kvapo-duso-gelis-endless-ocean-400-ml\/#breadcrumb","itemListElement":[{"@type":"ListItem","position":1,"name":"Pagrindinis","item":"https:\/\/www.malinashop.lt\/"},{"@type":"ListItem","position":2,"name":"Parduotuv\u0117","item":"https:\/\/www.malinashop.lt\/en\/parduotuve\/"},{"@type":"ListItem","position":3,"name":"SINOZ gaivaus kvapo du\u0161o gelis ENDLESS OCEAN, 400 ml"}]},{"@type":"WebSite","@id":"https:\/\/www.malinashop.lt\/#website","url":"https:\/\/www.malinashop.lt\/","name":"COM Group Ecommerce","description":"MalinaShop.lt - Gro\u017eio ir sveikatos produktai i\u0161 patikim\u0173 preki\u0173 \u017eenkl\u0173. Atraskite auk\u0161tos kokyb\u0117s kosmetik\u0105 u\u017e puiki\u0105 kain\u0105.","publisher":{"@id":"https:\/\/www.malinashop.lt\/#organization"},"potentialAction":[{"@type":"SearchAction","target":{"@type":"EntryPoint","urlTemplate":"https:\/\/www.malinashop.lt\/?s={search_term_string}"},"query-input":{"@type":"PropertyValueSpecification","valueRequired":true,"valueName":"search_term_string"}}],"inLanguage":"lt-LT"},{"@type":"Organization","@id":"https:\/\/www.malinashop.lt\/#organization","name":"COM Group Ecommerce","url":"https:\/\/www.malinashop.lt\/","logo":{"@type":"ImageObject","inLanguage":"lt-LT","@id":"https:\/\/www.malinashop.lt\/#\/schema\/logo\/image\/","url":"https:\/\/www.malinashop.lt\/wp-content\/uploads\/2024\/08\/462559670_3787732518133670_9795632669273463_n-e1731525914575.png","contentUrl":"https:\/\/www.malinashop.lt\/wp-content\/uploads\/2024\/08\/462559670_3787732518133670_9795632669273463_n-e1731525914575.png","width":180,"height":60,"caption":"COM Group Ecommerce"},"image":{"@id":"https:\/\/www.malinashop.lt\/#\/schema\/logo\/image\/"}}]}},"jetpack_sharing_enabled":true,"_links":{"self":[{"href":"https:\/\/www.malinashop.lt\/lt_lt\/wp-json\/wp\/v2\/product\/58879","targetHints":{"allow":["GET"]}}],"collection":[{"href":"https:\/\/www.malinashop.lt\/lt_lt\/wp-json\/wp\/v2\/product"}],"about":[{"href":"https:\/\/www.malinashop.lt\/lt_lt\/wp-json\/wp\/v2\/types\/product"}],"version-history":[{"count":1,"href":"https:\/\/www.malinashop.lt\/lt_lt\/wp-json\/wp\/v2\/product\/58879\/revisions"}],"predecessor-version":[{"id":58880,"href":"https:\/\/www.malinashop.lt\/lt_lt\/wp-json\/wp\/v2\/product\/58879\/revisions\/58880"}],"wp:featuredmedia":[{"embeddable":true,"href":"https:\/\/www.malinashop.lt\/lt_lt\/wp-json\/wp\/v2\/media\/58874"}],"wp:attachment":[{"href":"https:\/\/www.malinashop.lt\/lt_lt\/wp-json\/wp\/v2\/media?parent=58879"}],"wp:term":[{"taxonomy":"product_brand","embeddable":true,"href":"https:\/\/www.malinashop.lt\/lt_lt\/wp-json\/wp\/v2\/product_brand?post=58879"},{"taxonomy":"product_cat","embeddable":true,"href":"https:\/\/www.malinashop.lt\/lt_lt\/wp-json\/wp\/v2\/product_cat?post=58879"},{"taxonomy":"product_tag","embeddable":true,"href":"https:\/\/www.malinashop.lt\/lt_lt\/wp-json\/wp\/v2\/product_tag?post=58879"}],"curies":[{"name":"wp","href":"https:\/\/api.w.org\/{rel}","templated":true}]}}